{"id":12962,"date":"2021-10-20T16:09:47","date_gmt":"2021-10-20T14:09:47","guid":{"rendered":"http:\/\/www.berrua.com\/camping-pas-cher-pays-basque\/"},"modified":"2023-11-03T09:52:27","modified_gmt":"2023-11-03T08:52:27","slug":"goedkope-camping-baskenland","status":"publish","type":"page","link":"https:\/\/www.berrua.com\/nl\/goedkope-camping-baskenland\/","title":{"rendered":"Nos h\u00e9bergements : Tarifs"},"content":{"rendered":"<section id=\"ls-section-block_987b6abbbac820368c4e85e1db6d7b45\" class=\"ls-section  page-one has-p-b p-b-0\" >\n        <div class=\"container \">\n        \n\n<h1 class=\"ls__heading wp-block-heading has-text-align-center ls__heading-undefined\">Tarieven<\/h1>\n\n\n    <\/div>\n<\/section>\n\n<section id=\"ls-section-block_b21d7da7ffc46309c2f4233a46e29059\" class=\"ls-section \" >\n        <div class=\"container container--wide\">\n        \n\n<div ilib-simpleblock=\"\" ilib-simpleblock-day=\"\" ilib-simpleblock-categories=\"*\" ilib-simpleblock-idsite=\"\" ilib-simpleblock-description=\"\" ilib-simpleblock-nbblocks=\"2\" ilib-simpleblock-defaultblock=\"freeSearch\"><\/div><script>\n\t\t\t\t(function(t,h,e,l,i,s,R,E,S,A){\n\t\t\t\tt[i]={},t[i][s]=t[i][s]||function(){\n\t\t\t\tif(1===arguments.length){return t[i].a[arguments[0]]||null}\n\t\t\t\telse{t[i].a=t[i].a||[]; t[i].a[arguments[0]] = arguments[1];}\n\t\t\t\t},\n\t\t\t\tR=h.createElement(e),E=h.getElementsByTagName(e)[0];\n\t\t\t\tR.async=1;R.src=l;E.parentNode.insertBefore(R,E)})(window,document,\"script\",\"https:\/\/ajax.webcamp.fr\/v3\/\",\"thelisresa\",\"ilib\"); \n\t\t\t\tthelisresa.ilib('camping', 'berrua&version=2015');\n\t\t\t\tthelisresa.ilib('language', 'nl');\n\t\t\t\t<\/script>\n\n\n    <\/div>\n<\/section>\n\n<section id=\"ls-section-block_4e3be391929e969f2a6d50839fde6593\" class=\"ls-section  page-one has-p-t p-t-0 has-background has-color-white-background-color\" >\n        <div class=\"container container--wide\">\n        \n\n<h2 class=\"ls__heading wp-block-heading has-text-align-left ls__heading-undefined has-inline-color has-color-1-color\">Stacaravans met de beste prijs-kwaliteitverhouding<\/h2>\n\n\n\n<p class=\"ls-paragraph ls__paragraph\">Dompel u onder in het hart van het Baskenland door uw accommodatie met korting te boeken, met de karakteristieke architectuur van de streek.<\/p>\n\n\n\n<p class=\"ls-paragraph ls__paragraph\">De stacaravans, van 16 tot 40 m\u00b2, zijn geschikt voor 2 tot 8 personen. Ze bieden al het nodige comfort tegen een aantrekkelijke prijs, die u kunt aanvullen met extra opties. Elk priv\u00e9-gedeelte heeft een terras, ideaal om in privacy te zonnebaden of te ontspannen in de rust.<\/p>\n\n\n\n<p class=\"ls-paragraph ls__paragraph\">Profiteer van de beste prijs-kwaliteitverhouding: vanaf \u20ac 43 per nacht, afhankelijk van de standaard en het seizoen op de goedkope camping Pays Basque.<\/p>\n\n\n\n<div class=\"wp-block-columns fancybox is-layout-flex wp-container-core-columns-is-layout-9d6595d7 wp-block-columns-is-layout-flex\">\n<div class=\"wp-block-column is-vertically-aligned-center is-layout-flow wp-block-column-is-layout-flow\">\n<figure class=\"wp-block-image size-full\"><a href=\"https:\/\/www.berrua.com\/wp-content\/uploads\/2021\/11\/camping-pas-cher-pays-basque.jpg\"><img decoding=\"async\" width=\"1200\" height=\"800\" src=\"https:\/\/www.berrua.com\/wp-content\/uploads\/2021\/11\/camping-pas-cher-pays-basque.jpg\" alt=\"camping pas cher pays basque\" class=\"wp-image-11140\" srcset=\"https:\/\/www.berrua.com\/wp-content\/uploads\/2021\/11\/camping-pas-cher-pays-basque.jpg 1200w, https:\/\/www.berrua.com\/wp-content\/uploads\/2021\/11\/camping-pas-cher-pays-basque-300x200.jpg 300w, https:\/\/www.berrua.com\/wp-content\/uploads\/2021\/11\/camping-pas-cher-pays-basque-1024x683.jpg 1024w, https:\/\/www.berrua.com\/wp-content\/uploads\/2021\/11\/camping-pas-cher-pays-basque-768x512.jpg 768w\" sizes=\"(max-width: 1200px) 100vw, 1200px\" \/><\/a><\/figure>\n\n\n\n<figure class=\"wp-block-image size-full\"><a href=\"https:\/\/www.berrua.com\/wp-content\/uploads\/2021\/11\/camping-pas-cher-bidart.jpg\"><img decoding=\"async\" width=\"1200\" height=\"800\" src=\"https:\/\/www.berrua.com\/wp-content\/uploads\/2021\/11\/camping-pas-cher-bidart.jpg\" alt=\"camping pas cher bidart\" class=\"wp-image-11145\" srcset=\"https:\/\/www.berrua.com\/wp-content\/uploads\/2021\/11\/camping-pas-cher-bidart.jpg 1200w, https:\/\/www.berrua.com\/wp-content\/uploads\/2021\/11\/camping-pas-cher-bidart-300x200.jpg 300w, https:\/\/www.berrua.com\/wp-content\/uploads\/2021\/11\/camping-pas-cher-bidart-1024x683.jpg 1024w, https:\/\/www.berrua.com\/wp-content\/uploads\/2021\/11\/camping-pas-cher-bidart-768x512.jpg 768w\" sizes=\"(max-width: 1200px) 100vw, 1200px\" \/><\/a><\/figure>\n<\/div>\n\n\n\n<div class=\"wp-block-column is-vertically-aligned-center is-layout-flow wp-block-column-is-layout-flow\">\n<figure class=\"wp-block-image size-full\"><a href=\"https:\/\/www.berrua.com\/wp-content\/uploads\/2021\/11\/camping-meilleur-prix-pays-basque.jpg\"><img decoding=\"async\" width=\"800\" height=\"1200\" src=\"https:\/\/www.berrua.com\/wp-content\/uploads\/2021\/11\/camping-meilleur-prix-pays-basque.jpg\" alt=\"camping meilleur prix pays basque\" class=\"wp-image-11128\" srcset=\"https:\/\/www.berrua.com\/wp-content\/uploads\/2021\/11\/camping-meilleur-prix-pays-basque.jpg 800w, https:\/\/www.berrua.com\/wp-content\/uploads\/2021\/11\/camping-meilleur-prix-pays-basque-200x300.jpg 200w, https:\/\/www.berrua.com\/wp-content\/uploads\/2021\/11\/camping-meilleur-prix-pays-basque-683x1024.jpg 683w, https:\/\/www.berrua.com\/wp-content\/uploads\/2021\/11\/camping-meilleur-prix-pays-basque-768x1152.jpg 768w\" sizes=\"(max-width: 800px) 100vw, 800px\" \/><\/a><\/figure>\n<\/div>\n\n\n\n<div class=\"wp-block-column is-vertically-aligned-center is-layout-flow wp-block-column-is-layout-flow\">\n<figure class=\"wp-block-image size-full\"><a href=\"https:\/\/www.berrua.com\/wp-content\/uploads\/2021\/11\/camping-meilleur-prix-bidart.jpg\"><img decoding=\"async\" width=\"800\" height=\"1200\" src=\"https:\/\/www.berrua.com\/wp-content\/uploads\/2021\/11\/camping-meilleur-prix-bidart.jpg\" alt=\"camping meilleur prix bidart\" class=\"wp-image-11133\" srcset=\"https:\/\/www.berrua.com\/wp-content\/uploads\/2021\/11\/camping-meilleur-prix-bidart.jpg 800w, https:\/\/www.berrua.com\/wp-content\/uploads\/2021\/11\/camping-meilleur-prix-bidart-200x300.jpg 200w, https:\/\/www.berrua.com\/wp-content\/uploads\/2021\/11\/camping-meilleur-prix-bidart-683x1024.jpg 683w, https:\/\/www.berrua.com\/wp-content\/uploads\/2021\/11\/camping-meilleur-prix-bidart-768x1152.jpg 768w\" sizes=\"(max-width: 800px) 100vw, 800px\" \/><\/a><\/figure>\n<\/div>\n<\/div>\n\n\n    <\/div>\n<\/section>\n\n<section id=\"ls-section-block_9269bacd5a7e7f04f9557c6059d92cc7\" class=\"ls-section \" >\n        <div class=\"container container--wide\">\n        \n<div class=\"wp-block-image\">\n<figure class=\"aligncenter size-large\"><img decoding=\"async\" width=\"1024\" height=\"683\" src=\"https:\/\/www.berrua.com\/wp-content\/uploads\/2021\/11\/camping-pas-cher-cote-basque-1024x683.jpg\" alt=\"camping pas cher cote basque\" class=\"wp-image-11151\" srcset=\"https:\/\/www.berrua.com\/wp-content\/uploads\/2021\/11\/camping-pas-cher-cote-basque-1024x683.jpg 1024w, https:\/\/www.berrua.com\/wp-content\/uploads\/2021\/11\/camping-pas-cher-cote-basque-300x200.jpg 300w, https:\/\/www.berrua.com\/wp-content\/uploads\/2021\/11\/camping-pas-cher-cote-basque-768x512.jpg 768w, https:\/\/www.berrua.com\/wp-content\/uploads\/2021\/11\/camping-pas-cher-cote-basque.jpg 1200w\" sizes=\"(max-width: 1024px) 100vw, 1024px\" \/><\/figure>\n<\/div>\n\n\n<h2 class=\"ls__heading wp-block-heading has-text-align-center ls__heading-undefined has-p-t p-t-5\"><span style=\"background-color:rgba(0, 0, 0, 0)\" class=\"has-inline-color has-color-1-color\">Uw verblijf tegen de beste prijs in Baskenland<\/span><\/h2>\n\n\n\n<p class=\"ls-paragraph ls__paragraph\">Wie zei dat een 4-sterren etablissement niet een goedkope camping was in Bidart in Baskenland? Uw verblijf op een goedkope camping in het Pays Basque boeken betekent een combinatie van kwaliteitsaccommodatie en diensten tegen de beste prijs om uw verblijf zo aangenaam mogelijk te maken. Een gratis pendelbus brengt u naar het strand voor een middagje zwemmen of naar het centrum van Bidart om te winkelen of een souvenir te kopen.<\/p>\n\n\n\n<p class=\"ls-paragraph ls__paragraph\">U hoeft uw bagage niet over te laden, want er zijn twee wasserettes om uw was te doen. Vergeet niet om wat kleingeld bij je te hebben. Het servicestation voor campers bevindt zich op een aparte parkeerplaats. Geniet van onvergetelijke avonden bij de gezellige animatie, toegankelijk voor alle leeftijden van 0 tot 77 jaar en ouder. Klaar om te profiteren van aantrekkelijke tarieven in Bidart op een camping die ideaal is om er even tussenuit te gaan? Boek nu. Spa, jacuzzi, zwembad en glijbaan wachten op u!<\/p>\n\n\n    <\/div>\n<\/section>\n\n<section id=\"ls-section-block_895961d7373427c96da6dde3b5a98bf2\" class=\"ls-section  page-cta\" >\n        <div class=\"container container--wide\">\n        \n\n<div id=\"ls-heading ls-titre-div-block_866257aa87681b009c0a3f7829ffda89\" class=\"ls-titre-div titre-cta ls__heading-undefined title-deco has-inline-color has-color-1-color aligncenter h2-like\" >\n    CAMPING ACCOMMODATIE &#038; EVENEMENTEN<\/div>\n\n\n\n<div class=\"wp-block-columns Le bar la Txalupa, situ\u00e9 au bord de piscine, dot\u00e9 d\u2019une tr\u00e8s belle terrasse, vous proposera, salades , sandwich, panini, cr\u00eapes et gaufres, tout long journ\u00e9e. Pourquoi ne pas siroter un petit ap\u00e9ritif avec quelques tapas??? Durant journ\u00e9e en haute saison, Txalupa accueille chaleureusement sur sa terrasse qui surplombe lieu rencontre d\u00e9tente. surplombant piscine. is-layout-flex wp-container-core-columns-is-layout-9d6595d7 wp-block-columns-is-layout-flex\">\n<div class=\"wp-block-column ls-cta is-layout-flow wp-block-column-is-layout-flow\">\n<div id=\"ls-cta-block_5bb03ec2dd669c0a2d6eb9d8b7a789c1\" class=\"ls-cta\">  \n    \n\n<a href=\"\/nl\/verhuur-stacaravan-in-het-baskenland\/\" target=\"\" rel=\"noopener\" class=\"ls-cta__link\" data-categ=\"\">\n\t<div class=\"ls-cta__image\"><img decoding=\"async\" src=\"https:\/\/www.berrua.com\/wp-content\/uploads\/2021\/11\/location-mobil-home-pays-basque.jpg\" alt=\"location mobil home pays-basque\"><\/div>\n\t<div class=\"ls-cta__title\">\n\t\tOnze huurverblijven\t<\/div>\n\n\t<\/a><\/div><\/div>\n\n\n\n<div class=\"wp-block-column is-layout-flow wp-block-column-is-layout-flow\">\n<div id=\"ls-cta-block_9083ebe53b0faf2f0c34f0dcb806b52c\" class=\"ls-cta\">  \n    \n\n<a href=\"\/nl\/4-sterne-campingplatzes-baskenland\/animatie-sportactiviteiten-camping-baskenland\/\" target=\"\" rel=\"noopener\" class=\"ls-cta__link\" data-categ=\"\">\n\t<div class=\"ls-cta__image\"><img decoding=\"async\" src=\"https:\/\/www.berrua.com\/wp-content\/uploads\/2021\/12\/camping-animations-bidart-1.jpg\" alt=\"camping animations bidart\"><\/div>\n\t<div class=\"ls-cta__title\">\n\t\tAnimatie &#038; sportactiviteiten\t<\/div>\n\n\t<\/a><\/div><\/div>\n<\/div>\n\n\n    <\/div>\n<\/section>","protected":false},"excerpt":{"rendered":"","protected":false},"author":1,"featured_media":988881,"parent":0,"menu_order":0,"comment_status":"closed","ping_status":"closed","template":"","meta":{"_acf_changed":false,"inline_featured_image":false,"footnotes":""},"sujet":[],"class_list":["post-12962","page","type-page","status-publish","has-post-thumbnail","hentry"],"acf":[],"yoast_head":"<!-- This site is optimized with the Yoast SEO plugin v26.2 - https:\/\/yoast.com\/wordpress\/plugins\/seo\/ -->\n<title>Goedkope camping Pays-basque | Camping beste prijs Bidart (64)<\/title>\n<meta name=\"robots\" content=\"index, follow, max-snippet:-1, max-image-preview:large, max-video-preview:-1\" \/>\n<link rel=\"canonical\" href=\"https:\/\/www.berrua.com\/nl\/goedkope-camping-baskenland\/\" \/>\n<meta property=\"og:locale\" content=\"nl_NL\" \/>\n<meta property=\"og:type\" content=\"article\" \/>\n<meta property=\"og:title\" content=\"Goedkope camping Pays-basque | Camping beste prijs Bidart (64)\" \/>\n<meta property=\"og:url\" content=\"https:\/\/www.berrua.com\/nl\/goedkope-camping-baskenland\/\" \/>\n<meta property=\"og:site_name\" content=\"Domaine Berrua\" \/>\n<meta property=\"article:modified_time\" content=\"2023-11-03T08:52:27+00:00\" \/>\n<meta property=\"og:image\" content=\"https:\/\/www.berrua.com\/wp-content\/uploads\/2023\/08\/camping-meilleur-prix-pyrenees-atlantiques-1.jpg\" \/>\n\t<meta property=\"og:image:width\" content=\"1800\" \/>\n\t<meta property=\"og:image:height\" content=\"663\" \/>\n\t<meta property=\"og:image:type\" content=\"image\/jpeg\" \/>\n<meta name=\"twitter:card\" content=\"summary_large_image\" \/>\n<meta name=\"twitter:label1\" content=\"Geschatte leestijd\" \/>\n\t<meta name=\"twitter:data1\" content=\"3 minuten\" \/>\n<script type=\"application\/ld+json\" class=\"yoast-schema-graph\">{\"@context\":\"https:\/\/schema.org\",\"@graph\":[{\"@type\":\"WebPage\",\"@id\":\"https:\/\/www.berrua.com\/nl\/goedkope-camping-baskenland\/\",\"url\":\"https:\/\/www.berrua.com\/nl\/goedkope-camping-baskenland\/\",\"name\":\"Goedkope camping Pays-basque | Camping beste prijs Bidart (64)\",\"isPartOf\":{\"@id\":\"https:\/\/www.berrua.com\/nl\/#website\"},\"primaryImageOfPage\":{\"@id\":\"https:\/\/www.berrua.com\/nl\/goedkope-camping-baskenland\/#primaryimage\"},\"image\":{\"@id\":\"https:\/\/www.berrua.com\/nl\/goedkope-camping-baskenland\/#primaryimage\"},\"thumbnailUrl\":\"https:\/\/www.berrua.com\/wp-content\/uploads\/2023\/08\/camping-meilleur-prix-pyrenees-atlantiques-1.jpg\",\"datePublished\":\"2021-10-20T14:09:47+00:00\",\"dateModified\":\"2023-11-03T08:52:27+00:00\",\"breadcrumb\":{\"@id\":\"https:\/\/www.berrua.com\/nl\/goedkope-camping-baskenland\/#breadcrumb\"},\"inLanguage\":\"nl-NL\",\"potentialAction\":[{\"@type\":\"ReadAction\",\"target\":[\"https:\/\/www.berrua.com\/nl\/goedkope-camping-baskenland\/\"]}]},{\"@type\":\"ImageObject\",\"inLanguage\":\"nl-NL\",\"@id\":\"https:\/\/www.berrua.com\/nl\/goedkope-camping-baskenland\/#primaryimage\",\"url\":\"https:\/\/www.berrua.com\/wp-content\/uploads\/2023\/08\/camping-meilleur-prix-pyrenees-atlantiques-1.jpg\",\"contentUrl\":\"https:\/\/www.berrua.com\/wp-content\/uploads\/2023\/08\/camping-meilleur-prix-pyrenees-atlantiques-1.jpg\",\"width\":1800,\"height\":663,\"caption\":\"camping pas cher pays basque\"},{\"@type\":\"BreadcrumbList\",\"@id\":\"https:\/\/www.berrua.com\/nl\/goedkope-camping-baskenland\/#breadcrumb\",\"itemListElement\":[{\"@type\":\"ListItem\",\"position\":1,\"name\":\"Camping Bidart au Pays Basque\",\"item\":\"https:\/\/www.berrua.com\/nl\/\"},{\"@type\":\"ListItem\",\"position\":2,\"name\":\"Goedkoop kamperen Bidart\"}]},{\"@type\":\"WebSite\",\"@id\":\"https:\/\/www.berrua.com\/nl\/#website\",\"url\":\"https:\/\/www.berrua.com\/nl\/\",\"name\":\"Domaine Berrua\",\"description\":\"\",\"publisher\":{\"@id\":\"https:\/\/www.berrua.com\/nl\/#organization\"},\"potentialAction\":[{\"@type\":\"SearchAction\",\"target\":{\"@type\":\"EntryPoint\",\"urlTemplate\":\"https:\/\/www.berrua.com\/nl\/?s={search_term_string}\"},\"query-input\":{\"@type\":\"PropertyValueSpecification\",\"valueRequired\":true,\"valueName\":\"search_term_string\"}}],\"inLanguage\":\"nl-NL\"},{\"@type\":\"Organization\",\"@id\":\"https:\/\/www.berrua.com\/nl\/#organization\",\"name\":\"Camping Berrua\",\"url\":\"https:\/\/www.berrua.com\/nl\/\",\"logo\":{\"@type\":\"ImageObject\",\"inLanguage\":\"nl-NL\",\"@id\":\"https:\/\/www.berrua.com\/nl\/#\/schema\/logo\/image\/\",\"url\":\"https:\/\/www.berrua.com\/wp-content\/uploads\/2022\/01\/berrua.jpg\",\"contentUrl\":\"https:\/\/www.berrua.com\/wp-content\/uploads\/2022\/01\/berrua.jpg\",\"width\":321,\"height\":231,\"caption\":\"Camping Berrua\"},\"image\":{\"@id\":\"https:\/\/www.berrua.com\/nl\/#\/schema\/logo\/image\/\"}}]}<\/script>\n<!-- \/ Yoast SEO plugin. -->","yoast_head_json":{"title":"Goedkope camping Pays-basque | Camping beste prijs Bidart (64)","robots":{"index":"index","follow":"follow","max-snippet":"max-snippet:-1","max-image-preview":"max-image-preview:large","max-video-preview":"max-video-preview:-1"},"canonical":"https:\/\/www.berrua.com\/nl\/goedkope-camping-baskenland\/","og_locale":"nl_NL","og_type":"article","og_title":"Goedkope camping Pays-basque | Camping beste prijs Bidart (64)","og_url":"https:\/\/www.berrua.com\/nl\/goedkope-camping-baskenland\/","og_site_name":"Domaine Berrua","article_modified_time":"2023-11-03T08:52:27+00:00","og_image":[{"width":1800,"height":663,"url":"https:\/\/www.berrua.com\/wp-content\/uploads\/2023\/08\/camping-meilleur-prix-pyrenees-atlantiques-1.jpg","type":"image\/jpeg"}],"twitter_card":"summary_large_image","twitter_misc":{"Geschatte leestijd":"3 minuten"},"schema":{"@context":"https:\/\/schema.org","@graph":[{"@type":"WebPage","@id":"https:\/\/www.berrua.com\/nl\/goedkope-camping-baskenland\/","url":"https:\/\/www.berrua.com\/nl\/goedkope-camping-baskenland\/","name":"Goedkope camping Pays-basque | Camping beste prijs Bidart (64)","isPartOf":{"@id":"https:\/\/www.berrua.com\/nl\/#website"},"primaryImageOfPage":{"@id":"https:\/\/www.berrua.com\/nl\/goedkope-camping-baskenland\/#primaryimage"},"image":{"@id":"https:\/\/www.berrua.com\/nl\/goedkope-camping-baskenland\/#primaryimage"},"thumbnailUrl":"https:\/\/www.berrua.com\/wp-content\/uploads\/2023\/08\/camping-meilleur-prix-pyrenees-atlantiques-1.jpg","datePublished":"2021-10-20T14:09:47+00:00","dateModified":"2023-11-03T08:52:27+00:00","breadcrumb":{"@id":"https:\/\/www.berrua.com\/nl\/goedkope-camping-baskenland\/#breadcrumb"},"inLanguage":"nl-NL","potentialAction":[{"@type":"ReadAction","target":["https:\/\/www.berrua.com\/nl\/goedkope-camping-baskenland\/"]}]},{"@type":"ImageObject","inLanguage":"nl-NL","@id":"https:\/\/www.berrua.com\/nl\/goedkope-camping-baskenland\/#primaryimage","url":"https:\/\/www.berrua.com\/wp-content\/uploads\/2023\/08\/camping-meilleur-prix-pyrenees-atlantiques-1.jpg","contentUrl":"https:\/\/www.berrua.com\/wp-content\/uploads\/2023\/08\/camping-meilleur-prix-pyrenees-atlantiques-1.jpg","width":1800,"height":663,"caption":"camping pas cher pays basque"},{"@type":"BreadcrumbList","@id":"https:\/\/www.berrua.com\/nl\/goedkope-camping-baskenland\/#breadcrumb","itemListElement":[{"@type":"ListItem","position":1,"name":"Camping Bidart au Pays Basque","item":"https:\/\/www.berrua.com\/nl\/"},{"@type":"ListItem","position":2,"name":"Goedkoop kamperen Bidart"}]},{"@type":"WebSite","@id":"https:\/\/www.berrua.com\/nl\/#website","url":"https:\/\/www.berrua.com\/nl\/","name":"Domaine Berrua","description":"","publisher":{"@id":"https:\/\/www.berrua.com\/nl\/#organization"},"potentialAction":[{"@type":"SearchAction","target":{"@type":"EntryPoint","urlTemplate":"https:\/\/www.berrua.com\/nl\/?s={search_term_string}"},"query-input":{"@type":"PropertyValueSpecification","valueRequired":true,"valueName":"search_term_string"}}],"inLanguage":"nl-NL"},{"@type":"Organization","@id":"https:\/\/www.berrua.com\/nl\/#organization","name":"Camping Berrua","url":"https:\/\/www.berrua.com\/nl\/","logo":{"@type":"ImageObject","inLanguage":"nl-NL","@id":"https:\/\/www.berrua.com\/nl\/#\/schema\/logo\/image\/","url":"https:\/\/www.berrua.com\/wp-content\/uploads\/2022\/01\/berrua.jpg","contentUrl":"https:\/\/www.berrua.com\/wp-content\/uploads\/2022\/01\/berrua.jpg","width":321,"height":231,"caption":"Camping Berrua"},"image":{"@id":"https:\/\/www.berrua.com\/nl\/#\/schema\/logo\/image\/"}}]}},"_links":{"self":[{"href":"https:\/\/www.berrua.com\/nl\/wp-json\/wp\/v2\/pages\/12962","targetHints":{"allow":["GET"]}}],"collection":[{"href":"https:\/\/www.berrua.com\/nl\/wp-json\/wp\/v2\/pages"}],"about":[{"href":"https:\/\/www.berrua.com\/nl\/wp-json\/wp\/v2\/types\/page"}],"author":[{"embeddable":true,"href":"https:\/\/www.berrua.com\/nl\/wp-json\/wp\/v2\/users\/1"}],"replies":[{"embeddable":true,"href":"https:\/\/www.berrua.com\/nl\/wp-json\/wp\/v2\/comments?post=12962"}],"version-history":[{"count":13,"href":"https:\/\/www.berrua.com\/nl\/wp-json\/wp\/v2\/pages\/12962\/revisions"}],"predecessor-version":[{"id":989340,"href":"https:\/\/www.berrua.com\/nl\/wp-json\/wp\/v2\/pages\/12962\/revisions\/989340"}],"wp:featuredmedia":[{"embeddable":true,"href":"https:\/\/www.berrua.com\/nl\/wp-json\/wp\/v2\/media\/988881"}],"wp:attachment":[{"href":"https:\/\/www.berrua.com\/nl\/wp-json\/wp\/v2\/media?parent=12962"}],"wp:term":[{"taxonomy":"sujet","embeddable":true,"href":"https:\/\/www.berrua.com\/nl\/wp-json\/wp\/v2\/sujet?post=12962"}],"curies":[{"name":"wp","href":"https:\/\/api.w.org\/{rel}","templated":true}]}}