{"id":12861,"date":"2021-12-02T10:50:54","date_gmt":"2021-12-02T09:50:54","guid":{"rendered":"http:\/\/www.berrua.com\/camping-pays-basque-bord-de-mer\/"},"modified":"2023-11-03T10:18:02","modified_gmt":"2023-11-03T09:18:02","slug":"camping-baskenland-seaside","status":"publish","type":"page","link":"https:\/\/www.berrua.com\/nl\/camping-baskenland-seaside\/","title":{"rendered":"La Plage"},"content":{"rendered":"<section id=\"ls-section-block_06ad77c5256fbdad2b2b849c8a0af722\" class=\"ls-section  page-one has-p-b p-b-0\" >\n        <div class=\"container \">\n        \n\n<h1 class=\"ls__heading wp-block-heading has-text-align-center ls__heading-undefined\"><span style=\"background-color:rgba(0, 0, 0, 0)\" class=\"has-inline-color has-color-1-color\">Het Strand<\/span><\/h1>\n\n\n    <\/div>\n<\/section>\n\n<section id=\"ls-section-block_8660aed937916276effc25fd63d5fbde\" class=\"ls-section  page-one has-p-t p-t-0 has-background has-color-white-background-color\" >\n        <div class=\"container container--wide\">\n        \n\n<p class=\"ls-paragraph ls__paragraph\">Droomt u ervan om in Baskenland aan zee te kamperen? Domaine Berrua ligt op slechts 1 km van het strand, dit etablissement aan de Baskische kust geeft u snel toegang tot de oceaan.<\/p>\n\n\n\n<p class=\"ls-paragraph ls__paragraph\">In juli\/augustus verzorgt de stad Bidart pendeldiensten naar het grote Uhabia-strand, het centrale strand en het Erretegia-strand. Deze staan overdag onder toezicht en zijn ideaal gelegen tussen Biarritz en Saint-Jean-de-Luz.<\/p>\n\n\n\n<p class=\"ls-paragraph ls__paragraph\">Huisdieren zijn alleen toegestaan op de shuttles in kooien en op het strand buiten de bewaakte zwemtijden<\/p>\n\n\n\n<div class=\"wp-block-columns fancybox is-layout-flex wp-container-core-columns-is-layout-9d6595d7 wp-block-columns-is-layout-flex\">\n<div class=\"wp-block-column is-vertically-aligned-center is-layout-flow wp-block-column-is-layout-flow\">\n<figure class=\"wp-block-image size-full\"><a href=\"https:\/\/www.berrua.com\/wp-content\/uploads\/2021\/12\/camping-plage-bidart.jpg\"><img decoding=\"async\" width=\"1200\" height=\"800\" src=\"https:\/\/www.berrua.com\/wp-content\/uploads\/2021\/12\/camping-plage-bidart.jpg\" alt=\"camping plage bidart\" class=\"wp-image-11568\" srcset=\"https:\/\/www.berrua.com\/wp-content\/uploads\/2021\/12\/camping-plage-bidart.jpg 1200w, https:\/\/www.berrua.com\/wp-content\/uploads\/2021\/12\/camping-plage-bidart-300x200.jpg 300w, https:\/\/www.berrua.com\/wp-content\/uploads\/2021\/12\/camping-plage-bidart-1024x683.jpg 1024w, https:\/\/www.berrua.com\/wp-content\/uploads\/2021\/12\/camping-plage-bidart-768x512.jpg 768w\" sizes=\"(max-width: 1200px) 100vw, 1200px\" \/><\/a><\/figure>\n\n\n\n<figure class=\"wp-block-image size-full\"><a href=\"https:\/\/www.berrua.com\/wp-content\/uploads\/2021\/12\/camping-plage-biarritz.jpg\"><img decoding=\"async\" width=\"1200\" height=\"800\" src=\"https:\/\/www.berrua.com\/wp-content\/uploads\/2021\/12\/camping-plage-biarritz.jpg\" alt=\"camping plage biarritz\" class=\"wp-image-11573\" srcset=\"https:\/\/www.berrua.com\/wp-content\/uploads\/2021\/12\/camping-plage-biarritz.jpg 1200w, https:\/\/www.berrua.com\/wp-content\/uploads\/2021\/12\/camping-plage-biarritz-300x200.jpg 300w, https:\/\/www.berrua.com\/wp-content\/uploads\/2021\/12\/camping-plage-biarritz-1024x683.jpg 1024w, https:\/\/www.berrua.com\/wp-content\/uploads\/2021\/12\/camping-plage-biarritz-768x512.jpg 768w\" sizes=\"(max-width: 1200px) 100vw, 1200px\" \/><\/a><\/figure>\n<\/div>\n\n\n\n<div class=\"wp-block-column is-vertically-aligned-center is-layout-flow wp-block-column-is-layout-flow\">\n<figure class=\"wp-block-image size-full\"><a href=\"https:\/\/www.berrua.com\/wp-content\/uploads\/2021\/12\/camping-surf-bidart.jpg\"><img decoding=\"async\" width=\"800\" height=\"1200\" src=\"https:\/\/www.berrua.com\/wp-content\/uploads\/2021\/12\/camping-surf-bidart.jpg\" alt=\"camping surf bidart\" class=\"wp-image-11556\" srcset=\"https:\/\/www.berrua.com\/wp-content\/uploads\/2021\/12\/camping-surf-bidart.jpg 800w, https:\/\/www.berrua.com\/wp-content\/uploads\/2021\/12\/camping-surf-bidart-200x300.jpg 200w, https:\/\/www.berrua.com\/wp-content\/uploads\/2021\/12\/camping-surf-bidart-683x1024.jpg 683w, https:\/\/www.berrua.com\/wp-content\/uploads\/2021\/12\/camping-surf-bidart-768x1152.jpg 768w\" sizes=\"(max-width: 800px) 100vw, 800px\" \/><\/a><\/figure>\n<\/div>\n\n\n\n<div class=\"wp-block-column is-vertically-aligned-center is-layout-flow wp-block-column-is-layout-flow\">\n<figure class=\"wp-block-image size-full\"><a href=\"https:\/\/www.berrua.com\/wp-content\/uploads\/2021\/12\/camping-plage-hendaye.jpg\"><img decoding=\"async\" width=\"800\" height=\"1200\" src=\"https:\/\/www.berrua.com\/wp-content\/uploads\/2021\/12\/camping-plage-hendaye.jpg\" alt=\"camping plage hendaye\" class=\"wp-image-11561\" srcset=\"https:\/\/www.berrua.com\/wp-content\/uploads\/2021\/12\/camping-plage-hendaye.jpg 800w, https:\/\/www.berrua.com\/wp-content\/uploads\/2021\/12\/camping-plage-hendaye-200x300.jpg 200w, https:\/\/www.berrua.com\/wp-content\/uploads\/2021\/12\/camping-plage-hendaye-683x1024.jpg 683w, https:\/\/www.berrua.com\/wp-content\/uploads\/2021\/12\/camping-plage-hendaye-768x1152.jpg 768w\" sizes=\"(max-width: 800px) 100vw, 800px\" \/><\/a><\/figure>\n<\/div>\n<\/div>\n\n\n    <\/div>\n<\/section>\n\n<section id=\"ls-section-block_be1a8044b9c4cb8a70a4cc34c4b08853\" class=\"ls-section  home-fourth has-background has-color-1-background-color has-text-color has-color-white-color\" >\n        <div class=\"container container--wide\">\n        \n\n<div class=\"wp-block-columns is-layout-flex wp-container-core-columns-is-layout-9d6595d7 wp-block-columns-is-layout-flex\">\n<div class=\"wp-block-column is-layout-flow wp-block-column-is-layout-flow\" style=\"flex-basis:33.33%\">\n<p class=\"ls-paragraph ls__paragraph title-deco\"><span style=\"background-color:rgba(0, 0, 0, 0)\" class=\"has-inline-color has-color-3-color\">De<\/span><\/p>\n\n\n\n<p class=\"ls-paragraph ls__paragraph subtitle-deco\">Stranden<\/p>\n<\/div>\n\n\n\n<div class=\"wp-block-column is-layout-flow wp-block-column-is-layout-flow\" style=\"flex-basis:66.66%\">\n<h2 class=\"ls__heading wp-block-heading ls__heading ls__heading-undefined\">Camping aan de stranden van Frans Baskenland<\/h2>\n\n\n\n<p class=\"ls-paragraph ls__paragraph\">Bent u op zoek naar een camping in Baskenland aan zee? Wilt u verschillende zwemplekken in de buurt van uw tent, stacaravan of camper uitproberen? Het grote strand van Biarritz ligt op slechts 7 km afstand! De baai van Saint-Jean-de-Luz is ook bijzonder aangenaam voor gezinnen omdat de zee er niet erg ruw is. Uw kinderen kunnen in het zand spelen en zwemmen, altijd onder uw toezicht, maar zonder angst voor de golven. Maak er het beste van, het is maar 9 km van de accommodatie.<\/p>\n\n\n\n<p class=\"ls-paragraph ls__paragraph\">Iets verder weg, op slechts 11 km van uw camping in het Baskenland aan zee, kunt u &#8216;Klein Californi\u00eb&#8217; ontdekken in Anglet, waar niet minder dan 11 stranden op u wachten, allemaal aaneengeschakeld op 4,5 km fijn zand!<\/p>\n<\/div>\n<\/div>\n\n\n    <\/div>\n<\/section>\n\n<section id=\"ls-section-block_3617cf7239ff2e5f664b81e59d68039c\" class=\"ls-section  page-two\" >\n        <div class=\"container container--wide\">\n        \n<div class=\"wp-block-image\">\n<figure class=\"aligncenter size-large\"><img decoding=\"async\" width=\"1024\" height=\"683\" src=\"https:\/\/www.berrua.com\/wp-content\/uploads\/2021\/12\/camping-plage-anglet-1024x683.jpg\" alt=\"camping plage anglet\" class=\"wp-image-11579\" srcset=\"https:\/\/www.berrua.com\/wp-content\/uploads\/2021\/12\/camping-plage-anglet-1024x683.jpg 1024w, https:\/\/www.berrua.com\/wp-content\/uploads\/2021\/12\/camping-plage-anglet-300x200.jpg 300w, https:\/\/www.berrua.com\/wp-content\/uploads\/2021\/12\/camping-plage-anglet-768x512.jpg 768w, https:\/\/www.berrua.com\/wp-content\/uploads\/2021\/12\/camping-plage-anglet.jpg 1200w\" sizes=\"(max-width: 1024px) 100vw, 1024px\" \/><\/figure>\n<\/div>\n\n\n<h2 class=\"ls__heading wp-block-heading has-text-align-center ls__heading-undefined has-p-t p-t-5\"><span style=\"background-color:rgba(0, 0, 0, 0)\" class=\"has-inline-color has-color-1-color\">Leven aan zee, een levenskunst aan de Baskische kust<\/span><\/h2>\n\n\n\n<p class=\"ls-paragraph ls__paragraph\">Een verblijf op Domaine Berrua betekent optimaal profiteren van wat het zomerseizoen te bieden heeft! Breng uw dagen door op het strand, in de &#8220;farniente&#8221;-modus of beleef juist plezier in het zand en in het water door bijvoorbeeld te gaan surfen in Baskenland. Schoppen, harken, ballen, badminton\u2026 je enige limiet is je verbeelding.<\/p>\n\n\n\n<p class=\"ls-paragraph ls__paragraph\">Terug op de camping kunt u genieten van het comfort van uw huuraccommodatie of uw staanplaats om uit te rusten of u kunt zich blijven vermaken door deel te nemen aan de verschillende activiteiten die door de teams van de camping worden aangeboden.<\/p>\n\n\n\n<p class=\"ls-paragraph ls__paragraph\">Kiezen voor een camping in Baskenland aan zee betekent kiezen voor een vakantie in het teken van zon, goed humeur en de tradities van het zuidwesten. Het enige wat u hoeft te doen is reserveren voordat u alleen, met z&#8217;n twee\u00ebn, met uw gezin of zelfs met vrienden op pad gaat. Voor uw verblijf aan zee, ontdek ook de wandelingen op het Baskische kustpad.<\/p>\n\n\n    <\/div>\n<\/section>\n\n<section id=\"ls-section-block_ab9204ad0761871ca1b783bdb6be59e7\" class=\"ls-section  page-cta\" >\n        <div class=\"container container--wide\">\n        \n\n<div id=\"ls-heading ls-titre-div-block_c97600036a97bc12854447aa2a37e7a4\" class=\"ls-titre-div titre-cta ls__heading-undefined title-deco has-inline-color has-color-1-color aligncenter h2-like\" >\n    Blijf dicht bij de stranden<\/div>\n\n\n\n<div class=\"wp-block-columns Le bar la Txalupa, situ\u00e9 au bord de piscine, dot\u00e9 d\u2019une tr\u00e8s belle terrasse, vous proposera, salades , sandwich, panini, cr\u00eapes et gaufres, tout long journ\u00e9e. Pourquoi ne pas siroter un petit ap\u00e9ritif avec quelques tapas??? Durant journ\u00e9e en haute saison, Txalupa accueille chaleureusement sur sa terrasse qui surplombe lieu rencontre d\u00e9tente. surplombant piscine. is-layout-flex wp-container-core-columns-is-layout-9d6595d7 wp-block-columns-is-layout-flex\">\n<div class=\"wp-block-column ls-cta is-layout-flow wp-block-column-is-layout-flow\">\n<div id=\"ls-cta-block_101eb9e7ab09701d5fa723b032c4df9d\" class=\"ls-cta\">  \n    \n\n<a href=\"\/nl\/verhuur-stacaravan-in-het-baskenland\/\" target=\"\" rel=\"noopener\" class=\"ls-cta__link\" data-categ=\"\">\n\t<div class=\"ls-cta__image\"><img decoding=\"async\" src=\"https:\/\/www.berrua.com\/wp-content\/uploads\/2021\/12\/location-mobil-home-pyrenees-atlantiques.jpg\" alt=\"location mobil home pyrenees atlantiques\"><\/div>\n\t<div class=\"ls-cta__title\">\n\t\tOnze huurverblijven\t<\/div>\n\n\t<\/a><\/div><\/div>\n\n\n\n<div class=\"wp-block-column is-layout-flow wp-block-column-is-layout-flow\">\n<div id=\"ls-cta-block_d3ecc265047c9e06b100c124b2d16c3e\" class=\"ls-cta\">  \n    \n\n<a href=\"\/nl\/goedkope-camping-baskenland\/\" target=\"\" rel=\"noopener\" class=\"ls-cta__link\" data-categ=\"\">\n\t<div class=\"ls-cta__image\"><img decoding=\"async\" src=\"https:\/\/www.berrua.com\/wp-content\/uploads\/2021\/11\/camping-pas-cher-cote-basque.jpg\" alt=\"camping pas cher cote basque\"><\/div>\n\t<div class=\"ls-cta__title\">\n\t\tOnze tarieven\t<\/div>\n\n\t<\/a><\/div><\/div>\n<\/div>\n\n\n    <\/div>\n<\/section>","protected":false},"excerpt":{"rendered":"","protected":false},"author":1,"featured_media":514010,"parent":0,"menu_order":0,"comment_status":"closed","ping_status":"closed","template":"","meta":{"_acf_changed":false,"inline_featured_image":false,"footnotes":""},"sujet":[],"class_list":["post-12861","page","type-page","status-publish","has-post-thumbnail","hentry"],"acf":[],"yoast_head":"<!-- This site is optimized with the Yoast SEO plugin v26.2 - https:\/\/yoast.com\/wordpress\/plugins\/seo\/ -->\n<title>Camping c\u00f4te basque | Zee | Oceaan | Atlantische kust | Stranden<\/title>\n<meta name=\"robots\" content=\"index, follow, max-snippet:-1, max-image-preview:large, max-video-preview:-1\" \/>\n<link rel=\"canonical\" href=\"https:\/\/www.berrua.com\/nl\/camping-baskenland-seaside\/\" \/>\n<meta property=\"og:locale\" content=\"nl_NL\" \/>\n<meta property=\"og:type\" content=\"article\" \/>\n<meta property=\"og:title\" content=\"Camping c\u00f4te basque | Zee | Oceaan | Atlantische kust | Stranden\" \/>\n<meta property=\"og:url\" content=\"https:\/\/www.berrua.com\/nl\/camping-baskenland-seaside\/\" \/>\n<meta property=\"og:site_name\" content=\"Domaine Berrua\" \/>\n<meta property=\"article:modified_time\" content=\"2023-11-03T09:18:02+00:00\" \/>\n<meta property=\"og:image\" content=\"https:\/\/www.berrua.com\/wp-content\/uploads\/2022\/03\/bannerplage.jpg\" \/>\n\t<meta property=\"og:image:width\" content=\"1903\" \/>\n\t<meta property=\"og:image:height\" content=\"450\" \/>\n\t<meta property=\"og:image:type\" content=\"image\/jpeg\" \/>\n<meta name=\"twitter:card\" content=\"summary_large_image\" \/>\n<meta name=\"twitter:label1\" content=\"Geschatte leestijd\" \/>\n\t<meta name=\"twitter:data1\" content=\"3 minuten\" \/>\n<script type=\"application\/ld+json\" class=\"yoast-schema-graph\">{\"@context\":\"https:\/\/schema.org\",\"@graph\":[{\"@type\":\"WebPage\",\"@id\":\"https:\/\/www.berrua.com\/nl\/camping-baskenland-seaside\/\",\"url\":\"https:\/\/www.berrua.com\/nl\/camping-baskenland-seaside\/\",\"name\":\"Camping c\u00f4te basque | Zee | Oceaan | Atlantische kust | Stranden\",\"isPartOf\":{\"@id\":\"https:\/\/www.berrua.com\/nl\/#website\"},\"primaryImageOfPage\":{\"@id\":\"https:\/\/www.berrua.com\/nl\/camping-baskenland-seaside\/#primaryimage\"},\"image\":{\"@id\":\"https:\/\/www.berrua.com\/nl\/camping-baskenland-seaside\/#primaryimage\"},\"thumbnailUrl\":\"https:\/\/www.berrua.com\/wp-content\/uploads\/2022\/03\/bannerplage.jpg\",\"datePublished\":\"2021-12-02T09:50:54+00:00\",\"dateModified\":\"2023-11-03T09:18:02+00:00\",\"breadcrumb\":{\"@id\":\"https:\/\/www.berrua.com\/nl\/camping-baskenland-seaside\/#breadcrumb\"},\"inLanguage\":\"nl-NL\",\"potentialAction\":[{\"@type\":\"ReadAction\",\"target\":[\"https:\/\/www.berrua.com\/nl\/camping-baskenland-seaside\/\"]}]},{\"@type\":\"ImageObject\",\"inLanguage\":\"nl-NL\",\"@id\":\"https:\/\/www.berrua.com\/nl\/camping-baskenland-seaside\/#primaryimage\",\"url\":\"https:\/\/www.berrua.com\/wp-content\/uploads\/2022\/03\/bannerplage.jpg\",\"contentUrl\":\"https:\/\/www.berrua.com\/wp-content\/uploads\/2022\/03\/bannerplage.jpg\",\"width\":1903,\"height\":450,\"caption\":\"bannerplage\"},{\"@type\":\"BreadcrumbList\",\"@id\":\"https:\/\/www.berrua.com\/nl\/camping-baskenland-seaside\/#breadcrumb\",\"itemListElement\":[{\"@type\":\"ListItem\",\"position\":1,\"name\":\"Camping Bidart au Pays Basque\",\"item\":\"https:\/\/www.berrua.com\/nl\/\"},{\"@type\":\"ListItem\",\"position\":2,\"name\":\"Camping aan zee in Baskenland\"}]},{\"@type\":\"WebSite\",\"@id\":\"https:\/\/www.berrua.com\/nl\/#website\",\"url\":\"https:\/\/www.berrua.com\/nl\/\",\"name\":\"Domaine Berrua\",\"description\":\"\",\"publisher\":{\"@id\":\"https:\/\/www.berrua.com\/nl\/#organization\"},\"potentialAction\":[{\"@type\":\"SearchAction\",\"target\":{\"@type\":\"EntryPoint\",\"urlTemplate\":\"https:\/\/www.berrua.com\/nl\/?s={search_term_string}\"},\"query-input\":{\"@type\":\"PropertyValueSpecification\",\"valueRequired\":true,\"valueName\":\"search_term_string\"}}],\"inLanguage\":\"nl-NL\"},{\"@type\":\"Organization\",\"@id\":\"https:\/\/www.berrua.com\/nl\/#organization\",\"name\":\"Camping Berrua\",\"url\":\"https:\/\/www.berrua.com\/nl\/\",\"logo\":{\"@type\":\"ImageObject\",\"inLanguage\":\"nl-NL\",\"@id\":\"https:\/\/www.berrua.com\/nl\/#\/schema\/logo\/image\/\",\"url\":\"https:\/\/www.berrua.com\/wp-content\/uploads\/2022\/01\/berrua.jpg\",\"contentUrl\":\"https:\/\/www.berrua.com\/wp-content\/uploads\/2022\/01\/berrua.jpg\",\"width\":321,\"height\":231,\"caption\":\"Camping Berrua\"},\"image\":{\"@id\":\"https:\/\/www.berrua.com\/nl\/#\/schema\/logo\/image\/\"}}]}<\/script>\n<!-- \/ Yoast SEO plugin. -->","yoast_head_json":{"title":"Camping c\u00f4te basque | Zee | Oceaan | Atlantische kust | Stranden","robots":{"index":"index","follow":"follow","max-snippet":"max-snippet:-1","max-image-preview":"max-image-preview:large","max-video-preview":"max-video-preview:-1"},"canonical":"https:\/\/www.berrua.com\/nl\/camping-baskenland-seaside\/","og_locale":"nl_NL","og_type":"article","og_title":"Camping c\u00f4te basque | Zee | Oceaan | Atlantische kust | Stranden","og_url":"https:\/\/www.berrua.com\/nl\/camping-baskenland-seaside\/","og_site_name":"Domaine Berrua","article_modified_time":"2023-11-03T09:18:02+00:00","og_image":[{"width":1903,"height":450,"url":"https:\/\/www.berrua.com\/wp-content\/uploads\/2022\/03\/bannerplage.jpg","type":"image\/jpeg"}],"twitter_card":"summary_large_image","twitter_misc":{"Geschatte leestijd":"3 minuten"},"schema":{"@context":"https:\/\/schema.org","@graph":[{"@type":"WebPage","@id":"https:\/\/www.berrua.com\/nl\/camping-baskenland-seaside\/","url":"https:\/\/www.berrua.com\/nl\/camping-baskenland-seaside\/","name":"Camping c\u00f4te basque | Zee | Oceaan | Atlantische kust | Stranden","isPartOf":{"@id":"https:\/\/www.berrua.com\/nl\/#website"},"primaryImageOfPage":{"@id":"https:\/\/www.berrua.com\/nl\/camping-baskenland-seaside\/#primaryimage"},"image":{"@id":"https:\/\/www.berrua.com\/nl\/camping-baskenland-seaside\/#primaryimage"},"thumbnailUrl":"https:\/\/www.berrua.com\/wp-content\/uploads\/2022\/03\/bannerplage.jpg","datePublished":"2021-12-02T09:50:54+00:00","dateModified":"2023-11-03T09:18:02+00:00","breadcrumb":{"@id":"https:\/\/www.berrua.com\/nl\/camping-baskenland-seaside\/#breadcrumb"},"inLanguage":"nl-NL","potentialAction":[{"@type":"ReadAction","target":["https:\/\/www.berrua.com\/nl\/camping-baskenland-seaside\/"]}]},{"@type":"ImageObject","inLanguage":"nl-NL","@id":"https:\/\/www.berrua.com\/nl\/camping-baskenland-seaside\/#primaryimage","url":"https:\/\/www.berrua.com\/wp-content\/uploads\/2022\/03\/bannerplage.jpg","contentUrl":"https:\/\/www.berrua.com\/wp-content\/uploads\/2022\/03\/bannerplage.jpg","width":1903,"height":450,"caption":"bannerplage"},{"@type":"BreadcrumbList","@id":"https:\/\/www.berrua.com\/nl\/camping-baskenland-seaside\/#breadcrumb","itemListElement":[{"@type":"ListItem","position":1,"name":"Camping Bidart au Pays Basque","item":"https:\/\/www.berrua.com\/nl\/"},{"@type":"ListItem","position":2,"name":"Camping aan zee in Baskenland"}]},{"@type":"WebSite","@id":"https:\/\/www.berrua.com\/nl\/#website","url":"https:\/\/www.berrua.com\/nl\/","name":"Domaine Berrua","description":"","publisher":{"@id":"https:\/\/www.berrua.com\/nl\/#organization"},"potentialAction":[{"@type":"SearchAction","target":{"@type":"EntryPoint","urlTemplate":"https:\/\/www.berrua.com\/nl\/?s={search_term_string}"},"query-input":{"@type":"PropertyValueSpecification","valueRequired":true,"valueName":"search_term_string"}}],"inLanguage":"nl-NL"},{"@type":"Organization","@id":"https:\/\/www.berrua.com\/nl\/#organization","name":"Camping Berrua","url":"https:\/\/www.berrua.com\/nl\/","logo":{"@type":"ImageObject","inLanguage":"nl-NL","@id":"https:\/\/www.berrua.com\/nl\/#\/schema\/logo\/image\/","url":"https:\/\/www.berrua.com\/wp-content\/uploads\/2022\/01\/berrua.jpg","contentUrl":"https:\/\/www.berrua.com\/wp-content\/uploads\/2022\/01\/berrua.jpg","width":321,"height":231,"caption":"Camping Berrua"},"image":{"@id":"https:\/\/www.berrua.com\/nl\/#\/schema\/logo\/image\/"}}]}},"_links":{"self":[{"href":"https:\/\/www.berrua.com\/nl\/wp-json\/wp\/v2\/pages\/12861","targetHints":{"allow":["GET"]}}],"collection":[{"href":"https:\/\/www.berrua.com\/nl\/wp-json\/wp\/v2\/pages"}],"about":[{"href":"https:\/\/www.berrua.com\/nl\/wp-json\/wp\/v2\/types\/page"}],"author":[{"embeddable":true,"href":"https:\/\/www.berrua.com\/nl\/wp-json\/wp\/v2\/users\/1"}],"replies":[{"embeddable":true,"href":"https:\/\/www.berrua.com\/nl\/wp-json\/wp\/v2\/comments?post=12861"}],"version-history":[{"count":7,"href":"https:\/\/www.berrua.com\/nl\/wp-json\/wp\/v2\/pages\/12861\/revisions"}],"predecessor-version":[{"id":989548,"href":"https:\/\/www.berrua.com\/nl\/wp-json\/wp\/v2\/pages\/12861\/revisions\/989548"}],"wp:featuredmedia":[{"embeddable":true,"href":"https:\/\/www.berrua.com\/nl\/wp-json\/wp\/v2\/media\/514010"}],"wp:attachment":[{"href":"https:\/\/www.berrua.com\/nl\/wp-json\/wp\/v2\/media?parent=12861"}],"wp:term":[{"taxonomy":"sujet","embeddable":true,"href":"https:\/\/www.berrua.com\/nl\/wp-json\/wp\/v2\/sujet?post=12861"}],"curies":[{"name":"wp","href":"https:\/\/api.w.org\/{rel}","templated":true}]}}