{"id":12716,"date":"2021-10-20T16:07:47","date_gmt":"2021-10-20T14:07:47","guid":{"rendered":"http:\/\/www.berrua.com\/reception-camping-pays-basque\/"},"modified":"2022-12-20T13:35:27","modified_gmt":"2022-12-20T12:35:27","slug":"ontvangst-van-de-camping-berrua","status":"publish","type":"page","link":"https:\/\/www.berrua.com\/nl\/4-sterne-campingplatzes-baskenland\/ontvangst-van-de-camping-berrua\/","title":{"rendered":"Les prestations : R\u00e9ception"},"content":{"rendered":"<section id=\"ls-section-block_21500d8f33b1c09f4101ecade070f530\" class=\"ls-section  page-one has-background has-color-white-background-color\" >\n        <div class=\"container container--wide\">\n        \n\n<h1 class=\"ls__heading has-text-align-center ls__heading-undefined wp-block-heading\"><mark style=\"background-color:rgba(0, 0, 0, 0)\" class=\"has-inline-color has-color-1-color\">ONTVANGST VAN DE KAMPEREN BERRUA<\/mark><\/h1>\n\n\n\n<p class=\"ls-paragraph\">De&nbsp;<a href=\"https:\/\/www.berrua.com\/nl\/\">kamperen Berrua in Baskenland<\/a>&nbsp;gaat op 30 maart 2018 weer open tot 30 september 2018<\/p>\n\n\n\n<p class=\"ls-paragraph\">Tot op heden is de standaard open van 9.00 tot 12.00 uur en van 14.00 tot 17.00 uur.<\/p>\n\n\n\n<h2 class=\"ls__heading ls__heading-undefined wp-block-heading\"><mark style=\"background-color:rgba(0, 0, 0, 0)\" class=\"has-inline-color has-color-1-color\">4 sterren camping met receptie in Bidart<\/mark><\/h2>\n\n\n\n<p class=\"ls-paragraph ls__paragraph\">Om u in de beste omstandigheden te verwelkomen, staan \u200b\u200bonze teams tot uw dienst om u te informeren en u de apparatuur te lenen die u nodig hebt. Tijdens uw verblijf staan \u200b\u200bonze receptionisten voor u klaar:<\/p>\n\n\n\n<ul class=\"ls-list wp-block-list\">\n<li>Ontvangst en levering van sleutels<\/li>\n\n\n\n<li><strong>Toeristische informatie<\/strong><\/li>\n\n\n\n<li>Het verzenden van de mail<\/li>\n\n\n\n<li>Uitleenuitrusting: tafeltennis- en tennisrackets, ballonnen, strijkijzer, haardroger \u2026<\/li>\n\n\n\n<li><strong>Registratie voor sportactiviteiten en de hamam<\/strong><\/li>\n\n\n\n<li><strong>Beveiliging en bewaking<\/strong><\/li>\n<\/ul>\n\n\n\n<div class=\"wp-block-columns fancybox is-layout-flex wp-container-core-columns-is-layout-9d6595d7 wp-block-columns-is-layout-flex\">\n<div class=\"wp-block-column is-vertically-aligned-center is-layout-flow wp-block-column-is-layout-flow\">\n<figure class=\"wp-block-image size-full\"><a href=\"https:\/\/www.berrua.com\/wp-content\/uploads\/2021\/11\/camping-4-etoiles-pays-basque.jpg\"><img decoding=\"async\" width=\"1200\" height=\"800\" src=\"https:\/\/www.berrua.com\/wp-content\/uploads\/2021\/11\/camping-4-etoiles-pays-basque.jpg\" alt=\"camping 4 etoiles pays basque\" class=\"wp-image-10863\" srcset=\"https:\/\/www.berrua.com\/wp-content\/uploads\/2021\/11\/camping-4-etoiles-pays-basque.jpg 1200w, https:\/\/www.berrua.com\/wp-content\/uploads\/2021\/11\/camping-4-etoiles-pays-basque-300x200.jpg 300w, https:\/\/www.berrua.com\/wp-content\/uploads\/2021\/11\/camping-4-etoiles-pays-basque-1024x683.jpg 1024w, https:\/\/www.berrua.com\/wp-content\/uploads\/2021\/11\/camping-4-etoiles-pays-basque-768x512.jpg 768w\" sizes=\"(max-width: 1200px) 100vw, 1200px\" \/><\/a><\/figure>\n\n\n\n<figure class=\"wp-block-image size-full\"><a href=\"https:\/\/www.berrua.com\/wp-content\/uploads\/2021\/11\/camping-4-etoiles-cote-basque.jpg\"><img decoding=\"async\" width=\"1200\" height=\"800\" src=\"https:\/\/www.berrua.com\/wp-content\/uploads\/2021\/11\/camping-4-etoiles-cote-basque.jpg\" alt=\"camping 4 etoiles cote basque\" class=\"wp-image-10868\" srcset=\"https:\/\/www.berrua.com\/wp-content\/uploads\/2021\/11\/camping-4-etoiles-cote-basque.jpg 1200w, https:\/\/www.berrua.com\/wp-content\/uploads\/2021\/11\/camping-4-etoiles-cote-basque-300x200.jpg 300w, https:\/\/www.berrua.com\/wp-content\/uploads\/2021\/11\/camping-4-etoiles-cote-basque-1024x683.jpg 1024w, https:\/\/www.berrua.com\/wp-content\/uploads\/2021\/11\/camping-4-etoiles-cote-basque-768x512.jpg 768w\" sizes=\"(max-width: 1200px) 100vw, 1200px\" \/><\/a><\/figure>\n<\/div>\n\n\n\n<div class=\"wp-block-column is-vertically-aligned-center is-layout-flow wp-block-column-is-layout-flow\">\n<figure class=\"wp-block-image size-full\"><a href=\"https:\/\/www.berrua.com\/wp-content\/uploads\/2021\/11\/camping-4-etoiles-bidart.jpg\"><img decoding=\"async\" width=\"800\" height=\"1200\" src=\"https:\/\/www.berrua.com\/wp-content\/uploads\/2021\/11\/camping-4-etoiles-bidart.jpg\" alt=\"camping 4 etoiles bidart\" class=\"wp-image-10873\" srcset=\"https:\/\/www.berrua.com\/wp-content\/uploads\/2021\/11\/camping-4-etoiles-bidart.jpg 800w, https:\/\/www.berrua.com\/wp-content\/uploads\/2021\/11\/camping-4-etoiles-bidart-200x300.jpg 200w, https:\/\/www.berrua.com\/wp-content\/uploads\/2021\/11\/camping-4-etoiles-bidart-683x1024.jpg 683w, https:\/\/www.berrua.com\/wp-content\/uploads\/2021\/11\/camping-4-etoiles-bidart-768x1152.jpg 768w\" sizes=\"(max-width: 800px) 100vw, 800px\" \/><\/a><\/figure>\n<\/div>\n\n\n\n<div class=\"wp-block-column is-vertically-aligned-center is-layout-flow wp-block-column-is-layout-flow\">\n<figure class=\"wp-block-image size-large\"><a href=\"https:\/\/www.berrua.com\/wp-content\/uploads\/2022\/12\/camping-securise-pays-basque-683x1024.jpg\"><img decoding=\"async\" width=\"683\" height=\"1024\" src=\"https:\/\/www.berrua.com\/wp-content\/uploads\/2022\/12\/camping-securise-pays-basque-683x1024.jpg\" alt=\"camping securise pays basque\" class=\"wp-image-987404\" srcset=\"https:\/\/www.berrua.com\/wp-content\/uploads\/2022\/12\/camping-securise-pays-basque-683x1024.jpg 683w, https:\/\/www.berrua.com\/wp-content\/uploads\/2022\/12\/camping-securise-pays-basque-200x300.jpg 200w, https:\/\/www.berrua.com\/wp-content\/uploads\/2022\/12\/camping-securise-pays-basque-768x1152.jpg 768w, https:\/\/www.berrua.com\/wp-content\/uploads\/2022\/12\/camping-securise-pays-basque.jpg 800w\" sizes=\"(max-width: 683px) 100vw, 683px\" \/><\/a><\/figure>\n<\/div>\n<\/div>\n\n\n    <\/div>\n<\/section>\n\n<section id=\"ls-section-block_e4db63df9808f22216316242e4e0cee9\" class=\"ls-section  home-fourth has-background has-color-1-background-color has-text-color has-color-white-color\" >\n        <div class=\"container container--wide\">\n        \n\n<div class=\"wp-block-columns is-layout-flex wp-container-core-columns-is-layout-9d6595d7 wp-block-columns-is-layout-flex\">\n<div class=\"wp-block-column is-layout-flow wp-block-column-is-layout-flow\" style=\"flex-basis:33.33%\">\n<p class=\"ls-paragraph ls__paragraph title-deco\"><mark style=\"background-color:rgba(0, 0, 0, 0)\" class=\"has-inline-color has-color-3-color\">Onze<\/mark><\/p>\n\n\n\n<p class=\"ls-paragraph ls__paragraph subtitle-deco\">team<\/p>\n<\/div>\n\n\n\n<div class=\"wp-block-column is-layout-flow wp-block-column-is-layout-flow\" style=\"flex-basis:66.66%\">\n<h2 class=\"ls__heading ls__heading-undefined wp-block-heading\">Een team tot uw dienst voor een kampeervakantie in het Baskenland<\/h2>\n\n\n\n<p class=\"ls-paragraph ls__paragraph\">Om uw vakantie in de beste omstandigheden door te brengen op onze kamperen in Berrua, zijn onze teams perfect opgeleid om al uw verzoeken te beantwoorden en om u een uitstekende service te bieden.<br>Wat uw vraag ook is, aarzel niet om naar de receptie te komen en te genieten van onze kwaliteits-welkomstservice.<br>Door te kiezen voor onze 4-sterrenkamperen in Baskenland, bent u verzekerd van een rustig verblijf en kunt u genieten van een uitstekende service.<br>In een warme sfeer zult u een ontspannende vakantie doorbrengen en een uitzonderlijke regio ontdekken.<br>Om van een uitstekende service te genieten, staan \u200b\u200bonze teams tot uw beschikking om uw verblijf onvergetelijk te maken en u kunt zich vermaken met familie of vrienden.<\/p>\n<\/div>\n<\/div>\n\n\n    <\/div>\n<\/section>\n\n<section id=\"ls-section-block_845b25613e42fa64d59e70e9313880cf\" class=\"ls-section  page-two\" >\n        <div class=\"container container--wide\">\n        \n<div class=\"wp-block-image\">\n<figure class=\"aligncenter size-large\"><img decoding=\"async\" width=\"1024\" height=\"683\" src=\"https:\/\/www.berrua.com\/wp-content\/uploads\/2022\/12\/camping-familial-pays-basque-1024x683.jpg\" alt=\"camping familial pays basque\" class=\"wp-image-987400\" srcset=\"https:\/\/www.berrua.com\/wp-content\/uploads\/2022\/12\/camping-familial-pays-basque-1024x683.jpg 1024w, https:\/\/www.berrua.com\/wp-content\/uploads\/2022\/12\/camping-familial-pays-basque-300x200.jpg 300w, https:\/\/www.berrua.com\/wp-content\/uploads\/2022\/12\/camping-familial-pays-basque-768x512.jpg 768w, https:\/\/www.berrua.com\/wp-content\/uploads\/2022\/12\/camping-familial-pays-basque.jpg 1200w\" sizes=\"(max-width: 1024px) 100vw, 1024px\" \/><\/figure>\n<\/div>\n\n\n<p class=\"ls-paragraph ls__paragraph\">Onze gastvrouwen zijn dagelijks aanwezig om u te ontvangen en van dienst te zijn met :<\/p>\n\n\n\n<ul class=\"ls-list wp-block-list\">\n<li><strong>Toeristische informatie<\/strong><\/li>\n\n\n\n<li>Frankering van post en postverzending<\/li>\n\n\n\n<li><strong>Uitleen van materiaal tegen betaling van een borgsom: tafeltennisbatjes, tennisrackets, ballen, f\u00f6hn, strijkijzer\u2026<\/strong><\/li>\n\n\n\n<li>Reservering voor de tennisbaan en de hammam<\/li>\n<\/ul>\n\n\n\n<p class=\"ls-paragraph ls__paragraph\">&nbsp;In juli en augustus is er een nachtwaker aanwezig op het terrein<\/p>\n\n\n\n<p class=\"ls-paragraph ls__paragraph\"><strong>GRATIS Wifi<\/strong><\/p>\n\n\n\n<p class=\"ls-paragraph ls__paragraph\">Een internetstation met gratis toegang is beschikbaar bij de receptie tijdens de openingsuren.<\/p>\n\n\n    <\/div>\n<\/section>\n\n<section id=\"ls-section-block_43018ea4625942facd3a8a8eb436a757\" class=\"ls-section  page-cta\" >\n        <div class=\"container container--wide\">\n        \n\n<div id=\"ls-heading ls-titre-div-block_53128c59c5ed854f2fe4e381ebc85cc5\" class=\"ls-titre-div ls-titre-div titre-cta ls__heading-undefined title-deco has-inline-color has-color-1 aligncenter h2-like has-text-color has-color-1-color\" >\n    Ontdek de andere diensten van de camping<\/div>\n\n\n\n<div class=\"wp-block-columns Le bar la Txalupa, situ\u00e9 au bord de piscine, dot\u00e9 d\u2019une tr\u00e8s belle terrasse, vous proposera, salades , sandwich, panini, cr\u00eapes et gaufres, tout long journ\u00e9e. Pourquoi ne pas siroter un petit ap\u00e9ritif avec quelques tapas??? Durant journ\u00e9e en haute saison, Txalupa accueille chaleureusement sur sa terrasse qui surplombe lieu rencontre d\u00e9tente. surplombant piscine. is-layout-flex wp-container-core-columns-is-layout-9d6595d7 wp-block-columns-is-layout-flex\">\n<div class=\"wp-block-column ls-cta is-layout-flow wp-block-column-is-layout-flow\">\n<div id=\"ls-cta-block_f05bb38be3aa53a38770cbb8edd51db2\" class=\"ls-cta\">  \n    \n\n<a href=\"\/nl\/4-sterne-campingplatzes-baskenland\/camping-met-restaurant-pizzeria-baskenland\/\" target=\"\" rel=\"noopener\" class=\"ls-cta__link\" data-categ=\"\">\n\t<div class=\"ls-cta__image\"><img decoding=\"async\" src=\"https:\/\/www.berrua.com\/wp-content\/uploads\/2021\/12\/restaurant-pizzeria-bidart-1.jpg\" alt=\"restaurant pizzeria bidart\"><\/div>\n\t<div class=\"ls-cta__title\">\n\t\tHet restaurant \/ pizzeria\t<\/div>\n\n\t<\/a><\/div><\/div>\n\n\n\n<div class=\"wp-block-column is-layout-flow wp-block-column-is-layout-flow\">\n<div id=\"ls-cta-block_f75bd57133cfe90c84451465549b4038\" class=\"ls-cta\">  \n    \n\n<a href=\"\/nl\/4-sterne-campingplatzes-baskenland\/animatie-sportactiviteiten-camping-baskenland\/\" target=\"\" rel=\"noopener\" class=\"ls-cta__link\" data-categ=\"\">\n\t<div class=\"ls-cta__image\"><img decoding=\"async\" src=\"https:\/\/www.berrua.com\/wp-content\/uploads\/2021\/12\/camping-activites-sportives-bidart.jpg\" alt=\"camping activites sportives bidart\"><\/div>\n\t<div class=\"ls-cta__title\">\n\t\tDe animaties\t<\/div>\n\n\t<\/a><\/div><\/div>\n\n\n\n<div class=\"wp-block-column is-layout-flow wp-block-column-is-layout-flow\">\n<div id=\"ls-cta-block_45f81b5ff0232a3743ca474c0d7c1777\" class=\"ls-cta\">  \n    \n\n<a href=\"\/nl\/4-sterne-campingplatzes-baskenland\/services-op-de-camping-in-het-baskenland\/\" target=\"\" rel=\"noopener\" class=\"ls-cta__link\" data-categ=\"\">\n\t<div class=\"ls-cta__image\"><img decoding=\"async\" src=\"https:\/\/www.berrua.com\/wp-content\/uploads\/2021\/12\/camping-familial-bidart-1.jpg\" alt=\"camping familial bidart\"><\/div>\n\t<div class=\"ls-cta__title\">\n\t\tDe diensten\t<\/div>\n\n\t<\/a><\/div><\/div>\n<\/div>\n\n\n    <\/div>\n<\/section>","protected":false},"excerpt":{"rendered":"","protected":false},"author":1,"featured_media":12290,"parent":15362,"menu_order":0,"comment_status":"closed","ping_status":"closed","template":"","meta":{"_acf_changed":false,"inline_featured_image":false,"footnotes":""},"sujet":[],"class_list":["post-12716","page","type-page","status-publish","has-post-thumbnail","hentry"],"acf":[],"yoast_head":"<!-- This site is optimized with the Yoast SEO plugin v26.2 - https:\/\/yoast.com\/wordpress\/plugins\/seo\/ -->\n<title>Ontvangst van de kamperen S\u00fbnelia Berrua in Bidart aan de Baskische kust<\/title>\n<meta name=\"description\" content=\"Alles wat u moet weten over de receptie op uw camping in Baskenland\" \/>\n<meta name=\"robots\" content=\"index, follow, max-snippet:-1, max-image-preview:large, max-video-preview:-1\" \/>\n<link rel=\"canonical\" href=\"https:\/\/www.berrua.com\/nl\/4-sterne-campingplatzes-baskenland\/ontvangst-van-de-camping-berrua\/\" \/>\n<meta property=\"og:locale\" content=\"nl_NL\" \/>\n<meta property=\"og:type\" content=\"article\" \/>\n<meta property=\"og:title\" content=\"Ontvangst van de kamperen S\u00fbnelia Berrua in Bidart aan de Baskische kust\" \/>\n<meta property=\"og:description\" content=\"Alles wat u moet weten over de receptie op uw camping in Baskenland\" \/>\n<meta property=\"og:url\" content=\"https:\/\/www.berrua.com\/nl\/4-sterne-campingplatzes-baskenland\/ontvangst-van-de-camping-berrua\/\" \/>\n<meta property=\"og:site_name\" content=\"Domaine Berrua\" \/>\n<meta property=\"article:modified_time\" content=\"2022-12-20T12:35:27+00:00\" \/>\n<meta property=\"og:image\" content=\"https:\/\/www.berrua.com\/wp-content\/uploads\/2021\/12\/camping-4-etoiles-cote-basque-1.jpg\" \/>\n\t<meta property=\"og:image:width\" content=\"1900\" \/>\n\t<meta property=\"og:image:height\" content=\"700\" \/>\n\t<meta property=\"og:image:type\" content=\"image\/jpeg\" \/>\n<meta name=\"twitter:card\" content=\"summary_large_image\" \/>\n<meta name=\"twitter:label1\" content=\"Geschatte leestijd\" \/>\n\t<meta name=\"twitter:data1\" content=\"3 minuten\" \/>\n<script type=\"application\/ld+json\" class=\"yoast-schema-graph\">{\"@context\":\"https:\/\/schema.org\",\"@graph\":[{\"@type\":\"WebPage\",\"@id\":\"https:\/\/www.berrua.com\/nl\/4-sterne-campingplatzes-baskenland\/ontvangst-van-de-camping-berrua\/\",\"url\":\"https:\/\/www.berrua.com\/nl\/4-sterne-campingplatzes-baskenland\/ontvangst-van-de-camping-berrua\/\",\"name\":\"Ontvangst van de kamperen S\u00fbnelia Berrua in Bidart aan de Baskische kust\",\"isPartOf\":{\"@id\":\"https:\/\/www.berrua.com\/nl\/#website\"},\"primaryImageOfPage\":{\"@id\":\"https:\/\/www.berrua.com\/nl\/4-sterne-campingplatzes-baskenland\/ontvangst-van-de-camping-berrua\/#primaryimage\"},\"image\":{\"@id\":\"https:\/\/www.berrua.com\/nl\/4-sterne-campingplatzes-baskenland\/ontvangst-van-de-camping-berrua\/#primaryimage\"},\"thumbnailUrl\":\"https:\/\/www.berrua.com\/wp-content\/uploads\/2021\/12\/camping-4-etoiles-cote-basque-1.jpg\",\"datePublished\":\"2021-10-20T14:07:47+00:00\",\"dateModified\":\"2022-12-20T12:35:27+00:00\",\"description\":\"Alles wat u moet weten over de receptie op uw camping in Baskenland\",\"breadcrumb\":{\"@id\":\"https:\/\/www.berrua.com\/nl\/4-sterne-campingplatzes-baskenland\/ontvangst-van-de-camping-berrua\/#breadcrumb\"},\"inLanguage\":\"nl-NL\",\"potentialAction\":[{\"@type\":\"ReadAction\",\"target\":[\"https:\/\/www.berrua.com\/nl\/4-sterne-campingplatzes-baskenland\/ontvangst-van-de-camping-berrua\/\"]}]},{\"@type\":\"ImageObject\",\"inLanguage\":\"nl-NL\",\"@id\":\"https:\/\/www.berrua.com\/nl\/4-sterne-campingplatzes-baskenland\/ontvangst-van-de-camping-berrua\/#primaryimage\",\"url\":\"https:\/\/www.berrua.com\/wp-content\/uploads\/2021\/12\/camping-4-etoiles-cote-basque-1.jpg\",\"contentUrl\":\"https:\/\/www.berrua.com\/wp-content\/uploads\/2021\/12\/camping-4-etoiles-cote-basque-1.jpg\",\"width\":1900,\"height\":700,\"caption\":\"camping 4 etoiles cote basque\"},{\"@type\":\"BreadcrumbList\",\"@id\":\"https:\/\/www.berrua.com\/nl\/4-sterne-campingplatzes-baskenland\/ontvangst-van-de-camping-berrua\/#breadcrumb\",\"itemListElement\":[{\"@type\":\"ListItem\",\"position\":1,\"name\":\"Camping Bidart au Pays Basque\",\"item\":\"https:\/\/www.berrua.com\/nl\/\"},{\"@type\":\"ListItem\",\"position\":2,\"name\":\"4-STERNE-CAMPINGPLATZES BASKENLAND\",\"item\":\"https:\/\/www.berrua.com\/nl\/4-sterne-campingplatzes-baskenland\/\"},{\"@type\":\"ListItem\",\"position\":3,\"name\":\"ONTVANGST VAN DE KAMPEREN BERRUA\"}]},{\"@type\":\"WebSite\",\"@id\":\"https:\/\/www.berrua.com\/nl\/#website\",\"url\":\"https:\/\/www.berrua.com\/nl\/\",\"name\":\"Domaine Berrua\",\"description\":\"\",\"publisher\":{\"@id\":\"https:\/\/www.berrua.com\/nl\/#organization\"},\"potentialAction\":[{\"@type\":\"SearchAction\",\"target\":{\"@type\":\"EntryPoint\",\"urlTemplate\":\"https:\/\/www.berrua.com\/nl\/?s={search_term_string}\"},\"query-input\":{\"@type\":\"PropertyValueSpecification\",\"valueRequired\":true,\"valueName\":\"search_term_string\"}}],\"inLanguage\":\"nl-NL\"},{\"@type\":\"Organization\",\"@id\":\"https:\/\/www.berrua.com\/nl\/#organization\",\"name\":\"Camping Berrua\",\"url\":\"https:\/\/www.berrua.com\/nl\/\",\"logo\":{\"@type\":\"ImageObject\",\"inLanguage\":\"nl-NL\",\"@id\":\"https:\/\/www.berrua.com\/nl\/#\/schema\/logo\/image\/\",\"url\":\"https:\/\/www.berrua.com\/wp-content\/uploads\/2022\/01\/berrua.jpg\",\"contentUrl\":\"https:\/\/www.berrua.com\/wp-content\/uploads\/2022\/01\/berrua.jpg\",\"width\":321,\"height\":231,\"caption\":\"Camping Berrua\"},\"image\":{\"@id\":\"https:\/\/www.berrua.com\/nl\/#\/schema\/logo\/image\/\"}}]}<\/script>\n<!-- \/ Yoast SEO plugin. -->","yoast_head_json":{"title":"Ontvangst van de kamperen S\u00fbnelia Berrua in Bidart aan de Baskische kust","description":"Alles wat u moet weten over de receptie op uw camping in Baskenland","robots":{"index":"index","follow":"follow","max-snippet":"max-snippet:-1","max-image-preview":"max-image-preview:large","max-video-preview":"max-video-preview:-1"},"canonical":"https:\/\/www.berrua.com\/nl\/4-sterne-campingplatzes-baskenland\/ontvangst-van-de-camping-berrua\/","og_locale":"nl_NL","og_type":"article","og_title":"Ontvangst van de kamperen S\u00fbnelia Berrua in Bidart aan de Baskische kust","og_description":"Alles wat u moet weten over de receptie op uw camping in Baskenland","og_url":"https:\/\/www.berrua.com\/nl\/4-sterne-campingplatzes-baskenland\/ontvangst-van-de-camping-berrua\/","og_site_name":"Domaine Berrua","article_modified_time":"2022-12-20T12:35:27+00:00","og_image":[{"width":1900,"height":700,"url":"https:\/\/www.berrua.com\/wp-content\/uploads\/2021\/12\/camping-4-etoiles-cote-basque-1.jpg","type":"image\/jpeg"}],"twitter_card":"summary_large_image","twitter_misc":{"Geschatte leestijd":"3 minuten"},"schema":{"@context":"https:\/\/schema.org","@graph":[{"@type":"WebPage","@id":"https:\/\/www.berrua.com\/nl\/4-sterne-campingplatzes-baskenland\/ontvangst-van-de-camping-berrua\/","url":"https:\/\/www.berrua.com\/nl\/4-sterne-campingplatzes-baskenland\/ontvangst-van-de-camping-berrua\/","name":"Ontvangst van de kamperen S\u00fbnelia Berrua in Bidart aan de Baskische kust","isPartOf":{"@id":"https:\/\/www.berrua.com\/nl\/#website"},"primaryImageOfPage":{"@id":"https:\/\/www.berrua.com\/nl\/4-sterne-campingplatzes-baskenland\/ontvangst-van-de-camping-berrua\/#primaryimage"},"image":{"@id":"https:\/\/www.berrua.com\/nl\/4-sterne-campingplatzes-baskenland\/ontvangst-van-de-camping-berrua\/#primaryimage"},"thumbnailUrl":"https:\/\/www.berrua.com\/wp-content\/uploads\/2021\/12\/camping-4-etoiles-cote-basque-1.jpg","datePublished":"2021-10-20T14:07:47+00:00","dateModified":"2022-12-20T12:35:27+00:00","description":"Alles wat u moet weten over de receptie op uw camping in Baskenland","breadcrumb":{"@id":"https:\/\/www.berrua.com\/nl\/4-sterne-campingplatzes-baskenland\/ontvangst-van-de-camping-berrua\/#breadcrumb"},"inLanguage":"nl-NL","potentialAction":[{"@type":"ReadAction","target":["https:\/\/www.berrua.com\/nl\/4-sterne-campingplatzes-baskenland\/ontvangst-van-de-camping-berrua\/"]}]},{"@type":"ImageObject","inLanguage":"nl-NL","@id":"https:\/\/www.berrua.com\/nl\/4-sterne-campingplatzes-baskenland\/ontvangst-van-de-camping-berrua\/#primaryimage","url":"https:\/\/www.berrua.com\/wp-content\/uploads\/2021\/12\/camping-4-etoiles-cote-basque-1.jpg","contentUrl":"https:\/\/www.berrua.com\/wp-content\/uploads\/2021\/12\/camping-4-etoiles-cote-basque-1.jpg","width":1900,"height":700,"caption":"camping 4 etoiles cote basque"},{"@type":"BreadcrumbList","@id":"https:\/\/www.berrua.com\/nl\/4-sterne-campingplatzes-baskenland\/ontvangst-van-de-camping-berrua\/#breadcrumb","itemListElement":[{"@type":"ListItem","position":1,"name":"Camping Bidart au Pays Basque","item":"https:\/\/www.berrua.com\/nl\/"},{"@type":"ListItem","position":2,"name":"4-STERNE-CAMPINGPLATZES BASKENLAND","item":"https:\/\/www.berrua.com\/nl\/4-sterne-campingplatzes-baskenland\/"},{"@type":"ListItem","position":3,"name":"ONTVANGST VAN DE KAMPEREN BERRUA"}]},{"@type":"WebSite","@id":"https:\/\/www.berrua.com\/nl\/#website","url":"https:\/\/www.berrua.com\/nl\/","name":"Domaine Berrua","description":"","publisher":{"@id":"https:\/\/www.berrua.com\/nl\/#organization"},"potentialAction":[{"@type":"SearchAction","target":{"@type":"EntryPoint","urlTemplate":"https:\/\/www.berrua.com\/nl\/?s={search_term_string}"},"query-input":{"@type":"PropertyValueSpecification","valueRequired":true,"valueName":"search_term_string"}}],"inLanguage":"nl-NL"},{"@type":"Organization","@id":"https:\/\/www.berrua.com\/nl\/#organization","name":"Camping Berrua","url":"https:\/\/www.berrua.com\/nl\/","logo":{"@type":"ImageObject","inLanguage":"nl-NL","@id":"https:\/\/www.berrua.com\/nl\/#\/schema\/logo\/image\/","url":"https:\/\/www.berrua.com\/wp-content\/uploads\/2022\/01\/berrua.jpg","contentUrl":"https:\/\/www.berrua.com\/wp-content\/uploads\/2022\/01\/berrua.jpg","width":321,"height":231,"caption":"Camping Berrua"},"image":{"@id":"https:\/\/www.berrua.com\/nl\/#\/schema\/logo\/image\/"}}]}},"_links":{"self":[{"href":"https:\/\/www.berrua.com\/nl\/wp-json\/wp\/v2\/pages\/12716","targetHints":{"allow":["GET"]}}],"collection":[{"href":"https:\/\/www.berrua.com\/nl\/wp-json\/wp\/v2\/pages"}],"about":[{"href":"https:\/\/www.berrua.com\/nl\/wp-json\/wp\/v2\/types\/page"}],"author":[{"embeddable":true,"href":"https:\/\/www.berrua.com\/nl\/wp-json\/wp\/v2\/users\/1"}],"replies":[{"embeddable":true,"href":"https:\/\/www.berrua.com\/nl\/wp-json\/wp\/v2\/comments?post=12716"}],"version-history":[{"count":13,"href":"https:\/\/www.berrua.com\/nl\/wp-json\/wp\/v2\/pages\/12716\/revisions"}],"predecessor-version":[{"id":987411,"href":"https:\/\/www.berrua.com\/nl\/wp-json\/wp\/v2\/pages\/12716\/revisions\/987411"}],"up":[{"embeddable":true,"href":"https:\/\/www.berrua.com\/nl\/wp-json\/wp\/v2\/pages\/15362"}],"wp:featuredmedia":[{"embeddable":true,"href":"https:\/\/www.berrua.com\/nl\/wp-json\/wp\/v2\/media\/12290"}],"wp:attachment":[{"href":"https:\/\/www.berrua.com\/nl\/wp-json\/wp\/v2\/media?parent=12716"}],"wp:term":[{"taxonomy":"sujet","embeddable":true,"href":"https:\/\/www.berrua.com\/nl\/wp-json\/wp\/v2\/sujet?post=12716"}],"curies":[{"name":"wp","href":"https:\/\/api.w.org\/{rel}","templated":true}]}}