{"id":15365,"date":"2021-10-20T16:05:02","date_gmt":"2021-10-20T14:05:02","guid":{"rendered":"https:\/\/www.berrua.com\/camping-4-etoiles-pays-basque\/"},"modified":"2026-02-20T08:29:33","modified_gmt":"2026-02-20T07:29:33","slug":"camping-4-estrellas-pais-vasco","status":"publish","type":"page","link":"https:\/\/www.berrua.com\/es\/camping-4-estrellas-pais-vasco\/","title":{"rendered":"Les prestations"},"content":{"rendered":"<section id=\"ls-section-block_519f3b839283cc0c0f67bd850210ff66\" class=\"ls-section  page-one has-background has-color-white-background-color\" >\n        <div class=\"container container--wide\">\n        \n\n<h1 class=\"ls__heading wp-block-heading has-text-align-center ls__heading-undefined\" id=\"camping-de-4-estrellas-en-el-pais-vasco\"><mark style=\"background-color:rgba(0, 0, 0, 0)\" class=\"has-inline-color has-color-1-color\">CAMPING DE 4 ESTRELLAS EN EL PA\u00cdS VASCO<\/mark><\/h1>\n\n\n\n<h2 class=\"ls__heading wp-block-heading ls__heading ls__heading-undefined\" id=\"la-recepcion\"><mark style=\"background-color:rgba(0, 0, 0, 0)\" class=\"has-inline-color has-color-1-color\">La recepci\u00f3n<\/mark><\/h2>\n\n\n\n<p class=\"ls-paragraph ls__paragraph\">Nuestro equipo de recepci\u00f3n le da la bienvenida todos los d\u00edas. Posibilidad de franquear el correo, alquiler con fianza (raquetas, juegos de mesa, petanca, secador de pelo, plancha&#8230;)<br><\/p>\n\n\n\n<p class=\"ls-paragraph ls__paragraph\">La recepci\u00f3n es tambi\u00e9n un punto de informaci\u00f3n (sitios por descubrir, punto de venta del acuario\/ciudad oce\u00e1nica, programa de eventos&#8230;.)<\/p>\n\n\n\n<div class=\"wp-block-columns fancybox is-layout-flex wp-container-core-columns-is-layout-9d6595d7 wp-block-columns-is-layout-flex\">\n<div class=\"wp-block-column is-vertically-aligned-center is-layout-flow wp-block-column-is-layout-flow\">\n<figure class=\"wp-block-gallery columns-1 wp-block-gallery-1 is-layout-flex wp-block-gallery-is-layout-flex\"><ul class=\"blocks-gallery-grid\"><li class=\"blocks-gallery-item\"><figure><a href=\"https:\/\/www.berrua.com\/wp-content\/uploads\/2021\/11\/bar-4-etoiles-bidart.jpg\"><img decoding=\"async\" width=\"600\" height=\"400\" src=\"https:\/\/www.berrua.com\/wp-content\/uploads\/2021\/11\/bar-4-etoiles-bidart.jpg\" alt=\"bar 4 etoiles bidart\" data-id=\"10409\" data-full-url=\"https:\/\/www.berrua.com\/wp-content\/uploads\/2021\/11\/bar-4-etoiles-bidart.jpg\" data-link=\"http:\/\/www.berrua.com\/camping-4-etoiles-pays-basque\/attachment\/bar-4-etoiles-bidart\/\" class=\"wp-image-10413\" srcset=\"https:\/\/www.berrua.com\/wp-content\/uploads\/2021\/11\/bar-4-etoiles-bidart.jpg 600w, https:\/\/www.berrua.com\/wp-content\/uploads\/2021\/11\/bar-4-etoiles-bidart-300x200.jpg 300w\" sizes=\"(max-width: 600px) 100vw, 600px\" \/><\/a><\/figure><\/li><\/ul><\/figure>\n\n\n\n<figure class=\"wp-block-gallery columns-1 wp-block-gallery-2 is-layout-flex wp-block-gallery-is-layout-flex\"><ul class=\"blocks-gallery-grid\"><li class=\"blocks-gallery-item\"><figure><a href=\"https:\/\/www.berrua.com\/wp-content\/uploads\/2021\/11\/bar-services-camping.jpg\"><img decoding=\"async\" width=\"600\" height=\"400\" src=\"https:\/\/www.berrua.com\/wp-content\/uploads\/2021\/11\/bar-services-camping.jpg\" alt=\"bar services camping\" data-id=\"10414\" data-full-url=\"https:\/\/www.berrua.com\/wp-content\/uploads\/2021\/11\/bar-services-camping.jpg\" data-link=\"http:\/\/www.berrua.com\/camping-4-etoiles-pays-basque\/attachment\/bar-services-camping\/\" class=\"wp-image-10418\" srcset=\"https:\/\/www.berrua.com\/wp-content\/uploads\/2021\/11\/bar-services-camping.jpg 600w, https:\/\/www.berrua.com\/wp-content\/uploads\/2021\/11\/bar-services-camping-300x200.jpg 300w\" sizes=\"(max-width: 600px) 100vw, 600px\" \/><\/a><\/figure><\/li><\/ul><\/figure>\n<\/div>\n\n\n\n<div class=\"wp-block-column is-vertically-aligned-center is-layout-flow wp-block-column-is-layout-flow\">\n<figure class=\"wp-block-gallery columns-1 is-cropped wp-block-gallery-3 is-layout-flex wp-block-gallery-is-layout-flex\"><ul class=\"blocks-gallery-grid\"><li class=\"blocks-gallery-item\"><figure><a href=\"https:\/\/www.berrua.com\/wp-content\/uploads\/2021\/11\/aire-de-jeux-bidart.jpg\"><img decoding=\"async\" width=\"439\" height=\"638\" src=\"https:\/\/www.berrua.com\/wp-content\/uploads\/2021\/11\/aire-de-jeux-bidart.jpg\" alt=\"aire de jeux bidart\" data-id=\"10399\" data-full-url=\"https:\/\/www.berrua.com\/wp-content\/uploads\/2021\/11\/aire-de-jeux-bidart.jpg\" data-link=\"http:\/\/www.berrua.com\/camping-4-etoiles-pays-basque\/attachment\/aire-de-jeux-bidart\/\" class=\"wp-image-10403\" srcset=\"https:\/\/www.berrua.com\/wp-content\/uploads\/2021\/11\/aire-de-jeux-bidart.jpg 439w, https:\/\/www.berrua.com\/wp-content\/uploads\/2021\/11\/aire-de-jeux-bidart-206x300.jpg 206w\" sizes=\"(max-width: 439px) 100vw, 439px\" \/><\/a><\/figure><\/li><\/ul><\/figure>\n<\/div>\n\n\n\n<div class=\"wp-block-column is-vertically-aligned-center is-layout-flow wp-block-column-is-layout-flow\">\n<figure class=\"wp-block-gallery columns-1 is-cropped wp-block-gallery-4 is-layout-flex wp-block-gallery-is-layout-flex\"><ul class=\"blocks-gallery-grid\"><li class=\"blocks-gallery-item\"><figure><a href=\"https:\/\/www.berrua.com\/wp-content\/uploads\/2021\/11\/animations-camping.jpg\"><img decoding=\"async\" width=\"439\" height=\"639\" src=\"https:\/\/www.berrua.com\/wp-content\/uploads\/2021\/11\/animations-camping.jpg\" alt=\"animations camping\" data-id=\"10404\" data-full-url=\"https:\/\/www.berrua.com\/wp-content\/uploads\/2021\/11\/animations-camping.jpg\" data-link=\"http:\/\/www.berrua.com\/camping-4-etoiles-pays-basque\/attachment\/animations-camping\/\" class=\"wp-image-10408\" srcset=\"https:\/\/www.berrua.com\/wp-content\/uploads\/2021\/11\/animations-camping.jpg 439w, https:\/\/www.berrua.com\/wp-content\/uploads\/2021\/11\/animations-camping-206x300.jpg 206w\" sizes=\"(max-width: 439px) 100vw, 439px\" \/><\/a><\/figure><\/li><\/ul><\/figure>\n<\/div>\n<\/div>\n\n\n    <\/div>\n<\/section>\n\n<section id=\"ls-section-block_813435e6a08ef9dd0e53d85f43fb32ff\" class=\"ls-section  home-fourth has-background has-color-1-background-color has-text-color has-color-white-color\" >\n        <div class=\"container container--wide\">\n        \n\n<div class=\"wp-block-columns is-layout-flex wp-container-core-columns-is-layout-9d6595d7 wp-block-columns-is-layout-flex\">\n<div class=\"wp-block-column is-layout-flow wp-block-column-is-layout-flow\" style=\"flex-basis:33.33%\">\n<p class=\"ls-paragraph ls__paragraph title-deco\"><mark style=\"background-color:rgba(0, 0, 0, 0)\" class=\"has-inline-color has-color-3-color\">Animaciones<\/mark><\/p>\n\n\n\n<p class=\"ls-paragraph ls__paragraph subtitle-deco\"><mark style=\"background-color:rgba(0, 0, 0, 0)\" class=\"has-inline-color has-color-white-color\">para todos<\/mark><\/p>\n<\/div>\n\n\n\n<div class=\"wp-block-column is-layout-flow wp-block-column-is-layout-flow\" style=\"flex-basis:66.66%\">\n<h2 class=\"ls__heading wp-block-heading ls__heading ls__heading-undefined\" id=\"entretenimiento-y-actividades-deportivas-en-el-camping\">Entretenimiento y actividades deportivas en el camping<\/h2>\n\n\n\n<p class=\"ls-paragraph ls__paragraph\">Durante las fechas de apertura del <a href=\"\/es\/\">camping Pays Basque<\/a>, el complejo acu\u00e1tico estar\u00e1 en funcionamiento, as\u00ed como la pista de tenis, la bolera y la pista polideportiva &#8230;..<br><\/p>\n\n\n\n<p class=\"ls-paragraph ls__paragraph\">En temporada alta, el equipo de animaci\u00f3n ofrece las siguientes actividades:<\/p>\n\n\n\n<ul class=\"ls-list ls-list-undefined wp-block-list ls-list-undefined ls__list-undefined\">\n<li>Para los deportistas: gimnasia acu\u00e1tica, torneos de f\u00fatbol, baloncesto y balonmano &#8230;.<br>La tradicional excursi\u00f3n a la Rhune todos los mi\u00e9rcoles<\/li>\n\n\n\n<li>Para todos, venga a descubrir demostraciones de pelota vasca, participe en los juegos de aperitivo, haga el baile del camping&#8230;.<br>Para completar la jornada, acuda a los actos nocturnos organizados por su equipo de animadores<br>Fiesta de baile, cabaret infantil, espect\u00e1culo, canciones, flamenco, Loto&#8230;..<\/li>\n<\/ul>\n<\/div>\n<\/div>\n\n\n    <\/div>\n<\/section>\n\n<section id=\"ls-section-block_95493f5fbed551e83768b55bb3e0b1dc\" class=\"ls-section  page-two\" >\n        <div class=\"container container--wide\">\n        \n<div class=\"wp-block-image\">\n<figure class=\"aligncenter size-full\"><img decoding=\"async\" width=\"1024\" height=\"576\" src=\"https:\/\/www.berrua.com\/wp-content\/uploads\/2021\/11\/club-enfants-camping.jpg\" alt=\"club enfants camping\" class=\"wp-image-10423\" srcset=\"https:\/\/www.berrua.com\/wp-content\/uploads\/2021\/11\/club-enfants-camping.jpg 1024w, https:\/\/www.berrua.com\/wp-content\/uploads\/2021\/11\/club-enfants-camping-300x169.jpg 300w, https:\/\/www.berrua.com\/wp-content\/uploads\/2021\/11\/club-enfants-camping-768x432.jpg 768w\" sizes=\"(max-width: 1024px) 100vw, 1024px\" \/><\/figure>\n<\/div>\n\n    <\/div>\n<\/section>\n\n<section id=\"ls-section-block_f05a345a10b042695b71ec6d244ec3e8\" class=\"ls-section  page-three\" >\n        <div class=\"container \">\n        \n\n<h2 class=\"ls__heading wp-block-heading ls__heading ls__heading-undefined\" id=\"para-ninos\">PARA NI\u00d1OS<\/h2>\n\n\n\n<p class=\"ls-paragraph ls__paragraph\">\u2022 Camping para ni\u00f1os (de 6 a 11 a\u00f1os): el SUNNY CLUB le acoge todos los d\u00edas de la semana (horarios a consultar in situ). Los animadores proponen dibujos, pinturas, b\u00fasquedas del tesoro y pintura de caras&#8230;.<\/p>\n\n\n\n<p class=\"ls-paragraph ls__paragraph\">&#8211; Para los adolescentes(de 12 a 18 a\u00f1os): el club les permitir\u00e1 conocer gente nueva a trav\u00e9s de actividades dise\u00f1adas para los j\u00f3venes. Torneos organizados (f\u00fatbol, balonmano, baloncesto), iniciaci\u00f3n a la pelota, molki&#8230;.<\/p>\n\n\n    <\/div>\n<\/section>\n\n<section id=\"ls-section-block_0912aae8b69d179c3f11ac319a49df6f\" class=\"ls-section  page-fourth\" >\n        <div class=\"container container--full\">\n        \n\n<figure class=\"wp-block-image size-large\"><img decoding=\"async\" width=\"1903\" height=\"700\" src=\"https:\/\/www.berrua.com\/wp-content\/uploads\/2021\/11\/epicerie-4-etoiles-bidart.jpg\" alt=\"epicerie 4 etoiles bidart\" class=\"wp-image-10428\" srcset=\"https:\/\/www.berrua.com\/wp-content\/uploads\/2021\/11\/epicerie-4-etoiles-bidart.jpg 1903w, https:\/\/www.berrua.com\/wp-content\/uploads\/2021\/11\/epicerie-4-etoiles-bidart-300x110.jpg 300w, https:\/\/www.berrua.com\/wp-content\/uploads\/2021\/11\/epicerie-4-etoiles-bidart-1024x377.jpg 1024w, https:\/\/www.berrua.com\/wp-content\/uploads\/2021\/11\/epicerie-4-etoiles-bidart-768x283.jpg 768w, https:\/\/www.berrua.com\/wp-content\/uploads\/2021\/11\/epicerie-4-etoiles-bidart-1536x565.jpg 1536w\" sizes=\"(max-width: 1903px) 100vw, 1903px\" \/><\/figure>\n\n\n    <\/div>\n<\/section>\n\n<section id=\"ls-section-block_b2fc780cc810695a14edf3a745eec5e2\" class=\"ls-section  page-fourth-bis has-text-color has-color-black-color\" >\n        <div class=\"container container--wide\">\n        \n\n<div class=\"wp-block-columns is-layout-flex wp-container-core-columns-is-layout-9d6595d7 wp-block-columns-is-layout-flex\">\n<div class=\"wp-block-column is-layout-flow wp-block-column-is-layout-flow\">\n<h2 class=\"ls__heading wp-block-heading ls__heading ls__heading-undefined\" id=\"alimentacion\"><mark style=\"background-color:rgba(0, 0, 0, 0)\" class=\"has-inline-color has-color-3-color\">ALIMENTACI\u00d3N<\/mark><\/h2>\n<\/div>\n\n\n\n<div class=\"wp-block-column is-layout-flow wp-block-column-is-layout-flow\"><\/div>\n<\/div>\n\n\n\n<div class=\"wp-block-columns is-layout-flex wp-container-core-columns-is-layout-9d6595d7 wp-block-columns-is-layout-flex\">\n<div class=\"wp-block-column is-layout-flow wp-block-column-is-layout-flow\">\n<p class=\"ls-paragraph ls__paragraph\">Abierto de abril a septiembre, el supermercado ofrece pan horneado al momento, as\u00ed como boller\u00eda todas las ma\u00f1anas. Encontrar\u00e1 productos cotidianos: caf\u00e9, az\u00facar, galletas, biscotes, productos frescos&#8230;.<\/p>\n\n\n\n<h2 class=\"ls__heading wp-block-heading ls__heading ls__heading-undefined p-t-5\" id=\"restaurante-pizzeria\">RESTAURANTE\/PIZZER\u00cdA<\/h2>\n\n\n\n<p class=\"ls-paragraph ls__paragraph\">El restaurante Bidart Hobeki le acoge por la ma\u00f1ana\/mediod\u00eda y por la noche, todos los d\u00edas, para pasar un momento c\u00e1lido y amistoso en torno a una buena comida (platos combinados, especialidades vascas&#8230;) Se proponen pizzas para llevar o para comer in situ.<br><\/p>\n\n\n\n<p class=\"ls-paragraph ls__paragraph\">El bar, La Txalupa, tiene una gran terraza con vistas a la piscina. Puedes relajarte en julio y agosto con un c\u00f3ctel, un aperitivo (gofres, tortitas) o venir a comer sobre la marcha (ensaladas, paninis, s\u00e1ndwiches&#8230;)<\/p>\n<\/div>\n\n\n\n<div class=\"wp-block-column is-layout-flow wp-block-column-is-layout-flow\">\n<h2 class=\"ls__heading wp-block-heading ls__heading ls__heading-undefined p-t-5\" id=\"servicios\">SERVICIOS<\/h2>\n\n\n\n<p class=\"ls-paragraph ls__paragraph\">Para disfrutar al m\u00e1ximo de sus vacaciones en el camping 4 estrellas Pays Basque, descubra todos nuestros servicios e instalaciones.<\/p>\n\n\n\n<ul class=\"ls-list ls-list-undefined wp-block-list ls-list-undefined ls__list-undefined\">\n<li>Correo de salida y franqueo (de lunes a viernes)<\/li>\n\n\n\n<li>Transporte a la playa (gratuito en julio\/agosto)<\/li>\n\n\n\n<li>Venta de entradas: venta de entradas para el Acuario de Biarritz, la Cit\u00e9 de l&#8217;oc\u00e9an de Biarritz, billetes de autob\u00fas para las fiestas de Bayona<\/li>\n\n\n\n<li>Lavander\u00eda: 2 bloques sanitarios con lavadora (4\u20ac) Y secadora (3\u20ac)<\/li>\n\n\n\n<li>Zona de autocaravanas: est\u00e1 prohibido aparcar<br>Equipado para vaciar y rellenar el agua (gratis para los hu\u00e9spedes del camping y 3\u20ac para los forasteros)<\/li>\n<\/ul>\n\n\n\n<p class=\"ls-paragraph ls__paragraph\">Para m\u00e1s informaci\u00f3n, el equipo del camping barato Pays Basque estar\u00e1 siempre disponible para responderle.<\/p>\n<\/div>\n<\/div>\n\n\n    <\/div>\n<\/section>\n\n<section id=\"ls-section-block_db316a07d2f4905bbc5489b7a0b2397d\" class=\"ls-section  page-cta has-p-t p-t-1\" >\n        <div class=\"container container--wide\">\n        \n\n<h2 class=\"ls__heading wp-block-heading has-text-align-center ls__heading-undefined title-deco\" id=\"descubra-los-servicios-del-camping\"><mark style=\"background-color:rgba(0, 0, 0, 0)\" class=\"has-inline-color has-color-1-color\">Descubra los servicios del camping<\/mark><\/h2>\n\n\n\n<div class=\"wp-block-columns is-layout-flex wp-container-core-columns-is-layout-9d6595d7 wp-block-columns-is-layout-flex\">\n<div class=\"wp-block-column is-layout-flow wp-block-column-is-layout-flow\">\n<div id=\"ls-cta-block_051b244e02ace43d510639dad3006102\" class=\"ls-cta\">  \n    \n\n<a href=\"https:\/\/www.berrua.com\/es\/camping-4-estrellas-pais-vasco\/camping-con-restaurante-pais-vasco\/\" target=\"\" rel=\"noopener\" class=\"ls-cta__link\" data-categ=\"\">\n\t<div class=\"ls-cta__image\"><img decoding=\"async\" src=\"https:\/\/www.berrua.com\/wp-content\/uploads\/2021\/11\/camping-snack-bidart.jpg\" alt=\"camping snack bidart\"><\/div>\n\t<div class=\"ls-cta__title\">\n\t\tRestaurant \/ Pizzeria\t<\/div>\n\n\t<\/a><\/div><\/div>\n\n\n\n<div class=\"wp-block-column is-layout-flow wp-block-column-is-layout-flow\">\n<div id=\"ls-cta-block_38aac3143f6a1b5d9fd72527c981d4fc\" class=\"ls-cta\">  \n    \n\n<a href=\"\/es\/camping-4-estrellas-pais-vasco\/recepcion-del-camping-berrua\/\" target=\"\" rel=\"noopener\" class=\"ls-cta__link\" data-categ=\"\">\n\t<div class=\"ls-cta__image\"><img decoding=\"async\" src=\"https:\/\/www.berrua.com\/wp-content\/uploads\/2021\/11\/accueil-camping-bidart.jpg\" alt=\"accueil camping bidart\"><\/div>\n\t<div class=\"ls-cta__title\">\n\t\tLa R\u00e9ception\t<\/div>\n\n\t<\/a><\/div><\/div>\n\n\n\n<div class=\"wp-block-column is-layout-flow wp-block-column-is-layout-flow\">\n<div id=\"ls-cta-block_2681b60b36b6b2d5d51472e30b635b60\" class=\"ls-cta\">  \n    \n\n<a href=\"\/es\/camping-4-estrellas-pais-vasco\/camping-con-club-infantil-el-pais-vasco\/\" target=\"\" rel=\"noopener\" class=\"ls-cta__link\" data-categ=\"\">\n\t<div class=\"ls-cta__image\"><img decoding=\"async\" src=\"https:\/\/www.berrua.com\/wp-content\/uploads\/2021\/11\/club-enfants-bidart.jpg\" alt=\"club enfants bidart\"><\/div>\n\t<div class=\"ls-cta__title\">\n\t\tClub enfants\t<\/div>\n\n\t<\/a><\/div><\/div>\n<\/div>\n\n\n    <\/div>\n<\/section>","protected":false},"excerpt":{"rendered":"","protected":false},"author":1,"featured_media":10398,"parent":0,"menu_order":0,"comment_status":"closed","ping_status":"closed","template":"","meta":{"_acf_changed":false,"inline_featured_image":false,"footnotes":""},"sujet":[],"class_list":["post-15365","page","type-page","status-publish","has-post-thumbnail","hentry"],"acf":[],"yoast_head":"<!-- This site is optimized with the Yoast SEO plugin v26.2 - https:\/\/yoast.com\/wordpress\/plugins\/seo\/ -->\n<title>Camping 4 estrellas S\u00fbnelia Berrua en Bidart, Pa\u00eds Vasco<\/title>\n<meta name=\"robots\" content=\"index, follow, max-snippet:-1, max-image-preview:large, max-video-preview:-1\" \/>\n<link rel=\"canonical\" href=\"https:\/\/www.berrua.com\/es\/camping-4-estrellas-pais-vasco\/\" \/>\n<meta property=\"og:locale\" content=\"es_ES\" \/>\n<meta property=\"og:type\" content=\"article\" \/>\n<meta property=\"og:title\" content=\"Camping 4 estrellas S\u00fbnelia Berrua en Bidart, Pa\u00eds Vasco\" \/>\n<meta property=\"og:url\" content=\"https:\/\/www.berrua.com\/es\/camping-4-estrellas-pais-vasco\/\" \/>\n<meta property=\"og:site_name\" content=\"Domaine Berrua\" \/>\n<meta property=\"article:modified_time\" content=\"2026-02-20T07:29:33+00:00\" \/>\n<meta property=\"og:image\" content=\"https:\/\/www.berrua.com\/wp-content\/uploads\/2021\/11\/accueil-4-etoiles-bidart.jpg\" \/>\n\t<meta property=\"og:image:width\" content=\"1903\" \/>\n\t<meta property=\"og:image:height\" content=\"450\" \/>\n\t<meta property=\"og:image:type\" content=\"image\/jpeg\" \/>\n<meta name=\"twitter:card\" content=\"summary_large_image\" \/>\n<meta name=\"twitter:label1\" content=\"Tiempo de lectura\" \/>\n\t<meta name=\"twitter:data1\" content=\"4 minutos\" \/>\n<script type=\"application\/ld+json\" class=\"yoast-schema-graph\">{\"@context\":\"https:\/\/schema.org\",\"@graph\":[{\"@type\":\"WebPage\",\"@id\":\"https:\/\/www.berrua.com\/es\/camping-4-estrellas-pais-vasco\/\",\"url\":\"https:\/\/www.berrua.com\/es\/camping-4-estrellas-pais-vasco\/\",\"name\":\"Camping 4 estrellas S\u00fbnelia Berrua en Bidart, Pa\u00eds Vasco\",\"isPartOf\":{\"@id\":\"https:\/\/www.berrua.com\/es\/#website\"},\"primaryImageOfPage\":{\"@id\":\"https:\/\/www.berrua.com\/es\/camping-4-estrellas-pais-vasco\/#primaryimage\"},\"image\":{\"@id\":\"https:\/\/www.berrua.com\/es\/camping-4-estrellas-pais-vasco\/#primaryimage\"},\"thumbnailUrl\":\"https:\/\/www.berrua.com\/wp-content\/uploads\/2021\/11\/accueil-4-etoiles-bidart.jpg\",\"datePublished\":\"2021-10-20T14:05:02+00:00\",\"dateModified\":\"2026-02-20T07:29:33+00:00\",\"breadcrumb\":{\"@id\":\"https:\/\/www.berrua.com\/es\/camping-4-estrellas-pais-vasco\/#breadcrumb\"},\"inLanguage\":\"es\",\"potentialAction\":[{\"@type\":\"ReadAction\",\"target\":[\"https:\/\/www.berrua.com\/es\/camping-4-estrellas-pais-vasco\/\"]}]},{\"@type\":\"ImageObject\",\"inLanguage\":\"es\",\"@id\":\"https:\/\/www.berrua.com\/es\/camping-4-estrellas-pais-vasco\/#primaryimage\",\"url\":\"https:\/\/www.berrua.com\/wp-content\/uploads\/2021\/11\/accueil-4-etoiles-bidart.jpg\",\"contentUrl\":\"https:\/\/www.berrua.com\/wp-content\/uploads\/2021\/11\/accueil-4-etoiles-bidart.jpg\",\"width\":1903,\"height\":450,\"caption\":\"accueil 4 Etoiles bidart\"},{\"@type\":\"BreadcrumbList\",\"@id\":\"https:\/\/www.berrua.com\/es\/camping-4-estrellas-pais-vasco\/#breadcrumb\",\"itemListElement\":[{\"@type\":\"ListItem\",\"position\":1,\"name\":\"Camping Bidart au Pays Basque\",\"item\":\"https:\/\/www.berrua.com\/es\/\"},{\"@type\":\"ListItem\",\"position\":2,\"name\":\"CAMPING 4 \u00c9TOILES SUR LA C\u00d4TE BASQUE\"}]},{\"@type\":\"WebSite\",\"@id\":\"https:\/\/www.berrua.com\/es\/#website\",\"url\":\"https:\/\/www.berrua.com\/es\/\",\"name\":\"Domaine Berrua\",\"description\":\"\",\"publisher\":{\"@id\":\"https:\/\/www.berrua.com\/es\/#organization\"},\"potentialAction\":[{\"@type\":\"SearchAction\",\"target\":{\"@type\":\"EntryPoint\",\"urlTemplate\":\"https:\/\/www.berrua.com\/es\/?s={search_term_string}\"},\"query-input\":{\"@type\":\"PropertyValueSpecification\",\"valueRequired\":true,\"valueName\":\"search_term_string\"}}],\"inLanguage\":\"es\"},{\"@type\":\"Organization\",\"@id\":\"https:\/\/www.berrua.com\/es\/#organization\",\"name\":\"Camping Berrua\",\"url\":\"https:\/\/www.berrua.com\/es\/\",\"logo\":{\"@type\":\"ImageObject\",\"inLanguage\":\"es\",\"@id\":\"https:\/\/www.berrua.com\/es\/#\/schema\/logo\/image\/\",\"url\":\"https:\/\/www.berrua.com\/wp-content\/uploads\/2022\/01\/berrua.jpg\",\"contentUrl\":\"https:\/\/www.berrua.com\/wp-content\/uploads\/2022\/01\/berrua.jpg\",\"width\":321,\"height\":231,\"caption\":\"Camping Berrua\"},\"image\":{\"@id\":\"https:\/\/www.berrua.com\/es\/#\/schema\/logo\/image\/\"}}]}<\/script>\n<!-- \/ Yoast SEO plugin. -->","yoast_head_json":{"title":"Camping 4 estrellas S\u00fbnelia Berrua en Bidart, Pa\u00eds Vasco","robots":{"index":"index","follow":"follow","max-snippet":"max-snippet:-1","max-image-preview":"max-image-preview:large","max-video-preview":"max-video-preview:-1"},"canonical":"https:\/\/www.berrua.com\/es\/camping-4-estrellas-pais-vasco\/","og_locale":"es_ES","og_type":"article","og_title":"Camping 4 estrellas S\u00fbnelia Berrua en Bidart, Pa\u00eds Vasco","og_url":"https:\/\/www.berrua.com\/es\/camping-4-estrellas-pais-vasco\/","og_site_name":"Domaine Berrua","article_modified_time":"2026-02-20T07:29:33+00:00","og_image":[{"width":1903,"height":450,"url":"https:\/\/www.berrua.com\/wp-content\/uploads\/2021\/11\/accueil-4-etoiles-bidart.jpg","type":"image\/jpeg"}],"twitter_card":"summary_large_image","twitter_misc":{"Tiempo de lectura":"4 minutos"},"schema":{"@context":"https:\/\/schema.org","@graph":[{"@type":"WebPage","@id":"https:\/\/www.berrua.com\/es\/camping-4-estrellas-pais-vasco\/","url":"https:\/\/www.berrua.com\/es\/camping-4-estrellas-pais-vasco\/","name":"Camping 4 estrellas S\u00fbnelia Berrua en Bidart, Pa\u00eds Vasco","isPartOf":{"@id":"https:\/\/www.berrua.com\/es\/#website"},"primaryImageOfPage":{"@id":"https:\/\/www.berrua.com\/es\/camping-4-estrellas-pais-vasco\/#primaryimage"},"image":{"@id":"https:\/\/www.berrua.com\/es\/camping-4-estrellas-pais-vasco\/#primaryimage"},"thumbnailUrl":"https:\/\/www.berrua.com\/wp-content\/uploads\/2021\/11\/accueil-4-etoiles-bidart.jpg","datePublished":"2021-10-20T14:05:02+00:00","dateModified":"2026-02-20T07:29:33+00:00","breadcrumb":{"@id":"https:\/\/www.berrua.com\/es\/camping-4-estrellas-pais-vasco\/#breadcrumb"},"inLanguage":"es","potentialAction":[{"@type":"ReadAction","target":["https:\/\/www.berrua.com\/es\/camping-4-estrellas-pais-vasco\/"]}]},{"@type":"ImageObject","inLanguage":"es","@id":"https:\/\/www.berrua.com\/es\/camping-4-estrellas-pais-vasco\/#primaryimage","url":"https:\/\/www.berrua.com\/wp-content\/uploads\/2021\/11\/accueil-4-etoiles-bidart.jpg","contentUrl":"https:\/\/www.berrua.com\/wp-content\/uploads\/2021\/11\/accueil-4-etoiles-bidart.jpg","width":1903,"height":450,"caption":"accueil 4 Etoiles bidart"},{"@type":"BreadcrumbList","@id":"https:\/\/www.berrua.com\/es\/camping-4-estrellas-pais-vasco\/#breadcrumb","itemListElement":[{"@type":"ListItem","position":1,"name":"Camping Bidart au Pays Basque","item":"https:\/\/www.berrua.com\/es\/"},{"@type":"ListItem","position":2,"name":"CAMPING 4 \u00c9TOILES SUR LA C\u00d4TE BASQUE"}]},{"@type":"WebSite","@id":"https:\/\/www.berrua.com\/es\/#website","url":"https:\/\/www.berrua.com\/es\/","name":"Domaine Berrua","description":"","publisher":{"@id":"https:\/\/www.berrua.com\/es\/#organization"},"potentialAction":[{"@type":"SearchAction","target":{"@type":"EntryPoint","urlTemplate":"https:\/\/www.berrua.com\/es\/?s={search_term_string}"},"query-input":{"@type":"PropertyValueSpecification","valueRequired":true,"valueName":"search_term_string"}}],"inLanguage":"es"},{"@type":"Organization","@id":"https:\/\/www.berrua.com\/es\/#organization","name":"Camping Berrua","url":"https:\/\/www.berrua.com\/es\/","logo":{"@type":"ImageObject","inLanguage":"es","@id":"https:\/\/www.berrua.com\/es\/#\/schema\/logo\/image\/","url":"https:\/\/www.berrua.com\/wp-content\/uploads\/2022\/01\/berrua.jpg","contentUrl":"https:\/\/www.berrua.com\/wp-content\/uploads\/2022\/01\/berrua.jpg","width":321,"height":231,"caption":"Camping Berrua"},"image":{"@id":"https:\/\/www.berrua.com\/es\/#\/schema\/logo\/image\/"}}]}},"_links":{"self":[{"href":"https:\/\/www.berrua.com\/es\/wp-json\/wp\/v2\/pages\/15365","targetHints":{"allow":["GET"]}}],"collection":[{"href":"https:\/\/www.berrua.com\/es\/wp-json\/wp\/v2\/pages"}],"about":[{"href":"https:\/\/www.berrua.com\/es\/wp-json\/wp\/v2\/types\/page"}],"author":[{"embeddable":true,"href":"https:\/\/www.berrua.com\/es\/wp-json\/wp\/v2\/users\/1"}],"replies":[{"embeddable":true,"href":"https:\/\/www.berrua.com\/es\/wp-json\/wp\/v2\/comments?post=15365"}],"version-history":[{"count":10,"href":"https:\/\/www.berrua.com\/es\/wp-json\/wp\/v2\/pages\/15365\/revisions"}],"predecessor-version":[{"id":1032315,"href":"https:\/\/www.berrua.com\/es\/wp-json\/wp\/v2\/pages\/15365\/revisions\/1032315"}],"wp:featuredmedia":[{"embeddable":true,"href":"https:\/\/www.berrua.com\/es\/wp-json\/wp\/v2\/media\/10398"}],"wp:attachment":[{"href":"https:\/\/www.berrua.com\/es\/wp-json\/wp\/v2\/media?parent=15365"}],"wp:term":[{"taxonomy":"sujet","embeddable":true,"href":"https:\/\/www.berrua.com\/es\/wp-json\/wp\/v2\/sujet?post=15365"}],"curies":[{"name":"wp","href":"https:\/\/api.w.org\/{rel}","templated":true}]}}