{"id":14195,"date":"2021-10-13T14:24:05","date_gmt":"2021-10-13T12:24:05","guid":{"rendered":"http:\/\/www.berrua.com\/mentions-legales\/"},"modified":"2022-12-20T11:10:14","modified_gmt":"2022-12-20T10:10:14","slug":"informacion-legal","status":"publish","type":"page","link":"https:\/\/www.berrua.com\/es\/informacion-legal\/","title":{"rendered":"Mentions l\u00e9gales"},"content":{"rendered":"<section id=\"ls-section-block_dd544f8f4dc44cd96eeb1b8ae71130ce\" class=\"ls-section \" >\n        <div class=\"container container--wide\">\n        \n\n<h1 class=\"ls__heading has-text-align-center ls__heading-undefined wp-block-heading\">Informaci\u00f3n legal<\/h1>\n\n\n\n<h2 class=\"ls__heading inline-title center wp-block-heading\">Editor del sitio<\/h2>\n\n\n\n<p class=\"ls-paragraph\">Domaine Berrua ****<br>Direcci\u00f3n : Rue Berrua 64210 BIDART<br>Tel. : 05 59 54 96 66<br>Correo electr\u00f3nico : contact@berrua.com<br>N\u00b0 Siret : 43891849200010<br>Code APE : 5530Z<br>RCS : Bayonne B 438 918 492<\/p>\n\n\n\n<h2 class=\"ls__heading inline-title center wp-block-heading\">Mediador<\/h2>\n\n\n\n<p class=\"ls-paragraph\">En caso de litigio y despu\u00e9s de haber recurrido al servicio de atenci\u00f3n al cliente del profesional, cualquier cliente puede recurrir a un mediador de consumo en un plazo m\u00e1ximo de un a\u00f1o a partir de la fecha de la reclamaci\u00f3n escrita, por carta certificada, al profesional. Los datos de contacto del mediador al que puede dirigirse el cliente son los siguientes<\/p>\n\n\n\n<p class=\"ls-paragraph\">BAYONNE MEDIATION<br>32 rue du Hameau, 64200 BIARRITZ<br><a href=\"https:\/\/www.bayonne-mediation.com\" rel=\"noopener\" target=\"_blank\">www.bayonne-mediation.com<\/a><br>06 79 59 83 38<\/p>\n\n\n\n<h2 class=\"ls__heading inline-title center wp-block-heading\">Realizaci\u00f3n<\/h2>\n\n\n\n<p class=\"ls-paragraph\">GEEK TONIC<br>Representado por el Sr. Yohann Darmayan en su calidad de gerente<br>Sede central : 1 ALL PIERRE GEORGES LATECOERE 64200 BIARRITZ<br>Tel. : 05 32 74 11 52<br>Correo electr\u00f3nico : support@geek-tonic.com<br>Sitio web : <a href=\"https:\/\/www.geek-tonic.com\" target=\"_blank\" rel=\"noreferrer noopener\">www.geek-tonic.com<\/a><br>SIRET : 89746755100015<br>APE : 6201Z<\/p>\n\n\n\n<h2 class=\"ls__heading inline-title center wp-block-heading\">Derechos de autor y copyright<\/h2>\n\n\n\n<p class=\"ls-paragraph\">Todo el contenido de este sitio est\u00e1 sujeto a los derechos de autor y de propiedad intelectual de la legislaci\u00f3n francesa. Queda prohibida cualquier reproducci\u00f3n (incluidas las fotos, los iconos y los documentos descargables) sin el acuerdo previo de Geek Tonic. Queda prohibida la reproducci\u00f3n en un soporte electr\u00f3nico de la totalidad o parte del sitio en papel o en formato electr\u00f3nico. Geek Tonic declina toda responsabilidad por el contenido del sitio web. Geek Tonic tambi\u00e9n declina toda responsabilidad por los enlaces externos que apunten a este sitio.<\/p>\n\n\n\n<h2 class=\"ls__heading inline-title center wp-block-heading\">Datos personales e informaci\u00f3n nominativa<\/h2>\n\n\n\n<p class=\"ls-paragraph\">Usted dispone de un derecho de acceso, modificaci\u00f3n, rectificaci\u00f3n y supresi\u00f3n de los datos que le conciernen, de conformidad con el art\u00edculo 34 de la ley francesa de protecci\u00f3n de datos (Loi \u00bb Informatique et Libert\u00e9s \u00bb n\u00b0 78-17 de 6 de enero de 1978, modificada el 6 de agosto de 2004). Para ejercer este derecho de acceso, puede presentar una solicitud por escrito al editor del sitio.<\/p>\n\n\n\n<h2 class=\"ls__heading inline-title center wp-block-heading\">Legislaci\u00f3n<\/h2>\n\n\n\n<p class=\"ls-paragraph\">Seg\u00fan la ley del 11 de marzo de 1957 (art. 41) y el c\u00f3digo de la propiedad intelectual del 1 de julio de 1992, est\u00e1 prohibida la reproducci\u00f3n parcial o total de cualquier parte del sitio sin autorizaci\u00f3n previa del editor del mismo. Los logotipos, los elementos visuales, las fotos, los v\u00eddeos, los cuadros gr\u00e1ficos y los textos son propiedad de sus respectivos due\u00f1os. Este sitio puede, sin su conocimiento, haber sido vinculado a otros sitios por medio de enlaces hipermedia. El editor del sitio declina toda responsabilidad por la informaci\u00f3n presentada en estos otros sitios. El internauta reconoce que la utilizaci\u00f3n de este sitio se rige por el derecho franc\u00e9s.<\/p>\n\n\n    <\/div>\n<\/section>","protected":false},"excerpt":{"rendered":"","protected":false},"author":1,"featured_media":0,"parent":0,"menu_order":0,"comment_status":"closed","ping_status":"closed","template":"","meta":{"_acf_changed":false,"inline_featured_image":false,"footnotes":""},"sujet":[],"class_list":["post-14195","page","type-page","status-publish","hentry"],"acf":[],"yoast_head":"<!-- This site is optimized with the Yoast SEO plugin v26.2 - https:\/\/yoast.com\/wordpress\/plugins\/seo\/ -->\n<title>Mentions l\u00e9gales - Domaine Berrua<\/title>\n<meta name=\"robots\" content=\"noindex, nofollow\" \/>\n<meta property=\"og:locale\" content=\"es_ES\" \/>\n<meta property=\"og:type\" content=\"article\" \/>\n<meta property=\"og:title\" content=\"Mentions l\u00e9gales - Domaine Berrua\" \/>\n<meta property=\"og:url\" content=\"https:\/\/www.berrua.com\/es\/informacion-legal\/\" \/>\n<meta property=\"og:site_name\" content=\"Domaine Berrua\" \/>\n<meta property=\"article:modified_time\" content=\"2022-12-20T10:10:14+00:00\" \/>\n<meta name=\"twitter:card\" content=\"summary_large_image\" \/>\n<meta name=\"twitter:label1\" content=\"Tiempo de lectura\" \/>\n\t<meta name=\"twitter:data1\" content=\"3 minutos\" \/>\n<script type=\"application\/ld+json\" class=\"yoast-schema-graph\">{\"@context\":\"https:\/\/schema.org\",\"@graph\":[{\"@type\":\"WebPage\",\"@id\":\"https:\/\/www.berrua.com\/es\/informacion-legal\/\",\"url\":\"https:\/\/www.berrua.com\/es\/informacion-legal\/\",\"name\":\"Mentions l\u00e9gales - Domaine Berrua\",\"isPartOf\":{\"@id\":\"https:\/\/www.berrua.com\/es\/#website\"},\"datePublished\":\"2021-10-13T12:24:05+00:00\",\"dateModified\":\"2022-12-20T10:10:14+00:00\",\"breadcrumb\":{\"@id\":\"https:\/\/www.berrua.com\/es\/informacion-legal\/#breadcrumb\"},\"inLanguage\":\"es\",\"potentialAction\":[{\"@type\":\"ReadAction\",\"target\":[\"https:\/\/www.berrua.com\/es\/informacion-legal\/\"]}]},{\"@type\":\"BreadcrumbList\",\"@id\":\"https:\/\/www.berrua.com\/es\/informacion-legal\/#breadcrumb\",\"itemListElement\":[{\"@type\":\"ListItem\",\"position\":1,\"name\":\"Camping Bidart au Pays Basque\",\"item\":\"https:\/\/www.berrua.com\/es\/\"},{\"@type\":\"ListItem\",\"position\":2,\"name\":\"Informacion legal\"}]},{\"@type\":\"WebSite\",\"@id\":\"https:\/\/www.berrua.com\/es\/#website\",\"url\":\"https:\/\/www.berrua.com\/es\/\",\"name\":\"Domaine Berrua\",\"description\":\"\",\"publisher\":{\"@id\":\"https:\/\/www.berrua.com\/es\/#organization\"},\"potentialAction\":[{\"@type\":\"SearchAction\",\"target\":{\"@type\":\"EntryPoint\",\"urlTemplate\":\"https:\/\/www.berrua.com\/es\/?s={search_term_string}\"},\"query-input\":{\"@type\":\"PropertyValueSpecification\",\"valueRequired\":true,\"valueName\":\"search_term_string\"}}],\"inLanguage\":\"es\"},{\"@type\":\"Organization\",\"@id\":\"https:\/\/www.berrua.com\/es\/#organization\",\"name\":\"Camping Berrua\",\"url\":\"https:\/\/www.berrua.com\/es\/\",\"logo\":{\"@type\":\"ImageObject\",\"inLanguage\":\"es\",\"@id\":\"https:\/\/www.berrua.com\/es\/#\/schema\/logo\/image\/\",\"url\":\"https:\/\/www.berrua.com\/wp-content\/uploads\/2022\/01\/berrua.jpg\",\"contentUrl\":\"https:\/\/www.berrua.com\/wp-content\/uploads\/2022\/01\/berrua.jpg\",\"width\":321,\"height\":231,\"caption\":\"Camping Berrua\"},\"image\":{\"@id\":\"https:\/\/www.berrua.com\/es\/#\/schema\/logo\/image\/\"}}]}<\/script>\n<!-- \/ Yoast SEO plugin. -->","yoast_head_json":{"title":"Mentions l\u00e9gales - Domaine Berrua","robots":{"index":"noindex","follow":"nofollow"},"og_locale":"es_ES","og_type":"article","og_title":"Mentions l\u00e9gales - Domaine Berrua","og_url":"https:\/\/www.berrua.com\/es\/informacion-legal\/","og_site_name":"Domaine Berrua","article_modified_time":"2022-12-20T10:10:14+00:00","twitter_card":"summary_large_image","twitter_misc":{"Tiempo de lectura":"3 minutos"},"schema":{"@context":"https:\/\/schema.org","@graph":[{"@type":"WebPage","@id":"https:\/\/www.berrua.com\/es\/informacion-legal\/","url":"https:\/\/www.berrua.com\/es\/informacion-legal\/","name":"Mentions l\u00e9gales - Domaine Berrua","isPartOf":{"@id":"https:\/\/www.berrua.com\/es\/#website"},"datePublished":"2021-10-13T12:24:05+00:00","dateModified":"2022-12-20T10:10:14+00:00","breadcrumb":{"@id":"https:\/\/www.berrua.com\/es\/informacion-legal\/#breadcrumb"},"inLanguage":"es","potentialAction":[{"@type":"ReadAction","target":["https:\/\/www.berrua.com\/es\/informacion-legal\/"]}]},{"@type":"BreadcrumbList","@id":"https:\/\/www.berrua.com\/es\/informacion-legal\/#breadcrumb","itemListElement":[{"@type":"ListItem","position":1,"name":"Camping Bidart au Pays Basque","item":"https:\/\/www.berrua.com\/es\/"},{"@type":"ListItem","position":2,"name":"Informacion legal"}]},{"@type":"WebSite","@id":"https:\/\/www.berrua.com\/es\/#website","url":"https:\/\/www.berrua.com\/es\/","name":"Domaine Berrua","description":"","publisher":{"@id":"https:\/\/www.berrua.com\/es\/#organization"},"potentialAction":[{"@type":"SearchAction","target":{"@type":"EntryPoint","urlTemplate":"https:\/\/www.berrua.com\/es\/?s={search_term_string}"},"query-input":{"@type":"PropertyValueSpecification","valueRequired":true,"valueName":"search_term_string"}}],"inLanguage":"es"},{"@type":"Organization","@id":"https:\/\/www.berrua.com\/es\/#organization","name":"Camping Berrua","url":"https:\/\/www.berrua.com\/es\/","logo":{"@type":"ImageObject","inLanguage":"es","@id":"https:\/\/www.berrua.com\/es\/#\/schema\/logo\/image\/","url":"https:\/\/www.berrua.com\/wp-content\/uploads\/2022\/01\/berrua.jpg","contentUrl":"https:\/\/www.berrua.com\/wp-content\/uploads\/2022\/01\/berrua.jpg","width":321,"height":231,"caption":"Camping Berrua"},"image":{"@id":"https:\/\/www.berrua.com\/es\/#\/schema\/logo\/image\/"}}]}},"_links":{"self":[{"href":"https:\/\/www.berrua.com\/es\/wp-json\/wp\/v2\/pages\/14195","targetHints":{"allow":["GET"]}}],"collection":[{"href":"https:\/\/www.berrua.com\/es\/wp-json\/wp\/v2\/pages"}],"about":[{"href":"https:\/\/www.berrua.com\/es\/wp-json\/wp\/v2\/types\/page"}],"author":[{"embeddable":true,"href":"https:\/\/www.berrua.com\/es\/wp-json\/wp\/v2\/users\/1"}],"replies":[{"embeddable":true,"href":"https:\/\/www.berrua.com\/es\/wp-json\/wp\/v2\/comments?post=14195"}],"version-history":[{"count":3,"href":"https:\/\/www.berrua.com\/es\/wp-json\/wp\/v2\/pages\/14195\/revisions"}],"predecessor-version":[{"id":987334,"href":"https:\/\/www.berrua.com\/es\/wp-json\/wp\/v2\/pages\/14195\/revisions\/987334"}],"wp:attachment":[{"href":"https:\/\/www.berrua.com\/es\/wp-json\/wp\/v2\/media?parent=14195"}],"wp:term":[{"taxonomy":"sujet","embeddable":true,"href":"https:\/\/www.berrua.com\/es\/wp-json\/wp\/v2\/sujet?post=14195"}],"curies":[{"name":"wp","href":"https:\/\/api.w.org\/{rel}","templated":true}]}}