{"id":14171,"date":"2021-10-13T14:23:39","date_gmt":"2021-10-13T12:23:39","guid":{"rendered":"http:\/\/www.berrua.com\/contact-camping-basque-basque\/"},"modified":"2022-01-03T14:49:50","modified_gmt":"2022-01-03T13:49:50","slug":"contactar-acampar-berrua","status":"publish","type":"page","link":"https:\/\/www.berrua.com\/es\/contactar-acampar-berrua\/","title":{"rendered":"Infos et contact"},"content":{"rendered":"<section id=\"ls-section-block_6188f58639d55\" class=\"ls-section  page-one has-background has-color-white-background-color has-p-b p-b-1\" >\n        <div class=\"container container--wide\">\n        \n\n<h1 class=\"ls__heading has-text-align-center ls__heading-undefined wp-block-heading\"><span class=\"has-inline-color has-color-1-color\">Contactar eL camping<\/span> BERRUA<\/h1>\n\n\n\n<h2 class=\"ls__heading ls__heading-undefined wp-block-heading\"><span class=\"has-inline-color has-color-1-color\">\u00bfC\u00f3mo llegar a Bidart en el Pa\u00eds Vasco?<\/span><\/h2>\n\n\n\n<p class=\"ls-paragraph ls__paragraph has-color-1-color has-text-color\"><span class=\"has-inline-color has-color-black-color\">Para sus vacaciones en familia o con amigos, le damos la bienvenida a nuestro camping en el Pa\u00eds Vasco. Para hacer su reserva en nuestro establecimiento, puede ponerse en contacto con nosotros por tel\u00e9fono o elegir su alojamiento en unos pocos clics en nuestra p\u00e1gina web.<\/span><\/p>\n\n\n\n<p class=\"ls-paragraph ls__paragraph\"><span class=\"has-inline-color has-color-black-color\">Si tiene alguna pregunta sobre el camping, los alquileres y el entorno, puede ponerse en contacto con nosotros directamente rellenando el formulario que le ofrecemos. Nuestros equipos cualificados est\u00e1n a su servicio para responder a todas sus preguntas de la forma m\u00e1s r\u00e1pida y precisa posible.<\/span><\/p>\n\n\n\n<div class=\"wp-block-columns is-layout-flex wp-container-core-columns-is-layout-9d6595d7 wp-block-columns-is-layout-flex\">\n<div class=\"wp-block-column is-layout-flow wp-block-column-is-layout-flow\" style=\"flex-basis:100%\">\n<div class=\"wp-block-columns is-layout-flex wp-container-core-columns-is-layout-9d6595d7 wp-block-columns-is-layout-flex\">\n<div class=\"wp-block-column is-layout-flow wp-block-column-is-layout-flow\">\n<div class=\"wp-block-columns is-layout-flex wp-container-core-columns-is-layout-9d6595d7 wp-block-columns-is-layout-flex\">\n<div class=\"wp-block-column is-vertically-aligned-center is-layout-flow wp-block-column-is-layout-flow\">\n<div class=\"wp-block-columns are-vertically-aligned-center is-layout-flex wp-container-core-columns-is-layout-9d6595d7 wp-block-columns-is-layout-flex\">\n<div class=\"wp-block-column is-vertically-aligned-center is-layout-flow wp-block-column-is-layout-flow\">\n<div class=\"wpcf7 no-js\" id=\"wpcf7-f14170-o1\" lang=\"fr-FR\" dir=\"ltr\" data-wpcf7-id=\"14170\">\n<div class=\"screen-reader-response\"><p role=\"status\" aria-live=\"polite\" aria-atomic=\"true\"><\/p> <ul><\/ul><\/div>\n<form action=\"\/es\/wp-json\/wp\/v2\/pages\/14171#wpcf7-f14170-o1\" method=\"post\" class=\"wpcf7-form init\" aria-label=\"Formulaire de contact\" novalidate=\"novalidate\" data-status=\"init\">\n<fieldset class=\"hidden-fields-container\"><input type=\"hidden\" name=\"_wpcf7\" value=\"14170\" \/><input type=\"hidden\" name=\"_wpcf7_version\" value=\"6.1.2\" \/><input type=\"hidden\" name=\"_wpcf7_locale\" value=\"fr_FR\" \/><input type=\"hidden\" name=\"_wpcf7_unit_tag\" value=\"wpcf7-f14170-o1\" \/><input type=\"hidden\" name=\"_wpcf7_container_post\" value=\"0\" \/><input type=\"hidden\" name=\"_wpcf7_posted_data_hash\" value=\"\" \/><input type=\"hidden\" name=\"_wpcf7_recaptcha_response\" value=\"\" \/>\n<\/fieldset>\n<p><label> Nombre*<br \/>\n<span class=\"wpcf7-form-control-wrap\" data-name=\"your-name\"><input size=\"40\" maxlength=\"400\" class=\"wpcf7-form-control wpcf7-text wpcf7-validates-as-required\" aria-required=\"true\" aria-invalid=\"false\" value=\"\" type=\"text\" name=\"your-name\" \/><\/span> <\/label>\n<\/p>\n<p><label> Correo electr\u00f3nico*<br \/>\n<span class=\"wpcf7-form-control-wrap\" data-name=\"your-email\"><input size=\"40\" maxlength=\"400\" class=\"wpcf7-form-control wpcf7-email wpcf7-validates-as-required wpcf7-text wpcf7-validates-as-email\" aria-required=\"true\" aria-invalid=\"false\" value=\"\" type=\"email\" name=\"your-email\" \/><\/span> <\/label>\n<\/p>\n<p><label> Asunto*<br \/>\n<span class=\"wpcf7-form-control-wrap\" data-name=\"your-subject\"><input size=\"40\" maxlength=\"400\" class=\"wpcf7-form-control wpcf7-text wpcf7-validates-as-required\" aria-required=\"true\" aria-invalid=\"false\" value=\"\" type=\"text\" name=\"your-subject\" \/><\/span> <\/label>\n<\/p>\n<p><label> Su mensaje<br \/>\n<span class=\"wpcf7-form-control-wrap\" data-name=\"your-message\"><textarea cols=\"40\" rows=\"10\" maxlength=\"2000\" class=\"wpcf7-form-control wpcf7-textarea\" aria-invalid=\"false\" name=\"your-message\"><\/textarea><\/span> <\/label><br \/>\n<span class=\"wpcf7-form-control-wrap\" data-name=\"acceptance-777\"><span class=\"wpcf7-form-control wpcf7-acceptance\"><span class=\"wpcf7-list-item\"><label><input type=\"checkbox\" name=\"acceptance-777\" value=\"1\" aria-invalid=\"false\" \/><span class=\"wpcf7-list-item-label\">Al marcar esta casilla, acepto la <a href=\"\/es\/politica-de-confidencialidad\/\" rel=\"noopener\" target=\"_blank\">Pol\u00edtica de privacidad<\/a> de este sitio.<\/span><\/label><\/span><\/span><\/span><br \/>\n<input class=\"wpcf7-form-control wpcf7-submit has-spinner\" type=\"submit\" value=\"Enviar\" \/>\n<\/p><div class=\"wpcf7-response-output\" aria-hidden=\"true\"><\/div>\n<\/form>\n<\/div>\n\n<\/div>\n\n\n\n<div class=\"wp-block-column is-vertically-aligned-center is-layout-flow wp-block-column-is-layout-flow\">\n<h2 class=\"ls-heading wp-block-heading\"><span style=\"color:#2b4c5b\" class=\"tadv-color\">Contactar con el camping<\/span><\/h2>\n\n\n\n<p class=\"ls-paragraph\"><\/p>\n\n\n\n<p class=\"ls-paragraph ls__paragraph\">En cuanto a la accesibilidad a nuestro camping en Bidart, puede venir f\u00e1cilmente, sea cual sea su medio de transporte.<\/p>\n\n\n\n<p class=\"ls-paragraph ls__paragraph\"><\/p>\n\n\n\n<p class=\"ls-paragraph ls__paragraph\">En coche, nuestro camping es f\u00e1cilmente accesible desde la autopista A63. Si viene en tren, puede parar en la estaci\u00f3n de Biarritz, que est\u00e1 a pocos minutos de nuestro camping.<\/p>\n\n\n\n<p class=\"ls-paragraph ls__paragraph\">Si llega a nuestra regi\u00f3n, muchos vuelos aterrizan en el aeropuerto de Biarritz, que est\u00e1 a menos de 20 minutos en coche.<\/p>\n\n\n\n<p class=\"ls-paragraph ls__paragraph\"><\/p>\n\n\n\n<p class=\"ls-paragraph ls__paragraph\">Para una estancia agradable en el Pa\u00eds Vasco, no dude en reservar su alquiler por Internet o llam\u00e1ndonos.<\/p>\n<\/div>\n<\/div>\n<\/div>\n<\/div>\n<\/div>\n<\/div>\n<\/div>\n<\/div>\n\n\n    <\/div>\n<\/section>\n\n<section id=\"ls-section-block_61965f43c2fea\" class=\"ls-section  map-full\" >\n        <div class=\"container container--full\">\n        \n<p><iframe src=\"https:\/\/www.google.com\/maps\/embed?pb=!1m18!1m12!1m3!1d185375.83784064034!2d-1.535622870599809!3d43.45021049544519!2m3!1f0!2f0!3f0!3m2!1i1024!2i768!4f13.1!3m3!1m2!1s0xd51148ba169b8ef%3A0xe7a6e14bc636f123!2sCamping%20Berrua%20%7C%20Camping%20Bidart%20%7C%20Camping%20Pays%20basque!5e0!3m2!1sfr!2sfr!4v1637244040723!5m2!1sfr!2sfr\" style=\"border:0;\" allowfullscreen=\"\" loading=\"lazy\"><\/iframe><\/p>\n\n\n    <\/div>\n<\/section>","protected":false},"excerpt":{"rendered":"","protected":false},"author":1,"featured_media":0,"parent":0,"menu_order":0,"comment_status":"closed","ping_status":"closed","template":"","meta":{"_acf_changed":false,"inline_featured_image":false,"footnotes":""},"sujet":[],"class_list":["post-14171","page","type-page","status-publish","hentry"],"acf":[],"yoast_head":"<!-- This site is optimized with the Yoast SEO plugin v26.2 - https:\/\/yoast.com\/wordpress\/plugins\/seo\/ -->\n<title>Contactar con el Camping 4 estrellas Berrua en el Pa\u00eds Vasco<\/title>\n<meta name=\"description\" content=\"P\u00f3ngase en contacto con el equipo de campamento, c\u00f3mo reservar? Sepa todo aqu\u00ed\" \/>\n<meta name=\"robots\" content=\"index, follow, max-snippet:-1, max-image-preview:large, max-video-preview:-1\" \/>\n<link rel=\"canonical\" href=\"https:\/\/www.berrua.com\/es\/contactar-acampar-berrua\/\" \/>\n<meta property=\"og:locale\" content=\"es_ES\" \/>\n<meta property=\"og:type\" content=\"article\" \/>\n<meta property=\"og:title\" content=\"Contactar con el Camping 4 estrellas Berrua en el Pa\u00eds Vasco\" \/>\n<meta property=\"og:description\" content=\"P\u00f3ngase en contacto con el equipo de campamento, c\u00f3mo reservar? Sepa todo aqu\u00ed\" \/>\n<meta property=\"og:url\" content=\"https:\/\/www.berrua.com\/es\/contactar-acampar-berrua\/\" \/>\n<meta property=\"og:site_name\" content=\"Domaine Berrua\" \/>\n<meta property=\"article:modified_time\" content=\"2022-01-03T13:49:50+00:00\" \/>\n<meta name=\"twitter:card\" content=\"summary_large_image\" \/>\n<meta name=\"twitter:label1\" content=\"Tiempo de lectura\" \/>\n\t<meta name=\"twitter:data1\" content=\"2 minutos\" \/>\n<script type=\"application\/ld+json\" class=\"yoast-schema-graph\">{\"@context\":\"https:\/\/schema.org\",\"@graph\":[{\"@type\":\"WebPage\",\"@id\":\"https:\/\/www.berrua.com\/es\/contactar-acampar-berrua\/\",\"url\":\"https:\/\/www.berrua.com\/es\/contactar-acampar-berrua\/\",\"name\":\"Contactar con el Camping 4 estrellas Berrua en el Pa\u00eds Vasco\",\"isPartOf\":{\"@id\":\"https:\/\/www.berrua.com\/es\/#website\"},\"datePublished\":\"2021-10-13T12:23:39+00:00\",\"dateModified\":\"2022-01-03T13:49:50+00:00\",\"description\":\"P\u00f3ngase en contacto con el equipo de campamento, c\u00f3mo reservar? Sepa todo aqu\u00ed\",\"breadcrumb\":{\"@id\":\"https:\/\/www.berrua.com\/es\/contactar-acampar-berrua\/#breadcrumb\"},\"inLanguage\":\"es\",\"potentialAction\":[{\"@type\":\"ReadAction\",\"target\":[\"https:\/\/www.berrua.com\/es\/contactar-acampar-berrua\/\"]}]},{\"@type\":\"BreadcrumbList\",\"@id\":\"https:\/\/www.berrua.com\/es\/contactar-acampar-berrua\/#breadcrumb\",\"itemListElement\":[{\"@type\":\"ListItem\",\"position\":1,\"name\":\"Camping Bidart au Pays Basque\",\"item\":\"https:\/\/www.berrua.com\/es\/\"},{\"@type\":\"ListItem\",\"position\":2,\"name\":\"CONTACTAR ACAMPAR BERRUA\"}]},{\"@type\":\"WebSite\",\"@id\":\"https:\/\/www.berrua.com\/es\/#website\",\"url\":\"https:\/\/www.berrua.com\/es\/\",\"name\":\"Domaine Berrua\",\"description\":\"\",\"publisher\":{\"@id\":\"https:\/\/www.berrua.com\/es\/#organization\"},\"potentialAction\":[{\"@type\":\"SearchAction\",\"target\":{\"@type\":\"EntryPoint\",\"urlTemplate\":\"https:\/\/www.berrua.com\/es\/?s={search_term_string}\"},\"query-input\":{\"@type\":\"PropertyValueSpecification\",\"valueRequired\":true,\"valueName\":\"search_term_string\"}}],\"inLanguage\":\"es\"},{\"@type\":\"Organization\",\"@id\":\"https:\/\/www.berrua.com\/es\/#organization\",\"name\":\"Camping Berrua\",\"url\":\"https:\/\/www.berrua.com\/es\/\",\"logo\":{\"@type\":\"ImageObject\",\"inLanguage\":\"es\",\"@id\":\"https:\/\/www.berrua.com\/es\/#\/schema\/logo\/image\/\",\"url\":\"https:\/\/www.berrua.com\/wp-content\/uploads\/2022\/01\/berrua.jpg\",\"contentUrl\":\"https:\/\/www.berrua.com\/wp-content\/uploads\/2022\/01\/berrua.jpg\",\"width\":321,\"height\":231,\"caption\":\"Camping Berrua\"},\"image\":{\"@id\":\"https:\/\/www.berrua.com\/es\/#\/schema\/logo\/image\/\"}}]}<\/script>\n<!-- \/ Yoast SEO plugin. -->","yoast_head_json":{"title":"Contactar con el Camping 4 estrellas Berrua en el Pa\u00eds Vasco","description":"P\u00f3ngase en contacto con el equipo de campamento, c\u00f3mo reservar? Sepa todo aqu\u00ed","robots":{"index":"index","follow":"follow","max-snippet":"max-snippet:-1","max-image-preview":"max-image-preview:large","max-video-preview":"max-video-preview:-1"},"canonical":"https:\/\/www.berrua.com\/es\/contactar-acampar-berrua\/","og_locale":"es_ES","og_type":"article","og_title":"Contactar con el Camping 4 estrellas Berrua en el Pa\u00eds Vasco","og_description":"P\u00f3ngase en contacto con el equipo de campamento, c\u00f3mo reservar? Sepa todo aqu\u00ed","og_url":"https:\/\/www.berrua.com\/es\/contactar-acampar-berrua\/","og_site_name":"Domaine Berrua","article_modified_time":"2022-01-03T13:49:50+00:00","twitter_card":"summary_large_image","twitter_misc":{"Tiempo de lectura":"2 minutos"},"schema":{"@context":"https:\/\/schema.org","@graph":[{"@type":"WebPage","@id":"https:\/\/www.berrua.com\/es\/contactar-acampar-berrua\/","url":"https:\/\/www.berrua.com\/es\/contactar-acampar-berrua\/","name":"Contactar con el Camping 4 estrellas Berrua en el Pa\u00eds Vasco","isPartOf":{"@id":"https:\/\/www.berrua.com\/es\/#website"},"datePublished":"2021-10-13T12:23:39+00:00","dateModified":"2022-01-03T13:49:50+00:00","description":"P\u00f3ngase en contacto con el equipo de campamento, c\u00f3mo reservar? Sepa todo aqu\u00ed","breadcrumb":{"@id":"https:\/\/www.berrua.com\/es\/contactar-acampar-berrua\/#breadcrumb"},"inLanguage":"es","potentialAction":[{"@type":"ReadAction","target":["https:\/\/www.berrua.com\/es\/contactar-acampar-berrua\/"]}]},{"@type":"BreadcrumbList","@id":"https:\/\/www.berrua.com\/es\/contactar-acampar-berrua\/#breadcrumb","itemListElement":[{"@type":"ListItem","position":1,"name":"Camping Bidart au Pays Basque","item":"https:\/\/www.berrua.com\/es\/"},{"@type":"ListItem","position":2,"name":"CONTACTAR ACAMPAR BERRUA"}]},{"@type":"WebSite","@id":"https:\/\/www.berrua.com\/es\/#website","url":"https:\/\/www.berrua.com\/es\/","name":"Domaine Berrua","description":"","publisher":{"@id":"https:\/\/www.berrua.com\/es\/#organization"},"potentialAction":[{"@type":"SearchAction","target":{"@type":"EntryPoint","urlTemplate":"https:\/\/www.berrua.com\/es\/?s={search_term_string}"},"query-input":{"@type":"PropertyValueSpecification","valueRequired":true,"valueName":"search_term_string"}}],"inLanguage":"es"},{"@type":"Organization","@id":"https:\/\/www.berrua.com\/es\/#organization","name":"Camping Berrua","url":"https:\/\/www.berrua.com\/es\/","logo":{"@type":"ImageObject","inLanguage":"es","@id":"https:\/\/www.berrua.com\/es\/#\/schema\/logo\/image\/","url":"https:\/\/www.berrua.com\/wp-content\/uploads\/2022\/01\/berrua.jpg","contentUrl":"https:\/\/www.berrua.com\/wp-content\/uploads\/2022\/01\/berrua.jpg","width":321,"height":231,"caption":"Camping Berrua"},"image":{"@id":"https:\/\/www.berrua.com\/es\/#\/schema\/logo\/image\/"}}]}},"_links":{"self":[{"href":"https:\/\/www.berrua.com\/es\/wp-json\/wp\/v2\/pages\/14171","targetHints":{"allow":["GET"]}}],"collection":[{"href":"https:\/\/www.berrua.com\/es\/wp-json\/wp\/v2\/pages"}],"about":[{"href":"https:\/\/www.berrua.com\/es\/wp-json\/wp\/v2\/types\/page"}],"author":[{"embeddable":true,"href":"https:\/\/www.berrua.com\/es\/wp-json\/wp\/v2\/users\/1"}],"replies":[{"embeddable":true,"href":"https:\/\/www.berrua.com\/es\/wp-json\/wp\/v2\/comments?post=14171"}],"version-history":[{"count":3,"href":"https:\/\/www.berrua.com\/es\/wp-json\/wp\/v2\/pages\/14171\/revisions"}],"predecessor-version":[{"id":14177,"href":"https:\/\/www.berrua.com\/es\/wp-json\/wp\/v2\/pages\/14171\/revisions\/14177"}],"wp:attachment":[{"href":"https:\/\/www.berrua.com\/es\/wp-json\/wp\/v2\/media?parent=14171"}],"wp:term":[{"taxonomy":"sujet","embeddable":true,"href":"https:\/\/www.berrua.com\/es\/wp-json\/wp\/v2\/sujet?post=14171"}],"curies":[{"name":"wp","href":"https:\/\/api.w.org\/{rel}","templated":true}]}}