{"id":14155,"date":"2021-11-25T09:35:12","date_gmt":"2021-11-25T08:35:12","guid":{"rendered":"http:\/\/www.berrua.com\/camping-senior-pays-basque\/"},"modified":"2023-11-03T10:59:27","modified_gmt":"2023-11-03T09:59:27","slug":"camping-senior-pais-vasco","status":"publish","type":"page","link":"https:\/\/www.berrua.com\/es\/camping-senior-pais-vasco\/","title":{"rendered":"Groupe : Entre s\u00e9niors"},"content":{"rendered":"<section id=\"ls-section-block_b78a4b422a9e5664d67210b203f31f56\" class=\"ls-section  page-one has-background has-color-white-background-color\" >\n        <div class=\"container container--wide\">\n        \n\n<h1 class=\"ls__heading wp-block-heading has-text-align-center ls__heading-undefined\"><mark style=\"background-color:rgba(0, 0, 0, 0)\" class=\"has-inline-color has-color-1-color\">CAMPING PARA MAYORES EN EL PA\u00cdS VASCO<\/mark><\/h1>\n\n\n\n<p class=\"ls-paragraph has-text-align-center ls__paragraph\">Tanto si viaja en coche con su tienda de campa\u00f1a o caravana, como si prefiere una autocaravana o las noches en una casa m\u00f3vil, una cosa es segura: \u00a1le encantar\u00e1 acampar en Berrua, en el Pa\u00eds Vasco!<\/p>\n\n\n\n<h2 class=\"ls__heading wp-block-heading ls__heading ls__heading-undefined\"><mark style=\"background-color:rgba(0, 0, 0, 0)\" class=\"has-inline-color has-color-1-color\">Un camping de 4 estrellas ideal para personas mayores<\/mark><\/h2>\n\n\n\n<p class=\"ls-paragraph ls__paragraph\">\u00bfBusca un lugar agradable, sombreado y bien equipado para pasar sus pr\u00f3ximas vacaciones cerca del mar?&nbsp;El Domaine Berrua es ideal si desea combinar la nataci\u00f3n, el descubrimiento de la regi\u00f3n, el senderismo, la convivencia y la ociosidad.<\/p>\n\n\n\n<div class=\"wp-block-columns fancybox is-layout-flex wp-container-core-columns-is-layout-9d6595d7 wp-block-columns-is-layout-flex\">\n<div class=\"wp-block-column is-vertically-aligned-center is-layout-flow wp-block-column-is-layout-flow\">\n<figure class=\"wp-block-image size-full\"><a href=\"https:\/\/www.berrua.com\/wp-content\/uploads\/2022\/12\/camping-seniors-pays-basque-1.jpg\"><img decoding=\"async\" width=\"911\" height=\"600\" src=\"https:\/\/www.berrua.com\/wp-content\/uploads\/2022\/12\/camping-seniors-pays-basque-1.jpg\" alt=\"camping seniors pays basque\" class=\"wp-image-987364\" srcset=\"https:\/\/www.berrua.com\/wp-content\/uploads\/2022\/12\/camping-seniors-pays-basque-1.jpg 911w, https:\/\/www.berrua.com\/wp-content\/uploads\/2022\/12\/camping-seniors-pays-basque-1-300x198.jpg 300w, https:\/\/www.berrua.com\/wp-content\/uploads\/2022\/12\/camping-seniors-pays-basque-1-768x506.jpg 768w\" sizes=\"(max-width: 911px) 100vw, 911px\" \/><\/a><\/figure>\n\n\n\n<figure class=\"wp-block-image size-full\"><a href=\"https:\/\/www.berrua.com\/wp-content\/uploads\/2023\/11\/senior-3-berrua.jpg\"><img decoding=\"async\" width=\"439\" height=\"293\" src=\"https:\/\/www.berrua.com\/wp-content\/uploads\/2023\/11\/senior-3-berrua.jpg\" alt=\"\" class=\"wp-image-989626\" srcset=\"https:\/\/www.berrua.com\/wp-content\/uploads\/2023\/11\/senior-3-berrua.jpg 439w, https:\/\/www.berrua.com\/wp-content\/uploads\/2023\/11\/senior-3-berrua-300x200.jpg 300w\" sizes=\"(max-width: 439px) 100vw, 439px\" \/><\/a><\/figure>\n<\/div>\n\n\n\n<div class=\"wp-block-column is-vertically-aligned-center is-layout-flow wp-block-column-is-layout-flow\">\n<figure class=\"wp-block-image size-full\"><a href=\"https:\/\/www.berrua.com\/wp-content\/uploads\/2023\/11\/Senior-1-berrua.jpg\"><img decoding=\"async\" width=\"439\" height=\"639\" src=\"https:\/\/www.berrua.com\/wp-content\/uploads\/2023\/11\/Senior-1-berrua.jpg\" alt=\"\" class=\"wp-image-989631\" srcset=\"https:\/\/www.berrua.com\/wp-content\/uploads\/2023\/11\/Senior-1-berrua.jpg 439w, https:\/\/www.berrua.com\/wp-content\/uploads\/2023\/11\/Senior-1-berrua-206x300.jpg 206w\" sizes=\"(max-width: 439px) 100vw, 439px\" \/><\/a><\/figure>\n<\/div>\n\n\n\n<div class=\"wp-block-column is-vertically-aligned-center is-layout-flow wp-block-column-is-layout-flow\">\n<figure class=\"wp-block-image size-full\"><a href=\"https:\/\/www.berrua.com\/wp-content\/uploads\/2023\/11\/Seniors-1-berrua.jpg\"><img decoding=\"async\" width=\"439\" height=\"639\" src=\"https:\/\/www.berrua.com\/wp-content\/uploads\/2023\/11\/Seniors-1-berrua.jpg\" alt=\"\" class=\"wp-image-989621\" srcset=\"https:\/\/www.berrua.com\/wp-content\/uploads\/2023\/11\/Seniors-1-berrua.jpg 439w, https:\/\/www.berrua.com\/wp-content\/uploads\/2023\/11\/Seniors-1-berrua-206x300.jpg 206w\" sizes=\"(max-width: 439px) 100vw, 439px\" \/><\/a><\/figure>\n<\/div>\n<\/div>\n\n\n    <\/div>\n<\/section>\n\n<section id=\"ls-section-block_efc33f0e253d545a310e88a40a17576e\" class=\"ls-section  home-fourth has-background has-color-1-background-color has-text-color has-color-white-color\" >\n        <div class=\"container container--wide\">\n        \n\n<div class=\"wp-block-columns is-layout-flex wp-container-core-columns-is-layout-9d6595d7 wp-block-columns-is-layout-flex\">\n<div class=\"wp-block-column is-layout-flow wp-block-column-is-layout-flow\" style=\"flex-basis:33.33%\">\n<p class=\"ls-paragraph ls__paragraph title-deco\"><mark style=\"background-color:rgba(0, 0, 0, 0)\" class=\"has-inline-color has-color-3-color\">Vacaciones<\/mark><\/p>\n\n\n\n<p class=\"ls-paragraph ls__paragraph subtitle-deco\"><mark style=\"background-color:rgba(0, 0, 0, 0)\" class=\"has-inline-color has-color-white-color\">para personas mayores<\/mark><\/p>\n<\/div>\n\n\n\n<div class=\"wp-block-column is-layout-flow wp-block-column-is-layout-flow\" style=\"flex-basis:66.66%\">\n<h2 class=\"ls__heading wp-block-heading ls__heading ls__heading-undefined\">Servicios a medida<\/h2>\n\n\n\n<p class=\"ls-paragraph ls__paragraph\">Equipado con un parque acu\u00e1tico y un hammam, el camping senior es un remanso de paz en temporada baja, pero puede convertirse en un lugar realmente animado en temporada alta. Sea cual sea el periodo en el que desee ir de vacaciones, podr\u00e1 disfrutar de la tranquilidad aloj\u00e1ndose en una casa m\u00f3vil o eligiendo una parcela ligeramente descentrada, por ejemplo.<\/p>\n\n\n\n<p class=\"ls-paragraph ls__paragraph\">El camping para mayores dispone de un restaurante, una pizzer\u00eda, una tienda de comestibles, una lavander\u00eda y muchas otras instalaciones. Incluso puede pedir prestado un secador de pelo o una plancha en la recepci\u00f3n.<\/p>\n<\/div>\n<\/div>\n\n\n    <\/div>\n<\/section>\n\n<section id=\"ls-section-block_4193587cd96012e51b55d6ef10c7bec9\" class=\"ls-section  page-two\" >\n        <div class=\"container container--wide\">\n        \n<div class=\"wp-block-image\">\n<figure class=\"aligncenter size-full\"><img decoding=\"async\" width=\"1024\" height=\"576\" src=\"https:\/\/www.berrua.com\/wp-content\/uploads\/2021\/11\/petanque-senior-bidart.jpg\" alt=\"petanque senior bidart\" class=\"wp-image-10356\" srcset=\"https:\/\/www.berrua.com\/wp-content\/uploads\/2021\/11\/petanque-senior-bidart.jpg 1024w, https:\/\/www.berrua.com\/wp-content\/uploads\/2021\/11\/petanque-senior-bidart-300x169.jpg 300w, https:\/\/www.berrua.com\/wp-content\/uploads\/2021\/11\/petanque-senior-bidart-768x432.jpg 768w\" sizes=\"(max-width: 1024px) 100vw, 1024px\" \/><\/figure>\n<\/div>\n\n    <\/div>\n<\/section>\n\n<section id=\"ls-section-block_d4fce913571152d1a4c17ca559e76705\" class=\"ls-section  page-three\" >\n        <div class=\"container \">\n        \n\n<h2 class=\"ls__heading wp-block-heading ls__heading ls__heading-undefined\">Ciudades de inter\u00e9s, a poca distancia del camping<\/h2>\n\n\n\n<p class=\"ls-paragraph ls__paragraph\">El Domaine Berrua est\u00e1 situado en la costa vasca, entre Biarritz y San Juan de Luz. Esta ubicaci\u00f3n ideal ofrece a los veraneantes una gran libertad para disfrutar de todas las ventajas de estas ciudades: fiestas populares, arquitectura de gran belleza, museos, etc.&nbsp;Es imposible aburrirse cuando se acampa en el Pa\u00eds Vasco.<\/p>\n\n\n\n<p class=\"ls-paragraph ls__paragraph\">No olvide la fiesta del axoa en Espelette, el famoso chocolate de Bayona y el descubrimiento de la cultura vasca durante su estancia.<\/p>\n\n\n    <\/div>\n<\/section>\n\n<section id=\"ls-section-block_e529a64b574729857fc2e5e78e622d6b\" class=\"ls-section  page-fourth\" >\n        <div class=\"container container--full\">\n        \n\n<figure class=\"wp-block-image size-large\"><img decoding=\"async\" width=\"1903\" height=\"700\" src=\"https:\/\/www.berrua.com\/wp-content\/uploads\/2021\/11\/camping-senior-pays-basque.jpg\" alt=\"camping senior pays basque\" class=\"wp-image-10351\" srcset=\"https:\/\/www.berrua.com\/wp-content\/uploads\/2021\/11\/camping-senior-pays-basque.jpg 1903w, https:\/\/www.berrua.com\/wp-content\/uploads\/2021\/11\/camping-senior-pays-basque-300x110.jpg 300w, https:\/\/www.berrua.com\/wp-content\/uploads\/2021\/11\/camping-senior-pays-basque-1024x377.jpg 1024w, https:\/\/www.berrua.com\/wp-content\/uploads\/2021\/11\/camping-senior-pays-basque-768x283.jpg 768w, https:\/\/www.berrua.com\/wp-content\/uploads\/2021\/11\/camping-senior-pays-basque-1536x565.jpg 1536w\" sizes=\"(max-width: 1903px) 100vw, 1903px\" \/><\/figure>\n\n\n    <\/div>\n<\/section>\n\n<section id=\"ls-section-block_bae9391cb55919cfd9610320bb110b33\" class=\"ls-section  page-fourth-bis has-text-color has-color-black-color\" >\n        <div class=\"container container--wide\">\n        \n\n<div class=\"wp-block-columns is-layout-flex wp-container-core-columns-is-layout-9d6595d7 wp-block-columns-is-layout-flex\">\n<div class=\"wp-block-column is-layout-flow wp-block-column-is-layout-flow\">\n<h2 class=\"ls__heading wp-block-heading ls__heading-undefined\"><mark style=\"background-color:rgba(0, 0, 0, 0)\" class=\"has-inline-color has-color-3-color\">Actividades para mayores<\/mark><\/h2>\n<\/div>\n\n\n\n<div class=\"wp-block-column is-layout-flow wp-block-column-is-layout-flow\"><\/div>\n<\/div>\n\n\n\n<div class=\"wp-block-columns is-layout-flex wp-container-core-columns-is-layout-9d6595d7 wp-block-columns-is-layout-flex\">\n<div class=\"wp-block-column is-layout-flow wp-block-column-is-layout-flow\">\n<p class=\"ls-paragraph ls__paragraph\">El Pa\u00eds Vasco es un departamento rico en diversidad, por lo que puede elegir entre descansar en una tumbona junto al mar o la piscina o escaparse del lugar para descubrir la belleza del suroeste.<\/p>\n\n\n\n<p class=\"ls-paragraph ls__paragraph\">Vaya al Rocher de la Vierge, un sitio que no debe perderse. Recorra el famoso Sendero de la Costa Vasca, situado a pocos minutos del camping senior. Esc\u00e1pese al interior para descubrir los pueblos de anta\u00f1o, con su rico patrimonio vern\u00e1culo a\u00fan intacto. Deguste las especialidades locales y visite los lugares de inter\u00e9s: la casa de Luis XIV, el castillo de Urtubie o la cueva de La Verna.<\/p>\n<\/div>\n\n\n\n<div class=\"wp-block-column has-color-black-color has-color-white-background-color has-text-color has-background is-layout-flow wp-block-column-is-layout-flow\">\n<p class=\"ls-paragraph ls__paragraph\">Muchas rutas de senderismo son de f\u00e1cil acceso y est\u00e1n perfectamente se\u00f1alizadas: \u00a1d\u00e9 un paseo con prism\u00e1ticos y\/o c\u00e1mara de fotos para captar la belleza de la naturaleza!<\/p>\n\n\n\n<p class=\"ls-paragraph ls__paragraph\">Y si prefiere quedarse en el lugar, podr\u00e1 disfrutar de los bailes nocturnos, relajarse jugando a la petanca con los dem\u00e1s residentes, admirar la destreza de los jugadores m\u00e1s experimentados en la pelota o jugar al bingo organizado por el equipo de animaci\u00f3n del camping.<\/p>\n<\/div>\n<\/div>\n\n\n    <\/div>\n<\/section>\n\n<section id=\"ls-section-block_8853fd2f02e9504d3974eaa7c6dd7ef7\" class=\"ls-section  page-cta has-p-t p-t-1\" >\n        <div class=\"container container--wide\">\n        \n\n<div id=\"ls-heading ls-titre-div-block_c3b6030f843d1ac5646eb9b5db85c314\" class=\"ls-titre-div ls__heading has-text-align-center ls__heading-undefined title-deco titre-cta h2-like\" >\n    Descubra los otros tipos de vacaciones en camping<\/div>\n\n\n\n<div class=\"wp-block-columns is-layout-flex wp-container-core-columns-is-layout-9d6595d7 wp-block-columns-is-layout-flex\">\n<div class=\"wp-block-column is-layout-flow wp-block-column-is-layout-flow\">\n<div id=\"ls-cta-block_feb33fbf8e3529f04e5c6b92e8ae0617\" class=\"ls-cta\">  \n    \n\n<a href=\"http:\/\/www.berrua.com\/camping-jeunes-pays-basque\/\" target=\"\" rel=\"noopener\" class=\"ls-cta__link\" data-categ=\"\">\n\t<div class=\"ls-cta__image\"><img decoding=\"async\" src=\"https:\/\/www.berrua.com\/wp-content\/uploads\/2021\/11\/camping-jeune-pays-basque.jpg\" alt=\"camping jeune pays basque\"><\/div>\n\t<div class=\"ls-cta__title\">\n\t\tEntre los j\u00f3venes\t<\/div>\n\n\t<\/a><\/div><\/div>\n\n\n\n<div class=\"wp-block-column is-layout-flow wp-block-column-is-layout-flow\">\n<div id=\"ls-cta-block_799af6047fba2c7cd7816df8e0e03042\" class=\"ls-cta\">  \n    \n\n<a href=\"http:\/\/www.berrua.com\/camping-couple-pays-basque\/\" target=\"\" rel=\"noopener\" class=\"ls-cta__link\" data-categ=\"\">\n\t<div class=\"ls-cta__image\"><img decoding=\"async\" src=\"https:\/\/www.berrua.com\/wp-content\/uploads\/2021\/11\/vacances-couple-pays-basque.jpg\" alt=\"vacances couple pays basque\"><\/div>\n\t<div class=\"ls-cta__title\">\n\t\tComo pareja\t<\/div>\n\n\t<\/a><\/div><\/div>\n\n\n\n<div class=\"wp-block-column is-layout-flow wp-block-column-is-layout-flow\">\n<div id=\"ls-cta-block_e183d79a2b11c4a4199caf31705d88b1\" class=\"ls-cta\">  \n    \n\n<a href=\"http:\/\/www.berrua.com\/camping-familial-pays-basque\/\" target=\"\" rel=\"noopener\" class=\"ls-cta__link\" data-categ=\"\">\n\t<div class=\"ls-cta__image\"><img decoding=\"async\" src=\"https:\/\/www.berrua.com\/wp-content\/uploads\/2021\/11\/camping-familial.jpg\" alt=\"camping familial\"><\/div>\n\t<div class=\"ls-cta__title\">\n\t\tEn la familia\t<\/div>\n\n\t<\/a><\/div><\/div>\n<\/div>\n\n\n    <\/div>\n<\/section>","protected":false},"excerpt":{"rendered":"","protected":false},"author":1,"featured_media":10366,"parent":0,"menu_order":0,"comment_status":"closed","ping_status":"closed","template":"","meta":{"_acf_changed":false,"inline_featured_image":false,"footnotes":""},"sujet":[],"class_list":["post-14155","page","type-page","status-publish","has-post-thumbnail","hentry"],"acf":[],"yoast_head":"<!-- This site is optimized with the Yoast SEO plugin v26.2 - https:\/\/yoast.com\/wordpress\/plugins\/seo\/ -->\n<title>Camping Senior Bidart | Vacaciones senior en el Pa\u00eds Vasco<\/title>\n<meta name=\"robots\" content=\"index, follow, max-snippet:-1, max-image-preview:large, max-video-preview:-1\" \/>\n<link rel=\"canonical\" href=\"https:\/\/www.berrua.com\/es\/camping-senior-pais-vasco\/\" \/>\n<meta property=\"og:locale\" content=\"es_ES\" \/>\n<meta property=\"og:type\" content=\"article\" \/>\n<meta property=\"og:title\" content=\"Camping Senior Bidart | Vacaciones senior en el Pa\u00eds Vasco\" \/>\n<meta property=\"og:url\" content=\"https:\/\/www.berrua.com\/es\/camping-senior-pais-vasco\/\" \/>\n<meta property=\"og:site_name\" content=\"Domaine Berrua\" \/>\n<meta property=\"article:modified_time\" content=\"2023-11-03T09:59:27+00:00\" \/>\n<meta property=\"og:image\" content=\"https:\/\/www.berrua.com\/wp-content\/uploads\/2021\/11\/vacances-seniors-pays-basque.jpg\" \/>\n\t<meta property=\"og:image:width\" content=\"1903\" \/>\n\t<meta property=\"og:image:height\" content=\"450\" \/>\n\t<meta property=\"og:image:type\" content=\"image\/jpeg\" \/>\n<meta name=\"twitter:card\" content=\"summary_large_image\" \/>\n<meta name=\"twitter:label1\" content=\"Tiempo de lectura\" \/>\n\t<meta name=\"twitter:data1\" content=\"4 minutos\" \/>\n<script type=\"application\/ld+json\" class=\"yoast-schema-graph\">{\"@context\":\"https:\/\/schema.org\",\"@graph\":[{\"@type\":\"WebPage\",\"@id\":\"https:\/\/www.berrua.com\/es\/camping-senior-pais-vasco\/\",\"url\":\"https:\/\/www.berrua.com\/es\/camping-senior-pais-vasco\/\",\"name\":\"Camping Senior Bidart | Vacaciones senior en el Pa\u00eds Vasco\",\"isPartOf\":{\"@id\":\"https:\/\/www.berrua.com\/es\/#website\"},\"primaryImageOfPage\":{\"@id\":\"https:\/\/www.berrua.com\/es\/camping-senior-pais-vasco\/#primaryimage\"},\"image\":{\"@id\":\"https:\/\/www.berrua.com\/es\/camping-senior-pais-vasco\/#primaryimage\"},\"thumbnailUrl\":\"https:\/\/www.berrua.com\/wp-content\/uploads\/2021\/11\/vacances-seniors-pays-basque.jpg\",\"datePublished\":\"2021-11-25T08:35:12+00:00\",\"dateModified\":\"2023-11-03T09:59:27+00:00\",\"breadcrumb\":{\"@id\":\"https:\/\/www.berrua.com\/es\/camping-senior-pais-vasco\/#breadcrumb\"},\"inLanguage\":\"es\",\"potentialAction\":[{\"@type\":\"ReadAction\",\"target\":[\"https:\/\/www.berrua.com\/es\/camping-senior-pais-vasco\/\"]}]},{\"@type\":\"ImageObject\",\"inLanguage\":\"es\",\"@id\":\"https:\/\/www.berrua.com\/es\/camping-senior-pais-vasco\/#primaryimage\",\"url\":\"https:\/\/www.berrua.com\/wp-content\/uploads\/2021\/11\/vacances-seniors-pays-basque.jpg\",\"contentUrl\":\"https:\/\/www.berrua.com\/wp-content\/uploads\/2021\/11\/vacances-seniors-pays-basque.jpg\",\"width\":1903,\"height\":450,\"caption\":\"vacances seniors pays basque\"},{\"@type\":\"BreadcrumbList\",\"@id\":\"https:\/\/www.berrua.com\/es\/camping-senior-pais-vasco\/#breadcrumb\",\"itemListElement\":[{\"@type\":\"ListItem\",\"position\":1,\"name\":\"Camping Bidart au Pays Basque\",\"item\":\"https:\/\/www.berrua.com\/es\/\"},{\"@type\":\"ListItem\",\"position\":2,\"name\":\"Camping para mayores en el Pa\u00eds Vasco\"}]},{\"@type\":\"WebSite\",\"@id\":\"https:\/\/www.berrua.com\/es\/#website\",\"url\":\"https:\/\/www.berrua.com\/es\/\",\"name\":\"Domaine Berrua\",\"description\":\"\",\"publisher\":{\"@id\":\"https:\/\/www.berrua.com\/es\/#organization\"},\"potentialAction\":[{\"@type\":\"SearchAction\",\"target\":{\"@type\":\"EntryPoint\",\"urlTemplate\":\"https:\/\/www.berrua.com\/es\/?s={search_term_string}\"},\"query-input\":{\"@type\":\"PropertyValueSpecification\",\"valueRequired\":true,\"valueName\":\"search_term_string\"}}],\"inLanguage\":\"es\"},{\"@type\":\"Organization\",\"@id\":\"https:\/\/www.berrua.com\/es\/#organization\",\"name\":\"Camping Berrua\",\"url\":\"https:\/\/www.berrua.com\/es\/\",\"logo\":{\"@type\":\"ImageObject\",\"inLanguage\":\"es\",\"@id\":\"https:\/\/www.berrua.com\/es\/#\/schema\/logo\/image\/\",\"url\":\"https:\/\/www.berrua.com\/wp-content\/uploads\/2022\/01\/berrua.jpg\",\"contentUrl\":\"https:\/\/www.berrua.com\/wp-content\/uploads\/2022\/01\/berrua.jpg\",\"width\":321,\"height\":231,\"caption\":\"Camping Berrua\"},\"image\":{\"@id\":\"https:\/\/www.berrua.com\/es\/#\/schema\/logo\/image\/\"}}]}<\/script>\n<!-- \/ Yoast SEO plugin. -->","yoast_head_json":{"title":"Camping Senior Bidart | Vacaciones senior en el Pa\u00eds Vasco","robots":{"index":"index","follow":"follow","max-snippet":"max-snippet:-1","max-image-preview":"max-image-preview:large","max-video-preview":"max-video-preview:-1"},"canonical":"https:\/\/www.berrua.com\/es\/camping-senior-pais-vasco\/","og_locale":"es_ES","og_type":"article","og_title":"Camping Senior Bidart | Vacaciones senior en el Pa\u00eds Vasco","og_url":"https:\/\/www.berrua.com\/es\/camping-senior-pais-vasco\/","og_site_name":"Domaine Berrua","article_modified_time":"2023-11-03T09:59:27+00:00","og_image":[{"width":1903,"height":450,"url":"https:\/\/www.berrua.com\/wp-content\/uploads\/2021\/11\/vacances-seniors-pays-basque.jpg","type":"image\/jpeg"}],"twitter_card":"summary_large_image","twitter_misc":{"Tiempo de lectura":"4 minutos"},"schema":{"@context":"https:\/\/schema.org","@graph":[{"@type":"WebPage","@id":"https:\/\/www.berrua.com\/es\/camping-senior-pais-vasco\/","url":"https:\/\/www.berrua.com\/es\/camping-senior-pais-vasco\/","name":"Camping Senior Bidart | Vacaciones senior en el Pa\u00eds Vasco","isPartOf":{"@id":"https:\/\/www.berrua.com\/es\/#website"},"primaryImageOfPage":{"@id":"https:\/\/www.berrua.com\/es\/camping-senior-pais-vasco\/#primaryimage"},"image":{"@id":"https:\/\/www.berrua.com\/es\/camping-senior-pais-vasco\/#primaryimage"},"thumbnailUrl":"https:\/\/www.berrua.com\/wp-content\/uploads\/2021\/11\/vacances-seniors-pays-basque.jpg","datePublished":"2021-11-25T08:35:12+00:00","dateModified":"2023-11-03T09:59:27+00:00","breadcrumb":{"@id":"https:\/\/www.berrua.com\/es\/camping-senior-pais-vasco\/#breadcrumb"},"inLanguage":"es","potentialAction":[{"@type":"ReadAction","target":["https:\/\/www.berrua.com\/es\/camping-senior-pais-vasco\/"]}]},{"@type":"ImageObject","inLanguage":"es","@id":"https:\/\/www.berrua.com\/es\/camping-senior-pais-vasco\/#primaryimage","url":"https:\/\/www.berrua.com\/wp-content\/uploads\/2021\/11\/vacances-seniors-pays-basque.jpg","contentUrl":"https:\/\/www.berrua.com\/wp-content\/uploads\/2021\/11\/vacances-seniors-pays-basque.jpg","width":1903,"height":450,"caption":"vacances seniors pays basque"},{"@type":"BreadcrumbList","@id":"https:\/\/www.berrua.com\/es\/camping-senior-pais-vasco\/#breadcrumb","itemListElement":[{"@type":"ListItem","position":1,"name":"Camping Bidart au Pays Basque","item":"https:\/\/www.berrua.com\/es\/"},{"@type":"ListItem","position":2,"name":"Camping para mayores en el Pa\u00eds Vasco"}]},{"@type":"WebSite","@id":"https:\/\/www.berrua.com\/es\/#website","url":"https:\/\/www.berrua.com\/es\/","name":"Domaine Berrua","description":"","publisher":{"@id":"https:\/\/www.berrua.com\/es\/#organization"},"potentialAction":[{"@type":"SearchAction","target":{"@type":"EntryPoint","urlTemplate":"https:\/\/www.berrua.com\/es\/?s={search_term_string}"},"query-input":{"@type":"PropertyValueSpecification","valueRequired":true,"valueName":"search_term_string"}}],"inLanguage":"es"},{"@type":"Organization","@id":"https:\/\/www.berrua.com\/es\/#organization","name":"Camping Berrua","url":"https:\/\/www.berrua.com\/es\/","logo":{"@type":"ImageObject","inLanguage":"es","@id":"https:\/\/www.berrua.com\/es\/#\/schema\/logo\/image\/","url":"https:\/\/www.berrua.com\/wp-content\/uploads\/2022\/01\/berrua.jpg","contentUrl":"https:\/\/www.berrua.com\/wp-content\/uploads\/2022\/01\/berrua.jpg","width":321,"height":231,"caption":"Camping Berrua"},"image":{"@id":"https:\/\/www.berrua.com\/es\/#\/schema\/logo\/image\/"}}]}},"_links":{"self":[{"href":"https:\/\/www.berrua.com\/es\/wp-json\/wp\/v2\/pages\/14155","targetHints":{"allow":["GET"]}}],"collection":[{"href":"https:\/\/www.berrua.com\/es\/wp-json\/wp\/v2\/pages"}],"about":[{"href":"https:\/\/www.berrua.com\/es\/wp-json\/wp\/v2\/types\/page"}],"author":[{"embeddable":true,"href":"https:\/\/www.berrua.com\/es\/wp-json\/wp\/v2\/users\/1"}],"replies":[{"embeddable":true,"href":"https:\/\/www.berrua.com\/es\/wp-json\/wp\/v2\/comments?post=14155"}],"version-history":[{"count":13,"href":"https:\/\/www.berrua.com\/es\/wp-json\/wp\/v2\/pages\/14155\/revisions"}],"predecessor-version":[{"id":989637,"href":"https:\/\/www.berrua.com\/es\/wp-json\/wp\/v2\/pages\/14155\/revisions\/989637"}],"wp:featuredmedia":[{"embeddable":true,"href":"https:\/\/www.berrua.com\/es\/wp-json\/wp\/v2\/media\/10366"}],"wp:attachment":[{"href":"https:\/\/www.berrua.com\/es\/wp-json\/wp\/v2\/media?parent=14155"}],"wp:term":[{"taxonomy":"sujet","embeddable":true,"href":"https:\/\/www.berrua.com\/es\/wp-json\/wp\/v2\/sujet?post=14155"}],"curies":[{"name":"wp","href":"https:\/\/api.w.org\/{rel}","templated":true}]}}