{"id":14144,"date":"2021-11-25T09:58:01","date_gmt":"2021-11-25T08:58:01","guid":{"rendered":"http:\/\/www.berrua.com\/camping-familial-pays-basque\/"},"modified":"2023-11-03T10:50:13","modified_gmt":"2023-11-03T09:50:13","slug":"camping-familiar-pais-vasco","status":"publish","type":"page","link":"https:\/\/www.berrua.com\/es\/camping-familiar-pais-vasco\/","title":{"rendered":"Groupe : En Famille"},"content":{"rendered":"<section id=\"ls-section-block_4946b4594ddf4c055343623b6aaa3acb\" class=\"ls-section  page-one has-background has-color-white-background-color\" >\n        <div class=\"container container--wide\">\n        \n\n<h1 class=\"ls__heading wp-block-heading has-text-align-center ls__heading-undefined\"><mark style=\"background-color:rgba(0, 0, 0, 0)\" class=\"has-inline-color has-color-1-color\">CAMPING FAMILIAR PA\u00cdS VASCO<\/mark><\/h1>\n\n\n\n<p class=\"ls-paragraph has-text-align-center ls__paragraph\">No hay nada como unas vacaciones de camping en el Pa\u00eds Vasco para hacer las delicias de toda la familia.&nbsp;Berrua le ofrece la oportunidad de pasar unas vacaciones inolvidables, a un paso del mar.<\/p>\n\n\n\n<h2 class=\"ls__heading wp-block-heading ls__heading ls__heading-undefined\"><mark style=\"background-color:rgba(0, 0, 0, 0)\" class=\"has-inline-color has-color-1-color\">Un entorno ideal para los ni\u00f1os\u2026<\/mark><\/h2>\n\n\n\n<p class=\"ls-paragraph ls__paragraph\">No hay lugar a dudas: a los ni\u00f1os les encanta Berrua y lo aprecian a\u00fan m\u00e1s en temporada alta. Ya sea en el miniclub (a partir de 6 a\u00f1os) y sus numerosos talleres creativos o en el club de adolescentes, los ni\u00f1os se divierten, conocen gente nueva y aprovechan al m\u00e1ximo sus vacaciones al aire libre. El parque acu\u00e1tico es una gran zona de juegos para ellos, que les permite refrescarse y hacer ejercicio durante horas y horas, sin aburrirse nunca.<\/p>\n\n\n\n<p class=\"ls-paragraph ls__paragraph\">La playa est\u00e1 a s\u00f3lo 1 km del camping y es accesible a pie, en coche o en un autob\u00fas gratuito (julio\/agosto). Los ni\u00f1os pueden nadar, hacer castillos de arena y divertirse sin ninguna restricci\u00f3n, \u00a1excepto el paso del tiempo!<\/p>\n\n\n\n<div class=\"wp-block-columns fancybox is-layout-flex wp-container-core-columns-is-layout-9d6595d7 wp-block-columns-is-layout-flex\">\n<div class=\"wp-block-column is-vertically-aligned-center is-layout-flow wp-block-column-is-layout-flow\">\n<figure class=\"wp-block-image size-full\"><a href=\"https:\/\/www.berrua.com\/wp-content\/uploads\/2023\/01\/vacances-famille-bidart-berrua.jpg\"><img decoding=\"async\" width=\"439\" height=\"293\" src=\"https:\/\/www.berrua.com\/wp-content\/uploads\/2023\/01\/vacances-famille-bidart-berrua.jpg\" alt=\"\" class=\"wp-image-987505\" srcset=\"https:\/\/www.berrua.com\/wp-content\/uploads\/2023\/01\/vacances-famille-bidart-berrua.jpg 439w, https:\/\/www.berrua.com\/wp-content\/uploads\/2023\/01\/vacances-famille-bidart-berrua-300x200.jpg 300w\" sizes=\"(max-width: 439px) 100vw, 439px\" \/><\/a><\/figure>\n\n\n\n<figure class=\"wp-block-image size-full\"><a href=\"https:\/\/www.berrua.com\/wp-content\/uploads\/2023\/11\/En-famille-5-berrua.jpg\"><img decoding=\"async\" width=\"439\" height=\"293\" src=\"https:\/\/www.berrua.com\/wp-content\/uploads\/2023\/11\/En-famille-5-berrua.jpg\" alt=\"\" class=\"wp-image-989606\" srcset=\"https:\/\/www.berrua.com\/wp-content\/uploads\/2023\/11\/En-famille-5-berrua.jpg 439w, https:\/\/www.berrua.com\/wp-content\/uploads\/2023\/11\/En-famille-5-berrua-300x200.jpg 300w\" sizes=\"(max-width: 439px) 100vw, 439px\" \/><\/a><\/figure>\n<\/div>\n\n\n\n<div class=\"wp-block-column is-vertically-aligned-center is-layout-flow wp-block-column-is-layout-flow\">\n<figure class=\"wp-block-image size-full\"><a href=\"https:\/\/www.berrua.com\/wp-content\/uploads\/2021\/11\/piscine-famille-bidart.jpg\"><img decoding=\"async\" width=\"439\" height=\"639\" src=\"https:\/\/www.berrua.com\/wp-content\/uploads\/2021\/11\/piscine-famille-bidart.jpg\" alt=\"piscine famille bidart\" class=\"wp-image-10263\" srcset=\"https:\/\/www.berrua.com\/wp-content\/uploads\/2021\/11\/piscine-famille-bidart.jpg 439w, https:\/\/www.berrua.com\/wp-content\/uploads\/2021\/11\/piscine-famille-bidart-206x300.jpg 206w\" sizes=\"(max-width: 439px) 100vw, 439px\" \/><\/a><\/figure>\n<\/div>\n\n\n\n<div class=\"wp-block-column is-vertically-aligned-center is-layout-flow wp-block-column-is-layout-flow\">\n<figure class=\"wp-block-image size-full\"><a href=\"https:\/\/www.berrua.com\/wp-content\/uploads\/2023\/11\/En-famille-4-berrua.jpg\"><img decoding=\"async\" width=\"439\" height=\"639\" src=\"https:\/\/www.berrua.com\/wp-content\/uploads\/2023\/11\/En-famille-4-berrua.jpg\" alt=\"\" class=\"wp-image-989611\" srcset=\"https:\/\/www.berrua.com\/wp-content\/uploads\/2023\/11\/En-famille-4-berrua.jpg 439w, https:\/\/www.berrua.com\/wp-content\/uploads\/2023\/11\/En-famille-4-berrua-206x300.jpg 206w\" sizes=\"(max-width: 439px) 100vw, 439px\" \/><\/a><\/figure>\n<\/div>\n<\/div>\n\n\n    <\/div>\n<\/section>\n\n<section id=\"ls-section-block_0b8f2ff444e37ba159fd1aa137c80cde\" class=\"ls-section  home-fourth has-background has-color-1-background-color has-text-color has-color-white-color\" >\n        <div class=\"container container--wide\">\n        \n\n<div class=\"wp-block-columns is-layout-flex wp-container-core-columns-is-layout-9d6595d7 wp-block-columns-is-layout-flex\">\n<div class=\"wp-block-column is-layout-flow wp-block-column-is-layout-flow\" style=\"flex-basis:33.33%\">\n<p class=\"ls-paragraph ls__paragraph title-deco\"><mark style=\"background-color:rgba(0, 0, 0, 0)\" class=\"has-inline-color has-color-3-color\">Vacaciones<\/mark><\/p>\n\n\n\n<p class=\"ls-paragraph ls__paragraph subtitle-deco\"><mark style=\"background-color:rgba(0, 0, 0, 0)\" class=\"has-inline-color has-color-white-color\">en la familia<\/mark><\/p>\n<\/div>\n\n\n\n<div class=\"wp-block-column is-layout-flow wp-block-column-is-layout-flow\" style=\"flex-basis:66.66%\">\n<h2 class=\"ls__heading wp-block-heading ls__heading ls__heading-undefined\">\u2026\u00a1Y tambi\u00e9n para los padres!<\/h2>\n\n\n\n<p class=\"ls-paragraph ls__paragraph\">La raz\u00f3n por la que a los padres les gusta tanto Berrua es que pueden estar seguros de una gran estancia.&nbsp;El sitio es seguro, limpio y animado.&nbsp;Las numerosas actividades que se ofrecen aqu\u00ed se pueden compartir con la familia, pero los padres tambi\u00e9n pueden relajarse sin sus hijos.&nbsp;<\/p>\n\n\n\n<p class=\"ls-paragraph ls__paragraph\">Un viaje a la sauna, el spa o el hammam, por fin tienen la oportunidad de relajarse con tranquilidad: no hay nada como un momento de calma cuando los ni\u00f1os se divierten con los equipos de animaci\u00f3n.<\/p>\n\n\n\n<p class=\"ls-paragraph ls__paragraph\">Otras ventajas son especialmente apreciables: el camping de 4 estrellas Pays Basque est\u00e1 perfectamente equipado con Wi-Fi, barbacoa, instalaciones sanitarias, lavander\u00eda, etc. As\u00ed, es posible lavar la ropa de la peque\u00f1a tribu sin tener que salir del camping. Tambi\u00e9n es posible alojarse en una casa m\u00f3vil para disfrutar de un confort \u00f3ptimo durante las vacaciones.<\/p>\n<\/div>\n<\/div>\n\n\n    <\/div>\n<\/section>\n\n<section id=\"ls-section-block_048cbebbeaad342251052d6e5af9bb15\" class=\"ls-section  page-two\" >\n        <div class=\"container container--wide\">\n        \n<div class=\"wp-block-image\">\n<figure class=\"aligncenter size-full\"><img decoding=\"async\" width=\"1024\" height=\"682\" src=\"https:\/\/www.berrua.com\/wp-content\/uploads\/2021\/11\/camping-famille-bidart.jpg\" alt=\"camping famille bidart\" class=\"wp-image-10253\" srcset=\"https:\/\/www.berrua.com\/wp-content\/uploads\/2021\/11\/camping-famille-bidart.jpg 1024w, https:\/\/www.berrua.com\/wp-content\/uploads\/2021\/11\/camping-famille-bidart-300x200.jpg 300w, https:\/\/www.berrua.com\/wp-content\/uploads\/2021\/11\/camping-famille-bidart-768x512.jpg 768w\" sizes=\"(max-width: 1024px) 100vw, 1024px\" \/><\/figure>\n<\/div>\n\n    <\/div>\n<\/section>\n\n<section id=\"ls-section-block_2850e6d84e7f990b3ded2120cb6fecc5\" class=\"ls-section  page-three\" >\n        <div class=\"container \">\n        \n\n<h2 class=\"ls__heading wp-block-heading ls__heading ls__heading-undefined\">El Pa\u00eds Vasco: una tierra de cultura y aventura<\/h2>\n\n\n\n<p class=\"ls-paragraph ls__paragraph\">La proximidad de las playas y la calidad de las instalaciones de acogida no son las \u00fanicas bazas de Berrua, ya que el camping est\u00e1 situado en una zona especialmente apreciada por los turistas.&nbsp;<\/p>\n\n\n\n<p class=\"ls-paragraph ls__paragraph\">Visite el castillo de Abbadie, deje que sus hijos descubran la fortaleza de Maul\u00e9on, \u00a1sin duda les encantar\u00e1 imaginarse como valientes caballeros!&nbsp;Explorar la cueva de La Verna o conocer a los animales de la granja de Agerria\u2026 \u00a1Las posibilidades parecen infinitas!<\/p>\n\n\n    <\/div>\n<\/section>\n\n<section id=\"ls-section-block_8758a6ca8ff9ad1697475793f9b12ef2\" class=\"ls-section  page-fourth\" >\n        <div class=\"container container--full\">\n        \n\n<figure class=\"wp-block-image size-large\"><img decoding=\"async\" width=\"1990\" height=\"874\" src=\"https:\/\/www.berrua.com\/wp-content\/uploads\/2021\/10\/camping-piscine-pays-basque.jpg\" alt=\"camping piscine pays basque\" class=\"wp-image-321\" srcset=\"https:\/\/www.berrua.com\/wp-content\/uploads\/2021\/10\/camping-piscine-pays-basque.jpg 1990w, https:\/\/www.berrua.com\/wp-content\/uploads\/2021\/10\/camping-piscine-pays-basque-300x132.jpg 300w, https:\/\/www.berrua.com\/wp-content\/uploads\/2021\/10\/camping-piscine-pays-basque-1024x450.jpg 1024w, https:\/\/www.berrua.com\/wp-content\/uploads\/2021\/10\/camping-piscine-pays-basque-768x337.jpg 768w, https:\/\/www.berrua.com\/wp-content\/uploads\/2021\/10\/camping-piscine-pays-basque-1536x675.jpg 1536w\" sizes=\"(max-width: 1990px) 100vw, 1990px\" \/><\/figure>\n\n\n    <\/div>\n<\/section>\n\n<section id=\"ls-section-block_67ff69bf5024909d26443300a171cc47\" class=\"ls-section  page-fourth-bis has-text-color has-color-black-color\" >\n        <div class=\"container container--wide\">\n        \n\n<div class=\"wp-block-columns is-layout-flex wp-container-core-columns-is-layout-9d6595d7 wp-block-columns-is-layout-flex\">\n<div class=\"wp-block-column is-layout-flow wp-block-column-is-layout-flow\">\n<h2 class=\"ls__heading wp-block-heading ls__heading ls__heading-undefined\"><mark style=\"background-color:rgba(0, 0, 0, 0)\" class=\"has-inline-color has-color-3-color\">Actividades para hacer en familia<\/mark><\/h2>\n<\/div>\n\n\n\n<div class=\"wp-block-column is-layout-flow wp-block-column-is-layout-flow\"><\/div>\n<\/div>\n\n\n\n<div class=\"wp-block-columns is-layout-flex wp-container-core-columns-is-layout-9d6595d7 wp-block-columns-is-layout-flex\">\n<div class=\"wp-block-column is-layout-flow wp-block-column-is-layout-flow\">\n<p class=\"ls-paragraph ls__paragraph\">Desde su camping familiar en el Pa\u00eds Vasco, aproveche las numerosas actividades y el ocio que no se puede perder en el Pa\u00eds Vasco:<\/p>\n\n\n\n<ul class=\"ls-list ls-list-undefined ls__list-undefined wp-block-list\" value=\"<li class=&quot;ls__list-item is-item-undefined&quot;&gt;Disfruta de la naturaleza y el senderismo en el Pa\u00eds Vasco, explora la fauna y la floraen por el camino de la costa vasca, o subiendo a la Rhune.<\/li&gt;<li class=&quot;ls__list-item is-item-undefined&quot;&gt;Emp\u00e1pate de la cultura vasca con tu familia y descubre la gastronom\u00eda local.<\/li&gt;<li class=&quot;ls__list-item is-item-undefined&quot;&gt;Pasee por las playas de la costa vasca, las m\u00e1s adecuadas para las familias son las de Hendaya, San Juan de Luz y Anglet.<\/li&gt;\"><li>Disfruta de la naturaleza y el senderismo en el Pa\u00eds Vasco, explora la fauna y la floraen por el camino de la costa vasca, o subiendo a la Rhune.<\/li><li>Emp\u00e1pate de la cultura vasca con tu familia y descubre la gastronom\u00eda local.<\/li><li>Pasee por las playas de la costa vasca, las m\u00e1s adecuadas para las familias son las de Hendaya, San Juan de Luz y Anglet.<\/li><\/ul>\n<\/div>\n\n\n\n<div class=\"wp-block-column has-color-black-color has-color-white-background-color has-text-color has-background is-layout-flow wp-block-column-is-layout-flow\">\n<p class=\"ls-paragraph ls__paragraph\">Durante la temporada alta, el camping ofrece una amplia gama de actividades: gimnasia acu\u00e1tica, torneos de f\u00fatbol, demostraciones de pelota, juegos de aperitivo, noches de cabaret para ni\u00f1os, etc.&nbsp;<\/p>\n\n\n\n<p class=\"ls-paragraph ls__paragraph\">Para sus diversas salidas a la playa o al interior, no dude en pedir consejo al personal de la recepci\u00f3n.<\/p>\n\n\n\n<p class=\"ls-paragraph ls__paragraph\">Una vez all\u00ed, s\u00f3lo tendr\u00e1 una cosa en mente: volver para sus pr\u00f3ximas vacaciones familiares en el Pa\u00eds Vasco.<\/p>\n<\/div>\n<\/div>\n\n\n    <\/div>\n<\/section>\n\n<section id=\"ls-section-block_d8ba570be1fa2fae442cca1bc9080578\" class=\"ls-section  page-cta\" >\n        <div class=\"container container--wide\">\n        \n\n<div id=\"ls-heading ls-titre-div-block_3685144ce45747cbfe684a3ab3410da2\" class=\"ls-titre-div ls__heading has-text-align-center ls__heading-undefined title-deco titre-cta h2-like\" >\n    \u00a1Unas vacaciones para todos!<\/div>\n\n\n\n<div class=\"wp-block-columns is-layout-flex wp-container-core-columns-is-layout-9d6595d7 wp-block-columns-is-layout-flex\">\n<div class=\"wp-block-column is-layout-flow wp-block-column-is-layout-flow\">\n<div id=\"ls-cta-block_ff418dccfe7c6e60c94a06812fa9cde8\" class=\"ls-cta\">  \n    \n\n<a href=\"http:\/\/www.berrua.com\/camping-jeunes-pays-basque\/\" target=\"\" rel=\"noopener\" class=\"ls-cta__link\" data-categ=\"\">\n\t<div class=\"ls-cta__image\"><img decoding=\"async\" src=\"https:\/\/www.berrua.com\/wp-content\/uploads\/2021\/11\/camping-jeune-pays-basque.jpg\" alt=\"camping jeune pays basque\"><\/div>\n\t<div class=\"ls-cta__title\">\n\t\tEntre los j\u00f3venes\t<\/div>\n\n\t<\/a><\/div><\/div>\n\n\n\n<div class=\"wp-block-column is-layout-flow wp-block-column-is-layout-flow\">\n<div id=\"ls-cta-block_f5a38a237bfb58704a3b2f730256377e\" class=\"ls-cta\">  \n    \n\n<a href=\"http:\/\/www.berrua.com\/camping-senior-pays-basque\/\" target=\"\" rel=\"noopener\" class=\"ls-cta__link\" data-categ=\"\">\n\t<div class=\"ls-cta__image\"><img decoding=\"async\" src=\"https:\/\/www.berrua.com\/wp-content\/uploads\/2021\/11\/vacances-seniors-bidart.jpg\" alt=\"vacances seniors bidart\"><\/div>\n\t<div class=\"ls-cta__title\">\n\t\tEntre los mayores\t<\/div>\n\n\t<\/a><\/div><\/div>\n\n\n\n<div class=\"wp-block-column is-layout-flow wp-block-column-is-layout-flow\">\n<div id=\"ls-cta-block_f384059d17ebd2597a65a10310c5677f\" class=\"ls-cta\">  \n    \n\n<a href=\"http:\/\/www.berrua.com\/camping-couple-pays-basque\/\" target=\"\" rel=\"noopener\" class=\"ls-cta__link\" data-categ=\"\">\n\t<div class=\"ls-cta__image\"><img decoding=\"async\" src=\"https:\/\/www.berrua.com\/wp-content\/uploads\/2021\/11\/vacances-couple-pays-basque.jpg\" alt=\"vacances couple pays basque\"><\/div>\n\t<div class=\"ls-cta__title\">\n\t\tComo pareja\t<\/div>\n\n\t<\/a><\/div><\/div>\n<\/div>\n\n\n    <\/div>\n<\/section>","protected":false},"excerpt":{"rendered":"","protected":false},"author":1,"featured_media":514007,"parent":0,"menu_order":0,"comment_status":"closed","ping_status":"closed","template":"","meta":{"_acf_changed":false,"inline_featured_image":false,"footnotes":""},"sujet":[],"class_list":["post-14144","page","type-page","status-publish","has-post-thumbnail","hentry"],"acf":[],"yoast_head":"<!-- This site is optimized with the Yoast SEO plugin v26.2 - https:\/\/yoast.com\/wordpress\/plugins\/seo\/ -->\n<title>Camping familiar Bidart | Vacaciones en familia en el Pa\u00eds Vasco | Costa Vasca<\/title>\n<meta name=\"robots\" content=\"index, follow, max-snippet:-1, max-image-preview:large, max-video-preview:-1\" \/>\n<link rel=\"canonical\" href=\"https:\/\/www.berrua.com\/es\/camping-familiar-pais-vasco\/\" \/>\n<meta property=\"og:locale\" content=\"es_ES\" \/>\n<meta property=\"og:type\" content=\"article\" \/>\n<meta property=\"og:title\" content=\"Camping familiar Bidart | Vacaciones en familia en el Pa\u00eds Vasco | Costa Vasca\" \/>\n<meta property=\"og:url\" content=\"https:\/\/www.berrua.com\/es\/camping-familiar-pais-vasco\/\" \/>\n<meta property=\"og:site_name\" content=\"Domaine Berrua\" \/>\n<meta property=\"article:modified_time\" content=\"2023-11-03T09:50:13+00:00\" \/>\n<meta property=\"og:image\" content=\"https:\/\/www.berrua.com\/wp-content\/uploads\/2022\/03\/banner-famille.jpg\" \/>\n\t<meta property=\"og:image:width\" content=\"1903\" \/>\n\t<meta property=\"og:image:height\" content=\"450\" \/>\n\t<meta property=\"og:image:type\" content=\"image\/jpeg\" \/>\n<meta name=\"twitter:card\" content=\"summary_large_image\" \/>\n<meta name=\"twitter:label1\" content=\"Tiempo de lectura\" \/>\n\t<meta name=\"twitter:data1\" content=\"5 minutos\" \/>\n<script type=\"application\/ld+json\" class=\"yoast-schema-graph\">{\"@context\":\"https:\/\/schema.org\",\"@graph\":[{\"@type\":\"WebPage\",\"@id\":\"https:\/\/www.berrua.com\/es\/camping-familiar-pais-vasco\/\",\"url\":\"https:\/\/www.berrua.com\/es\/camping-familiar-pais-vasco\/\",\"name\":\"Camping familiar Bidart | Vacaciones en familia en el Pa\u00eds Vasco | Costa Vasca\",\"isPartOf\":{\"@id\":\"https:\/\/www.berrua.com\/es\/#website\"},\"primaryImageOfPage\":{\"@id\":\"https:\/\/www.berrua.com\/es\/camping-familiar-pais-vasco\/#primaryimage\"},\"image\":{\"@id\":\"https:\/\/www.berrua.com\/es\/camping-familiar-pais-vasco\/#primaryimage\"},\"thumbnailUrl\":\"https:\/\/www.berrua.com\/wp-content\/uploads\/2022\/03\/banner-famille.jpg\",\"datePublished\":\"2021-11-25T08:58:01+00:00\",\"dateModified\":\"2023-11-03T09:50:13+00:00\",\"breadcrumb\":{\"@id\":\"https:\/\/www.berrua.com\/es\/camping-familiar-pais-vasco\/#breadcrumb\"},\"inLanguage\":\"es\",\"potentialAction\":[{\"@type\":\"ReadAction\",\"target\":[\"https:\/\/www.berrua.com\/es\/camping-familiar-pais-vasco\/\"]}]},{\"@type\":\"ImageObject\",\"inLanguage\":\"es\",\"@id\":\"https:\/\/www.berrua.com\/es\/camping-familiar-pais-vasco\/#primaryimage\",\"url\":\"https:\/\/www.berrua.com\/wp-content\/uploads\/2022\/03\/banner-famille.jpg\",\"contentUrl\":\"https:\/\/www.berrua.com\/wp-content\/uploads\/2022\/03\/banner-famille.jpg\",\"width\":1903,\"height\":450,\"caption\":\"banner-famille\"},{\"@type\":\"BreadcrumbList\",\"@id\":\"https:\/\/www.berrua.com\/es\/camping-familiar-pais-vasco\/#breadcrumb\",\"itemListElement\":[{\"@type\":\"ListItem\",\"position\":1,\"name\":\"Camping Bidart au Pays Basque\",\"item\":\"https:\/\/www.berrua.com\/es\/\"},{\"@type\":\"ListItem\",\"position\":2,\"name\":\"Camping familiar en Bidart\"}]},{\"@type\":\"WebSite\",\"@id\":\"https:\/\/www.berrua.com\/es\/#website\",\"url\":\"https:\/\/www.berrua.com\/es\/\",\"name\":\"Domaine Berrua\",\"description\":\"\",\"publisher\":{\"@id\":\"https:\/\/www.berrua.com\/es\/#organization\"},\"potentialAction\":[{\"@type\":\"SearchAction\",\"target\":{\"@type\":\"EntryPoint\",\"urlTemplate\":\"https:\/\/www.berrua.com\/es\/?s={search_term_string}\"},\"query-input\":{\"@type\":\"PropertyValueSpecification\",\"valueRequired\":true,\"valueName\":\"search_term_string\"}}],\"inLanguage\":\"es\"},{\"@type\":\"Organization\",\"@id\":\"https:\/\/www.berrua.com\/es\/#organization\",\"name\":\"Camping Berrua\",\"url\":\"https:\/\/www.berrua.com\/es\/\",\"logo\":{\"@type\":\"ImageObject\",\"inLanguage\":\"es\",\"@id\":\"https:\/\/www.berrua.com\/es\/#\/schema\/logo\/image\/\",\"url\":\"https:\/\/www.berrua.com\/wp-content\/uploads\/2022\/01\/berrua.jpg\",\"contentUrl\":\"https:\/\/www.berrua.com\/wp-content\/uploads\/2022\/01\/berrua.jpg\",\"width\":321,\"height\":231,\"caption\":\"Camping Berrua\"},\"image\":{\"@id\":\"https:\/\/www.berrua.com\/es\/#\/schema\/logo\/image\/\"}}]}<\/script>\n<!-- \/ Yoast SEO plugin. -->","yoast_head_json":{"title":"Camping familiar Bidart | Vacaciones en familia en el Pa\u00eds Vasco | Costa Vasca","robots":{"index":"index","follow":"follow","max-snippet":"max-snippet:-1","max-image-preview":"max-image-preview:large","max-video-preview":"max-video-preview:-1"},"canonical":"https:\/\/www.berrua.com\/es\/camping-familiar-pais-vasco\/","og_locale":"es_ES","og_type":"article","og_title":"Camping familiar Bidart | Vacaciones en familia en el Pa\u00eds Vasco | Costa Vasca","og_url":"https:\/\/www.berrua.com\/es\/camping-familiar-pais-vasco\/","og_site_name":"Domaine Berrua","article_modified_time":"2023-11-03T09:50:13+00:00","og_image":[{"width":1903,"height":450,"url":"https:\/\/www.berrua.com\/wp-content\/uploads\/2022\/03\/banner-famille.jpg","type":"image\/jpeg"}],"twitter_card":"summary_large_image","twitter_misc":{"Tiempo de lectura":"5 minutos"},"schema":{"@context":"https:\/\/schema.org","@graph":[{"@type":"WebPage","@id":"https:\/\/www.berrua.com\/es\/camping-familiar-pais-vasco\/","url":"https:\/\/www.berrua.com\/es\/camping-familiar-pais-vasco\/","name":"Camping familiar Bidart | Vacaciones en familia en el Pa\u00eds Vasco | Costa Vasca","isPartOf":{"@id":"https:\/\/www.berrua.com\/es\/#website"},"primaryImageOfPage":{"@id":"https:\/\/www.berrua.com\/es\/camping-familiar-pais-vasco\/#primaryimage"},"image":{"@id":"https:\/\/www.berrua.com\/es\/camping-familiar-pais-vasco\/#primaryimage"},"thumbnailUrl":"https:\/\/www.berrua.com\/wp-content\/uploads\/2022\/03\/banner-famille.jpg","datePublished":"2021-11-25T08:58:01+00:00","dateModified":"2023-11-03T09:50:13+00:00","breadcrumb":{"@id":"https:\/\/www.berrua.com\/es\/camping-familiar-pais-vasco\/#breadcrumb"},"inLanguage":"es","potentialAction":[{"@type":"ReadAction","target":["https:\/\/www.berrua.com\/es\/camping-familiar-pais-vasco\/"]}]},{"@type":"ImageObject","inLanguage":"es","@id":"https:\/\/www.berrua.com\/es\/camping-familiar-pais-vasco\/#primaryimage","url":"https:\/\/www.berrua.com\/wp-content\/uploads\/2022\/03\/banner-famille.jpg","contentUrl":"https:\/\/www.berrua.com\/wp-content\/uploads\/2022\/03\/banner-famille.jpg","width":1903,"height":450,"caption":"banner-famille"},{"@type":"BreadcrumbList","@id":"https:\/\/www.berrua.com\/es\/camping-familiar-pais-vasco\/#breadcrumb","itemListElement":[{"@type":"ListItem","position":1,"name":"Camping Bidart au Pays Basque","item":"https:\/\/www.berrua.com\/es\/"},{"@type":"ListItem","position":2,"name":"Camping familiar en Bidart"}]},{"@type":"WebSite","@id":"https:\/\/www.berrua.com\/es\/#website","url":"https:\/\/www.berrua.com\/es\/","name":"Domaine Berrua","description":"","publisher":{"@id":"https:\/\/www.berrua.com\/es\/#organization"},"potentialAction":[{"@type":"SearchAction","target":{"@type":"EntryPoint","urlTemplate":"https:\/\/www.berrua.com\/es\/?s={search_term_string}"},"query-input":{"@type":"PropertyValueSpecification","valueRequired":true,"valueName":"search_term_string"}}],"inLanguage":"es"},{"@type":"Organization","@id":"https:\/\/www.berrua.com\/es\/#organization","name":"Camping Berrua","url":"https:\/\/www.berrua.com\/es\/","logo":{"@type":"ImageObject","inLanguage":"es","@id":"https:\/\/www.berrua.com\/es\/#\/schema\/logo\/image\/","url":"https:\/\/www.berrua.com\/wp-content\/uploads\/2022\/01\/berrua.jpg","contentUrl":"https:\/\/www.berrua.com\/wp-content\/uploads\/2022\/01\/berrua.jpg","width":321,"height":231,"caption":"Camping Berrua"},"image":{"@id":"https:\/\/www.berrua.com\/es\/#\/schema\/logo\/image\/"}}]}},"_links":{"self":[{"href":"https:\/\/www.berrua.com\/es\/wp-json\/wp\/v2\/pages\/14144","targetHints":{"allow":["GET"]}}],"collection":[{"href":"https:\/\/www.berrua.com\/es\/wp-json\/wp\/v2\/pages"}],"about":[{"href":"https:\/\/www.berrua.com\/es\/wp-json\/wp\/v2\/types\/page"}],"author":[{"embeddable":true,"href":"https:\/\/www.berrua.com\/es\/wp-json\/wp\/v2\/users\/1"}],"replies":[{"embeddable":true,"href":"https:\/\/www.berrua.com\/es\/wp-json\/wp\/v2\/comments?post=14144"}],"version-history":[{"count":9,"href":"https:\/\/www.berrua.com\/es\/wp-json\/wp\/v2\/pages\/14144\/revisions"}],"predecessor-version":[{"id":989616,"href":"https:\/\/www.berrua.com\/es\/wp-json\/wp\/v2\/pages\/14144\/revisions\/989616"}],"wp:featuredmedia":[{"embeddable":true,"href":"https:\/\/www.berrua.com\/es\/wp-json\/wp\/v2\/media\/514007"}],"wp:attachment":[{"href":"https:\/\/www.berrua.com\/es\/wp-json\/wp\/v2\/media?parent=14144"}],"wp:term":[{"taxonomy":"sujet","embeddable":true,"href":"https:\/\/www.berrua.com\/es\/wp-json\/wp\/v2\/sujet?post=14144"}],"curies":[{"name":"wp","href":"https:\/\/api.w.org\/{rel}","templated":true}]}}