{"id":14132,"date":"2021-11-25T09:33:50","date_gmt":"2021-11-25T08:33:50","guid":{"rendered":"http:\/\/www.berrua.com\/camping-couple-pays-basque\/"},"modified":"2023-11-03T10:43:59","modified_gmt":"2023-11-03T09:43:59","slug":"pareja-de-acampada-pais-vasco","status":"publish","type":"page","link":"https:\/\/www.berrua.com\/es\/pareja-de-acampada-pais-vasco\/","title":{"rendered":"Groupe : En Couple"},"content":{"rendered":"<section id=\"ls-section-block_6c45de33400d66ded11f9460eb8950f5\" class=\"ls-section  page-one has-background has-color-white-background-color\" >\n        <div class=\"container container--wide\">\n        \n\n<h1 class=\"ls__heading wp-block-heading has-text-align-center ls__heading-undefined\"><span style=\"background-color:rgba(0, 0, 0, 0)\" class=\"has-inline-color has-color-1-color\">VACACIONES EN PAREJA EN EL PA\u00cdS VASCO<\/span><\/h1>\n\n\n\n<p class=\"ls-paragraph has-text-align-center ls__paragraph\">\u00bfViaja en pareja y sue\u00f1a con el romance?&nbsp;El Domaine Berrua, en el Pa\u00eds Vasco, le ofrece la oportunidad de vivir momentos m\u00e1gicos, a un paso del mar.<\/p>\n\n\n\n<h2 class=\"ls__heading wp-block-heading ls__heading ls__heading-undefined\"><span style=\"background-color:rgba(0, 0, 0, 0)\" class=\"has-inline-color has-color-1-color\">Camping ideal para parejas<\/span><\/h2>\n\n\n\n<p class=\"ls-paragraph ls__paragraph\">Para unas vacaciones rom\u00e1nticas en el camping, Berrua le da la bienvenida en un entorno verde, a s\u00f3lo 1 km de la playa. Situado entre Biarritz y San Juan de Luz, el camping goza de una ubicaci\u00f3n privilegiada, cerca de las m\u00e1s bellas playas del Pa\u00eds Vasco. En el lugar, podr\u00e1 aprovechar al m\u00e1ximo las instalaciones disponibles: piscina cubierta climatizada, zona acu\u00e1tica, sauna, hammam\u2026 Berrua es ideal para unas vacaciones de camping en pareja.<\/p>\n\n\n\n<div class=\"wp-block-columns fancybox is-layout-flex wp-container-core-columns-is-layout-9d6595d7 wp-block-columns-is-layout-flex\">\n<div class=\"wp-block-column is-vertically-aligned-center is-layout-flow wp-block-column-is-layout-flow\">\n<figure class=\"wp-block-image size-full\"><a href=\"https:\/\/www.berrua.com\/wp-content\/uploads\/2023\/11\/En-couple-2-berrua.jpg\"><img decoding=\"async\" width=\"1024\" height=\"683\" src=\"https:\/\/www.berrua.com\/wp-content\/uploads\/2023\/11\/En-couple-2-berrua.jpg\" alt=\"\" class=\"wp-image-989596\" srcset=\"https:\/\/www.berrua.com\/wp-content\/uploads\/2023\/11\/En-couple-2-berrua.jpg 1024w, https:\/\/www.berrua.com\/wp-content\/uploads\/2023\/11\/En-couple-2-berrua-300x200.jpg 300w, https:\/\/www.berrua.com\/wp-content\/uploads\/2023\/11\/En-couple-2-berrua-768x512.jpg 768w\" sizes=\"(max-width: 1024px) 100vw, 1024px\" \/><\/a><\/figure>\n\n\n\n<figure class=\"wp-block-image size-full\"><a href=\"https:\/\/www.berrua.com\/wp-content\/uploads\/2023\/11\/En-couple-3-berrua.jpg\"><img decoding=\"async\" width=\"1024\" height=\"683\" src=\"https:\/\/www.berrua.com\/wp-content\/uploads\/2023\/11\/En-couple-3-berrua.jpg\" alt=\"\" class=\"wp-image-989591\" srcset=\"https:\/\/www.berrua.com\/wp-content\/uploads\/2023\/11\/En-couple-3-berrua.jpg 1024w, https:\/\/www.berrua.com\/wp-content\/uploads\/2023\/11\/En-couple-3-berrua-300x200.jpg 300w, https:\/\/www.berrua.com\/wp-content\/uploads\/2023\/11\/En-couple-3-berrua-768x512.jpg 768w\" sizes=\"(max-width: 1024px) 100vw, 1024px\" \/><\/a><\/figure>\n<\/div>\n\n\n\n<div class=\"wp-block-column is-vertically-aligned-center is-layout-flow wp-block-column-is-layout-flow\">\n<figure class=\"wp-block-image size-full\"><a href=\"https:\/\/www.berrua.com\/wp-content\/uploads\/2023\/11\/en-couple-4-berrua.jpg\"><img decoding=\"async\" width=\"439\" height=\"639\" src=\"https:\/\/www.berrua.com\/wp-content\/uploads\/2023\/11\/en-couple-4-berrua.jpg\" alt=\"\" class=\"wp-image-989586\" srcset=\"https:\/\/www.berrua.com\/wp-content\/uploads\/2023\/11\/en-couple-4-berrua.jpg 439w, https:\/\/www.berrua.com\/wp-content\/uploads\/2023\/11\/en-couple-4-berrua-206x300.jpg 206w\" sizes=\"(max-width: 439px) 100vw, 439px\" \/><\/a><\/figure>\n<\/div>\n\n\n\n<div class=\"wp-block-column is-vertically-aligned-center is-layout-flow wp-block-column-is-layout-flow\">\n<figure class=\"wp-block-image size-full\"><a href=\"https:\/\/www.berrua.com\/wp-content\/uploads\/2021\/11\/spa-couple.jpg\"><img decoding=\"async\" width=\"439\" height=\"638\" src=\"https:\/\/www.berrua.com\/wp-content\/uploads\/2021\/11\/spa-couple.jpg\" alt=\"spa couple\" class=\"wp-image-10187\" srcset=\"https:\/\/www.berrua.com\/wp-content\/uploads\/2021\/11\/spa-couple.jpg 439w, https:\/\/www.berrua.com\/wp-content\/uploads\/2021\/11\/spa-couple-206x300.jpg 206w\" sizes=\"(max-width: 439px) 100vw, 439px\" \/><\/a><\/figure>\n<\/div>\n<\/div>\n\n\n    <\/div>\n<\/section>\n\n<section id=\"ls-section-block_539837bfa3e5ada4306f5b78c5a2041c\" class=\"ls-section  home-fourth has-background has-color-1-background-color has-text-color has-color-white-color\" >\n        <div class=\"container container--wide\">\n        \n\n<div class=\"wp-block-columns is-layout-flex wp-container-core-columns-is-layout-9d6595d7 wp-block-columns-is-layout-flex\">\n<div class=\"wp-block-column is-layout-flow wp-block-column-is-layout-flow\" style=\"flex-basis:33.33%\">\n<p class=\"ls-paragraph ls__paragraph title-deco\"><span style=\"background-color:rgba(0, 0, 0, 0)\" class=\"has-inline-color has-color-3-color\">Vacaciones<\/span><\/p>\n\n\n\n<p class=\"ls-paragraph ls__paragraph subtitle-deco\"><span style=\"background-color:rgba(0, 0, 0, 0)\" class=\"has-inline-color has-color-white-color\">en parejas<\/span><\/p>\n<\/div>\n\n\n\n<div class=\"wp-block-column is-layout-flow wp-block-column-is-layout-flow\" style=\"flex-basis:66.66%\">\n<h2 class=\"ls__heading wp-block-heading ls__heading ls__heading-undefined\">Alojamiento para 2 personas<\/h2>\n\n\n\n<p class=\"ls-paragraph\">Berrua le ofrece la posibilidad de alojarse en una tienda de campa\u00f1a, caravana, autocaravana o casa m\u00f3vil.<br>Si elige una parcela, tendr\u00e1 acceso a todas las instalaciones necesarias: barbacoa, instalaciones sanitarias, etc.&nbsp;En una casa m\u00f3vil, disfrutar\u00e1 de la m\u00e1xima comodidad y privacidad.<\/p>\n<\/div>\n<\/div>\n\n\n    <\/div>\n<\/section>\n\n<section id=\"ls-section-block_cc4b275c025eee4e5aff3c49dc2faf54\" class=\"ls-section  page-two\" >\n        <div class=\"container container--wide\">\n        \n<div class=\"wp-block-image\">\n<figure class=\"aligncenter size-full\"><img decoding=\"async\" width=\"1024\" height=\"576\" src=\"https:\/\/www.berrua.com\/wp-content\/uploads\/2021\/11\/vacances-en-couple-bidart.jpg\" alt=\"vacances en couple bidart\" class=\"wp-image-10197\" srcset=\"https:\/\/www.berrua.com\/wp-content\/uploads\/2021\/11\/vacances-en-couple-bidart.jpg 1024w, https:\/\/www.berrua.com\/wp-content\/uploads\/2021\/11\/vacances-en-couple-bidart-300x169.jpg 300w, https:\/\/www.berrua.com\/wp-content\/uploads\/2021\/11\/vacances-en-couple-bidart-768x432.jpg 768w\" sizes=\"(max-width: 1024px) 100vw, 1024px\" \/><\/figure>\n<\/div>\n\n    <\/div>\n<\/section>\n\n<section id=\"ls-section-block_aa1a3762138b9e2e22b64c8bdf0db756\" class=\"ls-section  page-three\" >\n        <div class=\"container \">\n        \n\n<h2 class=\"ls__heading wp-block-heading ls__heading ls__heading-undefined\">El Pa\u00eds Vasco enamorado<\/h2>\n\n\n\n<p class=\"ls-paragraph\">El Pa\u00eds Vasco es un destino popular para los enamorados, y por una buena raz\u00f3n, muchos de sus sitios son extremadamente rom\u00e1nticos.<br>Ir al Rocher de la Vierge, de la mano, para admirar la vista, pasear por las playas para ver la puesta de sol.<\/p>\n\n\n\n<p class=\"ls-paragraph ls__paragraph\">Si est\u00e1 planeando un viaje a Anglet, no se pierda la \u00abgrotte de la chambre d&#8217;amour\u00bb, donde la leyenda cuenta que dos amantes que se reun\u00edan en secreto perecieron un d\u00eda al ser sorprendidos por la subida del agua.&nbsp;Puede aprovechar para descubrir una de las muchas calas aisladas que ofrecen m\u00e1s intimidad que las grandes playas cercanas.<\/p>\n\n\n    <\/div>\n<\/section>\n\n<section id=\"ls-section-block_4d227f1508bd47c044aaacc87152c8ca\" class=\"ls-section  page-fourth\" >\n        <div class=\"container container--full\">\n        \n\n<figure class=\"wp-block-image size-large\"><img decoding=\"async\" src=\"https:\/\/www.berrua.com\/wp-content\/uploads\/2021\/11\/couple-bidart.jpg\" alt=\"couple bidart\"\/><\/figure>\n\n\n    <\/div>\n<\/section>\n\n<section id=\"ls-section-block_d9ebda11e4caeeb6734e2a6a8435a2c4\" class=\"ls-section  page-fourth-bis has-text-color has-color-black-color\" >\n        <div class=\"container container--wide\">\n        \n\n<div class=\"wp-block-columns is-layout-flex wp-container-core-columns-is-layout-9d6595d7 wp-block-columns-is-layout-flex\">\n<div class=\"wp-block-column is-layout-flow wp-block-column-is-layout-flow\">\n<h2 class=\"ls__heading wp-block-heading ls__heading ls__heading-undefined\"><span style=\"background-color:rgba(0, 0, 0, 0)\" class=\"has-inline-color has-color-3-color\">Restaurantes con los pies en el agua<\/span><\/h2>\n<\/div>\n\n\n\n<div class=\"wp-block-column is-layout-flow wp-block-column-is-layout-flow\"><\/div>\n<\/div>\n\n\n\n<div class=\"wp-block-columns is-layout-flex wp-container-core-columns-is-layout-9d6595d7 wp-block-columns-is-layout-flex\">\n<div class=\"wp-block-column is-layout-flow wp-block-column-is-layout-flow\">\n<p class=\"ls-paragraph ls__paragraph\">Vaya a Biarritz para disfrutar de una velada rom\u00e1ntica: encontrar\u00e1 muchas mesas excepcionales y podr\u00e1 caminar a la luz de la luna para dar un paseo digestivo.&nbsp;<\/p>\n\n\n\n<p class=\"ls-paragraph ls__paragraph\">Divi\u00e9rtase paseando por las estrechas calles, entre en los bares que tocan m\u00fasica que le inspira; una cosa es segura: \u00a1recordar\u00e1 sus rom\u00e1nticas vacaciones en el Pa\u00eds Vasco durante mucho tiempo!<\/p>\n<\/div>\n\n\n\n<div class=\"wp-block-column has-color-black-color has-color-white-background-color has-text-color has-background is-layout-flow wp-block-column-is-layout-flow\">\n<h2 class=\"ls__heading wp-block-heading ls__heading ls__heading-undefined p-t-5\">Deporte para dos<\/h2>\n\n\n\n<p class=\"ls-paragraph ls__paragraph\">&nbsp;Acampar juntos en la costa atl\u00e1ntica tambi\u00e9n les dar\u00e1 la oportunidad de practicar deportes poco habituales.&nbsp;Pruebe a hacer surf apunt\u00e1ndose a un curso, pruebe a jugar a la pelota o divi\u00e9rtase participando en las actividades que ofrece el camping: su complicidad no har\u00e1 m\u00e1s que aumentar.<\/p>\n\n\n\n<p class=\"ls-paragraph ls__paragraph\">Descubra tambi\u00e9n la pelota vasca y el golf desde su rom\u00e1ntico camping.<\/p>\n\n\n\n<p class=\"ls-paragraph ls__paragraph\">El camping de Berrua, en el Pa\u00eds Vasco, es un capullo rom\u00e1ntico en el que podr\u00e1 disfrutar del oc\u00e9ano, de los pueblos cercanos y del interior. Es un punto de partida ideal para unas vacaciones inolvidables en pareja.<\/p>\n<\/div>\n<\/div>\n\n\n    <\/div>\n<\/section>\n\n<section id=\"ls-section-block_684a94ebcf091261c9f8e5cdc6b75c40\" class=\"ls-section  has-p-t p-t-1\" >\n        <div class=\"container \">\n        \n\n<h2 class=\"ls__heading wp-block-heading has-text-align-center ls__heading-undefined\">Ideas de actividades para parejas en el Pa\u00eds Vasco<\/h2>\n\n\n\n<p class=\"ls-paragraph ls__paragraph\">Desde su rom\u00e1ntico camping, sum\u00e9rjase en el coraz\u00f3n de la cultura vasca y disfrute de las numerosas actividades que pueden realizar juntos:<\/p>\n\n\n\n<ul class=\"ls-list ls-list-undefined ls__list-undefined wp-block-list\" value=\"<li class=&quot;ls__list-item is-item-undefined&quot;&gt;Degustar la gastronom\u00eda vasca y visitar los mercados tradicionales<\/li&gt;<li class=&quot;ls__list-item is-item-undefined&quot;&gt;Rel\u00e1jese en pareja y disfrute de la talasoterapia en el Pa\u00eds Vasco<\/li&gt;<li class=&quot;ls__list-item is-item-undefined&quot;&gt;Recarga las pilas y pasea por la Senda Costera Vasca y descubre los mejores paseos de la zona<\/li&gt;\"><li>Degustar la gastronom\u00eda vasca y visitar los mercados tradicionales<\/li><li>Rel\u00e1jese en pareja y disfrute de la talasoterapia en el Pa\u00eds Vasco<\/li><li>Recarga las pilas y pasea por la Senda Costera Vasca y descubre los mejores paseos de la zona<\/li><\/ul>\n\n\n\n<p class=\"ls-paragraph\">Go\u00fbtez \u00e0 la gastronomie basque et visitez les march\u00e9s traditionnels<br>D\u00e9tendez-vous en couple et profitez de la thalassoth\u00e9rapie au Pays basque.<br>Rechargez vos batteries en vous promenant sur le sentier de la c\u00f4te basque et d\u00e9couvrez les meilleures randonn\u00e9es de la r\u00e9gion.<br>Profitez d&#8217;un moment romantique pendant la haute saison lors des c\u00e9l\u00e9brations du 14 juillet \u00e0 Biarritz, et celles de la Semana Grande \u00e0 San Sebastian.<\/p>\n\n\n    <\/div>\n<\/section>\n\n<section id=\"ls-section-block_0b4263d1039a1c8e561bd8022b57d606\" class=\"ls-section  page-cta\" >\n        <div class=\"container container--wide\">\n        \n\n<div id=\"ls-heading ls-titre-div-block_957412b0e010afcb43872195ae57a0da\" class=\"ls-titre-div ls__heading has-text-align-center ls__heading-undefined title-deco titre-cta h2-like\" >\n    D\u00e9couvrez LEs autres types de s\u00e9jour au camping<\/div>\n\n\n\n<div class=\"wp-block-columns is-layout-flex wp-container-core-columns-is-layout-9d6595d7 wp-block-columns-is-layout-flex\">\n<div class=\"wp-block-column is-layout-flow wp-block-column-is-layout-flow\">\n<div id=\"ls-cta-block_f1a47545136921e2995fee57e1494aaf\" class=\"ls-cta\">  \n    \n\n<a href=\"http:\/\/www.berrua.com\/camping-jeunes-pays-basque\/\" target=\"\" rel=\"noopener\" class=\"ls-cta__link\" data-categ=\"\">\n\t<div class=\"ls-cta__image\"><img decoding=\"async\" src=\"https:\/\/www.berrua.com\/wp-content\/uploads\/2021\/11\/camping-jeune-pays-basque.jpg\" alt=\"camping jeune pays basque\"><\/div>\n\t<div class=\"ls-cta__title\">\n\t\tEntre los j\u00f3venes\t<\/div>\n\n\t<\/a><\/div><\/div>\n\n\n\n<div class=\"wp-block-column is-layout-flow wp-block-column-is-layout-flow\">\n<div id=\"ls-cta-block_2c08a34aca83683530e70b1d9e8ef6c3\" class=\"ls-cta\">  \n    \n\n<a href=\"http:\/\/www.berrua.com\/camping-senior-pays-basque\/\" target=\"\" rel=\"noopener\" class=\"ls-cta__link\" data-categ=\"\">\n\t<div class=\"ls-cta__image\"><img decoding=\"async\" src=\"https:\/\/www.berrua.com\/wp-content\/uploads\/2021\/11\/vacances-seniors-bidart.jpg\" alt=\"vacances seniors bidart\"><\/div>\n\t<div class=\"ls-cta__title\">\n\t\tEntre los mayores\t<\/div>\n\n\t<\/a><\/div><\/div>\n\n\n\n<div class=\"wp-block-column is-layout-flow wp-block-column-is-layout-flow\">\n<div id=\"ls-cta-block_1f1f76295b5f2ed87e1dc5398233ab25\" class=\"ls-cta\">  \n    \n\n<a href=\"http:\/\/www.berrua.com\/camping-familial-pays-basque\/\" target=\"\" rel=\"noopener\" class=\"ls-cta__link\" data-categ=\"\">\n\t<div class=\"ls-cta__image\"><img decoding=\"async\" src=\"https:\/\/www.berrua.com\/wp-content\/uploads\/2021\/11\/camping-familial.jpg\" alt=\"camping familial\"><\/div>\n\t<div class=\"ls-cta__title\">\n\t\tEn la familia\t<\/div>\n\n\t<\/a><\/div><\/div>\n<\/div>\n\n\n    <\/div>\n<\/section>","protected":false},"excerpt":{"rendered":"","protected":false},"author":1,"featured_media":10202,"parent":0,"menu_order":0,"comment_status":"closed","ping_status":"closed","template":"","meta":{"_acf_changed":false,"inline_featured_image":false,"footnotes":""},"sujet":[],"class_list":["post-14132","page","type-page","status-publish","has-post-thumbnail","hentry"],"acf":[],"yoast_head":"<!-- This site is optimized with the Yoast SEO plugin v26.2 - https:\/\/yoast.com\/wordpress\/plugins\/seo\/ -->\n<title>Camping para dos | Camping para parejas<\/title>\n<meta name=\"robots\" content=\"index, follow, max-snippet:-1, max-image-preview:large, max-video-preview:-1\" \/>\n<link rel=\"canonical\" href=\"https:\/\/www.berrua.com\/es\/pareja-de-acampada-pais-vasco\/\" \/>\n<meta property=\"og:locale\" content=\"es_ES\" \/>\n<meta property=\"og:type\" content=\"article\" \/>\n<meta property=\"og:title\" content=\"Camping para dos | Camping para parejas\" \/>\n<meta property=\"og:url\" content=\"https:\/\/www.berrua.com\/es\/pareja-de-acampada-pais-vasco\/\" \/>\n<meta property=\"og:site_name\" content=\"Domaine Berrua\" \/>\n<meta property=\"article:modified_time\" content=\"2023-11-03T09:43:59+00:00\" \/>\n<meta property=\"og:image\" content=\"https:\/\/www.berrua.com\/wp-content\/uploads\/2021\/11\/camping-couple-pays-basque.jpg\" \/>\n\t<meta property=\"og:image:width\" content=\"1903\" \/>\n\t<meta property=\"og:image:height\" content=\"450\" \/>\n\t<meta property=\"og:image:type\" content=\"image\/jpeg\" \/>\n<meta name=\"twitter:card\" content=\"summary_large_image\" \/>\n<meta name=\"twitter:label1\" content=\"Tiempo de lectura\" \/>\n\t<meta name=\"twitter:data1\" content=\"5 minutos\" \/>\n<script type=\"application\/ld+json\" class=\"yoast-schema-graph\">{\"@context\":\"https:\/\/schema.org\",\"@graph\":[{\"@type\":\"WebPage\",\"@id\":\"https:\/\/www.berrua.com\/es\/pareja-de-acampada-pais-vasco\/\",\"url\":\"https:\/\/www.berrua.com\/es\/pareja-de-acampada-pais-vasco\/\",\"name\":\"Camping para dos | Camping para parejas\",\"isPartOf\":{\"@id\":\"https:\/\/www.berrua.com\/es\/#website\"},\"primaryImageOfPage\":{\"@id\":\"https:\/\/www.berrua.com\/es\/pareja-de-acampada-pais-vasco\/#primaryimage\"},\"image\":{\"@id\":\"https:\/\/www.berrua.com\/es\/pareja-de-acampada-pais-vasco\/#primaryimage\"},\"thumbnailUrl\":\"https:\/\/www.berrua.com\/wp-content\/uploads\/2021\/11\/camping-couple-pays-basque.jpg\",\"datePublished\":\"2021-11-25T08:33:50+00:00\",\"dateModified\":\"2023-11-03T09:43:59+00:00\",\"breadcrumb\":{\"@id\":\"https:\/\/www.berrua.com\/es\/pareja-de-acampada-pais-vasco\/#breadcrumb\"},\"inLanguage\":\"es\",\"potentialAction\":[{\"@type\":\"ReadAction\",\"target\":[\"https:\/\/www.berrua.com\/es\/pareja-de-acampada-pais-vasco\/\"]}]},{\"@type\":\"ImageObject\",\"inLanguage\":\"es\",\"@id\":\"https:\/\/www.berrua.com\/es\/pareja-de-acampada-pais-vasco\/#primaryimage\",\"url\":\"https:\/\/www.berrua.com\/wp-content\/uploads\/2021\/11\/camping-couple-pays-basque.jpg\",\"contentUrl\":\"https:\/\/www.berrua.com\/wp-content\/uploads\/2021\/11\/camping-couple-pays-basque.jpg\",\"width\":1903,\"height\":450,\"caption\":\"camping couple pays basque\"},{\"@type\":\"BreadcrumbList\",\"@id\":\"https:\/\/www.berrua.com\/es\/pareja-de-acampada-pais-vasco\/#breadcrumb\",\"itemListElement\":[{\"@type\":\"ListItem\",\"position\":1,\"name\":\"Camping Bidart au Pays Basque\",\"item\":\"https:\/\/www.berrua.com\/es\/\"},{\"@type\":\"ListItem\",\"position\":2,\"name\":\"Vacaciones de camping para dos personas\"}]},{\"@type\":\"WebSite\",\"@id\":\"https:\/\/www.berrua.com\/es\/#website\",\"url\":\"https:\/\/www.berrua.com\/es\/\",\"name\":\"Domaine Berrua\",\"description\":\"\",\"publisher\":{\"@id\":\"https:\/\/www.berrua.com\/es\/#organization\"},\"potentialAction\":[{\"@type\":\"SearchAction\",\"target\":{\"@type\":\"EntryPoint\",\"urlTemplate\":\"https:\/\/www.berrua.com\/es\/?s={search_term_string}\"},\"query-input\":{\"@type\":\"PropertyValueSpecification\",\"valueRequired\":true,\"valueName\":\"search_term_string\"}}],\"inLanguage\":\"es\"},{\"@type\":\"Organization\",\"@id\":\"https:\/\/www.berrua.com\/es\/#organization\",\"name\":\"Camping Berrua\",\"url\":\"https:\/\/www.berrua.com\/es\/\",\"logo\":{\"@type\":\"ImageObject\",\"inLanguage\":\"es\",\"@id\":\"https:\/\/www.berrua.com\/es\/#\/schema\/logo\/image\/\",\"url\":\"https:\/\/www.berrua.com\/wp-content\/uploads\/2022\/01\/berrua.jpg\",\"contentUrl\":\"https:\/\/www.berrua.com\/wp-content\/uploads\/2022\/01\/berrua.jpg\",\"width\":321,\"height\":231,\"caption\":\"Camping Berrua\"},\"image\":{\"@id\":\"https:\/\/www.berrua.com\/es\/#\/schema\/logo\/image\/\"}}]}<\/script>\n<!-- \/ Yoast SEO plugin. -->","yoast_head_json":{"title":"Camping para dos | Camping para parejas","robots":{"index":"index","follow":"follow","max-snippet":"max-snippet:-1","max-image-preview":"max-image-preview:large","max-video-preview":"max-video-preview:-1"},"canonical":"https:\/\/www.berrua.com\/es\/pareja-de-acampada-pais-vasco\/","og_locale":"es_ES","og_type":"article","og_title":"Camping para dos | Camping para parejas","og_url":"https:\/\/www.berrua.com\/es\/pareja-de-acampada-pais-vasco\/","og_site_name":"Domaine Berrua","article_modified_time":"2023-11-03T09:43:59+00:00","og_image":[{"width":1903,"height":450,"url":"https:\/\/www.berrua.com\/wp-content\/uploads\/2021\/11\/camping-couple-pays-basque.jpg","type":"image\/jpeg"}],"twitter_card":"summary_large_image","twitter_misc":{"Tiempo de lectura":"5 minutos"},"schema":{"@context":"https:\/\/schema.org","@graph":[{"@type":"WebPage","@id":"https:\/\/www.berrua.com\/es\/pareja-de-acampada-pais-vasco\/","url":"https:\/\/www.berrua.com\/es\/pareja-de-acampada-pais-vasco\/","name":"Camping para dos | Camping para parejas","isPartOf":{"@id":"https:\/\/www.berrua.com\/es\/#website"},"primaryImageOfPage":{"@id":"https:\/\/www.berrua.com\/es\/pareja-de-acampada-pais-vasco\/#primaryimage"},"image":{"@id":"https:\/\/www.berrua.com\/es\/pareja-de-acampada-pais-vasco\/#primaryimage"},"thumbnailUrl":"https:\/\/www.berrua.com\/wp-content\/uploads\/2021\/11\/camping-couple-pays-basque.jpg","datePublished":"2021-11-25T08:33:50+00:00","dateModified":"2023-11-03T09:43:59+00:00","breadcrumb":{"@id":"https:\/\/www.berrua.com\/es\/pareja-de-acampada-pais-vasco\/#breadcrumb"},"inLanguage":"es","potentialAction":[{"@type":"ReadAction","target":["https:\/\/www.berrua.com\/es\/pareja-de-acampada-pais-vasco\/"]}]},{"@type":"ImageObject","inLanguage":"es","@id":"https:\/\/www.berrua.com\/es\/pareja-de-acampada-pais-vasco\/#primaryimage","url":"https:\/\/www.berrua.com\/wp-content\/uploads\/2021\/11\/camping-couple-pays-basque.jpg","contentUrl":"https:\/\/www.berrua.com\/wp-content\/uploads\/2021\/11\/camping-couple-pays-basque.jpg","width":1903,"height":450,"caption":"camping couple pays basque"},{"@type":"BreadcrumbList","@id":"https:\/\/www.berrua.com\/es\/pareja-de-acampada-pais-vasco\/#breadcrumb","itemListElement":[{"@type":"ListItem","position":1,"name":"Camping Bidart au Pays Basque","item":"https:\/\/www.berrua.com\/es\/"},{"@type":"ListItem","position":2,"name":"Vacaciones de camping para dos personas"}]},{"@type":"WebSite","@id":"https:\/\/www.berrua.com\/es\/#website","url":"https:\/\/www.berrua.com\/es\/","name":"Domaine Berrua","description":"","publisher":{"@id":"https:\/\/www.berrua.com\/es\/#organization"},"potentialAction":[{"@type":"SearchAction","target":{"@type":"EntryPoint","urlTemplate":"https:\/\/www.berrua.com\/es\/?s={search_term_string}"},"query-input":{"@type":"PropertyValueSpecification","valueRequired":true,"valueName":"search_term_string"}}],"inLanguage":"es"},{"@type":"Organization","@id":"https:\/\/www.berrua.com\/es\/#organization","name":"Camping Berrua","url":"https:\/\/www.berrua.com\/es\/","logo":{"@type":"ImageObject","inLanguage":"es","@id":"https:\/\/www.berrua.com\/es\/#\/schema\/logo\/image\/","url":"https:\/\/www.berrua.com\/wp-content\/uploads\/2022\/01\/berrua.jpg","contentUrl":"https:\/\/www.berrua.com\/wp-content\/uploads\/2022\/01\/berrua.jpg","width":321,"height":231,"caption":"Camping Berrua"},"image":{"@id":"https:\/\/www.berrua.com\/es\/#\/schema\/logo\/image\/"}}]}},"_links":{"self":[{"href":"https:\/\/www.berrua.com\/es\/wp-json\/wp\/v2\/pages\/14132","targetHints":{"allow":["GET"]}}],"collection":[{"href":"https:\/\/www.berrua.com\/es\/wp-json\/wp\/v2\/pages"}],"about":[{"href":"https:\/\/www.berrua.com\/es\/wp-json\/wp\/v2\/types\/page"}],"author":[{"embeddable":true,"href":"https:\/\/www.berrua.com\/es\/wp-json\/wp\/v2\/users\/1"}],"replies":[{"embeddable":true,"href":"https:\/\/www.berrua.com\/es\/wp-json\/wp\/v2\/comments?post=14132"}],"version-history":[{"count":11,"href":"https:\/\/www.berrua.com\/es\/wp-json\/wp\/v2\/pages\/14132\/revisions"}],"predecessor-version":[{"id":989601,"href":"https:\/\/www.berrua.com\/es\/wp-json\/wp\/v2\/pages\/14132\/revisions\/989601"}],"wp:featuredmedia":[{"embeddable":true,"href":"https:\/\/www.berrua.com\/es\/wp-json\/wp\/v2\/media\/10202"}],"wp:attachment":[{"href":"https:\/\/www.berrua.com\/es\/wp-json\/wp\/v2\/media?parent=14132"}],"wp:term":[{"taxonomy":"sujet","embeddable":true,"href":"https:\/\/www.berrua.com\/es\/wp-json\/wp\/v2\/sujet?post=14132"}],"curies":[{"name":"wp","href":"https:\/\/api.w.org\/{rel}","templated":true}]}}