{"id":14120,"date":"2021-11-25T09:34:53","date_gmt":"2021-11-25T08:34:53","guid":{"rendered":"http:\/\/www.berrua.com\/camping-jeunes-pays-basque\/"},"modified":"2023-11-03T10:37:11","modified_gmt":"2023-11-03T09:37:11","slug":"camping-juvenil-pais-vasco","status":"publish","type":"page","link":"https:\/\/www.berrua.com\/es\/camping-juvenil-pais-vasco\/","title":{"rendered":"Groupe : Entre jeunes"},"content":{"rendered":"<section id=\"ls-section-block_1776daa9dfe0e55a2b8c46feba5fd17e\" class=\"ls-section  page-one has-background has-color-white-background-color\" >\n        <div class=\"container container--wide\">\n        \n\n<h1 class=\"ls__heading wp-block-heading has-text-align-center ls__heading-undefined\"><span style=\"background-color:rgba(0, 0, 0, 0)\" class=\"has-inline-color has-color-1-color\">CAMPING PARA J\u00d3VENES EN EL PA\u00cdS VASCO<\/span><\/h1>\n\n\n\n<p class=\"ls-paragraph has-text-align-center ls__paragraph\">Berrua es un camping de 4 estrellas en el Pa\u00eds Vasco, entre Biarritz y San Juan de Luz.&nbsp;Su ubicaci\u00f3n, sus infraestructuras y sus equipos de animaci\u00f3n lo convierten en un lugar ideal para las vacaciones con j\u00f3venes.<\/p>\n\n\n\n<h2 class=\"ls__heading wp-block-heading ls__heading ls__heading-undefined\"><span style=\"background-color:rgba(0, 0, 0, 0)\" class=\"has-inline-color has-color-1-color\">Adolescentes felices<\/span><\/h2>\n\n\n\n<p class=\"ls-paragraph ls__paragraph\">No es casualidad que los adolescentes pidan a sus padres que vuelvan a Berrua: este camping del Pa\u00eds Vasco ofrece todo lo que los j\u00f3venes pueden desear: parque acu\u00e1tico, animaciones, zonas de juego, veladas animadas, pistas polideportivas, etc.&nbsp;Un club dirigido por un equipo de animadores tambi\u00e9n permite a los adolescentes gastar su energ\u00eda participando en diversas actividades deportivas.<\/p>\n\n\n\n<div class=\"wp-block-columns fancybox is-layout-flex wp-container-core-columns-is-layout-9d6595d7 wp-block-columns-is-layout-flex\">\n<div class=\"wp-block-column is-vertically-aligned-center is-layout-flow wp-block-column-is-layout-flow\">\n<figure class=\"wp-block-image size-full\"><a href=\"https:\/\/www.berrua.com\/wp-content\/uploads\/2023\/11\/Entre-jeunes-berrua.jpg\"><img decoding=\"async\" width=\"768\" height=\"512\" src=\"https:\/\/www.berrua.com\/wp-content\/uploads\/2023\/11\/Entre-jeunes-berrua.jpg\" alt=\"\" class=\"wp-image-989576\" srcset=\"https:\/\/www.berrua.com\/wp-content\/uploads\/2023\/11\/Entre-jeunes-berrua.jpg 768w, https:\/\/www.berrua.com\/wp-content\/uploads\/2023\/11\/Entre-jeunes-berrua-300x200.jpg 300w\" sizes=\"(max-width: 768px) 100vw, 768px\" \/><\/a><\/figure>\n\n\n\n<figure class=\"wp-block-image size-full\"><a href=\"https:\/\/www.berrua.com\/wp-content\/uploads\/2023\/11\/Entre-jeunes-5-berrua.jpg\"><img decoding=\"async\" width=\"768\" height=\"512\" src=\"https:\/\/www.berrua.com\/wp-content\/uploads\/2023\/11\/Entre-jeunes-5-berrua.jpg\" alt=\"\" class=\"wp-image-989571\" srcset=\"https:\/\/www.berrua.com\/wp-content\/uploads\/2023\/11\/Entre-jeunes-5-berrua.jpg 768w, https:\/\/www.berrua.com\/wp-content\/uploads\/2023\/11\/Entre-jeunes-5-berrua-300x200.jpg 300w\" sizes=\"(max-width: 768px) 100vw, 768px\" \/><\/a><\/figure>\n<\/div>\n\n\n\n<div class=\"wp-block-column is-vertically-aligned-center is-layout-flow wp-block-column-is-layout-flow\">\n<figure class=\"wp-block-image size-full\"><a href=\"https:\/\/www.berrua.com\/wp-content\/uploads\/2023\/11\/Entre-jeunes-3-berrua.jpg\"><img decoding=\"async\" width=\"439\" height=\"639\" src=\"https:\/\/www.berrua.com\/wp-content\/uploads\/2023\/11\/Entre-jeunes-3-berrua.jpg\" alt=\"\" class=\"wp-image-989566\" srcset=\"https:\/\/www.berrua.com\/wp-content\/uploads\/2023\/11\/Entre-jeunes-3-berrua.jpg 439w, https:\/\/www.berrua.com\/wp-content\/uploads\/2023\/11\/Entre-jeunes-3-berrua-206x300.jpg 206w\" sizes=\"(max-width: 439px) 100vw, 439px\" \/><\/a><\/figure>\n<\/div>\n\n\n\n<div class=\"wp-block-column is-vertically-aligned-center is-layout-flow wp-block-column-is-layout-flow\">\n<figure class=\"wp-block-image size-full\"><a href=\"https:\/\/www.berrua.com\/wp-content\/uploads\/2023\/11\/Entre-jeunes-4-berrua.jpg\"><img decoding=\"async\" width=\"439\" height=\"639\" src=\"https:\/\/www.berrua.com\/wp-content\/uploads\/2023\/11\/Entre-jeunes-4-berrua.jpg\" alt=\"\" class=\"wp-image-989561\" srcset=\"https:\/\/www.berrua.com\/wp-content\/uploads\/2023\/11\/Entre-jeunes-4-berrua.jpg 439w, https:\/\/www.berrua.com\/wp-content\/uploads\/2023\/11\/Entre-jeunes-4-berrua-206x300.jpg 206w\" sizes=\"(max-width: 439px) 100vw, 439px\" \/><\/a><\/figure>\n<\/div>\n<\/div>\n\n\n    <\/div>\n<\/section>\n\n<section id=\"ls-section-block_b97d487920417222b8036c946a4c5fc0\" class=\"ls-section  home-fourth has-background has-color-1-background-color has-text-color has-color-white-color\" >\n        <div class=\"container container--wide\">\n        \n\n<div class=\"wp-block-columns is-layout-flex wp-container-core-columns-is-layout-9d6595d7 wp-block-columns-is-layout-flex\">\n<div class=\"wp-block-column is-layout-flow wp-block-column-is-layout-flow\" style=\"flex-basis:33.33%\">\n<p class=\"ls-paragraph ls__paragraph title-deco\"><span style=\"background-color:rgba(0, 0, 0, 0)\" class=\"has-inline-color has-color-3-color\">Vacaciones<\/span><\/p>\n\n\n\n<p class=\"ls-paragraph ls__paragraph subtitle-deco\"><span style=\"background-color:rgba(0, 0, 0, 0)\" class=\"has-inline-color has-color-white-color\">entre los j\u00f3venes<\/span><\/p>\n<\/div>\n\n\n\n<div class=\"wp-block-column is-layout-flow wp-block-column-is-layout-flow\" style=\"flex-basis:66.66%\">\n<h2 class=\"ls__heading wp-block-heading ls__heading ls__heading-undefined\">Camping ideal para los j\u00f3venes<\/h2>\n\n\n\n<p class=\"ls-paragraph ls__paragraph\">A los j\u00f3venes tambi\u00e9n les gusta Berrua, y con raz\u00f3n: es un establecimiento con una gran relaci\u00f3n calidad-precio. Los j\u00f3venes pueden montar sus tiendas y alojarse en peque\u00f1os grupos para disfrutar de todas las ventajas del sitio. Hay instalaciones sanitarias gratuitas, barbacoas y otras instalaciones, y tambi\u00e9n pueden pedir pizzas en la pizzer\u00eda del camping y posiblemente comprar lo que necesiten en la tienda de comestibles.<\/p>\n\n\n\n<p class=\"ls-paragraph ls__paragraph\">\u00bfQuieres ir a la playa? Los veraneantes disponen de un autob\u00fas gratuito en julio y agosto. As\u00ed no s\u00f3lo se ahorra dinero, sino que se reduce el impacto ecol\u00f3gico de ir y venir.<\/p>\n\n\n\n<p class=\"ls-paragraph ls__paragraph\">En el lugar, los j\u00f3venes disfrutan probando la pelota vasca, aprovechando las veladas tem\u00e1ticas organizadas por el camping de 4 estrellas Pays Basque y, sobre todo, participando en los numerosos torneos organizados por los equipos de animaci\u00f3n.<\/p>\n<\/div>\n<\/div>\n\n\n    <\/div>\n<\/section>\n\n<section id=\"ls-section-block_4886c0b270ec81251fcfd3efb3128e29\" class=\"ls-section  page-two\" >\n        <div class=\"container container--wide\">\n        \n<div class=\"wp-block-image\">\n<figure class=\"aligncenter size-full\"><img decoding=\"async\" width=\"1024\" height=\"576\" src=\"https:\/\/www.berrua.com\/wp-content\/uploads\/2023\/11\/Entre-jeunes-2-berrua.jpg\" alt=\"\" class=\"wp-image-989556\" srcset=\"https:\/\/www.berrua.com\/wp-content\/uploads\/2023\/11\/Entre-jeunes-2-berrua.jpg 1024w, https:\/\/www.berrua.com\/wp-content\/uploads\/2023\/11\/Entre-jeunes-2-berrua-300x169.jpg 300w, https:\/\/www.berrua.com\/wp-content\/uploads\/2023\/11\/Entre-jeunes-2-berrua-768x432.jpg 768w\" sizes=\"(max-width: 1024px) 100vw, 1024px\" \/><\/figure>\n<\/div>\n\n    <\/div>\n<\/section>\n\n<section id=\"ls-section-block_037eed0f873ad7327c3625bfd2ce0d60\" class=\"ls-section  page-three\" >\n        <div class=\"container \">\n        \n\n<h2 class=\"ls__heading wp-block-heading ls__heading ls__heading-undefined\">Actividades al aire libre en el Pa\u00eds Vasco<\/h2>\n\n\n\n<p class=\"ls-paragraph ls__paragraph\">El Pa\u00eds Vasco es tan popular entre los j\u00f3venes porque el departamento est\u00e1 lleno de lugares excepcionales que ofrecen multitud de oportunidades.&nbsp;La escuela de surf, por ejemplo, da la bienvenida a los que desean probar el surf: pueden tantear las olas del oc\u00e9ano Atl\u00e1ntico y dejarse seducir por este apasionante deporte.<\/p>\n\n\n\n<p class=\"ls-paragraph ls__paragraph\">Los menos aventureros, pero igualmente curiosos, disfrutar\u00e1n sin duda del paddle boarding, mientras que algunos optar\u00e1n por el quad o el jet-ski. En el campamento para j\u00f3venes, tambi\u00e9n pueden jugar a la pelota o hacer senderismo.<\/p>\n\n\n    <\/div>\n<\/section>\n\n<section id=\"ls-section-block_c77ec3388834b4a993194158a13f0bd1\" class=\"ls-section  page-fourth\" >\n        <div class=\"container container--full\">\n        \n\n<figure class=\"wp-block-image size-large\"><img decoding=\"async\" width=\"1903\" height=\"700\" src=\"https:\/\/www.berrua.com\/wp-content\/uploads\/2021\/11\/bar-jeunes-bidart.jpg\" alt=\"bar jeunes bidart\" class=\"wp-image-10283\" srcset=\"https:\/\/www.berrua.com\/wp-content\/uploads\/2021\/11\/bar-jeunes-bidart.jpg 1903w, https:\/\/www.berrua.com\/wp-content\/uploads\/2021\/11\/bar-jeunes-bidart-300x110.jpg 300w, https:\/\/www.berrua.com\/wp-content\/uploads\/2021\/11\/bar-jeunes-bidart-1024x377.jpg 1024w, https:\/\/www.berrua.com\/wp-content\/uploads\/2021\/11\/bar-jeunes-bidart-768x283.jpg 768w, https:\/\/www.berrua.com\/wp-content\/uploads\/2021\/11\/bar-jeunes-bidart-1536x565.jpg 1536w\" sizes=\"(max-width: 1903px) 100vw, 1903px\" \/><\/figure>\n\n\n    <\/div>\n<\/section>\n\n<section id=\"ls-section-block_f709c3b4a629646c0299390a16fa7715\" class=\"ls-section  page-fourth-bis has-text-color has-color-black-color\" >\n        <div class=\"container container--wide\">\n        \n\n<div class=\"wp-block-columns is-layout-flex wp-container-core-columns-is-layout-9d6595d7 wp-block-columns-is-layout-flex\">\n<div class=\"wp-block-column is-layout-flow wp-block-column-is-layout-flow\">\n<h2 class=\"ls__heading wp-block-heading ls__heading-undefined\"><span style=\"background-color:rgba(0, 0, 0, 0)\" class=\"has-inline-color has-color-3-color\">Ciudades animadas en el Pa\u00eds Vasco<\/span><\/h2>\n<\/div>\n\n\n\n<div class=\"wp-block-column is-layout-flow wp-block-column-is-layout-flow\"><\/div>\n<\/div>\n\n\n\n<div class=\"wp-block-columns is-layout-flex wp-container-core-columns-is-layout-9d6595d7 wp-block-columns-is-layout-flex\">\n<div class=\"wp-block-column is-layout-flow wp-block-column-is-layout-flow\">\n<p class=\"ls-paragraph ls__paragraph\">Los habitantes del suroeste saben divertirse y las numerosas fiestas populares lo demuestran. Las famosas fiestas de Bayona o la feria del jam\u00f3n animan la ciudad cada a\u00f1o. Todos los a\u00f1os, las ciudades de la costa vasca parecen estar llenas de vida. Los j\u00f3venes aprecian especialmente estos eventos amistosos y a menudo ex\u00f3ticos. Biarritz, San Juan de Luz, Bayona\u2026 \u00a1la sola menci\u00f3n de estas ciudades inspira felicidad, fiesta y alegr\u00eda de vivir!<\/p>\n\n\n\n<p class=\"ls-paragraph ls__paragraph\">Ir de vacaciones al Pa\u00eds Vasco significa aprovechar las playas, el interior, los pueblos y sus m\u00faltiples actividades, pero tambi\u00e9n el alojamiento elegido.&nbsp;Optar por Berrua, un camping en el Pa\u00eds Vasco, significa elegir un lugar acogedor, pr\u00e1ctico y econ\u00f3mico para alojarse, al tiempo que se mantiene un estatus de camping de 4 estrellas.<\/p>\n<\/div>\n\n\n\n<div class=\"wp-block-column has-color-black-color has-color-white-background-color has-text-color has-background is-layout-flow wp-block-column-is-layout-flow\">\n<h2 class=\"ls__heading wp-block-heading ls__heading ls__heading-undefined p-t-5\">Eventos para j\u00f3venes en el Pa\u00eds Vasco<\/h2>\n\n\n\n<p class=\"ls-paragraph ls__paragraph\">Desde el camping para j\u00f3venes, muchos eventos y actividades alimentar\u00e1n su estancia en el Pa\u00eds Vasco:<\/p>\n\n\n\n<p class=\"ls-paragraph\">El Baleapop en San Juan de Luz<br>Las fiestas de Pamplona<br>El festival de m\u00fasica de Biarritz<br>Festival de las ruedas y las olas en Biarritz<br>La fiesta del axoa en Espelette<br>El festival Herri Urrats en Saint-P\u00e9e-sur-Nivelle<\/p>\n<\/div>\n<\/div>\n\n\n    <\/div>\n<\/section>\n\n<section id=\"ls-section-block_458f1cea0a2d0184ddaa51438221a168\" class=\"ls-section  page-cta has-p-t p-t-1\" >\n        <div class=\"container container--wide\">\n        \n\n<div id=\"ls-heading ls-titre-div-block_63ff1d00606b5ed9e1ca2c95cf8b6852\" class=\"ls-titre-div ls__heading has-text-align-center ls__heading-undefined title-deco titre-cta h2-like\" >\n    Un camping pour les familles, couple et S\u00e9niors<\/div>\n\n\n\n<div class=\"wp-block-columns is-layout-flex wp-container-core-columns-is-layout-9d6595d7 wp-block-columns-is-layout-flex\">\n<div class=\"wp-block-column is-layout-flow wp-block-column-is-layout-flow\">\n<div id=\"ls-cta-block_c720735956c0f7b298937416f11444d0\" class=\"ls-cta\">  \n    \n\n<a href=\"http:\/\/www.berrua.com\/camping-couple-pays-basque\/\" target=\"\" rel=\"noopener\" class=\"ls-cta__link\" data-categ=\"\">\n\t<div class=\"ls-cta__image\"><img decoding=\"async\" src=\"https:\/\/www.berrua.com\/wp-content\/uploads\/2021\/11\/vacances-couple-pays-basque.jpg\" alt=\"vacances couple pays basque\"><\/div>\n\t<div class=\"ls-cta__title\">\n\t\tComo pareja\t<\/div>\n\n\t<\/a><\/div><\/div>\n\n\n\n<div class=\"wp-block-column is-layout-flow wp-block-column-is-layout-flow\">\n<div id=\"ls-cta-block_0ca15bc840434b9a867939d03d85b903\" class=\"ls-cta\">  \n    \n\n<a href=\"http:\/\/www.berrua.com\/camping-senior-pays-basque\/\" target=\"\" rel=\"noopener\" class=\"ls-cta__link\" data-categ=\"\">\n\t<div class=\"ls-cta__image\"><img decoding=\"async\" src=\"https:\/\/www.berrua.com\/wp-content\/uploads\/2021\/12\/camping-senior-pays-basque.jpg\" alt=\"camping senior pays basque\"><\/div>\n\t<div class=\"ls-cta__title\">\n\t\tEntre los mayores\t<\/div>\n\n\t<\/a><\/div><\/div>\n\n\n\n<div class=\"wp-block-column is-layout-flow wp-block-column-is-layout-flow\">\n<div id=\"ls-cta-block_4c6beee2dd0efadc0e77facad4c744a8\" class=\"ls-cta\">  \n    \n\n<a href=\"http:\/\/www.berrua.com\/camping-familial-pays-basque\/\" target=\"\" rel=\"noopener\" class=\"ls-cta__link\" data-categ=\"\">\n\t<div class=\"ls-cta__image\"><img decoding=\"async\" src=\"https:\/\/www.berrua.com\/wp-content\/uploads\/2021\/11\/camping-familial.jpg\" alt=\"camping familial\"><\/div>\n\t<div class=\"ls-cta__title\">\n\t\tEn la familia\t<\/div>\n\n\t<\/a><\/div><\/div>\n<\/div>\n\n\n    <\/div>\n<\/section>","protected":false},"excerpt":{"rendered":"","protected":false},"author":1,"featured_media":10313,"parent":0,"menu_order":0,"comment_status":"closed","ping_status":"closed","template":"","meta":{"_acf_changed":false,"inline_featured_image":false,"footnotes":""},"sujet":[],"class_list":["post-14120","page","type-page","status-publish","has-post-thumbnail","hentry"],"acf":[],"yoast_head":"<!-- This site is optimized with the Yoast SEO plugin v26.2 - https:\/\/yoast.com\/wordpress\/plugins\/seo\/ -->\n<title>Camping para j\u00f3venes en el Pa\u00eds Vasco | Vacaciones para j\u00f3venes en Bidart<\/title>\n<meta name=\"robots\" content=\"index, follow, max-snippet:-1, max-image-preview:large, max-video-preview:-1\" \/>\n<link rel=\"canonical\" href=\"https:\/\/www.berrua.com\/es\/camping-juvenil-pais-vasco\/\" \/>\n<meta property=\"og:locale\" content=\"es_ES\" \/>\n<meta property=\"og:type\" content=\"article\" \/>\n<meta property=\"og:title\" content=\"Camping para j\u00f3venes en el Pa\u00eds Vasco | Vacaciones para j\u00f3venes en Bidart\" \/>\n<meta property=\"og:url\" content=\"https:\/\/www.berrua.com\/es\/camping-juvenil-pais-vasco\/\" \/>\n<meta property=\"og:site_name\" content=\"Domaine Berrua\" \/>\n<meta property=\"article:modified_time\" content=\"2023-11-03T09:37:11+00:00\" \/>\n<meta property=\"og:image\" content=\"https:\/\/www.berrua.com\/wp-content\/uploads\/2021\/11\/vacances-jeunes-bidart.jpg\" \/>\n\t<meta property=\"og:image:width\" content=\"1903\" \/>\n\t<meta property=\"og:image:height\" content=\"450\" \/>\n\t<meta property=\"og:image:type\" content=\"image\/jpeg\" \/>\n<meta name=\"twitter:card\" content=\"summary_large_image\" \/>\n<meta name=\"twitter:label1\" content=\"Tiempo de lectura\" \/>\n\t<meta name=\"twitter:data1\" content=\"4 minutos\" \/>\n<script type=\"application\/ld+json\" class=\"yoast-schema-graph\">{\"@context\":\"https:\/\/schema.org\",\"@graph\":[{\"@type\":\"WebPage\",\"@id\":\"https:\/\/www.berrua.com\/es\/camping-juvenil-pais-vasco\/\",\"url\":\"https:\/\/www.berrua.com\/es\/camping-juvenil-pais-vasco\/\",\"name\":\"Camping para j\u00f3venes en el Pa\u00eds Vasco | Vacaciones para j\u00f3venes en Bidart\",\"isPartOf\":{\"@id\":\"https:\/\/www.berrua.com\/es\/#website\"},\"primaryImageOfPage\":{\"@id\":\"https:\/\/www.berrua.com\/es\/camping-juvenil-pais-vasco\/#primaryimage\"},\"image\":{\"@id\":\"https:\/\/www.berrua.com\/es\/camping-juvenil-pais-vasco\/#primaryimage\"},\"thumbnailUrl\":\"https:\/\/www.berrua.com\/wp-content\/uploads\/2021\/11\/vacances-jeunes-bidart.jpg\",\"datePublished\":\"2021-11-25T08:34:53+00:00\",\"dateModified\":\"2023-11-03T09:37:11+00:00\",\"breadcrumb\":{\"@id\":\"https:\/\/www.berrua.com\/es\/camping-juvenil-pais-vasco\/#breadcrumb\"},\"inLanguage\":\"es\",\"potentialAction\":[{\"@type\":\"ReadAction\",\"target\":[\"https:\/\/www.berrua.com\/es\/camping-juvenil-pais-vasco\/\"]}]},{\"@type\":\"ImageObject\",\"inLanguage\":\"es\",\"@id\":\"https:\/\/www.berrua.com\/es\/camping-juvenil-pais-vasco\/#primaryimage\",\"url\":\"https:\/\/www.berrua.com\/wp-content\/uploads\/2021\/11\/vacances-jeunes-bidart.jpg\",\"contentUrl\":\"https:\/\/www.berrua.com\/wp-content\/uploads\/2021\/11\/vacances-jeunes-bidart.jpg\",\"width\":1903,\"height\":450,\"caption\":\"vacances jeunes bidart\"},{\"@type\":\"BreadcrumbList\",\"@id\":\"https:\/\/www.berrua.com\/es\/camping-juvenil-pais-vasco\/#breadcrumb\",\"itemListElement\":[{\"@type\":\"ListItem\",\"position\":1,\"name\":\"Camping Bidart au Pays Basque\",\"item\":\"https:\/\/www.berrua.com\/es\/\"},{\"@type\":\"ListItem\",\"position\":2,\"name\":\"Camping para j\u00f3venes\"}]},{\"@type\":\"WebSite\",\"@id\":\"https:\/\/www.berrua.com\/es\/#website\",\"url\":\"https:\/\/www.berrua.com\/es\/\",\"name\":\"Domaine Berrua\",\"description\":\"\",\"publisher\":{\"@id\":\"https:\/\/www.berrua.com\/es\/#organization\"},\"potentialAction\":[{\"@type\":\"SearchAction\",\"target\":{\"@type\":\"EntryPoint\",\"urlTemplate\":\"https:\/\/www.berrua.com\/es\/?s={search_term_string}\"},\"query-input\":{\"@type\":\"PropertyValueSpecification\",\"valueRequired\":true,\"valueName\":\"search_term_string\"}}],\"inLanguage\":\"es\"},{\"@type\":\"Organization\",\"@id\":\"https:\/\/www.berrua.com\/es\/#organization\",\"name\":\"Camping Berrua\",\"url\":\"https:\/\/www.berrua.com\/es\/\",\"logo\":{\"@type\":\"ImageObject\",\"inLanguage\":\"es\",\"@id\":\"https:\/\/www.berrua.com\/es\/#\/schema\/logo\/image\/\",\"url\":\"https:\/\/www.berrua.com\/wp-content\/uploads\/2022\/01\/berrua.jpg\",\"contentUrl\":\"https:\/\/www.berrua.com\/wp-content\/uploads\/2022\/01\/berrua.jpg\",\"width\":321,\"height\":231,\"caption\":\"Camping Berrua\"},\"image\":{\"@id\":\"https:\/\/www.berrua.com\/es\/#\/schema\/logo\/image\/\"}}]}<\/script>\n<!-- \/ Yoast SEO plugin. -->","yoast_head_json":{"title":"Camping para j\u00f3venes en el Pa\u00eds Vasco | Vacaciones para j\u00f3venes en Bidart","robots":{"index":"index","follow":"follow","max-snippet":"max-snippet:-1","max-image-preview":"max-image-preview:large","max-video-preview":"max-video-preview:-1"},"canonical":"https:\/\/www.berrua.com\/es\/camping-juvenil-pais-vasco\/","og_locale":"es_ES","og_type":"article","og_title":"Camping para j\u00f3venes en el Pa\u00eds Vasco | Vacaciones para j\u00f3venes en Bidart","og_url":"https:\/\/www.berrua.com\/es\/camping-juvenil-pais-vasco\/","og_site_name":"Domaine Berrua","article_modified_time":"2023-11-03T09:37:11+00:00","og_image":[{"width":1903,"height":450,"url":"https:\/\/www.berrua.com\/wp-content\/uploads\/2021\/11\/vacances-jeunes-bidart.jpg","type":"image\/jpeg"}],"twitter_card":"summary_large_image","twitter_misc":{"Tiempo de lectura":"4 minutos"},"schema":{"@context":"https:\/\/schema.org","@graph":[{"@type":"WebPage","@id":"https:\/\/www.berrua.com\/es\/camping-juvenil-pais-vasco\/","url":"https:\/\/www.berrua.com\/es\/camping-juvenil-pais-vasco\/","name":"Camping para j\u00f3venes en el Pa\u00eds Vasco | Vacaciones para j\u00f3venes en Bidart","isPartOf":{"@id":"https:\/\/www.berrua.com\/es\/#website"},"primaryImageOfPage":{"@id":"https:\/\/www.berrua.com\/es\/camping-juvenil-pais-vasco\/#primaryimage"},"image":{"@id":"https:\/\/www.berrua.com\/es\/camping-juvenil-pais-vasco\/#primaryimage"},"thumbnailUrl":"https:\/\/www.berrua.com\/wp-content\/uploads\/2021\/11\/vacances-jeunes-bidart.jpg","datePublished":"2021-11-25T08:34:53+00:00","dateModified":"2023-11-03T09:37:11+00:00","breadcrumb":{"@id":"https:\/\/www.berrua.com\/es\/camping-juvenil-pais-vasco\/#breadcrumb"},"inLanguage":"es","potentialAction":[{"@type":"ReadAction","target":["https:\/\/www.berrua.com\/es\/camping-juvenil-pais-vasco\/"]}]},{"@type":"ImageObject","inLanguage":"es","@id":"https:\/\/www.berrua.com\/es\/camping-juvenil-pais-vasco\/#primaryimage","url":"https:\/\/www.berrua.com\/wp-content\/uploads\/2021\/11\/vacances-jeunes-bidart.jpg","contentUrl":"https:\/\/www.berrua.com\/wp-content\/uploads\/2021\/11\/vacances-jeunes-bidart.jpg","width":1903,"height":450,"caption":"vacances jeunes bidart"},{"@type":"BreadcrumbList","@id":"https:\/\/www.berrua.com\/es\/camping-juvenil-pais-vasco\/#breadcrumb","itemListElement":[{"@type":"ListItem","position":1,"name":"Camping Bidart au Pays Basque","item":"https:\/\/www.berrua.com\/es\/"},{"@type":"ListItem","position":2,"name":"Camping para j\u00f3venes"}]},{"@type":"WebSite","@id":"https:\/\/www.berrua.com\/es\/#website","url":"https:\/\/www.berrua.com\/es\/","name":"Domaine Berrua","description":"","publisher":{"@id":"https:\/\/www.berrua.com\/es\/#organization"},"potentialAction":[{"@type":"SearchAction","target":{"@type":"EntryPoint","urlTemplate":"https:\/\/www.berrua.com\/es\/?s={search_term_string}"},"query-input":{"@type":"PropertyValueSpecification","valueRequired":true,"valueName":"search_term_string"}}],"inLanguage":"es"},{"@type":"Organization","@id":"https:\/\/www.berrua.com\/es\/#organization","name":"Camping Berrua","url":"https:\/\/www.berrua.com\/es\/","logo":{"@type":"ImageObject","inLanguage":"es","@id":"https:\/\/www.berrua.com\/es\/#\/schema\/logo\/image\/","url":"https:\/\/www.berrua.com\/wp-content\/uploads\/2022\/01\/berrua.jpg","contentUrl":"https:\/\/www.berrua.com\/wp-content\/uploads\/2022\/01\/berrua.jpg","width":321,"height":231,"caption":"Camping Berrua"},"image":{"@id":"https:\/\/www.berrua.com\/es\/#\/schema\/logo\/image\/"}}]}},"_links":{"self":[{"href":"https:\/\/www.berrua.com\/es\/wp-json\/wp\/v2\/pages\/14120","targetHints":{"allow":["GET"]}}],"collection":[{"href":"https:\/\/www.berrua.com\/es\/wp-json\/wp\/v2\/pages"}],"about":[{"href":"https:\/\/www.berrua.com\/es\/wp-json\/wp\/v2\/types\/page"}],"author":[{"embeddable":true,"href":"https:\/\/www.berrua.com\/es\/wp-json\/wp\/v2\/users\/1"}],"replies":[{"embeddable":true,"href":"https:\/\/www.berrua.com\/es\/wp-json\/wp\/v2\/comments?post=14120"}],"version-history":[{"count":10,"href":"https:\/\/www.berrua.com\/es\/wp-json\/wp\/v2\/pages\/14120\/revisions"}],"predecessor-version":[{"id":989581,"href":"https:\/\/www.berrua.com\/es\/wp-json\/wp\/v2\/pages\/14120\/revisions\/989581"}],"wp:featuredmedia":[{"embeddable":true,"href":"https:\/\/www.berrua.com\/es\/wp-json\/wp\/v2\/media\/10313"}],"wp:attachment":[{"href":"https:\/\/www.berrua.com\/es\/wp-json\/wp\/v2\/media?parent=14120"}],"wp:term":[{"taxonomy":"sujet","embeddable":true,"href":"https:\/\/www.berrua.com\/es\/wp-json\/wp\/v2\/sujet?post=14120"}],"curies":[{"name":"wp","href":"https:\/\/api.w.org\/{rel}","templated":true}]}}