{"id":14112,"date":"2021-12-02T10:50:54","date_gmt":"2021-12-02T09:50:54","guid":{"rendered":"http:\/\/www.berrua.com\/camping-pays-basque-bord-de-mer\/"},"modified":"2023-11-03T10:20:09","modified_gmt":"2023-11-03T09:20:09","slug":"camping-pais-basco-playa","status":"publish","type":"page","link":"https:\/\/www.berrua.com\/es\/camping-pais-basco-playa\/","title":{"rendered":"La Plage"},"content":{"rendered":"<section id=\"ls-section-block_13819eab19abb8b9de207107adaca160\" class=\"ls-section  page-one has-p-b p-b-0\" >\n        <div class=\"container \">\n        \n\n<h1 class=\"ls__heading wp-block-heading has-text-align-center ls__heading-undefined\"><mark style=\"background-color:rgba(0, 0, 0, 0)\" class=\"has-inline-color has-color-1-color\">La playa<\/mark><\/h1>\n\n\n    <\/div>\n<\/section>\n\n<section id=\"ls-section-block_7632ab2211819aa6f994d977f2f49fe2\" class=\"ls-section  page-one has-p-t p-t-0 has-background has-color-white-background-color\" >\n        <div class=\"container container--wide\">\n        \n\n<p class=\"ls-paragraph ls__paragraph\">\u00bfSue\u00f1a con acampar en el Pa\u00eds Vasco junto al mar? El Domaine Berrua est\u00e1 situado a s\u00f3lo 1 km de la playa, este establecimiento de la costa vasca le permite acceder r\u00e1pidamente al oc\u00e9ano.<\/p>\n\n\n\n<p class=\"ls-paragraph ls__paragraph\">En julio\/agosto, la ciudad de Bidart proporciona lanzaderas a la gran playa de Uhabia, la playa central y la playa de Erretegia. Est\u00e1n supervisados durante el d\u00eda y tienen una ubicaci\u00f3n ideal entre Biarritz y Saint-Jean-de-Luz.<\/p>\n\n\n\n<p class=\"ls-paragraph ls__paragraph\">Los animales de compa\u00f1\u00eda s\u00f3lo se admiten en las lanzaderas en jaulas y en la playa fuera de los horarios de ba\u00f1o supervisado<\/p>\n\n\n\n<div class=\"wp-block-columns fancybox is-layout-flex wp-container-core-columns-is-layout-9d6595d7 wp-block-columns-is-layout-flex\">\n<div class=\"wp-block-column is-vertically-aligned-center is-layout-flow wp-block-column-is-layout-flow\">\n<figure class=\"wp-block-image size-full\"><a href=\"https:\/\/www.berrua.com\/wp-content\/uploads\/2021\/12\/camping-plage-bidart.jpg\"><img decoding=\"async\" width=\"1200\" height=\"800\" src=\"https:\/\/www.berrua.com\/wp-content\/uploads\/2021\/12\/camping-plage-bidart.jpg\" alt=\"camping plage bidart\" class=\"wp-image-11571\" srcset=\"https:\/\/www.berrua.com\/wp-content\/uploads\/2021\/12\/camping-plage-bidart.jpg 1200w, https:\/\/www.berrua.com\/wp-content\/uploads\/2021\/12\/camping-plage-bidart-300x200.jpg 300w, https:\/\/www.berrua.com\/wp-content\/uploads\/2021\/12\/camping-plage-bidart-1024x683.jpg 1024w, https:\/\/www.berrua.com\/wp-content\/uploads\/2021\/12\/camping-plage-bidart-768x512.jpg 768w\" sizes=\"(max-width: 1200px) 100vw, 1200px\" \/><\/a><\/figure>\n\n\n\n<figure class=\"wp-block-image size-full\"><a href=\"https:\/\/www.berrua.com\/wp-content\/uploads\/2021\/12\/camping-plage-biarritz.jpg\"><img decoding=\"async\" width=\"1200\" height=\"800\" src=\"https:\/\/www.berrua.com\/wp-content\/uploads\/2021\/12\/camping-plage-biarritz.jpg\" alt=\"camping plage biarritz\" class=\"wp-image-11576\" srcset=\"https:\/\/www.berrua.com\/wp-content\/uploads\/2021\/12\/camping-plage-biarritz.jpg 1200w, https:\/\/www.berrua.com\/wp-content\/uploads\/2021\/12\/camping-plage-biarritz-300x200.jpg 300w, https:\/\/www.berrua.com\/wp-content\/uploads\/2021\/12\/camping-plage-biarritz-1024x683.jpg 1024w, https:\/\/www.berrua.com\/wp-content\/uploads\/2021\/12\/camping-plage-biarritz-768x512.jpg 768w\" sizes=\"(max-width: 1200px) 100vw, 1200px\" \/><\/a><\/figure>\n<\/div>\n\n\n\n<div class=\"wp-block-column is-vertically-aligned-center is-layout-flow wp-block-column-is-layout-flow\">\n<figure class=\"wp-block-image size-full\"><a href=\"https:\/\/www.berrua.com\/wp-content\/uploads\/2021\/12\/camping-surf-bidart.jpg\"><img decoding=\"async\" width=\"800\" height=\"1200\" src=\"https:\/\/www.berrua.com\/wp-content\/uploads\/2021\/12\/camping-surf-bidart.jpg\" alt=\"camping surf bidart\" class=\"wp-image-11559\" srcset=\"https:\/\/www.berrua.com\/wp-content\/uploads\/2021\/12\/camping-surf-bidart.jpg 800w, https:\/\/www.berrua.com\/wp-content\/uploads\/2021\/12\/camping-surf-bidart-200x300.jpg 200w, https:\/\/www.berrua.com\/wp-content\/uploads\/2021\/12\/camping-surf-bidart-683x1024.jpg 683w, https:\/\/www.berrua.com\/wp-content\/uploads\/2021\/12\/camping-surf-bidart-768x1152.jpg 768w\" sizes=\"(max-width: 800px) 100vw, 800px\" \/><\/a><\/figure>\n<\/div>\n\n\n\n<div class=\"wp-block-column is-vertically-aligned-center is-layout-flow wp-block-column-is-layout-flow\">\n<figure class=\"wp-block-image size-full\"><a href=\"https:\/\/www.berrua.com\/wp-content\/uploads\/2021\/12\/camping-plage-hendaye.jpg\"><img decoding=\"async\" width=\"800\" height=\"1200\" src=\"https:\/\/www.berrua.com\/wp-content\/uploads\/2021\/12\/camping-plage-hendaye.jpg\" alt=\"camping plage hendaye\" class=\"wp-image-11564\" srcset=\"https:\/\/www.berrua.com\/wp-content\/uploads\/2021\/12\/camping-plage-hendaye.jpg 800w, https:\/\/www.berrua.com\/wp-content\/uploads\/2021\/12\/camping-plage-hendaye-200x300.jpg 200w, https:\/\/www.berrua.com\/wp-content\/uploads\/2021\/12\/camping-plage-hendaye-683x1024.jpg 683w, https:\/\/www.berrua.com\/wp-content\/uploads\/2021\/12\/camping-plage-hendaye-768x1152.jpg 768w\" sizes=\"(max-width: 800px) 100vw, 800px\" \/><\/a><\/figure>\n<\/div>\n<\/div>\n\n\n    <\/div>\n<\/section>\n\n<section id=\"ls-section-block_04979af01b1b3af1809a12a18a67d664\" class=\"ls-section  home-fourth has-background has-color-1-background-color has-text-color has-color-white-color\" >\n        <div class=\"container container--wide\">\n        \n\n<div class=\"wp-block-columns is-layout-flex wp-container-core-columns-is-layout-9d6595d7 wp-block-columns-is-layout-flex\">\n<div class=\"wp-block-column is-layout-flow wp-block-column-is-layout-flow\" style=\"flex-basis:33.33%\">\n<p class=\"ls-paragraph ls__paragraph title-deco\"><mark style=\"background-color:rgba(0, 0, 0, 0)\" class=\"has-inline-color has-color-3-color\">LAs<\/mark><\/p>\n\n\n\n<p class=\"ls-paragraph ls__paragraph subtitle-deco\">Playas<\/p>\n<\/div>\n\n\n\n<div class=\"wp-block-column is-layout-flow wp-block-column-is-layout-flow\" style=\"flex-basis:66.66%\">\n<h2 class=\"ls__heading wp-block-heading ls__heading ls__heading-undefined\">Camping cerca de las playas del Pa\u00eds Vasco<\/h2>\n\n\n\n<p class=\"ls-paragraph ls__paragraph\">\u00bfBusca un camping en el Pa\u00eds Vasco junto al mar? \u00bfLe gustar\u00eda probar varios lugares de ba\u00f1o cerca de su tienda, casa m\u00f3vil o furgoneta? La gran playa de Biarritz est\u00e1 a s\u00f3lo 7 km. La bah\u00eda de Saint-Jean-de-Luz tambi\u00e9n es especialmente agradable para las familias, ya que el mar no es muy agitado. Sus hijos pueden jugar en la arena y nadar, siempre bajo su supervisi\u00f3n, pero sin miedo a las olas. Aprovecha, est\u00e1 a s\u00f3lo 9 km del alojamiento.<\/p>\n\n\n\n<p class=\"ls-paragraph ls__paragraph\">Un poco m\u00e1s lejos, a s\u00f3lo 11 km de su camping en el Pa\u00eds Vasco junto al mar, podr\u00e1 descubrir la \u00abPeque\u00f1a California\u00bb de Anglet, donde le esperan nada menos que 11 playas alineadas en 4,5 km de arena fina.<\/p>\n<\/div>\n<\/div>\n\n\n    <\/div>\n<\/section>\n\n<section id=\"ls-section-block_4b8fd86d16bd236765897c6d5c3ecc42\" class=\"ls-section  page-two\" >\n        <div class=\"container container--wide\">\n        \n<div class=\"wp-block-image\">\n<figure class=\"aligncenter size-large\"><img decoding=\"async\" width=\"1024\" height=\"683\" src=\"https:\/\/www.berrua.com\/wp-content\/uploads\/2021\/12\/camping-plage-anglet-1024x683.jpg\" alt=\"camping plage anglet\" class=\"wp-image-11582\" srcset=\"https:\/\/www.berrua.com\/wp-content\/uploads\/2021\/12\/camping-plage-anglet-1024x683.jpg 1024w, https:\/\/www.berrua.com\/wp-content\/uploads\/2021\/12\/camping-plage-anglet-300x200.jpg 300w, https:\/\/www.berrua.com\/wp-content\/uploads\/2021\/12\/camping-plage-anglet-768x512.jpg 768w, https:\/\/www.berrua.com\/wp-content\/uploads\/2021\/12\/camping-plage-anglet.jpg 1200w\" sizes=\"(max-width: 1024px) 100vw, 1024px\" \/><\/figure>\n<\/div>\n\n\n<h2 class=\"ls__heading wp-block-heading has-text-align-center ls__heading-undefined has-p-t p-t-5\"><mark style=\"background-color:rgba(0, 0, 0, 0)\" class=\"has-inline-color has-color-1-color\">Vivir junto al mar, un arte de vivir en la Costa Vasca<\/mark><\/h2>\n\n\n\n<p class=\"ls-paragraph ls__paragraph\">Alojarse en el Domaine Berrua significa aprovechar al m\u00e1ximo lo que ofrece la temporada de verano. Pase sus d\u00edas en <a href=\"\/es\/vacaciones-el-pais-vasco\/las-playas-del-pais-vasco-frances\/\">las playas del Pa\u00eds Vasco<\/a>, en modo \u00abfarniente\u00bb o, por el contrario, divi\u00e9rtase en la arena y en el agua probando el surf en el Pa\u00eds Vasco, por ejemplo. Palas, rastrillos, pelotas, b\u00e1dminton\u2026 tu \u00fanico l\u00edmite ser\u00e1 tu imaginaci\u00f3n.<\/p>\n\n\n\n<p class=\"ls-paragraph ls__paragraph\">De vuelta al camping, podr\u00e1 disfrutar de la comodidad de su alquiler o de su parcela para descansar o podr\u00e1 seguir divirti\u00e9ndose participando en las distintas actividades que ofrecen los equipos del camping.<\/p>\n\n\n\n<p class=\"ls-paragraph ls__paragraph\">Elegir un camping en el Pa\u00eds Vasco junto al mar significa optar por unas vacaciones bajo el signo del sol, el buen humor y las tradiciones del suroeste. S\u00f3lo tiene que hacer una reserva antes de salir solo, en pareja, en familia o incluso con amigos. Para su estancia junto al mar, descubra tambi\u00e9n los paseos por el sendero costero vasco.<\/p>\n\n\n    <\/div>\n<\/section>\n\n<section id=\"ls-section-block_a21c0a74ee8bc3094ff859d9101dba47\" class=\"ls-section  page-cta\" >\n        <div class=\"container container--wide\">\n        \n\n<div id=\"ls-heading ls-titre-div-block_4825e69a143405568851714985d75301\" class=\"ls-titre-div titre-cta ls__heading-undefined title-deco has-inline-color has-color-1-color aligncenter h2-like\" >\n    Al\u00f3jese cerca de las playas<\/div>\n\n\n\n<div class=\"wp-block-columns Le bar la Txalupa, situ\u00e9 au bord de piscine, dot\u00e9 d\u2019une tr\u00e8s belle terrasse, vous proposera, salades , sandwich, panini, cr\u00eapes et gaufres, tout long journ\u00e9e. Pourquoi ne pas siroter un petit ap\u00e9ritif avec quelques tapas??? Durant journ\u00e9e en haute saison, Txalupa accueille chaleureusement sur sa terrasse qui surplombe lieu rencontre d\u00e9tente. surplombant piscine. is-layout-flex wp-container-core-columns-is-layout-9d6595d7 wp-block-columns-is-layout-flex\">\n<div class=\"wp-block-column ls-cta is-layout-flow wp-block-column-is-layout-flow\">\n<div id=\"ls-cta-block_b57ca210a77e89413e81e4488d45f5be\" class=\"ls-cta\">  \n    \n\n<a href=\"http:\/\/www.berrua.com\/location-mobil-home-pays-basque\/\" target=\"\" rel=\"noopener\" class=\"ls-cta__link\" data-categ=\"\">\n\t<div class=\"ls-cta__image\"><img decoding=\"async\" src=\"https:\/\/www.berrua.com\/wp-content\/uploads\/2021\/12\/location-mobil-home-pyrenees-atlantiques.jpg\" alt=\"location mobil home pyrenees atlantiques\"><\/div>\n\t<div class=\"ls-cta__title\">\n\t\tNuestros alquileres\t<\/div>\n\n\t<\/a><\/div><\/div>\n\n\n\n<div class=\"wp-block-column is-layout-flow wp-block-column-is-layout-flow\">\n<div id=\"ls-cta-block_2fe854ec170c5e5ce6264222c896d13d\" class=\"ls-cta\">  \n    \n\n<a href=\"http:\/\/www.berrua.com\/camping-pas-cher-pays-basque\/\" target=\"\" rel=\"noopener\" class=\"ls-cta__link\" data-categ=\"\">\n\t<div class=\"ls-cta__image\"><img decoding=\"async\" src=\"https:\/\/www.berrua.com\/wp-content\/uploads\/2021\/11\/camping-pas-cher-cote-basque.jpg\" alt=\"camping pas cher cote basque\"><\/div>\n\t<div class=\"ls-cta__title\">\n\t\tNuestras tarifas\t<\/div>\n\n\t<\/a><\/div><\/div>\n<\/div>\n\n\n    <\/div>\n<\/section>","protected":false},"excerpt":{"rendered":"","protected":false},"author":1,"featured_media":514013,"parent":0,"menu_order":0,"comment_status":"closed","ping_status":"closed","template":"","meta":{"_acf_changed":false,"inline_featured_image":false,"footnotes":""},"sujet":[],"class_list":["post-14112","page","type-page","status-publish","has-post-thumbnail","hentry"],"acf":[],"yoast_head":"<!-- This site is optimized with the Yoast SEO plugin v26.2 - https:\/\/yoast.com\/wordpress\/plugins\/seo\/ -->\n<title>Camping c\u00f4te basque | Mar | Oc\u00e9ano | Costa atl\u00e1ntica | Playas<\/title>\n<meta name=\"robots\" content=\"index, follow, max-snippet:-1, max-image-preview:large, max-video-preview:-1\" \/>\n<link rel=\"canonical\" href=\"https:\/\/www.berrua.com\/es\/camping-pais-basco-playa\/\" \/>\n<meta property=\"og:locale\" content=\"es_ES\" \/>\n<meta property=\"og:type\" content=\"article\" \/>\n<meta property=\"og:title\" content=\"Camping c\u00f4te basque | Mar | Oc\u00e9ano | Costa atl\u00e1ntica | Playas\" \/>\n<meta property=\"og:url\" content=\"https:\/\/www.berrua.com\/es\/camping-pais-basco-playa\/\" \/>\n<meta property=\"og:site_name\" content=\"Domaine Berrua\" \/>\n<meta property=\"article:modified_time\" content=\"2023-11-03T09:20:09+00:00\" \/>\n<meta property=\"og:image\" content=\"https:\/\/www.berrua.com\/wp-content\/uploads\/2022\/03\/bannerplage.jpg\" \/>\n\t<meta property=\"og:image:width\" content=\"1903\" \/>\n\t<meta property=\"og:image:height\" content=\"450\" \/>\n\t<meta property=\"og:image:type\" content=\"image\/jpeg\" \/>\n<meta name=\"twitter:card\" content=\"summary_large_image\" \/>\n<meta name=\"twitter:label1\" content=\"Tiempo de lectura\" \/>\n\t<meta name=\"twitter:data1\" content=\"4 minutos\" \/>\n<script type=\"application\/ld+json\" class=\"yoast-schema-graph\">{\"@context\":\"https:\/\/schema.org\",\"@graph\":[{\"@type\":\"WebPage\",\"@id\":\"https:\/\/www.berrua.com\/es\/camping-pais-basco-playa\/\",\"url\":\"https:\/\/www.berrua.com\/es\/camping-pais-basco-playa\/\",\"name\":\"Camping c\u00f4te basque | Mar | Oc\u00e9ano | Costa atl\u00e1ntica | Playas\",\"isPartOf\":{\"@id\":\"https:\/\/www.berrua.com\/es\/#website\"},\"primaryImageOfPage\":{\"@id\":\"https:\/\/www.berrua.com\/es\/camping-pais-basco-playa\/#primaryimage\"},\"image\":{\"@id\":\"https:\/\/www.berrua.com\/es\/camping-pais-basco-playa\/#primaryimage\"},\"thumbnailUrl\":\"https:\/\/www.berrua.com\/wp-content\/uploads\/2022\/03\/bannerplage.jpg\",\"datePublished\":\"2021-12-02T09:50:54+00:00\",\"dateModified\":\"2023-11-03T09:20:09+00:00\",\"breadcrumb\":{\"@id\":\"https:\/\/www.berrua.com\/es\/camping-pais-basco-playa\/#breadcrumb\"},\"inLanguage\":\"es\",\"potentialAction\":[{\"@type\":\"ReadAction\",\"target\":[\"https:\/\/www.berrua.com\/es\/camping-pais-basco-playa\/\"]}]},{\"@type\":\"ImageObject\",\"inLanguage\":\"es\",\"@id\":\"https:\/\/www.berrua.com\/es\/camping-pais-basco-playa\/#primaryimage\",\"url\":\"https:\/\/www.berrua.com\/wp-content\/uploads\/2022\/03\/bannerplage.jpg\",\"contentUrl\":\"https:\/\/www.berrua.com\/wp-content\/uploads\/2022\/03\/bannerplage.jpg\",\"width\":1903,\"height\":450,\"caption\":\"bannerplage\"},{\"@type\":\"BreadcrumbList\",\"@id\":\"https:\/\/www.berrua.com\/es\/camping-pais-basco-playa\/#breadcrumb\",\"itemListElement\":[{\"@type\":\"ListItem\",\"position\":1,\"name\":\"Camping Bidart au Pays Basque\",\"item\":\"https:\/\/www.berrua.com\/es\/\"},{\"@type\":\"ListItem\",\"position\":2,\"name\":\"Camping junto al mar en el Pa\u00eds Vasco\"}]},{\"@type\":\"WebSite\",\"@id\":\"https:\/\/www.berrua.com\/es\/#website\",\"url\":\"https:\/\/www.berrua.com\/es\/\",\"name\":\"Domaine Berrua\",\"description\":\"\",\"publisher\":{\"@id\":\"https:\/\/www.berrua.com\/es\/#organization\"},\"potentialAction\":[{\"@type\":\"SearchAction\",\"target\":{\"@type\":\"EntryPoint\",\"urlTemplate\":\"https:\/\/www.berrua.com\/es\/?s={search_term_string}\"},\"query-input\":{\"@type\":\"PropertyValueSpecification\",\"valueRequired\":true,\"valueName\":\"search_term_string\"}}],\"inLanguage\":\"es\"},{\"@type\":\"Organization\",\"@id\":\"https:\/\/www.berrua.com\/es\/#organization\",\"name\":\"Camping Berrua\",\"url\":\"https:\/\/www.berrua.com\/es\/\",\"logo\":{\"@type\":\"ImageObject\",\"inLanguage\":\"es\",\"@id\":\"https:\/\/www.berrua.com\/es\/#\/schema\/logo\/image\/\",\"url\":\"https:\/\/www.berrua.com\/wp-content\/uploads\/2022\/01\/berrua.jpg\",\"contentUrl\":\"https:\/\/www.berrua.com\/wp-content\/uploads\/2022\/01\/berrua.jpg\",\"width\":321,\"height\":231,\"caption\":\"Camping Berrua\"},\"image\":{\"@id\":\"https:\/\/www.berrua.com\/es\/#\/schema\/logo\/image\/\"}}]}<\/script>\n<!-- \/ Yoast SEO plugin. -->","yoast_head_json":{"title":"Camping c\u00f4te basque | Mar | Oc\u00e9ano | Costa atl\u00e1ntica | Playas","robots":{"index":"index","follow":"follow","max-snippet":"max-snippet:-1","max-image-preview":"max-image-preview:large","max-video-preview":"max-video-preview:-1"},"canonical":"https:\/\/www.berrua.com\/es\/camping-pais-basco-playa\/","og_locale":"es_ES","og_type":"article","og_title":"Camping c\u00f4te basque | Mar | Oc\u00e9ano | Costa atl\u00e1ntica | Playas","og_url":"https:\/\/www.berrua.com\/es\/camping-pais-basco-playa\/","og_site_name":"Domaine Berrua","article_modified_time":"2023-11-03T09:20:09+00:00","og_image":[{"width":1903,"height":450,"url":"https:\/\/www.berrua.com\/wp-content\/uploads\/2022\/03\/bannerplage.jpg","type":"image\/jpeg"}],"twitter_card":"summary_large_image","twitter_misc":{"Tiempo de lectura":"4 minutos"},"schema":{"@context":"https:\/\/schema.org","@graph":[{"@type":"WebPage","@id":"https:\/\/www.berrua.com\/es\/camping-pais-basco-playa\/","url":"https:\/\/www.berrua.com\/es\/camping-pais-basco-playa\/","name":"Camping c\u00f4te basque | Mar | Oc\u00e9ano | Costa atl\u00e1ntica | Playas","isPartOf":{"@id":"https:\/\/www.berrua.com\/es\/#website"},"primaryImageOfPage":{"@id":"https:\/\/www.berrua.com\/es\/camping-pais-basco-playa\/#primaryimage"},"image":{"@id":"https:\/\/www.berrua.com\/es\/camping-pais-basco-playa\/#primaryimage"},"thumbnailUrl":"https:\/\/www.berrua.com\/wp-content\/uploads\/2022\/03\/bannerplage.jpg","datePublished":"2021-12-02T09:50:54+00:00","dateModified":"2023-11-03T09:20:09+00:00","breadcrumb":{"@id":"https:\/\/www.berrua.com\/es\/camping-pais-basco-playa\/#breadcrumb"},"inLanguage":"es","potentialAction":[{"@type":"ReadAction","target":["https:\/\/www.berrua.com\/es\/camping-pais-basco-playa\/"]}]},{"@type":"ImageObject","inLanguage":"es","@id":"https:\/\/www.berrua.com\/es\/camping-pais-basco-playa\/#primaryimage","url":"https:\/\/www.berrua.com\/wp-content\/uploads\/2022\/03\/bannerplage.jpg","contentUrl":"https:\/\/www.berrua.com\/wp-content\/uploads\/2022\/03\/bannerplage.jpg","width":1903,"height":450,"caption":"bannerplage"},{"@type":"BreadcrumbList","@id":"https:\/\/www.berrua.com\/es\/camping-pais-basco-playa\/#breadcrumb","itemListElement":[{"@type":"ListItem","position":1,"name":"Camping Bidart au Pays Basque","item":"https:\/\/www.berrua.com\/es\/"},{"@type":"ListItem","position":2,"name":"Camping junto al mar en el Pa\u00eds Vasco"}]},{"@type":"WebSite","@id":"https:\/\/www.berrua.com\/es\/#website","url":"https:\/\/www.berrua.com\/es\/","name":"Domaine Berrua","description":"","publisher":{"@id":"https:\/\/www.berrua.com\/es\/#organization"},"potentialAction":[{"@type":"SearchAction","target":{"@type":"EntryPoint","urlTemplate":"https:\/\/www.berrua.com\/es\/?s={search_term_string}"},"query-input":{"@type":"PropertyValueSpecification","valueRequired":true,"valueName":"search_term_string"}}],"inLanguage":"es"},{"@type":"Organization","@id":"https:\/\/www.berrua.com\/es\/#organization","name":"Camping Berrua","url":"https:\/\/www.berrua.com\/es\/","logo":{"@type":"ImageObject","inLanguage":"es","@id":"https:\/\/www.berrua.com\/es\/#\/schema\/logo\/image\/","url":"https:\/\/www.berrua.com\/wp-content\/uploads\/2022\/01\/berrua.jpg","contentUrl":"https:\/\/www.berrua.com\/wp-content\/uploads\/2022\/01\/berrua.jpg","width":321,"height":231,"caption":"Camping Berrua"},"image":{"@id":"https:\/\/www.berrua.com\/es\/#\/schema\/logo\/image\/"}}]}},"_links":{"self":[{"href":"https:\/\/www.berrua.com\/es\/wp-json\/wp\/v2\/pages\/14112","targetHints":{"allow":["GET"]}}],"collection":[{"href":"https:\/\/www.berrua.com\/es\/wp-json\/wp\/v2\/pages"}],"about":[{"href":"https:\/\/www.berrua.com\/es\/wp-json\/wp\/v2\/types\/page"}],"author":[{"embeddable":true,"href":"https:\/\/www.berrua.com\/es\/wp-json\/wp\/v2\/users\/1"}],"replies":[{"embeddable":true,"href":"https:\/\/www.berrua.com\/es\/wp-json\/wp\/v2\/comments?post=14112"}],"version-history":[{"count":7,"href":"https:\/\/www.berrua.com\/es\/wp-json\/wp\/v2\/pages\/14112\/revisions"}],"predecessor-version":[{"id":989551,"href":"https:\/\/www.berrua.com\/es\/wp-json\/wp\/v2\/pages\/14112\/revisions\/989551"}],"wp:featuredmedia":[{"embeddable":true,"href":"https:\/\/www.berrua.com\/es\/wp-json\/wp\/v2\/media\/514013"}],"wp:attachment":[{"href":"https:\/\/www.berrua.com\/es\/wp-json\/wp\/v2\/media?parent=14112"}],"wp:term":[{"taxonomy":"sujet","embeddable":true,"href":"https:\/\/www.berrua.com\/es\/wp-json\/wp\/v2\/sujet?post=14112"}],"curies":[{"name":"wp","href":"https:\/\/api.w.org\/{rel}","templated":true}]}}