{"id":14101,"date":"2021-10-20T16:09:47","date_gmt":"2021-10-20T14:09:47","guid":{"rendered":"http:\/\/www.berrua.com\/camping-pas-cher-pays-basque\/"},"modified":"2023-11-03T09:56:32","modified_gmt":"2023-11-03T08:56:32","slug":"camping-barato-pais-vasco","status":"publish","type":"page","link":"https:\/\/www.berrua.com\/es\/camping-barato-pais-vasco\/","title":{"rendered":"Nos h\u00e9bergements : Tarifs"},"content":{"rendered":"<section id=\"ls-section-block_befd932a554939e2972eb2ee8425cc7d\" class=\"ls-section  page-one has-p-b p-b-0\" >\n        <div class=\"container \">\n        \n\n<h1 class=\"ls__heading wp-block-heading has-text-align-center ls__heading-undefined\">Tarifas<\/h1>\n\n\n    <\/div>\n<\/section>\n\n<section id=\"ls-section-block_4f9cb1b296088559258dbfc14b2fcd43\" class=\"ls-section \" >\n        <div class=\"container container--wide\">\n        \n\n<div ilib-simpleblock=\"\" ilib-simpleblock-day=\"\" ilib-simpleblock-categories=\"*\" ilib-simpleblock-idsite=\"\" ilib-simpleblock-description=\"\" ilib-simpleblock-nbblocks=\"2\" ilib-simpleblock-defaultblock=\"freeSearch\"><\/div><script>\n\t\t\t\t(function(t,h,e,l,i,s,R,E,S,A){\n\t\t\t\tt[i]={},t[i][s]=t[i][s]||function(){\n\t\t\t\tif(1===arguments.length){return t[i].a[arguments[0]]||null}\n\t\t\t\telse{t[i].a=t[i].a||[]; t[i].a[arguments[0]] = arguments[1];}\n\t\t\t\t},\n\t\t\t\tR=h.createElement(e),E=h.getElementsByTagName(e)[0];\n\t\t\t\tR.async=1;R.src=l;E.parentNode.insertBefore(R,E)})(window,document,\"script\",\"https:\/\/ajax.webcamp.fr\/v3\/\",\"thelisresa\",\"ilib\"); \n\t\t\t\tthelisresa.ilib('camping', 'berrua&version=2015');\n\t\t\t\tthelisresa.ilib('language', 'es');\n\t\t\t\t<\/script>\n\n\n    <\/div>\n<\/section>\n\n<section id=\"ls-section-block_e3c602bd89fae1f648274f58a10e9810\" class=\"ls-section  page-one has-p-t p-t-0 has-background has-color-white-background-color\" >\n        <div class=\"container container--wide\">\n        \n\n<h2 class=\"ls__heading wp-block-heading has-text-align-left ls__heading-undefined has-inline-color has-color-1-color\">Casas m\u00f3viles con la mejor relaci\u00f3n calidad-precio<\/h2>\n\n\n\n<p class=\"ls-paragraph ls__paragraph\">Sum\u00e9rjase en el coraz\u00f3n del Pa\u00eds Vasco reservando su alojamiento a precio reducido, con la arquitectura caracter\u00edstica de la regi\u00f3n.<\/p>\n\n\n\n<p class=\"ls-paragraph ls__paragraph\">Las casas m\u00f3viles, de 16 a 40 m\u00b2, pueden alojar de 2 a 8 personas. Ofrecen todas las comodidades necesarias a un precio atractivo, que puedes complementar con opciones adicionales. Cada zona privada incluye una terraza, perfecta para tomar el sol en la intimidad o relajarse en la tranquilidad.<\/p>\n\n\n\n<p class=\"ls-paragraph ls__paragraph\">Benef\u00edciese de la mejor relaci\u00f3n calidad-precio: a partir de 43 euros por noche, seg\u00fan el nivel y la temporada en el camping barato Pays Basque.<\/p>\n\n\n\n<div class=\"wp-block-columns fancybox is-layout-flex wp-container-core-columns-is-layout-9d6595d7 wp-block-columns-is-layout-flex\">\n<div class=\"wp-block-column is-vertically-aligned-center is-layout-flow wp-block-column-is-layout-flow\">\n<figure class=\"wp-block-image size-full\"><a href=\"https:\/\/www.berrua.com\/wp-content\/uploads\/2021\/11\/camping-pas-cher-pays-basque.jpg\"><img decoding=\"async\" width=\"1200\" height=\"800\" src=\"https:\/\/www.berrua.com\/wp-content\/uploads\/2021\/11\/camping-pas-cher-pays-basque.jpg\" alt=\"camping pas cher pays basque\" class=\"wp-image-11143\" srcset=\"https:\/\/www.berrua.com\/wp-content\/uploads\/2021\/11\/camping-pas-cher-pays-basque.jpg 1200w, https:\/\/www.berrua.com\/wp-content\/uploads\/2021\/11\/camping-pas-cher-pays-basque-300x200.jpg 300w, https:\/\/www.berrua.com\/wp-content\/uploads\/2021\/11\/camping-pas-cher-pays-basque-1024x683.jpg 1024w, https:\/\/www.berrua.com\/wp-content\/uploads\/2021\/11\/camping-pas-cher-pays-basque-768x512.jpg 768w\" sizes=\"(max-width: 1200px) 100vw, 1200px\" \/><\/a><\/figure>\n\n\n\n<figure class=\"wp-block-image size-full\"><a href=\"https:\/\/www.berrua.com\/wp-content\/uploads\/2021\/11\/camping-pas-cher-bidart.jpg\"><img decoding=\"async\" width=\"1200\" height=\"800\" src=\"https:\/\/www.berrua.com\/wp-content\/uploads\/2021\/11\/camping-pas-cher-bidart.jpg\" alt=\"camping pas cher bidart\" class=\"wp-image-11148\" srcset=\"https:\/\/www.berrua.com\/wp-content\/uploads\/2021\/11\/camping-pas-cher-bidart.jpg 1200w, https:\/\/www.berrua.com\/wp-content\/uploads\/2021\/11\/camping-pas-cher-bidart-300x200.jpg 300w, https:\/\/www.berrua.com\/wp-content\/uploads\/2021\/11\/camping-pas-cher-bidart-1024x683.jpg 1024w, https:\/\/www.berrua.com\/wp-content\/uploads\/2021\/11\/camping-pas-cher-bidart-768x512.jpg 768w\" sizes=\"(max-width: 1200px) 100vw, 1200px\" \/><\/a><\/figure>\n<\/div>\n\n\n\n<div class=\"wp-block-column is-vertically-aligned-center is-layout-flow wp-block-column-is-layout-flow\">\n<figure class=\"wp-block-image size-full\"><a href=\"https:\/\/www.berrua.com\/wp-content\/uploads\/2021\/11\/camping-meilleur-prix-pays-basque.jpg\"><img decoding=\"async\" width=\"800\" height=\"1200\" src=\"https:\/\/www.berrua.com\/wp-content\/uploads\/2021\/11\/camping-meilleur-prix-pays-basque.jpg\" alt=\"camping meilleur prix pays basque\" class=\"wp-image-11131\" srcset=\"https:\/\/www.berrua.com\/wp-content\/uploads\/2021\/11\/camping-meilleur-prix-pays-basque.jpg 800w, https:\/\/www.berrua.com\/wp-content\/uploads\/2021\/11\/camping-meilleur-prix-pays-basque-200x300.jpg 200w, https:\/\/www.berrua.com\/wp-content\/uploads\/2021\/11\/camping-meilleur-prix-pays-basque-683x1024.jpg 683w, https:\/\/www.berrua.com\/wp-content\/uploads\/2021\/11\/camping-meilleur-prix-pays-basque-768x1152.jpg 768w\" sizes=\"(max-width: 800px) 100vw, 800px\" \/><\/a><\/figure>\n<\/div>\n\n\n\n<div class=\"wp-block-column is-vertically-aligned-center is-layout-flow wp-block-column-is-layout-flow\">\n<figure class=\"wp-block-image size-full\"><a href=\"https:\/\/www.berrua.com\/wp-content\/uploads\/2021\/11\/camping-meilleur-prix-bidart.jpg\"><img decoding=\"async\" width=\"800\" height=\"1200\" src=\"https:\/\/www.berrua.com\/wp-content\/uploads\/2021\/11\/camping-meilleur-prix-bidart.jpg\" alt=\"camping meilleur prix bidart\" class=\"wp-image-11136\" srcset=\"https:\/\/www.berrua.com\/wp-content\/uploads\/2021\/11\/camping-meilleur-prix-bidart.jpg 800w, https:\/\/www.berrua.com\/wp-content\/uploads\/2021\/11\/camping-meilleur-prix-bidart-200x300.jpg 200w, https:\/\/www.berrua.com\/wp-content\/uploads\/2021\/11\/camping-meilleur-prix-bidart-683x1024.jpg 683w, https:\/\/www.berrua.com\/wp-content\/uploads\/2021\/11\/camping-meilleur-prix-bidart-768x1152.jpg 768w\" sizes=\"(max-width: 800px) 100vw, 800px\" \/><\/a><\/figure>\n<\/div>\n<\/div>\n\n\n    <\/div>\n<\/section>\n\n<section id=\"ls-section-block_7566e27439923ad8b587798d3880f65f\" class=\"ls-section \" >\n        <div class=\"container container--wide\">\n        \n<div class=\"wp-block-image\">\n<figure class=\"aligncenter size-large\"><img decoding=\"async\" width=\"1024\" height=\"683\" src=\"https:\/\/www.berrua.com\/wp-content\/uploads\/2021\/11\/camping-pas-cher-cote-basque-1024x683.jpg\" alt=\"camping pas cher cote basque\" class=\"wp-image-11154\" srcset=\"https:\/\/www.berrua.com\/wp-content\/uploads\/2021\/11\/camping-pas-cher-cote-basque-1024x683.jpg 1024w, https:\/\/www.berrua.com\/wp-content\/uploads\/2021\/11\/camping-pas-cher-cote-basque-300x200.jpg 300w, https:\/\/www.berrua.com\/wp-content\/uploads\/2021\/11\/camping-pas-cher-cote-basque-768x512.jpg 768w, https:\/\/www.berrua.com\/wp-content\/uploads\/2021\/11\/camping-pas-cher-cote-basque.jpg 1200w\" sizes=\"(max-width: 1024px) 100vw, 1024px\" \/><\/figure>\n<\/div>\n\n\n<h2 class=\"ls__heading wp-block-heading has-text-align-center ls__heading-undefined has-p-t p-t-5\"><span style=\"background-color:rgba(0, 0, 0, 0)\" class=\"has-inline-color has-color-1-color\">Su estancia al mejor precio en el Pa\u00eds Vasco<\/span><\/h2>\n\n\n\n<p class=\"ls-paragraph ls__paragraph\">\u00bfQui\u00e9n dijo que un establecimiento de 4 estrellas no era un camping barato en Bidart, en el Pa\u00eds Vasco? Reservar su estancia en el camping barato Pays Basque significa combinar alojamiento y servicios de calidad al mejor precio para que su estancia sea lo m\u00e1s agradable posible. Un autob\u00fas gratuito le llevar\u00e1 a la playa para una tarde de ba\u00f1o o al centro de Biarritz para hacer sus compras o comprar un recuerdo.<\/p>\n\n\n\n<p class=\"ls-paragraph ls__paragraph\">No hay necesidad de sobrecargar su equipaje, ya que hay dos lavander\u00edas en el lugar para cuidar de su ropa. S\u00f3lo recuerda tener un poco de cambio contigo. La estaci\u00f3n de servicio para autocaravanas se encuentra en un aparcamiento independiente. Disfruta de veladas memorables con la simp\u00e1tica animaci\u00f3n, accesible desde los 0 hasta los 77 a\u00f1os en adelante. \u00bfPreparado para beneficiarse de atractivas tarifas en Bidart en un camping ideal para evadirse de todo? Reserve ahora. El spa, el jacuzzi, la piscina y el tobog\u00e1n le esperan.<\/p>\n\n\n    <\/div>\n<\/section>\n\n<section id=\"ls-section-block_1fe8eab792c17364f40cd0b6fe6f8e62\" class=\"ls-section  page-cta\" >\n        <div class=\"container container--wide\">\n        \n\n<div id=\"ls-heading ls-titre-div-block_89e7666ee61153a087201217ea2ce21a\" class=\"ls-titre-div titre-cta ls__heading-undefined title-deco has-inline-color has-color-1-color aligncenter h2-like\" >\n    ALOJAMIENTO EN CAMPING Y EVENTOS<\/div>\n\n\n\n<div class=\"wp-block-columns Le bar la Txalupa, situ\u00e9 au bord de piscine, dot\u00e9 d\u2019une tr\u00e8s belle terrasse, vous proposera, salades , sandwich, panini, cr\u00eapes et gaufres, tout long journ\u00e9e. Pourquoi ne pas siroter un petit ap\u00e9ritif avec quelques tapas??? Durant journ\u00e9e en haute saison, Txalupa accueille chaleureusement sur sa terrasse qui surplombe lieu rencontre d\u00e9tente. surplombant piscine. is-layout-flex wp-container-core-columns-is-layout-9d6595d7 wp-block-columns-is-layout-flex\">\n<div class=\"wp-block-column ls-cta is-layout-flow wp-block-column-is-layout-flow\">\n<div id=\"ls-cta-block_835dba6eaa12805fa293b6e2837361ef\" class=\"ls-cta\">  \n    \n\n<a href=\"http:\/\/www.berrua.com\/location-mobil-home-pays-basque\/\" target=\"\" rel=\"noopener\" class=\"ls-cta__link\" data-categ=\"\">\n\t<div class=\"ls-cta__image\"><img decoding=\"async\" src=\"https:\/\/www.berrua.com\/wp-content\/uploads\/2021\/11\/location-mobil-home-pays-basque.jpg\" alt=\"location mobil home pays-basque\"><\/div>\n\t<div class=\"ls-cta__title\">\n\t\tNuestros alquileres\t<\/div>\n\n\t<\/a><\/div><\/div>\n\n\n\n<div class=\"wp-block-column is-layout-flow wp-block-column-is-layout-flow\">\n<div id=\"ls-cta-block_dbfebe08f8c184c668c62cd627a0527b\" class=\"ls-cta\">  \n    \n\n<a href=\"\/camping-4-etoiles-pays-basque\/camping-avec-animations-pays-basque\/\" target=\"\" rel=\"noopener\" class=\"ls-cta__link\" data-categ=\"\">\n\t<div class=\"ls-cta__image\"><img decoding=\"async\" src=\"https:\/\/www.berrua.com\/wp-content\/uploads\/2021\/12\/camping-animations-bidart-1.jpg\" alt=\"camping animations bidart\"><\/div>\n\t<div class=\"ls-cta__title\">\n\t\tEntretenimiento y actividades deportivas\t<\/div>\n\n\t<\/a><\/div><\/div>\n<\/div>\n\n\n    <\/div>\n<\/section>","protected":false},"excerpt":{"rendered":"","protected":false},"author":1,"featured_media":988884,"parent":0,"menu_order":0,"comment_status":"closed","ping_status":"closed","template":"","meta":{"_acf_changed":false,"inline_featured_image":false,"footnotes":""},"sujet":[],"class_list":["post-14101","page","type-page","status-publish","has-post-thumbnail","hentry"],"acf":[],"yoast_head":"<!-- This site is optimized with the Yoast SEO plugin v26.2 - https:\/\/yoast.com\/wordpress\/plugins\/seo\/ -->\n<title>Camping barato Pays-basque | Camping al mejor precio Bidart (64)<\/title>\n<meta name=\"robots\" content=\"index, follow, max-snippet:-1, max-image-preview:large, max-video-preview:-1\" \/>\n<link rel=\"canonical\" href=\"https:\/\/www.berrua.com\/es\/camping-barato-pais-vasco\/\" \/>\n<meta property=\"og:locale\" content=\"es_ES\" \/>\n<meta property=\"og:type\" content=\"article\" \/>\n<meta property=\"og:title\" content=\"Camping barato Pays-basque | Camping al mejor precio Bidart (64)\" \/>\n<meta property=\"og:url\" content=\"https:\/\/www.berrua.com\/es\/camping-barato-pais-vasco\/\" \/>\n<meta property=\"og:site_name\" content=\"Domaine Berrua\" \/>\n<meta property=\"article:modified_time\" content=\"2023-11-03T08:56:32+00:00\" \/>\n<meta property=\"og:image\" content=\"https:\/\/www.berrua.com\/wp-content\/uploads\/2023\/08\/camping-meilleur-prix-pyrenees-atlantiques-1.jpg\" \/>\n\t<meta property=\"og:image:width\" content=\"1800\" \/>\n\t<meta property=\"og:image:height\" content=\"663\" \/>\n\t<meta property=\"og:image:type\" content=\"image\/jpeg\" \/>\n<meta name=\"twitter:card\" content=\"summary_large_image\" \/>\n<meta name=\"twitter:label1\" content=\"Tiempo de lectura\" \/>\n\t<meta name=\"twitter:data1\" content=\"3 minutos\" \/>\n<script type=\"application\/ld+json\" class=\"yoast-schema-graph\">{\"@context\":\"https:\/\/schema.org\",\"@graph\":[{\"@type\":\"WebPage\",\"@id\":\"https:\/\/www.berrua.com\/es\/camping-barato-pais-vasco\/\",\"url\":\"https:\/\/www.berrua.com\/es\/camping-barato-pais-vasco\/\",\"name\":\"Camping barato Pays-basque | Camping al mejor precio Bidart (64)\",\"isPartOf\":{\"@id\":\"https:\/\/www.berrua.com\/es\/#website\"},\"primaryImageOfPage\":{\"@id\":\"https:\/\/www.berrua.com\/es\/camping-barato-pais-vasco\/#primaryimage\"},\"image\":{\"@id\":\"https:\/\/www.berrua.com\/es\/camping-barato-pais-vasco\/#primaryimage\"},\"thumbnailUrl\":\"https:\/\/www.berrua.com\/wp-content\/uploads\/2023\/08\/camping-meilleur-prix-pyrenees-atlantiques-1.jpg\",\"datePublished\":\"2021-10-20T14:09:47+00:00\",\"dateModified\":\"2023-11-03T08:56:32+00:00\",\"breadcrumb\":{\"@id\":\"https:\/\/www.berrua.com\/es\/camping-barato-pais-vasco\/#breadcrumb\"},\"inLanguage\":\"es\",\"potentialAction\":[{\"@type\":\"ReadAction\",\"target\":[\"https:\/\/www.berrua.com\/es\/camping-barato-pais-vasco\/\"]}]},{\"@type\":\"ImageObject\",\"inLanguage\":\"es\",\"@id\":\"https:\/\/www.berrua.com\/es\/camping-barato-pais-vasco\/#primaryimage\",\"url\":\"https:\/\/www.berrua.com\/wp-content\/uploads\/2023\/08\/camping-meilleur-prix-pyrenees-atlantiques-1.jpg\",\"contentUrl\":\"https:\/\/www.berrua.com\/wp-content\/uploads\/2023\/08\/camping-meilleur-prix-pyrenees-atlantiques-1.jpg\",\"width\":1800,\"height\":663,\"caption\":\"camping pas cher pays basque\"},{\"@type\":\"BreadcrumbList\",\"@id\":\"https:\/\/www.berrua.com\/es\/camping-barato-pais-vasco\/#breadcrumb\",\"itemListElement\":[{\"@type\":\"ListItem\",\"position\":1,\"name\":\"Camping Bidart au Pays Basque\",\"item\":\"https:\/\/www.berrua.com\/es\/\"},{\"@type\":\"ListItem\",\"position\":2,\"name\":\"Camping barato Bidart\"}]},{\"@type\":\"WebSite\",\"@id\":\"https:\/\/www.berrua.com\/es\/#website\",\"url\":\"https:\/\/www.berrua.com\/es\/\",\"name\":\"Domaine Berrua\",\"description\":\"\",\"publisher\":{\"@id\":\"https:\/\/www.berrua.com\/es\/#organization\"},\"potentialAction\":[{\"@type\":\"SearchAction\",\"target\":{\"@type\":\"EntryPoint\",\"urlTemplate\":\"https:\/\/www.berrua.com\/es\/?s={search_term_string}\"},\"query-input\":{\"@type\":\"PropertyValueSpecification\",\"valueRequired\":true,\"valueName\":\"search_term_string\"}}],\"inLanguage\":\"es\"},{\"@type\":\"Organization\",\"@id\":\"https:\/\/www.berrua.com\/es\/#organization\",\"name\":\"Camping Berrua\",\"url\":\"https:\/\/www.berrua.com\/es\/\",\"logo\":{\"@type\":\"ImageObject\",\"inLanguage\":\"es\",\"@id\":\"https:\/\/www.berrua.com\/es\/#\/schema\/logo\/image\/\",\"url\":\"https:\/\/www.berrua.com\/wp-content\/uploads\/2022\/01\/berrua.jpg\",\"contentUrl\":\"https:\/\/www.berrua.com\/wp-content\/uploads\/2022\/01\/berrua.jpg\",\"width\":321,\"height\":231,\"caption\":\"Camping Berrua\"},\"image\":{\"@id\":\"https:\/\/www.berrua.com\/es\/#\/schema\/logo\/image\/\"}}]}<\/script>\n<!-- \/ Yoast SEO plugin. -->","yoast_head_json":{"title":"Camping barato Pays-basque | Camping al mejor precio Bidart (64)","robots":{"index":"index","follow":"follow","max-snippet":"max-snippet:-1","max-image-preview":"max-image-preview:large","max-video-preview":"max-video-preview:-1"},"canonical":"https:\/\/www.berrua.com\/es\/camping-barato-pais-vasco\/","og_locale":"es_ES","og_type":"article","og_title":"Camping barato Pays-basque | Camping al mejor precio Bidart (64)","og_url":"https:\/\/www.berrua.com\/es\/camping-barato-pais-vasco\/","og_site_name":"Domaine Berrua","article_modified_time":"2023-11-03T08:56:32+00:00","og_image":[{"width":1800,"height":663,"url":"https:\/\/www.berrua.com\/wp-content\/uploads\/2023\/08\/camping-meilleur-prix-pyrenees-atlantiques-1.jpg","type":"image\/jpeg"}],"twitter_card":"summary_large_image","twitter_misc":{"Tiempo de lectura":"3 minutos"},"schema":{"@context":"https:\/\/schema.org","@graph":[{"@type":"WebPage","@id":"https:\/\/www.berrua.com\/es\/camping-barato-pais-vasco\/","url":"https:\/\/www.berrua.com\/es\/camping-barato-pais-vasco\/","name":"Camping barato Pays-basque | Camping al mejor precio Bidart (64)","isPartOf":{"@id":"https:\/\/www.berrua.com\/es\/#website"},"primaryImageOfPage":{"@id":"https:\/\/www.berrua.com\/es\/camping-barato-pais-vasco\/#primaryimage"},"image":{"@id":"https:\/\/www.berrua.com\/es\/camping-barato-pais-vasco\/#primaryimage"},"thumbnailUrl":"https:\/\/www.berrua.com\/wp-content\/uploads\/2023\/08\/camping-meilleur-prix-pyrenees-atlantiques-1.jpg","datePublished":"2021-10-20T14:09:47+00:00","dateModified":"2023-11-03T08:56:32+00:00","breadcrumb":{"@id":"https:\/\/www.berrua.com\/es\/camping-barato-pais-vasco\/#breadcrumb"},"inLanguage":"es","potentialAction":[{"@type":"ReadAction","target":["https:\/\/www.berrua.com\/es\/camping-barato-pais-vasco\/"]}]},{"@type":"ImageObject","inLanguage":"es","@id":"https:\/\/www.berrua.com\/es\/camping-barato-pais-vasco\/#primaryimage","url":"https:\/\/www.berrua.com\/wp-content\/uploads\/2023\/08\/camping-meilleur-prix-pyrenees-atlantiques-1.jpg","contentUrl":"https:\/\/www.berrua.com\/wp-content\/uploads\/2023\/08\/camping-meilleur-prix-pyrenees-atlantiques-1.jpg","width":1800,"height":663,"caption":"camping pas cher pays basque"},{"@type":"BreadcrumbList","@id":"https:\/\/www.berrua.com\/es\/camping-barato-pais-vasco\/#breadcrumb","itemListElement":[{"@type":"ListItem","position":1,"name":"Camping Bidart au Pays Basque","item":"https:\/\/www.berrua.com\/es\/"},{"@type":"ListItem","position":2,"name":"Camping barato Bidart"}]},{"@type":"WebSite","@id":"https:\/\/www.berrua.com\/es\/#website","url":"https:\/\/www.berrua.com\/es\/","name":"Domaine Berrua","description":"","publisher":{"@id":"https:\/\/www.berrua.com\/es\/#organization"},"potentialAction":[{"@type":"SearchAction","target":{"@type":"EntryPoint","urlTemplate":"https:\/\/www.berrua.com\/es\/?s={search_term_string}"},"query-input":{"@type":"PropertyValueSpecification","valueRequired":true,"valueName":"search_term_string"}}],"inLanguage":"es"},{"@type":"Organization","@id":"https:\/\/www.berrua.com\/es\/#organization","name":"Camping Berrua","url":"https:\/\/www.berrua.com\/es\/","logo":{"@type":"ImageObject","inLanguage":"es","@id":"https:\/\/www.berrua.com\/es\/#\/schema\/logo\/image\/","url":"https:\/\/www.berrua.com\/wp-content\/uploads\/2022\/01\/berrua.jpg","contentUrl":"https:\/\/www.berrua.com\/wp-content\/uploads\/2022\/01\/berrua.jpg","width":321,"height":231,"caption":"Camping Berrua"},"image":{"@id":"https:\/\/www.berrua.com\/es\/#\/schema\/logo\/image\/"}}]}},"_links":{"self":[{"href":"https:\/\/www.berrua.com\/es\/wp-json\/wp\/v2\/pages\/14101","targetHints":{"allow":["GET"]}}],"collection":[{"href":"https:\/\/www.berrua.com\/es\/wp-json\/wp\/v2\/pages"}],"about":[{"href":"https:\/\/www.berrua.com\/es\/wp-json\/wp\/v2\/types\/page"}],"author":[{"embeddable":true,"href":"https:\/\/www.berrua.com\/es\/wp-json\/wp\/v2\/users\/1"}],"replies":[{"embeddable":true,"href":"https:\/\/www.berrua.com\/es\/wp-json\/wp\/v2\/comments?post=14101"}],"version-history":[{"count":12,"href":"https:\/\/www.berrua.com\/es\/wp-json\/wp\/v2\/pages\/14101\/revisions"}],"predecessor-version":[{"id":989346,"href":"https:\/\/www.berrua.com\/es\/wp-json\/wp\/v2\/pages\/14101\/revisions\/989346"}],"wp:featuredmedia":[{"embeddable":true,"href":"https:\/\/www.berrua.com\/es\/wp-json\/wp\/v2\/media\/988884"}],"wp:attachment":[{"href":"https:\/\/www.berrua.com\/es\/wp-json\/wp\/v2\/media?parent=14101"}],"wp:term":[{"taxonomy":"sujet","embeddable":true,"href":"https:\/\/www.berrua.com\/es\/wp-json\/wp\/v2\/sujet?post=14101"}],"curies":[{"name":"wp","href":"https:\/\/api.w.org\/{rel}","templated":true}]}}