{"id":14043,"date":"2021-10-20T16:08:06","date_gmt":"2021-10-20T14:08:06","guid":{"rendered":"http:\/\/www.berrua.com\/camping-pays-basque-avec-piscine\/"},"modified":"2025-12-08T14:12:46","modified_gmt":"2025-12-08T13:12:46","slug":"camping-con-piscina-el-pais-vasco","status":"publish","type":"page","link":"https:\/\/www.berrua.com\/es\/camping-con-piscina-el-pais-vasco\/","title":{"rendered":"Notre espace aquatique"},"content":{"rendered":"<section id=\"ls-section-block_65ad71ecfbe8edb3fe3c5a1691200cf8\" class=\"ls-section  page-one has-background has-color-white-background-color\" >\n        <div class=\"container container--wide\">\n        \n\n<h1 class=\"ls__heading wp-block-heading has-text-align-center ls__heading-undefined\"><mark style=\"background-color:rgba(0, 0, 0, 0)\" class=\"has-inline-color has-color-1-color\">CAMPING CON PISCINA EN EL PA\u00cdS VASCO<\/mark><\/h1>\n\n\n\n<h2 class=\"ls__heading wp-block-heading ls__heading ls__heading-undefined\"><mark style=\"background-color:rgba(0, 0, 0, 0)\" class=\"has-inline-color has-color-1-color\">PISCINA CUBIERTA Y CLIMATIZADA en Bidart<\/mark><\/h2>\n\n\n\n<p class=\"ls-paragraph ls__paragraph\"><mark style=\"background-color:rgba(0, 0, 0, 0)\" class=\"has-inline-color has-color-black-color\">Para sus&nbsp;<a href=\"\/es\/\">vacaciones de camping en el Pa\u00eds Vasco<\/a>, 450 m\u00b2 de espacio acu\u00e1tico compuesto por una piscina exterior climatizada de 180 m\u00b2, y un espacio de 270 m\u00b2 (no climatizado) con 1 piscina infantil grande para juegos, 2 toboganes (1 multipista y 1 con giros) PROHIBIDOS A NI\u00d1OS \u2013 10 a\u00f1os no acompa\u00f1ados por un adulto, ba\u00f1os de asiento y con chorros. La zona acu\u00e1tica est\u00e1 abierta desde el 26 de marzo (apertura del camping). El Balneo se calentar\u00e1 desde la apertura del camping y la piscina exterior desde principios de mayo.<\/mark> Disponemos de un elevador de piscina m\u00f3vil para personas con movilidad reducida (PMR).<\/p>\n\n\n\n<p class=\"ls-paragraph\"><strong>El espacio acu\u00e1tico interior estar\u00e1 abierto hasta el 02 de noviembre del 2025 y estar\u00e1 cerrado durante el invierno. Toda la zona acu\u00e1tica (interior y exterior) volver\u00e1n a abrir el 27 de marzo del 2026.<\/strong><\/p>\n\n\n\n<div class=\"wp-block-columns fancybox is-layout-flex wp-container-core-columns-is-layout-9d6595d7 wp-block-columns-is-layout-flex\">\n<div class=\"wp-block-column is-vertically-aligned-center is-layout-flow wp-block-column-is-layout-flow\">\n<figure class=\"wp-block-image size-full\"><a href=\"https:\/\/www.berrua.com\/wp-content\/uploads\/2021\/12\/camping-piscine-toboggan-bidart.jpg\"><img decoding=\"async\" width=\"1200\" height=\"800\" src=\"https:\/\/www.berrua.com\/wp-content\/uploads\/2021\/12\/camping-piscine-toboggan-bidart.jpg\" alt=\"camping piscine toboggan bidart\" class=\"wp-image-12282\" srcset=\"https:\/\/www.berrua.com\/wp-content\/uploads\/2021\/12\/camping-piscine-toboggan-bidart.jpg 1200w, https:\/\/www.berrua.com\/wp-content\/uploads\/2021\/12\/camping-piscine-toboggan-bidart-300x200.jpg 300w, https:\/\/www.berrua.com\/wp-content\/uploads\/2021\/12\/camping-piscine-toboggan-bidart-1024x683.jpg 1024w, https:\/\/www.berrua.com\/wp-content\/uploads\/2021\/12\/camping-piscine-toboggan-bidart-768x512.jpg 768w\" sizes=\"(max-width: 1200px) 100vw, 1200px\" \/><\/a><\/figure>\n\n\n\n<figure class=\"wp-block-image size-full\"><a href=\"https:\/\/www.berrua.com\/wp-content\/uploads\/2021\/11\/camping-espace-aquatique-bidart-1.jpg\"><img decoding=\"async\" width=\"1200\" height=\"800\" src=\"https:\/\/www.berrua.com\/wp-content\/uploads\/2021\/11\/camping-espace-aquatique-bidart-1.jpg\" alt=\"camping espace aquatique bidart\" class=\"wp-image-10677\" srcset=\"https:\/\/www.berrua.com\/wp-content\/uploads\/2021\/11\/camping-espace-aquatique-bidart-1.jpg 1200w, https:\/\/www.berrua.com\/wp-content\/uploads\/2021\/11\/camping-espace-aquatique-bidart-1-300x200.jpg 300w, https:\/\/www.berrua.com\/wp-content\/uploads\/2021\/11\/camping-espace-aquatique-bidart-1-1024x683.jpg 1024w, https:\/\/www.berrua.com\/wp-content\/uploads\/2021\/11\/camping-espace-aquatique-bidart-1-768x512.jpg 768w\" sizes=\"(max-width: 1200px) 100vw, 1200px\" \/><\/a><\/figure>\n<\/div>\n\n\n\n<div class=\"wp-block-column is-vertically-aligned-center is-layout-flow wp-block-column-is-layout-flow\">\n<figure class=\"wp-block-image size-full\"><a href=\"https:\/\/www.berrua.com\/wp-content\/uploads\/2021\/12\/camping-espace-aquatique-familial-bidart.jpg\"><img decoding=\"async\" width=\"800\" height=\"1200\" src=\"https:\/\/www.berrua.com\/wp-content\/uploads\/2021\/12\/camping-espace-aquatique-familial-bidart.jpg\" alt=\"camping espace aquatique familial bidart\" class=\"wp-image-12287\" srcset=\"https:\/\/www.berrua.com\/wp-content\/uploads\/2021\/12\/camping-espace-aquatique-familial-bidart.jpg 800w, https:\/\/www.berrua.com\/wp-content\/uploads\/2021\/12\/camping-espace-aquatique-familial-bidart-200x300.jpg 200w, https:\/\/www.berrua.com\/wp-content\/uploads\/2021\/12\/camping-espace-aquatique-familial-bidart-683x1024.jpg 683w, https:\/\/www.berrua.com\/wp-content\/uploads\/2021\/12\/camping-espace-aquatique-familial-bidart-768x1152.jpg 768w\" sizes=\"(max-width: 800px) 100vw, 800px\" \/><\/a><\/figure>\n<\/div>\n\n\n\n<div class=\"wp-block-column is-vertically-aligned-center is-layout-flow wp-block-column-is-layout-flow\">\n<figure class=\"wp-block-image size-full is-resized\"><a href=\"https:\/\/www.berrua.com\/wp-content\/uploads\/2022\/08\/piscine-acces-pmr.jpg\"><img decoding=\"async\" width=\"600\" height=\"800\" src=\"https:\/\/www.berrua.com\/wp-content\/uploads\/2022\/08\/piscine-acces-pmr.jpg\" alt=\"piscine acces PMR\" class=\"wp-image-882301\" style=\"width:600px;height:800px\" srcset=\"https:\/\/www.berrua.com\/wp-content\/uploads\/2022\/08\/piscine-acces-pmr.jpg 600w, https:\/\/www.berrua.com\/wp-content\/uploads\/2022\/08\/piscine-acces-pmr-225x300.jpg 225w\" sizes=\"(max-width: 600px) 100vw, 600px\" \/><\/a><\/figure>\n<\/div>\n<\/div>\n\n\n    <\/div>\n<\/section>\n\n<section id=\"ls-section-block_abfa3a722f234a4b3ca2fe7cf61170a3\" class=\"ls-section  home-fourth has-background has-color-1-background-color has-text-color has-color-white-color\" >\n        <div class=\"container container--wide\">\n        \n\n<div class=\"wp-block-columns is-layout-flex wp-container-core-columns-is-layout-9d6595d7 wp-block-columns-is-layout-flex\">\n<div class=\"wp-block-column is-layout-flow wp-block-column-is-layout-flow\" style=\"flex-basis:33.33%\">\n<p class=\"ls-paragraph ls__paragraph title-deco\"><mark style=\"background-color:rgba(0, 0, 0, 0)\" class=\"has-inline-color has-color-3-color\">NuestrA<\/mark><\/p>\n\n\n\n<p class=\"ls-paragraph ls__paragraph subtitle-deco\"><mark style=\"background-color:rgba(0, 0, 0, 0)\" class=\"has-inline-color has-color-white-color\">zona acu\u00e1tica<\/mark><\/p>\n<\/div>\n\n\n\n<div class=\"wp-block-column is-layout-flow wp-block-column-is-layout-flow\" style=\"flex-basis:66.66%\">\n<h2 class=\"ls__heading wp-block-heading ls__heading ls__heading-undefined\">UN PARQUE ACU\u00c1TICO con toboganes <\/h2>\n\n\n\n<p class=\"ls-paragraph\">Informaci\u00f3n sobre el \u00e1rea acu\u00e1tica. Para su bienestar, desde 2015 nuestro espacio se ha ampliado con una zona de balneo: una piscina de relajaci\u00f3n cubierta y climatizada. Este nuevo espacio est\u00e1 compuesto por un jacuzzi, una zona de hidromasaje, un spa de pie, bancos anat\u00f3micos y una zona de ba\u00f1o. Esta zona est\u00e1 dedicada a su relajaci\u00f3n y descanso.<\/p>\n\n\n\n<p class=\"ls-paragraph\">Abierto s\u00f3lo para adultos de 10 a 13 horas, por la tarde es accesible a los ni\u00f1os bajo supervisi\u00f3n.<\/p>\n<\/div>\n<\/div>\n\n\n    <\/div>\n<\/section>\n\n<section id=\"ls-section-block_726723a22435793432d29c34b18c37a7\" class=\"ls-section  page-two\" >\n        <div class=\"container container--wide\">\n        \n<div class=\"wp-block-image\">\n<figure class=\"aligncenter size-large\"><img decoding=\"async\" width=\"1024\" height=\"576\" src=\"https:\/\/www.berrua.com\/wp-content\/uploads\/2021\/11\/camping-piscine-avec-toboggan-bidart-2-1024x576.jpg\" alt=\"camping piscine avec toboggan bidart\" class=\"wp-image-10658\" srcset=\"https:\/\/www.berrua.com\/wp-content\/uploads\/2021\/11\/camping-piscine-avec-toboggan-bidart-2-1024x576.jpg 1024w, https:\/\/www.berrua.com\/wp-content\/uploads\/2021\/11\/camping-piscine-avec-toboggan-bidart-2-300x169.jpg 300w, https:\/\/www.berrua.com\/wp-content\/uploads\/2021\/11\/camping-piscine-avec-toboggan-bidart-2-768x432.jpg 768w, https:\/\/www.berrua.com\/wp-content\/uploads\/2021\/11\/camping-piscine-avec-toboggan-bidart-2.jpg 1200w\" sizes=\"(max-width: 1024px) 100vw, 1024px\" \/><\/figure>\n<\/div>\n\n    <\/div>\n<\/section>\n\n<section id=\"ls-section-block_b070a257b8ac9f9749f024c6c672fbcf\" class=\"ls-section  page-three\" >\n        <div class=\"container \">\n        \n\n<p class=\"ls-paragraph ls__paragraph\">Descubra el parque acu\u00e1tico del Domaine Berrua en el coraz\u00f3n del Pa\u00eds Vasco. Situado al aire libre, este parque acu\u00e1tico es el lugar de encuentro favorito de los ni\u00f1os, que nunca se cansar\u00e1n de correr por el tobog\u00e1n de 4 carriles o de lanzarse por el tobog\u00e1n curvo en busca de emociones.<\/p>\n\n\n\n<p class=\"ls-paragraph ls__paragraph\">Mientras los adultos m\u00e1s aventureros pueden acompa\u00f1arlos en los toboganes, otros pueden relajarse en las numerosas tumbonas situadas alrededor de la piscina y vigilarlos de cerca. Una piscina infantil tambi\u00e9n pone al alcance de los m\u00e1s peque\u00f1os la posibilidad de nadar para que toda la familia pueda disfrutar de un momento de relax o diversi\u00f3n en la piscina climatizada.<\/p>\n\n\n    <\/div>\n<\/section>\n\n<section id=\"ls-section-block_c7d2c63c3b5eb4ef5ccbb11df19fd055\" class=\"ls-section  page-fourth\" >\n        <div class=\"container container--full\">\n        \n\n<figure class=\"wp-block-image size-full\"><img decoding=\"async\" width=\"1900\" height=\"700\" src=\"https:\/\/www.berrua.com\/wp-content\/uploads\/2021\/11\/camping-jacuzzi-pyrenees-atlantiques.jpg\" alt=\"camping jacuzzi pyrenees atlantiques\" class=\"wp-image-10665\" srcset=\"https:\/\/www.berrua.com\/wp-content\/uploads\/2021\/11\/camping-jacuzzi-pyrenees-atlantiques.jpg 1900w, https:\/\/www.berrua.com\/wp-content\/uploads\/2021\/11\/camping-jacuzzi-pyrenees-atlantiques-300x111.jpg 300w, https:\/\/www.berrua.com\/wp-content\/uploads\/2021\/11\/camping-jacuzzi-pyrenees-atlantiques-1024x377.jpg 1024w, https:\/\/www.berrua.com\/wp-content\/uploads\/2021\/11\/camping-jacuzzi-pyrenees-atlantiques-768x283.jpg 768w, https:\/\/www.berrua.com\/wp-content\/uploads\/2021\/11\/camping-jacuzzi-pyrenees-atlantiques-1536x566.jpg 1536w\" sizes=\"(max-width: 1900px) 100vw, 1900px\" \/><\/figure>\n\n\n    <\/div>\n<\/section>\n\n<section id=\"bien-etre\" class=\"ls-section  page-fourth-bis has-text-color has-color-black-color\" >\n        <div class=\"container container--wide\">\n        \n\n<div class=\"wp-block-columns is-layout-flex wp-container-core-columns-is-layout-9d6595d7 wp-block-columns-is-layout-flex\">\n<div class=\"wp-block-column is-layout-flow wp-block-column-is-layout-flow\">\n<h2 class=\"ls__heading wp-block-heading ls__heading ls__heading-undefined\"><mark style=\"background-color:rgba(0, 0, 0, 0)\" class=\"has-inline-color has-color-3-color\">UN JACCUZZI, HAMMAM<\/mark> <mark style=\"background-color:rgba(0, 0, 0, 0)\" class=\"has-inline-color has-color-3-color\">y ba\u00f1era de hidromasaje<\/mark><\/h2>\n\n\n\n<p class=\"ls-paragraph ls__paragraph subtitle\"><mark style=\"background-color:rgba(0, 0, 0, 0)\" class=\"has-inline-color has-color-white-color\">Aproveche nuestra zona acu\u00e1tica<\/mark><\/p>\n<\/div>\n\n\n\n<div class=\"wp-block-column is-layout-flow wp-block-column-is-layout-flow\"><\/div>\n<\/div>\n\n\n\n<div class=\"wp-block-columns is-layout-flex wp-container-core-columns-is-layout-9d6595d7 wp-block-columns-is-layout-flex\">\n<div class=\"wp-block-column is-layout-flow wp-block-column-is-layout-flow\">\n<p class=\"ls-paragraph ls__paragraph\">Para una mayor relajaci\u00f3n o para aliviar los dolores de los m\u00e1s deportistas, nuestra zona acu\u00e1tica cubierta cuenta tambi\u00e9n con una sala de masajes y un hammam.<\/p>\n\n\n\n<p class=\"ls-paragraph ls__paragraph\"><\/p>\n\n\n\n<p class=\"ls-paragraph ls__paragraph\">El hammam est\u00e1 abierto durante toda la temporada, se reserva con antelaci\u00f3n directamente en recepci\u00f3n.<\/p>\n<\/div>\n\n\n\n<div class=\"wp-block-column is-layout-flow wp-block-column-is-layout-flow\">\n<p class=\"ls-paragraph ls__paragraph\">El acceso est\u00e1 limitado a 30 minutos consecutivos por persona y a un m\u00e1ximo de 5 personas en la cabina. (Su apertura depender\u00e1 de las normas sanitarias impuestas por el gobierno).&nbsp;<\/p>\n\n\n\n<p class=\"ls-paragraph ls__paragraph\"><\/p>\n\n\n\n<p class=\"ls-paragraph ls__paragraph\">El acceso a la zona del balneario, a los toboganes y a los chorros de agua est\u00e1 prohibido a los menores de 10 a\u00f1os que no est\u00e9n acompa\u00f1ados por un adulto. El acceso al hammam est\u00e1 prohibido a los menores.<\/p>\n<\/div>\n<\/div>\n\n\n    <\/div>\n<\/section>\n\n<section id=\"ls-section-block_6fedb8d05923817b630a6cccaa91e694\" class=\"ls-section  page-cta\" >\n        <div class=\"container container--wide\">\n        \n\n<div id=\"ls-heading ls-titre-div-block_a72d80c5da66b69b3861f6f71907f71c\" class=\"ls-titre-div ls-titre-div titre-cta ls__heading-undefined title-deco has-inline-color has-color-1 aligncenter h2-like has-text-color has-color-1-color\" >\n    Servicios, entretenimiento y el restaurante del camping<\/div>\n\n\n\n<div class=\"wp-block-columns is-layout-flex wp-container-core-columns-is-layout-9d6595d7 wp-block-columns-is-layout-flex\">\n<div class=\"wp-block-column is-layout-flow wp-block-column-is-layout-flow\">\n<div id=\"ls-cta-block_ab603aaaa2d84c80270957c0aeaa4855\" class=\"ls-cta\">  \n    \n\n<a href=\"http:\/\/www.berrua.com\/camping-4-etoiles-pays-basque\/services-camping-pays-basque\/\" target=\"\" rel=\"noopener\" class=\"ls-cta__link\" data-categ=\"\">\n\t<div class=\"ls-cta__image\"><img decoding=\"async\" src=\"https:\/\/www.berrua.com\/wp-content\/uploads\/2021\/12\/camping-familial-bidart.jpg\" alt=\"camping familial bidart\"><\/div>\n\t<div class=\"ls-cta__title\">\n\t\tServicios\t<\/div>\n\n\t<\/a><\/div><\/div>\n\n\n\n<div class=\"wp-block-column is-layout-flow wp-block-column-is-layout-flow\">\n<div id=\"ls-cta-block_f6b908fe2ed0d31420e5d7efd929bbd9\" class=\"ls-cta\">  \n    \n\n<a href=\"\/camping-4-etoiles-pays-basque\/camping-avec-restaurant-pays-basque\/\" target=\"\" rel=\"noopener\" class=\"ls-cta__link\" data-categ=\"\">\n\t<div class=\"ls-cta__image\"><img decoding=\"async\" src=\"https:\/\/www.berrua.com\/wp-content\/uploads\/2021\/12\/restaurant-pizzeria-bidart-1.jpg\" alt=\"restaurant pizzeria bidart\"><\/div>\n\t<div class=\"ls-cta__title\">\n\t\tEl restaurante\t<\/div>\n\n\t<\/a><\/div><\/div>\n\n\n\n<div class=\"wp-block-column is-layout-flow wp-block-column-is-layout-flow\">\n<div id=\"ls-cta-block_2f9827b4e27a0815fad0db8d02d66aea\" class=\"ls-cta\">  \n    \n\n<a href=\"http:\/\/www.berrua.com\/camping-4-etoiles-pays-basque\/camping-avec-animations-pays-basque\/\" target=\"\" rel=\"noopener\" class=\"ls-cta__link\" data-categ=\"\">\n\t<div class=\"ls-cta__image\"><img decoding=\"async\" src=\"https:\/\/www.berrua.com\/wp-content\/uploads\/2021\/12\/camping-activites-sportives-bidart.jpg\" alt=\"camping activites sportives bidart\"><\/div>\n\t<div class=\"ls-cta__title\">\n\t\tEntretenimiento y actividades deportivas\t<\/div>\n\n\t<\/a><\/div><\/div>\n<\/div>\n\n\n    <\/div>\n<\/section>","protected":false},"excerpt":{"rendered":"","protected":false},"author":1,"featured_media":10640,"parent":0,"menu_order":0,"comment_status":"closed","ping_status":"closed","template":"","meta":{"_acf_changed":false,"inline_featured_image":false,"footnotes":""},"sujet":[],"class_list":["post-14043","page","type-page","status-publish","has-post-thumbnail","hentry"],"acf":[],"yoast_head":"<!-- This site is optimized with the Yoast SEO plugin v26.2 - https:\/\/yoast.com\/wordpress\/plugins\/seo\/ -->\n<title>Camping del Pa\u00eds Vasco con piscina - Camping 4 estrellas en la Costa Vasca<\/title>\n<meta name=\"robots\" content=\"index, follow, max-snippet:-1, max-image-preview:large, max-video-preview:-1\" \/>\n<link rel=\"canonical\" href=\"https:\/\/www.berrua.com\/es\/camping-con-piscina-el-pais-vasco\/\" \/>\n<meta property=\"og:locale\" content=\"es_ES\" \/>\n<meta property=\"og:type\" content=\"article\" \/>\n<meta property=\"og:title\" content=\"Camping del Pa\u00eds Vasco con piscina - Camping 4 estrellas en la Costa Vasca\" \/>\n<meta property=\"og:url\" content=\"https:\/\/www.berrua.com\/es\/camping-con-piscina-el-pais-vasco\/\" \/>\n<meta property=\"og:site_name\" content=\"Domaine Berrua\" \/>\n<meta property=\"article:modified_time\" content=\"2025-12-08T13:12:46+00:00\" \/>\n<meta property=\"og:image\" content=\"https:\/\/www.berrua.com\/wp-content\/uploads\/2021\/11\/camping-jacuzzi-bidart.jpg\" \/>\n\t<meta property=\"og:image:width\" content=\"1900\" \/>\n\t<meta property=\"og:image:height\" content=\"700\" \/>\n\t<meta property=\"og:image:type\" content=\"image\/jpeg\" \/>\n<meta name=\"twitter:card\" content=\"summary_large_image\" \/>\n<meta name=\"twitter:label1\" content=\"Tiempo de lectura\" \/>\n\t<meta name=\"twitter:data1\" content=\"4 minutos\" \/>\n<script type=\"application\/ld+json\" class=\"yoast-schema-graph\">{\"@context\":\"https:\/\/schema.org\",\"@graph\":[{\"@type\":\"WebPage\",\"@id\":\"https:\/\/www.berrua.com\/es\/camping-con-piscina-el-pais-vasco\/\",\"url\":\"https:\/\/www.berrua.com\/es\/camping-con-piscina-el-pais-vasco\/\",\"name\":\"Camping del Pa\u00eds Vasco con piscina - Camping 4 estrellas en la Costa Vasca\",\"isPartOf\":{\"@id\":\"https:\/\/www.berrua.com\/es\/#website\"},\"primaryImageOfPage\":{\"@id\":\"https:\/\/www.berrua.com\/es\/camping-con-piscina-el-pais-vasco\/#primaryimage\"},\"image\":{\"@id\":\"https:\/\/www.berrua.com\/es\/camping-con-piscina-el-pais-vasco\/#primaryimage\"},\"thumbnailUrl\":\"https:\/\/www.berrua.com\/wp-content\/uploads\/2021\/11\/camping-jacuzzi-bidart.jpg\",\"datePublished\":\"2021-10-20T14:08:06+00:00\",\"dateModified\":\"2025-12-08T13:12:46+00:00\",\"breadcrumb\":{\"@id\":\"https:\/\/www.berrua.com\/es\/camping-con-piscina-el-pais-vasco\/#breadcrumb\"},\"inLanguage\":\"es\",\"potentialAction\":[{\"@type\":\"ReadAction\",\"target\":[\"https:\/\/www.berrua.com\/es\/camping-con-piscina-el-pais-vasco\/\"]}]},{\"@type\":\"ImageObject\",\"inLanguage\":\"es\",\"@id\":\"https:\/\/www.berrua.com\/es\/camping-con-piscina-el-pais-vasco\/#primaryimage\",\"url\":\"https:\/\/www.berrua.com\/wp-content\/uploads\/2021\/11\/camping-jacuzzi-bidart.jpg\",\"contentUrl\":\"https:\/\/www.berrua.com\/wp-content\/uploads\/2021\/11\/camping-jacuzzi-bidart.jpg\",\"width\":1900,\"height\":700,\"caption\":\"camping jacuzzi bidart\"},{\"@type\":\"BreadcrumbList\",\"@id\":\"https:\/\/www.berrua.com\/es\/camping-con-piscina-el-pais-vasco\/#breadcrumb\",\"itemListElement\":[{\"@type\":\"ListItem\",\"position\":1,\"name\":\"Camping Bidart au Pays Basque\",\"item\":\"https:\/\/www.berrua.com\/es\/\"},{\"@type\":\"ListItem\",\"position\":2,\"name\":\"CAMPING CON PARQUE ACU\u00c1TICO PA\u00cdS VASCO\"}]},{\"@type\":\"WebSite\",\"@id\":\"https:\/\/www.berrua.com\/es\/#website\",\"url\":\"https:\/\/www.berrua.com\/es\/\",\"name\":\"Domaine Berrua\",\"description\":\"\",\"publisher\":{\"@id\":\"https:\/\/www.berrua.com\/es\/#organization\"},\"potentialAction\":[{\"@type\":\"SearchAction\",\"target\":{\"@type\":\"EntryPoint\",\"urlTemplate\":\"https:\/\/www.berrua.com\/es\/?s={search_term_string}\"},\"query-input\":{\"@type\":\"PropertyValueSpecification\",\"valueRequired\":true,\"valueName\":\"search_term_string\"}}],\"inLanguage\":\"es\"},{\"@type\":\"Organization\",\"@id\":\"https:\/\/www.berrua.com\/es\/#organization\",\"name\":\"Camping Berrua\",\"url\":\"https:\/\/www.berrua.com\/es\/\",\"logo\":{\"@type\":\"ImageObject\",\"inLanguage\":\"es\",\"@id\":\"https:\/\/www.berrua.com\/es\/#\/schema\/logo\/image\/\",\"url\":\"https:\/\/www.berrua.com\/wp-content\/uploads\/2022\/01\/berrua.jpg\",\"contentUrl\":\"https:\/\/www.berrua.com\/wp-content\/uploads\/2022\/01\/berrua.jpg\",\"width\":321,\"height\":231,\"caption\":\"Camping Berrua\"},\"image\":{\"@id\":\"https:\/\/www.berrua.com\/es\/#\/schema\/logo\/image\/\"}}]}<\/script>\n<!-- \/ Yoast SEO plugin. -->","yoast_head_json":{"title":"Camping del Pa\u00eds Vasco con piscina - Camping 4 estrellas en la Costa Vasca","robots":{"index":"index","follow":"follow","max-snippet":"max-snippet:-1","max-image-preview":"max-image-preview:large","max-video-preview":"max-video-preview:-1"},"canonical":"https:\/\/www.berrua.com\/es\/camping-con-piscina-el-pais-vasco\/","og_locale":"es_ES","og_type":"article","og_title":"Camping del Pa\u00eds Vasco con piscina - Camping 4 estrellas en la Costa Vasca","og_url":"https:\/\/www.berrua.com\/es\/camping-con-piscina-el-pais-vasco\/","og_site_name":"Domaine Berrua","article_modified_time":"2025-12-08T13:12:46+00:00","og_image":[{"width":1900,"height":700,"url":"https:\/\/www.berrua.com\/wp-content\/uploads\/2021\/11\/camping-jacuzzi-bidart.jpg","type":"image\/jpeg"}],"twitter_card":"summary_large_image","twitter_misc":{"Tiempo de lectura":"4 minutos"},"schema":{"@context":"https:\/\/schema.org","@graph":[{"@type":"WebPage","@id":"https:\/\/www.berrua.com\/es\/camping-con-piscina-el-pais-vasco\/","url":"https:\/\/www.berrua.com\/es\/camping-con-piscina-el-pais-vasco\/","name":"Camping del Pa\u00eds Vasco con piscina - Camping 4 estrellas en la Costa Vasca","isPartOf":{"@id":"https:\/\/www.berrua.com\/es\/#website"},"primaryImageOfPage":{"@id":"https:\/\/www.berrua.com\/es\/camping-con-piscina-el-pais-vasco\/#primaryimage"},"image":{"@id":"https:\/\/www.berrua.com\/es\/camping-con-piscina-el-pais-vasco\/#primaryimage"},"thumbnailUrl":"https:\/\/www.berrua.com\/wp-content\/uploads\/2021\/11\/camping-jacuzzi-bidart.jpg","datePublished":"2021-10-20T14:08:06+00:00","dateModified":"2025-12-08T13:12:46+00:00","breadcrumb":{"@id":"https:\/\/www.berrua.com\/es\/camping-con-piscina-el-pais-vasco\/#breadcrumb"},"inLanguage":"es","potentialAction":[{"@type":"ReadAction","target":["https:\/\/www.berrua.com\/es\/camping-con-piscina-el-pais-vasco\/"]}]},{"@type":"ImageObject","inLanguage":"es","@id":"https:\/\/www.berrua.com\/es\/camping-con-piscina-el-pais-vasco\/#primaryimage","url":"https:\/\/www.berrua.com\/wp-content\/uploads\/2021\/11\/camping-jacuzzi-bidart.jpg","contentUrl":"https:\/\/www.berrua.com\/wp-content\/uploads\/2021\/11\/camping-jacuzzi-bidart.jpg","width":1900,"height":700,"caption":"camping jacuzzi bidart"},{"@type":"BreadcrumbList","@id":"https:\/\/www.berrua.com\/es\/camping-con-piscina-el-pais-vasco\/#breadcrumb","itemListElement":[{"@type":"ListItem","position":1,"name":"Camping Bidart au Pays Basque","item":"https:\/\/www.berrua.com\/es\/"},{"@type":"ListItem","position":2,"name":"CAMPING CON PARQUE ACU\u00c1TICO PA\u00cdS VASCO"}]},{"@type":"WebSite","@id":"https:\/\/www.berrua.com\/es\/#website","url":"https:\/\/www.berrua.com\/es\/","name":"Domaine Berrua","description":"","publisher":{"@id":"https:\/\/www.berrua.com\/es\/#organization"},"potentialAction":[{"@type":"SearchAction","target":{"@type":"EntryPoint","urlTemplate":"https:\/\/www.berrua.com\/es\/?s={search_term_string}"},"query-input":{"@type":"PropertyValueSpecification","valueRequired":true,"valueName":"search_term_string"}}],"inLanguage":"es"},{"@type":"Organization","@id":"https:\/\/www.berrua.com\/es\/#organization","name":"Camping Berrua","url":"https:\/\/www.berrua.com\/es\/","logo":{"@type":"ImageObject","inLanguage":"es","@id":"https:\/\/www.berrua.com\/es\/#\/schema\/logo\/image\/","url":"https:\/\/www.berrua.com\/wp-content\/uploads\/2022\/01\/berrua.jpg","contentUrl":"https:\/\/www.berrua.com\/wp-content\/uploads\/2022\/01\/berrua.jpg","width":321,"height":231,"caption":"Camping Berrua"},"image":{"@id":"https:\/\/www.berrua.com\/es\/#\/schema\/logo\/image\/"}}]}},"_links":{"self":[{"href":"https:\/\/www.berrua.com\/es\/wp-json\/wp\/v2\/pages\/14043","targetHints":{"allow":["GET"]}}],"collection":[{"href":"https:\/\/www.berrua.com\/es\/wp-json\/wp\/v2\/pages"}],"about":[{"href":"https:\/\/www.berrua.com\/es\/wp-json\/wp\/v2\/types\/page"}],"author":[{"embeddable":true,"href":"https:\/\/www.berrua.com\/es\/wp-json\/wp\/v2\/users\/1"}],"replies":[{"embeddable":true,"href":"https:\/\/www.berrua.com\/es\/wp-json\/wp\/v2\/comments?post=14043"}],"version-history":[{"count":17,"href":"https:\/\/www.berrua.com\/es\/wp-json\/wp\/v2\/pages\/14043\/revisions"}],"predecessor-version":[{"id":1032204,"href":"https:\/\/www.berrua.com\/es\/wp-json\/wp\/v2\/pages\/14043\/revisions\/1032204"}],"wp:featuredmedia":[{"embeddable":true,"href":"https:\/\/www.berrua.com\/es\/wp-json\/wp\/v2\/media\/10640"}],"wp:attachment":[{"href":"https:\/\/www.berrua.com\/es\/wp-json\/wp\/v2\/media?parent=14043"}],"wp:term":[{"taxonomy":"sujet","embeddable":true,"href":"https:\/\/www.berrua.com\/es\/wp-json\/wp\/v2\/sujet?post=14043"}],"curies":[{"name":"wp","href":"https:\/\/api.w.org\/{rel}","templated":true}]}}