{"id":13986,"date":"2021-10-20T16:05:12","date_gmt":"2021-10-20T14:05:12","guid":{"rendered":"http:\/\/www.berrua.com\/alimentation-camping-pays-basque\/"},"modified":"2022-01-04T09:47:47","modified_gmt":"2022-01-04T08:47:47","slug":"comida-el-camping-pais-vasco","status":"publish","type":"page","link":"https:\/\/www.berrua.com\/es\/camping-4-estrellas-pais-vasco\/comida-el-camping-pais-vasco\/","title":{"rendered":"Les prestations : Alimentation"},"content":{"rendered":"<section id=\"ls-section-block_6188f58639d55\" class=\"ls-section  page-one has-background has-color-white-background-color\" >\n        <div class=\"container container--wide\">\n        \n\n<h1 class=\"ls__heading has-text-align-center ls__heading-undefined wp-block-heading\"><span class=\"has-inline-color has-color-1-color\">SUPERMERCADO DE ALIMENTOS Y BIDARTS<\/span><\/h1>\n\n\n\n<p class=\"ls-paragraph ls__paragraph\">Para a\u00fan m\u00e1s comodidad y servicios durante sus&nbsp;<a href=\"\/es\/\">Vacaciones en el campo en Pa\u00eds Vasco<\/a>, De abril a septiembre, les recibir\u00e1 en nuestro supermercado : Pan fresco de la ma\u00f1ana, boller\u00eda \u2013 Productos variados a su disposici\u00f3n.<\/p>\n\n\n\n<div class=\"wp-block-columns fancybox is-layout-flex wp-container-core-columns-is-layout-9d6595d7 wp-block-columns-is-layout-flex\">\n<div class=\"wp-block-column is-vertically-aligned-center is-layout-flow wp-block-column-is-layout-flow\">\n<figure class=\"wp-block-image size-full\"><a href=\"https:\/\/www.berrua.com\/wp-content\/uploads\/2021\/12\/camping-epicerie-cote-basque.jpg\"><img decoding=\"async\" width=\"1200\" height=\"800\" src=\"https:\/\/www.berrua.com\/wp-content\/uploads\/2021\/12\/camping-epicerie-cote-basque.jpg\" alt=\"camping epicerie cote basque\" class=\"wp-image-11481\" srcset=\"https:\/\/www.berrua.com\/wp-content\/uploads\/2021\/12\/camping-epicerie-cote-basque.jpg 1200w, https:\/\/www.berrua.com\/wp-content\/uploads\/2021\/12\/camping-epicerie-cote-basque-300x200.jpg 300w, https:\/\/www.berrua.com\/wp-content\/uploads\/2021\/12\/camping-epicerie-cote-basque-1024x683.jpg 1024w, https:\/\/www.berrua.com\/wp-content\/uploads\/2021\/12\/camping-epicerie-cote-basque-768x512.jpg 768w\" sizes=\"(max-width: 1200px) 100vw, 1200px\" \/><\/a><\/figure>\n\n\n\n<figure class=\"wp-block-image size-full\"><a href=\"https:\/\/www.berrua.com\/wp-content\/uploads\/2021\/12\/camping-depot-pain-viennoiseries-bidart.jpg\"><img decoding=\"async\" width=\"1200\" height=\"800\" src=\"https:\/\/www.berrua.com\/wp-content\/uploads\/2021\/12\/camping-depot-pain-viennoiseries-bidart.jpg\" alt=\"camping depot pain viennoiseries bidart\" class=\"wp-image-11236\" srcset=\"https:\/\/www.berrua.com\/wp-content\/uploads\/2021\/12\/camping-depot-pain-viennoiseries-bidart.jpg 1200w, https:\/\/www.berrua.com\/wp-content\/uploads\/2021\/12\/camping-depot-pain-viennoiseries-bidart-300x200.jpg 300w, https:\/\/www.berrua.com\/wp-content\/uploads\/2021\/12\/camping-depot-pain-viennoiseries-bidart-1024x683.jpg 1024w, https:\/\/www.berrua.com\/wp-content\/uploads\/2021\/12\/camping-depot-pain-viennoiseries-bidart-768x512.jpg 768w\" sizes=\"(max-width: 1200px) 100vw, 1200px\" \/><\/a><\/figure>\n<\/div>\n\n\n\n<div class=\"wp-block-column is-vertically-aligned-center is-layout-flow wp-block-column-is-layout-flow\">\n<figure class=\"wp-block-image size-full\"><a href=\"https:\/\/www.berrua.com\/wp-content\/uploads\/2021\/12\/camping-superette-bidart.jpg\"><img decoding=\"async\" width=\"756\" height=\"1133\" src=\"https:\/\/www.berrua.com\/wp-content\/uploads\/2021\/12\/camping-superette-bidart.jpg\" alt=\"camping superette bidart\" class=\"wp-image-11229\" srcset=\"https:\/\/www.berrua.com\/wp-content\/uploads\/2021\/12\/camping-superette-bidart.jpg 756w, https:\/\/www.berrua.com\/wp-content\/uploads\/2021\/12\/camping-superette-bidart-200x300.jpg 200w, https:\/\/www.berrua.com\/wp-content\/uploads\/2021\/12\/camping-superette-bidart-683x1024.jpg 683w\" sizes=\"(max-width: 756px) 100vw, 756px\" \/><\/a><\/figure>\n<\/div>\n\n\n\n<div class=\"wp-block-column is-vertically-aligned-center is-layout-flow wp-block-column-is-layout-flow\">\n<figure class=\"wp-block-image size-full\"><a href=\"https:\/\/www.berrua.com\/wp-content\/uploads\/2021\/12\/camping-boulangerie-bidart.jpg\"><img decoding=\"async\" width=\"800\" height=\"1200\" src=\"https:\/\/www.berrua.com\/wp-content\/uploads\/2021\/12\/camping-boulangerie-bidart.jpg\" alt=\"camping boulangerie bidart\" class=\"wp-image-11242\" srcset=\"https:\/\/www.berrua.com\/wp-content\/uploads\/2021\/12\/camping-boulangerie-bidart.jpg 800w, https:\/\/www.berrua.com\/wp-content\/uploads\/2021\/12\/camping-boulangerie-bidart-200x300.jpg 200w, https:\/\/www.berrua.com\/wp-content\/uploads\/2021\/12\/camping-boulangerie-bidart-683x1024.jpg 683w, https:\/\/www.berrua.com\/wp-content\/uploads\/2021\/12\/camping-boulangerie-bidart-768x1152.jpg 768w\" sizes=\"(max-width: 800px) 100vw, 800px\" \/><\/a><\/figure>\n<\/div>\n<\/div>\n\n\n    <\/div>\n<\/section>\n\n<section id=\"ls-section-block_617011d6d7353\" class=\"ls-section  home-fourth has-background has-color-1-background-color has-text-color has-color-white-color\" >\n        <div class=\"container container--wide\">\n        \n\n<div class=\"wp-block-columns is-layout-flex wp-container-core-columns-is-layout-9d6595d7 wp-block-columns-is-layout-flex\">\n<div class=\"wp-block-column is-layout-flow wp-block-column-is-layout-flow\" style=\"flex-basis:33.33%\">\n<p class=\"ls-paragraph ls__paragraph title-deco\"><span class=\"has-inline-color has-color-3-color\">Supermercado<\/span><\/p>\n\n\n\n<p class=\"ls-paragraph ls__paragraph subtitle-deco\"><span class=\"has-inline-color has-color-white-color\">en el camping<\/span><\/p>\n<\/div>\n\n\n\n<div class=\"wp-block-column is-layout-flow wp-block-column-is-layout-flow\" style=\"flex-basis:66.66%\">\n<h2 class=\"ls-heading wp-block-heading\">CAMPING CON TIENDA DE COMESTIBLES EN LA COSTA VASCA<\/h2>\n\n\n\n<p class=\"ls-paragraph ls__paragraph\">Para unas vacaciones sin preocupaciones, ponemos todos los servicios necesarios a su disposici\u00f3n. En nuestro campamento Berrua Bidart, encontrar\u00e1 todo lo que necesita para pasar unas vacaciones relajantes y sin tener que preocuparse por las limitaciones diarias. En nuestro campamento de 4 estrellas, encontrar\u00e1 una tienda de comestibles donde puede comprar todos los productos que necesita para su estancia. Entre los estantes de nuestra tienda, puede comprar productos frescos, especialidades regionales, productos de limpieza \u2026 <\/p>\n\n\n\n<h2 class=\"ls-heading wp-block-heading\">CAMPING CON DEP\u00d3SITO DE PAN EN BIDART<\/h2>\n\n\n\n<p class=\"ls-paragraph ls__paragraph\">Todo lo que puede encontrar en un supermercado se recoge m\u00e1s cerca de su alquiler en la tienda de comestibles de nuestro campamento. Pais Vasco.<br>Por la ma\u00f1ana, puede disfrutar pasteles para su desayuno familiar en la terraza de su alquiler. Al elegir nuestro establecimiento para sus vacaciones en el Pa\u00eds Vasco, tendr\u00e1 una ubicaci\u00f3n ideal para descubrir toda la regi\u00f3n mientras disfruta de un confort \u00f3ptimo durante su estancia.<\/p>\n<\/div>\n<\/div>\n\n\n    <\/div>\n<\/section>\n\n<section id=\"ls-section-block_618134657de5f\" class=\"ls-section  page-two\" >\n        <div class=\"container container--wide\">\n        \n\n<div class=\"wp-block-image\"><figure class=\"aligncenter size-large\"><img decoding=\"async\" width=\"1024\" height=\"683\" src=\"https:\/\/www.berrua.com\/wp-content\/uploads\/2021\/12\/camping-alimentation-generale-cote-basque-1024x683.jpg\" alt=\"camping alimentation generale cote basque\" class=\"wp-image-11253\" srcset=\"https:\/\/www.berrua.com\/wp-content\/uploads\/2021\/12\/camping-alimentation-generale-cote-basque-1024x683.jpg 1024w, https:\/\/www.berrua.com\/wp-content\/uploads\/2021\/12\/camping-alimentation-generale-cote-basque-300x200.jpg 300w, https:\/\/www.berrua.com\/wp-content\/uploads\/2021\/12\/camping-alimentation-generale-cote-basque-768x512.jpg 768w, https:\/\/www.berrua.com\/wp-content\/uploads\/2021\/12\/camping-alimentation-generale-cote-basque.jpg 1200w\" sizes=\"(max-width: 1024px) 100vw, 1024px\" \/><\/figure><\/div>\n\n\n    <\/div>\n<\/section>\n\n<section id=\"ls-section-block_6188f97e39d57\" class=\"ls-section  page-cta\" >\n        <div class=\"container container--wide\">\n        \n\n<div id=\"ls-heading ls-titre-div-block_61a781ae18e75\" class=\"ls-titre-div ls-titre-div titre-cta ls__heading-undefined title-deco has-inline-color has-color-1 h2-like has-text-color has-color-1-color\" >\n    Descubra nuestro camping en el Pa\u00eds Vasco<\/div>\n\n\n\n<div class=\"wp-block-columns is-layout-flex wp-container-core-columns-is-layout-9d6595d7 wp-block-columns-is-layout-flex\">\n<div class=\"wp-block-column is-layout-flow wp-block-column-is-layout-flow\">\n<div id=\"ls-cta-block_619f647618652\" class=\"ls-cta\">  \n    \n\n<a href=\"http:\/\/www.berrua.com\/camping-4-etoiles-pays-basque\/camping-avec-restaurant-pays-basque\/\" target=\"\" rel=\"noopener\" class=\"ls-cta__link\" data-categ=\"\">\n\t<div class=\"ls-cta__image\"><img decoding=\"async\" src=\"https:\/\/www.berrua.com\/wp-content\/uploads\/2021\/12\/restaurant-pizzeria-bidart-1.jpg\" alt=\"restaurant pizzeria bidart\"><\/div>\n\t<div class=\"ls-cta__title\">\n\t\tRestaurante \/ Pizzer\u00eda\t<\/div>\n\n\t<\/a><\/div><\/div>\n\n\n\n<div class=\"wp-block-column ls-cta is-layout-flow wp-block-column-is-layout-flow\">\n<div id=\"ls-cta-block_61cb121496c51\" class=\"ls-cta\">  \n    \n\n<a href=\"http:\/\/www.berrua.com\/camping-pays-basque-avec-piscine\/\" target=\"\" rel=\"noopener\" class=\"ls-cta__link\" data-categ=\"\">\n\t<div class=\"ls-cta__image\"><img decoding=\"async\" src=\"https:\/\/www.berrua.com\/wp-content\/uploads\/2021\/12\/camping-espace-aquatique-bidart.jpg\" alt=\"camping espace aquatique bidart\"><\/div>\n\t<div class=\"ls-cta__title\">\n\t\tLa piscina\t<\/div>\n\n\t<\/a><\/div><\/div>\n\n\n\n<div class=\"wp-block-column is-layout-flow wp-block-column-is-layout-flow\">\n<div id=\"ls-cta-block_619f638a18650\" class=\"ls-cta\">  \n    \n\n<a href=\"http:\/\/www.berrua.com\/camping-4-etoiles-pays-basque\/camping-avec-animations-pays-basque\/\" target=\"\" rel=\"noopener\" class=\"ls-cta__link\" data-categ=\"\">\n\t<div class=\"ls-cta__image\"><img decoding=\"async\" src=\"https:\/\/www.berrua.com\/wp-content\/uploads\/2021\/12\/camping-animations-bidart.jpg\" alt=\"camping animations bidart\"><\/div>\n\t<div class=\"ls-cta__title\">\n\t\tLas animaciones\t<\/div>\n\n\t<\/a><\/div><\/div>\n<\/div>\n\n\n    <\/div>\n<\/section>","protected":false},"excerpt":{"rendered":"","protected":false},"author":1,"featured_media":11248,"parent":15365,"menu_order":0,"comment_status":"closed","ping_status":"closed","template":"","meta":{"_acf_changed":false,"inline_featured_image":false,"footnotes":""},"sujet":[],"class_list":["post-13986","page","type-page","status-publish","has-post-thumbnail","hentry"],"acf":[],"yoast_head":"<!-- This site is optimized with the Yoast SEO plugin v26.2 - https:\/\/yoast.com\/wordpress\/plugins\/seo\/ -->\n<title>Domaine Berrua - comida con panader\u00eda y productos regionales<\/title>\n<meta name=\"description\" content=\"\u00a1Todo lo que necesitas saber sobre la comida en el camping Basque Country!\" \/>\n<meta name=\"robots\" content=\"index, follow, max-snippet:-1, max-image-preview:large, max-video-preview:-1\" \/>\n<link rel=\"canonical\" href=\"https:\/\/www.berrua.com\/es\/camping-4-estrellas-pais-vasco\/comida-el-camping-pais-vasco\/\" \/>\n<meta property=\"og:locale\" content=\"es_ES\" \/>\n<meta property=\"og:type\" content=\"article\" \/>\n<meta property=\"og:title\" content=\"Domaine Berrua - comida con panader\u00eda y productos regionales\" \/>\n<meta property=\"og:description\" content=\"\u00a1Todo lo que necesitas saber sobre la comida en el camping Basque Country!\" \/>\n<meta property=\"og:url\" content=\"https:\/\/www.berrua.com\/es\/camping-4-estrellas-pais-vasco\/comida-el-camping-pais-vasco\/\" \/>\n<meta property=\"og:site_name\" content=\"Domaine Berrua\" \/>\n<meta property=\"article:modified_time\" content=\"2022-01-04T08:47:47+00:00\" \/>\n<meta property=\"og:image\" content=\"https:\/\/www.berrua.com\/wp-content\/uploads\/2021\/12\/camping-alimentation-generale-pays-basque.jpg\" \/>\n\t<meta property=\"og:image:width\" content=\"1900\" \/>\n\t<meta property=\"og:image:height\" content=\"700\" \/>\n\t<meta property=\"og:image:type\" content=\"image\/jpeg\" \/>\n<meta name=\"twitter:card\" content=\"summary_large_image\" \/>\n<meta name=\"twitter:label1\" content=\"Tiempo de lectura\" \/>\n\t<meta name=\"twitter:data1\" content=\"3 minutos\" \/>\n<script type=\"application\/ld+json\" class=\"yoast-schema-graph\">{\"@context\":\"https:\/\/schema.org\",\"@graph\":[{\"@type\":\"WebPage\",\"@id\":\"https:\/\/www.berrua.com\/es\/camping-4-estrellas-pais-vasco\/comida-el-camping-pais-vasco\/\",\"url\":\"https:\/\/www.berrua.com\/es\/camping-4-estrellas-pais-vasco\/comida-el-camping-pais-vasco\/\",\"name\":\"Domaine Berrua - comida con panader\u00eda y productos regionales\",\"isPartOf\":{\"@id\":\"https:\/\/www.berrua.com\/es\/#website\"},\"primaryImageOfPage\":{\"@id\":\"https:\/\/www.berrua.com\/es\/camping-4-estrellas-pais-vasco\/comida-el-camping-pais-vasco\/#primaryimage\"},\"image\":{\"@id\":\"https:\/\/www.berrua.com\/es\/camping-4-estrellas-pais-vasco\/comida-el-camping-pais-vasco\/#primaryimage\"},\"thumbnailUrl\":\"https:\/\/www.berrua.com\/wp-content\/uploads\/2021\/12\/camping-alimentation-generale-pays-basque.jpg\",\"datePublished\":\"2021-10-20T14:05:12+00:00\",\"dateModified\":\"2022-01-04T08:47:47+00:00\",\"description\":\"\u00a1Todo lo que necesitas saber sobre la comida en el camping Basque Country!\",\"breadcrumb\":{\"@id\":\"https:\/\/www.berrua.com\/es\/camping-4-estrellas-pais-vasco\/comida-el-camping-pais-vasco\/#breadcrumb\"},\"inLanguage\":\"es\",\"potentialAction\":[{\"@type\":\"ReadAction\",\"target\":[\"https:\/\/www.berrua.com\/es\/camping-4-estrellas-pais-vasco\/comida-el-camping-pais-vasco\/\"]}]},{\"@type\":\"ImageObject\",\"inLanguage\":\"es\",\"@id\":\"https:\/\/www.berrua.com\/es\/camping-4-estrellas-pais-vasco\/comida-el-camping-pais-vasco\/#primaryimage\",\"url\":\"https:\/\/www.berrua.com\/wp-content\/uploads\/2021\/12\/camping-alimentation-generale-pays-basque.jpg\",\"contentUrl\":\"https:\/\/www.berrua.com\/wp-content\/uploads\/2021\/12\/camping-alimentation-generale-pays-basque.jpg\",\"width\":1900,\"height\":700,\"caption\":\"camping alimentation generale pays basque\"},{\"@type\":\"BreadcrumbList\",\"@id\":\"https:\/\/www.berrua.com\/es\/camping-4-estrellas-pais-vasco\/comida-el-camping-pais-vasco\/#breadcrumb\",\"itemListElement\":[{\"@type\":\"ListItem\",\"position\":1,\"name\":\"Camping Bidart au Pays Basque\",\"item\":\"https:\/\/www.berrua.com\/es\/\"},{\"@type\":\"ListItem\",\"position\":2,\"name\":\"CAMPING 4 \u00c9TOILES SUR LA C\u00d4TE BASQUE\",\"item\":\"https:\/\/www.berrua.com\/es\/camping-4-estrellas-pais-vasco\/\"},{\"@type\":\"ListItem\",\"position\":3,\"name\":\"SUPERMERCADO DE ALIMENTOS Y BIDARTS\"}]},{\"@type\":\"WebSite\",\"@id\":\"https:\/\/www.berrua.com\/es\/#website\",\"url\":\"https:\/\/www.berrua.com\/es\/\",\"name\":\"Domaine Berrua\",\"description\":\"\",\"publisher\":{\"@id\":\"https:\/\/www.berrua.com\/es\/#organization\"},\"potentialAction\":[{\"@type\":\"SearchAction\",\"target\":{\"@type\":\"EntryPoint\",\"urlTemplate\":\"https:\/\/www.berrua.com\/es\/?s={search_term_string}\"},\"query-input\":{\"@type\":\"PropertyValueSpecification\",\"valueRequired\":true,\"valueName\":\"search_term_string\"}}],\"inLanguage\":\"es\"},{\"@type\":\"Organization\",\"@id\":\"https:\/\/www.berrua.com\/es\/#organization\",\"name\":\"Camping Berrua\",\"url\":\"https:\/\/www.berrua.com\/es\/\",\"logo\":{\"@type\":\"ImageObject\",\"inLanguage\":\"es\",\"@id\":\"https:\/\/www.berrua.com\/es\/#\/schema\/logo\/image\/\",\"url\":\"https:\/\/www.berrua.com\/wp-content\/uploads\/2022\/01\/berrua.jpg\",\"contentUrl\":\"https:\/\/www.berrua.com\/wp-content\/uploads\/2022\/01\/berrua.jpg\",\"width\":321,\"height\":231,\"caption\":\"Camping Berrua\"},\"image\":{\"@id\":\"https:\/\/www.berrua.com\/es\/#\/schema\/logo\/image\/\"}}]}<\/script>\n<!-- \/ Yoast SEO plugin. -->","yoast_head_json":{"title":"Domaine Berrua - comida con panader\u00eda y productos regionales","description":"\u00a1Todo lo que necesitas saber sobre la comida en el camping Basque Country!","robots":{"index":"index","follow":"follow","max-snippet":"max-snippet:-1","max-image-preview":"max-image-preview:large","max-video-preview":"max-video-preview:-1"},"canonical":"https:\/\/www.berrua.com\/es\/camping-4-estrellas-pais-vasco\/comida-el-camping-pais-vasco\/","og_locale":"es_ES","og_type":"article","og_title":"Domaine Berrua - comida con panader\u00eda y productos regionales","og_description":"\u00a1Todo lo que necesitas saber sobre la comida en el camping Basque Country!","og_url":"https:\/\/www.berrua.com\/es\/camping-4-estrellas-pais-vasco\/comida-el-camping-pais-vasco\/","og_site_name":"Domaine Berrua","article_modified_time":"2022-01-04T08:47:47+00:00","og_image":[{"width":1900,"height":700,"url":"https:\/\/www.berrua.com\/wp-content\/uploads\/2021\/12\/camping-alimentation-generale-pays-basque.jpg","type":"image\/jpeg"}],"twitter_card":"summary_large_image","twitter_misc":{"Tiempo de lectura":"3 minutos"},"schema":{"@context":"https:\/\/schema.org","@graph":[{"@type":"WebPage","@id":"https:\/\/www.berrua.com\/es\/camping-4-estrellas-pais-vasco\/comida-el-camping-pais-vasco\/","url":"https:\/\/www.berrua.com\/es\/camping-4-estrellas-pais-vasco\/comida-el-camping-pais-vasco\/","name":"Domaine Berrua - comida con panader\u00eda y productos regionales","isPartOf":{"@id":"https:\/\/www.berrua.com\/es\/#website"},"primaryImageOfPage":{"@id":"https:\/\/www.berrua.com\/es\/camping-4-estrellas-pais-vasco\/comida-el-camping-pais-vasco\/#primaryimage"},"image":{"@id":"https:\/\/www.berrua.com\/es\/camping-4-estrellas-pais-vasco\/comida-el-camping-pais-vasco\/#primaryimage"},"thumbnailUrl":"https:\/\/www.berrua.com\/wp-content\/uploads\/2021\/12\/camping-alimentation-generale-pays-basque.jpg","datePublished":"2021-10-20T14:05:12+00:00","dateModified":"2022-01-04T08:47:47+00:00","description":"\u00a1Todo lo que necesitas saber sobre la comida en el camping Basque Country!","breadcrumb":{"@id":"https:\/\/www.berrua.com\/es\/camping-4-estrellas-pais-vasco\/comida-el-camping-pais-vasco\/#breadcrumb"},"inLanguage":"es","potentialAction":[{"@type":"ReadAction","target":["https:\/\/www.berrua.com\/es\/camping-4-estrellas-pais-vasco\/comida-el-camping-pais-vasco\/"]}]},{"@type":"ImageObject","inLanguage":"es","@id":"https:\/\/www.berrua.com\/es\/camping-4-estrellas-pais-vasco\/comida-el-camping-pais-vasco\/#primaryimage","url":"https:\/\/www.berrua.com\/wp-content\/uploads\/2021\/12\/camping-alimentation-generale-pays-basque.jpg","contentUrl":"https:\/\/www.berrua.com\/wp-content\/uploads\/2021\/12\/camping-alimentation-generale-pays-basque.jpg","width":1900,"height":700,"caption":"camping alimentation generale pays basque"},{"@type":"BreadcrumbList","@id":"https:\/\/www.berrua.com\/es\/camping-4-estrellas-pais-vasco\/comida-el-camping-pais-vasco\/#breadcrumb","itemListElement":[{"@type":"ListItem","position":1,"name":"Camping Bidart au Pays Basque","item":"https:\/\/www.berrua.com\/es\/"},{"@type":"ListItem","position":2,"name":"CAMPING 4 \u00c9TOILES SUR LA C\u00d4TE BASQUE","item":"https:\/\/www.berrua.com\/es\/camping-4-estrellas-pais-vasco\/"},{"@type":"ListItem","position":3,"name":"SUPERMERCADO DE ALIMENTOS Y BIDARTS"}]},{"@type":"WebSite","@id":"https:\/\/www.berrua.com\/es\/#website","url":"https:\/\/www.berrua.com\/es\/","name":"Domaine Berrua","description":"","publisher":{"@id":"https:\/\/www.berrua.com\/es\/#organization"},"potentialAction":[{"@type":"SearchAction","target":{"@type":"EntryPoint","urlTemplate":"https:\/\/www.berrua.com\/es\/?s={search_term_string}"},"query-input":{"@type":"PropertyValueSpecification","valueRequired":true,"valueName":"search_term_string"}}],"inLanguage":"es"},{"@type":"Organization","@id":"https:\/\/www.berrua.com\/es\/#organization","name":"Camping Berrua","url":"https:\/\/www.berrua.com\/es\/","logo":{"@type":"ImageObject","inLanguage":"es","@id":"https:\/\/www.berrua.com\/es\/#\/schema\/logo\/image\/","url":"https:\/\/www.berrua.com\/wp-content\/uploads\/2022\/01\/berrua.jpg","contentUrl":"https:\/\/www.berrua.com\/wp-content\/uploads\/2022\/01\/berrua.jpg","width":321,"height":231,"caption":"Camping Berrua"},"image":{"@id":"https:\/\/www.berrua.com\/es\/#\/schema\/logo\/image\/"}}]}},"_links":{"self":[{"href":"https:\/\/www.berrua.com\/es\/wp-json\/wp\/v2\/pages\/13986","targetHints":{"allow":["GET"]}}],"collection":[{"href":"https:\/\/www.berrua.com\/es\/wp-json\/wp\/v2\/pages"}],"about":[{"href":"https:\/\/www.berrua.com\/es\/wp-json\/wp\/v2\/types\/page"}],"author":[{"embeddable":true,"href":"https:\/\/www.berrua.com\/es\/wp-json\/wp\/v2\/users\/1"}],"replies":[{"embeddable":true,"href":"https:\/\/www.berrua.com\/es\/wp-json\/wp\/v2\/comments?post=13986"}],"version-history":[{"count":6,"href":"https:\/\/www.berrua.com\/es\/wp-json\/wp\/v2\/pages\/13986\/revisions"}],"predecessor-version":[{"id":14328,"href":"https:\/\/www.berrua.com\/es\/wp-json\/wp\/v2\/pages\/13986\/revisions\/14328"}],"up":[{"embeddable":true,"href":"https:\/\/www.berrua.com\/es\/wp-json\/wp\/v2\/pages\/15365"}],"wp:featuredmedia":[{"embeddable":true,"href":"https:\/\/www.berrua.com\/es\/wp-json\/wp\/v2\/media\/11248"}],"wp:attachment":[{"href":"https:\/\/www.berrua.com\/es\/wp-json\/wp\/v2\/media?parent=13986"}],"wp:term":[{"taxonomy":"sujet","embeddable":true,"href":"https:\/\/www.berrua.com\/es\/wp-json\/wp\/v2\/sujet?post=13986"}],"curies":[{"name":"wp","href":"https:\/\/api.w.org\/{rel}","templated":true}]}}