{"id":13968,"date":"2021-10-20T16:07:47","date_gmt":"2021-10-20T14:07:47","guid":{"rendered":"http:\/\/www.berrua.com\/reception-camping-pays-basque\/"},"modified":"2025-12-08T13:45:13","modified_gmt":"2025-12-08T12:45:13","slug":"recepcion-del-camping-berrua","status":"publish","type":"page","link":"https:\/\/www.berrua.com\/es\/camping-4-estrellas-pais-vasco\/recepcion-del-camping-berrua\/","title":{"rendered":"Les prestations : R\u00e9ception"},"content":{"rendered":"<section id=\"ls-section-block_50499ee1e5c6e31e09b14e6fc2902af9\" class=\"ls-section  page-one has-background has-color-white-background-color\" >\n        <div class=\"container container--wide\">\n        \n\n<h1 class=\"ls__heading wp-block-heading has-text-align-center ls__heading-undefined\"><mark style=\"background-color:rgba(0, 0, 0, 0)\" class=\"has-inline-color has-color-1-color\">RECEPCI\u00d3N DEL Domaine Berrua<\/mark><\/h1>\n\n\n\n<p class=\"ls-paragraph ls__paragraph\">El\u00a0<a href=\"https:\/\/www.berrua.com\/es\/\">Domaine Berrua au Pays Basque<\/a>\u00a0<strong>est\u00e1 abierto todo el a\u00f1o.<\/strong>\u00a0Este cambio nos permite proponer a los jovenes estudiantes un alquiler en temporada baja con tarifas especiales\u00a0<a href=\"https:\/\/www.berrua.com\/location-etudiant-pays-basque\/\">logement \u00e9tudiant \u00e0 Bidart<\/a>.<\/p>\n\n\n\n<h2 class=\"ls__heading wp-block-heading ls__heading ls__heading-undefined\"><mark style=\"background-color:rgba(0, 0, 0, 0)\" class=\"has-inline-color has-color-1-color\">Camping 4 estrellas con recepci\u00f3n en Bidart<\/mark><\/h2>\n\n\n\n<p class=\"ls-paragraph ls__paragraph\">Para darle la bienvenida en las mejores condiciones, nuestros equipos est\u00e1n a su servicio para informarle y prestarle el equipo que necesita. Durante su estad\u00eda, nuestras recepcionistas est\u00e1n aqu\u00ed para usted:<\/p>\n\n\n\n<ul class=\"ls-list ls-list-undefined ls__list-undefined wp-block-list\" value=\"<li class=&quot;ls__list-item is-item-undefined&quot;&gt;Recepci\u00f3n y entrega de llaves<\/li&gt;<li class=&quot;ls__list-item is-item-undefined&quot;&gt;Informaci\u00f3n tur\u00edstica<\/li&gt;<li class=&quot;ls__list-item is-item-undefined&quot;&gt;Enviando el correo<\/li&gt;<li class=&quot;ls__list-item is-item-undefined&quot;&gt;Pr\u00e9stamo de equipo: ping-pong y raquetas de tenis, globos, plancha, secador de pelo \u2026<\/li&gt;<li class=&quot;ls__list-item is-item-undefined&quot;&gt;Inscripci\u00f3n para actividades deportivas y el hammam<\/li&gt;<li class=&quot;ls__list-item is-item-undefined&quot;&gt;Seguridad y vigilancia<\/li&gt;\"><li>Recepci\u00f3n y entrega de llaves<\/li><li>Informaci\u00f3n tur\u00edstica<\/li><li>Enviando el correo<\/li><li>Pr\u00e9stamo de equipo: ping-pong y raquetas de tenis, globos, plancha, secador de pelo \u2026<\/li><li>Inscripci\u00f3n para actividades deportivas y el hammam<\/li><li>Seguridad y vigilancia<\/li><\/ul>\n\n\n\n<div class=\"wp-block-columns fancybox is-layout-flex wp-container-core-columns-is-layout-9d6595d7 wp-block-columns-is-layout-flex\">\n<div class=\"wp-block-column is-vertically-aligned-center is-layout-flow wp-block-column-is-layout-flow\">\n<figure class=\"wp-block-image size-full\"><a href=\"https:\/\/www.berrua.com\/wp-content\/uploads\/2021\/11\/camping-4-etoiles-pays-basque.jpg\"><img decoding=\"async\" width=\"1200\" height=\"800\" src=\"https:\/\/www.berrua.com\/wp-content\/uploads\/2021\/11\/camping-4-etoiles-pays-basque.jpg\" alt=\"camping 4 etoiles pays basque\" class=\"wp-image-10866\" srcset=\"https:\/\/www.berrua.com\/wp-content\/uploads\/2021\/11\/camping-4-etoiles-pays-basque.jpg 1200w, https:\/\/www.berrua.com\/wp-content\/uploads\/2021\/11\/camping-4-etoiles-pays-basque-300x200.jpg 300w, https:\/\/www.berrua.com\/wp-content\/uploads\/2021\/11\/camping-4-etoiles-pays-basque-1024x683.jpg 1024w, https:\/\/www.berrua.com\/wp-content\/uploads\/2021\/11\/camping-4-etoiles-pays-basque-768x512.jpg 768w\" sizes=\"(max-width: 1200px) 100vw, 1200px\" \/><\/a><\/figure>\n\n\n\n<figure class=\"wp-block-image size-full\"><a href=\"https:\/\/www.berrua.com\/wp-content\/uploads\/2021\/11\/camping-4-etoiles-cote-basque.jpg\"><img decoding=\"async\" width=\"1200\" height=\"800\" src=\"https:\/\/www.berrua.com\/wp-content\/uploads\/2021\/11\/camping-4-etoiles-cote-basque.jpg\" alt=\"camping 4 etoiles cote basque\" class=\"wp-image-10871\" srcset=\"https:\/\/www.berrua.com\/wp-content\/uploads\/2021\/11\/camping-4-etoiles-cote-basque.jpg 1200w, https:\/\/www.berrua.com\/wp-content\/uploads\/2021\/11\/camping-4-etoiles-cote-basque-300x200.jpg 300w, https:\/\/www.berrua.com\/wp-content\/uploads\/2021\/11\/camping-4-etoiles-cote-basque-1024x683.jpg 1024w, https:\/\/www.berrua.com\/wp-content\/uploads\/2021\/11\/camping-4-etoiles-cote-basque-768x512.jpg 768w\" sizes=\"(max-width: 1200px) 100vw, 1200px\" \/><\/a><\/figure>\n<\/div>\n\n\n\n<div class=\"wp-block-column is-vertically-aligned-center is-layout-flow wp-block-column-is-layout-flow\">\n<figure class=\"wp-block-image size-full\"><a href=\"https:\/\/www.berrua.com\/wp-content\/uploads\/2021\/11\/camping-4-etoiles-bidart.jpg\"><img decoding=\"async\" width=\"800\" height=\"1200\" src=\"https:\/\/www.berrua.com\/wp-content\/uploads\/2021\/11\/camping-4-etoiles-bidart.jpg\" alt=\"camping 4 etoiles bidart\" class=\"wp-image-10876\" srcset=\"https:\/\/www.berrua.com\/wp-content\/uploads\/2021\/11\/camping-4-etoiles-bidart.jpg 800w, https:\/\/www.berrua.com\/wp-content\/uploads\/2021\/11\/camping-4-etoiles-bidart-200x300.jpg 200w, https:\/\/www.berrua.com\/wp-content\/uploads\/2021\/11\/camping-4-etoiles-bidart-683x1024.jpg 683w, https:\/\/www.berrua.com\/wp-content\/uploads\/2021\/11\/camping-4-etoiles-bidart-768x1152.jpg 768w\" sizes=\"(max-width: 800px) 100vw, 800px\" \/><\/a><\/figure>\n<\/div>\n\n\n\n<div class=\"wp-block-column is-vertically-aligned-center is-layout-flow wp-block-column-is-layout-flow\">\n<figure class=\"wp-block-image size-large\"><a href=\"https:\/\/www.berrua.com\/wp-content\/uploads\/2022\/12\/camping-securise-pays-basque-683x1024.jpg\"><img decoding=\"async\" width=\"683\" height=\"1024\" src=\"https:\/\/www.berrua.com\/wp-content\/uploads\/2022\/12\/camping-securise-pays-basque-683x1024.jpg\" alt=\"camping securise pays basque\" class=\"wp-image-987408\" srcset=\"https:\/\/www.berrua.com\/wp-content\/uploads\/2022\/12\/camping-securise-pays-basque-683x1024.jpg 683w, https:\/\/www.berrua.com\/wp-content\/uploads\/2022\/12\/camping-securise-pays-basque-200x300.jpg 200w, https:\/\/www.berrua.com\/wp-content\/uploads\/2022\/12\/camping-securise-pays-basque-768x1152.jpg 768w, https:\/\/www.berrua.com\/wp-content\/uploads\/2022\/12\/camping-securise-pays-basque.jpg 800w\" sizes=\"(max-width: 683px) 100vw, 683px\" \/><\/a><\/figure>\n<\/div>\n<\/div>\n\n\n    <\/div>\n<\/section>\n\n<section id=\"ls-section-block_9d27cab4f25916cce6008a7691f1d619\" class=\"ls-section  home-fourth has-background has-color-1-background-color has-text-color has-color-white-color\" >\n        <div class=\"container container--wide\">\n        \n\n<div class=\"wp-block-columns is-layout-flex wp-container-core-columns-is-layout-9d6595d7 wp-block-columns-is-layout-flex\">\n<div class=\"wp-block-column is-layout-flow wp-block-column-is-layout-flow\" style=\"flex-basis:33.33%\">\n<p class=\"ls-paragraph ls__paragraph title-deco\"><mark style=\"background-color:rgba(0, 0, 0, 0)\" class=\"has-inline-color has-color-3-color\">NuestrO<\/mark><\/p>\n\n\n\n<p class=\"ls-paragraph ls__paragraph subtitle-deco\">equipo<\/p>\n<\/div>\n\n\n\n<div class=\"wp-block-column is-layout-flow wp-block-column-is-layout-flow\" style=\"flex-basis:66.66%\">\n<h2 class=\"ls__heading wp-block-heading ls__heading ls__heading-undefined\">Un equipo a su servicio para unas vacaciones de camping en el Pa\u00eds Vasco<\/h2>\n\n\n\n<p class=\"ls-paragraph ls__paragraph\">Para pasar sus vacaciones en las mejores condiciones en nuestro camping de Berrua, nuestros equipos est\u00e1n perfectamente capacitados para responder a todas sus solicitudes y brindarle un servicio de calidad.<br>Sea cual sea su pregunta, no dude en venir a la recepci\u00f3n y disfrutar de nuestro servicio de bienvenida de calidad.<br>Al elegir nuestro camping de 4 estrellas en el Pa\u00eds Vasco, seguramente disfrutar\u00e1 de una estancia tranquila y disfrutar\u00e1 de un servicio de alta calidad.<\/p>\n\n\n\n<p class=\"ls-paragraph ls__paragraph\"><br>En un ambiente c\u00e1lido, pasar\u00e1 unas vacaciones relajantes y descubrir\u00e1 una regi\u00f3n excepcional.<br>Para disfrutar de un servicio de calidad, nuestros equipos est\u00e1n a su disposici\u00f3n para que su estancia sea inolvidable y se la pase en grande con su familia o amigos.<\/p>\n<\/div>\n<\/div>\n\n\n    <\/div>\n<\/section>\n\n<section id=\"ls-section-block_d5c96ac0166e7038c264153e773cbc66\" class=\"ls-section  page-two\" >\n        <div class=\"container container--wide\">\n        \n<div class=\"wp-block-image\">\n<figure class=\"aligncenter size-large\"><img decoding=\"async\" width=\"1024\" height=\"683\" src=\"https:\/\/www.berrua.com\/wp-content\/uploads\/2022\/12\/camping-familial-pays-basque-1024x683.jpg\" alt=\"camping familial pays basque\" class=\"wp-image-987403\" srcset=\"https:\/\/www.berrua.com\/wp-content\/uploads\/2022\/12\/camping-familial-pays-basque-1024x683.jpg 1024w, https:\/\/www.berrua.com\/wp-content\/uploads\/2022\/12\/camping-familial-pays-basque-300x200.jpg 300w, https:\/\/www.berrua.com\/wp-content\/uploads\/2022\/12\/camping-familial-pays-basque-768x512.jpg 768w, https:\/\/www.berrua.com\/wp-content\/uploads\/2022\/12\/camping-familial-pays-basque.jpg 1200w\" sizes=\"(max-width: 1024px) 100vw, 1024px\" \/><\/figure>\n<\/div>\n\n\n<p class=\"ls-paragraph ls__paragraph\">Abierta todos los d\u00edas, nuestros anfitriones le esperan para recibirles y responder a sus peticiones:<\/p>\n\n\n\n<ul class=\"ls-list ls-list-undefined ls__list-undefined wp-block-list\" value=\"<li class=&quot;ls__list-item is-item-undefined&quot;&gt;Informaci\u00f3n tur\u00edstica<\/li&gt;<li class=&quot;ls__list-item is-item-undefined&quot;&gt;Franqueo y env\u00edo de correo<\/li&gt;<li class=&quot;ls__list-item is-item-undefined&quot;&gt;Pr\u00e9stamo de material, con fianza: raquetas de ping-pong, raquetas de tenis, balones, secador de pelo, plancha\u2026<\/li&gt;<li class=&quot;ls__list-item is-item-undefined&quot;&gt;Inscripci\u00f3n al tenis y al hammam<\/li&gt;\"><li>Informaci\u00f3n tur\u00edstica<\/li><li>Franqueo y env\u00edo de correo<\/li><li>Pr\u00e9stamo de material, con fianza: raquetas de ping-pong, raquetas de tenis, balones, secador de pelo, plancha\u2026<\/li><li>Inscripci\u00f3n al tenis y al hammam<\/li><\/ul>\n\n\n\n<p class=\"ls-paragraph ls__paragraph\">Un vigilante nocturno est\u00e1 presente en el sitio todo el a\u00f1o<\/p>\n\n\n\n<p class=\"ls-paragraph ls__paragraph\"><\/p>\n\n\n    <\/div>\n<\/section>\n\n<section id=\"ls-section-block_69284120cc18e0e0755e1a44a9c70761\" class=\"ls-section  page-cta\" >\n        <div class=\"container container--wide\">\n        \n\n<div id=\"ls-heading ls-titre-div-block_250e5a07c21b4e130840d7febafe06a6\" class=\"ls-titre-div ls-titre-div titre-cta ls__heading-undefined title-deco has-inline-color has-color-1 aligncenter h2-like has-text-color has-color-1-color\" >\n    Descubra los dem\u00e1s servicios del camping<\/div>\n\n\n\n<div class=\"wp-block-columns Le bar la Txalupa, situ\u00e9 au bord de piscine, dot\u00e9 d\u2019une tr\u00e8s belle terrasse, vous proposera, salades , sandwich, panini, cr\u00eapes et gaufres, tout long journ\u00e9e. Pourquoi ne pas siroter un petit ap\u00e9ritif avec quelques tapas??? Durant journ\u00e9e en haute saison, Txalupa accueille chaleureusement sur sa terrasse qui surplombe lieu rencontre d\u00e9tente. surplombant piscine. is-layout-flex wp-container-core-columns-is-layout-9d6595d7 wp-block-columns-is-layout-flex\">\n<div class=\"wp-block-column ls-cta is-layout-flow wp-block-column-is-layout-flow\">\n<div id=\"ls-cta-block_199c012e7ea0f6955fd69b6ba91885fe\" class=\"ls-cta\">  \n    \n\n<a href=\"http:\/\/www.berrua.com\/camping-4-etoiles-pays-basque\/camping-avec-restaurant-pays-basque\/\" target=\"\" rel=\"noopener\" class=\"ls-cta__link\" data-categ=\"\">\n\t<div class=\"ls-cta__image\"><img decoding=\"async\" src=\"https:\/\/www.berrua.com\/wp-content\/uploads\/2021\/12\/restaurant-pizzeria-bidart-1.jpg\" alt=\"restaurant pizzeria bidart\"><\/div>\n\t<div class=\"ls-cta__title\">\n\t\tEl restaurante\/pizzer\u00eda\t<\/div>\n\n\t<\/a><\/div><\/div>\n\n\n\n<div class=\"wp-block-column is-layout-flow wp-block-column-is-layout-flow\">\n<div id=\"ls-cta-block_202c02ba183cd508c25bc686336b455a\" class=\"ls-cta\">  \n    \n\n<a href=\"http:\/\/www.berrua.com\/camping-4-etoiles-pays-basque\/camping-avec-animations-pays-basque\/\" target=\"\" rel=\"noopener\" class=\"ls-cta__link\" data-categ=\"\">\n\t<div class=\"ls-cta__image\"><img decoding=\"async\" src=\"https:\/\/www.berrua.com\/wp-content\/uploads\/2021\/12\/camping-activites-sportives-bidart.jpg\" alt=\"camping activites sportives bidart\"><\/div>\n\t<div class=\"ls-cta__title\">\n\t\tLas animaciones\t<\/div>\n\n\t<\/a><\/div><\/div>\n\n\n\n<div class=\"wp-block-column is-layout-flow wp-block-column-is-layout-flow\">\n<div id=\"ls-cta-block_f1d89416f1b14e08f0c1ec530548d4f4\" class=\"ls-cta\">  \n    \n\n<a href=\"\/camping-4-etoiles-pays-basque\/services-camping-pays-basque\/\" target=\"\" rel=\"noopener\" class=\"ls-cta__link\" data-categ=\"\">\n\t<div class=\"ls-cta__image\"><img decoding=\"async\" src=\"https:\/\/www.berrua.com\/wp-content\/uploads\/2021\/12\/camping-familial-bidart-1.jpg\" alt=\"camping familial bidart\"><\/div>\n\t<div class=\"ls-cta__title\">\n\t\tLos servicios\t<\/div>\n\n\t<\/a><\/div><\/div>\n<\/div>\n\n\n    <\/div>\n<\/section>","protected":false},"excerpt":{"rendered":"","protected":false},"author":1,"featured_media":12293,"parent":15365,"menu_order":0,"comment_status":"closed","ping_status":"closed","template":"","meta":{"_acf_changed":false,"inline_featured_image":false,"footnotes":""},"sujet":[],"class_list":["post-13968","page","type-page","status-publish","has-post-thumbnail","hentry"],"acf":[],"yoast_head":"<!-- This site is optimized with the Yoast SEO plugin v26.2 - https:\/\/yoast.com\/wordpress\/plugins\/seo\/ -->\n<title>Recepci\u00f3n del camping S\u00fbnelia Berrua en Bidart, en la costa vasca<\/title>\n<meta name=\"description\" content=\"Recepci\u00f3n del camping S\u00fbnelia Berrua en Bidart, en la costa vasca\" \/>\n<meta name=\"robots\" content=\"index, follow, max-snippet:-1, max-image-preview:large, max-video-preview:-1\" \/>\n<link rel=\"canonical\" href=\"https:\/\/www.berrua.com\/es\/camping-4-estrellas-pais-vasco\/recepcion-del-camping-berrua\/\" \/>\n<meta property=\"og:locale\" content=\"es_ES\" \/>\n<meta property=\"og:type\" content=\"article\" \/>\n<meta property=\"og:title\" content=\"Recepci\u00f3n del camping S\u00fbnelia Berrua en Bidart, en la costa vasca\" \/>\n<meta property=\"og:description\" content=\"Recepci\u00f3n del camping S\u00fbnelia Berrua en Bidart, en la costa vasca\" \/>\n<meta property=\"og:url\" content=\"https:\/\/www.berrua.com\/es\/camping-4-estrellas-pais-vasco\/recepcion-del-camping-berrua\/\" \/>\n<meta property=\"og:site_name\" content=\"Domaine Berrua\" \/>\n<meta property=\"article:modified_time\" content=\"2025-12-08T12:45:13+00:00\" \/>\n<meta property=\"og:image\" content=\"https:\/\/www.berrua.com\/wp-content\/uploads\/2021\/12\/camping-4-etoiles-cote-basque-1.jpg\" \/>\n\t<meta property=\"og:image:width\" content=\"1900\" \/>\n\t<meta property=\"og:image:height\" content=\"700\" \/>\n\t<meta property=\"og:image:type\" content=\"image\/jpeg\" \/>\n<meta name=\"twitter:card\" content=\"summary_large_image\" \/>\n<meta name=\"twitter:label1\" content=\"Tiempo de lectura\" \/>\n\t<meta name=\"twitter:data1\" content=\"4 minutos\" \/>\n<script type=\"application\/ld+json\" class=\"yoast-schema-graph\">{\"@context\":\"https:\/\/schema.org\",\"@graph\":[{\"@type\":\"WebPage\",\"@id\":\"https:\/\/www.berrua.com\/es\/camping-4-estrellas-pais-vasco\/recepcion-del-camping-berrua\/\",\"url\":\"https:\/\/www.berrua.com\/es\/camping-4-estrellas-pais-vasco\/recepcion-del-camping-berrua\/\",\"name\":\"Recepci\u00f3n del camping S\u00fbnelia Berrua en Bidart, en la costa vasca\",\"isPartOf\":{\"@id\":\"https:\/\/www.berrua.com\/es\/#website\"},\"primaryImageOfPage\":{\"@id\":\"https:\/\/www.berrua.com\/es\/camping-4-estrellas-pais-vasco\/recepcion-del-camping-berrua\/#primaryimage\"},\"image\":{\"@id\":\"https:\/\/www.berrua.com\/es\/camping-4-estrellas-pais-vasco\/recepcion-del-camping-berrua\/#primaryimage\"},\"thumbnailUrl\":\"https:\/\/www.berrua.com\/wp-content\/uploads\/2021\/12\/camping-4-etoiles-cote-basque-1.jpg\",\"datePublished\":\"2021-10-20T14:07:47+00:00\",\"dateModified\":\"2025-12-08T12:45:13+00:00\",\"description\":\"Recepci\u00f3n del camping S\u00fbnelia Berrua en Bidart, en la costa vasca\",\"breadcrumb\":{\"@id\":\"https:\/\/www.berrua.com\/es\/camping-4-estrellas-pais-vasco\/recepcion-del-camping-berrua\/#breadcrumb\"},\"inLanguage\":\"es\",\"potentialAction\":[{\"@type\":\"ReadAction\",\"target\":[\"https:\/\/www.berrua.com\/es\/camping-4-estrellas-pais-vasco\/recepcion-del-camping-berrua\/\"]}]},{\"@type\":\"ImageObject\",\"inLanguage\":\"es\",\"@id\":\"https:\/\/www.berrua.com\/es\/camping-4-estrellas-pais-vasco\/recepcion-del-camping-berrua\/#primaryimage\",\"url\":\"https:\/\/www.berrua.com\/wp-content\/uploads\/2021\/12\/camping-4-etoiles-cote-basque-1.jpg\",\"contentUrl\":\"https:\/\/www.berrua.com\/wp-content\/uploads\/2021\/12\/camping-4-etoiles-cote-basque-1.jpg\",\"width\":1900,\"height\":700,\"caption\":\"camping 4 etoiles cote basque\"},{\"@type\":\"BreadcrumbList\",\"@id\":\"https:\/\/www.berrua.com\/es\/camping-4-estrellas-pais-vasco\/recepcion-del-camping-berrua\/#breadcrumb\",\"itemListElement\":[{\"@type\":\"ListItem\",\"position\":1,\"name\":\"Camping Bidart au Pays Basque\",\"item\":\"https:\/\/www.berrua.com\/es\/\"},{\"@type\":\"ListItem\",\"position\":2,\"name\":\"CAMPING 4 \u00c9TOILES SUR LA C\u00d4TE BASQUE\",\"item\":\"https:\/\/www.berrua.com\/es\/camping-4-estrellas-pais-vasco\/\"},{\"@type\":\"ListItem\",\"position\":3,\"name\":\"RECEPCI\u00d3N DEL Domaine Berrua\"}]},{\"@type\":\"WebSite\",\"@id\":\"https:\/\/www.berrua.com\/es\/#website\",\"url\":\"https:\/\/www.berrua.com\/es\/\",\"name\":\"Domaine Berrua\",\"description\":\"\",\"publisher\":{\"@id\":\"https:\/\/www.berrua.com\/es\/#organization\"},\"potentialAction\":[{\"@type\":\"SearchAction\",\"target\":{\"@type\":\"EntryPoint\",\"urlTemplate\":\"https:\/\/www.berrua.com\/es\/?s={search_term_string}\"},\"query-input\":{\"@type\":\"PropertyValueSpecification\",\"valueRequired\":true,\"valueName\":\"search_term_string\"}}],\"inLanguage\":\"es\"},{\"@type\":\"Organization\",\"@id\":\"https:\/\/www.berrua.com\/es\/#organization\",\"name\":\"Camping Berrua\",\"url\":\"https:\/\/www.berrua.com\/es\/\",\"logo\":{\"@type\":\"ImageObject\",\"inLanguage\":\"es\",\"@id\":\"https:\/\/www.berrua.com\/es\/#\/schema\/logo\/image\/\",\"url\":\"https:\/\/www.berrua.com\/wp-content\/uploads\/2022\/01\/berrua.jpg\",\"contentUrl\":\"https:\/\/www.berrua.com\/wp-content\/uploads\/2022\/01\/berrua.jpg\",\"width\":321,\"height\":231,\"caption\":\"Camping Berrua\"},\"image\":{\"@id\":\"https:\/\/www.berrua.com\/es\/#\/schema\/logo\/image\/\"}}]}<\/script>\n<!-- \/ Yoast SEO plugin. -->","yoast_head_json":{"title":"Recepci\u00f3n del camping S\u00fbnelia Berrua en Bidart, en la costa vasca","description":"Recepci\u00f3n del camping S\u00fbnelia Berrua en Bidart, en la costa vasca","robots":{"index":"index","follow":"follow","max-snippet":"max-snippet:-1","max-image-preview":"max-image-preview:large","max-video-preview":"max-video-preview:-1"},"canonical":"https:\/\/www.berrua.com\/es\/camping-4-estrellas-pais-vasco\/recepcion-del-camping-berrua\/","og_locale":"es_ES","og_type":"article","og_title":"Recepci\u00f3n del camping S\u00fbnelia Berrua en Bidart, en la costa vasca","og_description":"Recepci\u00f3n del camping S\u00fbnelia Berrua en Bidart, en la costa vasca","og_url":"https:\/\/www.berrua.com\/es\/camping-4-estrellas-pais-vasco\/recepcion-del-camping-berrua\/","og_site_name":"Domaine Berrua","article_modified_time":"2025-12-08T12:45:13+00:00","og_image":[{"width":1900,"height":700,"url":"https:\/\/www.berrua.com\/wp-content\/uploads\/2021\/12\/camping-4-etoiles-cote-basque-1.jpg","type":"image\/jpeg"}],"twitter_card":"summary_large_image","twitter_misc":{"Tiempo de lectura":"4 minutos"},"schema":{"@context":"https:\/\/schema.org","@graph":[{"@type":"WebPage","@id":"https:\/\/www.berrua.com\/es\/camping-4-estrellas-pais-vasco\/recepcion-del-camping-berrua\/","url":"https:\/\/www.berrua.com\/es\/camping-4-estrellas-pais-vasco\/recepcion-del-camping-berrua\/","name":"Recepci\u00f3n del camping S\u00fbnelia Berrua en Bidart, en la costa vasca","isPartOf":{"@id":"https:\/\/www.berrua.com\/es\/#website"},"primaryImageOfPage":{"@id":"https:\/\/www.berrua.com\/es\/camping-4-estrellas-pais-vasco\/recepcion-del-camping-berrua\/#primaryimage"},"image":{"@id":"https:\/\/www.berrua.com\/es\/camping-4-estrellas-pais-vasco\/recepcion-del-camping-berrua\/#primaryimage"},"thumbnailUrl":"https:\/\/www.berrua.com\/wp-content\/uploads\/2021\/12\/camping-4-etoiles-cote-basque-1.jpg","datePublished":"2021-10-20T14:07:47+00:00","dateModified":"2025-12-08T12:45:13+00:00","description":"Recepci\u00f3n del camping S\u00fbnelia Berrua en Bidart, en la costa vasca","breadcrumb":{"@id":"https:\/\/www.berrua.com\/es\/camping-4-estrellas-pais-vasco\/recepcion-del-camping-berrua\/#breadcrumb"},"inLanguage":"es","potentialAction":[{"@type":"ReadAction","target":["https:\/\/www.berrua.com\/es\/camping-4-estrellas-pais-vasco\/recepcion-del-camping-berrua\/"]}]},{"@type":"ImageObject","inLanguage":"es","@id":"https:\/\/www.berrua.com\/es\/camping-4-estrellas-pais-vasco\/recepcion-del-camping-berrua\/#primaryimage","url":"https:\/\/www.berrua.com\/wp-content\/uploads\/2021\/12\/camping-4-etoiles-cote-basque-1.jpg","contentUrl":"https:\/\/www.berrua.com\/wp-content\/uploads\/2021\/12\/camping-4-etoiles-cote-basque-1.jpg","width":1900,"height":700,"caption":"camping 4 etoiles cote basque"},{"@type":"BreadcrumbList","@id":"https:\/\/www.berrua.com\/es\/camping-4-estrellas-pais-vasco\/recepcion-del-camping-berrua\/#breadcrumb","itemListElement":[{"@type":"ListItem","position":1,"name":"Camping Bidart au Pays Basque","item":"https:\/\/www.berrua.com\/es\/"},{"@type":"ListItem","position":2,"name":"CAMPING 4 \u00c9TOILES SUR LA C\u00d4TE BASQUE","item":"https:\/\/www.berrua.com\/es\/camping-4-estrellas-pais-vasco\/"},{"@type":"ListItem","position":3,"name":"RECEPCI\u00d3N DEL Domaine Berrua"}]},{"@type":"WebSite","@id":"https:\/\/www.berrua.com\/es\/#website","url":"https:\/\/www.berrua.com\/es\/","name":"Domaine Berrua","description":"","publisher":{"@id":"https:\/\/www.berrua.com\/es\/#organization"},"potentialAction":[{"@type":"SearchAction","target":{"@type":"EntryPoint","urlTemplate":"https:\/\/www.berrua.com\/es\/?s={search_term_string}"},"query-input":{"@type":"PropertyValueSpecification","valueRequired":true,"valueName":"search_term_string"}}],"inLanguage":"es"},{"@type":"Organization","@id":"https:\/\/www.berrua.com\/es\/#organization","name":"Camping Berrua","url":"https:\/\/www.berrua.com\/es\/","logo":{"@type":"ImageObject","inLanguage":"es","@id":"https:\/\/www.berrua.com\/es\/#\/schema\/logo\/image\/","url":"https:\/\/www.berrua.com\/wp-content\/uploads\/2022\/01\/berrua.jpg","contentUrl":"https:\/\/www.berrua.com\/wp-content\/uploads\/2022\/01\/berrua.jpg","width":321,"height":231,"caption":"Camping Berrua"},"image":{"@id":"https:\/\/www.berrua.com\/es\/#\/schema\/logo\/image\/"}}]}},"_links":{"self":[{"href":"https:\/\/www.berrua.com\/es\/wp-json\/wp\/v2\/pages\/13968","targetHints":{"allow":["GET"]}}],"collection":[{"href":"https:\/\/www.berrua.com\/es\/wp-json\/wp\/v2\/pages"}],"about":[{"href":"https:\/\/www.berrua.com\/es\/wp-json\/wp\/v2\/types\/page"}],"author":[{"embeddable":true,"href":"https:\/\/www.berrua.com\/es\/wp-json\/wp\/v2\/users\/1"}],"replies":[{"embeddable":true,"href":"https:\/\/www.berrua.com\/es\/wp-json\/wp\/v2\/comments?post=13968"}],"version-history":[{"count":14,"href":"https:\/\/www.berrua.com\/es\/wp-json\/wp\/v2\/pages\/13968\/revisions"}],"predecessor-version":[{"id":1032200,"href":"https:\/\/www.berrua.com\/es\/wp-json\/wp\/v2\/pages\/13968\/revisions\/1032200"}],"up":[{"embeddable":true,"href":"https:\/\/www.berrua.com\/es\/wp-json\/wp\/v2\/pages\/15365"}],"wp:featuredmedia":[{"embeddable":true,"href":"https:\/\/www.berrua.com\/es\/wp-json\/wp\/v2\/media\/12293"}],"wp:attachment":[{"href":"https:\/\/www.berrua.com\/es\/wp-json\/wp\/v2\/media?parent=13968"}],"wp:term":[{"taxonomy":"sujet","embeddable":true,"href":"https:\/\/www.berrua.com\/es\/wp-json\/wp\/v2\/sujet?post=13968"}],"curies":[{"name":"wp","href":"https:\/\/api.w.org\/{rel}","templated":true}]}}