{"id":13949,"date":"2021-10-20T16:07:53","date_gmt":"2021-10-20T14:07:53","guid":{"rendered":"http:\/\/www.berrua.com\/services-camping-pays-basque\/"},"modified":"2023-11-02T14:53:20","modified_gmt":"2023-11-02T13:53:20","slug":"servicios-del-camping-en-el-pais-vasco","status":"publish","type":"page","link":"https:\/\/www.berrua.com\/es\/camping-4-estrellas-pais-vasco\/servicios-del-camping-en-el-pais-vasco\/","title":{"rendered":"Les prestations : Services"},"content":{"rendered":"<section id=\"ls-section-block_a8102271e541740c77bcc900253a3e2c\" class=\"ls-section  page-one\" >\n        <div class=\"container \">\n        \n\n<h1 class=\"ls__heading wp-block-heading has-text-align-center ls__heading-undefined\"><mark style=\"background-color:rgba(0, 0, 0, 0)\" class=\"has-inline-color has-color-1-color\">SERVICIOS DEL CAMPING EN EL PA\u00cdS VASCO<\/mark><\/h1>\n\n\n    <\/div>\n<\/section>\n\n<section id=\"ls-section-block_0af9b4ee8bf1a2d644bda6d2df3c9f47\" class=\"ls-section  page-one has-p-t p-t-0 has-background has-color-white-background-color\" >\n        <div class=\"container container--wide\">\n        \n\n<h2 class=\"ls__heading wp-block-heading ls__heading ls__heading-undefined\"><mark style=\"background-color:rgba(0, 0, 0, 0)\" class=\"has-inline-color has-color-1-color\">TRANSPORTE GRATUITO A LA\u00a0PLAYA<\/mark><\/h2>\n\n\n\n<p class=\"ls-paragraph ls__paragraph\">A 50 metros del Domaine Berrua, un servicio de transporte le lleva a las playas.<br>Para llegar r\u00e1pidamente a Center Beach, se instal\u00f3 un transbordador. En pocos minutos, este servicio te dejar\u00e1 en la orilla de la playa, donde disfrutar\u00e1s de un entorno natural excepcional y de los paisajes m\u00e1s hermosos de la regi\u00f3n. Este servicio de transporte es particularmente \u00fatil para familias con ni\u00f1os peque\u00f1os o ancianos. De hecho, ubicado a 10 minutos a pie, el transbordador hace posible evitar caminar demasiado tiempo para las personas m\u00e1s fr\u00e1giles. Gracias a este servicio de transporte, todos nuestros turistas pueden disfrutar de la playa lo m\u00e1s r\u00e1pido posible.<\/p>\n\n\n\n<div class=\"wp-block-columns fancybox is-layout-flex wp-container-core-columns-is-layout-9d6595d7 wp-block-columns-is-layout-flex\">\n<div class=\"wp-block-column is-vertically-aligned-center is-layout-flow wp-block-column-is-layout-flow\">\n<figure class=\"wp-block-image size-full\"><a href=\"https:\/\/www.berrua.com\/wp-content\/uploads\/2022\/12\/accueil-camping-berrua.jpg\"><img decoding=\"async\" width=\"900\" height=\"600\" src=\"https:\/\/www.berrua.com\/wp-content\/uploads\/2022\/12\/accueil-camping-berrua.jpg\" alt=\"accueil Domaine Berrua\" class=\"wp-image-987388\" srcset=\"https:\/\/www.berrua.com\/wp-content\/uploads\/2022\/12\/accueil-camping-berrua.jpg 900w, https:\/\/www.berrua.com\/wp-content\/uploads\/2022\/12\/accueil-camping-berrua-300x200.jpg 300w, https:\/\/www.berrua.com\/wp-content\/uploads\/2022\/12\/accueil-camping-berrua-768x512.jpg 768w\" sizes=\"(max-width: 900px) 100vw, 900px\" \/><\/a><\/figure>\n\n\n\n<figure class=\"wp-block-image size-full\"><a href=\"https:\/\/www.berrua.com\/wp-content\/uploads\/2021\/12\/camping-navette-plage-bidart.jpg\"><img decoding=\"async\" width=\"1200\" height=\"800\" src=\"https:\/\/www.berrua.com\/wp-content\/uploads\/2021\/12\/camping-navette-plage-bidart.jpg\" alt=\"camping navette plage bidart\" class=\"wp-image-11218\" srcset=\"https:\/\/www.berrua.com\/wp-content\/uploads\/2021\/12\/camping-navette-plage-bidart.jpg 1200w, https:\/\/www.berrua.com\/wp-content\/uploads\/2021\/12\/camping-navette-plage-bidart-300x200.jpg 300w, https:\/\/www.berrua.com\/wp-content\/uploads\/2021\/12\/camping-navette-plage-bidart-1024x683.jpg 1024w, https:\/\/www.berrua.com\/wp-content\/uploads\/2021\/12\/camping-navette-plage-bidart-768x512.jpg 768w\" sizes=\"(max-width: 1200px) 100vw, 1200px\" \/><\/a><\/figure>\n<\/div>\n\n\n\n<div class=\"wp-block-column is-vertically-aligned-center is-layout-flow wp-block-column-is-layout-flow\">\n<figure class=\"wp-block-image size-full\"><a href=\"https:\/\/www.berrua.com\/wp-content\/uploads\/2021\/11\/camping-navette-centre-bidartt.jpg\"><img decoding=\"async\" width=\"800\" height=\"1200\" src=\"https:\/\/www.berrua.com\/wp-content\/uploads\/2021\/11\/camping-navette-centre-bidartt.jpg\" alt=\"camping navette centre bidart\" class=\"wp-image-11194\" srcset=\"https:\/\/www.berrua.com\/wp-content\/uploads\/2021\/11\/camping-navette-centre-bidartt.jpg 800w, https:\/\/www.berrua.com\/wp-content\/uploads\/2021\/11\/camping-navette-centre-bidartt-200x300.jpg 200w, https:\/\/www.berrua.com\/wp-content\/uploads\/2021\/11\/camping-navette-centre-bidartt-683x1024.jpg 683w, https:\/\/www.berrua.com\/wp-content\/uploads\/2021\/11\/camping-navette-centre-bidartt-768x1152.jpg 768w\" sizes=\"(max-width: 800px) 100vw, 800px\" \/><\/a><\/figure>\n<\/div>\n\n\n\n<div class=\"wp-block-column is-vertically-aligned-center is-layout-flow wp-block-column-is-layout-flow\">\n<figure class=\"wp-block-image size-full\"><a href=\"https:\/\/www.berrua.com\/wp-content\/uploads\/2021\/11\/camping-navette-bidart-biarritz.jpg\"><img decoding=\"async\" width=\"800\" height=\"1200\" src=\"https:\/\/www.berrua.com\/wp-content\/uploads\/2021\/11\/camping-navette-bidart-biarritz.jpg\" alt=\"camping navette bidart biarritz\" class=\"wp-image-11200\" srcset=\"https:\/\/www.berrua.com\/wp-content\/uploads\/2021\/11\/camping-navette-bidart-biarritz.jpg 800w, https:\/\/www.berrua.com\/wp-content\/uploads\/2021\/11\/camping-navette-bidart-biarritz-200x300.jpg 200w, https:\/\/www.berrua.com\/wp-content\/uploads\/2021\/11\/camping-navette-bidart-biarritz-683x1024.jpg 683w, https:\/\/www.berrua.com\/wp-content\/uploads\/2021\/11\/camping-navette-bidart-biarritz-768x1152.jpg 768w\" sizes=\"(max-width: 800px) 100vw, 800px\" \/><\/a><\/figure>\n<\/div>\n<\/div>\n\n\n    <\/div>\n<\/section>\n\n<section id=\"ls-section-block_5bd8dbb85abe6e542964a888cbc73c64\" class=\"ls-section \" >\n        <div class=\"container container--wide\">\n        \n\n<h2 class=\"ls__heading wp-block-heading has-text-align-center ls__heading-undefined has-p-t p-t-5\"><mark style=\"background-color:rgba(0, 0, 0, 0)\" class=\"has-inline-color has-color-1-color\">LAVANDER\u00cdA<\/mark><\/h2>\n\n\n\n<p class=\"ls-paragraph ls__paragraph\">Durante su estancia en nuestro&nbsp;<a href=\"https:\/\/www.berrua.com\/es\/\">camping en el Pa\u00eds Vasco<\/a>, dispondr\u00e1 de 1 puntos de lavander\u00eda con lavadora y secadora.<br>Estas lavander\u00edas se adaptan perfectamente a sus necesidades y especialmente para los campistas que pueden tener su propio negocio. Para familias con ni\u00f1os, estos puntos de lavander\u00eda tambi\u00e9n pueden ser muy \u00fatiles. Para aprovechar todos estos servicios de calidad, no dude en reservar ahora su alquiler en nuestro camping de 4 estrellas situado en el coraz\u00f3n del Pa\u00eds Vasco.<\/p>\n\n\n\n<p class=\"ls-paragraph\">Solo se aceptan monedas:<\/p>\n\n\n\n<ul class=\"ls-list ls-list-undefined ls__list-undefined wp-block-list\">\n<li>Lavadora: 6.50 \u20ac<\/li>\n\n\n\n<li>Secadora: 5 \u20ac<\/li>\n<\/ul>\n\n\n    <\/div>\n<\/section>\n\n<section id=\"ls-section-block_75122dfee9f9ef1768d2bb9414ac2cde\" class=\"ls-section  page-cta\" >\n        <div class=\"container container--wide\">\n        \n\n<div id=\"ls-heading ls-titre-div-block_e56f890270286f6b301670bd605479d8\" class=\"ls-titre-div titre-cta ls__heading-undefined title-deco has-inline-color has-color-1-color aligncenter h2-like\" >\n    DESCUBRA LOS SERVICIOS DEL CAMPING<\/div>\n\n\n\n<div class=\"wp-block-columns Le bar la Txalupa, situ\u00e9 au bord de piscine, dot\u00e9 d\u2019une tr\u00e8s belle terrasse, vous proposera, salades , sandwich, panini, cr\u00eapes et gaufres, tout long journ\u00e9e. Pourquoi ne pas siroter un petit ap\u00e9ritif avec quelques tapas??? Durant journ\u00e9e en haute saison, Txalupa accueille chaleureusement sur sa terrasse qui surplombe lieu rencontre d\u00e9tente. surplombant piscine. is-layout-flex wp-container-core-columns-is-layout-9d6595d7 wp-block-columns-is-layout-flex\">\n<div class=\"wp-block-column ls-cta is-layout-flow wp-block-column-is-layout-flow\">\n<div id=\"ls-cta-block_67c8fa0260b1a6eee9049ec66f0dfe5f\" class=\"ls-cta\">  \n    \n\n<a href=\"\/camping-4-etoiles-pays-basque\/reception-camping-pays-basque\/\" target=\"\" rel=\"noopener\" class=\"ls-cta__link\" data-categ=\"\">\n\t<div class=\"ls-cta__image\"><img decoding=\"async\" src=\"https:\/\/www.berrua.com\/wp-content\/uploads\/2021\/12\/camping-4-etoiles-pyrenees-atlantiques-1.jpg\" alt=\"camping 4 etoiles pyrenees atlantiques\"><\/div>\n\t<div class=\"ls-cta__title\">\n\t\tLa recepci\u00f3n\t<\/div>\n\n\t<\/a><\/div><\/div>\n\n\n\n<div class=\"wp-block-column is-layout-flow wp-block-column-is-layout-flow\">\n<div id=\"ls-cta-block_96110cf162571e8a406a542fb2384cd3\" class=\"ls-cta\">  \n    \n\n<a href=\"https:\/\/www.berrua.com\/es\/camping-4-estrellas-pais-vasco\/servicios-del-camping-en-el-pais-vasco\/\" target=\"\" rel=\"noopener\" class=\"ls-cta__link\" data-categ=\"\">\n\t<div class=\"ls-cta__image\"><img decoding=\"async\" src=\"https:\/\/www.berrua.com\/wp-content\/uploads\/2021\/12\/camping-alimentation-generale-bidart.jpg\" alt=\"camping alimentation generale bidart\"><\/div>\n\t<div class=\"ls-cta__title\">\n\t\tAlimentaci\u00f3n\t<\/div>\n\n\t<\/a><\/div><\/div>\n\n\n\n<div class=\"wp-block-column is-layout-flow wp-block-column-is-layout-flow\">\n<div id=\"ls-cta-block_9909582d20379b487db8787a26fb32fb\" class=\"ls-cta\">  \n    \n\n<a href=\"\/camping-4-etoiles-pays-basque\/camping-avec-restaurant-pays-basque\/\" target=\"\" rel=\"noopener\" class=\"ls-cta__link\" data-categ=\"\">\n\t<div class=\"ls-cta__image\"><img decoding=\"async\" src=\"https:\/\/www.berrua.com\/wp-content\/uploads\/2021\/12\/restaurant-pizzeria-bidart-1.jpg\" alt=\"restaurant pizzeria bidart\"><\/div>\n\t<div class=\"ls-cta__title\">\n\t\tRestaurante\t<\/div>\n\n\t<\/a><\/div><\/div>\n<\/div>\n\n\n    <\/div>\n<\/section>","protected":false},"excerpt":{"rendered":"","protected":false},"author":1,"featured_media":989225,"parent":15365,"menu_order":0,"comment_status":"closed","ping_status":"closed","template":"","meta":{"_acf_changed":false,"inline_featured_image":false,"footnotes":""},"sujet":[],"class_list":["post-13949","page","type-page","status-publish","has-post-thumbnail","hentry"],"acf":[],"yoast_head":"<!-- This site is optimized with the Yoast SEO plugin v26.2 - https:\/\/yoast.com\/wordpress\/plugins\/seo\/ -->\n<title>Servicios del Domaine Berrua: el\u00e9ctricidad, lavander\u00eda, alimentaci\u00f3n<\/title>\n<meta name=\"description\" content=\"Descubre todos los servicios del Domaine Berrua en el Pa\u00eds Vasco\" \/>\n<meta name=\"robots\" content=\"index, follow, max-snippet:-1, max-image-preview:large, max-video-preview:-1\" \/>\n<link rel=\"canonical\" href=\"https:\/\/www.berrua.com\/es\/camping-4-estrellas-pais-vasco\/servicios-del-camping-en-el-pais-vasco\/\" \/>\n<meta property=\"og:locale\" content=\"es_ES\" \/>\n<meta property=\"og:type\" content=\"article\" \/>\n<meta property=\"og:title\" content=\"Servicios del Domaine Berrua: el\u00e9ctricidad, lavander\u00eda, alimentaci\u00f3n\" \/>\n<meta property=\"og:description\" content=\"Descubre todos los servicios del Domaine Berrua en el Pa\u00eds Vasco\" \/>\n<meta property=\"og:url\" content=\"https:\/\/www.berrua.com\/es\/camping-4-estrellas-pais-vasco\/servicios-del-camping-en-el-pais-vasco\/\" \/>\n<meta property=\"og:site_name\" content=\"Domaine Berrua\" \/>\n<meta property=\"article:modified_time\" content=\"2023-11-02T13:53:20+00:00\" \/>\n<meta property=\"og:image\" content=\"https:\/\/www.berrua.com\/wp-content\/uploads\/2023\/11\/reception-berrua.jpg\" \/>\n\t<meta property=\"og:image:width\" content=\"2048\" \/>\n\t<meta property=\"og:image:height\" content=\"450\" \/>\n\t<meta property=\"og:image:type\" content=\"image\/jpeg\" \/>\n<meta name=\"twitter:card\" content=\"summary_large_image\" \/>\n<meta name=\"twitter:label1\" content=\"Tiempo de lectura\" \/>\n\t<meta name=\"twitter:data1\" content=\"2 minutos\" \/>\n<script type=\"application\/ld+json\" class=\"yoast-schema-graph\">{\"@context\":\"https:\/\/schema.org\",\"@graph\":[{\"@type\":\"WebPage\",\"@id\":\"https:\/\/www.berrua.com\/es\/camping-4-estrellas-pais-vasco\/servicios-del-camping-en-el-pais-vasco\/\",\"url\":\"https:\/\/www.berrua.com\/es\/camping-4-estrellas-pais-vasco\/servicios-del-camping-en-el-pais-vasco\/\",\"name\":\"Servicios del Domaine Berrua: el\u00e9ctricidad, lavander\u00eda, alimentaci\u00f3n\",\"isPartOf\":{\"@id\":\"https:\/\/www.berrua.com\/es\/#website\"},\"primaryImageOfPage\":{\"@id\":\"https:\/\/www.berrua.com\/es\/camping-4-estrellas-pais-vasco\/servicios-del-camping-en-el-pais-vasco\/#primaryimage\"},\"image\":{\"@id\":\"https:\/\/www.berrua.com\/es\/camping-4-estrellas-pais-vasco\/servicios-del-camping-en-el-pais-vasco\/#primaryimage\"},\"thumbnailUrl\":\"https:\/\/www.berrua.com\/wp-content\/uploads\/2023\/11\/reception-berrua.jpg\",\"datePublished\":\"2021-10-20T14:07:53+00:00\",\"dateModified\":\"2023-11-02T13:53:20+00:00\",\"description\":\"Descubre todos los servicios del Domaine Berrua en el Pa\u00eds Vasco\",\"breadcrumb\":{\"@id\":\"https:\/\/www.berrua.com\/es\/camping-4-estrellas-pais-vasco\/servicios-del-camping-en-el-pais-vasco\/#breadcrumb\"},\"inLanguage\":\"es\",\"potentialAction\":[{\"@type\":\"ReadAction\",\"target\":[\"https:\/\/www.berrua.com\/es\/camping-4-estrellas-pais-vasco\/servicios-del-camping-en-el-pais-vasco\/\"]}]},{\"@type\":\"ImageObject\",\"inLanguage\":\"es\",\"@id\":\"https:\/\/www.berrua.com\/es\/camping-4-estrellas-pais-vasco\/servicios-del-camping-en-el-pais-vasco\/#primaryimage\",\"url\":\"https:\/\/www.berrua.com\/wp-content\/uploads\/2023\/11\/reception-berrua.jpg\",\"contentUrl\":\"https:\/\/www.berrua.com\/wp-content\/uploads\/2023\/11\/reception-berrua.jpg\",\"width\":2048,\"height\":450,\"caption\":\"reception-berrua\"},{\"@type\":\"BreadcrumbList\",\"@id\":\"https:\/\/www.berrua.com\/es\/camping-4-estrellas-pais-vasco\/servicios-del-camping-en-el-pais-vasco\/#breadcrumb\",\"itemListElement\":[{\"@type\":\"ListItem\",\"position\":1,\"name\":\"Camping Bidart au Pays Basque\",\"item\":\"https:\/\/www.berrua.com\/es\/\"},{\"@type\":\"ListItem\",\"position\":2,\"name\":\"CAMPING 4 \u00c9TOILES SUR LA C\u00d4TE BASQUE\",\"item\":\"https:\/\/www.berrua.com\/es\/camping-4-estrellas-pais-vasco\/\"},{\"@type\":\"ListItem\",\"position\":3,\"name\":\"LOS SERVICIOS\"}]},{\"@type\":\"WebSite\",\"@id\":\"https:\/\/www.berrua.com\/es\/#website\",\"url\":\"https:\/\/www.berrua.com\/es\/\",\"name\":\"Domaine Berrua\",\"description\":\"\",\"publisher\":{\"@id\":\"https:\/\/www.berrua.com\/es\/#organization\"},\"potentialAction\":[{\"@type\":\"SearchAction\",\"target\":{\"@type\":\"EntryPoint\",\"urlTemplate\":\"https:\/\/www.berrua.com\/es\/?s={search_term_string}\"},\"query-input\":{\"@type\":\"PropertyValueSpecification\",\"valueRequired\":true,\"valueName\":\"search_term_string\"}}],\"inLanguage\":\"es\"},{\"@type\":\"Organization\",\"@id\":\"https:\/\/www.berrua.com\/es\/#organization\",\"name\":\"Camping Berrua\",\"url\":\"https:\/\/www.berrua.com\/es\/\",\"logo\":{\"@type\":\"ImageObject\",\"inLanguage\":\"es\",\"@id\":\"https:\/\/www.berrua.com\/es\/#\/schema\/logo\/image\/\",\"url\":\"https:\/\/www.berrua.com\/wp-content\/uploads\/2022\/01\/berrua.jpg\",\"contentUrl\":\"https:\/\/www.berrua.com\/wp-content\/uploads\/2022\/01\/berrua.jpg\",\"width\":321,\"height\":231,\"caption\":\"Camping Berrua\"},\"image\":{\"@id\":\"https:\/\/www.berrua.com\/es\/#\/schema\/logo\/image\/\"}}]}<\/script>\n<!-- \/ Yoast SEO plugin. -->","yoast_head_json":{"title":"Servicios del Domaine Berrua: el\u00e9ctricidad, lavander\u00eda, alimentaci\u00f3n","description":"Descubre todos los servicios del Domaine Berrua en el Pa\u00eds Vasco","robots":{"index":"index","follow":"follow","max-snippet":"max-snippet:-1","max-image-preview":"max-image-preview:large","max-video-preview":"max-video-preview:-1"},"canonical":"https:\/\/www.berrua.com\/es\/camping-4-estrellas-pais-vasco\/servicios-del-camping-en-el-pais-vasco\/","og_locale":"es_ES","og_type":"article","og_title":"Servicios del Domaine Berrua: el\u00e9ctricidad, lavander\u00eda, alimentaci\u00f3n","og_description":"Descubre todos los servicios del Domaine Berrua en el Pa\u00eds Vasco","og_url":"https:\/\/www.berrua.com\/es\/camping-4-estrellas-pais-vasco\/servicios-del-camping-en-el-pais-vasco\/","og_site_name":"Domaine Berrua","article_modified_time":"2023-11-02T13:53:20+00:00","og_image":[{"width":2048,"height":450,"url":"https:\/\/www.berrua.com\/wp-content\/uploads\/2023\/11\/reception-berrua.jpg","type":"image\/jpeg"}],"twitter_card":"summary_large_image","twitter_misc":{"Tiempo de lectura":"2 minutos"},"schema":{"@context":"https:\/\/schema.org","@graph":[{"@type":"WebPage","@id":"https:\/\/www.berrua.com\/es\/camping-4-estrellas-pais-vasco\/servicios-del-camping-en-el-pais-vasco\/","url":"https:\/\/www.berrua.com\/es\/camping-4-estrellas-pais-vasco\/servicios-del-camping-en-el-pais-vasco\/","name":"Servicios del Domaine Berrua: el\u00e9ctricidad, lavander\u00eda, alimentaci\u00f3n","isPartOf":{"@id":"https:\/\/www.berrua.com\/es\/#website"},"primaryImageOfPage":{"@id":"https:\/\/www.berrua.com\/es\/camping-4-estrellas-pais-vasco\/servicios-del-camping-en-el-pais-vasco\/#primaryimage"},"image":{"@id":"https:\/\/www.berrua.com\/es\/camping-4-estrellas-pais-vasco\/servicios-del-camping-en-el-pais-vasco\/#primaryimage"},"thumbnailUrl":"https:\/\/www.berrua.com\/wp-content\/uploads\/2023\/11\/reception-berrua.jpg","datePublished":"2021-10-20T14:07:53+00:00","dateModified":"2023-11-02T13:53:20+00:00","description":"Descubre todos los servicios del Domaine Berrua en el Pa\u00eds Vasco","breadcrumb":{"@id":"https:\/\/www.berrua.com\/es\/camping-4-estrellas-pais-vasco\/servicios-del-camping-en-el-pais-vasco\/#breadcrumb"},"inLanguage":"es","potentialAction":[{"@type":"ReadAction","target":["https:\/\/www.berrua.com\/es\/camping-4-estrellas-pais-vasco\/servicios-del-camping-en-el-pais-vasco\/"]}]},{"@type":"ImageObject","inLanguage":"es","@id":"https:\/\/www.berrua.com\/es\/camping-4-estrellas-pais-vasco\/servicios-del-camping-en-el-pais-vasco\/#primaryimage","url":"https:\/\/www.berrua.com\/wp-content\/uploads\/2023\/11\/reception-berrua.jpg","contentUrl":"https:\/\/www.berrua.com\/wp-content\/uploads\/2023\/11\/reception-berrua.jpg","width":2048,"height":450,"caption":"reception-berrua"},{"@type":"BreadcrumbList","@id":"https:\/\/www.berrua.com\/es\/camping-4-estrellas-pais-vasco\/servicios-del-camping-en-el-pais-vasco\/#breadcrumb","itemListElement":[{"@type":"ListItem","position":1,"name":"Camping Bidart au Pays Basque","item":"https:\/\/www.berrua.com\/es\/"},{"@type":"ListItem","position":2,"name":"CAMPING 4 \u00c9TOILES SUR LA C\u00d4TE BASQUE","item":"https:\/\/www.berrua.com\/es\/camping-4-estrellas-pais-vasco\/"},{"@type":"ListItem","position":3,"name":"LOS SERVICIOS"}]},{"@type":"WebSite","@id":"https:\/\/www.berrua.com\/es\/#website","url":"https:\/\/www.berrua.com\/es\/","name":"Domaine Berrua","description":"","publisher":{"@id":"https:\/\/www.berrua.com\/es\/#organization"},"potentialAction":[{"@type":"SearchAction","target":{"@type":"EntryPoint","urlTemplate":"https:\/\/www.berrua.com\/es\/?s={search_term_string}"},"query-input":{"@type":"PropertyValueSpecification","valueRequired":true,"valueName":"search_term_string"}}],"inLanguage":"es"},{"@type":"Organization","@id":"https:\/\/www.berrua.com\/es\/#organization","name":"Camping Berrua","url":"https:\/\/www.berrua.com\/es\/","logo":{"@type":"ImageObject","inLanguage":"es","@id":"https:\/\/www.berrua.com\/es\/#\/schema\/logo\/image\/","url":"https:\/\/www.berrua.com\/wp-content\/uploads\/2022\/01\/berrua.jpg","contentUrl":"https:\/\/www.berrua.com\/wp-content\/uploads\/2022\/01\/berrua.jpg","width":321,"height":231,"caption":"Camping Berrua"},"image":{"@id":"https:\/\/www.berrua.com\/es\/#\/schema\/logo\/image\/"}}]}},"_links":{"self":[{"href":"https:\/\/www.berrua.com\/es\/wp-json\/wp\/v2\/pages\/13949","targetHints":{"allow":["GET"]}}],"collection":[{"href":"https:\/\/www.berrua.com\/es\/wp-json\/wp\/v2\/pages"}],"about":[{"href":"https:\/\/www.berrua.com\/es\/wp-json\/wp\/v2\/types\/page"}],"author":[{"embeddable":true,"href":"https:\/\/www.berrua.com\/es\/wp-json\/wp\/v2\/users\/1"}],"replies":[{"embeddable":true,"href":"https:\/\/www.berrua.com\/es\/wp-json\/wp\/v2\/comments?post=13949"}],"version-history":[{"count":18,"href":"https:\/\/www.berrua.com\/es\/wp-json\/wp\/v2\/pages\/13949\/revisions"}],"predecessor-version":[{"id":989239,"href":"https:\/\/www.berrua.com\/es\/wp-json\/wp\/v2\/pages\/13949\/revisions\/989239"}],"up":[{"embeddable":true,"href":"https:\/\/www.berrua.com\/es\/wp-json\/wp\/v2\/pages\/15365"}],"wp:featuredmedia":[{"embeddable":true,"href":"https:\/\/www.berrua.com\/es\/wp-json\/wp\/v2\/media\/989225"}],"wp:attachment":[{"href":"https:\/\/www.berrua.com\/es\/wp-json\/wp\/v2\/media?parent=13949"}],"wp:term":[{"taxonomy":"sujet","embeddable":true,"href":"https:\/\/www.berrua.com\/es\/wp-json\/wp\/v2\/sujet?post=13949"}],"curies":[{"name":"wp","href":"https:\/\/api.w.org\/{rel}","templated":true}]}}