{"id":13331,"date":"2021-12-02T10:50:54","date_gmt":"2021-12-02T09:50:54","guid":{"rendered":"http:\/\/www.berrua.com\/camping-pays-basque-bord-de-mer\/"},"modified":"2023-11-03T10:18:31","modified_gmt":"2023-11-03T09:18:31","slug":"campsite-basque-country-seaside","status":"publish","type":"page","link":"https:\/\/www.berrua.com\/en\/campsite-basque-country-seaside\/","title":{"rendered":"La Plage"},"content":{"rendered":"<section id=\"ls-section-block_99f5141f44431d1fae3bd5f4dd462a11\" class=\"ls-section  page-one has-p-b p-b-0\" >\n        <div class=\"container \">\n        \n\n<h1 class=\"ls__heading wp-block-heading has-text-align-center ls__heading-undefined\"><span style=\"background-color:rgba(0, 0, 0, 0)\" class=\"has-inline-color has-color-1-color\">The Beach<\/span><\/h1>\n\n\n    <\/div>\n<\/section>\n\n<section id=\"ls-section-block_3e0fd164254539fcc734b55551ffc3fd\" class=\"ls-section  page-one has-p-t p-t-0 has-background has-color-white-background-color\" >\n        <div class=\"container container--wide\">\n        \n\n<p class=\"ls-paragraph ls__paragraph\">Do you dream of going camping in the Basque Country by the sea? The BERRUA campsite is located at only 1 km from the beach, this establishment of the Basque coast allows you a fast access to the ocean.<\/p>\n\n\n\n<p class=\"ls-paragraph ls__paragraph\">In July\/August, the city of Bidart provides shuttles to the large beach of Uhabia, the beach of the center and the beach of Erretegia. These are supervised during the day and ideally located between Biarritz and Saint-Jean-de-Luz.<\/p>\n\n\n\n<p class=\"ls-paragraph ls__paragraph\">Animals are accepted in the shuttles only in cages and on the beach outside the supervised swimming hours<\/p>\n\n\n\n<div class=\"wp-block-columns fancybox is-layout-flex wp-container-core-columns-is-layout-9d6595d7 wp-block-columns-is-layout-flex\">\n<div class=\"wp-block-column is-vertically-aligned-center is-layout-flow wp-block-column-is-layout-flow\">\n<figure class=\"wp-block-image size-full\"><a href=\"https:\/\/www.berrua.com\/wp-content\/uploads\/2021\/12\/camping-plage-bidart.jpg\"><img decoding=\"async\" width=\"1200\" height=\"800\" src=\"https:\/\/www.berrua.com\/wp-content\/uploads\/2021\/12\/camping-plage-bidart.jpg\" alt=\"camping plage bidart\" class=\"wp-image-11569\" srcset=\"https:\/\/www.berrua.com\/wp-content\/uploads\/2021\/12\/camping-plage-bidart.jpg 1200w, https:\/\/www.berrua.com\/wp-content\/uploads\/2021\/12\/camping-plage-bidart-300x200.jpg 300w, https:\/\/www.berrua.com\/wp-content\/uploads\/2021\/12\/camping-plage-bidart-1024x683.jpg 1024w, https:\/\/www.berrua.com\/wp-content\/uploads\/2021\/12\/camping-plage-bidart-768x512.jpg 768w\" sizes=\"(max-width: 1200px) 100vw, 1200px\" \/><\/a><\/figure>\n\n\n\n<figure class=\"wp-block-image size-full\"><a href=\"https:\/\/www.berrua.com\/wp-content\/uploads\/2021\/12\/camping-plage-biarritz.jpg\"><img decoding=\"async\" width=\"1200\" height=\"800\" src=\"https:\/\/www.berrua.com\/wp-content\/uploads\/2021\/12\/camping-plage-biarritz.jpg\" alt=\"camping plage biarritz\" class=\"wp-image-11574\" srcset=\"https:\/\/www.berrua.com\/wp-content\/uploads\/2021\/12\/camping-plage-biarritz.jpg 1200w, https:\/\/www.berrua.com\/wp-content\/uploads\/2021\/12\/camping-plage-biarritz-300x200.jpg 300w, https:\/\/www.berrua.com\/wp-content\/uploads\/2021\/12\/camping-plage-biarritz-1024x683.jpg 1024w, https:\/\/www.berrua.com\/wp-content\/uploads\/2021\/12\/camping-plage-biarritz-768x512.jpg 768w\" sizes=\"(max-width: 1200px) 100vw, 1200px\" \/><\/a><\/figure>\n<\/div>\n\n\n\n<div class=\"wp-block-column is-vertically-aligned-center is-layout-flow wp-block-column-is-layout-flow\">\n<figure class=\"wp-block-image size-full\"><a href=\"https:\/\/www.berrua.com\/wp-content\/uploads\/2021\/12\/camping-surf-bidart.jpg\"><img decoding=\"async\" width=\"800\" height=\"1200\" src=\"https:\/\/www.berrua.com\/wp-content\/uploads\/2021\/12\/camping-surf-bidart.jpg\" alt=\"camping surf bidart\" class=\"wp-image-11557\" srcset=\"https:\/\/www.berrua.com\/wp-content\/uploads\/2021\/12\/camping-surf-bidart.jpg 800w, https:\/\/www.berrua.com\/wp-content\/uploads\/2021\/12\/camping-surf-bidart-200x300.jpg 200w, https:\/\/www.berrua.com\/wp-content\/uploads\/2021\/12\/camping-surf-bidart-683x1024.jpg 683w, https:\/\/www.berrua.com\/wp-content\/uploads\/2021\/12\/camping-surf-bidart-768x1152.jpg 768w\" sizes=\"(max-width: 800px) 100vw, 800px\" \/><\/a><\/figure>\n<\/div>\n\n\n\n<div class=\"wp-block-column is-vertically-aligned-center is-layout-flow wp-block-column-is-layout-flow\">\n<figure class=\"wp-block-image size-full\"><a href=\"https:\/\/www.berrua.com\/wp-content\/uploads\/2021\/12\/camping-plage-hendaye.jpg\"><img decoding=\"async\" width=\"800\" height=\"1200\" src=\"https:\/\/www.berrua.com\/wp-content\/uploads\/2021\/12\/camping-plage-hendaye.jpg\" alt=\"camping plage hendaye\" class=\"wp-image-11562\" srcset=\"https:\/\/www.berrua.com\/wp-content\/uploads\/2021\/12\/camping-plage-hendaye.jpg 800w, https:\/\/www.berrua.com\/wp-content\/uploads\/2021\/12\/camping-plage-hendaye-200x300.jpg 200w, https:\/\/www.berrua.com\/wp-content\/uploads\/2021\/12\/camping-plage-hendaye-683x1024.jpg 683w, https:\/\/www.berrua.com\/wp-content\/uploads\/2021\/12\/camping-plage-hendaye-768x1152.jpg 768w\" sizes=\"(max-width: 800px) 100vw, 800px\" \/><\/a><\/figure>\n<\/div>\n<\/div>\n\n\n    <\/div>\n<\/section>\n\n<section id=\"ls-section-block_0b281650e1a90f30d09068c7f6ff1921\" class=\"ls-section  home-fourth has-background has-color-1-background-color has-text-color has-color-white-color\" >\n        <div class=\"container container--wide\">\n        \n\n<div class=\"wp-block-columns is-layout-flex wp-container-core-columns-is-layout-9d6595d7 wp-block-columns-is-layout-flex\">\n<div class=\"wp-block-column is-layout-flow wp-block-column-is-layout-flow\" style=\"flex-basis:33.33%\">\n<p class=\"ls-paragraph ls__paragraph title-deco\"><span style=\"background-color:rgba(0, 0, 0, 0)\" class=\"has-inline-color has-color-3-color\">THE<\/span><\/p>\n\n\n\n<p class=\"ls-paragraph ls__paragraph subtitle-deco\">Beaches<\/p>\n<\/div>\n\n\n\n<div class=\"wp-block-column is-layout-flow wp-block-column-is-layout-flow\" style=\"flex-basis:66.66%\">\n<h2 class=\"ls__heading wp-block-heading ls__heading ls__heading-undefined\">Camping near the beaches of the Basque Country<\/h2>\n\n\n\n<p class=\"ls-paragraph ls__paragraph\">Are you looking for a campsite in the Basque Country by the sea? Do you want to test several swimming spots near your tent, mobile home or camper? The great beach of Biarritz is only 7 km away! Moreover, the bay of Saint-Jean-de-Luz is particularly pleasant for families because the sea is not too rough. Your children can play in the sand and swim, always under your supervision, but without being afraid of the waves. Take advantage of it, it is located only 9 km from the place of accommodation.<\/p>\n\n\n\n<p class=\"ls-paragraph ls__paragraph\">A little further away, only 11 km from your campsite in the Basque Country by the sea, you can discover &#8220;Little California&#8221; in Anglet, where no less than 11 beaches lined up on 4.5 km of fine sand await you!<\/p>\n<\/div>\n<\/div>\n\n\n    <\/div>\n<\/section>\n\n<section id=\"ls-section-block_e739e4c0b9134e9c1e15b72dc91238b6\" class=\"ls-section  page-two\" >\n        <div class=\"container container--wide\">\n        \n<div class=\"wp-block-image\">\n<figure class=\"aligncenter size-large\"><img decoding=\"async\" width=\"1024\" height=\"683\" src=\"https:\/\/www.berrua.com\/wp-content\/uploads\/2021\/12\/camping-plage-anglet-1024x683.jpg\" alt=\"camping plage anglet\" class=\"wp-image-11580\" srcset=\"https:\/\/www.berrua.com\/wp-content\/uploads\/2021\/12\/camping-plage-anglet-1024x683.jpg 1024w, https:\/\/www.berrua.com\/wp-content\/uploads\/2021\/12\/camping-plage-anglet-300x200.jpg 300w, https:\/\/www.berrua.com\/wp-content\/uploads\/2021\/12\/camping-plage-anglet-768x512.jpg 768w, https:\/\/www.berrua.com\/wp-content\/uploads\/2021\/12\/camping-plage-anglet.jpg 1200w\" sizes=\"(max-width: 1024px) 100vw, 1024px\" \/><\/figure>\n<\/div>\n\n\n<h2 class=\"ls__heading wp-block-heading has-text-align-center ls__heading-undefined has-p-t p-t-5\"><span style=\"background-color:rgba(0, 0, 0, 0)\" class=\"has-inline-color has-color-1-color\">Living by the sea, an art of living on the Basque Coast<\/span><\/h2>\n\n\n\n<p class=\"ls-paragraph ls__paragraph\">Staying at the Domaine Berrua means taking full advantage of what the summer season has to offer! Spend your days at the beach, in &#8220;farniente&#8221; mode or on the contrary, to have fun in the sand and in the water by trying your hand at surfing in the Basque Country for example. Shovels, rakes, balls, badminton\u2026 your only limit will be your imagination.<\/p>\n\n\n\n<p class=\"ls-paragraph ls__paragraph\">Back at the campsite, you will enjoy the comfort of your rental or your pitch to rest or you can continue to have fun by participating in the various activities offered by the site teams.<\/p>\n\n\n\n<p class=\"ls-paragraph ls__paragraph\">Choosing a campsite in the Basque country by the sea means opting for a vacation under the sign of sun, good humor and the traditions of the Southwest. All you have to do is make a reservation before escaping on your own, as a couple, with your family or even with friends. For your stay by the sea, discover also the walks on the Basque coastal path.<\/p>\n\n\n    <\/div>\n<\/section>\n\n<section id=\"ls-section-block_11c5565edbdb5de72ca416d187c3b604\" class=\"ls-section  page-cta\" >\n        <div class=\"container container--wide\">\n        \n\n<div id=\"ls-heading ls-titre-div-block_0e595ccf2dc71b834e74c1f1b0e846ff\" class=\"ls-titre-div titre-cta ls__heading-undefined title-deco has-inline-color has-color-1-color aligncenter h2-like\" >\n    Lodging near the beaches<\/div>\n\n\n\n<div class=\"wp-block-columns Le bar la Txalupa, situ\u00e9 au bord de piscine, dot\u00e9 d\u2019une tr\u00e8s belle terrasse, vous proposera, salades , sandwich, panini, cr\u00eapes et gaufres, tout long journ\u00e9e. Pourquoi ne pas siroter un petit ap\u00e9ritif avec quelques tapas??? Durant journ\u00e9e en haute saison, Txalupa accueille chaleureusement sur sa terrasse qui surplombe lieu rencontre d\u00e9tente. surplombant piscine. is-layout-flex wp-container-core-columns-is-layout-9d6595d7 wp-block-columns-is-layout-flex\">\n<div class=\"wp-block-column ls-cta is-layout-flow wp-block-column-is-layout-flow\">\n<div id=\"ls-cta-block_5c77655585983e63b300f2327bcfaa01\" class=\"ls-cta\">  \n    \n\n<a href=\"\/en\/4-star-campsite-basque-country\/berrua-campsite-reception\/\" target=\"\" rel=\"noopener\" class=\"ls-cta__link\" data-categ=\"\">\n\t<div class=\"ls-cta__image\"><img decoding=\"async\" src=\"https:\/\/www.berrua.com\/wp-content\/uploads\/2021\/12\/location-mobil-home-pyrenees-atlantiques.jpg\" alt=\"location mobil home pyrenees atlantiques\"><\/div>\n\t<div class=\"ls-cta__title\">\n\t\tOur rentals\t<\/div>\n\n\t<\/a><\/div><\/div>\n\n\n\n<div class=\"wp-block-column is-layout-flow wp-block-column-is-layout-flow\">\n<div id=\"ls-cta-block_a3bf9a9288f14ac2945f02888a35561c\" class=\"ls-cta\">  \n    \n\n<a href=\"\/en\/cheap-camping-basque-country\/\" target=\"\" rel=\"noopener\" class=\"ls-cta__link\" data-categ=\"\">\n\t<div class=\"ls-cta__image\"><img decoding=\"async\" src=\"https:\/\/www.berrua.com\/wp-content\/uploads\/2021\/11\/camping-pas-cher-cote-basque.jpg\" alt=\"camping pas cher cote basque\"><\/div>\n\t<div class=\"ls-cta__title\">\n\t\tOur rates\t<\/div>\n\n\t<\/a><\/div><\/div>\n<\/div>\n\n\n    <\/div>\n<\/section>","protected":false},"excerpt":{"rendered":"","protected":false},"author":1,"featured_media":514011,"parent":0,"menu_order":0,"comment_status":"closed","ping_status":"closed","template":"","meta":{"_acf_changed":false,"inline_featured_image":false,"footnotes":""},"sujet":[],"class_list":["post-13331","page","type-page","status-publish","has-post-thumbnail","hentry"],"acf":[],"yoast_head":"<!-- This site is optimized with the Yoast SEO plugin v26.2 - https:\/\/yoast.com\/wordpress\/plugins\/seo\/ -->\n<title>Camping c\u00f4te basque | Seaside | Ocean | Atlantic coastline | Beaches<\/title>\n<meta name=\"robots\" content=\"index, follow, max-snippet:-1, max-image-preview:large, max-video-preview:-1\" \/>\n<link rel=\"canonical\" href=\"https:\/\/www.berrua.com\/en\/campsite-basque-country-seaside\/\" \/>\n<meta property=\"og:locale\" content=\"en_US\" \/>\n<meta property=\"og:type\" content=\"article\" \/>\n<meta property=\"og:title\" content=\"Camping c\u00f4te basque | Seaside | Ocean | Atlantic coastline | Beaches\" \/>\n<meta property=\"og:url\" content=\"https:\/\/www.berrua.com\/en\/campsite-basque-country-seaside\/\" \/>\n<meta property=\"og:site_name\" content=\"Domaine Berrua\" \/>\n<meta property=\"article:modified_time\" content=\"2023-11-03T09:18:31+00:00\" \/>\n<meta property=\"og:image\" content=\"https:\/\/www.berrua.com\/wp-content\/uploads\/2022\/03\/bannerplage.jpg\" \/>\n\t<meta property=\"og:image:width\" content=\"1903\" \/>\n\t<meta property=\"og:image:height\" content=\"450\" \/>\n\t<meta property=\"og:image:type\" content=\"image\/jpeg\" \/>\n<meta name=\"twitter:card\" content=\"summary_large_image\" \/>\n<meta name=\"twitter:label1\" content=\"Est. reading time\" \/>\n\t<meta name=\"twitter:data1\" content=\"4 minutes\" \/>\n<script type=\"application\/ld+json\" class=\"yoast-schema-graph\">{\"@context\":\"https:\/\/schema.org\",\"@graph\":[{\"@type\":\"WebPage\",\"@id\":\"https:\/\/www.berrua.com\/en\/campsite-basque-country-seaside\/\",\"url\":\"https:\/\/www.berrua.com\/en\/campsite-basque-country-seaside\/\",\"name\":\"Camping c\u00f4te basque | Seaside | Ocean | Atlantic coastline | Beaches\",\"isPartOf\":{\"@id\":\"https:\/\/www.berrua.com\/en\/#website\"},\"primaryImageOfPage\":{\"@id\":\"https:\/\/www.berrua.com\/en\/campsite-basque-country-seaside\/#primaryimage\"},\"image\":{\"@id\":\"https:\/\/www.berrua.com\/en\/campsite-basque-country-seaside\/#primaryimage\"},\"thumbnailUrl\":\"https:\/\/www.berrua.com\/wp-content\/uploads\/2022\/03\/bannerplage.jpg\",\"datePublished\":\"2021-12-02T09:50:54+00:00\",\"dateModified\":\"2023-11-03T09:18:31+00:00\",\"breadcrumb\":{\"@id\":\"https:\/\/www.berrua.com\/en\/campsite-basque-country-seaside\/#breadcrumb\"},\"inLanguage\":\"en-US\",\"potentialAction\":[{\"@type\":\"ReadAction\",\"target\":[\"https:\/\/www.berrua.com\/en\/campsite-basque-country-seaside\/\"]}]},{\"@type\":\"ImageObject\",\"inLanguage\":\"en-US\",\"@id\":\"https:\/\/www.berrua.com\/en\/campsite-basque-country-seaside\/#primaryimage\",\"url\":\"https:\/\/www.berrua.com\/wp-content\/uploads\/2022\/03\/bannerplage.jpg\",\"contentUrl\":\"https:\/\/www.berrua.com\/wp-content\/uploads\/2022\/03\/bannerplage.jpg\",\"width\":1903,\"height\":450,\"caption\":\"bannerplage\"},{\"@type\":\"BreadcrumbList\",\"@id\":\"https:\/\/www.berrua.com\/en\/campsite-basque-country-seaside\/#breadcrumb\",\"itemListElement\":[{\"@type\":\"ListItem\",\"position\":1,\"name\":\"Camping Bidart au Pays Basque\",\"item\":\"https:\/\/www.berrua.com\/en\/\"},{\"@type\":\"ListItem\",\"position\":2,\"name\":\"Campsite by the sea in the Basque Country\"}]},{\"@type\":\"WebSite\",\"@id\":\"https:\/\/www.berrua.com\/en\/#website\",\"url\":\"https:\/\/www.berrua.com\/en\/\",\"name\":\"Domaine Berrua\",\"description\":\"\",\"publisher\":{\"@id\":\"https:\/\/www.berrua.com\/en\/#organization\"},\"potentialAction\":[{\"@type\":\"SearchAction\",\"target\":{\"@type\":\"EntryPoint\",\"urlTemplate\":\"https:\/\/www.berrua.com\/en\/?s={search_term_string}\"},\"query-input\":{\"@type\":\"PropertyValueSpecification\",\"valueRequired\":true,\"valueName\":\"search_term_string\"}}],\"inLanguage\":\"en-US\"},{\"@type\":\"Organization\",\"@id\":\"https:\/\/www.berrua.com\/en\/#organization\",\"name\":\"Camping Berrua\",\"url\":\"https:\/\/www.berrua.com\/en\/\",\"logo\":{\"@type\":\"ImageObject\",\"inLanguage\":\"en-US\",\"@id\":\"https:\/\/www.berrua.com\/en\/#\/schema\/logo\/image\/\",\"url\":\"https:\/\/www.berrua.com\/wp-content\/uploads\/2022\/01\/berrua.jpg\",\"contentUrl\":\"https:\/\/www.berrua.com\/wp-content\/uploads\/2022\/01\/berrua.jpg\",\"width\":321,\"height\":231,\"caption\":\"Camping Berrua\"},\"image\":{\"@id\":\"https:\/\/www.berrua.com\/en\/#\/schema\/logo\/image\/\"}}]}<\/script>\n<!-- \/ Yoast SEO plugin. -->","yoast_head_json":{"title":"Camping c\u00f4te basque | Seaside | Ocean | Atlantic coastline | Beaches","robots":{"index":"index","follow":"follow","max-snippet":"max-snippet:-1","max-image-preview":"max-image-preview:large","max-video-preview":"max-video-preview:-1"},"canonical":"https:\/\/www.berrua.com\/en\/campsite-basque-country-seaside\/","og_locale":"en_US","og_type":"article","og_title":"Camping c\u00f4te basque | Seaside | Ocean | Atlantic coastline | Beaches","og_url":"https:\/\/www.berrua.com\/en\/campsite-basque-country-seaside\/","og_site_name":"Domaine Berrua","article_modified_time":"2023-11-03T09:18:31+00:00","og_image":[{"width":1903,"height":450,"url":"https:\/\/www.berrua.com\/wp-content\/uploads\/2022\/03\/bannerplage.jpg","type":"image\/jpeg"}],"twitter_card":"summary_large_image","twitter_misc":{"Est. reading time":"4 minutes"},"schema":{"@context":"https:\/\/schema.org","@graph":[{"@type":"WebPage","@id":"https:\/\/www.berrua.com\/en\/campsite-basque-country-seaside\/","url":"https:\/\/www.berrua.com\/en\/campsite-basque-country-seaside\/","name":"Camping c\u00f4te basque | Seaside | Ocean | Atlantic coastline | Beaches","isPartOf":{"@id":"https:\/\/www.berrua.com\/en\/#website"},"primaryImageOfPage":{"@id":"https:\/\/www.berrua.com\/en\/campsite-basque-country-seaside\/#primaryimage"},"image":{"@id":"https:\/\/www.berrua.com\/en\/campsite-basque-country-seaside\/#primaryimage"},"thumbnailUrl":"https:\/\/www.berrua.com\/wp-content\/uploads\/2022\/03\/bannerplage.jpg","datePublished":"2021-12-02T09:50:54+00:00","dateModified":"2023-11-03T09:18:31+00:00","breadcrumb":{"@id":"https:\/\/www.berrua.com\/en\/campsite-basque-country-seaside\/#breadcrumb"},"inLanguage":"en-US","potentialAction":[{"@type":"ReadAction","target":["https:\/\/www.berrua.com\/en\/campsite-basque-country-seaside\/"]}]},{"@type":"ImageObject","inLanguage":"en-US","@id":"https:\/\/www.berrua.com\/en\/campsite-basque-country-seaside\/#primaryimage","url":"https:\/\/www.berrua.com\/wp-content\/uploads\/2022\/03\/bannerplage.jpg","contentUrl":"https:\/\/www.berrua.com\/wp-content\/uploads\/2022\/03\/bannerplage.jpg","width":1903,"height":450,"caption":"bannerplage"},{"@type":"BreadcrumbList","@id":"https:\/\/www.berrua.com\/en\/campsite-basque-country-seaside\/#breadcrumb","itemListElement":[{"@type":"ListItem","position":1,"name":"Camping Bidart au Pays Basque","item":"https:\/\/www.berrua.com\/en\/"},{"@type":"ListItem","position":2,"name":"Campsite by the sea in the Basque Country"}]},{"@type":"WebSite","@id":"https:\/\/www.berrua.com\/en\/#website","url":"https:\/\/www.berrua.com\/en\/","name":"Domaine Berrua","description":"","publisher":{"@id":"https:\/\/www.berrua.com\/en\/#organization"},"potentialAction":[{"@type":"SearchAction","target":{"@type":"EntryPoint","urlTemplate":"https:\/\/www.berrua.com\/en\/?s={search_term_string}"},"query-input":{"@type":"PropertyValueSpecification","valueRequired":true,"valueName":"search_term_string"}}],"inLanguage":"en-US"},{"@type":"Organization","@id":"https:\/\/www.berrua.com\/en\/#organization","name":"Camping Berrua","url":"https:\/\/www.berrua.com\/en\/","logo":{"@type":"ImageObject","inLanguage":"en-US","@id":"https:\/\/www.berrua.com\/en\/#\/schema\/logo\/image\/","url":"https:\/\/www.berrua.com\/wp-content\/uploads\/2022\/01\/berrua.jpg","contentUrl":"https:\/\/www.berrua.com\/wp-content\/uploads\/2022\/01\/berrua.jpg","width":321,"height":231,"caption":"Camping Berrua"},"image":{"@id":"https:\/\/www.berrua.com\/en\/#\/schema\/logo\/image\/"}}]}},"_links":{"self":[{"href":"https:\/\/www.berrua.com\/en\/wp-json\/wp\/v2\/pages\/13331","targetHints":{"allow":["GET"]}}],"collection":[{"href":"https:\/\/www.berrua.com\/en\/wp-json\/wp\/v2\/pages"}],"about":[{"href":"https:\/\/www.berrua.com\/en\/wp-json\/wp\/v2\/types\/page"}],"author":[{"embeddable":true,"href":"https:\/\/www.berrua.com\/en\/wp-json\/wp\/v2\/users\/1"}],"replies":[{"embeddable":true,"href":"https:\/\/www.berrua.com\/en\/wp-json\/wp\/v2\/comments?post=13331"}],"version-history":[{"count":12,"href":"https:\/\/www.berrua.com\/en\/wp-json\/wp\/v2\/pages\/13331\/revisions"}],"predecessor-version":[{"id":989549,"href":"https:\/\/www.berrua.com\/en\/wp-json\/wp\/v2\/pages\/13331\/revisions\/989549"}],"wp:featuredmedia":[{"embeddable":true,"href":"https:\/\/www.berrua.com\/en\/wp-json\/wp\/v2\/media\/514011"}],"wp:attachment":[{"href":"https:\/\/www.berrua.com\/en\/wp-json\/wp\/v2\/media?parent=13331"}],"wp:term":[{"taxonomy":"sujet","embeddable":true,"href":"https:\/\/www.berrua.com\/en\/wp-json\/wp\/v2\/sujet?post=13331"}],"curies":[{"name":"wp","href":"https:\/\/api.w.org\/{rel}","templated":true}]}}