{"id":13320,"date":"2021-10-20T16:09:47","date_gmt":"2021-10-20T14:09:47","guid":{"rendered":"http:\/\/www.berrua.com\/camping-pas-cher-pays-basque\/"},"modified":"2023-11-03T09:54:16","modified_gmt":"2023-11-03T08:54:16","slug":"cheap-camping-basque-country","status":"publish","type":"page","link":"https:\/\/www.berrua.com\/en\/cheap-camping-basque-country\/","title":{"rendered":"Nos h\u00e9bergements : Tarifs"},"content":{"rendered":"<section id=\"ls-section-block_52392af0da96d3e28f66810e94f2a2d4\" class=\"ls-section  page-one has-p-b p-b-0\" >\n        <div class=\"container \">\n        \n\n<h1 class=\"ls__heading wp-block-heading has-text-align-center ls__heading-undefined\">Rates<\/h1>\n\n\n    <\/div>\n<\/section>\n\n<section id=\"ls-section-block_10939121be941f83f5485792762ec265\" class=\"ls-section \" >\n        <div class=\"container container--wide\">\n        \n\n<div ilib-simpleblock=\"\" ilib-simpleblock-day=\"\" ilib-simpleblock-categories=\"*\" ilib-simpleblock-idsite=\"\" ilib-simpleblock-description=\"\" ilib-simpleblock-nbblocks=\"2\" ilib-simpleblock-defaultblock=\"freeSearch\"><\/div><script>\n\t\t\t\t(function(t,h,e,l,i,s,R,E,S,A){\n\t\t\t\tt[i]={},t[i][s]=t[i][s]||function(){\n\t\t\t\tif(1===arguments.length){return t[i].a[arguments[0]]||null}\n\t\t\t\telse{t[i].a=t[i].a||[]; t[i].a[arguments[0]] = arguments[1];}\n\t\t\t\t},\n\t\t\t\tR=h.createElement(e),E=h.getElementsByTagName(e)[0];\n\t\t\t\tR.async=1;R.src=l;E.parentNode.insertBefore(R,E)})(window,document,\"script\",\"https:\/\/ajax.webcamp.fr\/v3\/\",\"thelisresa\",\"ilib\"); \n\t\t\t\tthelisresa.ilib('camping', 'berrua&version=2015');\n\t\t\t\tthelisresa.ilib('language', 'en');\n\t\t\t\t<\/script>\n\n\n    <\/div>\n<\/section>\n\n<section id=\"ls-section-block_649d97ec6db69f23c92b6aa4605be64e\" class=\"ls-section  page-one has-p-t p-t-0 has-background has-color-white-background-color\" >\n        <div class=\"container container--wide\">\n        \n\n<h2 class=\"ls__heading wp-block-heading has-text-align-left ls__heading-undefined has-inline-color has-color-1-color\">Mobile homes with the best quality-price ratio<\/h2>\n\n\n\n<p class=\"ls-paragraph ls__paragraph\">Immerse yourself in the heart of the Basque Country, by booking your accommodation at reduced prices, with the characteristic architecture of the region.<\/p>\n\n\n\n<p class=\"ls-paragraph ls__paragraph\">The mobile homes, from 16 to 40 m\u00b2, can accommodate from 2 to 8 people. They offer all the necessary comfort at an attractive price, which you can complete with additional options. Each private space includes a terrace, perfect for sunbathing in privacy or relaxing in the quiet.<\/p>\n\n\n\n<p class=\"ls-paragraph ls__paragraph\">Benefit from the best value for money: from 43 \u20ac per night, depending on the standard and the season at the cheap campsite Pays Basque.<\/p>\n\n\n\n<div class=\"wp-block-columns fancybox is-layout-flex wp-container-core-columns-is-layout-9d6595d7 wp-block-columns-is-layout-flex\">\n<div class=\"wp-block-column is-vertically-aligned-center is-layout-flow wp-block-column-is-layout-flow\">\n<figure class=\"wp-block-image size-full\"><a href=\"https:\/\/www.berrua.com\/wp-content\/uploads\/2021\/11\/camping-pas-cher-pays-basque.jpg\"><img decoding=\"async\" width=\"1200\" height=\"800\" src=\"https:\/\/www.berrua.com\/wp-content\/uploads\/2021\/11\/camping-pas-cher-pays-basque.jpg\" alt=\"camping pas cher pays basque\" class=\"wp-image-11141\" srcset=\"https:\/\/www.berrua.com\/wp-content\/uploads\/2021\/11\/camping-pas-cher-pays-basque.jpg 1200w, https:\/\/www.berrua.com\/wp-content\/uploads\/2021\/11\/camping-pas-cher-pays-basque-300x200.jpg 300w, https:\/\/www.berrua.com\/wp-content\/uploads\/2021\/11\/camping-pas-cher-pays-basque-1024x683.jpg 1024w, https:\/\/www.berrua.com\/wp-content\/uploads\/2021\/11\/camping-pas-cher-pays-basque-768x512.jpg 768w\" sizes=\"(max-width: 1200px) 100vw, 1200px\" \/><\/a><\/figure>\n\n\n\n<figure class=\"wp-block-image size-full\"><a href=\"https:\/\/www.berrua.com\/wp-content\/uploads\/2021\/11\/camping-pas-cher-bidart.jpg\"><img decoding=\"async\" width=\"1200\" height=\"800\" src=\"https:\/\/www.berrua.com\/wp-content\/uploads\/2021\/11\/camping-pas-cher-bidart.jpg\" alt=\"camping pas cher bidart\" class=\"wp-image-11146\" srcset=\"https:\/\/www.berrua.com\/wp-content\/uploads\/2021\/11\/camping-pas-cher-bidart.jpg 1200w, https:\/\/www.berrua.com\/wp-content\/uploads\/2021\/11\/camping-pas-cher-bidart-300x200.jpg 300w, https:\/\/www.berrua.com\/wp-content\/uploads\/2021\/11\/camping-pas-cher-bidart-1024x683.jpg 1024w, https:\/\/www.berrua.com\/wp-content\/uploads\/2021\/11\/camping-pas-cher-bidart-768x512.jpg 768w\" sizes=\"(max-width: 1200px) 100vw, 1200px\" \/><\/a><\/figure>\n<\/div>\n\n\n\n<div class=\"wp-block-column is-vertically-aligned-center is-layout-flow wp-block-column-is-layout-flow\">\n<figure class=\"wp-block-image size-full\"><a href=\"https:\/\/www.berrua.com\/wp-content\/uploads\/2021\/11\/camping-meilleur-prix-pays-basque.jpg\"><img decoding=\"async\" width=\"800\" height=\"1200\" src=\"https:\/\/www.berrua.com\/wp-content\/uploads\/2021\/11\/camping-meilleur-prix-pays-basque.jpg\" alt=\"camping meilleur prix pays basque\" class=\"wp-image-11129\" srcset=\"https:\/\/www.berrua.com\/wp-content\/uploads\/2021\/11\/camping-meilleur-prix-pays-basque.jpg 800w, https:\/\/www.berrua.com\/wp-content\/uploads\/2021\/11\/camping-meilleur-prix-pays-basque-200x300.jpg 200w, https:\/\/www.berrua.com\/wp-content\/uploads\/2021\/11\/camping-meilleur-prix-pays-basque-683x1024.jpg 683w, https:\/\/www.berrua.com\/wp-content\/uploads\/2021\/11\/camping-meilleur-prix-pays-basque-768x1152.jpg 768w\" sizes=\"(max-width: 800px) 100vw, 800px\" \/><\/a><\/figure>\n<\/div>\n\n\n\n<div class=\"wp-block-column is-vertically-aligned-center is-layout-flow wp-block-column-is-layout-flow\">\n<figure class=\"wp-block-image size-full\"><a href=\"https:\/\/www.berrua.com\/wp-content\/uploads\/2021\/11\/camping-meilleur-prix-bidart.jpg\"><img decoding=\"async\" width=\"800\" height=\"1200\" src=\"https:\/\/www.berrua.com\/wp-content\/uploads\/2021\/11\/camping-meilleur-prix-bidart.jpg\" alt=\"camping meilleur prix bidart\" class=\"wp-image-11134\" srcset=\"https:\/\/www.berrua.com\/wp-content\/uploads\/2021\/11\/camping-meilleur-prix-bidart.jpg 800w, https:\/\/www.berrua.com\/wp-content\/uploads\/2021\/11\/camping-meilleur-prix-bidart-200x300.jpg 200w, https:\/\/www.berrua.com\/wp-content\/uploads\/2021\/11\/camping-meilleur-prix-bidart-683x1024.jpg 683w, https:\/\/www.berrua.com\/wp-content\/uploads\/2021\/11\/camping-meilleur-prix-bidart-768x1152.jpg 768w\" sizes=\"(max-width: 800px) 100vw, 800px\" \/><\/a><\/figure>\n<\/div>\n<\/div>\n\n\n    <\/div>\n<\/section>\n\n<section id=\"ls-section-block_9c2cb6be967396b61551618be8ff192a\" class=\"ls-section \" >\n        <div class=\"container container--wide\">\n        \n<div class=\"wp-block-image\">\n<figure class=\"aligncenter size-large\"><img decoding=\"async\" width=\"1024\" height=\"683\" src=\"https:\/\/www.berrua.com\/wp-content\/uploads\/2021\/11\/camping-pas-cher-cote-basque-1024x683.jpg\" alt=\"camping pas cher cote basque\" class=\"wp-image-11152\" srcset=\"https:\/\/www.berrua.com\/wp-content\/uploads\/2021\/11\/camping-pas-cher-cote-basque-1024x683.jpg 1024w, https:\/\/www.berrua.com\/wp-content\/uploads\/2021\/11\/camping-pas-cher-cote-basque-300x200.jpg 300w, https:\/\/www.berrua.com\/wp-content\/uploads\/2021\/11\/camping-pas-cher-cote-basque-768x512.jpg 768w, https:\/\/www.berrua.com\/wp-content\/uploads\/2021\/11\/camping-pas-cher-cote-basque.jpg 1200w\" sizes=\"(max-width: 1024px) 100vw, 1024px\" \/><\/figure>\n<\/div>\n\n\n<h2 class=\"ls__heading wp-block-heading has-text-align-center ls__heading-undefined has-p-t p-t-5\"><span style=\"background-color:rgba(0, 0, 0, 0)\" class=\"has-inline-color has-color-1-color\">Your stay at the best price in the Basque Country<\/span><\/h2>\n\n\n\n<p class=\"ls-paragraph ls__paragraph\">Who said that a 4 star establishment was not a cheap campsite in Bidart in the Basque Country? Booking your stay at the cheap Pays Basque campsite means combining quality accommodation and services at the best price to make your stay as pleasant as possible. A free shuttle bus will take you to the beach for an afternoon of swimming or to downtown Bidart to do your shopping or buy a souvenir.<\/p>\n\n\n\n<p class=\"ls-paragraph ls__paragraph\">No need to overload your luggage, two on-site laundries allow you to take care of your laundry. Just remember to have a little change on you. The service station for motorhomes is located in a separate parking lot. Experience memorable evenings by taking part in the convivial animations, accessible from 0 to 77 years and more. Ready to benefit from attractive rates in Bidart in a campsite conducive to escape? Book now. Spa, jacuzzi, swimming pool and slide are waiting for you!<\/p>\n\n\n    <\/div>\n<\/section>\n\n<section id=\"ls-section-block_92959180610fefb41b994b38312f7c5a\" class=\"ls-section  page-cta\" >\n        <div class=\"container container--wide\">\n        \n\n<div id=\"ls-heading ls-titre-div-block_4774bc729b9644b1d7f55b88d8892157\" class=\"ls-titre-div titre-cta ls__heading-undefined title-deco has-inline-color has-color-1-color aligncenter h2-like\" >\n    THE ACCOMMODATION &#038; ACTIVITIES OF THE CAMPING<\/div>\n\n\n\n<div class=\"wp-block-columns Le bar la Txalupa, situ\u00e9 au bord de piscine, dot\u00e9 d\u2019une tr\u00e8s belle terrasse, vous proposera, salades , sandwich, panini, cr\u00eapes et gaufres, tout long journ\u00e9e. Pourquoi ne pas siroter un petit ap\u00e9ritif avec quelques tapas??? Durant journ\u00e9e en haute saison, Txalupa accueille chaleureusement sur sa terrasse qui surplombe lieu rencontre d\u00e9tente. surplombant piscine. is-layout-flex wp-container-core-columns-is-layout-9d6595d7 wp-block-columns-is-layout-flex\">\n<div class=\"wp-block-column ls-cta is-layout-flow wp-block-column-is-layout-flow\">\n<div id=\"ls-cta-block_5142595de5c52af7625869338169e5d4\" class=\"ls-cta\">  \n    \n\n<a href=\"\/en\/mobile-home-rental-basque-country\/\" target=\"\" rel=\"noopener\" class=\"ls-cta__link\" data-categ=\"\">\n\t<div class=\"ls-cta__image\"><img decoding=\"async\" src=\"https:\/\/www.berrua.com\/wp-content\/uploads\/2021\/11\/location-mobil-home-pays-basque.jpg\" alt=\"location mobil home pays-basque\"><\/div>\n\t<div class=\"ls-cta__title\">\n\t\tOur rentals\t<\/div>\n\n\t<\/a><\/div><\/div>\n\n\n\n<div class=\"wp-block-column is-layout-flow wp-block-column-is-layout-flow\">\n<div id=\"ls-cta-block_b4cb4092699e5fdf3f83d80c8adfbab0\" class=\"ls-cta\">  \n    \n\n<a href=\"\/en\/4-star-campsite-basque-country\/campsite-with-restaurant-pizzeria-basque-country\/\" target=\"\" rel=\"noopener\" class=\"ls-cta__link\" data-categ=\"\">\n\t<div class=\"ls-cta__image\"><img decoding=\"async\" src=\"https:\/\/www.berrua.com\/wp-content\/uploads\/2021\/12\/camping-animations-bidart-1.jpg\" alt=\"camping animations bidart\"><\/div>\n\t<div class=\"ls-cta__title\">\n\t\tAnimations &#038; sports activities\t<\/div>\n\n\t<\/a><\/div><\/div>\n<\/div>\n\n\n    <\/div>\n<\/section>","protected":false},"excerpt":{"rendered":"","protected":false},"author":1,"featured_media":988882,"parent":0,"menu_order":0,"comment_status":"closed","ping_status":"closed","template":"","meta":{"_acf_changed":false,"inline_featured_image":false,"footnotes":""},"sujet":[],"class_list":["post-13320","page","type-page","status-publish","has-post-thumbnail","hentry"],"acf":[],"yoast_head":"<!-- This site is optimized with the Yoast SEO plugin v26.2 - https:\/\/yoast.com\/wordpress\/plugins\/seo\/ -->\n<title>Cheap camping Pays-basque | Campsite best price Bidart (64)<\/title>\n<meta name=\"robots\" content=\"index, follow, max-snippet:-1, max-image-preview:large, max-video-preview:-1\" \/>\n<link rel=\"canonical\" href=\"https:\/\/www.berrua.com\/en\/cheap-camping-basque-country\/\" \/>\n<meta property=\"og:locale\" content=\"en_US\" \/>\n<meta property=\"og:type\" content=\"article\" \/>\n<meta property=\"og:title\" content=\"Cheap camping Pays-basque | Campsite best price Bidart (64)\" \/>\n<meta property=\"og:url\" content=\"https:\/\/www.berrua.com\/en\/cheap-camping-basque-country\/\" \/>\n<meta property=\"og:site_name\" content=\"Domaine Berrua\" \/>\n<meta property=\"article:modified_time\" content=\"2023-11-03T08:54:16+00:00\" \/>\n<meta property=\"og:image\" content=\"https:\/\/www.berrua.com\/wp-content\/uploads\/2023\/08\/camping-meilleur-prix-pyrenees-atlantiques-1.jpg\" \/>\n\t<meta property=\"og:image:width\" content=\"1800\" \/>\n\t<meta property=\"og:image:height\" content=\"663\" \/>\n\t<meta property=\"og:image:type\" content=\"image\/jpeg\" \/>\n<meta name=\"twitter:card\" content=\"summary_large_image\" \/>\n<meta name=\"twitter:label1\" content=\"Est. reading time\" \/>\n\t<meta name=\"twitter:data1\" content=\"3 minutes\" \/>\n<script type=\"application\/ld+json\" class=\"yoast-schema-graph\">{\"@context\":\"https:\/\/schema.org\",\"@graph\":[{\"@type\":\"WebPage\",\"@id\":\"https:\/\/www.berrua.com\/en\/cheap-camping-basque-country\/\",\"url\":\"https:\/\/www.berrua.com\/en\/cheap-camping-basque-country\/\",\"name\":\"Cheap camping Pays-basque | Campsite best price Bidart (64)\",\"isPartOf\":{\"@id\":\"https:\/\/www.berrua.com\/en\/#website\"},\"primaryImageOfPage\":{\"@id\":\"https:\/\/www.berrua.com\/en\/cheap-camping-basque-country\/#primaryimage\"},\"image\":{\"@id\":\"https:\/\/www.berrua.com\/en\/cheap-camping-basque-country\/#primaryimage\"},\"thumbnailUrl\":\"https:\/\/www.berrua.com\/wp-content\/uploads\/2023\/08\/camping-meilleur-prix-pyrenees-atlantiques-1.jpg\",\"datePublished\":\"2021-10-20T14:09:47+00:00\",\"dateModified\":\"2023-11-03T08:54:16+00:00\",\"breadcrumb\":{\"@id\":\"https:\/\/www.berrua.com\/en\/cheap-camping-basque-country\/#breadcrumb\"},\"inLanguage\":\"en-US\",\"potentialAction\":[{\"@type\":\"ReadAction\",\"target\":[\"https:\/\/www.berrua.com\/en\/cheap-camping-basque-country\/\"]}]},{\"@type\":\"ImageObject\",\"inLanguage\":\"en-US\",\"@id\":\"https:\/\/www.berrua.com\/en\/cheap-camping-basque-country\/#primaryimage\",\"url\":\"https:\/\/www.berrua.com\/wp-content\/uploads\/2023\/08\/camping-meilleur-prix-pyrenees-atlantiques-1.jpg\",\"contentUrl\":\"https:\/\/www.berrua.com\/wp-content\/uploads\/2023\/08\/camping-meilleur-prix-pyrenees-atlantiques-1.jpg\",\"width\":1800,\"height\":663,\"caption\":\"camping pas cher pays basque\"},{\"@type\":\"BreadcrumbList\",\"@id\":\"https:\/\/www.berrua.com\/en\/cheap-camping-basque-country\/#breadcrumb\",\"itemListElement\":[{\"@type\":\"ListItem\",\"position\":1,\"name\":\"Camping Bidart au Pays Basque\",\"item\":\"https:\/\/www.berrua.com\/en\/\"},{\"@type\":\"ListItem\",\"position\":2,\"name\":\"Cheap campsite Bidart\"}]},{\"@type\":\"WebSite\",\"@id\":\"https:\/\/www.berrua.com\/en\/#website\",\"url\":\"https:\/\/www.berrua.com\/en\/\",\"name\":\"Domaine Berrua\",\"description\":\"\",\"publisher\":{\"@id\":\"https:\/\/www.berrua.com\/en\/#organization\"},\"potentialAction\":[{\"@type\":\"SearchAction\",\"target\":{\"@type\":\"EntryPoint\",\"urlTemplate\":\"https:\/\/www.berrua.com\/en\/?s={search_term_string}\"},\"query-input\":{\"@type\":\"PropertyValueSpecification\",\"valueRequired\":true,\"valueName\":\"search_term_string\"}}],\"inLanguage\":\"en-US\"},{\"@type\":\"Organization\",\"@id\":\"https:\/\/www.berrua.com\/en\/#organization\",\"name\":\"Camping Berrua\",\"url\":\"https:\/\/www.berrua.com\/en\/\",\"logo\":{\"@type\":\"ImageObject\",\"inLanguage\":\"en-US\",\"@id\":\"https:\/\/www.berrua.com\/en\/#\/schema\/logo\/image\/\",\"url\":\"https:\/\/www.berrua.com\/wp-content\/uploads\/2022\/01\/berrua.jpg\",\"contentUrl\":\"https:\/\/www.berrua.com\/wp-content\/uploads\/2022\/01\/berrua.jpg\",\"width\":321,\"height\":231,\"caption\":\"Camping Berrua\"},\"image\":{\"@id\":\"https:\/\/www.berrua.com\/en\/#\/schema\/logo\/image\/\"}}]}<\/script>\n<!-- \/ Yoast SEO plugin. -->","yoast_head_json":{"title":"Cheap camping Pays-basque | Campsite best price Bidart (64)","robots":{"index":"index","follow":"follow","max-snippet":"max-snippet:-1","max-image-preview":"max-image-preview:large","max-video-preview":"max-video-preview:-1"},"canonical":"https:\/\/www.berrua.com\/en\/cheap-camping-basque-country\/","og_locale":"en_US","og_type":"article","og_title":"Cheap camping Pays-basque | Campsite best price Bidart (64)","og_url":"https:\/\/www.berrua.com\/en\/cheap-camping-basque-country\/","og_site_name":"Domaine Berrua","article_modified_time":"2023-11-03T08:54:16+00:00","og_image":[{"width":1800,"height":663,"url":"https:\/\/www.berrua.com\/wp-content\/uploads\/2023\/08\/camping-meilleur-prix-pyrenees-atlantiques-1.jpg","type":"image\/jpeg"}],"twitter_card":"summary_large_image","twitter_misc":{"Est. reading time":"3 minutes"},"schema":{"@context":"https:\/\/schema.org","@graph":[{"@type":"WebPage","@id":"https:\/\/www.berrua.com\/en\/cheap-camping-basque-country\/","url":"https:\/\/www.berrua.com\/en\/cheap-camping-basque-country\/","name":"Cheap camping Pays-basque | Campsite best price Bidart (64)","isPartOf":{"@id":"https:\/\/www.berrua.com\/en\/#website"},"primaryImageOfPage":{"@id":"https:\/\/www.berrua.com\/en\/cheap-camping-basque-country\/#primaryimage"},"image":{"@id":"https:\/\/www.berrua.com\/en\/cheap-camping-basque-country\/#primaryimage"},"thumbnailUrl":"https:\/\/www.berrua.com\/wp-content\/uploads\/2023\/08\/camping-meilleur-prix-pyrenees-atlantiques-1.jpg","datePublished":"2021-10-20T14:09:47+00:00","dateModified":"2023-11-03T08:54:16+00:00","breadcrumb":{"@id":"https:\/\/www.berrua.com\/en\/cheap-camping-basque-country\/#breadcrumb"},"inLanguage":"en-US","potentialAction":[{"@type":"ReadAction","target":["https:\/\/www.berrua.com\/en\/cheap-camping-basque-country\/"]}]},{"@type":"ImageObject","inLanguage":"en-US","@id":"https:\/\/www.berrua.com\/en\/cheap-camping-basque-country\/#primaryimage","url":"https:\/\/www.berrua.com\/wp-content\/uploads\/2023\/08\/camping-meilleur-prix-pyrenees-atlantiques-1.jpg","contentUrl":"https:\/\/www.berrua.com\/wp-content\/uploads\/2023\/08\/camping-meilleur-prix-pyrenees-atlantiques-1.jpg","width":1800,"height":663,"caption":"camping pas cher pays basque"},{"@type":"BreadcrumbList","@id":"https:\/\/www.berrua.com\/en\/cheap-camping-basque-country\/#breadcrumb","itemListElement":[{"@type":"ListItem","position":1,"name":"Camping Bidart au Pays Basque","item":"https:\/\/www.berrua.com\/en\/"},{"@type":"ListItem","position":2,"name":"Cheap campsite Bidart"}]},{"@type":"WebSite","@id":"https:\/\/www.berrua.com\/en\/#website","url":"https:\/\/www.berrua.com\/en\/","name":"Domaine Berrua","description":"","publisher":{"@id":"https:\/\/www.berrua.com\/en\/#organization"},"potentialAction":[{"@type":"SearchAction","target":{"@type":"EntryPoint","urlTemplate":"https:\/\/www.berrua.com\/en\/?s={search_term_string}"},"query-input":{"@type":"PropertyValueSpecification","valueRequired":true,"valueName":"search_term_string"}}],"inLanguage":"en-US"},{"@type":"Organization","@id":"https:\/\/www.berrua.com\/en\/#organization","name":"Camping Berrua","url":"https:\/\/www.berrua.com\/en\/","logo":{"@type":"ImageObject","inLanguage":"en-US","@id":"https:\/\/www.berrua.com\/en\/#\/schema\/logo\/image\/","url":"https:\/\/www.berrua.com\/wp-content\/uploads\/2022\/01\/berrua.jpg","contentUrl":"https:\/\/www.berrua.com\/wp-content\/uploads\/2022\/01\/berrua.jpg","width":321,"height":231,"caption":"Camping Berrua"},"image":{"@id":"https:\/\/www.berrua.com\/en\/#\/schema\/logo\/image\/"}}]}},"_links":{"self":[{"href":"https:\/\/www.berrua.com\/en\/wp-json\/wp\/v2\/pages\/13320","targetHints":{"allow":["GET"]}}],"collection":[{"href":"https:\/\/www.berrua.com\/en\/wp-json\/wp\/v2\/pages"}],"about":[{"href":"https:\/\/www.berrua.com\/en\/wp-json\/wp\/v2\/types\/page"}],"author":[{"embeddable":true,"href":"https:\/\/www.berrua.com\/en\/wp-json\/wp\/v2\/users\/1"}],"replies":[{"embeddable":true,"href":"https:\/\/www.berrua.com\/en\/wp-json\/wp\/v2\/comments?post=13320"}],"version-history":[{"count":21,"href":"https:\/\/www.berrua.com\/en\/wp-json\/wp\/v2\/pages\/13320\/revisions"}],"predecessor-version":[{"id":989344,"href":"https:\/\/www.berrua.com\/en\/wp-json\/wp\/v2\/pages\/13320\/revisions\/989344"}],"wp:featuredmedia":[{"embeddable":true,"href":"https:\/\/www.berrua.com\/en\/wp-json\/wp\/v2\/media\/988882"}],"wp:attachment":[{"href":"https:\/\/www.berrua.com\/en\/wp-json\/wp\/v2\/media?parent=13320"}],"wp:term":[{"taxonomy":"sujet","embeddable":true,"href":"https:\/\/www.berrua.com\/en\/wp-json\/wp\/v2\/sujet?post=13320"}],"curies":[{"name":"wp","href":"https:\/\/api.w.org\/{rel}","templated":true}]}}