{"id":13197,"date":"2021-10-20T16:07:47","date_gmt":"2021-10-20T14:07:47","guid":{"rendered":"http:\/\/www.berrua.com\/reception-camping-pays-basque\/"},"modified":"2022-12-20T13:35:55","modified_gmt":"2022-12-20T12:35:55","slug":"berrua-campsite-reception","status":"publish","type":"page","link":"https:\/\/www.berrua.com\/en\/4-star-campsite-basque-country\/berrua-campsite-reception\/","title":{"rendered":"Les prestations : R\u00e9ception"},"content":{"rendered":"<section id=\"ls-section-block_fe0e9838bebccd7037b11ab20241bf23\" class=\"ls-section  page-one has-background has-color-white-background-color\" >\n        <div class=\"container container--wide\">\n        \n\n<h1 class=\"ls__heading has-text-align-center ls__heading-undefined wp-block-heading\"><mark style=\"background-color:rgba(0, 0, 0, 0)\" class=\"has-inline-color has-color-1-color\">BERRUA CAMPSITE RECEPTION<\/mark><\/h1>\n\n\n\n<p class=\"ls-paragraph\">The&nbsp;<a href=\"\/en\/\">campsite Berrua in the Basque Country<\/a>&nbsp;will reopen on March 30, 2018 until September 30, 2018<\/p>\n\n\n\n<p class=\"ls-paragraph\">To date the standard is open from 9am to 12am and from 14h to 17h.<\/p>\n\n\n\n<h2 class=\"ls__heading ls__heading-undefined wp-block-heading\"><mark style=\"background-color:rgba(0, 0, 0, 0)\" class=\"has-inline-color has-color-1-color\">4 star campsite with reception in Bidart<\/mark><\/h2>\n\n\n\n<p class=\"ls-paragraph ls__paragraph\">To welcome you in the best conditions, our teams are at your service to inform you and lend you the equipment you need. During your stay, our receptionists are here for you:<\/p>\n\n\n\n<ul class=\"ls-list wp-block-list\">\n<li>Reception and delivery of keys<\/li>\n\n\n\n<li>Tourist information<\/li>\n\n\n\n<li>Sending the mail<\/li>\n\n\n\n<li>Loan of equipment: ping-pong and tennis rackets, balloons, iron, hair dryer \u2026<\/li>\n\n\n\n<li>Registration for sports activities and the hammam<\/li>\n\n\n\n<li>Security and surveillance<\/li>\n<\/ul>\n\n\n\n<div class=\"wp-block-columns fancybox is-layout-flex wp-container-core-columns-is-layout-9d6595d7 wp-block-columns-is-layout-flex\">\n<div class=\"wp-block-column is-vertically-aligned-center is-layout-flow wp-block-column-is-layout-flow\">\n<figure class=\"wp-block-image size-full\"><a href=\"https:\/\/www.berrua.com\/wp-content\/uploads\/2021\/11\/camping-4-etoiles-pays-basque.jpg\"><img decoding=\"async\" width=\"1200\" height=\"800\" src=\"https:\/\/www.berrua.com\/wp-content\/uploads\/2021\/11\/camping-4-etoiles-pays-basque.jpg\" alt=\"camping 4 etoiles pays basque\" class=\"wp-image-10864\" srcset=\"https:\/\/www.berrua.com\/wp-content\/uploads\/2021\/11\/camping-4-etoiles-pays-basque.jpg 1200w, https:\/\/www.berrua.com\/wp-content\/uploads\/2021\/11\/camping-4-etoiles-pays-basque-300x200.jpg 300w, https:\/\/www.berrua.com\/wp-content\/uploads\/2021\/11\/camping-4-etoiles-pays-basque-1024x683.jpg 1024w, https:\/\/www.berrua.com\/wp-content\/uploads\/2021\/11\/camping-4-etoiles-pays-basque-768x512.jpg 768w\" sizes=\"(max-width: 1200px) 100vw, 1200px\" \/><\/a><\/figure>\n\n\n\n<figure class=\"wp-block-image size-full\"><a href=\"https:\/\/www.berrua.com\/wp-content\/uploads\/2021\/11\/camping-4-etoiles-cote-basque.jpg\"><img decoding=\"async\" width=\"1200\" height=\"800\" src=\"https:\/\/www.berrua.com\/wp-content\/uploads\/2021\/11\/camping-4-etoiles-cote-basque.jpg\" alt=\"camping 4 etoiles cote basque\" class=\"wp-image-10869\" srcset=\"https:\/\/www.berrua.com\/wp-content\/uploads\/2021\/11\/camping-4-etoiles-cote-basque.jpg 1200w, https:\/\/www.berrua.com\/wp-content\/uploads\/2021\/11\/camping-4-etoiles-cote-basque-300x200.jpg 300w, https:\/\/www.berrua.com\/wp-content\/uploads\/2021\/11\/camping-4-etoiles-cote-basque-1024x683.jpg 1024w, https:\/\/www.berrua.com\/wp-content\/uploads\/2021\/11\/camping-4-etoiles-cote-basque-768x512.jpg 768w\" sizes=\"(max-width: 1200px) 100vw, 1200px\" \/><\/a><\/figure>\n<\/div>\n\n\n\n<div class=\"wp-block-column is-vertically-aligned-center is-layout-flow wp-block-column-is-layout-flow\">\n<figure class=\"wp-block-image size-full\"><a href=\"https:\/\/www.berrua.com\/wp-content\/uploads\/2021\/11\/camping-4-etoiles-bidart.jpg\"><img decoding=\"async\" width=\"800\" height=\"1200\" src=\"https:\/\/www.berrua.com\/wp-content\/uploads\/2021\/11\/camping-4-etoiles-bidart.jpg\" alt=\"camping 4 etoiles bidart\" class=\"wp-image-10874\" srcset=\"https:\/\/www.berrua.com\/wp-content\/uploads\/2021\/11\/camping-4-etoiles-bidart.jpg 800w, https:\/\/www.berrua.com\/wp-content\/uploads\/2021\/11\/camping-4-etoiles-bidart-200x300.jpg 200w, https:\/\/www.berrua.com\/wp-content\/uploads\/2021\/11\/camping-4-etoiles-bidart-683x1024.jpg 683w, https:\/\/www.berrua.com\/wp-content\/uploads\/2021\/11\/camping-4-etoiles-bidart-768x1152.jpg 768w\" sizes=\"(max-width: 800px) 100vw, 800px\" \/><\/a><\/figure>\n<\/div>\n\n\n\n<div class=\"wp-block-column is-vertically-aligned-center is-layout-flow wp-block-column-is-layout-flow\">\n<figure class=\"wp-block-image size-large\"><a href=\"https:\/\/www.berrua.com\/wp-content\/uploads\/2022\/12\/camping-securise-pays-basque-683x1024.jpg\"><img decoding=\"async\" width=\"683\" height=\"1024\" src=\"https:\/\/www.berrua.com\/wp-content\/uploads\/2022\/12\/camping-securise-pays-basque-683x1024.jpg\" alt=\"camping securise pays basque\" class=\"wp-image-987404\" srcset=\"https:\/\/www.berrua.com\/wp-content\/uploads\/2022\/12\/camping-securise-pays-basque-683x1024.jpg 683w, https:\/\/www.berrua.com\/wp-content\/uploads\/2022\/12\/camping-securise-pays-basque-200x300.jpg 200w, https:\/\/www.berrua.com\/wp-content\/uploads\/2022\/12\/camping-securise-pays-basque-768x1152.jpg 768w, https:\/\/www.berrua.com\/wp-content\/uploads\/2022\/12\/camping-securise-pays-basque.jpg 800w\" sizes=\"(max-width: 683px) 100vw, 683px\" \/><\/a><\/figure>\n<\/div>\n<\/div>\n\n\n    <\/div>\n<\/section>\n\n<section id=\"ls-section-block_bd025d78f527da61a32b792944c26a7c\" class=\"ls-section  home-fourth has-background has-color-1-background-color has-text-color has-color-white-color\" >\n        <div class=\"container container--wide\">\n        \n\n<div class=\"wp-block-columns is-layout-flex wp-container-core-columns-is-layout-9d6595d7 wp-block-columns-is-layout-flex\">\n<div class=\"wp-block-column is-layout-flow wp-block-column-is-layout-flow\" style=\"flex-basis:33.33%\">\n<p class=\"ls-paragraph ls__paragraph title-deco\"><mark style=\"background-color:rgba(0, 0, 0, 0)\" class=\"has-inline-color has-color-3-color\">OUR<\/mark><\/p>\n\n\n\n<p class=\"ls-paragraph ls__paragraph subtitle-deco\">team<\/p>\n<\/div>\n\n\n\n<div class=\"wp-block-column is-layout-flow wp-block-column-is-layout-flow\" style=\"flex-basis:66.66%\">\n<h2 class=\"ls__heading ls__heading-undefined wp-block-heading\">A team at your service for a camping stay in the Basque Country<\/h2>\n\n\n\n<p class=\"ls-paragraph ls__paragraph\">To spend your holidays in the best conditions in our campsite of Berrua, our teams are perfectly trained to answer all your requests and to bring you a quality service.<\/p>\n\n\n\n<p class=\"ls-paragraph ls__paragraph\"><br>Whatever your question, do not hesitate to come to the reception and enjoy our quality welcome service.<br>By choosing our 4-star campsite in the Basque Country, you are sure to enjoy a peaceful stay and enjoy a high quality service.<\/p>\n\n\n\n<p class=\"ls-paragraph ls__paragraph\"><br>In a warm atmosphere, you will spend a relaxing holiday and discover an exceptional region.<br>To enjoy a quality service, our teams are at your disposal to make your stay unforgettable and you have a good time with family or friends.<\/p>\n<\/div>\n<\/div>\n\n\n    <\/div>\n<\/section>\n\n<section id=\"ls-section-block_16070bd7b1a271507d9f75db127716ea\" class=\"ls-section  page-two\" >\n        <div class=\"container container--wide\">\n        \n<div class=\"wp-block-image\">\n<figure class=\"aligncenter size-large\"><img decoding=\"async\" width=\"1024\" height=\"683\" src=\"https:\/\/www.berrua.com\/wp-content\/uploads\/2022\/12\/camping-familial-pays-basque-1024x683.jpg\" alt=\"camping familial pays basque\" class=\"wp-image-987401\" srcset=\"https:\/\/www.berrua.com\/wp-content\/uploads\/2022\/12\/camping-familial-pays-basque-1024x683.jpg 1024w, https:\/\/www.berrua.com\/wp-content\/uploads\/2022\/12\/camping-familial-pays-basque-300x200.jpg 300w, https:\/\/www.berrua.com\/wp-content\/uploads\/2022\/12\/camping-familial-pays-basque-768x512.jpg 768w, https:\/\/www.berrua.com\/wp-content\/uploads\/2022\/12\/camping-familial-pays-basque.jpg 1200w\" sizes=\"(max-width: 1024px) 100vw, 1024px\" \/><\/figure>\n<\/div>\n\n\n<p class=\"ls-paragraph ls__paragraph\">Open every day, our hostesses will be there to welcome you and answer your questions:<\/p>\n\n\n\n<ul class=\"ls-list wp-block-list\">\n<li>Tourist information<\/li>\n\n\n\n<li>Stamps and sending post<\/li>\n\n\n\n<li>Equipment loans with a deposit: ping-pong bats, tennis rackets, balls, hair dryers, irons\u2026<\/li>\n\n\n\n<li>Registration for the tennis and Turkish bath schedules<\/li>\n<\/ul>\n\n\n\n<p class=\"ls-paragraph ls__paragraph\">A night watchman is present onsite in July and August<\/p>\n\n\n\n<p class=\"ls-paragraph ls__paragraph\"><strong>FREE Wifi<\/strong><\/p>\n\n\n\n<p class=\"ls-paragraph ls__paragraph\">An internet point with free access is available at the reception during opening hours.<\/p>\n\n\n    <\/div>\n<\/section>\n\n<section id=\"ls-section-block_aee44e33e52526073e0357a420fd2702\" class=\"ls-section  page-cta\" >\n        <div class=\"container container--wide\">\n        \n\n<div id=\"ls-heading ls-titre-div-block_ed4f6e4863638c985a7d2f1d71b1c3e9\" class=\"ls-titre-div ls-titre-div titre-cta ls__heading-undefined title-deco has-inline-color has-color-1 aligncenter h2-like has-text-color has-color-1-color\" >\n    Discover the other services of the campsite<\/div>\n\n\n\n<div class=\"wp-block-columns Le bar la Txalupa, situ\u00e9 au bord de piscine, dot\u00e9 d\u2019une tr\u00e8s belle terrasse, vous proposera, salades , sandwich, panini, cr\u00eapes et gaufres, tout long journ\u00e9e. Pourquoi ne pas siroter un petit ap\u00e9ritif avec quelques tapas??? Durant journ\u00e9e en haute saison, Txalupa accueille chaleureusement sur sa terrasse qui surplombe lieu rencontre d\u00e9tente. surplombant piscine. is-layout-flex wp-container-core-columns-is-layout-9d6595d7 wp-block-columns-is-layout-flex\">\n<div class=\"wp-block-column ls-cta is-layout-flow wp-block-column-is-layout-flow\">\n<div id=\"ls-cta-block_ef28613bb9e5c6398cde30b33aa8078e\" class=\"ls-cta\">  \n    \n\n<a href=\"\/en\/4-star-campsite-basque-country\/campsite-with-restaurant-pizzeria-basque-country\/\" target=\"\" rel=\"noopener\" class=\"ls-cta__link\" data-categ=\"\">\n\t<div class=\"ls-cta__image\"><img decoding=\"async\" src=\"https:\/\/www.berrua.com\/wp-content\/uploads\/2021\/12\/restaurant-pizzeria-bidart-1.jpg\" alt=\"restaurant pizzeria bidart\"><\/div>\n\t<div class=\"ls-cta__title\">\n\t\tThe restaurant \/ pizzeria\t<\/div>\n\n\t<\/a><\/div><\/div>\n\n\n\n<div class=\"wp-block-column is-layout-flow wp-block-column-is-layout-flow\">\n<div id=\"ls-cta-block_e1ebcf955f0fa957e88b5e807dc3752d\" class=\"ls-cta\">  \n    \n\n<a href=\"\/en\/4-star-campsite-basque-country\/campsite-with-animation-basque-country\/\" target=\"\" rel=\"noopener\" class=\"ls-cta__link\" data-categ=\"\">\n\t<div class=\"ls-cta__image\"><img decoding=\"async\" src=\"https:\/\/www.berrua.com\/wp-content\/uploads\/2021\/12\/camping-activites-sportives-bidart.jpg\" alt=\"camping activites sportives bidart\"><\/div>\n\t<div class=\"ls-cta__title\">\n\t\tThe activities\t<\/div>\n\n\t<\/a><\/div><\/div>\n\n\n\n<div class=\"wp-block-column is-layout-flow wp-block-column-is-layout-flow\">\n<div id=\"ls-cta-block_774cecf51385359282aef260350d228b\" class=\"ls-cta\">  \n    \n\n<a href=\"\/en\/4-star-campsite-basque-country\/basque-country-campsite-services\/\" target=\"\" rel=\"noopener\" class=\"ls-cta__link\" data-categ=\"\">\n\t<div class=\"ls-cta__image\"><img decoding=\"async\" src=\"https:\/\/www.berrua.com\/wp-content\/uploads\/2021\/12\/camping-familial-bidart-1.jpg\" alt=\"camping familial bidart\"><\/div>\n\t<div class=\"ls-cta__title\">\n\t\tThe services\t<\/div>\n\n\t<\/a><\/div><\/div>\n<\/div>\n\n\n    <\/div>\n<\/section>","protected":false},"excerpt":{"rendered":"","protected":false},"author":1,"featured_media":12291,"parent":15363,"menu_order":0,"comment_status":"closed","ping_status":"closed","template":"","meta":{"_acf_changed":false,"inline_featured_image":false,"footnotes":""},"sujet":[],"class_list":["post-13197","page","type-page","status-publish","has-post-thumbnail","hentry"],"acf":[],"yoast_head":"<!-- This site is optimized with the Yoast SEO plugin v26.2 - https:\/\/yoast.com\/wordpress\/plugins\/seo\/ -->\n<title>Reception of S\u00fbnelia Berrua campsite in Bidart on the Basque coast<\/title>\n<meta name=\"description\" content=\"Reception of S\u00fbnelia Berrua campsite in Bidart on the Basque coast\" \/>\n<meta name=\"robots\" content=\"index, follow, max-snippet:-1, max-image-preview:large, max-video-preview:-1\" \/>\n<link rel=\"canonical\" href=\"https:\/\/www.berrua.com\/en\/4-star-campsite-basque-country\/berrua-campsite-reception\/\" \/>\n<meta property=\"og:locale\" content=\"en_US\" \/>\n<meta property=\"og:type\" content=\"article\" \/>\n<meta property=\"og:title\" content=\"Reception of S\u00fbnelia Berrua campsite in Bidart on the Basque coast\" \/>\n<meta property=\"og:description\" content=\"Reception of S\u00fbnelia Berrua campsite in Bidart on the Basque coast\" \/>\n<meta property=\"og:url\" content=\"https:\/\/www.berrua.com\/en\/4-star-campsite-basque-country\/berrua-campsite-reception\/\" \/>\n<meta property=\"og:site_name\" content=\"Domaine Berrua\" \/>\n<meta property=\"article:modified_time\" content=\"2022-12-20T12:35:55+00:00\" \/>\n<meta property=\"og:image\" content=\"https:\/\/www.berrua.com\/wp-content\/uploads\/2021\/12\/camping-4-etoiles-cote-basque-1.jpg\" \/>\n\t<meta property=\"og:image:width\" content=\"1900\" \/>\n\t<meta property=\"og:image:height\" content=\"700\" \/>\n\t<meta property=\"og:image:type\" content=\"image\/jpeg\" \/>\n<meta name=\"twitter:card\" content=\"summary_large_image\" \/>\n<meta name=\"twitter:label1\" content=\"Est. reading time\" \/>\n\t<meta name=\"twitter:data1\" content=\"3 minutes\" \/>\n<script type=\"application\/ld+json\" class=\"yoast-schema-graph\">{\"@context\":\"https:\/\/schema.org\",\"@graph\":[{\"@type\":\"WebPage\",\"@id\":\"https:\/\/www.berrua.com\/en\/4-star-campsite-basque-country\/berrua-campsite-reception\/\",\"url\":\"https:\/\/www.berrua.com\/en\/4-star-campsite-basque-country\/berrua-campsite-reception\/\",\"name\":\"Reception of S\u00fbnelia Berrua campsite in Bidart on the Basque coast\",\"isPartOf\":{\"@id\":\"https:\/\/www.berrua.com\/en\/#website\"},\"primaryImageOfPage\":{\"@id\":\"https:\/\/www.berrua.com\/en\/4-star-campsite-basque-country\/berrua-campsite-reception\/#primaryimage\"},\"image\":{\"@id\":\"https:\/\/www.berrua.com\/en\/4-star-campsite-basque-country\/berrua-campsite-reception\/#primaryimage\"},\"thumbnailUrl\":\"https:\/\/www.berrua.com\/wp-content\/uploads\/2021\/12\/camping-4-etoiles-cote-basque-1.jpg\",\"datePublished\":\"2021-10-20T14:07:47+00:00\",\"dateModified\":\"2022-12-20T12:35:55+00:00\",\"description\":\"Reception of S\u00fbnelia Berrua campsite in Bidart on the Basque coast\",\"breadcrumb\":{\"@id\":\"https:\/\/www.berrua.com\/en\/4-star-campsite-basque-country\/berrua-campsite-reception\/#breadcrumb\"},\"inLanguage\":\"en-US\",\"potentialAction\":[{\"@type\":\"ReadAction\",\"target\":[\"https:\/\/www.berrua.com\/en\/4-star-campsite-basque-country\/berrua-campsite-reception\/\"]}]},{\"@type\":\"ImageObject\",\"inLanguage\":\"en-US\",\"@id\":\"https:\/\/www.berrua.com\/en\/4-star-campsite-basque-country\/berrua-campsite-reception\/#primaryimage\",\"url\":\"https:\/\/www.berrua.com\/wp-content\/uploads\/2021\/12\/camping-4-etoiles-cote-basque-1.jpg\",\"contentUrl\":\"https:\/\/www.berrua.com\/wp-content\/uploads\/2021\/12\/camping-4-etoiles-cote-basque-1.jpg\",\"width\":1900,\"height\":700,\"caption\":\"camping 4 etoiles cote basque\"},{\"@type\":\"BreadcrumbList\",\"@id\":\"https:\/\/www.berrua.com\/en\/4-star-campsite-basque-country\/berrua-campsite-reception\/#breadcrumb\",\"itemListElement\":[{\"@type\":\"ListItem\",\"position\":1,\"name\":\"Camping Bidart au Pays Basque\",\"item\":\"https:\/\/www.berrua.com\/en\/\"},{\"@type\":\"ListItem\",\"position\":2,\"name\":\"4-STAR CAMPSITE ON THE BASQUE COAST\",\"item\":\"https:\/\/www.berrua.com\/en\/4-star-campsite-basque-country\/\"},{\"@type\":\"ListItem\",\"position\":3,\"name\":\"BERRUA CAMPSITE RECEPTION\"}]},{\"@type\":\"WebSite\",\"@id\":\"https:\/\/www.berrua.com\/en\/#website\",\"url\":\"https:\/\/www.berrua.com\/en\/\",\"name\":\"Domaine Berrua\",\"description\":\"\",\"publisher\":{\"@id\":\"https:\/\/www.berrua.com\/en\/#organization\"},\"potentialAction\":[{\"@type\":\"SearchAction\",\"target\":{\"@type\":\"EntryPoint\",\"urlTemplate\":\"https:\/\/www.berrua.com\/en\/?s={search_term_string}\"},\"query-input\":{\"@type\":\"PropertyValueSpecification\",\"valueRequired\":true,\"valueName\":\"search_term_string\"}}],\"inLanguage\":\"en-US\"},{\"@type\":\"Organization\",\"@id\":\"https:\/\/www.berrua.com\/en\/#organization\",\"name\":\"Camping Berrua\",\"url\":\"https:\/\/www.berrua.com\/en\/\",\"logo\":{\"@type\":\"ImageObject\",\"inLanguage\":\"en-US\",\"@id\":\"https:\/\/www.berrua.com\/en\/#\/schema\/logo\/image\/\",\"url\":\"https:\/\/www.berrua.com\/wp-content\/uploads\/2022\/01\/berrua.jpg\",\"contentUrl\":\"https:\/\/www.berrua.com\/wp-content\/uploads\/2022\/01\/berrua.jpg\",\"width\":321,\"height\":231,\"caption\":\"Camping Berrua\"},\"image\":{\"@id\":\"https:\/\/www.berrua.com\/en\/#\/schema\/logo\/image\/\"}}]}<\/script>\n<!-- \/ Yoast SEO plugin. -->","yoast_head_json":{"title":"Reception of S\u00fbnelia Berrua campsite in Bidart on the Basque coast","description":"Reception of S\u00fbnelia Berrua campsite in Bidart on the Basque coast","robots":{"index":"index","follow":"follow","max-snippet":"max-snippet:-1","max-image-preview":"max-image-preview:large","max-video-preview":"max-video-preview:-1"},"canonical":"https:\/\/www.berrua.com\/en\/4-star-campsite-basque-country\/berrua-campsite-reception\/","og_locale":"en_US","og_type":"article","og_title":"Reception of S\u00fbnelia Berrua campsite in Bidart on the Basque coast","og_description":"Reception of S\u00fbnelia Berrua campsite in Bidart on the Basque coast","og_url":"https:\/\/www.berrua.com\/en\/4-star-campsite-basque-country\/berrua-campsite-reception\/","og_site_name":"Domaine Berrua","article_modified_time":"2022-12-20T12:35:55+00:00","og_image":[{"width":1900,"height":700,"url":"https:\/\/www.berrua.com\/wp-content\/uploads\/2021\/12\/camping-4-etoiles-cote-basque-1.jpg","type":"image\/jpeg"}],"twitter_card":"summary_large_image","twitter_misc":{"Est. reading time":"3 minutes"},"schema":{"@context":"https:\/\/schema.org","@graph":[{"@type":"WebPage","@id":"https:\/\/www.berrua.com\/en\/4-star-campsite-basque-country\/berrua-campsite-reception\/","url":"https:\/\/www.berrua.com\/en\/4-star-campsite-basque-country\/berrua-campsite-reception\/","name":"Reception of S\u00fbnelia Berrua campsite in Bidart on the Basque coast","isPartOf":{"@id":"https:\/\/www.berrua.com\/en\/#website"},"primaryImageOfPage":{"@id":"https:\/\/www.berrua.com\/en\/4-star-campsite-basque-country\/berrua-campsite-reception\/#primaryimage"},"image":{"@id":"https:\/\/www.berrua.com\/en\/4-star-campsite-basque-country\/berrua-campsite-reception\/#primaryimage"},"thumbnailUrl":"https:\/\/www.berrua.com\/wp-content\/uploads\/2021\/12\/camping-4-etoiles-cote-basque-1.jpg","datePublished":"2021-10-20T14:07:47+00:00","dateModified":"2022-12-20T12:35:55+00:00","description":"Reception of S\u00fbnelia Berrua campsite in Bidart on the Basque coast","breadcrumb":{"@id":"https:\/\/www.berrua.com\/en\/4-star-campsite-basque-country\/berrua-campsite-reception\/#breadcrumb"},"inLanguage":"en-US","potentialAction":[{"@type":"ReadAction","target":["https:\/\/www.berrua.com\/en\/4-star-campsite-basque-country\/berrua-campsite-reception\/"]}]},{"@type":"ImageObject","inLanguage":"en-US","@id":"https:\/\/www.berrua.com\/en\/4-star-campsite-basque-country\/berrua-campsite-reception\/#primaryimage","url":"https:\/\/www.berrua.com\/wp-content\/uploads\/2021\/12\/camping-4-etoiles-cote-basque-1.jpg","contentUrl":"https:\/\/www.berrua.com\/wp-content\/uploads\/2021\/12\/camping-4-etoiles-cote-basque-1.jpg","width":1900,"height":700,"caption":"camping 4 etoiles cote basque"},{"@type":"BreadcrumbList","@id":"https:\/\/www.berrua.com\/en\/4-star-campsite-basque-country\/berrua-campsite-reception\/#breadcrumb","itemListElement":[{"@type":"ListItem","position":1,"name":"Camping Bidart au Pays Basque","item":"https:\/\/www.berrua.com\/en\/"},{"@type":"ListItem","position":2,"name":"4-STAR CAMPSITE ON THE BASQUE COAST","item":"https:\/\/www.berrua.com\/en\/4-star-campsite-basque-country\/"},{"@type":"ListItem","position":3,"name":"BERRUA CAMPSITE RECEPTION"}]},{"@type":"WebSite","@id":"https:\/\/www.berrua.com\/en\/#website","url":"https:\/\/www.berrua.com\/en\/","name":"Domaine Berrua","description":"","publisher":{"@id":"https:\/\/www.berrua.com\/en\/#organization"},"potentialAction":[{"@type":"SearchAction","target":{"@type":"EntryPoint","urlTemplate":"https:\/\/www.berrua.com\/en\/?s={search_term_string}"},"query-input":{"@type":"PropertyValueSpecification","valueRequired":true,"valueName":"search_term_string"}}],"inLanguage":"en-US"},{"@type":"Organization","@id":"https:\/\/www.berrua.com\/en\/#organization","name":"Camping Berrua","url":"https:\/\/www.berrua.com\/en\/","logo":{"@type":"ImageObject","inLanguage":"en-US","@id":"https:\/\/www.berrua.com\/en\/#\/schema\/logo\/image\/","url":"https:\/\/www.berrua.com\/wp-content\/uploads\/2022\/01\/berrua.jpg","contentUrl":"https:\/\/www.berrua.com\/wp-content\/uploads\/2022\/01\/berrua.jpg","width":321,"height":231,"caption":"Camping Berrua"},"image":{"@id":"https:\/\/www.berrua.com\/en\/#\/schema\/logo\/image\/"}}]}},"_links":{"self":[{"href":"https:\/\/www.berrua.com\/en\/wp-json\/wp\/v2\/pages\/13197","targetHints":{"allow":["GET"]}}],"collection":[{"href":"https:\/\/www.berrua.com\/en\/wp-json\/wp\/v2\/pages"}],"about":[{"href":"https:\/\/www.berrua.com\/en\/wp-json\/wp\/v2\/types\/page"}],"author":[{"embeddable":true,"href":"https:\/\/www.berrua.com\/en\/wp-json\/wp\/v2\/users\/1"}],"replies":[{"embeddable":true,"href":"https:\/\/www.berrua.com\/en\/wp-json\/wp\/v2\/comments?post=13197"}],"version-history":[{"count":17,"href":"https:\/\/www.berrua.com\/en\/wp-json\/wp\/v2\/pages\/13197\/revisions"}],"predecessor-version":[{"id":987413,"href":"https:\/\/www.berrua.com\/en\/wp-json\/wp\/v2\/pages\/13197\/revisions\/987413"}],"up":[{"embeddable":true,"href":"https:\/\/www.berrua.com\/en\/wp-json\/wp\/v2\/pages\/15363"}],"wp:featuredmedia":[{"embeddable":true,"href":"https:\/\/www.berrua.com\/en\/wp-json\/wp\/v2\/media\/12291"}],"wp:attachment":[{"href":"https:\/\/www.berrua.com\/en\/wp-json\/wp\/v2\/media?parent=13197"}],"wp:term":[{"taxonomy":"sujet","embeddable":true,"href":"https:\/\/www.berrua.com\/en\/wp-json\/wp\/v2\/sujet?post=13197"}],"curies":[{"name":"wp","href":"https:\/\/api.w.org\/{rel}","templated":true}]}}