{"id":13182,"date":"2021-10-20T16:07:53","date_gmt":"2021-10-20T14:07:53","guid":{"rendered":"http:\/\/www.berrua.com\/services-camping-pays-basque\/"},"modified":"2023-11-02T14:44:21","modified_gmt":"2023-11-02T13:44:21","slug":"basque-country-campsite-services","status":"publish","type":"page","link":"https:\/\/www.berrua.com\/en\/4-star-campsite-basque-country\/basque-country-campsite-services\/","title":{"rendered":"Les prestations : Services"},"content":{"rendered":"<section id=\"ls-section-block_23569e328d40f9d230f6594a7d6df22a\" class=\"ls-section  page-one\" >\n        <div class=\"container \">\n        \n\n<h1 class=\"ls__heading wp-block-heading has-text-align-center ls__heading-undefined\"><mark style=\"background-color:rgba(0, 0, 0, 0)\" class=\"has-inline-color has-color-1-color\">BASQUE COUNTRY CAMPSITE SERVICES<\/mark><\/h1>\n\n\n    <\/div>\n<\/section>\n\n<section id=\"ls-section-block_84574c791b0a5f196fee2242dff640aa\" class=\"ls-section  page-one has-p-t p-t-0 has-background has-color-white-background-color\" >\n        <div class=\"container container--wide\">\n        \n\n<h2 class=\"ls__heading wp-block-heading ls__heading ls__heading-undefined\"><mark style=\"background-color:rgba(0, 0, 0, 0)\" class=\"has-inline-color has-color-1-color\">FREE SHUTTLE BUS TO THE\u00a0BEACH<\/mark><\/h2>\n\n\n\n<p class=\"ls-paragraph ls__paragraph\">50 m from Domaine Berrua, a shuttle service provides access to the beaches.<br>To quickly reach the Center Beach, a shuttle was set up. In a few minutes this shuttle will drop you at the edge of the beach where you will enjoy an exceptional natural setting and the most beautiful landscapes of the region. This shuttle is particularly useful for families with young children or the elderly. Indeed, located at 10 minutes on foot, the shuttle makes it possible to avoid walking too long for the most fragile people. Thanks to this shuttle, all our holidaymakers can enjoy the beach as quickly as possible.<\/p>\n\n\n\n<div class=\"wp-block-columns fancybox is-layout-flex wp-container-core-columns-is-layout-9d6595d7 wp-block-columns-is-layout-flex\">\n<div class=\"wp-block-column is-vertically-aligned-center is-layout-flow wp-block-column-is-layout-flow\">\n<figure class=\"wp-block-image size-full\"><a href=\"https:\/\/www.berrua.com\/wp-content\/uploads\/2022\/12\/accueil-camping-berrua.jpg\"><img decoding=\"async\" width=\"900\" height=\"600\" src=\"https:\/\/www.berrua.com\/wp-content\/uploads\/2022\/12\/accueil-camping-berrua.jpg\" alt=\"accueil Domaine Berrua\" class=\"wp-image-987386\" srcset=\"https:\/\/www.berrua.com\/wp-content\/uploads\/2022\/12\/accueil-camping-berrua.jpg 900w, https:\/\/www.berrua.com\/wp-content\/uploads\/2022\/12\/accueil-camping-berrua-300x200.jpg 300w, https:\/\/www.berrua.com\/wp-content\/uploads\/2022\/12\/accueil-camping-berrua-768x512.jpg 768w\" sizes=\"(max-width: 900px) 100vw, 900px\" \/><\/a><\/figure>\n\n\n\n<figure class=\"wp-block-image size-full\"><a href=\"https:\/\/www.berrua.com\/wp-content\/uploads\/2021\/12\/camping-navette-plage-bidart.jpg\"><img decoding=\"async\" width=\"1200\" height=\"800\" src=\"https:\/\/www.berrua.com\/wp-content\/uploads\/2021\/12\/camping-navette-plage-bidart.jpg\" alt=\"camping navette plage bidart\" class=\"wp-image-11216\" srcset=\"https:\/\/www.berrua.com\/wp-content\/uploads\/2021\/12\/camping-navette-plage-bidart.jpg 1200w, https:\/\/www.berrua.com\/wp-content\/uploads\/2021\/12\/camping-navette-plage-bidart-300x200.jpg 300w, https:\/\/www.berrua.com\/wp-content\/uploads\/2021\/12\/camping-navette-plage-bidart-1024x683.jpg 1024w, https:\/\/www.berrua.com\/wp-content\/uploads\/2021\/12\/camping-navette-plage-bidart-768x512.jpg 768w\" sizes=\"(max-width: 1200px) 100vw, 1200px\" \/><\/a><\/figure>\n<\/div>\n\n\n\n<div class=\"wp-block-column is-vertically-aligned-center is-layout-flow wp-block-column-is-layout-flow\">\n<figure class=\"wp-block-image size-full\"><a href=\"https:\/\/www.berrua.com\/wp-content\/uploads\/2021\/11\/camping-navette-centre-bidartt.jpg\"><img decoding=\"async\" width=\"800\" height=\"1200\" src=\"https:\/\/www.berrua.com\/wp-content\/uploads\/2021\/11\/camping-navette-centre-bidartt.jpg\" alt=\"camping navette centre bidart\" class=\"wp-image-11192\" srcset=\"https:\/\/www.berrua.com\/wp-content\/uploads\/2021\/11\/camping-navette-centre-bidartt.jpg 800w, https:\/\/www.berrua.com\/wp-content\/uploads\/2021\/11\/camping-navette-centre-bidartt-200x300.jpg 200w, https:\/\/www.berrua.com\/wp-content\/uploads\/2021\/11\/camping-navette-centre-bidartt-683x1024.jpg 683w, https:\/\/www.berrua.com\/wp-content\/uploads\/2021\/11\/camping-navette-centre-bidartt-768x1152.jpg 768w\" sizes=\"(max-width: 800px) 100vw, 800px\" \/><\/a><\/figure>\n<\/div>\n\n\n\n<div class=\"wp-block-column is-vertically-aligned-center is-layout-flow wp-block-column-is-layout-flow\">\n<figure class=\"wp-block-image size-full\"><a href=\"https:\/\/www.berrua.com\/wp-content\/uploads\/2021\/11\/camping-navette-bidart-biarritz.jpg\"><img decoding=\"async\" width=\"800\" height=\"1200\" src=\"https:\/\/www.berrua.com\/wp-content\/uploads\/2021\/11\/camping-navette-bidart-biarritz.jpg\" alt=\"camping navette bidart biarritz\" class=\"wp-image-11198\" srcset=\"https:\/\/www.berrua.com\/wp-content\/uploads\/2021\/11\/camping-navette-bidart-biarritz.jpg 800w, https:\/\/www.berrua.com\/wp-content\/uploads\/2021\/11\/camping-navette-bidart-biarritz-200x300.jpg 200w, https:\/\/www.berrua.com\/wp-content\/uploads\/2021\/11\/camping-navette-bidart-biarritz-683x1024.jpg 683w, https:\/\/www.berrua.com\/wp-content\/uploads\/2021\/11\/camping-navette-bidart-biarritz-768x1152.jpg 768w\" sizes=\"(max-width: 800px) 100vw, 800px\" \/><\/a><\/figure>\n<\/div>\n<\/div>\n\n\n    <\/div>\n<\/section>\n\n<section id=\"ls-section-block_7d6285ea601f9427da5c08f427b43ff1\" class=\"ls-section \" >\n        <div class=\"container container--wide\">\n        \n\n<h2 class=\"ls__heading wp-block-heading has-text-align-center ls__heading-undefined has-p-t p-t-5\"><mark style=\"background-color:rgba(0, 0, 0, 0)\" class=\"has-inline-color has-color-1-color\">LAUNDRY<\/mark><\/h2>\n\n\n\n<p class=\"ls-paragraph ls__paragraph\">During your stay in our&nbsp;<a href=\"\/en\/\">Basque country campsite<\/a>, 2 laundry points are available with washing machine and dryer.<br>These laundries are perfectly suited to your needs and especially for campers who can have their own business. For families with children, these laundry points can also be very useful. To take advantage of all these quality services, do not hesitate to book now your rental in our 4-star campsite located in the heart of the Basque Country.<\/p>\n\n\n\n<p class=\"ls-paragraph ls__paragraph\">Only coins accepted:<\/p>\n\n\n\n<ul class=\"ls-list wp-block-list\">\n<li>Washing machine: 6.50 \u20ac<\/li>\n\n\n\n<li>Dryer: \u20ac5<\/li>\n<\/ul>\n\n\n    <\/div>\n<\/section>\n\n<section id=\"ls-section-block_7e3d5d3616f739daa113a8eef9ea3b63\" class=\"ls-section  page-cta\" >\n        <div class=\"container container--wide\">\n        \n\n<div id=\"ls-heading ls-titre-div-block_7d2eecfbfa096063442fd6e289e40a5a\" class=\"ls-titre-div titre-cta ls__heading-undefined title-deco has-inline-color has-color-1-color aligncenter h2-like\" >\n    DISCOVER THE SERVICES OF THE CAMPSITE<\/div>\n\n\n\n<div class=\"wp-block-columns Le bar la Txalupa, situ\u00e9 au bord de piscine, dot\u00e9 d\u2019une tr\u00e8s belle terrasse, vous proposera, salades , sandwich, panini, cr\u00eapes et gaufres, tout long journ\u00e9e. Pourquoi ne pas siroter un petit ap\u00e9ritif avec quelques tapas??? Durant journ\u00e9e en haute saison, Txalupa accueille chaleureusement sur sa terrasse qui surplombe lieu rencontre d\u00e9tente. surplombant piscine. is-layout-flex wp-container-core-columns-is-layout-9d6595d7 wp-block-columns-is-layout-flex\">\n<div class=\"wp-block-column ls-cta is-layout-flow wp-block-column-is-layout-flow\">\n<div id=\"ls-cta-block_d4930832a459ffaa62c506b266e38907\" class=\"ls-cta\">  \n    \n\n<a href=\"\/en\/4-star-campsite-basque-country\/berrua-campsite-reception\/\" target=\"\" rel=\"noopener\" class=\"ls-cta__link\" data-categ=\"\">\n\t<div class=\"ls-cta__image\"><img decoding=\"async\" src=\"https:\/\/www.berrua.com\/wp-content\/uploads\/2021\/12\/camping-4-etoiles-pyrenees-atlantiques-1.jpg\" alt=\"camping 4 etoiles pyrenees atlantiques\"><\/div>\n\t<div class=\"ls-cta__title\">\n\t\tThe reception\t<\/div>\n\n\t<\/a><\/div><\/div>\n\n\n\n<div class=\"wp-block-column is-layout-flow wp-block-column-is-layout-flow\">\n<div id=\"ls-cta-block_8a256e27a21ba02b500872f9ee51ded8\" class=\"ls-cta\">  \n    \n\n<a href=\"\/en\/4-star-campsite-basque-country\/food-at-campsite-basque-country\/\" target=\"\" rel=\"noopener\" class=\"ls-cta__link\" data-categ=\"\">\n\t<div class=\"ls-cta__image\"><img decoding=\"async\" src=\"https:\/\/www.berrua.com\/wp-content\/uploads\/2021\/12\/camping-alimentation-generale-bidart.jpg\" alt=\"camping alimentation generale bidart\"><\/div>\n\t<div class=\"ls-cta__title\">\n\t\tGrocery Store\t<\/div>\n\n\t<\/a><\/div><\/div>\n\n\n\n<div class=\"wp-block-column is-layout-flow wp-block-column-is-layout-flow\">\n<div id=\"ls-cta-block_fb9b19cf531c446aab41ca2269bfbc34\" class=\"ls-cta\">  \n    \n\n<a href=\"\/en\/4-star-campsite-basque-country\/campsite-with-restaurant-pizzeria-basque-country\/\" target=\"\" rel=\"noopener\" class=\"ls-cta__link\" data-categ=\"\">\n\t<div class=\"ls-cta__image\"><img decoding=\"async\" src=\"https:\/\/www.berrua.com\/wp-content\/uploads\/2021\/12\/restaurant-pizzeria-bidart-1.jpg\" alt=\"restaurant pizzeria bidart\"><\/div>\n\t<div class=\"ls-cta__title\">\n\t\tRestaurant\t<\/div>\n\n\t<\/a><\/div><\/div>\n<\/div>\n\n\n    <\/div>\n<\/section>","protected":false},"excerpt":{"rendered":"","protected":false},"author":1,"featured_media":989223,"parent":15363,"menu_order":0,"comment_status":"closed","ping_status":"closed","template":"","meta":{"_acf_changed":false,"inline_featured_image":false,"footnotes":""},"sujet":[],"class_list":["post-13182","page","type-page","status-publish","has-post-thumbnail","hentry"],"acf":[],"yoast_head":"<!-- This site is optimized with the Yoast SEO plugin v26.2 - https:\/\/yoast.com\/wordpress\/plugins\/seo\/ -->\n<title>Berrua campsite services: camper van service point, laundry, food<\/title>\n<meta name=\"description\" content=\"Discover all the services of the campsite Berrua in the Basque Country.\" \/>\n<meta name=\"robots\" content=\"index, follow, max-snippet:-1, max-image-preview:large, max-video-preview:-1\" \/>\n<link rel=\"canonical\" href=\"https:\/\/www.berrua.com\/en\/4-star-campsite-basque-country\/basque-country-campsite-services\/\" \/>\n<meta property=\"og:locale\" content=\"en_US\" \/>\n<meta property=\"og:type\" content=\"article\" \/>\n<meta property=\"og:title\" content=\"Berrua campsite services: camper van service point, laundry, food\" \/>\n<meta property=\"og:description\" content=\"Discover all the services of the campsite Berrua in the Basque Country.\" \/>\n<meta property=\"og:url\" content=\"https:\/\/www.berrua.com\/en\/4-star-campsite-basque-country\/basque-country-campsite-services\/\" \/>\n<meta property=\"og:site_name\" content=\"Domaine Berrua\" \/>\n<meta property=\"article:modified_time\" content=\"2023-11-02T13:44:21+00:00\" \/>\n<meta property=\"og:image\" content=\"https:\/\/www.berrua.com\/wp-content\/uploads\/2023\/11\/reception-berrua.jpg\" \/>\n\t<meta property=\"og:image:width\" content=\"2048\" \/>\n\t<meta property=\"og:image:height\" content=\"450\" \/>\n\t<meta property=\"og:image:type\" content=\"image\/jpeg\" \/>\n<meta name=\"twitter:card\" content=\"summary_large_image\" \/>\n<meta name=\"twitter:label1\" content=\"Est. reading time\" \/>\n\t<meta name=\"twitter:data1\" content=\"2 minutes\" \/>\n<script type=\"application\/ld+json\" class=\"yoast-schema-graph\">{\"@context\":\"https:\/\/schema.org\",\"@graph\":[{\"@type\":\"WebPage\",\"@id\":\"https:\/\/www.berrua.com\/en\/4-star-campsite-basque-country\/basque-country-campsite-services\/\",\"url\":\"https:\/\/www.berrua.com\/en\/4-star-campsite-basque-country\/basque-country-campsite-services\/\",\"name\":\"Berrua campsite services: camper van service point, laundry, food\",\"isPartOf\":{\"@id\":\"https:\/\/www.berrua.com\/en\/#website\"},\"primaryImageOfPage\":{\"@id\":\"https:\/\/www.berrua.com\/en\/4-star-campsite-basque-country\/basque-country-campsite-services\/#primaryimage\"},\"image\":{\"@id\":\"https:\/\/www.berrua.com\/en\/4-star-campsite-basque-country\/basque-country-campsite-services\/#primaryimage\"},\"thumbnailUrl\":\"https:\/\/www.berrua.com\/wp-content\/uploads\/2023\/11\/reception-berrua.jpg\",\"datePublished\":\"2021-10-20T14:07:53+00:00\",\"dateModified\":\"2023-11-02T13:44:21+00:00\",\"description\":\"Discover all the services of the campsite Berrua in the Basque Country.\",\"breadcrumb\":{\"@id\":\"https:\/\/www.berrua.com\/en\/4-star-campsite-basque-country\/basque-country-campsite-services\/#breadcrumb\"},\"inLanguage\":\"en-US\",\"potentialAction\":[{\"@type\":\"ReadAction\",\"target\":[\"https:\/\/www.berrua.com\/en\/4-star-campsite-basque-country\/basque-country-campsite-services\/\"]}]},{\"@type\":\"ImageObject\",\"inLanguage\":\"en-US\",\"@id\":\"https:\/\/www.berrua.com\/en\/4-star-campsite-basque-country\/basque-country-campsite-services\/#primaryimage\",\"url\":\"https:\/\/www.berrua.com\/wp-content\/uploads\/2023\/11\/reception-berrua.jpg\",\"contentUrl\":\"https:\/\/www.berrua.com\/wp-content\/uploads\/2023\/11\/reception-berrua.jpg\",\"width\":2048,\"height\":450,\"caption\":\"reception-berrua\"},{\"@type\":\"BreadcrumbList\",\"@id\":\"https:\/\/www.berrua.com\/en\/4-star-campsite-basque-country\/basque-country-campsite-services\/#breadcrumb\",\"itemListElement\":[{\"@type\":\"ListItem\",\"position\":1,\"name\":\"Camping Bidart au Pays Basque\",\"item\":\"https:\/\/www.berrua.com\/en\/\"},{\"@type\":\"ListItem\",\"position\":2,\"name\":\"4-STAR CAMPSITE ON THE BASQUE COAST\",\"item\":\"https:\/\/www.berrua.com\/en\/4-star-campsite-basque-country\/\"},{\"@type\":\"ListItem\",\"position\":3,\"name\":\"SERVICES\"}]},{\"@type\":\"WebSite\",\"@id\":\"https:\/\/www.berrua.com\/en\/#website\",\"url\":\"https:\/\/www.berrua.com\/en\/\",\"name\":\"Domaine Berrua\",\"description\":\"\",\"publisher\":{\"@id\":\"https:\/\/www.berrua.com\/en\/#organization\"},\"potentialAction\":[{\"@type\":\"SearchAction\",\"target\":{\"@type\":\"EntryPoint\",\"urlTemplate\":\"https:\/\/www.berrua.com\/en\/?s={search_term_string}\"},\"query-input\":{\"@type\":\"PropertyValueSpecification\",\"valueRequired\":true,\"valueName\":\"search_term_string\"}}],\"inLanguage\":\"en-US\"},{\"@type\":\"Organization\",\"@id\":\"https:\/\/www.berrua.com\/en\/#organization\",\"name\":\"Camping Berrua\",\"url\":\"https:\/\/www.berrua.com\/en\/\",\"logo\":{\"@type\":\"ImageObject\",\"inLanguage\":\"en-US\",\"@id\":\"https:\/\/www.berrua.com\/en\/#\/schema\/logo\/image\/\",\"url\":\"https:\/\/www.berrua.com\/wp-content\/uploads\/2022\/01\/berrua.jpg\",\"contentUrl\":\"https:\/\/www.berrua.com\/wp-content\/uploads\/2022\/01\/berrua.jpg\",\"width\":321,\"height\":231,\"caption\":\"Camping Berrua\"},\"image\":{\"@id\":\"https:\/\/www.berrua.com\/en\/#\/schema\/logo\/image\/\"}}]}<\/script>\n<!-- \/ Yoast SEO plugin. -->","yoast_head_json":{"title":"Berrua campsite services: camper van service point, laundry, food","description":"Discover all the services of the campsite Berrua in the Basque Country.","robots":{"index":"index","follow":"follow","max-snippet":"max-snippet:-1","max-image-preview":"max-image-preview:large","max-video-preview":"max-video-preview:-1"},"canonical":"https:\/\/www.berrua.com\/en\/4-star-campsite-basque-country\/basque-country-campsite-services\/","og_locale":"en_US","og_type":"article","og_title":"Berrua campsite services: camper van service point, laundry, food","og_description":"Discover all the services of the campsite Berrua in the Basque Country.","og_url":"https:\/\/www.berrua.com\/en\/4-star-campsite-basque-country\/basque-country-campsite-services\/","og_site_name":"Domaine Berrua","article_modified_time":"2023-11-02T13:44:21+00:00","og_image":[{"width":2048,"height":450,"url":"https:\/\/www.berrua.com\/wp-content\/uploads\/2023\/11\/reception-berrua.jpg","type":"image\/jpeg"}],"twitter_card":"summary_large_image","twitter_misc":{"Est. reading time":"2 minutes"},"schema":{"@context":"https:\/\/schema.org","@graph":[{"@type":"WebPage","@id":"https:\/\/www.berrua.com\/en\/4-star-campsite-basque-country\/basque-country-campsite-services\/","url":"https:\/\/www.berrua.com\/en\/4-star-campsite-basque-country\/basque-country-campsite-services\/","name":"Berrua campsite services: camper van service point, laundry, food","isPartOf":{"@id":"https:\/\/www.berrua.com\/en\/#website"},"primaryImageOfPage":{"@id":"https:\/\/www.berrua.com\/en\/4-star-campsite-basque-country\/basque-country-campsite-services\/#primaryimage"},"image":{"@id":"https:\/\/www.berrua.com\/en\/4-star-campsite-basque-country\/basque-country-campsite-services\/#primaryimage"},"thumbnailUrl":"https:\/\/www.berrua.com\/wp-content\/uploads\/2023\/11\/reception-berrua.jpg","datePublished":"2021-10-20T14:07:53+00:00","dateModified":"2023-11-02T13:44:21+00:00","description":"Discover all the services of the campsite Berrua in the Basque Country.","breadcrumb":{"@id":"https:\/\/www.berrua.com\/en\/4-star-campsite-basque-country\/basque-country-campsite-services\/#breadcrumb"},"inLanguage":"en-US","potentialAction":[{"@type":"ReadAction","target":["https:\/\/www.berrua.com\/en\/4-star-campsite-basque-country\/basque-country-campsite-services\/"]}]},{"@type":"ImageObject","inLanguage":"en-US","@id":"https:\/\/www.berrua.com\/en\/4-star-campsite-basque-country\/basque-country-campsite-services\/#primaryimage","url":"https:\/\/www.berrua.com\/wp-content\/uploads\/2023\/11\/reception-berrua.jpg","contentUrl":"https:\/\/www.berrua.com\/wp-content\/uploads\/2023\/11\/reception-berrua.jpg","width":2048,"height":450,"caption":"reception-berrua"},{"@type":"BreadcrumbList","@id":"https:\/\/www.berrua.com\/en\/4-star-campsite-basque-country\/basque-country-campsite-services\/#breadcrumb","itemListElement":[{"@type":"ListItem","position":1,"name":"Camping Bidart au Pays Basque","item":"https:\/\/www.berrua.com\/en\/"},{"@type":"ListItem","position":2,"name":"4-STAR CAMPSITE ON THE BASQUE COAST","item":"https:\/\/www.berrua.com\/en\/4-star-campsite-basque-country\/"},{"@type":"ListItem","position":3,"name":"SERVICES"}]},{"@type":"WebSite","@id":"https:\/\/www.berrua.com\/en\/#website","url":"https:\/\/www.berrua.com\/en\/","name":"Domaine Berrua","description":"","publisher":{"@id":"https:\/\/www.berrua.com\/en\/#organization"},"potentialAction":[{"@type":"SearchAction","target":{"@type":"EntryPoint","urlTemplate":"https:\/\/www.berrua.com\/en\/?s={search_term_string}"},"query-input":{"@type":"PropertyValueSpecification","valueRequired":true,"valueName":"search_term_string"}}],"inLanguage":"en-US"},{"@type":"Organization","@id":"https:\/\/www.berrua.com\/en\/#organization","name":"Camping Berrua","url":"https:\/\/www.berrua.com\/en\/","logo":{"@type":"ImageObject","inLanguage":"en-US","@id":"https:\/\/www.berrua.com\/en\/#\/schema\/logo\/image\/","url":"https:\/\/www.berrua.com\/wp-content\/uploads\/2022\/01\/berrua.jpg","contentUrl":"https:\/\/www.berrua.com\/wp-content\/uploads\/2022\/01\/berrua.jpg","width":321,"height":231,"caption":"Camping Berrua"},"image":{"@id":"https:\/\/www.berrua.com\/en\/#\/schema\/logo\/image\/"}}]}},"_links":{"self":[{"href":"https:\/\/www.berrua.com\/en\/wp-json\/wp\/v2\/pages\/13182","targetHints":{"allow":["GET"]}}],"collection":[{"href":"https:\/\/www.berrua.com\/en\/wp-json\/wp\/v2\/pages"}],"about":[{"href":"https:\/\/www.berrua.com\/en\/wp-json\/wp\/v2\/types\/page"}],"author":[{"embeddable":true,"href":"https:\/\/www.berrua.com\/en\/wp-json\/wp\/v2\/users\/1"}],"replies":[{"embeddable":true,"href":"https:\/\/www.berrua.com\/en\/wp-json\/wp\/v2\/comments?post=13182"}],"version-history":[{"count":20,"href":"https:\/\/www.berrua.com\/en\/wp-json\/wp\/v2\/pages\/13182\/revisions"}],"predecessor-version":[{"id":989236,"href":"https:\/\/www.berrua.com\/en\/wp-json\/wp\/v2\/pages\/13182\/revisions\/989236"}],"up":[{"embeddable":true,"href":"https:\/\/www.berrua.com\/en\/wp-json\/wp\/v2\/pages\/15363"}],"wp:featuredmedia":[{"embeddable":true,"href":"https:\/\/www.berrua.com\/en\/wp-json\/wp\/v2\/media\/989223"}],"wp:attachment":[{"href":"https:\/\/www.berrua.com\/en\/wp-json\/wp\/v2\/media?parent=13182"}],"wp:term":[{"taxonomy":"sujet","embeddable":true,"href":"https:\/\/www.berrua.com\/en\/wp-json\/wp\/v2\/sujet?post=13182"}],"curies":[{"name":"wp","href":"https:\/\/api.w.org\/{rel}","templated":true}]}}