{"id":15364,"date":"2021-10-20T16:05:02","date_gmt":"2021-10-20T14:05:02","guid":{"rendered":"https:\/\/www.berrua.com\/camping-4-etoiles-pays-basque\/"},"modified":"2024-03-13T08:30:17","modified_gmt":"2024-03-13T07:30:17","slug":"4-sterren-camping-baskenland","status":"publish","type":"page","link":"https:\/\/www.berrua.com\/de\/4-sterren-camping-baskenland\/","title":{"rendered":"Die Leistungen"},"content":{"rendered":"<section id=\"ls-section-block_45285f857e469820b3d14c8125a423cb\" class=\"ls-section  page-one has-background has-color-white-background-color\" >\n        <div class=\"container container--wide\">\n        \n\n<h1 class=\"ls__heading wp-block-heading has-text-align-center ls__heading-undefined\"><span style=\"background-color:rgba(0, 0, 0, 0)\" class=\"has-inline-color has-color-1-color\">4-STERNE-CAMPINGPLATZ BASKENLAND<\/span><\/h1>\n\n\n\n<h2 class=\"ls__heading wp-block-heading ls__heading ls__heading-undefined\"><span style=\"background-color:rgba(0, 0, 0, 0)\" class=\"has-inline-color has-color-1-color\">Der Empfang<\/span><\/h2>\n\n\n\n<p class=\"ls-paragraph ls__paragraph\">Unser Rezeptionsteam ist jeden Tag f\u00fcr Sie da, um Sie zu empfangen. M\u00f6glichkeit, die Post zu frankieren, Verleih mit Kaution (Schl\u00e4ger, Gesellschaftsspiele, Boulekugeln, F\u00f6hn, B\u00fcgeleisen&#8230;)<br><\/p>\n\n\n\n<p class=\"ls-paragraph ls__paragraph\">Die Rezeption ist auch eine Informationsstelle (Sehensw\u00fcrdigkeiten, Verkaufsstelle f\u00fcr das Aquarium\/die Cit\u00e9 de l&#8217;oc\u00e9an, Veranstaltungsprogramm&#8230;.).<\/p>\n\n\n\n<div class=\"wp-block-columns fancybox is-layout-flex wp-container-core-columns-is-layout-9d6595d7 wp-block-columns-is-layout-flex\">\n<div class=\"wp-block-column is-vertically-aligned-center is-layout-flow wp-block-column-is-layout-flow\">\n<figure class=\"wp-block-gallery columns-1 wp-block-gallery-1 is-layout-flex wp-block-gallery-is-layout-flex\"><ul class=\"blocks-gallery-grid\"><li class=\"blocks-gallery-item\"><figure><a href=\"https:\/\/www.berrua.com\/wp-content\/uploads\/2021\/11\/bar-4-etoiles-bidart.jpg\"><img decoding=\"async\" width=\"600\" height=\"400\" src=\"https:\/\/www.berrua.com\/wp-content\/uploads\/2021\/11\/bar-4-etoiles-bidart.jpg\" alt=\"bar 4 etoiles bidart\" data-id=\"10409\" data-full-url=\"https:\/\/www.berrua.com\/wp-content\/uploads\/2021\/11\/bar-4-etoiles-bidart.jpg\" data-link=\"http:\/\/www.berrua.com\/camping-4-etoiles-pays-basque\/attachment\/bar-4-etoiles-bidart\/\" class=\"wp-image-10412\" srcset=\"https:\/\/www.berrua.com\/wp-content\/uploads\/2021\/11\/bar-4-etoiles-bidart.jpg 600w, https:\/\/www.berrua.com\/wp-content\/uploads\/2021\/11\/bar-4-etoiles-bidart-300x200.jpg 300w\" sizes=\"(max-width: 600px) 100vw, 600px\" \/><\/a><\/figure><\/li><\/ul><\/figure>\n\n\n\n<figure class=\"wp-block-gallery columns-1 wp-block-gallery-2 is-layout-flex wp-block-gallery-is-layout-flex\"><ul class=\"blocks-gallery-grid\"><li class=\"blocks-gallery-item\"><figure><a href=\"https:\/\/www.berrua.com\/wp-content\/uploads\/2021\/11\/bar-services-camping.jpg\"><img decoding=\"async\" width=\"600\" height=\"400\" src=\"https:\/\/www.berrua.com\/wp-content\/uploads\/2021\/11\/bar-services-camping.jpg\" alt=\"bar services camping\" data-id=\"10414\" data-full-url=\"https:\/\/www.berrua.com\/wp-content\/uploads\/2021\/11\/bar-services-camping.jpg\" data-link=\"http:\/\/www.berrua.com\/camping-4-etoiles-pays-basque\/attachment\/bar-services-camping\/\" class=\"wp-image-10417\" srcset=\"https:\/\/www.berrua.com\/wp-content\/uploads\/2021\/11\/bar-services-camping.jpg 600w, https:\/\/www.berrua.com\/wp-content\/uploads\/2021\/11\/bar-services-camping-300x200.jpg 300w\" sizes=\"(max-width: 600px) 100vw, 600px\" \/><\/a><\/figure><\/li><\/ul><\/figure>\n<\/div>\n\n\n\n<div class=\"wp-block-column is-vertically-aligned-center is-layout-flow wp-block-column-is-layout-flow\">\n<figure class=\"wp-block-gallery columns-1 is-cropped wp-block-gallery-3 is-layout-flex wp-block-gallery-is-layout-flex\"><ul class=\"blocks-gallery-grid\"><li class=\"blocks-gallery-item\"><figure><a href=\"https:\/\/www.berrua.com\/wp-content\/uploads\/2021\/11\/aire-de-jeux-bidart.jpg\"><img decoding=\"async\" width=\"439\" height=\"638\" src=\"https:\/\/www.berrua.com\/wp-content\/uploads\/2021\/11\/aire-de-jeux-bidart.jpg\" alt=\"aire de jeux bidart\" data-id=\"10399\" data-full-url=\"https:\/\/www.berrua.com\/wp-content\/uploads\/2021\/11\/aire-de-jeux-bidart.jpg\" data-link=\"http:\/\/www.berrua.com\/camping-4-etoiles-pays-basque\/attachment\/aire-de-jeux-bidart\/\" class=\"wp-image-10402\" srcset=\"https:\/\/www.berrua.com\/wp-content\/uploads\/2021\/11\/aire-de-jeux-bidart.jpg 439w, https:\/\/www.berrua.com\/wp-content\/uploads\/2021\/11\/aire-de-jeux-bidart-206x300.jpg 206w\" sizes=\"(max-width: 439px) 100vw, 439px\" \/><\/a><\/figure><\/li><\/ul><\/figure>\n<\/div>\n\n\n\n<div class=\"wp-block-column is-vertically-aligned-center is-layout-flow wp-block-column-is-layout-flow\">\n<figure class=\"wp-block-gallery columns-1 is-cropped wp-block-gallery-4 is-layout-flex wp-block-gallery-is-layout-flex\"><ul class=\"blocks-gallery-grid\"><li class=\"blocks-gallery-item\"><figure><a href=\"https:\/\/www.berrua.com\/wp-content\/uploads\/2021\/11\/animations-camping.jpg\"><img decoding=\"async\" width=\"439\" height=\"639\" src=\"https:\/\/www.berrua.com\/wp-content\/uploads\/2021\/11\/animations-camping.jpg\" alt=\"animations camping\" data-id=\"10404\" data-full-url=\"https:\/\/www.berrua.com\/wp-content\/uploads\/2021\/11\/animations-camping.jpg\" data-link=\"http:\/\/www.berrua.com\/camping-4-etoiles-pays-basque\/attachment\/animations-camping\/\" class=\"wp-image-10407\" srcset=\"https:\/\/www.berrua.com\/wp-content\/uploads\/2021\/11\/animations-camping.jpg 439w, https:\/\/www.berrua.com\/wp-content\/uploads\/2021\/11\/animations-camping-206x300.jpg 206w\" sizes=\"(max-width: 439px) 100vw, 439px\" \/><\/a><\/figure><\/li><\/ul><\/figure>\n<\/div>\n<\/div>\n\n\n    <\/div>\n<\/section>\n\n<section id=\"ls-section-block_028bfb9651b2690a81799d9604d44fbc\" class=\"ls-section  home-fourth has-background has-color-1-background-color has-text-color has-color-white-color\" >\n        <div class=\"container container--wide\">\n        \n\n<div class=\"wp-block-columns is-layout-flex wp-container-core-columns-is-layout-9d6595d7 wp-block-columns-is-layout-flex\">\n<div class=\"wp-block-column is-layout-flow wp-block-column-is-layout-flow\" style=\"flex-basis:33.33%\">\n<p class=\"ls-paragraph ls__paragraph title-deco\"><span style=\"background-color:rgba(0, 0, 0, 0)\" class=\"has-inline-color has-color-3-color\">Animationen<\/span><\/p>\n\n\n\n<p class=\"ls-paragraph ls__paragraph subtitle-deco\"><span style=\"background-color:rgba(0, 0, 0, 0)\" class=\"has-inline-color has-color-white-color\">f\u00fcr alle<\/span><\/p>\n<\/div>\n\n\n\n<div class=\"wp-block-column is-layout-flow wp-block-column-is-layout-flow\" style=\"flex-basis:66.66%\">\n<h2 class=\"ls__heading wp-block-heading ls__heading ls__heading-undefined\">Animationen und Sportaktivit\u00e4ten auf dem Campingplatz<\/h2>\n\n\n\n<p class=\"ls-paragraph ls__paragraph\">W\u00e4hrend der \u00d6ffnungszeiten des <a href=\"\/de\/\">Campingplatzes Baskenland<\/a> ist der Wasserkomplex funktionst\u00fcchtig, ebenso wie der Tennisplatz, Boulodrome, Multisportplatz&#8230;&#8230;<br><\/p>\n\n\n\n<p class=\"ls-paragraph ls__paragraph\">In der Hochsaison bietet Ihnen das Animationsteam die folgenden Animationenan:<\/p>\n\n\n\n<ul class=\"ls-list ls-list-undefined ls__list-undefined wp-block-list\">\n<li>F\u00fcr Sportler: Wassergymnastik, Fu\u00dfball-, Basketball- und Handballturniere&#8230;.<br>Die traditionelle Wanderung nach La Rhune jeden Mittwoch<\/li>\n\n\n\n<li>F\u00fcr alle: Entdecken Sie Vorf\u00fchrungen von Pelote Basque, nehmen Sie an Aperospielen teil, machen Sie den Campingtanz&#8230;.<br>Um den Tag abzuschlie\u00dfen, kommen Sie zahlreich zu den von Ihrem Animationsteam angebotenen Abendveranstaltungen<br>Tanzabend, Kinderkabarett, Show, Gesang, Flamenco, Lotto&#8230;..<\/li>\n<\/ul>\n<\/div>\n<\/div>\n\n\n    <\/div>\n<\/section>\n\n<section id=\"ls-section-block_671bf24810326c686c32182f7e3c7a2b\" class=\"ls-section  page-two\" >\n        <div class=\"container container--wide\">\n        \n<div class=\"wp-block-image\">\n<figure class=\"aligncenter size-full\"><img decoding=\"async\" width=\"1024\" height=\"576\" src=\"https:\/\/www.berrua.com\/wp-content\/uploads\/2021\/11\/club-enfants-camping.jpg\" alt=\"kinderclub camping\" class=\"wp-image-10422\" srcset=\"https:\/\/www.berrua.com\/wp-content\/uploads\/2021\/11\/club-enfants-camping.jpg 1024w, https:\/\/www.berrua.com\/wp-content\/uploads\/2021\/11\/club-enfants-camping-300x169.jpg 300w, https:\/\/www.berrua.com\/wp-content\/uploads\/2021\/11\/club-enfants-camping-768x432.jpg 768w\" sizes=\"(max-width: 1024px) 100vw, 1024px\" \/><\/figure>\n<\/div>\n\n    <\/div>\n<\/section>\n\n<section id=\"ls-section-block_4426724447fe8e074cc845fa9986d2fe\" class=\"ls-section  page-three\" >\n        <div class=\"container \">\n        \n\n<h2 class=\"ls__heading wp-block-heading ls__heading ls__heading-undefined\">F\u00dcR KINDER<\/h2>\n\n\n\n<p class=\"ls-paragraph ls__paragraph\">\u2022 Camping f\u00fcr Kinder (von 6 bis 11 Jahren): Der SUNNY CLUB empf\u00e4ngt Sie an allen Tagen der Woche (\u00d6ffnungszeiten vor Ort zu erfragen). Die Betreuerinnen bieten Zeichnen, Malen, Suchspiele, Schminken&#8230;. an.<\/p>\n\n\n\n<p class=\"ls-paragraph ls__paragraph\">\u2022 F\u00fcr Jugendliche(12 bis 18 Jahre): Im Club k\u00f6nnen Sie bei den f\u00fcr Jugendliche vorgesehenen Veranstaltungen neue Bekanntschaften schlie\u00dfen! Organisierte Turniere (Fu\u00dfball, Handball, Basketball), Einf\u00fchrung in Pelota Basque, Molki&#8230;.<\/p>\n\n\n    <\/div>\n<\/section>\n\n<section id=\"ls-section-block_2c07a5222215bf0ff31e61ed4cfab8c6\" class=\"ls-section  page-fourth\" >\n        <div class=\"container container--full\">\n        \n\n<figure class=\"wp-block-image size-large\"><img decoding=\"async\" width=\"1903\" height=\"700\" src=\"https:\/\/www.berrua.com\/wp-content\/uploads\/2021\/11\/epicerie-4-etoiles-bidart.jpg\" alt=\"epicerie 4 etoiles bidart\" class=\"wp-image-10427\" srcset=\"https:\/\/www.berrua.com\/wp-content\/uploads\/2021\/11\/epicerie-4-etoiles-bidart.jpg 1903w, https:\/\/www.berrua.com\/wp-content\/uploads\/2021\/11\/epicerie-4-etoiles-bidart-300x110.jpg 300w, https:\/\/www.berrua.com\/wp-content\/uploads\/2021\/11\/epicerie-4-etoiles-bidart-1024x377.jpg 1024w, https:\/\/www.berrua.com\/wp-content\/uploads\/2021\/11\/epicerie-4-etoiles-bidart-768x283.jpg 768w, https:\/\/www.berrua.com\/wp-content\/uploads\/2021\/11\/epicerie-4-etoiles-bidart-1536x565.jpg 1536w\" sizes=\"(max-width: 1903px) 100vw, 1903px\" \/><\/figure>\n\n\n    <\/div>\n<\/section>\n\n<section id=\"ls-section-block_23e62b0aa222d6bd2ab9dc90e120cdff\" class=\"ls-section  page-fourth-bis has-text-color has-color-black-color\" >\n        <div class=\"container container--wide\">\n        \n\n<div class=\"wp-block-columns is-layout-flex wp-container-core-columns-is-layout-9d6595d7 wp-block-columns-is-layout-flex\">\n<div class=\"wp-block-column is-layout-flow wp-block-column-is-layout-flow\">\n<h2 class=\"ls__heading wp-block-heading ls__heading ls__heading-undefined\"><span style=\"background-color:rgba(0, 0, 0, 0)\" class=\"has-inline-color has-color-3-color\">EPICERIE<\/span><\/h2>\n<\/div>\n\n\n\n<div class=\"wp-block-column is-layout-flow wp-block-column-is-layout-flow\"><\/div>\n<\/div>\n\n\n\n<div class=\"wp-block-columns is-layout-flex wp-container-core-columns-is-layout-9d6595d7 wp-block-columns-is-layout-flex\">\n<div class=\"wp-block-column is-layout-flow wp-block-column-is-layout-flow\">\n<p class=\"ls-paragraph ls__paragraph\">Der Supermarkt ist von April bis September ge\u00f6ffnet und bietet Ihnen jeden Morgen vor Ort gebackenes Brot und Geb\u00e4ck an. Hier finden Sie die Produkte des t\u00e4glichen Bedarfs: Kaffee, Zucker, Kekse, Zwieback, Frischprodukte&#8230;.<\/p>\n\n\n\n<h2 class=\"ls__heading wp-block-heading ls__heading ls__heading-undefined p-t-5\">GASTST\u00c4TTE\/PIZZERIA<\/h2>\n\n\n\n<p class=\"ls-paragraph ls__paragraph\">Das Restaurant Bidart Hobeki empf\u00e4ngt Sie t\u00e4glich morgens, mittags und abends, um einen gem\u00fctlichen Moment bei einer guten Mahlzeit zu verbringen (kombinierte Gerichte, baskische Spezialit\u00e4ten&#8230;). Es werden Ihnen Pizzen zum Mitnehmen oder zum Verzehr vor Ort angeboten.<br><\/p>\n\n\n\n<p class=\"ls-paragraph ls__paragraph\">Die Bar La Txalupa, bietet eine gro\u00dfe Terrasse mit Blick auf den Pool. Hier k\u00f6nnen Sie sich im Juli und August bei einem Cocktail oder einem Imbiss (Waffeln, Cr\u00eapes) entspannen oder schnell etwas essen (Salate, Paninis, Sandwiches &#8230;).<\/p>\n<\/div>\n\n\n\n<div class=\"wp-block-column is-layout-flow wp-block-column-is-layout-flow\">\n<h2 class=\"ls__heading wp-block-heading ls__heading ls__heading-undefined p-t-5\">DIENSTLEISTUNGEN<\/h2>\n\n\n\n<p class=\"ls-paragraph ls__paragraph\">Damit Sie Ihren Urlaub auf dem 4-Sterne-Campingplatz Baskenland in vollen Z\u00fcgen genie\u00dfen k\u00f6nnen, entdecken Sie alle unsere Dienstleistungen und Angebote.<\/p>\n\n\n\n<ul class=\"ls-list ls-list-undefined ls__list-undefined wp-block-list\">\n<li>Postausgang und Frankierung (Montag bis Freitag)<\/li>\n\n\n\n<li>Shuttle zum Strand (kostenlos im Juli\/August)<\/li>\n\n\n\n<li>Kartenverkauf: Verkauf von Eintrittskarten f\u00fcr das Aquarium von Biarritz, die Cit\u00e9 de l&#8217;oc\u00e9an in Biarritz, Ticket f\u00fcr die Pendelbusse zu den Festen in Bayonne<\/li>\n\n\n\n<li>Waschsalon:2 Sanit\u00e4ranlagen bieten Ihnen Punkte mit Waschmaschine (4\u20ac) UND Trockner (3\u20ac) an.<\/li>\n\n\n\n<li>Wohnmobilstellplatz:Parken verboten<br>Ausgestattet, um Wasser abzulassen und aufzuf\u00fcllen (kostenlos f\u00fcr G\u00e4ste des Campingplatzes und 3\u20ac f\u00fcr Personen von au\u00dferhalb)<\/li>\n<\/ul>\n\n\n\n<p class=\"ls-paragraph ls__paragraph\">F\u00fcr weitere Informationen steht Ihnen das Team des g\u00fcnstigen Campingplatzes Baskenlandjederzeit zur Verf\u00fcgung.<\/p>\n<\/div>\n<\/div>\n\n\n    <\/div>\n<\/section>\n\n<section id=\"ls-section-block_d575bdd84354046c685751d65c7e66b3\" class=\"ls-section  page-cta has-p-t p-t-1\" >\n        <div class=\"container container--wide\">\n        \n\n<h2 class=\"ls__heading wp-block-heading has-text-align-center ls__heading-undefined title-deco\"><span style=\"background-color:rgba(0, 0, 0, 0)\" class=\"has-inline-color has-color-1-color\">Entdecken Sie die Dienstleistungen des Campingplatzes<\/span><\/h2>\n\n\n\n<div class=\"wp-block-columns is-layout-flex wp-container-core-columns-is-layout-9d6595d7 wp-block-columns-is-layout-flex\">\n<div class=\"wp-block-column is-layout-flow wp-block-column-is-layout-flow\">\n<div id=\"ls-cta-block_cfc50881a9d3e296885f39401af898a8\" class=\"ls-cta\">  \n    \n\n<a href=\"\/de\/4-sterren-camping-baskenland\/campingplatz-mit-restaurant-pizzeria-baskenland\/\" target=\"\" rel=\"noopener\" class=\"ls-cta__link\" data-categ=\"\">\n\t<div class=\"ls-cta__image\"><img decoding=\"async\" src=\"https:\/\/www.berrua.com\/wp-content\/uploads\/2021\/11\/camping-snack-bidart.jpg\" alt=\"camping snack bidart\"><\/div>\n\t<div class=\"ls-cta__title\">\n\t\tRestaurant \/ Pizzeria\t<\/div>\n\n\t<\/a><\/div><\/div>\n\n\n\n<div class=\"wp-block-column is-layout-flow wp-block-column-is-layout-flow\">\n<div id=\"ls-cta-block_3ad4b3057880fec6bd1262cc5a5539bd\" class=\"ls-cta\">  \n    \n\n<a href=\"\/de\/4-sterren-camping-baskenland\/ausstattung-services-des-campingplatzes-im-baskenland\/\" target=\"\" rel=\"noopener\" class=\"ls-cta__link\" data-categ=\"\">\n\t<div class=\"ls-cta__image\"><img decoding=\"async\" src=\"https:\/\/www.berrua.com\/wp-content\/uploads\/2021\/11\/accueil-camping-bidart.jpg\" alt=\"accueil camping bidart\"><\/div>\n\t<div class=\"ls-cta__title\">\n\t\tLa R\u00e9ception\t<\/div>\n\n\t<\/a><\/div><\/div>\n\n\n\n<div class=\"wp-block-column is-layout-flow wp-block-column-is-layout-flow\">\n<div id=\"ls-cta-block_93fe763638822ad1cbb7ee53194e4d7b\" class=\"ls-cta\">  \n    \n\n<a href=\"\/de\/4-sterren-camping-baskenland\/camping-mit-kinderclub-im-baskenland\/\" target=\"\" rel=\"noopener\" class=\"ls-cta__link\" data-categ=\"\">\n\t<div class=\"ls-cta__image\"><img decoding=\"async\" src=\"https:\/\/www.berrua.com\/wp-content\/uploads\/2021\/11\/club-enfants-bidart.jpg\" alt=\"club enfants bidart\"><\/div>\n\t<div class=\"ls-cta__title\">\n\t\tClub enfants\t<\/div>\n\n\t<\/a><\/div><\/div>\n<\/div>\n\n\n    <\/div>\n<\/section>","protected":false},"excerpt":{"rendered":"","protected":false},"author":1,"featured_media":10397,"parent":0,"menu_order":0,"comment_status":"closed","ping_status":"closed","template":"","meta":{"_acf_changed":false,"inline_featured_image":false,"footnotes":""},"sujet":[],"class_list":["post-15364","page","type-page","status-publish","has-post-thumbnail","hentry"],"acf":[],"yoast_head":"<!-- This site is optimized with the Yoast SEO plugin v26.2 - https:\/\/yoast.com\/wordpress\/plugins\/seo\/ -->\n<title>4-sterren campingplatz Baskenland - Campingplatz Berrua<\/title>\n<meta name=\"robots\" content=\"index, follow, max-snippet:-1, max-image-preview:large, max-video-preview:-1\" \/>\n<link rel=\"canonical\" href=\"https:\/\/www.berrua.com\/de\/4-sterren-camping-baskenland\/\" \/>\n<meta property=\"og:locale\" content=\"de_DE\" \/>\n<meta property=\"og:type\" content=\"article\" \/>\n<meta property=\"og:title\" content=\"4-sterren campingplatz Baskenland - Campingplatz Berrua\" \/>\n<meta property=\"og:url\" content=\"https:\/\/www.berrua.com\/de\/4-sterren-camping-baskenland\/\" \/>\n<meta property=\"og:site_name\" content=\"Domaine Berrua\" \/>\n<meta property=\"article:modified_time\" content=\"2024-03-13T07:30:17+00:00\" \/>\n<meta property=\"og:image\" content=\"https:\/\/www.berrua.com\/wp-content\/uploads\/2021\/11\/accueil-4-etoiles-bidart.jpg\" \/>\n\t<meta property=\"og:image:width\" content=\"1903\" \/>\n\t<meta property=\"og:image:height\" content=\"450\" \/>\n\t<meta property=\"og:image:type\" content=\"image\/jpeg\" \/>\n<meta name=\"twitter:card\" content=\"summary_large_image\" \/>\n<meta name=\"twitter:label1\" content=\"Gesch\u00e4tzte Lesezeit\" \/>\n\t<meta name=\"twitter:data1\" content=\"4\u00a0Minuten\" \/>\n<script type=\"application\/ld+json\" class=\"yoast-schema-graph\">{\"@context\":\"https:\/\/schema.org\",\"@graph\":[{\"@type\":\"WebPage\",\"@id\":\"https:\/\/www.berrua.com\/de\/4-sterren-camping-baskenland\/\",\"url\":\"https:\/\/www.berrua.com\/de\/4-sterren-camping-baskenland\/\",\"name\":\"4-sterren campingplatz Baskenland - Campingplatz Berrua\",\"isPartOf\":{\"@id\":\"https:\/\/www.berrua.com\/de\/#website\"},\"primaryImageOfPage\":{\"@id\":\"https:\/\/www.berrua.com\/de\/4-sterren-camping-baskenland\/#primaryimage\"},\"image\":{\"@id\":\"https:\/\/www.berrua.com\/de\/4-sterren-camping-baskenland\/#primaryimage\"},\"thumbnailUrl\":\"https:\/\/www.berrua.com\/wp-content\/uploads\/2021\/11\/accueil-4-etoiles-bidart.jpg\",\"datePublished\":\"2021-10-20T14:05:02+00:00\",\"dateModified\":\"2024-03-13T07:30:17+00:00\",\"breadcrumb\":{\"@id\":\"https:\/\/www.berrua.com\/de\/4-sterren-camping-baskenland\/#breadcrumb\"},\"inLanguage\":\"de\",\"potentialAction\":[{\"@type\":\"ReadAction\",\"target\":[\"https:\/\/www.berrua.com\/de\/4-sterren-camping-baskenland\/\"]}]},{\"@type\":\"ImageObject\",\"inLanguage\":\"de\",\"@id\":\"https:\/\/www.berrua.com\/de\/4-sterren-camping-baskenland\/#primaryimage\",\"url\":\"https:\/\/www.berrua.com\/wp-content\/uploads\/2021\/11\/accueil-4-etoiles-bidart.jpg\",\"contentUrl\":\"https:\/\/www.berrua.com\/wp-content\/uploads\/2021\/11\/accueil-4-etoiles-bidart.jpg\",\"width\":1903,\"height\":450,\"caption\":\"accueil 4 Etoiles bidart\"},{\"@type\":\"BreadcrumbList\",\"@id\":\"https:\/\/www.berrua.com\/de\/4-sterren-camping-baskenland\/#breadcrumb\",\"itemListElement\":[{\"@type\":\"ListItem\",\"position\":1,\"name\":\"Camping Bidart au Pays Basque\",\"item\":\"https:\/\/www.berrua.com\/de\/\"},{\"@type\":\"ListItem\",\"position\":2,\"name\":\"4-STERREN CAMPINGPLATZ BASKENLAND\"}]},{\"@type\":\"WebSite\",\"@id\":\"https:\/\/www.berrua.com\/de\/#website\",\"url\":\"https:\/\/www.berrua.com\/de\/\",\"name\":\"Domaine Berrua\",\"description\":\"\",\"publisher\":{\"@id\":\"https:\/\/www.berrua.com\/de\/#organization\"},\"potentialAction\":[{\"@type\":\"SearchAction\",\"target\":{\"@type\":\"EntryPoint\",\"urlTemplate\":\"https:\/\/www.berrua.com\/de\/?s={search_term_string}\"},\"query-input\":{\"@type\":\"PropertyValueSpecification\",\"valueRequired\":true,\"valueName\":\"search_term_string\"}}],\"inLanguage\":\"de\"},{\"@type\":\"Organization\",\"@id\":\"https:\/\/www.berrua.com\/de\/#organization\",\"name\":\"Camping Berrua\",\"url\":\"https:\/\/www.berrua.com\/de\/\",\"logo\":{\"@type\":\"ImageObject\",\"inLanguage\":\"de\",\"@id\":\"https:\/\/www.berrua.com\/de\/#\/schema\/logo\/image\/\",\"url\":\"https:\/\/www.berrua.com\/wp-content\/uploads\/2022\/01\/berrua.jpg\",\"contentUrl\":\"https:\/\/www.berrua.com\/wp-content\/uploads\/2022\/01\/berrua.jpg\",\"width\":321,\"height\":231,\"caption\":\"Camping Berrua\"},\"image\":{\"@id\":\"https:\/\/www.berrua.com\/de\/#\/schema\/logo\/image\/\"}}]}<\/script>\n<!-- \/ Yoast SEO plugin. -->","yoast_head_json":{"title":"4-sterren campingplatz Baskenland - Campingplatz Berrua","robots":{"index":"index","follow":"follow","max-snippet":"max-snippet:-1","max-image-preview":"max-image-preview:large","max-video-preview":"max-video-preview:-1"},"canonical":"https:\/\/www.berrua.com\/de\/4-sterren-camping-baskenland\/","og_locale":"de_DE","og_type":"article","og_title":"4-sterren campingplatz Baskenland - Campingplatz Berrua","og_url":"https:\/\/www.berrua.com\/de\/4-sterren-camping-baskenland\/","og_site_name":"Domaine Berrua","article_modified_time":"2024-03-13T07:30:17+00:00","og_image":[{"width":1903,"height":450,"url":"https:\/\/www.berrua.com\/wp-content\/uploads\/2021\/11\/accueil-4-etoiles-bidart.jpg","type":"image\/jpeg"}],"twitter_card":"summary_large_image","twitter_misc":{"Gesch\u00e4tzte Lesezeit":"4\u00a0Minuten"},"schema":{"@context":"https:\/\/schema.org","@graph":[{"@type":"WebPage","@id":"https:\/\/www.berrua.com\/de\/4-sterren-camping-baskenland\/","url":"https:\/\/www.berrua.com\/de\/4-sterren-camping-baskenland\/","name":"4-sterren campingplatz Baskenland - Campingplatz Berrua","isPartOf":{"@id":"https:\/\/www.berrua.com\/de\/#website"},"primaryImageOfPage":{"@id":"https:\/\/www.berrua.com\/de\/4-sterren-camping-baskenland\/#primaryimage"},"image":{"@id":"https:\/\/www.berrua.com\/de\/4-sterren-camping-baskenland\/#primaryimage"},"thumbnailUrl":"https:\/\/www.berrua.com\/wp-content\/uploads\/2021\/11\/accueil-4-etoiles-bidart.jpg","datePublished":"2021-10-20T14:05:02+00:00","dateModified":"2024-03-13T07:30:17+00:00","breadcrumb":{"@id":"https:\/\/www.berrua.com\/de\/4-sterren-camping-baskenland\/#breadcrumb"},"inLanguage":"de","potentialAction":[{"@type":"ReadAction","target":["https:\/\/www.berrua.com\/de\/4-sterren-camping-baskenland\/"]}]},{"@type":"ImageObject","inLanguage":"de","@id":"https:\/\/www.berrua.com\/de\/4-sterren-camping-baskenland\/#primaryimage","url":"https:\/\/www.berrua.com\/wp-content\/uploads\/2021\/11\/accueil-4-etoiles-bidart.jpg","contentUrl":"https:\/\/www.berrua.com\/wp-content\/uploads\/2021\/11\/accueil-4-etoiles-bidart.jpg","width":1903,"height":450,"caption":"accueil 4 Etoiles bidart"},{"@type":"BreadcrumbList","@id":"https:\/\/www.berrua.com\/de\/4-sterren-camping-baskenland\/#breadcrumb","itemListElement":[{"@type":"ListItem","position":1,"name":"Camping Bidart au Pays Basque","item":"https:\/\/www.berrua.com\/de\/"},{"@type":"ListItem","position":2,"name":"4-STERREN CAMPINGPLATZ BASKENLAND"}]},{"@type":"WebSite","@id":"https:\/\/www.berrua.com\/de\/#website","url":"https:\/\/www.berrua.com\/de\/","name":"Domaine Berrua","description":"","publisher":{"@id":"https:\/\/www.berrua.com\/de\/#organization"},"potentialAction":[{"@type":"SearchAction","target":{"@type":"EntryPoint","urlTemplate":"https:\/\/www.berrua.com\/de\/?s={search_term_string}"},"query-input":{"@type":"PropertyValueSpecification","valueRequired":true,"valueName":"search_term_string"}}],"inLanguage":"de"},{"@type":"Organization","@id":"https:\/\/www.berrua.com\/de\/#organization","name":"Camping Berrua","url":"https:\/\/www.berrua.com\/de\/","logo":{"@type":"ImageObject","inLanguage":"de","@id":"https:\/\/www.berrua.com\/de\/#\/schema\/logo\/image\/","url":"https:\/\/www.berrua.com\/wp-content\/uploads\/2022\/01\/berrua.jpg","contentUrl":"https:\/\/www.berrua.com\/wp-content\/uploads\/2022\/01\/berrua.jpg","width":321,"height":231,"caption":"Camping Berrua"},"image":{"@id":"https:\/\/www.berrua.com\/de\/#\/schema\/logo\/image\/"}}]}},"_links":{"self":[{"href":"https:\/\/www.berrua.com\/de\/wp-json\/wp\/v2\/pages\/15364","targetHints":{"allow":["GET"]}}],"collection":[{"href":"https:\/\/www.berrua.com\/de\/wp-json\/wp\/v2\/pages"}],"about":[{"href":"https:\/\/www.berrua.com\/de\/wp-json\/wp\/v2\/types\/page"}],"author":[{"embeddable":true,"href":"https:\/\/www.berrua.com\/de\/wp-json\/wp\/v2\/users\/1"}],"replies":[{"embeddable":true,"href":"https:\/\/www.berrua.com\/de\/wp-json\/wp\/v2\/comments?post=15364"}],"version-history":[{"count":9,"href":"https:\/\/www.berrua.com\/de\/wp-json\/wp\/v2\/pages\/15364\/revisions"}],"predecessor-version":[{"id":992157,"href":"https:\/\/www.berrua.com\/de\/wp-json\/wp\/v2\/pages\/15364\/revisions\/992157"}],"wp:featuredmedia":[{"embeddable":true,"href":"https:\/\/www.berrua.com\/de\/wp-json\/wp\/v2\/media\/10397"}],"wp:attachment":[{"href":"https:\/\/www.berrua.com\/de\/wp-json\/wp\/v2\/media?parent=15364"}],"wp:term":[{"taxonomy":"sujet","embeddable":true,"href":"https:\/\/www.berrua.com\/de\/wp-json\/wp\/v2\/sujet?post=15364"}],"curies":[{"name":"wp","href":"https:\/\/api.w.org\/{rel}","templated":true}]}}