{"id":13829,"date":"2021-10-13T14:24:05","date_gmt":"2021-10-13T12:24:05","guid":{"rendered":"http:\/\/www.berrua.com\/mentions-legales\/"},"modified":"2022-12-20T11:08:47","modified_gmt":"2022-12-20T10:08:47","slug":"rechtliche-hinweise","status":"publish","type":"page","link":"https:\/\/www.berrua.com\/de\/rechtliche-hinweise\/","title":{"rendered":"Mentions l\u00e9gales"},"content":{"rendered":"<section id=\"ls-section-block_ce2b026dd7baa2fc6f9d08cab28c167e\" class=\"ls-section \" >\n        <div class=\"container container--wide\">\n        \n\n<h1 class=\"ls__heading has-text-align-center ls__heading-undefined wp-block-heading\">Rechtliche Hinweise<\/h1>\n\n\n\n<h2 class=\"ls__heading inline-title center wp-block-heading\">Herausgeber der Seite<\/h2>\n\n\n\n<p class=\"ls-paragraph\">Domaine Berrua ****<br>Adresse : Rue Berrua 64210 BIDART<br>Tel : 05 59 54 96 66<br>E-Mail : contact@berrua.com<br>N\u00b0 Siret : 43891849200010<br>APE-Code : 5530Z<br>RCS : Bayonne B 438 918 492<\/p>\n\n\n\n<h2 class=\"ls__heading inline-title center wp-block-heading\">Ombudsmann<\/h2>\n\n\n\n<p class=\"ls-paragraph\">Im Falle einer Streitigkeit und nachdem er sich an den Kundenservice des Gewerbetreibenden gewandt hat, hat jeder Kunde die M\u00f6glichkeit, sich innerhalb einer Frist von h\u00f6chstens einem Jahr ab dem Datum der schriftlichen Beschwerde per R\u00fcckschein an den Gewerbetreibenden an einen Verbrauchermediator zu wenden. Die Kontaktdaten des Mediators, der vom Kunden angerufen werden kann, lauten wie folgt:<\/p>\n\n\n\n<p class=\"ls-paragraph\">BAYONNE MEDIATION<br>32 rue du Hameau, 64200 BIARRITZ<br><a href=\"https:\/\/www.bayonne-mediation.com\" rel=\"noopener\" target=\"_blank\">www.bayonne-mediation.com<\/a><br>06 79 59 83 38<\/p>\n\n\n\n<h2 class=\"ls__heading inline-title center wp-block-heading\">Umsetzung<\/h2>\n\n\n\n<p class=\"ls-paragraph\">GEEK TONIC<br>Vertreten durch Herrn Yohann Darmayan in seiner Funktion als Gesch\u00e4ftsf\u00fchrer<br>Hauptsitz : 1 ALL PIERRE GEORGES LATECOERE 64200 BIARRITZ<br>Tel : 05 32 74 11 52<br>E-mail : support@geek-tonic.com<br>Website : <a href=\"https:\/\/www.geek-tonic.com\" target=\"_blank\" rel=\"noreferrer noopener\">www.geek-tonic.com<\/a><br>SIRET : 89746755100015<br>APE : 6201Z<\/p>\n\n\n\n<h2 class=\"ls__heading inline-title center wp-block-heading\">Urheberrecht und Copyright<\/h2>\n\n\n\n<p class=\"ls-paragraph\">Der gesamte Inhalt dieser Website unterliegt dem Urheberrecht sowie dem geistigen Eigentum der franz\u00f6sischen Gesetzgebung. Jede Vervielf\u00e4ltigung (einschlie\u00dflich Fotos, Icons und herunterladbarer Dokumente) ist ohne vorherige Zustimmung von Geek Tonic untersagt. Die Vervielf\u00e4ltigung der gesamten oder eines Teils der Website auf einem elektronischen Datentr\u00e4ger in einem Papier- oder elektronischen Format ist untersagt. Geek Tonic lehnt jede Verantwortung f\u00fcr den auf der Website vorhandenen Inhalt ab. Geek Tonic lehnt ebenfalls jede Verantwortung f\u00fcr externe Links ab, die auf die vorliegende Website verweisen.<\/p>\n\n\n\n<h2 class=\"ls__heading inline-title center wp-block-heading\">Pers\u00f6nliche Daten und namentliche Informationen<\/h2>\n\n\n\n<p class=\"ls-paragraph\">Sie haben ein Recht auf Zugang, \u00c4nderung, Berichtigung und L\u00f6schung der Sie betreffenden Daten gem\u00e4\u00df Artikel 34 des Gesetzes &#8222;Informatique et Libert\u00e9s&#8220; Nr. 78-17 vom 6. Januar 1978, ge\u00e4ndert am 6. August 2004. Um dieses Zugangsrecht zu entfalten, k\u00f6nnen Sie es durch eine einfache schriftliche Anfrage an den Herausgeber der Website geltend machen.<\/p>\n\n\n\n<h2 class=\"ls__heading inline-title center wp-block-heading\">Gesetzgebung<\/h2>\n\n\n\n<p class=\"ls-paragraph\">Gem\u00e4\u00df dem Gesetz vom 11. M\u00e4rz 1957 (Art. 41) und dem Gesetz \u00fcber geistiges Eigentum vom 1. Juli 1992 ist es verboten, einen Teil der Website ohne vorherige Genehmigung des Herausgebers der Website teilweise oder vollst\u00e4ndig zu vervielf\u00e4ltigen. Die Logos, Bilder, Fotos, Videos, Grafiken und Texte sind Eigentum ihrer jeweiligen Besitzer. Diese Website kann ohne ihr Wissen mit anderen Websites \u00fcber Hypermedia-Links verbunden sein. Der Herausgeber der Website lehnt jede Verantwortung f\u00fcr die auf diesen anderen Websites dargestellten Informationen ab. Der Internetnutzer erkennt an, dass die Nutzung dieser Website dem franz\u00f6sischen Recht unterliegt.<\/p>\n\n\n    <\/div>\n<\/section>","protected":false},"excerpt":{"rendered":"","protected":false},"author":1,"featured_media":0,"parent":0,"menu_order":0,"comment_status":"closed","ping_status":"closed","template":"","meta":{"_acf_changed":false,"inline_featured_image":false,"footnotes":""},"sujet":[],"class_list":["post-13829","page","type-page","status-publish","hentry"],"acf":[],"yoast_head":"<!-- This site is optimized with the Yoast SEO plugin v26.2 - https:\/\/yoast.com\/wordpress\/plugins\/seo\/ -->\n<title>Rechtliche Hubweise | Domaine Berrua<\/title>\n<meta name=\"robots\" content=\"noindex, nofollow\" \/>\n<meta property=\"og:locale\" content=\"de_DE\" \/>\n<meta property=\"og:type\" content=\"article\" \/>\n<meta property=\"og:title\" content=\"Rechtliche Hubweise | Domaine Berrua\" \/>\n<meta property=\"og:url\" content=\"https:\/\/www.berrua.com\/de\/rechtliche-hinweise\/\" \/>\n<meta property=\"og:site_name\" content=\"Domaine Berrua\" \/>\n<meta property=\"article:modified_time\" content=\"2022-12-20T10:08:47+00:00\" \/>\n<meta name=\"twitter:card\" content=\"summary_large_image\" \/>\n<meta name=\"twitter:label1\" content=\"Gesch\u00e4tzte Lesezeit\" \/>\n\t<meta name=\"twitter:data1\" content=\"2\u00a0Minuten\" \/>\n<script type=\"application\/ld+json\" class=\"yoast-schema-graph\">{\"@context\":\"https:\/\/schema.org\",\"@graph\":[{\"@type\":\"WebPage\",\"@id\":\"https:\/\/www.berrua.com\/de\/rechtliche-hinweise\/\",\"url\":\"https:\/\/www.berrua.com\/de\/rechtliche-hinweise\/\",\"name\":\"Rechtliche Hubweise | Domaine Berrua\",\"isPartOf\":{\"@id\":\"https:\/\/www.berrua.com\/de\/#website\"},\"datePublished\":\"2021-10-13T12:24:05+00:00\",\"dateModified\":\"2022-12-20T10:08:47+00:00\",\"breadcrumb\":{\"@id\":\"https:\/\/www.berrua.com\/de\/rechtliche-hinweise\/#breadcrumb\"},\"inLanguage\":\"de\",\"potentialAction\":[{\"@type\":\"ReadAction\",\"target\":[\"https:\/\/www.berrua.com\/de\/rechtliche-hinweise\/\"]}]},{\"@type\":\"BreadcrumbList\",\"@id\":\"https:\/\/www.berrua.com\/de\/rechtliche-hinweise\/#breadcrumb\",\"itemListElement\":[{\"@type\":\"ListItem\",\"position\":1,\"name\":\"Camping Bidart au Pays Basque\",\"item\":\"https:\/\/www.berrua.com\/de\/\"},{\"@type\":\"ListItem\",\"position\":2,\"name\":\"Rechtliche Hinweise\"}]},{\"@type\":\"WebSite\",\"@id\":\"https:\/\/www.berrua.com\/de\/#website\",\"url\":\"https:\/\/www.berrua.com\/de\/\",\"name\":\"Domaine Berrua\",\"description\":\"\",\"publisher\":{\"@id\":\"https:\/\/www.berrua.com\/de\/#organization\"},\"potentialAction\":[{\"@type\":\"SearchAction\",\"target\":{\"@type\":\"EntryPoint\",\"urlTemplate\":\"https:\/\/www.berrua.com\/de\/?s={search_term_string}\"},\"query-input\":{\"@type\":\"PropertyValueSpecification\",\"valueRequired\":true,\"valueName\":\"search_term_string\"}}],\"inLanguage\":\"de\"},{\"@type\":\"Organization\",\"@id\":\"https:\/\/www.berrua.com\/de\/#organization\",\"name\":\"Camping Berrua\",\"url\":\"https:\/\/www.berrua.com\/de\/\",\"logo\":{\"@type\":\"ImageObject\",\"inLanguage\":\"de\",\"@id\":\"https:\/\/www.berrua.com\/de\/#\/schema\/logo\/image\/\",\"url\":\"https:\/\/www.berrua.com\/wp-content\/uploads\/2022\/01\/berrua.jpg\",\"contentUrl\":\"https:\/\/www.berrua.com\/wp-content\/uploads\/2022\/01\/berrua.jpg\",\"width\":321,\"height\":231,\"caption\":\"Camping Berrua\"},\"image\":{\"@id\":\"https:\/\/www.berrua.com\/de\/#\/schema\/logo\/image\/\"}}]}<\/script>\n<!-- \/ Yoast SEO plugin. -->","yoast_head_json":{"title":"Rechtliche Hubweise | Domaine Berrua","robots":{"index":"noindex","follow":"nofollow"},"og_locale":"de_DE","og_type":"article","og_title":"Rechtliche Hubweise | Domaine Berrua","og_url":"https:\/\/www.berrua.com\/de\/rechtliche-hinweise\/","og_site_name":"Domaine Berrua","article_modified_time":"2022-12-20T10:08:47+00:00","twitter_card":"summary_large_image","twitter_misc":{"Gesch\u00e4tzte Lesezeit":"2\u00a0Minuten"},"schema":{"@context":"https:\/\/schema.org","@graph":[{"@type":"WebPage","@id":"https:\/\/www.berrua.com\/de\/rechtliche-hinweise\/","url":"https:\/\/www.berrua.com\/de\/rechtliche-hinweise\/","name":"Rechtliche Hubweise | Domaine Berrua","isPartOf":{"@id":"https:\/\/www.berrua.com\/de\/#website"},"datePublished":"2021-10-13T12:24:05+00:00","dateModified":"2022-12-20T10:08:47+00:00","breadcrumb":{"@id":"https:\/\/www.berrua.com\/de\/rechtliche-hinweise\/#breadcrumb"},"inLanguage":"de","potentialAction":[{"@type":"ReadAction","target":["https:\/\/www.berrua.com\/de\/rechtliche-hinweise\/"]}]},{"@type":"BreadcrumbList","@id":"https:\/\/www.berrua.com\/de\/rechtliche-hinweise\/#breadcrumb","itemListElement":[{"@type":"ListItem","position":1,"name":"Camping Bidart au Pays Basque","item":"https:\/\/www.berrua.com\/de\/"},{"@type":"ListItem","position":2,"name":"Rechtliche Hinweise"}]},{"@type":"WebSite","@id":"https:\/\/www.berrua.com\/de\/#website","url":"https:\/\/www.berrua.com\/de\/","name":"Domaine Berrua","description":"","publisher":{"@id":"https:\/\/www.berrua.com\/de\/#organization"},"potentialAction":[{"@type":"SearchAction","target":{"@type":"EntryPoint","urlTemplate":"https:\/\/www.berrua.com\/de\/?s={search_term_string}"},"query-input":{"@type":"PropertyValueSpecification","valueRequired":true,"valueName":"search_term_string"}}],"inLanguage":"de"},{"@type":"Organization","@id":"https:\/\/www.berrua.com\/de\/#organization","name":"Camping Berrua","url":"https:\/\/www.berrua.com\/de\/","logo":{"@type":"ImageObject","inLanguage":"de","@id":"https:\/\/www.berrua.com\/de\/#\/schema\/logo\/image\/","url":"https:\/\/www.berrua.com\/wp-content\/uploads\/2022\/01\/berrua.jpg","contentUrl":"https:\/\/www.berrua.com\/wp-content\/uploads\/2022\/01\/berrua.jpg","width":321,"height":231,"caption":"Camping Berrua"},"image":{"@id":"https:\/\/www.berrua.com\/de\/#\/schema\/logo\/image\/"}}]}},"_links":{"self":[{"href":"https:\/\/www.berrua.com\/de\/wp-json\/wp\/v2\/pages\/13829","targetHints":{"allow":["GET"]}}],"collection":[{"href":"https:\/\/www.berrua.com\/de\/wp-json\/wp\/v2\/pages"}],"about":[{"href":"https:\/\/www.berrua.com\/de\/wp-json\/wp\/v2\/types\/page"}],"author":[{"embeddable":true,"href":"https:\/\/www.berrua.com\/de\/wp-json\/wp\/v2\/users\/1"}],"replies":[{"embeddable":true,"href":"https:\/\/www.berrua.com\/de\/wp-json\/wp\/v2\/comments?post=13829"}],"version-history":[{"count":4,"href":"https:\/\/www.berrua.com\/de\/wp-json\/wp\/v2\/pages\/13829\/revisions"}],"predecessor-version":[{"id":987330,"href":"https:\/\/www.berrua.com\/de\/wp-json\/wp\/v2\/pages\/13829\/revisions\/987330"}],"wp:attachment":[{"href":"https:\/\/www.berrua.com\/de\/wp-json\/wp\/v2\/media?parent=13829"}],"wp:term":[{"taxonomy":"sujet","embeddable":true,"href":"https:\/\/www.berrua.com\/de\/wp-json\/wp\/v2\/sujet?post=13829"}],"curies":[{"name":"wp","href":"https:\/\/api.w.org\/{rel}","templated":true}]}}