{"id":13818,"date":"2021-10-13T14:23:39","date_gmt":"2021-10-13T12:23:39","guid":{"rendered":"http:\/\/www.berrua.com\/contact-camping-basque-basque\/"},"modified":"2022-01-03T09:12:24","modified_gmt":"2022-01-03T08:12:24","slug":"kontakt-camping-berrua","status":"publish","type":"page","link":"https:\/\/www.berrua.com\/de\/kontakt-camping-berrua\/","title":{"rendered":"Infos et contact"},"content":{"rendered":"<section id=\"ls-section-block_6188f58639d55\" class=\"ls-section  page-one has-background has-color-white-background-color has-p-b p-b-1\" >\n        <div class=\"container container--wide\">\n        \n\n<h1 class=\"ls__heading has-text-align-center ls__heading-undefined wp-block-heading\"><span class=\"has-inline-color has-color-1-color\">Kontaktieren Sie den Campingplatz<\/span><\/h1>\n\n\n\n<h2 class=\"ls__heading ls__heading-undefined wp-block-heading\"><span class=\"has-inline-color has-color-1-color\">Wie komme ich nach Bidart im Baskenland?<\/span><\/h2>\n\n\n\n<p class=\"ls-paragraph ls__paragraph has-color-1-color has-text-color\"><span class=\"has-inline-color has-color-black-color\">F\u00fcr Ihren Urlaub mit der Familie oder mit Freunden hei\u00dfen wir Sie auf unserem Campingplatz im Baskenland herzlich willkommen. Um Ihre Reservierung in unserer Einrichtung vorzunehmen, k\u00f6nnen Sie uns telefonisch kontaktieren oder mit wenigen Klicks Ihre Unterkunft auf unserer Internetseite ausw\u00e4hlen.<\/span><\/p>\n\n\n\n<p class=\"ls-paragraph ls__paragraph\"><span class=\"has-inline-color has-color-black-color\">Wenn Sie eine Frage zum Campingplatz, zu den Unterk\u00fcnften oder zur Umwelt haben, k\u00f6nnen Sie sich direkt an uns wenden, indem Sie das Ihnen zur Verf\u00fcgung stehende Formular ausf\u00fcllen. Unsere qualifizierten Teams stehen Ihnen zur Verf\u00fcgung, um alle Ihre Anfragen schnellstm\u00f6glich und so genau wie m\u00f6glich zu beantworten.<\/span><\/p>\n\n\n\n<div class=\"wp-block-columns is-layout-flex wp-container-core-columns-is-layout-9d6595d7 wp-block-columns-is-layout-flex\">\n<div class=\"wp-block-column is-layout-flow wp-block-column-is-layout-flow\" style=\"flex-basis:100%\">\n<div class=\"wp-block-columns is-layout-flex wp-container-core-columns-is-layout-9d6595d7 wp-block-columns-is-layout-flex\">\n<div class=\"wp-block-column is-layout-flow wp-block-column-is-layout-flow\">\n<div class=\"wp-block-columns is-layout-flex wp-container-core-columns-is-layout-9d6595d7 wp-block-columns-is-layout-flex\">\n<div class=\"wp-block-column is-vertically-aligned-center is-layout-flow wp-block-column-is-layout-flow\">\n<div class=\"wp-block-columns are-vertically-aligned-center is-layout-flex wp-container-core-columns-is-layout-9d6595d7 wp-block-columns-is-layout-flex\">\n<div class=\"wp-block-column is-vertically-aligned-center is-layout-flow wp-block-column-is-layout-flow\">\n<div class=\"wpcf7 no-js\" id=\"wpcf7-f13820-o1\" lang=\"fr-FR\" dir=\"ltr\" data-wpcf7-id=\"13820\">\n<div class=\"screen-reader-response\"><p role=\"status\" aria-live=\"polite\" aria-atomic=\"true\"><\/p> <ul><\/ul><\/div>\n<form action=\"\/de\/wp-json\/wp\/v2\/pages\/13818#wpcf7-f13820-o1\" method=\"post\" class=\"wpcf7-form init\" aria-label=\"Formulaire de contact\" novalidate=\"novalidate\" data-status=\"init\">\n<fieldset class=\"hidden-fields-container\"><input type=\"hidden\" name=\"_wpcf7\" value=\"13820\" \/><input type=\"hidden\" name=\"_wpcf7_version\" value=\"6.1.2\" \/><input type=\"hidden\" name=\"_wpcf7_locale\" value=\"fr_FR\" \/><input type=\"hidden\" name=\"_wpcf7_unit_tag\" value=\"wpcf7-f13820-o1\" \/><input type=\"hidden\" name=\"_wpcf7_container_post\" value=\"0\" \/><input type=\"hidden\" name=\"_wpcf7_posted_data_hash\" value=\"\" \/><input type=\"hidden\" name=\"_wpcf7_recaptcha_response\" value=\"\" \/>\n<\/fieldset>\n<p><label> Name*<br \/>\n<span class=\"wpcf7-form-control-wrap\" data-name=\"your-name\"><input size=\"40\" maxlength=\"400\" class=\"wpcf7-form-control wpcf7-text wpcf7-validates-as-required\" aria-required=\"true\" aria-invalid=\"false\" value=\"\" type=\"text\" name=\"your-name\" \/><\/span> <\/label>\n<\/p>\n<p><label> E-Mail*<br \/>\n<span class=\"wpcf7-form-control-wrap\" data-name=\"your-email\"><input size=\"40\" maxlength=\"400\" class=\"wpcf7-form-control wpcf7-email wpcf7-validates-as-required wpcf7-text wpcf7-validates-as-email\" aria-required=\"true\" aria-invalid=\"false\" value=\"\" type=\"email\" name=\"your-email\" \/><\/span> <\/label>\n<\/p>\n<p><label> Thema*<br \/>\n<span class=\"wpcf7-form-control-wrap\" data-name=\"your-subject\"><input size=\"40\" maxlength=\"400\" class=\"wpcf7-form-control wpcf7-text wpcf7-validates-as-required\" aria-required=\"true\" aria-invalid=\"false\" value=\"\" type=\"text\" name=\"your-subject\" \/><\/span> <\/label>\n<\/p>\n<p><label> Ihre Nachricht<br \/>\n<span class=\"wpcf7-form-control-wrap\" data-name=\"your-message\"><textarea cols=\"40\" rows=\"10\" maxlength=\"2000\" class=\"wpcf7-form-control wpcf7-textarea\" aria-invalid=\"false\" name=\"your-message\"><\/textarea><\/span> <\/label><br \/>\n<span class=\"wpcf7-form-control-wrap\" data-name=\"acceptance-777\"><span class=\"wpcf7-form-control wpcf7-acceptance\"><span class=\"wpcf7-list-item\"><label><input type=\"checkbox\" name=\"acceptance-777\" value=\"1\" aria-invalid=\"false\" \/><span class=\"wpcf7-list-item-label\">Indem ich dieses K\u00e4stchen ankreuze, stimme ich der <a href=\"\/de\/datenschutzerklarung\/\" rel=\"noopener\" target=\"_blank\">Datenschutzrichtlinie<\/a> dieser Website zu..<\/span><\/label><\/span><\/span><\/span><br \/>\n<input class=\"wpcf7-form-control wpcf7-submit has-spinner\" type=\"submit\" value=\"Senden Sie\" \/>\n<\/p><div class=\"wpcf7-response-output\" aria-hidden=\"true\"><\/div>\n<\/form>\n<\/div>\n\n<\/div>\n\n\n\n<div class=\"wp-block-column is-vertically-aligned-center is-layout-flow wp-block-column-is-layout-flow\">\n<h2 class=\"ls-heading wp-block-heading\"><span style=\"color:#2b4c5b\" class=\"tadv-color\">Den Campingplatz kontaktieren<\/span><\/h2>\n\n\n\n<p class=\"ls-paragraph\"><\/p>\n\n\n\n<p class=\"ls-paragraph ls__paragraph\">Was die Erreichbarkeit unseres in Bidart gelegenen Campingplatzes betrifft, so k\u00f6nnen Sie leicht anreisen, und zwar unabh\u00e4ngig von Ihrem Verkehrsmittel.<\/p>\n\n\n\n<p class=\"ls-paragraph ls__paragraph\"><\/p>\n\n\n\n<p class=\"ls-paragraph ls__paragraph\"><strong>Mit dem Auto ist unser Campingplatz schnell von der Autobahn A63 aus zu erreichen. Falls Sie mit dem Zug anreisen, k\u00f6nnen Sie am Bahnhof von Biarritz halten, der nur wenige Minuten von unserer Anlage entfernt ist.<\/strong><\/p>\n\n\n\n<p class=\"ls-paragraph ls__paragraph\">Falls Sie mit dem Flugzeug in unsere Region reisen, landen viele Fl\u00fcge am Flughafen von Biarritz, der weniger als 20 Autominuten entfernt ist.<\/p>\n\n\n\n<p class=\"ls-paragraph ls__paragraph\"><\/p>\n\n\n\n<p class=\"ls-paragraph ls__paragraph\">F\u00fcr einen m\u00f6glichst angenehmen Aufenthalt in der Region des Baskenlandes sollten Sie also nicht z\u00f6gern, Ihre Ferienunterkunft per Internet oder telefonisch zu buchen.<\/p>\n<\/div>\n<\/div>\n<\/div>\n<\/div>\n<\/div>\n<\/div>\n<\/div>\n<\/div>\n\n\n    <\/div>\n<\/section>\n\n<section id=\"ls-section-block_61965f43c2fea\" class=\"ls-section  map-full\" >\n        <div class=\"container container--full\">\n        \n<p><iframe src=\"https:\/\/www.google.com\/maps\/embed?pb=!1m18!1m12!1m3!1d185375.83784064034!2d-1.535622870599809!3d43.45021049544519!2m3!1f0!2f0!3f0!3m2!1i1024!2i768!4f13.1!3m3!1m2!1s0xd51148ba169b8ef%3A0xe7a6e14bc636f123!2sCamping%20Berrua%20%7C%20Camping%20Bidart%20%7C%20Camping%20Pays%20basque!5e0!3m2!1sfr!2sfr!4v1637244040723!5m2!1sfr!2sfr\" style=\"border:0;\" allowfullscreen=\"\" loading=\"lazy\"><\/iframe><\/p>\n\n\n    <\/div>\n<\/section>","protected":false},"excerpt":{"rendered":"","protected":false},"author":1,"featured_media":0,"parent":0,"menu_order":0,"comment_status":"closed","ping_status":"closed","template":"","meta":{"_acf_changed":false,"inline_featured_image":false,"footnotes":""},"sujet":[],"class_list":["post-13818","page","type-page","status-publish","hentry"],"acf":[],"yoast_head":"<!-- This site is optimized with the Yoast SEO plugin v26.2 - https:\/\/yoast.com\/wordpress\/plugins\/seo\/ -->\n<title>Kontaktieren Sie den 4 Sterne Campingplatz Berrua im Baskenland<\/title>\n<meta name=\"description\" content=\"Kontaktieren Sie das Camping-Team, wie Sie buchen k\u00f6nnen? Kenne alles hier\" \/>\n<meta name=\"robots\" content=\"index, follow, max-snippet:-1, max-image-preview:large, max-video-preview:-1\" \/>\n<link rel=\"canonical\" href=\"https:\/\/www.berrua.com\/de\/kontakt-camping-berrua\/\" \/>\n<meta property=\"og:locale\" content=\"de_DE\" \/>\n<meta property=\"og:type\" content=\"article\" \/>\n<meta property=\"og:title\" content=\"Kontaktieren Sie den 4 Sterne Campingplatz Berrua im Baskenland\" \/>\n<meta property=\"og:description\" content=\"Kontaktieren Sie das Camping-Team, wie Sie buchen k\u00f6nnen? Kenne alles hier\" \/>\n<meta property=\"og:url\" content=\"https:\/\/www.berrua.com\/de\/kontakt-camping-berrua\/\" \/>\n<meta property=\"og:site_name\" content=\"Domaine Berrua\" \/>\n<meta property=\"article:modified_time\" content=\"2022-01-03T08:12:24+00:00\" \/>\n<meta name=\"twitter:card\" content=\"summary_large_image\" \/>\n<meta name=\"twitter:label1\" content=\"Gesch\u00e4tzte Lesezeit\" \/>\n\t<meta name=\"twitter:data1\" content=\"2\u00a0Minuten\" \/>\n<script type=\"application\/ld+json\" class=\"yoast-schema-graph\">{\"@context\":\"https:\/\/schema.org\",\"@graph\":[{\"@type\":\"WebPage\",\"@id\":\"https:\/\/www.berrua.com\/de\/kontakt-camping-berrua\/\",\"url\":\"https:\/\/www.berrua.com\/de\/kontakt-camping-berrua\/\",\"name\":\"Kontaktieren Sie den 4 Sterne Campingplatz Berrua im Baskenland\",\"isPartOf\":{\"@id\":\"https:\/\/www.berrua.com\/de\/#website\"},\"datePublished\":\"2021-10-13T12:23:39+00:00\",\"dateModified\":\"2022-01-03T08:12:24+00:00\",\"description\":\"Kontaktieren Sie das Camping-Team, wie Sie buchen k\u00f6nnen? Kenne alles hier\",\"breadcrumb\":{\"@id\":\"https:\/\/www.berrua.com\/de\/kontakt-camping-berrua\/#breadcrumb\"},\"inLanguage\":\"de\",\"potentialAction\":[{\"@type\":\"ReadAction\",\"target\":[\"https:\/\/www.berrua.com\/de\/kontakt-camping-berrua\/\"]}]},{\"@type\":\"BreadcrumbList\",\"@id\":\"https:\/\/www.berrua.com\/de\/kontakt-camping-berrua\/#breadcrumb\",\"itemListElement\":[{\"@type\":\"ListItem\",\"position\":1,\"name\":\"Camping Bidart au Pays Basque\",\"item\":\"https:\/\/www.berrua.com\/de\/\"},{\"@type\":\"ListItem\",\"position\":2,\"name\":\"KONTAKT Domaine Berrua\"}]},{\"@type\":\"WebSite\",\"@id\":\"https:\/\/www.berrua.com\/de\/#website\",\"url\":\"https:\/\/www.berrua.com\/de\/\",\"name\":\"Domaine Berrua\",\"description\":\"\",\"publisher\":{\"@id\":\"https:\/\/www.berrua.com\/de\/#organization\"},\"potentialAction\":[{\"@type\":\"SearchAction\",\"target\":{\"@type\":\"EntryPoint\",\"urlTemplate\":\"https:\/\/www.berrua.com\/de\/?s={search_term_string}\"},\"query-input\":{\"@type\":\"PropertyValueSpecification\",\"valueRequired\":true,\"valueName\":\"search_term_string\"}}],\"inLanguage\":\"de\"},{\"@type\":\"Organization\",\"@id\":\"https:\/\/www.berrua.com\/de\/#organization\",\"name\":\"Camping Berrua\",\"url\":\"https:\/\/www.berrua.com\/de\/\",\"logo\":{\"@type\":\"ImageObject\",\"inLanguage\":\"de\",\"@id\":\"https:\/\/www.berrua.com\/de\/#\/schema\/logo\/image\/\",\"url\":\"https:\/\/www.berrua.com\/wp-content\/uploads\/2022\/01\/berrua.jpg\",\"contentUrl\":\"https:\/\/www.berrua.com\/wp-content\/uploads\/2022\/01\/berrua.jpg\",\"width\":321,\"height\":231,\"caption\":\"Camping Berrua\"},\"image\":{\"@id\":\"https:\/\/www.berrua.com\/de\/#\/schema\/logo\/image\/\"}}]}<\/script>\n<!-- \/ Yoast SEO plugin. -->","yoast_head_json":{"title":"Kontaktieren Sie den 4 Sterne Campingplatz Berrua im Baskenland","description":"Kontaktieren Sie das Camping-Team, wie Sie buchen k\u00f6nnen? Kenne alles hier","robots":{"index":"index","follow":"follow","max-snippet":"max-snippet:-1","max-image-preview":"max-image-preview:large","max-video-preview":"max-video-preview:-1"},"canonical":"https:\/\/www.berrua.com\/de\/kontakt-camping-berrua\/","og_locale":"de_DE","og_type":"article","og_title":"Kontaktieren Sie den 4 Sterne Campingplatz Berrua im Baskenland","og_description":"Kontaktieren Sie das Camping-Team, wie Sie buchen k\u00f6nnen? Kenne alles hier","og_url":"https:\/\/www.berrua.com\/de\/kontakt-camping-berrua\/","og_site_name":"Domaine Berrua","article_modified_time":"2022-01-03T08:12:24+00:00","twitter_card":"summary_large_image","twitter_misc":{"Gesch\u00e4tzte Lesezeit":"2\u00a0Minuten"},"schema":{"@context":"https:\/\/schema.org","@graph":[{"@type":"WebPage","@id":"https:\/\/www.berrua.com\/de\/kontakt-camping-berrua\/","url":"https:\/\/www.berrua.com\/de\/kontakt-camping-berrua\/","name":"Kontaktieren Sie den 4 Sterne Campingplatz Berrua im Baskenland","isPartOf":{"@id":"https:\/\/www.berrua.com\/de\/#website"},"datePublished":"2021-10-13T12:23:39+00:00","dateModified":"2022-01-03T08:12:24+00:00","description":"Kontaktieren Sie das Camping-Team, wie Sie buchen k\u00f6nnen? Kenne alles hier","breadcrumb":{"@id":"https:\/\/www.berrua.com\/de\/kontakt-camping-berrua\/#breadcrumb"},"inLanguage":"de","potentialAction":[{"@type":"ReadAction","target":["https:\/\/www.berrua.com\/de\/kontakt-camping-berrua\/"]}]},{"@type":"BreadcrumbList","@id":"https:\/\/www.berrua.com\/de\/kontakt-camping-berrua\/#breadcrumb","itemListElement":[{"@type":"ListItem","position":1,"name":"Camping Bidart au Pays Basque","item":"https:\/\/www.berrua.com\/de\/"},{"@type":"ListItem","position":2,"name":"KONTAKT Domaine Berrua"}]},{"@type":"WebSite","@id":"https:\/\/www.berrua.com\/de\/#website","url":"https:\/\/www.berrua.com\/de\/","name":"Domaine Berrua","description":"","publisher":{"@id":"https:\/\/www.berrua.com\/de\/#organization"},"potentialAction":[{"@type":"SearchAction","target":{"@type":"EntryPoint","urlTemplate":"https:\/\/www.berrua.com\/de\/?s={search_term_string}"},"query-input":{"@type":"PropertyValueSpecification","valueRequired":true,"valueName":"search_term_string"}}],"inLanguage":"de"},{"@type":"Organization","@id":"https:\/\/www.berrua.com\/de\/#organization","name":"Camping Berrua","url":"https:\/\/www.berrua.com\/de\/","logo":{"@type":"ImageObject","inLanguage":"de","@id":"https:\/\/www.berrua.com\/de\/#\/schema\/logo\/image\/","url":"https:\/\/www.berrua.com\/wp-content\/uploads\/2022\/01\/berrua.jpg","contentUrl":"https:\/\/www.berrua.com\/wp-content\/uploads\/2022\/01\/berrua.jpg","width":321,"height":231,"caption":"Camping Berrua"},"image":{"@id":"https:\/\/www.berrua.com\/de\/#\/schema\/logo\/image\/"}}]}},"_links":{"self":[{"href":"https:\/\/www.berrua.com\/de\/wp-json\/wp\/v2\/pages\/13818","targetHints":{"allow":["GET"]}}],"collection":[{"href":"https:\/\/www.berrua.com\/de\/wp-json\/wp\/v2\/pages"}],"about":[{"href":"https:\/\/www.berrua.com\/de\/wp-json\/wp\/v2\/types\/page"}],"author":[{"embeddable":true,"href":"https:\/\/www.berrua.com\/de\/wp-json\/wp\/v2\/users\/1"}],"replies":[{"embeddable":true,"href":"https:\/\/www.berrua.com\/de\/wp-json\/wp\/v2\/comments?post=13818"}],"version-history":[{"count":5,"href":"https:\/\/www.berrua.com\/de\/wp-json\/wp\/v2\/pages\/13818\/revisions"}],"predecessor-version":[{"id":13841,"href":"https:\/\/www.berrua.com\/de\/wp-json\/wp\/v2\/pages\/13818\/revisions\/13841"}],"wp:attachment":[{"href":"https:\/\/www.berrua.com\/de\/wp-json\/wp\/v2\/media?parent=13818"}],"wp:term":[{"taxonomy":"sujet","embeddable":true,"href":"https:\/\/www.berrua.com\/de\/wp-json\/wp\/v2\/sujet?post=13818"}],"curies":[{"name":"wp","href":"https:\/\/api.w.org\/{rel}","templated":true}]}}