{"id":13808,"date":"2021-11-25T09:35:12","date_gmt":"2021-11-25T08:35:12","guid":{"rendered":"http:\/\/www.berrua.com\/camping-senior-pays-basque\/"},"modified":"2023-11-03T10:58:53","modified_gmt":"2023-11-03T09:58:53","slug":"senior-camping-baskenland","status":"publish","type":"page","link":"https:\/\/www.berrua.com\/de\/senior-camping-baskenland\/","title":{"rendered":"Groupe : Entre s\u00e9niors"},"content":{"rendered":"<section id=\"ls-section-block_79ba47f07b883e94955543cc3d4c947e\" class=\"ls-section  page-one has-background has-color-white-background-color\" >\n        <div class=\"container container--wide\">\n        \n\n<h1 class=\"ls__heading wp-block-heading has-text-align-center ls__heading-undefined\"><mark style=\"background-color:rgba(0, 0, 0, 0)\" class=\"has-inline-color has-color-1-color\">CAMPING F\u00dcR SENIOREN IM BASKENLAND<\/mark><\/h1>\n\n\n\n<p class=\"ls-paragraph has-text-align-center ls__paragraph\">Ob Sie mit dem Auto mit Ihrem Zelt oder Wohnwagen reisen, das Wohnmobil bevorzugen oder die N\u00e4chte im Mobilheim verbringen, eines ist sicher: Sie werden den Campingplatz Berrua im Baskenland lieben!<\/p>\n\n\n\n<h2 class=\"ls__heading wp-block-heading ls__heading ls__heading-undefined\"><mark style=\"background-color:rgba(0, 0, 0, 0)\" class=\"has-inline-color has-color-1-color\">Ein 4-Sterne-Campingplatz, der ideal f\u00fcr Senioren ist<\/mark><\/h2>\n\n\n\n<p class=\"ls-paragraph ls__paragraph\">Sie suchen einen angenehmen, schattigen und perfekt ausgestatteten Ort, um Ihren n\u00e4chsten Urlaub nur einen Katzensprung vom Ozean entfernt zu verbringen?&nbsp;Der Campingplatz Berrua ist ideal, wenn Sie Baden, die Erkundung der Region, Wandern, Geselligkeit und Faulenzen miteinander verbinden m\u00f6chten.<\/p>\n\n\n\n<div class=\"wp-block-columns fancybox is-layout-flex wp-container-core-columns-is-layout-9d6595d7 wp-block-columns-is-layout-flex\">\n<div class=\"wp-block-column is-vertically-aligned-center is-layout-flow wp-block-column-is-layout-flow\">\n<figure class=\"wp-block-image size-full\"><a href=\"https:\/\/www.berrua.com\/wp-content\/uploads\/2022\/12\/camping-seniors-pays-basque-1.jpg\"><img decoding=\"async\" width=\"911\" height=\"600\" src=\"https:\/\/www.berrua.com\/wp-content\/uploads\/2022\/12\/camping-seniors-pays-basque-1.jpg\" alt=\"camping seniors pays basque\" class=\"wp-image-987364\" srcset=\"https:\/\/www.berrua.com\/wp-content\/uploads\/2022\/12\/camping-seniors-pays-basque-1.jpg 911w, https:\/\/www.berrua.com\/wp-content\/uploads\/2022\/12\/camping-seniors-pays-basque-1-300x198.jpg 300w, https:\/\/www.berrua.com\/wp-content\/uploads\/2022\/12\/camping-seniors-pays-basque-1-768x506.jpg 768w\" sizes=\"(max-width: 911px) 100vw, 911px\" \/><\/a><\/figure>\n\n\n\n<figure class=\"wp-block-image size-full\"><a href=\"https:\/\/www.berrua.com\/wp-content\/uploads\/2023\/11\/senior-3-berrua.jpg\"><img decoding=\"async\" width=\"439\" height=\"293\" src=\"https:\/\/www.berrua.com\/wp-content\/uploads\/2023\/11\/senior-3-berrua.jpg\" alt=\"\" class=\"wp-image-989625\" srcset=\"https:\/\/www.berrua.com\/wp-content\/uploads\/2023\/11\/senior-3-berrua.jpg 439w, https:\/\/www.berrua.com\/wp-content\/uploads\/2023\/11\/senior-3-berrua-300x200.jpg 300w\" sizes=\"(max-width: 439px) 100vw, 439px\" \/><\/a><\/figure>\n<\/div>\n\n\n\n<div class=\"wp-block-column is-vertically-aligned-center is-layout-flow wp-block-column-is-layout-flow\">\n<figure class=\"wp-block-image size-full\"><a href=\"https:\/\/www.berrua.com\/wp-content\/uploads\/2023\/11\/Senior-1-berrua.jpg\"><img decoding=\"async\" width=\"439\" height=\"639\" src=\"https:\/\/www.berrua.com\/wp-content\/uploads\/2023\/11\/Senior-1-berrua.jpg\" alt=\"\" class=\"wp-image-989630\" srcset=\"https:\/\/www.berrua.com\/wp-content\/uploads\/2023\/11\/Senior-1-berrua.jpg 439w, https:\/\/www.berrua.com\/wp-content\/uploads\/2023\/11\/Senior-1-berrua-206x300.jpg 206w\" sizes=\"(max-width: 439px) 100vw, 439px\" \/><\/a><\/figure>\n<\/div>\n\n\n\n<div class=\"wp-block-column is-vertically-aligned-center is-layout-flow wp-block-column-is-layout-flow\">\n<figure class=\"wp-block-image size-full\"><a href=\"https:\/\/www.berrua.com\/wp-content\/uploads\/2023\/11\/Seniors-1-berrua.jpg\"><img decoding=\"async\" width=\"439\" height=\"639\" src=\"https:\/\/www.berrua.com\/wp-content\/uploads\/2023\/11\/Seniors-1-berrua.jpg\" alt=\"\" class=\"wp-image-989620\" srcset=\"https:\/\/www.berrua.com\/wp-content\/uploads\/2023\/11\/Seniors-1-berrua.jpg 439w, https:\/\/www.berrua.com\/wp-content\/uploads\/2023\/11\/Seniors-1-berrua-206x300.jpg 206w\" sizes=\"(max-width: 439px) 100vw, 439px\" \/><\/a><\/figure>\n<\/div>\n<\/div>\n\n\n    <\/div>\n<\/section>\n\n<section id=\"ls-section-block_8b33860cec72e6dc87c51b71e982c59e\" class=\"ls-section  home-fourth has-background has-color-1-background-color has-text-color has-color-white-color\" >\n        <div class=\"container container--wide\">\n        \n\n<div class=\"wp-block-columns is-layout-flex wp-container-core-columns-is-layout-9d6595d7 wp-block-columns-is-layout-flex\">\n<div class=\"wp-block-column is-layout-flow wp-block-column-is-layout-flow\" style=\"flex-basis:33.33%\">\n<p class=\"ls-paragraph ls__paragraph title-deco\"><mark style=\"background-color:rgba(0, 0, 0, 0)\" class=\"has-inline-color has-color-3-color\">Urlaub<\/mark><\/p>\n\n\n\n<p class=\"ls-paragraph ls__paragraph subtitle-deco\"><mark style=\"background-color:rgba(0, 0, 0, 0)\" class=\"has-inline-color has-color-white-color\">f\u00fcr Senioren<\/mark><\/p>\n<\/div>\n\n\n\n<div class=\"wp-block-column is-layout-flow wp-block-column-is-layout-flow\" style=\"flex-basis:66.66%\">\n<h2 class=\"ls__heading wp-block-heading ls__heading ls__heading-undefined\">Angepasste Dienstleistungen<\/h2>\n\n\n\n<p class=\"ls-paragraph ls__paragraph\">Mit einem Wasserpark und einem Hammam ist der Seniorencampingplatz in der Nebensaison eine Oase der Ruhe, die sich in der Hauptsaison in einen lebhaften Ort verwandeln kann. Egal zu welcher Jahreszeit Sie Urlaub machen m\u00f6chten, Sie k\u00f6nnen die Ruhe genie\u00dfen, indem Sie in einem Mobilheim wohnen oder beispielsweise einen etwas abseits gelegenen Stellplatz w\u00e4hlen.<\/p>\n\n\n\n<p class=\"ls-paragraph ls__paragraph\">Der Seniorencampingplatz ist mit einem Restaurant, einer Pizzeria, einem Lebensmittelgesch\u00e4ft, einem Waschsalon und vielen anderen Annehmlichkeiten ausgestattet. An der Rezeption k\u00f6nnen Sie sich sogar einen Haartrockner oder ein B\u00fcgeleisen leihen.<\/p>\n<\/div>\n<\/div>\n\n\n    <\/div>\n<\/section>\n\n<section id=\"ls-section-block_0a534cad169c8c6b97110d5ca59008e2\" class=\"ls-section  page-two\" >\n        <div class=\"container container--wide\">\n        \n<div class=\"wp-block-image\">\n<figure class=\"aligncenter size-full\"><img decoding=\"async\" width=\"1024\" height=\"576\" src=\"https:\/\/www.berrua.com\/wp-content\/uploads\/2021\/11\/petanque-senior-bidart.jpg\" alt=\"petanque senior bidart\" class=\"wp-image-10355\" srcset=\"https:\/\/www.berrua.com\/wp-content\/uploads\/2021\/11\/petanque-senior-bidart.jpg 1024w, https:\/\/www.berrua.com\/wp-content\/uploads\/2021\/11\/petanque-senior-bidart-300x169.jpg 300w, https:\/\/www.berrua.com\/wp-content\/uploads\/2021\/11\/petanque-senior-bidart-768x432.jpg 768w\" sizes=\"(max-width: 1024px) 100vw, 1024px\" \/><\/figure>\n<\/div>\n\n    <\/div>\n<\/section>\n\n<section id=\"ls-section-block_9aa9281da0e9a875b18743663a2843f0\" class=\"ls-section  page-three\" >\n        <div class=\"container \">\n        \n\n<h2 class=\"ls__heading wp-block-heading ls__heading ls__heading-undefined\">Interessante St\u00e4dte, die nur einen Katzensprung vom Campingplatz entfernt sind<\/h2>\n\n\n\n<p class=\"ls-paragraph ls__paragraph\">Der Campingplatz Berrua liegt an der baskischen K\u00fcste zwischen Biarritz und Saint-Jean-de-Luz. Diese ideale Lage bietet Urlaubern viel Freiheit, da sie alle Vorteile dieser St\u00e4dte genie\u00dfen k\u00f6nnen: Volksfeste, atemberaubend sch\u00f6ne Architektur, Museen etc.&nbsp;Es ist unm\u00f6glich, sich zu langweilen, wenn man sich auf einem Campingplatz im Baskenland aufh\u00e4lt.<\/p>\n\n\n\n<p class=\"ls-paragraph ls__paragraph\">Vergessen Sie nicht das Axoa-Fest in Espelette, die ber\u00fchmte Schokolade in Bayonne und die Entdeckung der baskischen Kultur w\u00e4hrend Ihres Aufenthalts.<\/p>\n\n\n    <\/div>\n<\/section>\n\n<section id=\"ls-section-block_aedc4410360ce26dd0a6c83ae3e734af\" class=\"ls-section  page-fourth\" >\n        <div class=\"container container--full\">\n        \n\n<figure class=\"wp-block-image size-large\"><img decoding=\"async\" width=\"1903\" height=\"700\" src=\"https:\/\/www.berrua.com\/wp-content\/uploads\/2021\/11\/camping-senior-pays-basque.jpg\" alt=\"camping senior pays basque\" class=\"wp-image-10350\" srcset=\"https:\/\/www.berrua.com\/wp-content\/uploads\/2021\/11\/camping-senior-pays-basque.jpg 1903w, https:\/\/www.berrua.com\/wp-content\/uploads\/2021\/11\/camping-senior-pays-basque-300x110.jpg 300w, https:\/\/www.berrua.com\/wp-content\/uploads\/2021\/11\/camping-senior-pays-basque-1024x377.jpg 1024w, https:\/\/www.berrua.com\/wp-content\/uploads\/2021\/11\/camping-senior-pays-basque-768x283.jpg 768w, https:\/\/www.berrua.com\/wp-content\/uploads\/2021\/11\/camping-senior-pays-basque-1536x565.jpg 1536w\" sizes=\"(max-width: 1903px) 100vw, 1903px\" \/><\/figure>\n\n\n    <\/div>\n<\/section>\n\n<section id=\"ls-section-block_cb50232a3ab7b943f263043526909646\" class=\"ls-section  page-fourth-bis has-text-color has-color-black-color\" >\n        <div class=\"container container--wide\">\n        \n\n<div class=\"wp-block-columns is-layout-flex wp-container-core-columns-is-layout-9d6595d7 wp-block-columns-is-layout-flex\">\n<div class=\"wp-block-column is-layout-flow wp-block-column-is-layout-flow\">\n<h2 class=\"ls__heading wp-block-heading ls__heading-undefined\"><mark style=\"background-color:rgba(0, 0, 0, 0)\" class=\"has-inline-color has-color-3-color\">Aktivit\u00e4ten f\u00fcr Senioren<\/mark><\/h2>\n<\/div>\n\n\n\n<div class=\"wp-block-column is-layout-flow wp-block-column-is-layout-flow\"><\/div>\n<\/div>\n\n\n\n<div class=\"wp-block-columns is-layout-flex wp-container-core-columns-is-layout-9d6595d7 wp-block-columns-is-layout-flex\">\n<div class=\"wp-block-column is-layout-flow wp-block-column-is-layout-flow\">\n<p class=\"ls-paragraph ls__paragraph\">Das Baskenland ist ein Departement, das reich an Vielfalt ist. Daher k\u00f6nnen Sie sich entscheiden, ob Sie sich auf einer Sonnenliege am Meer oder am Pool r\u00e4keln oder dem Ort entfliehen wollen, um die Sch\u00f6nheiten des S\u00fcdwestens zu entdecken.<\/p>\n\n\n\n<p class=\"ls-paragraph ls__paragraph\">Begeben Sie sich zum Rocher de la Vierge, einer unumg\u00e4nglichen Sehensw\u00fcrdigkeit. Wandern Sie auf dem ber\u00fchmten baskischen K\u00fcstenpfad, der nur wenige Minuten vom Campingplatz Seniors entfernt ist. Fahren Sie ins Hinterland und entdecken Sie die D\u00f6rfer von einst, die \u00fcber ein noch intaktes volkst\u00fcmliches Erbe verf\u00fcgen. Probieren Sie die lokalen Spezialit\u00e4ten und besuchen Sie die Sehensw\u00fcrdigkeiten: das Haus von Ludwig XIV, das Schloss von Urtubie oder die H\u00f6hle von La Verna.<\/p>\n<\/div>\n\n\n\n<div class=\"wp-block-column has-color-black-color has-color-white-background-color has-text-color has-background is-layout-flow wp-block-column-is-layout-flow\">\n<p class=\"ls-paragraph ls__paragraph\">Zahlreiche Wanderwege sind leicht zug\u00e4nglich und bestens ausgeschildert: Gehen Sie mit Fernglas und\/oder Fotoapparat ausger\u00fcstet spazieren, um die Sch\u00f6nheiten der Natur einzufangen!<\/p>\n\n\n\n<p class=\"ls-paragraph ls__paragraph\">Und wenn Sie lieber auf dem Campingplatz bleiben m\u00f6chten, k\u00f6nnen Sie die Tanzabende genie\u00dfen, sich beim Boulespiel mit den anderen Bewohnern entspannen, die Kunstst\u00fccke der Erfahrensten beim Pelota Basque bewundern oder an den vom Animationsteam des Campingplatzes organisierten Lottospielen teilnehmen.<\/p>\n<\/div>\n<\/div>\n\n\n    <\/div>\n<\/section>\n\n<section id=\"ls-section-block_020a853550547dcdc5b82c58f43c2294\" class=\"ls-section  page-cta has-p-t p-t-1\" >\n        <div class=\"container container--wide\">\n        \n\n<h2 class=\"ls__heading wp-block-heading has-text-align-center ls__heading-undefined title-deco\"><mark style=\"background-color:rgba(0, 0, 0, 0)\" class=\"has-inline-color has-color-1-color\">Entdecken Sie DIE anderen Arten von Campingaufenthalten<\/mark><\/h2>\n\n\n\n<div class=\"wp-block-columns is-layout-flex wp-container-core-columns-is-layout-9d6595d7 wp-block-columns-is-layout-flex\">\n<div class=\"wp-block-column is-layout-flow wp-block-column-is-layout-flow\">\n<div id=\"ls-cta-block_ac2c957f1336e9d2dcea4db7a05ed41c\" class=\"ls-cta\">  \n    \n\n<a href=\"http:\/\/www.berrua.com\/camping-jeunes-pays-basque\/\" target=\"\" rel=\"noopener\" class=\"ls-cta__link\" data-categ=\"\">\n\t<div class=\"ls-cta__image\"><img decoding=\"async\" src=\"https:\/\/www.berrua.com\/wp-content\/uploads\/2021\/11\/camping-jeune-pays-basque.jpg\" alt=\"camping jeune pays basque\"><\/div>\n\t<div class=\"ls-cta__title\">\n\t\tUnter Jugendlichen\t<\/div>\n\n\t<\/a><\/div><\/div>\n\n\n\n<div class=\"wp-block-column is-layout-flow wp-block-column-is-layout-flow\">\n<div id=\"ls-cta-block_915a2abdc3105b8f59e3f6e9b4badae4\" class=\"ls-cta\">  \n    \n\n<a href=\"http:\/\/www.berrua.com\/camping-couple-pays-basque\/\" target=\"\" rel=\"noopener\" class=\"ls-cta__link\" data-categ=\"\">\n\t<div class=\"ls-cta__image\"><img decoding=\"async\" src=\"https:\/\/www.berrua.com\/wp-content\/uploads\/2021\/11\/vacances-couple-pays-basque.jpg\" alt=\"vacances couple pays basque\"><\/div>\n\t<div class=\"ls-cta__title\">\n\t\tAls Paar\t<\/div>\n\n\t<\/a><\/div><\/div>\n\n\n\n<div class=\"wp-block-column is-layout-flow wp-block-column-is-layout-flow\">\n<div id=\"ls-cta-block_b9013af39d0fae137353daa1a1bbc327\" class=\"ls-cta\">  \n    \n\n<a href=\"http:\/\/www.berrua.com\/camping-familial-pays-basque\/\" target=\"\" rel=\"noopener\" class=\"ls-cta__link\" data-categ=\"\">\n\t<div class=\"ls-cta__image\"><img decoding=\"async\" src=\"https:\/\/www.berrua.com\/wp-content\/uploads\/2021\/11\/camping-familial.jpg\" alt=\"camping familial\"><\/div>\n\t<div class=\"ls-cta__title\">\n\t\tIn der Familie\t<\/div>\n\n\t<\/a><\/div><\/div>\n<\/div>\n\n\n    <\/div>\n<\/section>","protected":false},"excerpt":{"rendered":"","protected":false},"author":1,"featured_media":10365,"parent":0,"menu_order":0,"comment_status":"closed","ping_status":"closed","template":"","meta":{"_acf_changed":false,"inline_featured_image":false,"footnotes":""},"sujet":[],"class_list":["post-13808","page","type-page","status-publish","has-post-thumbnail","hentry"],"acf":[],"yoast_head":"<!-- This site is optimized with the Yoast SEO plugin v26.2 - https:\/\/yoast.com\/wordpress\/plugins\/seo\/ -->\n<title>Seniorencamping Bidart | Urlaub unter Senioren im Baskenland<\/title>\n<meta name=\"robots\" content=\"index, follow, max-snippet:-1, max-image-preview:large, max-video-preview:-1\" \/>\n<link rel=\"canonical\" href=\"https:\/\/www.berrua.com\/de\/senior-camping-baskenland\/\" \/>\n<meta property=\"og:locale\" content=\"de_DE\" \/>\n<meta property=\"og:type\" content=\"article\" \/>\n<meta property=\"og:title\" content=\"Seniorencamping Bidart | Urlaub unter Senioren im Baskenland\" \/>\n<meta property=\"og:url\" content=\"https:\/\/www.berrua.com\/de\/senior-camping-baskenland\/\" \/>\n<meta property=\"og:site_name\" content=\"Domaine Berrua\" \/>\n<meta property=\"article:modified_time\" content=\"2023-11-03T09:58:53+00:00\" \/>\n<meta property=\"og:image\" content=\"https:\/\/www.berrua.com\/wp-content\/uploads\/2021\/11\/vacances-seniors-pays-basque.jpg\" \/>\n\t<meta property=\"og:image:width\" content=\"1903\" \/>\n\t<meta property=\"og:image:height\" content=\"450\" \/>\n\t<meta property=\"og:image:type\" content=\"image\/jpeg\" \/>\n<meta name=\"twitter:card\" content=\"summary_large_image\" \/>\n<meta name=\"twitter:label1\" content=\"Gesch\u00e4tzte Lesezeit\" \/>\n\t<meta name=\"twitter:data1\" content=\"4\u00a0Minuten\" \/>\n<script type=\"application\/ld+json\" class=\"yoast-schema-graph\">{\"@context\":\"https:\/\/schema.org\",\"@graph\":[{\"@type\":\"WebPage\",\"@id\":\"https:\/\/www.berrua.com\/de\/senior-camping-baskenland\/\",\"url\":\"https:\/\/www.berrua.com\/de\/senior-camping-baskenland\/\",\"name\":\"Seniorencamping Bidart | Urlaub unter Senioren im Baskenland\",\"isPartOf\":{\"@id\":\"https:\/\/www.berrua.com\/de\/#website\"},\"primaryImageOfPage\":{\"@id\":\"https:\/\/www.berrua.com\/de\/senior-camping-baskenland\/#primaryimage\"},\"image\":{\"@id\":\"https:\/\/www.berrua.com\/de\/senior-camping-baskenland\/#primaryimage\"},\"thumbnailUrl\":\"https:\/\/www.berrua.com\/wp-content\/uploads\/2021\/11\/vacances-seniors-pays-basque.jpg\",\"datePublished\":\"2021-11-25T08:35:12+00:00\",\"dateModified\":\"2023-11-03T09:58:53+00:00\",\"breadcrumb\":{\"@id\":\"https:\/\/www.berrua.com\/de\/senior-camping-baskenland\/#breadcrumb\"},\"inLanguage\":\"de\",\"potentialAction\":[{\"@type\":\"ReadAction\",\"target\":[\"https:\/\/www.berrua.com\/de\/senior-camping-baskenland\/\"]}]},{\"@type\":\"ImageObject\",\"inLanguage\":\"de\",\"@id\":\"https:\/\/www.berrua.com\/de\/senior-camping-baskenland\/#primaryimage\",\"url\":\"https:\/\/www.berrua.com\/wp-content\/uploads\/2021\/11\/vacances-seniors-pays-basque.jpg\",\"contentUrl\":\"https:\/\/www.berrua.com\/wp-content\/uploads\/2021\/11\/vacances-seniors-pays-basque.jpg\",\"width\":1903,\"height\":450,\"caption\":\"vacances seniors pays basque\"},{\"@type\":\"BreadcrumbList\",\"@id\":\"https:\/\/www.berrua.com\/de\/senior-camping-baskenland\/#breadcrumb\",\"itemListElement\":[{\"@type\":\"ListItem\",\"position\":1,\"name\":\"Camping Bidart au Pays Basque\",\"item\":\"https:\/\/www.berrua.com\/de\/\"},{\"@type\":\"ListItem\",\"position\":2,\"name\":\"Camping f\u00fcr Senioren im Baskenland\"}]},{\"@type\":\"WebSite\",\"@id\":\"https:\/\/www.berrua.com\/de\/#website\",\"url\":\"https:\/\/www.berrua.com\/de\/\",\"name\":\"Domaine Berrua\",\"description\":\"\",\"publisher\":{\"@id\":\"https:\/\/www.berrua.com\/de\/#organization\"},\"potentialAction\":[{\"@type\":\"SearchAction\",\"target\":{\"@type\":\"EntryPoint\",\"urlTemplate\":\"https:\/\/www.berrua.com\/de\/?s={search_term_string}\"},\"query-input\":{\"@type\":\"PropertyValueSpecification\",\"valueRequired\":true,\"valueName\":\"search_term_string\"}}],\"inLanguage\":\"de\"},{\"@type\":\"Organization\",\"@id\":\"https:\/\/www.berrua.com\/de\/#organization\",\"name\":\"Camping Berrua\",\"url\":\"https:\/\/www.berrua.com\/de\/\",\"logo\":{\"@type\":\"ImageObject\",\"inLanguage\":\"de\",\"@id\":\"https:\/\/www.berrua.com\/de\/#\/schema\/logo\/image\/\",\"url\":\"https:\/\/www.berrua.com\/wp-content\/uploads\/2022\/01\/berrua.jpg\",\"contentUrl\":\"https:\/\/www.berrua.com\/wp-content\/uploads\/2022\/01\/berrua.jpg\",\"width\":321,\"height\":231,\"caption\":\"Camping Berrua\"},\"image\":{\"@id\":\"https:\/\/www.berrua.com\/de\/#\/schema\/logo\/image\/\"}}]}<\/script>\n<!-- \/ Yoast SEO plugin. -->","yoast_head_json":{"title":"Seniorencamping Bidart | Urlaub unter Senioren im Baskenland","robots":{"index":"index","follow":"follow","max-snippet":"max-snippet:-1","max-image-preview":"max-image-preview:large","max-video-preview":"max-video-preview:-1"},"canonical":"https:\/\/www.berrua.com\/de\/senior-camping-baskenland\/","og_locale":"de_DE","og_type":"article","og_title":"Seniorencamping Bidart | Urlaub unter Senioren im Baskenland","og_url":"https:\/\/www.berrua.com\/de\/senior-camping-baskenland\/","og_site_name":"Domaine Berrua","article_modified_time":"2023-11-03T09:58:53+00:00","og_image":[{"width":1903,"height":450,"url":"https:\/\/www.berrua.com\/wp-content\/uploads\/2021\/11\/vacances-seniors-pays-basque.jpg","type":"image\/jpeg"}],"twitter_card":"summary_large_image","twitter_misc":{"Gesch\u00e4tzte Lesezeit":"4\u00a0Minuten"},"schema":{"@context":"https:\/\/schema.org","@graph":[{"@type":"WebPage","@id":"https:\/\/www.berrua.com\/de\/senior-camping-baskenland\/","url":"https:\/\/www.berrua.com\/de\/senior-camping-baskenland\/","name":"Seniorencamping Bidart | Urlaub unter Senioren im Baskenland","isPartOf":{"@id":"https:\/\/www.berrua.com\/de\/#website"},"primaryImageOfPage":{"@id":"https:\/\/www.berrua.com\/de\/senior-camping-baskenland\/#primaryimage"},"image":{"@id":"https:\/\/www.berrua.com\/de\/senior-camping-baskenland\/#primaryimage"},"thumbnailUrl":"https:\/\/www.berrua.com\/wp-content\/uploads\/2021\/11\/vacances-seniors-pays-basque.jpg","datePublished":"2021-11-25T08:35:12+00:00","dateModified":"2023-11-03T09:58:53+00:00","breadcrumb":{"@id":"https:\/\/www.berrua.com\/de\/senior-camping-baskenland\/#breadcrumb"},"inLanguage":"de","potentialAction":[{"@type":"ReadAction","target":["https:\/\/www.berrua.com\/de\/senior-camping-baskenland\/"]}]},{"@type":"ImageObject","inLanguage":"de","@id":"https:\/\/www.berrua.com\/de\/senior-camping-baskenland\/#primaryimage","url":"https:\/\/www.berrua.com\/wp-content\/uploads\/2021\/11\/vacances-seniors-pays-basque.jpg","contentUrl":"https:\/\/www.berrua.com\/wp-content\/uploads\/2021\/11\/vacances-seniors-pays-basque.jpg","width":1903,"height":450,"caption":"vacances seniors pays basque"},{"@type":"BreadcrumbList","@id":"https:\/\/www.berrua.com\/de\/senior-camping-baskenland\/#breadcrumb","itemListElement":[{"@type":"ListItem","position":1,"name":"Camping Bidart au Pays Basque","item":"https:\/\/www.berrua.com\/de\/"},{"@type":"ListItem","position":2,"name":"Camping f\u00fcr Senioren im Baskenland"}]},{"@type":"WebSite","@id":"https:\/\/www.berrua.com\/de\/#website","url":"https:\/\/www.berrua.com\/de\/","name":"Domaine Berrua","description":"","publisher":{"@id":"https:\/\/www.berrua.com\/de\/#organization"},"potentialAction":[{"@type":"SearchAction","target":{"@type":"EntryPoint","urlTemplate":"https:\/\/www.berrua.com\/de\/?s={search_term_string}"},"query-input":{"@type":"PropertyValueSpecification","valueRequired":true,"valueName":"search_term_string"}}],"inLanguage":"de"},{"@type":"Organization","@id":"https:\/\/www.berrua.com\/de\/#organization","name":"Camping Berrua","url":"https:\/\/www.berrua.com\/de\/","logo":{"@type":"ImageObject","inLanguage":"de","@id":"https:\/\/www.berrua.com\/de\/#\/schema\/logo\/image\/","url":"https:\/\/www.berrua.com\/wp-content\/uploads\/2022\/01\/berrua.jpg","contentUrl":"https:\/\/www.berrua.com\/wp-content\/uploads\/2022\/01\/berrua.jpg","width":321,"height":231,"caption":"Camping Berrua"},"image":{"@id":"https:\/\/www.berrua.com\/de\/#\/schema\/logo\/image\/"}}]}},"_links":{"self":[{"href":"https:\/\/www.berrua.com\/de\/wp-json\/wp\/v2\/pages\/13808","targetHints":{"allow":["GET"]}}],"collection":[{"href":"https:\/\/www.berrua.com\/de\/wp-json\/wp\/v2\/pages"}],"about":[{"href":"https:\/\/www.berrua.com\/de\/wp-json\/wp\/v2\/types\/page"}],"author":[{"embeddable":true,"href":"https:\/\/www.berrua.com\/de\/wp-json\/wp\/v2\/users\/1"}],"replies":[{"embeddable":true,"href":"https:\/\/www.berrua.com\/de\/wp-json\/wp\/v2\/comments?post=13808"}],"version-history":[{"count":10,"href":"https:\/\/www.berrua.com\/de\/wp-json\/wp\/v2\/pages\/13808\/revisions"}],"predecessor-version":[{"id":989636,"href":"https:\/\/www.berrua.com\/de\/wp-json\/wp\/v2\/pages\/13808\/revisions\/989636"}],"wp:featuredmedia":[{"embeddable":true,"href":"https:\/\/www.berrua.com\/de\/wp-json\/wp\/v2\/media\/10365"}],"wp:attachment":[{"href":"https:\/\/www.berrua.com\/de\/wp-json\/wp\/v2\/media?parent=13808"}],"wp:term":[{"taxonomy":"sujet","embeddable":true,"href":"https:\/\/www.berrua.com\/de\/wp-json\/wp\/v2\/sujet?post=13808"}],"curies":[{"name":"wp","href":"https:\/\/api.w.org\/{rel}","templated":true}]}}