{"id":13793,"date":"2021-11-25T09:33:50","date_gmt":"2021-11-25T08:33:50","guid":{"rendered":"http:\/\/www.berrua.com\/camping-couple-pays-basque\/"},"modified":"2023-11-03T10:43:18","modified_gmt":"2023-11-03T09:43:18","slug":"camping-paar-baskenland","status":"publish","type":"page","link":"https:\/\/www.berrua.com\/de\/camping-paar-baskenland\/","title":{"rendered":"Groupe : En Couple"},"content":{"rendered":"<section id=\"ls-section-block_881661cb20f9e9c1256a2e252f02dcea\" class=\"ls-section  page-one has-background has-color-white-background-color\" >\n        <div class=\"container container--wide\">\n        \n\n<h1 class=\"ls__heading wp-block-heading has-text-align-center ls__heading-undefined\"><span style=\"background-color:rgba(0, 0, 0, 0)\" class=\"has-inline-color has-color-1-color\">PAARURLAUB IM BASKENLAND<\/span><\/h1>\n\n\n\n<p class=\"ls-paragraph has-text-align-center ls__paragraph\">Sie reisen als Paar und tr\u00e4umen von Romantik?&nbsp;Der Campingplatz im Baskenland Le Berrua bietet Ihnen die M\u00f6glichkeit, magische Momente zu erleben, nur wenige Schritte vom Ozean entfernt.<\/p>\n\n\n\n<h2 class=\"ls__heading wp-block-heading ls__heading ls__heading-undefined\"><span style=\"background-color:rgba(0, 0, 0, 0)\" class=\"has-inline-color has-color-1-color\">Idealer Campingplatz f\u00fcr Paare<\/span><\/h2>\n\n\n\n<p class=\"ls-paragraph ls__paragraph\">F\u00fcr einen romantischen Campingurlaub zu zweit empf\u00e4ngt Sie Le Berrua in einer gr\u00fcnen Oase, nur 1 km vom Strand entfernt. Der Campingplatz liegt zwischen Biarritz und Saint-Jean-de-Luz und genie\u00dft eine erstklassige Lage in der N\u00e4he der sch\u00f6nsten Str\u00e4nde des Baskenlandes. Vor Ort k\u00f6nnen Sie die Ihnen zur Verf\u00fcgung stehende Infrastruktur in vollen Z\u00fcgen genie\u00dfen: beheiztes Hallenbad, Wasserpark, Sauna, Hammam\u2026 Le Berrua ist ideal f\u00fcr einen Campingurlaub zu zweit.<\/p>\n\n\n\n<div class=\"wp-block-columns fancybox is-layout-flex wp-container-core-columns-is-layout-9d6595d7 wp-block-columns-is-layout-flex\">\n<div class=\"wp-block-column is-vertically-aligned-center is-layout-flow wp-block-column-is-layout-flow\">\n<figure class=\"wp-block-image size-full\"><a href=\"https:\/\/www.berrua.com\/wp-content\/uploads\/2023\/11\/En-couple-2-berrua.jpg\"><img decoding=\"async\" width=\"1024\" height=\"683\" src=\"https:\/\/www.berrua.com\/wp-content\/uploads\/2023\/11\/En-couple-2-berrua.jpg\" alt=\"\" class=\"wp-image-989595\" srcset=\"https:\/\/www.berrua.com\/wp-content\/uploads\/2023\/11\/En-couple-2-berrua.jpg 1024w, https:\/\/www.berrua.com\/wp-content\/uploads\/2023\/11\/En-couple-2-berrua-300x200.jpg 300w, https:\/\/www.berrua.com\/wp-content\/uploads\/2023\/11\/En-couple-2-berrua-768x512.jpg 768w\" sizes=\"(max-width: 1024px) 100vw, 1024px\" \/><\/a><\/figure>\n\n\n\n<figure class=\"wp-block-image size-full\"><a href=\"https:\/\/www.berrua.com\/wp-content\/uploads\/2023\/11\/En-couple-3-berrua.jpg\"><img decoding=\"async\" width=\"1024\" height=\"683\" src=\"https:\/\/www.berrua.com\/wp-content\/uploads\/2023\/11\/En-couple-3-berrua.jpg\" alt=\"\" class=\"wp-image-989590\" srcset=\"https:\/\/www.berrua.com\/wp-content\/uploads\/2023\/11\/En-couple-3-berrua.jpg 1024w, https:\/\/www.berrua.com\/wp-content\/uploads\/2023\/11\/En-couple-3-berrua-300x200.jpg 300w, https:\/\/www.berrua.com\/wp-content\/uploads\/2023\/11\/En-couple-3-berrua-768x512.jpg 768w\" sizes=\"(max-width: 1024px) 100vw, 1024px\" \/><\/a><\/figure>\n<\/div>\n\n\n\n<div class=\"wp-block-column is-vertically-aligned-center is-layout-flow wp-block-column-is-layout-flow\">\n<figure class=\"wp-block-image size-full\"><a href=\"https:\/\/www.berrua.com\/wp-content\/uploads\/2023\/11\/en-couple-4-berrua.jpg\"><img decoding=\"async\" width=\"439\" height=\"639\" src=\"https:\/\/www.berrua.com\/wp-content\/uploads\/2023\/11\/en-couple-4-berrua.jpg\" alt=\"\" class=\"wp-image-989585\" srcset=\"https:\/\/www.berrua.com\/wp-content\/uploads\/2023\/11\/en-couple-4-berrua.jpg 439w, https:\/\/www.berrua.com\/wp-content\/uploads\/2023\/11\/en-couple-4-berrua-206x300.jpg 206w\" sizes=\"(max-width: 439px) 100vw, 439px\" \/><\/a><\/figure>\n<\/div>\n\n\n\n<div class=\"wp-block-column is-vertically-aligned-center is-layout-flow wp-block-column-is-layout-flow\">\n<figure class=\"wp-block-image size-full\"><a href=\"https:\/\/www.berrua.com\/wp-content\/uploads\/2021\/11\/spa-couple.jpg\"><img decoding=\"async\" width=\"439\" height=\"638\" src=\"https:\/\/www.berrua.com\/wp-content\/uploads\/2021\/11\/spa-couple.jpg\" alt=\"spa couple\" class=\"wp-image-10186\" srcset=\"https:\/\/www.berrua.com\/wp-content\/uploads\/2021\/11\/spa-couple.jpg 439w, https:\/\/www.berrua.com\/wp-content\/uploads\/2021\/11\/spa-couple-206x300.jpg 206w\" sizes=\"(max-width: 439px) 100vw, 439px\" \/><\/a><\/figure>\n<\/div>\n<\/div>\n\n\n    <\/div>\n<\/section>\n\n<section id=\"ls-section-block_e1b733c878d08ee7c4511f88b50e89a5\" class=\"ls-section  home-fourth has-background has-color-1-background-color has-text-color has-color-white-color\" >\n        <div class=\"container container--wide\">\n        \n\n<div class=\"wp-block-columns is-layout-flex wp-container-core-columns-is-layout-9d6595d7 wp-block-columns-is-layout-flex\">\n<div class=\"wp-block-column is-layout-flow wp-block-column-is-layout-flow\" style=\"flex-basis:33.33%\">\n<p class=\"ls-paragraph ls__paragraph title-deco\"><span style=\"background-color:rgba(0, 0, 0, 0)\" class=\"has-inline-color has-color-3-color\">Urlaub<\/span><\/p>\n\n\n\n<p class=\"ls-paragraph ls__paragraph subtitle-deco\"><span style=\"background-color:rgba(0, 0, 0, 0)\" class=\"has-inline-color has-color-white-color\">als Paar<\/span><\/p>\n<\/div>\n\n\n\n<div class=\"wp-block-column is-layout-flow wp-block-column-is-layout-flow\" style=\"flex-basis:66.66%\">\n<h2 class=\"ls__heading wp-block-heading ls__heading ls__heading-undefined\">Unterk\u00fcnfte f\u00fcr 2 Personen<\/h2>\n\n\n\n<p class=\"ls-paragraph\">Im Berrua haben Sie die M\u00f6glichkeit, im Zelt, im Wohnwagen, im Wohnmobil oder im Mobilheim zu \u00fcbernachten.<br>Wenn Sie sich f\u00fcr einen Stellplatz entscheiden, haben Sie Zugang zu allen notwendigen Einrichtungen: Grill, Sanit\u00e4ranlagen etc.&nbsp;In einem Mobilheim genie\u00dfen Sie maximalen Komfort und viel Privatsph\u00e4re.<\/p>\n<\/div>\n<\/div>\n\n\n    <\/div>\n<\/section>\n\n<section id=\"ls-section-block_8e7c33aae3752e3ddc74870d4ddf9b4d\" class=\"ls-section  page-two\" >\n        <div class=\"container container--wide\">\n        \n<div class=\"wp-block-image\">\n<figure class=\"aligncenter size-full\"><img decoding=\"async\" width=\"1024\" height=\"576\" src=\"https:\/\/www.berrua.com\/wp-content\/uploads\/2021\/11\/vacances-en-couple-bidart.jpg\" alt=\"vacances en couple bidart\" class=\"wp-image-10196\" srcset=\"https:\/\/www.berrua.com\/wp-content\/uploads\/2021\/11\/vacances-en-couple-bidart.jpg 1024w, https:\/\/www.berrua.com\/wp-content\/uploads\/2021\/11\/vacances-en-couple-bidart-300x169.jpg 300w, https:\/\/www.berrua.com\/wp-content\/uploads\/2021\/11\/vacances-en-couple-bidart-768x432.jpg 768w\" sizes=\"(max-width: 1024px) 100vw, 1024px\" \/><\/figure>\n<\/div>\n\n    <\/div>\n<\/section>\n\n<section id=\"ls-section-block_0bc0248f326d3e7780df75a72526fe36\" class=\"ls-section  page-three\" >\n        <div class=\"container \">\n        \n\n<h2 class=\"ls__heading wp-block-heading ls__heading ls__heading-undefined\">Das Baskenland f\u00fcr Verliebte<\/h2>\n\n\n\n<p class=\"ls-paragraph\">Das Baskenland ist ein beliebtes Reiseziel f\u00fcr Verliebte, und das aus gutem Grund, denn viele seiner Sehensw\u00fcrdigkeiten erweisen sich als \u00e4u\u00dferst romantisch.<br>Gehen Sie Hand in Hand zum Rocher de la Vierge, um die Aussicht zu genie\u00dfen, wandern Sie an den Str\u00e4nden entlang, um den Sonnenuntergang zu bewundern.<\/p>\n\n\n\n<p class=\"ls-paragraph ls__paragraph\">Wenn Sie einen Ausflug nach Anglet planen, sollten Sie sich die &#8222;Grotte der Liebeskammer&#8220; nicht entgehen lassen. Der Legende nach kamen zwei Verliebte, die sich hier heimlich zu treffen pflegten, eines Tages ums Leben, als sie vom steigenden Wasser \u00fcberrascht wurden.&nbsp;Sie k\u00f6nnen die Gelegenheit nutzen, um eine der vielen abgelegenen Buchten zu entdecken, die Ihnen mehr Privatsph\u00e4re bieten als die gro\u00dfen Str\u00e4nde in der N\u00e4he.<\/p>\n\n\n    <\/div>\n<\/section>\n\n<section id=\"ls-section-block_0d648a0185ce3e81b7092d008a28397d\" class=\"ls-section  page-fourth\" >\n        <div class=\"container container--full\">\n        \n\n<figure class=\"wp-block-image size-large\"><img decoding=\"async\" src=\"https:\/\/www.berrua.com\/wp-content\/uploads\/2021\/11\/couple-bidart.jpg\" alt=\"couple bidart\"\/><\/figure>\n\n\n    <\/div>\n<\/section>\n\n<section id=\"ls-section-block_d0cab998f739c60000df6a9cac2fe871\" class=\"ls-section  page-fourth-bis has-text-color has-color-black-color\" >\n        <div class=\"container container--wide\">\n        \n\n<div class=\"wp-block-columns is-layout-flex wp-container-core-columns-is-layout-9d6595d7 wp-block-columns-is-layout-flex\">\n<div class=\"wp-block-column is-layout-flow wp-block-column-is-layout-flow\">\n<h2 class=\"ls__heading wp-block-heading ls__heading ls__heading-undefined\"><span style=\"background-color:rgba(0, 0, 0, 0)\" class=\"has-inline-color has-color-3-color\">Restaurants mit den F\u00fc\u00dfen im Wasser<\/span><\/h2>\n<\/div>\n\n\n\n<div class=\"wp-block-column is-layout-flow wp-block-column-is-layout-flow\"><\/div>\n<\/div>\n\n\n\n<div class=\"wp-block-columns is-layout-flex wp-container-core-columns-is-layout-9d6595d7 wp-block-columns-is-layout-flex\">\n<div class=\"wp-block-column is-layout-flow wp-block-column-is-layout-flow\">\n<p class=\"ls-paragraph ls__paragraph\">Besuchen Sie Biarritz f\u00fcr einen romantischen Abend: Hier finden Sie viele au\u00dfergew\u00f6hnliche Restaurants und k\u00f6nnen bei Mondschein einen Verdauungsspaziergang machen.&nbsp;<\/p>\n\n\n\n<p class=\"ls-paragraph ls__paragraph\">Am\u00fcsieren Sie sich, indem Sie sich in den Gassen verlieren, gehen Sie in die Bars, die Musik spielen, die Sie inspiriert; eines ist sicher: Sie werden sich noch lange an Ihren Liebesurlaub im Baskenland erinnern!<\/p>\n<\/div>\n\n\n\n<div class=\"wp-block-column has-color-black-color has-color-white-background-color has-text-color has-background is-layout-flow wp-block-column-is-layout-flow\">\n<h2 class=\"ls__heading wp-block-heading ls__heading ls__heading-undefined p-t-5\">Sport zu zweit<\/h2>\n\n\n\n<p class=\"ls-paragraph ls__paragraph\">&nbsp;Ein Campingurlaub zu zweit an der Atlantikk\u00fcste bietet Ihnen auch die M\u00f6glichkeit, ungew\u00f6hnliche Sportarten auszuprobieren.&nbsp;Versuchen Sie sich im Surfen, indem Sie sich zu einem Surfkurs anmelden, probieren Sie Pelota Basque aus oder am\u00fcsieren Sie sich bei den vom Campingplatz angebotenen Veranstaltungen: Ihre Zweisamkeit wird dadurch nur noch mehr gest\u00e4rkt.<\/p>\n\n\n\n<p class=\"ls-paragraph ls__paragraph\">Entdecken Sie von Ihrem verliebten Campingplatz aus auch das baskische Pelota und Golf.<\/p>\n\n\n\n<p class=\"ls-paragraph ls__paragraph\">Der Campingplatz im Baskenland Le Berrua ist ein romantischer Kokon, in dem Sie den Ozean, die nahegelegenen St\u00e4dte und das Hinterland genie\u00dfen k\u00f6nnen. Er ist ein idealer Ausgangspunkt, um einen unvergesslichen Urlaub zu zweit zu verbringen.<\/p>\n<\/div>\n<\/div>\n\n\n    <\/div>\n<\/section>\n\n<section id=\"ls-section-block_e835340deab9c665970bdd99a0e37462\" class=\"ls-section  has-p-t p-t-1\" >\n        <div class=\"container \">\n        \n\n<h2 class=\"ls__heading wp-block-heading has-text-align-center ls__heading-undefined\">Ideen f\u00fcr Aktivit\u00e4ten zu zweit im Baskenland<\/h2>\n\n\n\n<p class=\"ls-paragraph ls__paragraph\">Von Ihrem romantischen Campingplatz aus tauchen Sie in die baskische Kultur ein und genie\u00dfen die vielen Aktivit\u00e4ten, die Sie zu zweit unternehmen k\u00f6nnen:<\/p>\n\n\n\n<ul class=\"ls-list ls-list-undefined ls__list-undefined wp-block-list\" value=\"<li class=&quot;ls__list-item is-item-undefined&quot;&gt;Probieren Sie die baskische Gastronomie und besuchen Sie die traditionellen M\u00e4rkte.<\/li&gt;<li class=&quot;ls__list-item is-item-undefined&quot;&gt;Entspannen Sie sich als Paar und genie\u00dfen Sie Thalasso im Baskenland<\/li&gt;<li class=&quot;ls__list-item is-item-undefined&quot;&gt;Laden Sie die Batterien auf und wandern Sie entlang des baskischen K\u00fcstenwanderwegs und entdecken Sie die besten Wanderungen der Gegend<\/li&gt;<li class=&quot;ls__list-item is-item-undefined&quot;&gt;Genie\u00dfen Sie einen romantischen Moment w\u00e4hrend der Hochsaison beim Feuerwerk am 14. Juli in Biarritz und beim Feuerwerk zur Semana Grande in San Sebastian.<\/li&gt;\"><li>Probieren Sie die baskische Gastronomie und besuchen Sie die traditionellen M\u00e4rkte.<\/li><li>Entspannen Sie sich als Paar und genie\u00dfen Sie Thalasso im Baskenland<\/li><li>Laden Sie die Batterien auf und wandern Sie entlang des baskischen K\u00fcstenwanderwegs und entdecken Sie die besten Wanderungen der Gegend<\/li><li>Genie\u00dfen Sie einen romantischen Moment w\u00e4hrend der Hochsaison beim Feuerwerk am 14. Juli in Biarritz und beim Feuerwerk zur Semana Grande in San Sebastian.<\/li><\/ul>\n\n\n    <\/div>\n<\/section>\n\n<section id=\"ls-section-block_4715fe0a016b2c4fedb7fa752e0f1b7a\" class=\"ls-section  page-cta\" >\n        <div class=\"container container--wide\">\n        \n\n<h2 class=\"ls__heading wp-block-heading has-text-align-center ls__heading-undefined title-deco\"><span style=\"background-color:rgba(0, 0, 0, 0)\" class=\"has-inline-color has-color-1-color\">Entdecken Sie DIE anderen Arten von Campingaufenthalten<\/span><\/h2>\n\n\n\n<div class=\"wp-block-columns is-layout-flex wp-container-core-columns-is-layout-9d6595d7 wp-block-columns-is-layout-flex\">\n<div class=\"wp-block-column is-layout-flow wp-block-column-is-layout-flow\">\n<div id=\"ls-cta-block_bd2c072fa004ed9a13598eee2605ebec\" class=\"ls-cta\">  \n    \n\n<a href=\"http:\/\/www.berrua.com\/camping-jeunes-pays-basque\/\" target=\"\" rel=\"noopener\" class=\"ls-cta__link\" data-categ=\"\">\n\t<div class=\"ls-cta__image\"><img decoding=\"async\" src=\"https:\/\/www.berrua.com\/wp-content\/uploads\/2021\/11\/camping-jeune-pays-basque.jpg\" alt=\"camping jeune pays basque\"><\/div>\n\t<div class=\"ls-cta__title\">\n\t\tUnter Jugendlichen\t<\/div>\n\n\t<\/a><\/div><\/div>\n\n\n\n<div class=\"wp-block-column is-layout-flow wp-block-column-is-layout-flow\">\n<div id=\"ls-cta-block_2140ffe7b0a1795e5bd433e997dd88d8\" class=\"ls-cta\">  \n    \n\n<a href=\"http:\/\/www.berrua.com\/camping-senior-pays-basque\/\" target=\"\" rel=\"noopener\" class=\"ls-cta__link\" data-categ=\"\">\n\t<div class=\"ls-cta__image\"><img decoding=\"async\" src=\"https:\/\/www.berrua.com\/wp-content\/uploads\/2021\/11\/vacances-seniors-bidart.jpg\" alt=\"vacances seniors bidart\"><\/div>\n\t<div class=\"ls-cta__title\">\n\t\tUnter Senioren\t<\/div>\n\n\t<\/a><\/div><\/div>\n\n\n\n<div class=\"wp-block-column is-layout-flow wp-block-column-is-layout-flow\">\n<div id=\"ls-cta-block_012646ef43679e33054b26a1cfd5e928\" class=\"ls-cta\">  \n    \n\n<a href=\"http:\/\/www.berrua.com\/camping-familial-pays-basque\/\" target=\"\" rel=\"noopener\" class=\"ls-cta__link\" data-categ=\"\">\n\t<div class=\"ls-cta__image\"><img decoding=\"async\" src=\"https:\/\/www.berrua.com\/wp-content\/uploads\/2021\/11\/camping-familial.jpg\" alt=\"camping familial\"><\/div>\n\t<div class=\"ls-cta__title\">\n\t\tIn der Familie\t<\/div>\n\n\t<\/a><\/div><\/div>\n<\/div>\n\n\n    <\/div>\n<\/section>","protected":false},"excerpt":{"rendered":"","protected":false},"author":1,"featured_media":10201,"parent":0,"menu_order":0,"comment_status":"closed","ping_status":"closed","template":"","meta":{"_acf_changed":false,"inline_featured_image":false,"footnotes":""},"sujet":[],"class_list":["post-13793","page","type-page","status-publish","has-post-thumbnail","hentry"],"acf":[],"yoast_head":"<!-- This site is optimized with the Yoast SEO plugin v26.2 - https:\/\/yoast.com\/wordpress\/plugins\/seo\/ -->\n<title>Camping f\u00fcr Verliebte | Urlaub zu zweit auf dem Campingplatz | Camping f\u00fcr Paare<\/title>\n<meta name=\"robots\" content=\"index, follow, max-snippet:-1, max-image-preview:large, max-video-preview:-1\" \/>\n<link rel=\"canonical\" href=\"https:\/\/www.berrua.com\/de\/camping-paar-baskenland\/\" \/>\n<meta property=\"og:locale\" content=\"de_DE\" \/>\n<meta property=\"og:type\" content=\"article\" \/>\n<meta property=\"og:title\" content=\"Camping f\u00fcr Verliebte | Urlaub zu zweit auf dem Campingplatz | Camping f\u00fcr Paare\" \/>\n<meta property=\"og:url\" content=\"https:\/\/www.berrua.com\/de\/camping-paar-baskenland\/\" \/>\n<meta property=\"og:site_name\" content=\"Domaine Berrua\" \/>\n<meta property=\"article:modified_time\" content=\"2023-11-03T09:43:18+00:00\" \/>\n<meta property=\"og:image\" content=\"https:\/\/www.berrua.com\/wp-content\/uploads\/2021\/11\/camping-couple-pays-basque.jpg\" \/>\n\t<meta property=\"og:image:width\" content=\"1903\" \/>\n\t<meta property=\"og:image:height\" content=\"450\" \/>\n\t<meta property=\"og:image:type\" content=\"image\/jpeg\" \/>\n<meta name=\"twitter:card\" content=\"summary_large_image\" \/>\n<meta name=\"twitter:label1\" content=\"Gesch\u00e4tzte Lesezeit\" \/>\n\t<meta name=\"twitter:data1\" content=\"5\u00a0Minuten\" \/>\n<script type=\"application\/ld+json\" class=\"yoast-schema-graph\">{\"@context\":\"https:\/\/schema.org\",\"@graph\":[{\"@type\":\"WebPage\",\"@id\":\"https:\/\/www.berrua.com\/de\/camping-paar-baskenland\/\",\"url\":\"https:\/\/www.berrua.com\/de\/camping-paar-baskenland\/\",\"name\":\"Camping f\u00fcr Verliebte | Urlaub zu zweit auf dem Campingplatz | Camping f\u00fcr Paare\",\"isPartOf\":{\"@id\":\"https:\/\/www.berrua.com\/de\/#website\"},\"primaryImageOfPage\":{\"@id\":\"https:\/\/www.berrua.com\/de\/camping-paar-baskenland\/#primaryimage\"},\"image\":{\"@id\":\"https:\/\/www.berrua.com\/de\/camping-paar-baskenland\/#primaryimage\"},\"thumbnailUrl\":\"https:\/\/www.berrua.com\/wp-content\/uploads\/2021\/11\/camping-couple-pays-basque.jpg\",\"datePublished\":\"2021-11-25T08:33:50+00:00\",\"dateModified\":\"2023-11-03T09:43:18+00:00\",\"breadcrumb\":{\"@id\":\"https:\/\/www.berrua.com\/de\/camping-paar-baskenland\/#breadcrumb\"},\"inLanguage\":\"de\",\"potentialAction\":[{\"@type\":\"ReadAction\",\"target\":[\"https:\/\/www.berrua.com\/de\/camping-paar-baskenland\/\"]}]},{\"@type\":\"ImageObject\",\"inLanguage\":\"de\",\"@id\":\"https:\/\/www.berrua.com\/de\/camping-paar-baskenland\/#primaryimage\",\"url\":\"https:\/\/www.berrua.com\/wp-content\/uploads\/2021\/11\/camping-couple-pays-basque.jpg\",\"contentUrl\":\"https:\/\/www.berrua.com\/wp-content\/uploads\/2021\/11\/camping-couple-pays-basque.jpg\",\"width\":1903,\"height\":450,\"caption\":\"camping couple pays basque\"},{\"@type\":\"BreadcrumbList\",\"@id\":\"https:\/\/www.berrua.com\/de\/camping-paar-baskenland\/#breadcrumb\",\"itemListElement\":[{\"@type\":\"ListItem\",\"position\":1,\"name\":\"Camping Bidart au Pays Basque\",\"item\":\"https:\/\/www.berrua.com\/de\/\"},{\"@type\":\"ListItem\",\"position\":2,\"name\":\"Campingurlaub f\u00fcr Verliebte\"}]},{\"@type\":\"WebSite\",\"@id\":\"https:\/\/www.berrua.com\/de\/#website\",\"url\":\"https:\/\/www.berrua.com\/de\/\",\"name\":\"Domaine Berrua\",\"description\":\"\",\"publisher\":{\"@id\":\"https:\/\/www.berrua.com\/de\/#organization\"},\"potentialAction\":[{\"@type\":\"SearchAction\",\"target\":{\"@type\":\"EntryPoint\",\"urlTemplate\":\"https:\/\/www.berrua.com\/de\/?s={search_term_string}\"},\"query-input\":{\"@type\":\"PropertyValueSpecification\",\"valueRequired\":true,\"valueName\":\"search_term_string\"}}],\"inLanguage\":\"de\"},{\"@type\":\"Organization\",\"@id\":\"https:\/\/www.berrua.com\/de\/#organization\",\"name\":\"Camping Berrua\",\"url\":\"https:\/\/www.berrua.com\/de\/\",\"logo\":{\"@type\":\"ImageObject\",\"inLanguage\":\"de\",\"@id\":\"https:\/\/www.berrua.com\/de\/#\/schema\/logo\/image\/\",\"url\":\"https:\/\/www.berrua.com\/wp-content\/uploads\/2022\/01\/berrua.jpg\",\"contentUrl\":\"https:\/\/www.berrua.com\/wp-content\/uploads\/2022\/01\/berrua.jpg\",\"width\":321,\"height\":231,\"caption\":\"Camping Berrua\"},\"image\":{\"@id\":\"https:\/\/www.berrua.com\/de\/#\/schema\/logo\/image\/\"}}]}<\/script>\n<!-- \/ Yoast SEO plugin. -->","yoast_head_json":{"title":"Camping f\u00fcr Verliebte | Urlaub zu zweit auf dem Campingplatz | Camping f\u00fcr Paare","robots":{"index":"index","follow":"follow","max-snippet":"max-snippet:-1","max-image-preview":"max-image-preview:large","max-video-preview":"max-video-preview:-1"},"canonical":"https:\/\/www.berrua.com\/de\/camping-paar-baskenland\/","og_locale":"de_DE","og_type":"article","og_title":"Camping f\u00fcr Verliebte | Urlaub zu zweit auf dem Campingplatz | Camping f\u00fcr Paare","og_url":"https:\/\/www.berrua.com\/de\/camping-paar-baskenland\/","og_site_name":"Domaine Berrua","article_modified_time":"2023-11-03T09:43:18+00:00","og_image":[{"width":1903,"height":450,"url":"https:\/\/www.berrua.com\/wp-content\/uploads\/2021\/11\/camping-couple-pays-basque.jpg","type":"image\/jpeg"}],"twitter_card":"summary_large_image","twitter_misc":{"Gesch\u00e4tzte Lesezeit":"5\u00a0Minuten"},"schema":{"@context":"https:\/\/schema.org","@graph":[{"@type":"WebPage","@id":"https:\/\/www.berrua.com\/de\/camping-paar-baskenland\/","url":"https:\/\/www.berrua.com\/de\/camping-paar-baskenland\/","name":"Camping f\u00fcr Verliebte | Urlaub zu zweit auf dem Campingplatz | Camping f\u00fcr Paare","isPartOf":{"@id":"https:\/\/www.berrua.com\/de\/#website"},"primaryImageOfPage":{"@id":"https:\/\/www.berrua.com\/de\/camping-paar-baskenland\/#primaryimage"},"image":{"@id":"https:\/\/www.berrua.com\/de\/camping-paar-baskenland\/#primaryimage"},"thumbnailUrl":"https:\/\/www.berrua.com\/wp-content\/uploads\/2021\/11\/camping-couple-pays-basque.jpg","datePublished":"2021-11-25T08:33:50+00:00","dateModified":"2023-11-03T09:43:18+00:00","breadcrumb":{"@id":"https:\/\/www.berrua.com\/de\/camping-paar-baskenland\/#breadcrumb"},"inLanguage":"de","potentialAction":[{"@type":"ReadAction","target":["https:\/\/www.berrua.com\/de\/camping-paar-baskenland\/"]}]},{"@type":"ImageObject","inLanguage":"de","@id":"https:\/\/www.berrua.com\/de\/camping-paar-baskenland\/#primaryimage","url":"https:\/\/www.berrua.com\/wp-content\/uploads\/2021\/11\/camping-couple-pays-basque.jpg","contentUrl":"https:\/\/www.berrua.com\/wp-content\/uploads\/2021\/11\/camping-couple-pays-basque.jpg","width":1903,"height":450,"caption":"camping couple pays basque"},{"@type":"BreadcrumbList","@id":"https:\/\/www.berrua.com\/de\/camping-paar-baskenland\/#breadcrumb","itemListElement":[{"@type":"ListItem","position":1,"name":"Camping Bidart au Pays Basque","item":"https:\/\/www.berrua.com\/de\/"},{"@type":"ListItem","position":2,"name":"Campingurlaub f\u00fcr Verliebte"}]},{"@type":"WebSite","@id":"https:\/\/www.berrua.com\/de\/#website","url":"https:\/\/www.berrua.com\/de\/","name":"Domaine Berrua","description":"","publisher":{"@id":"https:\/\/www.berrua.com\/de\/#organization"},"potentialAction":[{"@type":"SearchAction","target":{"@type":"EntryPoint","urlTemplate":"https:\/\/www.berrua.com\/de\/?s={search_term_string}"},"query-input":{"@type":"PropertyValueSpecification","valueRequired":true,"valueName":"search_term_string"}}],"inLanguage":"de"},{"@type":"Organization","@id":"https:\/\/www.berrua.com\/de\/#organization","name":"Camping Berrua","url":"https:\/\/www.berrua.com\/de\/","logo":{"@type":"ImageObject","inLanguage":"de","@id":"https:\/\/www.berrua.com\/de\/#\/schema\/logo\/image\/","url":"https:\/\/www.berrua.com\/wp-content\/uploads\/2022\/01\/berrua.jpg","contentUrl":"https:\/\/www.berrua.com\/wp-content\/uploads\/2022\/01\/berrua.jpg","width":321,"height":231,"caption":"Camping Berrua"},"image":{"@id":"https:\/\/www.berrua.com\/de\/#\/schema\/logo\/image\/"}}]}},"_links":{"self":[{"href":"https:\/\/www.berrua.com\/de\/wp-json\/wp\/v2\/pages\/13793","targetHints":{"allow":["GET"]}}],"collection":[{"href":"https:\/\/www.berrua.com\/de\/wp-json\/wp\/v2\/pages"}],"about":[{"href":"https:\/\/www.berrua.com\/de\/wp-json\/wp\/v2\/types\/page"}],"author":[{"embeddable":true,"href":"https:\/\/www.berrua.com\/de\/wp-json\/wp\/v2\/users\/1"}],"replies":[{"embeddable":true,"href":"https:\/\/www.berrua.com\/de\/wp-json\/wp\/v2\/comments?post=13793"}],"version-history":[{"count":5,"href":"https:\/\/www.berrua.com\/de\/wp-json\/wp\/v2\/pages\/13793\/revisions"}],"predecessor-version":[{"id":989600,"href":"https:\/\/www.berrua.com\/de\/wp-json\/wp\/v2\/pages\/13793\/revisions\/989600"}],"wp:featuredmedia":[{"embeddable":true,"href":"https:\/\/www.berrua.com\/de\/wp-json\/wp\/v2\/media\/10201"}],"wp:attachment":[{"href":"https:\/\/www.berrua.com\/de\/wp-json\/wp\/v2\/media?parent=13793"}],"wp:term":[{"taxonomy":"sujet","embeddable":true,"href":"https:\/\/www.berrua.com\/de\/wp-json\/wp\/v2\/sujet?post=13793"}],"curies":[{"name":"wp","href":"https:\/\/api.w.org\/{rel}","templated":true}]}}