{"id":13776,"date":"2021-12-02T10:50:54","date_gmt":"2021-12-02T09:50:54","guid":{"rendered":"http:\/\/www.berrua.com\/camping-pays-basque-bord-de-mer\/"},"modified":"2023-11-03T10:19:26","modified_gmt":"2023-11-03T09:19:26","slug":"camping-baskenland-meereskueste","status":"publish","type":"page","link":"https:\/\/www.berrua.com\/de\/camping-baskenland-meereskueste\/","title":{"rendered":"La Plage"},"content":{"rendered":"<section id=\"ls-section-block_463f2616439dbe895b6a3a8176df1b00\" class=\"ls-section  page-one has-p-b p-b-0\" >\n        <div class=\"container \">\n        \n\n<h1 class=\"ls__heading wp-block-heading has-text-align-center ls__heading-undefined\"><span style=\"background-color:rgba(0, 0, 0, 0)\" class=\"has-inline-color has-color-1-color\">Der Strand<\/span><\/h1>\n\n\n    <\/div>\n<\/section>\n\n<section id=\"ls-section-block_0566c57a2d691954cd13379033c6257c\" class=\"ls-section  page-one has-p-t p-t-0 has-background has-color-white-background-color\" >\n        <div class=\"container container--wide\">\n        \n\n<p class=\"ls-paragraph ls__paragraph\">Tr\u00e4umen Sie von einem Campingurlaub im Baskenland direkt am Meer? Der Campingplatz BERRUA liegt nur 1 km vom Strand entfernt. Diese Einrichtung an der baskischen K\u00fcste erm\u00f6glicht Ihnen einen schnellen Zugang zum Ozean.<\/p>\n\n\n\n<p class=\"ls-paragraph ls__paragraph\">Im Juli\/August stellt die Stadt Bidart Pendelbusse bereit, die Sie zum gro\u00dfen Strand von Uhabia, zum Strand des Zentrums und zum Strand von Erretegia bringen. Diese sind tags\u00fcber beaufsichtigt und ideal zwischen Biarritz und Saint-Jean-de-Luz gelegen.<\/p>\n\n\n\n<p class=\"ls-paragraph ls__paragraph\">Tiere sind in den Shuttle-Bussen nur in K\u00e4figen und am Strand au\u00dferhalb der bewachten Badezeiten erlaubt.<\/p>\n\n\n\n<div class=\"wp-block-columns fancybox is-layout-flex wp-container-core-columns-is-layout-9d6595d7 wp-block-columns-is-layout-flex\">\n<div class=\"wp-block-column is-vertically-aligned-center is-layout-flow wp-block-column-is-layout-flow\">\n<figure class=\"wp-block-image size-full\"><a href=\"https:\/\/www.berrua.com\/wp-content\/uploads\/2021\/12\/camping-plage-bidart.jpg\"><img decoding=\"async\" width=\"1200\" height=\"800\" src=\"https:\/\/www.berrua.com\/wp-content\/uploads\/2021\/12\/camping-plage-bidart.jpg\" alt=\"camping plage bidart\" class=\"wp-image-11570\" srcset=\"https:\/\/www.berrua.com\/wp-content\/uploads\/2021\/12\/camping-plage-bidart.jpg 1200w, https:\/\/www.berrua.com\/wp-content\/uploads\/2021\/12\/camping-plage-bidart-300x200.jpg 300w, https:\/\/www.berrua.com\/wp-content\/uploads\/2021\/12\/camping-plage-bidart-1024x683.jpg 1024w, https:\/\/www.berrua.com\/wp-content\/uploads\/2021\/12\/camping-plage-bidart-768x512.jpg 768w\" sizes=\"(max-width: 1200px) 100vw, 1200px\" \/><\/a><\/figure>\n\n\n\n<figure class=\"wp-block-image size-full\"><a href=\"https:\/\/www.berrua.com\/wp-content\/uploads\/2021\/12\/camping-plage-biarritz.jpg\"><img decoding=\"async\" width=\"1200\" height=\"800\" src=\"https:\/\/www.berrua.com\/wp-content\/uploads\/2021\/12\/camping-plage-biarritz.jpg\" alt=\"camping plage biarritz\" class=\"wp-image-11575\" srcset=\"https:\/\/www.berrua.com\/wp-content\/uploads\/2021\/12\/camping-plage-biarritz.jpg 1200w, https:\/\/www.berrua.com\/wp-content\/uploads\/2021\/12\/camping-plage-biarritz-300x200.jpg 300w, https:\/\/www.berrua.com\/wp-content\/uploads\/2021\/12\/camping-plage-biarritz-1024x683.jpg 1024w, https:\/\/www.berrua.com\/wp-content\/uploads\/2021\/12\/camping-plage-biarritz-768x512.jpg 768w\" sizes=\"(max-width: 1200px) 100vw, 1200px\" \/><\/a><\/figure>\n<\/div>\n\n\n\n<div class=\"wp-block-column is-vertically-aligned-center is-layout-flow wp-block-column-is-layout-flow\">\n<figure class=\"wp-block-image size-full\"><a href=\"https:\/\/www.berrua.com\/wp-content\/uploads\/2021\/12\/camping-surf-bidart.jpg\"><img decoding=\"async\" width=\"800\" height=\"1200\" src=\"https:\/\/www.berrua.com\/wp-content\/uploads\/2021\/12\/camping-surf-bidart.jpg\" alt=\"camping surf bidart\" class=\"wp-image-11558\" srcset=\"https:\/\/www.berrua.com\/wp-content\/uploads\/2021\/12\/camping-surf-bidart.jpg 800w, https:\/\/www.berrua.com\/wp-content\/uploads\/2021\/12\/camping-surf-bidart-200x300.jpg 200w, https:\/\/www.berrua.com\/wp-content\/uploads\/2021\/12\/camping-surf-bidart-683x1024.jpg 683w, https:\/\/www.berrua.com\/wp-content\/uploads\/2021\/12\/camping-surf-bidart-768x1152.jpg 768w\" sizes=\"(max-width: 800px) 100vw, 800px\" \/><\/a><\/figure>\n<\/div>\n\n\n\n<div class=\"wp-block-column is-vertically-aligned-center is-layout-flow wp-block-column-is-layout-flow\">\n<figure class=\"wp-block-image size-full\"><a href=\"https:\/\/www.berrua.com\/wp-content\/uploads\/2021\/12\/camping-plage-hendaye.jpg\"><img decoding=\"async\" width=\"800\" height=\"1200\" src=\"https:\/\/www.berrua.com\/wp-content\/uploads\/2021\/12\/camping-plage-hendaye.jpg\" alt=\"camping plage hendaye\" class=\"wp-image-11563\" srcset=\"https:\/\/www.berrua.com\/wp-content\/uploads\/2021\/12\/camping-plage-hendaye.jpg 800w, https:\/\/www.berrua.com\/wp-content\/uploads\/2021\/12\/camping-plage-hendaye-200x300.jpg 200w, https:\/\/www.berrua.com\/wp-content\/uploads\/2021\/12\/camping-plage-hendaye-683x1024.jpg 683w, https:\/\/www.berrua.com\/wp-content\/uploads\/2021\/12\/camping-plage-hendaye-768x1152.jpg 768w\" sizes=\"(max-width: 800px) 100vw, 800px\" \/><\/a><\/figure>\n<\/div>\n<\/div>\n\n\n    <\/div>\n<\/section>\n\n<section id=\"ls-section-block_a2bbdfa926489da3c7cc8b6f25f51d98\" class=\"ls-section  home-fourth has-background has-color-1-background-color has-text-color has-color-white-color\" >\n        <div class=\"container container--wide\">\n        \n\n<div class=\"wp-block-columns is-layout-flex wp-container-core-columns-is-layout-9d6595d7 wp-block-columns-is-layout-flex\">\n<div class=\"wp-block-column is-layout-flow wp-block-column-is-layout-flow\" style=\"flex-basis:33.33%\">\n<p class=\"ls-paragraph ls__paragraph title-deco\"><span style=\"background-color:rgba(0, 0, 0, 0)\" class=\"has-inline-color has-color-3-color\">Die<\/span><\/p>\n\n\n\n<p class=\"ls-paragraph ls__paragraph subtitle-deco\">Str\u00e4nde<\/p>\n<\/div>\n\n\n\n<div class=\"wp-block-column is-layout-flow wp-block-column-is-layout-flow\" style=\"flex-basis:66.66%\">\n<h2 class=\"ls__heading wp-block-heading ls__heading ls__heading-undefined\">Campingplatz in der N\u00e4he der Str\u00e4nde des Baskenlandes<\/h2>\n\n\n\n<p class=\"ls-paragraph ls__paragraph\">Sie suchen einen Campingplatz im Baskenland, der direkt am Meer liegt? M\u00f6chten Sie mehrere Badestellen in der N\u00e4he Ihres Zeltes, Mobilheims oder Wohnmobils testen? Der gro\u00dfe Strand von Biarritz ist nur 7 km entfernt! Au\u00dferdem ist die Bucht von Saint-Jean-de-Luz besonders angenehm f\u00fcr Familien, da das Meer nicht sehr rau ist. Ihre Kinder k\u00f6nnen im Sand spielen und baden, immer unter Ihrer Aufsicht, aber ohne Angst vor den Wellen haben zu m\u00fcssen. Nutzen Sie die Gelegenheit, denn sie liegt nur 9 km von Ihrer Unterkunft entfernt.<\/p>\n\n\n\n<p class=\"ls-paragraph ls__paragraph\">Etwas weiter entfernt, nur 11 km von Ihrem Campingplatz im Baskenland am Meer, k\u00f6nnen Sie das &#8222;kleine Kalifornien&#8220; in Anglet entdecken, wo Sie nicht weniger als 11 Str\u00e4nde erwarten, die sich auf 4,5 km feinem Sand aneinanderreihen!<\/p>\n<\/div>\n<\/div>\n\n\n    <\/div>\n<\/section>\n\n<section id=\"ls-section-block_c356d87c4c13ed6342923fe769c34446\" class=\"ls-section  page-two\" >\n        <div class=\"container container--wide\">\n        \n<div class=\"wp-block-image\">\n<figure class=\"aligncenter size-large\"><img decoding=\"async\" width=\"1024\" height=\"683\" src=\"https:\/\/www.berrua.com\/wp-content\/uploads\/2021\/12\/camping-plage-anglet-1024x683.jpg\" alt=\"camping plage anglet\" class=\"wp-image-11581\" srcset=\"https:\/\/www.berrua.com\/wp-content\/uploads\/2021\/12\/camping-plage-anglet-1024x683.jpg 1024w, https:\/\/www.berrua.com\/wp-content\/uploads\/2021\/12\/camping-plage-anglet-300x200.jpg 300w, https:\/\/www.berrua.com\/wp-content\/uploads\/2021\/12\/camping-plage-anglet-768x512.jpg 768w, https:\/\/www.berrua.com\/wp-content\/uploads\/2021\/12\/camping-plage-anglet.jpg 1200w\" sizes=\"(max-width: 1024px) 100vw, 1024px\" \/><\/figure>\n<\/div>\n\n\n<h2 class=\"ls__heading wp-block-heading has-text-align-center ls__heading-undefined has-p-t p-t-5\"><span style=\"background-color:rgba(0, 0, 0, 0)\" class=\"has-inline-color has-color-1-color\">Leben am Meer, eine Lebenskunst der baskischen K\u00fcste<\/span><\/h2>\n\n\n\n<p class=\"ls-paragraph ls__paragraph\">Ein Aufenthalt auf dem Campingplatz Berrua bedeutet, dass Sie alles genie\u00dfen k\u00f6nnen, was der Sommer zu bieten hat! Verbringen Sie Ihre Tage am Strand, im Modus &#8222;Faulenzen&#8220; oder im Gegenteil, um sich im Sand und im Wasser zu vergn\u00fcgen, indem Sie sich zum Beispiel im Baskenland im Surfen versuchen. Schaufeln, Harken, B\u00e4lle, Federball\u2026 Ihre einzige Grenze ist Ihre Fantasie.<\/p>\n\n\n\n<p class=\"ls-paragraph ls__paragraph\">Zur\u00fcck auf dem Campingplatz genie\u00dfen Sie den Komfort Ihrer Unterkunft oder Ihres Stellplatzes, um sich auszuruhen, oder Sie k\u00f6nnen sich weiter am\u00fcsieren, indem Sie an den verschiedenen Animationen teilnehmen, die von den Teams der Anlage angeboten werden.<\/p>\n\n\n\n<p class=\"ls-paragraph ls__paragraph\">Die Wahl eines Campingplatzes im Baskenland am Meer bedeutet, dass Sie sich f\u00fcr einen Urlaub im Zeichen der Sonne, der guten Laune und der Traditionen des S\u00fcdwestens entscheiden. Sie m\u00fcssen nur noch buchen, bevor Sie allein, zu zweit, mit der Familie oder sogar mit Freunden dem Alltag entfliehen k\u00f6nnen. Entdecken Sie f\u00fcr Ihren Aufenthalt am Meer auch die Wanderungen auf dem baskischen K\u00fcstenpfad.<\/p>\n\n\n    <\/div>\n<\/section>\n\n<section id=\"ls-section-block_43ecd8f2b4143e8853759ec1bed65548\" class=\"ls-section  page-cta\" >\n        <div class=\"container container--wide\">\n        \n\n<div id=\"ls-heading ls-titre-div-block_ea5addf82bbdcb5b315af7c325d06045\" class=\"ls-titre-div titre-cta ls__heading-undefined title-deco has-inline-color has-color-1-color aligncenter h2-like\" >\n    Wohnen Sie in der N\u00e4he von Str\u00e4nden<\/div>\n\n\n\n<div class=\"wp-block-columns Le bar la Txalupa, situ\u00e9 au bord de piscine, dot\u00e9 d\u2019une tr\u00e8s belle terrasse, vous proposera, salades , sandwich, panini, cr\u00eapes et gaufres, tout long journ\u00e9e. Pourquoi ne pas siroter un petit ap\u00e9ritif avec quelques tapas??? Durant journ\u00e9e en haute saison, Txalupa accueille chaleureusement sur sa terrasse qui surplombe lieu rencontre d\u00e9tente. surplombant piscine. is-layout-flex wp-container-core-columns-is-layout-9d6595d7 wp-block-columns-is-layout-flex\">\n<div class=\"wp-block-column ls-cta is-layout-flow wp-block-column-is-layout-flow\">\n<div id=\"ls-cta-block_3ea8104e6ec5163ad892e27827ddfd06\" class=\"ls-cta\">  \n    \n\n<a href=\"http:\/\/www.berrua.com\/location-mobil-home-pays-basque\/\" target=\"\" rel=\"noopener\" class=\"ls-cta__link\" data-categ=\"\">\n\t<div class=\"ls-cta__image\"><img decoding=\"async\" src=\"https:\/\/www.berrua.com\/wp-content\/uploads\/2021\/12\/location-mobil-home-pyrenees-atlantiques.jpg\" alt=\"location mobil home pyrenees atlantiques\"><\/div>\n\t<div class=\"ls-cta__title\">\n\t\tUnsere Vermietungen\t<\/div>\n\n\t<\/a><\/div><\/div>\n\n\n\n<div class=\"wp-block-column is-layout-flow wp-block-column-is-layout-flow\">\n<div id=\"ls-cta-block_7aa46a4bf54df18a89b338702fb391f5\" class=\"ls-cta\">  \n    \n\n<a href=\"http:\/\/www.berrua.com\/camping-pas-cher-pays-basque\/\" target=\"\" rel=\"noopener\" class=\"ls-cta__link\" data-categ=\"\">\n\t<div class=\"ls-cta__image\"><img decoding=\"async\" src=\"https:\/\/www.berrua.com\/wp-content\/uploads\/2021\/11\/camping-pas-cher-cote-basque.jpg\" alt=\"camping pas cher cote basque\"><\/div>\n\t<div class=\"ls-cta__title\">\n\t\tUnsere Tarife\t<\/div>\n\n\t<\/a><\/div><\/div>\n<\/div>\n\n\n    <\/div>\n<\/section>","protected":false},"excerpt":{"rendered":"","protected":false},"author":1,"featured_media":514012,"parent":0,"menu_order":0,"comment_status":"closed","ping_status":"closed","template":"","meta":{"_acf_changed":false,"inline_featured_image":false,"footnotes":""},"sujet":[],"class_list":["post-13776","page","type-page","status-publish","has-post-thumbnail","hentry"],"acf":[],"yoast_head":"<!-- This site is optimized with the Yoast SEO plugin v26.2 - https:\/\/yoast.com\/wordpress\/plugins\/seo\/ -->\n<title>Camping baskische K\u00fcste | Strand | Ozean | Atlantikk\u00fcste | Str\u00e4nde<\/title>\n<meta name=\"robots\" content=\"index, follow, max-snippet:-1, max-image-preview:large, max-video-preview:-1\" \/>\n<link rel=\"canonical\" href=\"https:\/\/www.berrua.com\/de\/camping-baskenland-meereskueste\/\" \/>\n<meta property=\"og:locale\" content=\"de_DE\" \/>\n<meta property=\"og:type\" content=\"article\" \/>\n<meta property=\"og:title\" content=\"Camping baskische K\u00fcste | Strand | Ozean | Atlantikk\u00fcste | Str\u00e4nde\" \/>\n<meta property=\"og:url\" content=\"https:\/\/www.berrua.com\/de\/camping-baskenland-meereskueste\/\" \/>\n<meta property=\"og:site_name\" content=\"Domaine Berrua\" \/>\n<meta property=\"article:modified_time\" content=\"2023-11-03T09:19:26+00:00\" \/>\n<meta property=\"og:image\" content=\"https:\/\/www.berrua.com\/wp-content\/uploads\/2022\/03\/bannerplage.jpg\" \/>\n\t<meta property=\"og:image:width\" content=\"1903\" \/>\n\t<meta property=\"og:image:height\" content=\"450\" \/>\n\t<meta property=\"og:image:type\" content=\"image\/jpeg\" \/>\n<meta name=\"twitter:card\" content=\"summary_large_image\" \/>\n<meta name=\"twitter:label1\" content=\"Gesch\u00e4tzte Lesezeit\" \/>\n\t<meta name=\"twitter:data1\" content=\"3\u00a0Minuten\" \/>\n<script type=\"application\/ld+json\" class=\"yoast-schema-graph\">{\"@context\":\"https:\/\/schema.org\",\"@graph\":[{\"@type\":\"WebPage\",\"@id\":\"https:\/\/www.berrua.com\/de\/camping-baskenland-meereskueste\/\",\"url\":\"https:\/\/www.berrua.com\/de\/camping-baskenland-meereskueste\/\",\"name\":\"Camping baskische K\u00fcste | Strand | Ozean | Atlantikk\u00fcste | Str\u00e4nde\",\"isPartOf\":{\"@id\":\"https:\/\/www.berrua.com\/de\/#website\"},\"primaryImageOfPage\":{\"@id\":\"https:\/\/www.berrua.com\/de\/camping-baskenland-meereskueste\/#primaryimage\"},\"image\":{\"@id\":\"https:\/\/www.berrua.com\/de\/camping-baskenland-meereskueste\/#primaryimage\"},\"thumbnailUrl\":\"https:\/\/www.berrua.com\/wp-content\/uploads\/2022\/03\/bannerplage.jpg\",\"datePublished\":\"2021-12-02T09:50:54+00:00\",\"dateModified\":\"2023-11-03T09:19:26+00:00\",\"breadcrumb\":{\"@id\":\"https:\/\/www.berrua.com\/de\/camping-baskenland-meereskueste\/#breadcrumb\"},\"inLanguage\":\"de\",\"potentialAction\":[{\"@type\":\"ReadAction\",\"target\":[\"https:\/\/www.berrua.com\/de\/camping-baskenland-meereskueste\/\"]}]},{\"@type\":\"ImageObject\",\"inLanguage\":\"de\",\"@id\":\"https:\/\/www.berrua.com\/de\/camping-baskenland-meereskueste\/#primaryimage\",\"url\":\"https:\/\/www.berrua.com\/wp-content\/uploads\/2022\/03\/bannerplage.jpg\",\"contentUrl\":\"https:\/\/www.berrua.com\/wp-content\/uploads\/2022\/03\/bannerplage.jpg\",\"width\":1903,\"height\":450,\"caption\":\"bannerplage\"},{\"@type\":\"BreadcrumbList\",\"@id\":\"https:\/\/www.berrua.com\/de\/camping-baskenland-meereskueste\/#breadcrumb\",\"itemListElement\":[{\"@type\":\"ListItem\",\"position\":1,\"name\":\"Camping Bidart au Pays Basque\",\"item\":\"https:\/\/www.berrua.com\/de\/\"},{\"@type\":\"ListItem\",\"position\":2,\"name\":\"Camping am Meer im Baskenland\"}]},{\"@type\":\"WebSite\",\"@id\":\"https:\/\/www.berrua.com\/de\/#website\",\"url\":\"https:\/\/www.berrua.com\/de\/\",\"name\":\"Domaine Berrua\",\"description\":\"\",\"publisher\":{\"@id\":\"https:\/\/www.berrua.com\/de\/#organization\"},\"potentialAction\":[{\"@type\":\"SearchAction\",\"target\":{\"@type\":\"EntryPoint\",\"urlTemplate\":\"https:\/\/www.berrua.com\/de\/?s={search_term_string}\"},\"query-input\":{\"@type\":\"PropertyValueSpecification\",\"valueRequired\":true,\"valueName\":\"search_term_string\"}}],\"inLanguage\":\"de\"},{\"@type\":\"Organization\",\"@id\":\"https:\/\/www.berrua.com\/de\/#organization\",\"name\":\"Camping Berrua\",\"url\":\"https:\/\/www.berrua.com\/de\/\",\"logo\":{\"@type\":\"ImageObject\",\"inLanguage\":\"de\",\"@id\":\"https:\/\/www.berrua.com\/de\/#\/schema\/logo\/image\/\",\"url\":\"https:\/\/www.berrua.com\/wp-content\/uploads\/2022\/01\/berrua.jpg\",\"contentUrl\":\"https:\/\/www.berrua.com\/wp-content\/uploads\/2022\/01\/berrua.jpg\",\"width\":321,\"height\":231,\"caption\":\"Camping Berrua\"},\"image\":{\"@id\":\"https:\/\/www.berrua.com\/de\/#\/schema\/logo\/image\/\"}}]}<\/script>\n<!-- \/ Yoast SEO plugin. -->","yoast_head_json":{"title":"Camping baskische K\u00fcste | Strand | Ozean | Atlantikk\u00fcste | Str\u00e4nde","robots":{"index":"index","follow":"follow","max-snippet":"max-snippet:-1","max-image-preview":"max-image-preview:large","max-video-preview":"max-video-preview:-1"},"canonical":"https:\/\/www.berrua.com\/de\/camping-baskenland-meereskueste\/","og_locale":"de_DE","og_type":"article","og_title":"Camping baskische K\u00fcste | Strand | Ozean | Atlantikk\u00fcste | Str\u00e4nde","og_url":"https:\/\/www.berrua.com\/de\/camping-baskenland-meereskueste\/","og_site_name":"Domaine Berrua","article_modified_time":"2023-11-03T09:19:26+00:00","og_image":[{"width":1903,"height":450,"url":"https:\/\/www.berrua.com\/wp-content\/uploads\/2022\/03\/bannerplage.jpg","type":"image\/jpeg"}],"twitter_card":"summary_large_image","twitter_misc":{"Gesch\u00e4tzte Lesezeit":"3\u00a0Minuten"},"schema":{"@context":"https:\/\/schema.org","@graph":[{"@type":"WebPage","@id":"https:\/\/www.berrua.com\/de\/camping-baskenland-meereskueste\/","url":"https:\/\/www.berrua.com\/de\/camping-baskenland-meereskueste\/","name":"Camping baskische K\u00fcste | Strand | Ozean | Atlantikk\u00fcste | Str\u00e4nde","isPartOf":{"@id":"https:\/\/www.berrua.com\/de\/#website"},"primaryImageOfPage":{"@id":"https:\/\/www.berrua.com\/de\/camping-baskenland-meereskueste\/#primaryimage"},"image":{"@id":"https:\/\/www.berrua.com\/de\/camping-baskenland-meereskueste\/#primaryimage"},"thumbnailUrl":"https:\/\/www.berrua.com\/wp-content\/uploads\/2022\/03\/bannerplage.jpg","datePublished":"2021-12-02T09:50:54+00:00","dateModified":"2023-11-03T09:19:26+00:00","breadcrumb":{"@id":"https:\/\/www.berrua.com\/de\/camping-baskenland-meereskueste\/#breadcrumb"},"inLanguage":"de","potentialAction":[{"@type":"ReadAction","target":["https:\/\/www.berrua.com\/de\/camping-baskenland-meereskueste\/"]}]},{"@type":"ImageObject","inLanguage":"de","@id":"https:\/\/www.berrua.com\/de\/camping-baskenland-meereskueste\/#primaryimage","url":"https:\/\/www.berrua.com\/wp-content\/uploads\/2022\/03\/bannerplage.jpg","contentUrl":"https:\/\/www.berrua.com\/wp-content\/uploads\/2022\/03\/bannerplage.jpg","width":1903,"height":450,"caption":"bannerplage"},{"@type":"BreadcrumbList","@id":"https:\/\/www.berrua.com\/de\/camping-baskenland-meereskueste\/#breadcrumb","itemListElement":[{"@type":"ListItem","position":1,"name":"Camping Bidart au Pays Basque","item":"https:\/\/www.berrua.com\/de\/"},{"@type":"ListItem","position":2,"name":"Camping am Meer im Baskenland"}]},{"@type":"WebSite","@id":"https:\/\/www.berrua.com\/de\/#website","url":"https:\/\/www.berrua.com\/de\/","name":"Domaine Berrua","description":"","publisher":{"@id":"https:\/\/www.berrua.com\/de\/#organization"},"potentialAction":[{"@type":"SearchAction","target":{"@type":"EntryPoint","urlTemplate":"https:\/\/www.berrua.com\/de\/?s={search_term_string}"},"query-input":{"@type":"PropertyValueSpecification","valueRequired":true,"valueName":"search_term_string"}}],"inLanguage":"de"},{"@type":"Organization","@id":"https:\/\/www.berrua.com\/de\/#organization","name":"Camping Berrua","url":"https:\/\/www.berrua.com\/de\/","logo":{"@type":"ImageObject","inLanguage":"de","@id":"https:\/\/www.berrua.com\/de\/#\/schema\/logo\/image\/","url":"https:\/\/www.berrua.com\/wp-content\/uploads\/2022\/01\/berrua.jpg","contentUrl":"https:\/\/www.berrua.com\/wp-content\/uploads\/2022\/01\/berrua.jpg","width":321,"height":231,"caption":"Camping Berrua"},"image":{"@id":"https:\/\/www.berrua.com\/de\/#\/schema\/logo\/image\/"}}]}},"_links":{"self":[{"href":"https:\/\/www.berrua.com\/de\/wp-json\/wp\/v2\/pages\/13776","targetHints":{"allow":["GET"]}}],"collection":[{"href":"https:\/\/www.berrua.com\/de\/wp-json\/wp\/v2\/pages"}],"about":[{"href":"https:\/\/www.berrua.com\/de\/wp-json\/wp\/v2\/types\/page"}],"author":[{"embeddable":true,"href":"https:\/\/www.berrua.com\/de\/wp-json\/wp\/v2\/users\/1"}],"replies":[{"embeddable":true,"href":"https:\/\/www.berrua.com\/de\/wp-json\/wp\/v2\/comments?post=13776"}],"version-history":[{"count":6,"href":"https:\/\/www.berrua.com\/de\/wp-json\/wp\/v2\/pages\/13776\/revisions"}],"predecessor-version":[{"id":989550,"href":"https:\/\/www.berrua.com\/de\/wp-json\/wp\/v2\/pages\/13776\/revisions\/989550"}],"wp:featuredmedia":[{"embeddable":true,"href":"https:\/\/www.berrua.com\/de\/wp-json\/wp\/v2\/media\/514012"}],"wp:attachment":[{"href":"https:\/\/www.berrua.com\/de\/wp-json\/wp\/v2\/media?parent=13776"}],"wp:term":[{"taxonomy":"sujet","embeddable":true,"href":"https:\/\/www.berrua.com\/de\/wp-json\/wp\/v2\/sujet?post=13776"}],"curies":[{"name":"wp","href":"https:\/\/api.w.org\/{rel}","templated":true}]}}