{"id":13770,"date":"2021-10-20T16:09:47","date_gmt":"2021-10-20T14:09:47","guid":{"rendered":"http:\/\/www.berrua.com\/camping-pas-cher-pays-basque\/"},"modified":"2023-11-03T09:55:29","modified_gmt":"2023-11-03T08:55:29","slug":"guenstig-campen-pays-basque","status":"publish","type":"page","link":"https:\/\/www.berrua.com\/de\/guenstig-campen-pays-basque\/","title":{"rendered":"Nos h\u00e9bergements : Tarifs"},"content":{"rendered":"<section id=\"ls-section-block_6418d22145c7c20fd18040708ba7033d\" class=\"ls-section  page-one has-p-b p-b-0\" >\n        <div class=\"container \">\n        \n\n<h1 class=\"ls__heading wp-block-heading has-text-align-center ls__heading-undefined\">Tarife<\/h1>\n\n\n    <\/div>\n<\/section>\n\n<section id=\"ls-section-block_f4f8cf4d246919e37040ff0bfa37f12f\" class=\"ls-section \" >\n        <div class=\"container container--wide\">\n        \n\n<div ilib-simpleblock=\"\" ilib-simpleblock-day=\"\" ilib-simpleblock-categories=\"*\" ilib-simpleblock-idsite=\"\" ilib-simpleblock-description=\"\" ilib-simpleblock-nbblocks=\"2\" ilib-simpleblock-defaultblock=\"freeSearch\"><\/div><script>\n\t\t\t\t(function(t,h,e,l,i,s,R,E,S,A){\n\t\t\t\tt[i]={},t[i][s]=t[i][s]||function(){\n\t\t\t\tif(1===arguments.length){return t[i].a[arguments[0]]||null}\n\t\t\t\telse{t[i].a=t[i].a||[]; t[i].a[arguments[0]] = arguments[1];}\n\t\t\t\t},\n\t\t\t\tR=h.createElement(e),E=h.getElementsByTagName(e)[0];\n\t\t\t\tR.async=1;R.src=l;E.parentNode.insertBefore(R,E)})(window,document,\"script\",\"https:\/\/ajax.webcamp.fr\/v3\/\",\"thelisresa\",\"ilib\"); \n\t\t\t\tthelisresa.ilib('camping', 'berrua&version=2015');\n\t\t\t\tthelisresa.ilib('language', 'de');\n\t\t\t\t<\/script>\n\n\n    <\/div>\n<\/section>\n\n<section id=\"ls-section-block_5120fa12c67c03582e297de6766fd590\" class=\"ls-section  page-one has-p-t p-t-0 has-background has-color-white-background-color\" >\n        <div class=\"container container--wide\">\n        \n\n<h2 class=\"ls__heading wp-block-heading has-text-align-left ls__heading-undefined has-inline-color has-color-1-color\">Mobilheime MIT DEM BESTEN PREIS-QUALIT\u00c4TSVERH\u00c4LTNIS<\/h2>\n\n\n\n<p class=\"ls-paragraph ls__paragraph\">Tauchen Sie ein in das Herz des Baskenlandes und buchen Sie Ihre preisg\u00fcnstige Unterkunft mit der f\u00fcr die Region charakteristischen Architektur.<\/p>\n\n\n\n<p class=\"ls-paragraph ls__paragraph\">Die Mobilheime sind 16 bis 40 m\u00b2 gro\u00df und bieten Platz f\u00fcr 2 bis 8 Personen. Sie bieten allen n\u00f6tigen Komfort zu einem attraktiven Preis, den Sie mit zus\u00e4tzlichen Optionen erg\u00e4nzen k\u00f6nnen. Zu jedem Privatbereich geh\u00f6rt eine Terrasse, die perfekt ist, um sich in aller Privatsph\u00e4re zu sonnen oder in Ruhe zu entspannen.<\/p>\n\n\n\n<p class=\"ls-paragraph ls__paragraph\">Profitieren Sie vom besten Preis-Leistungs-Verh\u00e4ltnis: ab 43 \u20ac pro Nacht, je nach Standing und Saison auf dem Campingplatz Baskenland g\u00fcnstig .<\/p>\n\n\n\n<div class=\"wp-block-columns fancybox is-layout-flex wp-container-core-columns-is-layout-9d6595d7 wp-block-columns-is-layout-flex\">\n<div class=\"wp-block-column is-vertically-aligned-center is-layout-flow wp-block-column-is-layout-flow\">\n<figure class=\"wp-block-image size-full\"><a href=\"https:\/\/www.berrua.com\/wp-content\/uploads\/2021\/11\/camping-pas-cher-pays-basque.jpg\"><img decoding=\"async\" width=\"1200\" height=\"800\" src=\"https:\/\/www.berrua.com\/wp-content\/uploads\/2021\/11\/camping-pas-cher-pays-basque.jpg\" alt=\"camping pas cher pays basque\" class=\"wp-image-11142\" srcset=\"https:\/\/www.berrua.com\/wp-content\/uploads\/2021\/11\/camping-pas-cher-pays-basque.jpg 1200w, https:\/\/www.berrua.com\/wp-content\/uploads\/2021\/11\/camping-pas-cher-pays-basque-300x200.jpg 300w, https:\/\/www.berrua.com\/wp-content\/uploads\/2021\/11\/camping-pas-cher-pays-basque-1024x683.jpg 1024w, https:\/\/www.berrua.com\/wp-content\/uploads\/2021\/11\/camping-pas-cher-pays-basque-768x512.jpg 768w\" sizes=\"(max-width: 1200px) 100vw, 1200px\" \/><\/a><\/figure>\n\n\n\n<figure class=\"wp-block-image size-full\"><a href=\"https:\/\/www.berrua.com\/wp-content\/uploads\/2021\/11\/camping-pas-cher-bidart.jpg\"><img decoding=\"async\" width=\"1200\" height=\"800\" src=\"https:\/\/www.berrua.com\/wp-content\/uploads\/2021\/11\/camping-pas-cher-bidart.jpg\" alt=\"camping pas cher bidart\" class=\"wp-image-11147\" srcset=\"https:\/\/www.berrua.com\/wp-content\/uploads\/2021\/11\/camping-pas-cher-bidart.jpg 1200w, https:\/\/www.berrua.com\/wp-content\/uploads\/2021\/11\/camping-pas-cher-bidart-300x200.jpg 300w, https:\/\/www.berrua.com\/wp-content\/uploads\/2021\/11\/camping-pas-cher-bidart-1024x683.jpg 1024w, https:\/\/www.berrua.com\/wp-content\/uploads\/2021\/11\/camping-pas-cher-bidart-768x512.jpg 768w\" sizes=\"(max-width: 1200px) 100vw, 1200px\" \/><\/a><\/figure>\n<\/div>\n\n\n\n<div class=\"wp-block-column is-vertically-aligned-center is-layout-flow wp-block-column-is-layout-flow\">\n<figure class=\"wp-block-image size-full\"><a href=\"https:\/\/www.berrua.com\/wp-content\/uploads\/2021\/11\/camping-meilleur-prix-pays-basque.jpg\"><img decoding=\"async\" width=\"800\" height=\"1200\" src=\"https:\/\/www.berrua.com\/wp-content\/uploads\/2021\/11\/camping-meilleur-prix-pays-basque.jpg\" alt=\"camping meilleur prix pays basque\" class=\"wp-image-11130\" srcset=\"https:\/\/www.berrua.com\/wp-content\/uploads\/2021\/11\/camping-meilleur-prix-pays-basque.jpg 800w, https:\/\/www.berrua.com\/wp-content\/uploads\/2021\/11\/camping-meilleur-prix-pays-basque-200x300.jpg 200w, https:\/\/www.berrua.com\/wp-content\/uploads\/2021\/11\/camping-meilleur-prix-pays-basque-683x1024.jpg 683w, https:\/\/www.berrua.com\/wp-content\/uploads\/2021\/11\/camping-meilleur-prix-pays-basque-768x1152.jpg 768w\" sizes=\"(max-width: 800px) 100vw, 800px\" \/><\/a><\/figure>\n<\/div>\n\n\n\n<div class=\"wp-block-column is-vertically-aligned-center is-layout-flow wp-block-column-is-layout-flow\">\n<figure class=\"wp-block-image size-full\"><a href=\"https:\/\/www.berrua.com\/wp-content\/uploads\/2021\/11\/camping-meilleur-prix-bidart.jpg\"><img decoding=\"async\" width=\"800\" height=\"1200\" src=\"https:\/\/www.berrua.com\/wp-content\/uploads\/2021\/11\/camping-meilleur-prix-bidart.jpg\" alt=\"camping meilleur prix bidart\" class=\"wp-image-11135\" srcset=\"https:\/\/www.berrua.com\/wp-content\/uploads\/2021\/11\/camping-meilleur-prix-bidart.jpg 800w, https:\/\/www.berrua.com\/wp-content\/uploads\/2021\/11\/camping-meilleur-prix-bidart-200x300.jpg 200w, https:\/\/www.berrua.com\/wp-content\/uploads\/2021\/11\/camping-meilleur-prix-bidart-683x1024.jpg 683w, https:\/\/www.berrua.com\/wp-content\/uploads\/2021\/11\/camping-meilleur-prix-bidart-768x1152.jpg 768w\" sizes=\"(max-width: 800px) 100vw, 800px\" \/><\/a><\/figure>\n<\/div>\n<\/div>\n\n\n    <\/div>\n<\/section>\n\n<section id=\"ls-section-block_750ecd806509b091a432b41effe5b452\" class=\"ls-section \" >\n        <div class=\"container container--wide\">\n        \n<div class=\"wp-block-image\">\n<figure class=\"aligncenter size-large\"><img decoding=\"async\" width=\"1024\" height=\"683\" src=\"https:\/\/www.berrua.com\/wp-content\/uploads\/2021\/11\/camping-pas-cher-cote-basque-1024x683.jpg\" alt=\"camping pas cher cote basque\" class=\"wp-image-11153\" srcset=\"https:\/\/www.berrua.com\/wp-content\/uploads\/2021\/11\/camping-pas-cher-cote-basque-1024x683.jpg 1024w, https:\/\/www.berrua.com\/wp-content\/uploads\/2021\/11\/camping-pas-cher-cote-basque-300x200.jpg 300w, https:\/\/www.berrua.com\/wp-content\/uploads\/2021\/11\/camping-pas-cher-cote-basque-768x512.jpg 768w, https:\/\/www.berrua.com\/wp-content\/uploads\/2021\/11\/camping-pas-cher-cote-basque.jpg 1200w\" sizes=\"(max-width: 1024px) 100vw, 1024px\" \/><\/figure>\n<\/div>\n\n\n<h2 class=\"ls__heading wp-block-heading has-text-align-center ls__heading-undefined has-p-t p-t-5\"><span style=\"background-color:rgba(0, 0, 0, 0)\" class=\"has-inline-color has-color-1-color\">Ihr Aufenthalt zum besten Preis im Pays-basque<\/span><\/h2>\n\n\n\n<p class=\"ls-paragraph ls__paragraph\">Wer sagt, dass eine 4-Sterne-Anlage kein g\u00fcnstiger Campingplatz in Bidart im Baskenland ist? Wenn Sie Ihren Aufenthalt auf dem g\u00fcnstigen Campingplatz Pays Basque buchen, verbinden Sie eine Unterkunft mit hochwertigen Dienstleistungen zum besten Preis, um Ihren Aufenthalt so angenehm wie m\u00f6glich im Alltag zu gestalten. Ein kostenloser Shuttle-Bus bringt Sie zum Strand f\u00fcr einen Badenachmittag oder ins Stadtzentrum von Bidart, um einzukaufen oder ein Souvenir zu kaufen.<\/p>\n\n\n\n<p class=\"ls-paragraph ls__paragraph\">Sie brauchen Ihr Gep\u00e4ck nicht zu \u00fcberladen, denn es gibt zwei W\u00e4schereien vor Ort, in denen Sie Ihre W\u00e4sche pflegen k\u00f6nnen. Denken Sie nur daran, ein wenig Kleingeld bei sich zu haben. Die Servicestation f\u00fcr Wohnmobile befindet sich auf einem abgelegenen Parkplatz. Erleben Sie unvergessliche Abende, indem Sie an den geselligen Animationen teilnehmen, die von 0 bis 77 und dar\u00fcber hinaus zug\u00e4nglich sind. Sind Sie bereit, von den attraktiven Preisen in Bidart auf einem Campingplatz zu profitieren, der zu einer Flucht aus dem Alltag einl\u00e4dt? Dann buchen Sie jetzt! Spa, Jacuzzi, Pool und Rutsche warten nur auf Sie!<\/p>\n\n\n    <\/div>\n<\/section>\n\n<section id=\"ls-section-block_225800aa0d8c1916a1e939eb27654a9e\" class=\"ls-section  page-cta\" >\n        <div class=\"container container--wide\">\n        \n\n<div id=\"ls-heading ls-titre-div-block_860a8d766ecd8c932adf50014247f2be\" class=\"ls-titre-div titre-cta ls__heading-undefined title-deco has-inline-color has-color-1-color aligncenter h2-like\" >\n    DIE UNTERKUNFT &#038; ANIMATIONEN AUF DEM CAMPINGPLATZ<\/div>\n\n\n\n<div class=\"wp-block-columns Le bar la Txalupa, situ\u00e9 au bord de piscine, dot\u00e9 d\u2019une tr\u00e8s belle terrasse, vous proposera, salades , sandwich, panini, cr\u00eapes et gaufres, tout long journ\u00e9e. Pourquoi ne pas siroter un petit ap\u00e9ritif avec quelques tapas??? Durant journ\u00e9e en haute saison, Txalupa accueille chaleureusement sur sa terrasse qui surplombe lieu rencontre d\u00e9tente. surplombant piscine. is-layout-flex wp-container-core-columns-is-layout-9d6595d7 wp-block-columns-is-layout-flex\">\n<div class=\"wp-block-column ls-cta is-layout-flow wp-block-column-is-layout-flow\">\n<div id=\"ls-cta-block_2e0d712f1ead54d5515e17d9b79e949e\" class=\"ls-cta\">  \n    \n\n<a href=\"http:\/\/www.berrua.com\/location-mobil-home-pays-basque\/\" target=\"\" rel=\"noopener\" class=\"ls-cta__link\" data-categ=\"\">\n\t<div class=\"ls-cta__image\"><img decoding=\"async\" src=\"https:\/\/www.berrua.com\/wp-content\/uploads\/2021\/11\/location-mobil-home-pays-basque.jpg\" alt=\"location mobil home pays-basque\"><\/div>\n\t<div class=\"ls-cta__title\">\n\t\tUnsere Vermietungen\t<\/div>\n\n\t<\/a><\/div><\/div>\n\n\n\n<div class=\"wp-block-column is-layout-flow wp-block-column-is-layout-flow\">\n<div id=\"ls-cta-block_a630f5bd5847161c6827ecd323cd2e1f\" class=\"ls-cta\">  \n    \n\n<a href=\"\/camping-4-etoiles-pays-basque\/camping-avec-animations-pays-basque\/\" target=\"\" rel=\"noopener\" class=\"ls-cta__link\" data-categ=\"\">\n\t<div class=\"ls-cta__image\"><img decoding=\"async\" src=\"https:\/\/www.berrua.com\/wp-content\/uploads\/2021\/12\/camping-animations-bidart-1.jpg\" alt=\"camping animations bidart\"><\/div>\n\t<div class=\"ls-cta__title\">\n\t\tAnimationen &#038; sportliche Aktivit\u00e4ten\t<\/div>\n\n\t<\/a><\/div><\/div>\n<\/div>\n\n\n    <\/div>\n<\/section>","protected":false},"excerpt":{"rendered":"","protected":false},"author":1,"featured_media":988883,"parent":0,"menu_order":0,"comment_status":"closed","ping_status":"closed","template":"","meta":{"_acf_changed":false,"inline_featured_image":false,"footnotes":""},"sujet":[],"class_list":["post-13770","page","type-page","status-publish","has-post-thumbnail","hentry"],"acf":[],"yoast_head":"<!-- This site is optimized with the Yoast SEO plugin v26.2 - https:\/\/yoast.com\/wordpress\/plugins\/seo\/ -->\n<title>G\u00fcnstig campen Pays-basque | Camping g\u00fcnstig und preiswert Bidart (64)<\/title>\n<meta name=\"robots\" content=\"index, follow, max-snippet:-1, max-image-preview:large, max-video-preview:-1\" \/>\n<link rel=\"canonical\" href=\"https:\/\/www.berrua.com\/de\/guenstig-campen-pays-basque\/\" \/>\n<meta property=\"og:locale\" content=\"de_DE\" \/>\n<meta property=\"og:type\" content=\"article\" \/>\n<meta property=\"og:title\" content=\"G\u00fcnstig campen Pays-basque | Camping g\u00fcnstig und preiswert Bidart (64)\" \/>\n<meta property=\"og:url\" content=\"https:\/\/www.berrua.com\/de\/guenstig-campen-pays-basque\/\" \/>\n<meta property=\"og:site_name\" content=\"Domaine Berrua\" \/>\n<meta property=\"article:modified_time\" content=\"2023-11-03T08:55:29+00:00\" \/>\n<meta property=\"og:image\" content=\"https:\/\/www.berrua.com\/wp-content\/uploads\/2023\/08\/camping-meilleur-prix-pyrenees-atlantiques-1.jpg\" \/>\n\t<meta property=\"og:image:width\" content=\"1800\" \/>\n\t<meta property=\"og:image:height\" content=\"663\" \/>\n\t<meta property=\"og:image:type\" content=\"image\/jpeg\" \/>\n<meta name=\"twitter:card\" content=\"summary_large_image\" \/>\n<meta name=\"twitter:label1\" content=\"Gesch\u00e4tzte Lesezeit\" \/>\n\t<meta name=\"twitter:data1\" content=\"3\u00a0Minuten\" \/>\n<script type=\"application\/ld+json\" class=\"yoast-schema-graph\">{\"@context\":\"https:\/\/schema.org\",\"@graph\":[{\"@type\":\"WebPage\",\"@id\":\"https:\/\/www.berrua.com\/de\/guenstig-campen-pays-basque\/\",\"url\":\"https:\/\/www.berrua.com\/de\/guenstig-campen-pays-basque\/\",\"name\":\"G\u00fcnstig campen Pays-basque | Camping g\u00fcnstig und preiswert Bidart (64)\",\"isPartOf\":{\"@id\":\"https:\/\/www.berrua.com\/de\/#website\"},\"primaryImageOfPage\":{\"@id\":\"https:\/\/www.berrua.com\/de\/guenstig-campen-pays-basque\/#primaryimage\"},\"image\":{\"@id\":\"https:\/\/www.berrua.com\/de\/guenstig-campen-pays-basque\/#primaryimage\"},\"thumbnailUrl\":\"https:\/\/www.berrua.com\/wp-content\/uploads\/2023\/08\/camping-meilleur-prix-pyrenees-atlantiques-1.jpg\",\"datePublished\":\"2021-10-20T14:09:47+00:00\",\"dateModified\":\"2023-11-03T08:55:29+00:00\",\"breadcrumb\":{\"@id\":\"https:\/\/www.berrua.com\/de\/guenstig-campen-pays-basque\/#breadcrumb\"},\"inLanguage\":\"de\",\"potentialAction\":[{\"@type\":\"ReadAction\",\"target\":[\"https:\/\/www.berrua.com\/de\/guenstig-campen-pays-basque\/\"]}]},{\"@type\":\"ImageObject\",\"inLanguage\":\"de\",\"@id\":\"https:\/\/www.berrua.com\/de\/guenstig-campen-pays-basque\/#primaryimage\",\"url\":\"https:\/\/www.berrua.com\/wp-content\/uploads\/2023\/08\/camping-meilleur-prix-pyrenees-atlantiques-1.jpg\",\"contentUrl\":\"https:\/\/www.berrua.com\/wp-content\/uploads\/2023\/08\/camping-meilleur-prix-pyrenees-atlantiques-1.jpg\",\"width\":1800,\"height\":663,\"caption\":\"camping pas cher pays basque\"},{\"@type\":\"BreadcrumbList\",\"@id\":\"https:\/\/www.berrua.com\/de\/guenstig-campen-pays-basque\/#breadcrumb\",\"itemListElement\":[{\"@type\":\"ListItem\",\"position\":1,\"name\":\"Camping Bidart au Pays Basque\",\"item\":\"https:\/\/www.berrua.com\/de\/\"},{\"@type\":\"ListItem\",\"position\":2,\"name\":\"Camping pas cher Bidart\"}]},{\"@type\":\"WebSite\",\"@id\":\"https:\/\/www.berrua.com\/de\/#website\",\"url\":\"https:\/\/www.berrua.com\/de\/\",\"name\":\"Domaine Berrua\",\"description\":\"\",\"publisher\":{\"@id\":\"https:\/\/www.berrua.com\/de\/#organization\"},\"potentialAction\":[{\"@type\":\"SearchAction\",\"target\":{\"@type\":\"EntryPoint\",\"urlTemplate\":\"https:\/\/www.berrua.com\/de\/?s={search_term_string}\"},\"query-input\":{\"@type\":\"PropertyValueSpecification\",\"valueRequired\":true,\"valueName\":\"search_term_string\"}}],\"inLanguage\":\"de\"},{\"@type\":\"Organization\",\"@id\":\"https:\/\/www.berrua.com\/de\/#organization\",\"name\":\"Camping Berrua\",\"url\":\"https:\/\/www.berrua.com\/de\/\",\"logo\":{\"@type\":\"ImageObject\",\"inLanguage\":\"de\",\"@id\":\"https:\/\/www.berrua.com\/de\/#\/schema\/logo\/image\/\",\"url\":\"https:\/\/www.berrua.com\/wp-content\/uploads\/2022\/01\/berrua.jpg\",\"contentUrl\":\"https:\/\/www.berrua.com\/wp-content\/uploads\/2022\/01\/berrua.jpg\",\"width\":321,\"height\":231,\"caption\":\"Camping Berrua\"},\"image\":{\"@id\":\"https:\/\/www.berrua.com\/de\/#\/schema\/logo\/image\/\"}}]}<\/script>\n<!-- \/ Yoast SEO plugin. -->","yoast_head_json":{"title":"G\u00fcnstig campen Pays-basque | Camping g\u00fcnstig und preiswert Bidart (64)","robots":{"index":"index","follow":"follow","max-snippet":"max-snippet:-1","max-image-preview":"max-image-preview:large","max-video-preview":"max-video-preview:-1"},"canonical":"https:\/\/www.berrua.com\/de\/guenstig-campen-pays-basque\/","og_locale":"de_DE","og_type":"article","og_title":"G\u00fcnstig campen Pays-basque | Camping g\u00fcnstig und preiswert Bidart (64)","og_url":"https:\/\/www.berrua.com\/de\/guenstig-campen-pays-basque\/","og_site_name":"Domaine Berrua","article_modified_time":"2023-11-03T08:55:29+00:00","og_image":[{"width":1800,"height":663,"url":"https:\/\/www.berrua.com\/wp-content\/uploads\/2023\/08\/camping-meilleur-prix-pyrenees-atlantiques-1.jpg","type":"image\/jpeg"}],"twitter_card":"summary_large_image","twitter_misc":{"Gesch\u00e4tzte Lesezeit":"3\u00a0Minuten"},"schema":{"@context":"https:\/\/schema.org","@graph":[{"@type":"WebPage","@id":"https:\/\/www.berrua.com\/de\/guenstig-campen-pays-basque\/","url":"https:\/\/www.berrua.com\/de\/guenstig-campen-pays-basque\/","name":"G\u00fcnstig campen Pays-basque | Camping g\u00fcnstig und preiswert Bidart (64)","isPartOf":{"@id":"https:\/\/www.berrua.com\/de\/#website"},"primaryImageOfPage":{"@id":"https:\/\/www.berrua.com\/de\/guenstig-campen-pays-basque\/#primaryimage"},"image":{"@id":"https:\/\/www.berrua.com\/de\/guenstig-campen-pays-basque\/#primaryimage"},"thumbnailUrl":"https:\/\/www.berrua.com\/wp-content\/uploads\/2023\/08\/camping-meilleur-prix-pyrenees-atlantiques-1.jpg","datePublished":"2021-10-20T14:09:47+00:00","dateModified":"2023-11-03T08:55:29+00:00","breadcrumb":{"@id":"https:\/\/www.berrua.com\/de\/guenstig-campen-pays-basque\/#breadcrumb"},"inLanguage":"de","potentialAction":[{"@type":"ReadAction","target":["https:\/\/www.berrua.com\/de\/guenstig-campen-pays-basque\/"]}]},{"@type":"ImageObject","inLanguage":"de","@id":"https:\/\/www.berrua.com\/de\/guenstig-campen-pays-basque\/#primaryimage","url":"https:\/\/www.berrua.com\/wp-content\/uploads\/2023\/08\/camping-meilleur-prix-pyrenees-atlantiques-1.jpg","contentUrl":"https:\/\/www.berrua.com\/wp-content\/uploads\/2023\/08\/camping-meilleur-prix-pyrenees-atlantiques-1.jpg","width":1800,"height":663,"caption":"camping pas cher pays basque"},{"@type":"BreadcrumbList","@id":"https:\/\/www.berrua.com\/de\/guenstig-campen-pays-basque\/#breadcrumb","itemListElement":[{"@type":"ListItem","position":1,"name":"Camping Bidart au Pays Basque","item":"https:\/\/www.berrua.com\/de\/"},{"@type":"ListItem","position":2,"name":"Camping pas cher Bidart"}]},{"@type":"WebSite","@id":"https:\/\/www.berrua.com\/de\/#website","url":"https:\/\/www.berrua.com\/de\/","name":"Domaine Berrua","description":"","publisher":{"@id":"https:\/\/www.berrua.com\/de\/#organization"},"potentialAction":[{"@type":"SearchAction","target":{"@type":"EntryPoint","urlTemplate":"https:\/\/www.berrua.com\/de\/?s={search_term_string}"},"query-input":{"@type":"PropertyValueSpecification","valueRequired":true,"valueName":"search_term_string"}}],"inLanguage":"de"},{"@type":"Organization","@id":"https:\/\/www.berrua.com\/de\/#organization","name":"Camping Berrua","url":"https:\/\/www.berrua.com\/de\/","logo":{"@type":"ImageObject","inLanguage":"de","@id":"https:\/\/www.berrua.com\/de\/#\/schema\/logo\/image\/","url":"https:\/\/www.berrua.com\/wp-content\/uploads\/2022\/01\/berrua.jpg","contentUrl":"https:\/\/www.berrua.com\/wp-content\/uploads\/2022\/01\/berrua.jpg","width":321,"height":231,"caption":"Camping Berrua"},"image":{"@id":"https:\/\/www.berrua.com\/de\/#\/schema\/logo\/image\/"}}]}},"_links":{"self":[{"href":"https:\/\/www.berrua.com\/de\/wp-json\/wp\/v2\/pages\/13770","targetHints":{"allow":["GET"]}}],"collection":[{"href":"https:\/\/www.berrua.com\/de\/wp-json\/wp\/v2\/pages"}],"about":[{"href":"https:\/\/www.berrua.com\/de\/wp-json\/wp\/v2\/types\/page"}],"author":[{"embeddable":true,"href":"https:\/\/www.berrua.com\/de\/wp-json\/wp\/v2\/users\/1"}],"replies":[{"embeddable":true,"href":"https:\/\/www.berrua.com\/de\/wp-json\/wp\/v2\/comments?post=13770"}],"version-history":[{"count":7,"href":"https:\/\/www.berrua.com\/de\/wp-json\/wp\/v2\/pages\/13770\/revisions"}],"predecessor-version":[{"id":989345,"href":"https:\/\/www.berrua.com\/de\/wp-json\/wp\/v2\/pages\/13770\/revisions\/989345"}],"wp:featuredmedia":[{"embeddable":true,"href":"https:\/\/www.berrua.com\/de\/wp-json\/wp\/v2\/media\/988883"}],"wp:attachment":[{"href":"https:\/\/www.berrua.com\/de\/wp-json\/wp\/v2\/media?parent=13770"}],"wp:term":[{"taxonomy":"sujet","embeddable":true,"href":"https:\/\/www.berrua.com\/de\/wp-json\/wp\/v2\/sujet?post=13770"}],"curies":[{"name":"wp","href":"https:\/\/api.w.org\/{rel}","templated":true}]}}