{"id":13721,"date":"2021-10-20T16:08:06","date_gmt":"2021-10-20T14:08:06","guid":{"rendered":"http:\/\/www.berrua.com\/camping-pays-basque-avec-piscine\/"},"modified":"2022-08-12T09:23:09","modified_gmt":"2022-08-12T07:23:09","slug":"camping-mit-schwimmbad-im-baskenland","status":"publish","type":"page","link":"https:\/\/www.berrua.com\/de\/camping-mit-schwimmbad-im-baskenland\/","title":{"rendered":"Notre espace aquatique"},"content":{"rendered":"<section id=\"ls-section-block_6188f58639d55\" class=\"ls-section  page-one has-background has-color-white-background-color\" >\n        <div class=\"container container--wide\">\n        \n\n<h1 class=\"ls__heading has-text-align-center ls__heading-undefined wp-block-heading\"><mark style=\"background-color:rgba(0, 0, 0, 0)\" class=\"has-inline-color has-color-1-color\">CAMPINGPLATZ MIT SCHWIMMBAD IM BASKENLAND<\/mark><\/h1>\n\n\n\n<h2 class=\"ls__heading ls__heading-undefined wp-block-heading\"><mark style=\"background-color:rgba(0, 0, 0, 0)\" class=\"has-inline-color has-color-1-color\">EIN BEHEIZTES &amp; \u00dcBERDACHTES SCHWIMMBAD in Bidart<\/mark><\/h2>\n\n\n\n<p class=\"ls-paragraph ls__paragraph\"><mark style=\"background-color:rgba(0, 0, 0, 0)\" class=\"has-inline-color has-color-black-color\">F\u00fcr Ihren\u00a0<a href=\"\/de\/\">Campingurlaub im Baskenland<\/a>, 450 m\u00b2 Wasserfl\u00e4che mit einem beheizten, 180 m\u00b2 gro\u00dfen Au\u00dfenbecken und einem 270 m\u00b2 gro\u00dfen (unbeheizten) Bereich mit Spielplanschbecken, zwei Wasserrutschen (eine Rutsche mit mehreren Bahnen und eine kurvenreiche Rutsche \u2013 kein zugang f\u00fcr kinder unter 10 jahren ohne erwachsene begleiTperson), Whirlpools und Massagewasserstrahlen. Der Wasserbereich ist ab dem 26. M\u00e4rz ge\u00f6ffnet (Er\u00f6ffnung des Campingplatzes).Das Balneo wird ab der Er\u00f6ffnung des Campingplatzes beheizt sein und das Freibad ab Anfang Mai.<\/mark> Wir haben einen mobilen Pool-Lift f\u00fcr Menschen mit eingeschr\u00e4nkter Mobilit\u00e4t (PRM).<\/p>\n\n\n\n<div class=\"wp-block-columns fancybox is-layout-flex wp-container-core-columns-is-layout-9d6595d7 wp-block-columns-is-layout-flex\">\n<div class=\"wp-block-column is-vertically-aligned-center is-layout-flow wp-block-column-is-layout-flow\">\n<figure class=\"wp-block-image size-full\"><a href=\"https:\/\/www.berrua.com\/wp-content\/uploads\/2021\/12\/camping-piscine-toboggan-bidart.jpg\"><img decoding=\"async\" width=\"1200\" height=\"800\" src=\"https:\/\/www.berrua.com\/wp-content\/uploads\/2021\/12\/camping-piscine-toboggan-bidart.jpg\" alt=\"camping piscine toboggan bidart\" class=\"wp-image-12281\" srcset=\"https:\/\/www.berrua.com\/wp-content\/uploads\/2021\/12\/camping-piscine-toboggan-bidart.jpg 1200w, https:\/\/www.berrua.com\/wp-content\/uploads\/2021\/12\/camping-piscine-toboggan-bidart-300x200.jpg 300w, https:\/\/www.berrua.com\/wp-content\/uploads\/2021\/12\/camping-piscine-toboggan-bidart-1024x683.jpg 1024w, https:\/\/www.berrua.com\/wp-content\/uploads\/2021\/12\/camping-piscine-toboggan-bidart-768x512.jpg 768w\" sizes=\"(max-width: 1200px) 100vw, 1200px\" \/><\/a><\/figure>\n\n\n\n<figure class=\"wp-block-image size-full\"><a href=\"https:\/\/www.berrua.com\/wp-content\/uploads\/2021\/11\/camping-espace-aquatique-bidart-1.jpg\"><img decoding=\"async\" width=\"1200\" height=\"800\" src=\"https:\/\/www.berrua.com\/wp-content\/uploads\/2021\/11\/camping-espace-aquatique-bidart-1.jpg\" alt=\"camping espace aquatique bidart\" class=\"wp-image-10676\" srcset=\"https:\/\/www.berrua.com\/wp-content\/uploads\/2021\/11\/camping-espace-aquatique-bidart-1.jpg 1200w, https:\/\/www.berrua.com\/wp-content\/uploads\/2021\/11\/camping-espace-aquatique-bidart-1-300x200.jpg 300w, https:\/\/www.berrua.com\/wp-content\/uploads\/2021\/11\/camping-espace-aquatique-bidart-1-1024x683.jpg 1024w, https:\/\/www.berrua.com\/wp-content\/uploads\/2021\/11\/camping-espace-aquatique-bidart-1-768x512.jpg 768w\" sizes=\"(max-width: 1200px) 100vw, 1200px\" \/><\/a><\/figure>\n<\/div>\n\n\n\n<div class=\"wp-block-column is-vertically-aligned-center is-layout-flow wp-block-column-is-layout-flow\">\n<figure class=\"wp-block-image size-full\"><a href=\"https:\/\/www.berrua.com\/wp-content\/uploads\/2021\/12\/camping-espace-aquatique-familial-bidart.jpg\"><img decoding=\"async\" width=\"800\" height=\"1200\" src=\"https:\/\/www.berrua.com\/wp-content\/uploads\/2021\/12\/camping-espace-aquatique-familial-bidart.jpg\" alt=\"camping espace aquatique familial bidart\" class=\"wp-image-12286\" srcset=\"https:\/\/www.berrua.com\/wp-content\/uploads\/2021\/12\/camping-espace-aquatique-familial-bidart.jpg 800w, https:\/\/www.berrua.com\/wp-content\/uploads\/2021\/12\/camping-espace-aquatique-familial-bidart-200x300.jpg 200w, https:\/\/www.berrua.com\/wp-content\/uploads\/2021\/12\/camping-espace-aquatique-familial-bidart-683x1024.jpg 683w, https:\/\/www.berrua.com\/wp-content\/uploads\/2021\/12\/camping-espace-aquatique-familial-bidart-768x1152.jpg 768w\" sizes=\"(max-width: 800px) 100vw, 800px\" \/><\/a><\/figure>\n<\/div>\n\n\n\n<div class=\"wp-block-column is-vertically-aligned-center is-layout-flow wp-block-column-is-layout-flow\">\n<figure class=\"wp-block-image size-full is-resized\"><a href=\"https:\/\/www.berrua.com\/wp-content\/uploads\/2022\/08\/piscine-acces-pmr.jpg\"><img decoding=\"async\" src=\"https:\/\/www.berrua.com\/wp-content\/uploads\/2022\/08\/piscine-acces-pmr.jpg\" alt=\"piscine acces PMR\" class=\"wp-image-882300\" width=\"600\" height=\"800\" srcset=\"https:\/\/www.berrua.com\/wp-content\/uploads\/2022\/08\/piscine-acces-pmr.jpg 600w, https:\/\/www.berrua.com\/wp-content\/uploads\/2022\/08\/piscine-acces-pmr-225x300.jpg 225w\" sizes=\"(max-width: 600px) 100vw, 600px\" \/><\/a><\/figure>\n<\/div>\n<\/div>\n\n\n    <\/div>\n<\/section>\n\n<section id=\"ls-section-block_617011d6d7353\" class=\"ls-section  home-fourth has-background has-color-1-background-color has-text-color has-color-white-color\" >\n        <div class=\"container container--wide\">\n        \n\n<div class=\"wp-block-columns is-layout-flex wp-container-core-columns-is-layout-9d6595d7 wp-block-columns-is-layout-flex\">\n<div class=\"wp-block-column is-layout-flow wp-block-column-is-layout-flow\" style=\"flex-basis:33.33%\">\n<p class=\"ls-paragraph ls__paragraph title-deco\"><mark style=\"background-color:rgba(0, 0, 0, 0)\" class=\"has-inline-color has-color-3-color\">Unser<\/mark><\/p>\n\n\n\n<p class=\"ls-paragraph ls__paragraph subtitle-deco\"><mark style=\"background-color:rgba(0, 0, 0, 0)\" class=\"has-inline-color has-color-white-color\">Wasserraum<\/mark><\/p>\n<\/div>\n\n\n\n<div class=\"wp-block-column is-layout-flow wp-block-column-is-layout-flow\" style=\"flex-basis:66.66%\">\n<h2 class=\"ls__heading ls__heading-undefined wp-block-heading\">EIN WASSERPARK mit Schlitten <\/h2>\n\n\n\n<p class=\"ls-paragraph\">Informationen \u00fcber das WassergebietF\u00fcr Ihr Wohlbefinden wurde unser Raum seit 2015 um einen Balneo-Bereich erweitert: ein \u00fcberdachter und beheizter Entspannungspool. Dieser neue Raum besteht aus einem Jacuzzi, einem Whirlpool-Bereich, einem Steh-Spa, anatomischen B\u00e4nken und einem Schwimmbereich. Dieser Bereich ist Ihrer Entspannung und Erholung gewidmet. Von 10 bis 13 Uhr ist er nur f\u00fcr Erwachsene ge\u00f6ffnet, nachmittags ist er f\u00fcr Kinder unter Aufsicht zug\u00e4nglich.<\/p>\n<\/div>\n<\/div>\n\n\n    <\/div>\n<\/section>\n\n<section id=\"ls-section-block_618134657de5f\" class=\"ls-section  page-two\" >\n        <div class=\"container container--wide\">\n        \n<div class=\"wp-block-image\">\n<figure class=\"aligncenter size-large\"><img decoding=\"async\" width=\"1024\" height=\"576\" src=\"https:\/\/www.berrua.com\/wp-content\/uploads\/2021\/11\/camping-piscine-avec-toboggan-bidart-2-1024x576.jpg\" alt=\"camping piscine avec toboggan bidart\" class=\"wp-image-10657\" srcset=\"https:\/\/www.berrua.com\/wp-content\/uploads\/2021\/11\/camping-piscine-avec-toboggan-bidart-2-1024x576.jpg 1024w, https:\/\/www.berrua.com\/wp-content\/uploads\/2021\/11\/camping-piscine-avec-toboggan-bidart-2-300x169.jpg 300w, https:\/\/www.berrua.com\/wp-content\/uploads\/2021\/11\/camping-piscine-avec-toboggan-bidart-2-768x432.jpg 768w, https:\/\/www.berrua.com\/wp-content\/uploads\/2021\/11\/camping-piscine-avec-toboggan-bidart-2.jpg 1200w\" sizes=\"(max-width: 1024px) 100vw, 1024px\" \/><\/figure>\n<\/div>\n\n    <\/div>\n<\/section>\n\n<section id=\"ls-section-block_6188f8cf39d56\" class=\"ls-section  page-three\" >\n        <div class=\"container \">\n        \n\n<p class=\"ls-paragraph ls__paragraph\">F\u00fcr Ihr Wohlbefinden ist unser Raum seit 2015 mit einem&nbsp;<strong>\u00fcberdachten und beheizten Entspannungsbecken<\/strong>&nbsp;und einem Massagesalon erweitert. Dieser neue Raum besteht aus einem&nbsp;<strong>Jacuzzi<\/strong>, einem Whirlpoolbereich, einem stehenden Spa, anatomischen Kabinen, einem Schwimmbereich. Dieser Ort ist Ihrer Entspannung und Entspannung gewidmet. Entdecken Sie den Berrua Campingplatz Wasserpark im Herzen des Baskenlandes! Im Au\u00dfenbereich befindet sich dieser Wasserpark f\u00fcr Kinder, die nicht m\u00fcde werden, auf den 4 Rodelbahnen zu rasen oder auf der Suche nach Nervenkitzel die Rodelbahn zu erreichen! Wenn die abenteuerlustigsten Erwachsenen sie in ihren Slips begleiten, k\u00f6nnen sich andere w\u00e4hrend dieser Zeit auf den vielen Liegen am Pool entspannen und sie genau beobachten. Ein Planschbecken macht auch das Baden f\u00fcr die Kleinen zug\u00e4nglich, so dass die ganze Familie einen Moment der Entspannung oder des Vergn\u00fcgens im beheizten Pool genie\u00dfen kann.<\/p>\n\n\n    <\/div>\n<\/section>\n\n<section id=\"ls-section-block_61700c4dd7350\" class=\"ls-section  page-fourth\" >\n        <div class=\"container container--full\">\n        \n\n<figure class=\"wp-block-image size-full\"><img decoding=\"async\" width=\"1900\" height=\"700\" src=\"https:\/\/www.berrua.com\/wp-content\/uploads\/2021\/11\/camping-jacuzzi-pyrenees-atlantiques.jpg\" alt=\"camping jacuzzi pyrenees atlantiques\" class=\"wp-image-10664\" srcset=\"https:\/\/www.berrua.com\/wp-content\/uploads\/2021\/11\/camping-jacuzzi-pyrenees-atlantiques.jpg 1900w, https:\/\/www.berrua.com\/wp-content\/uploads\/2021\/11\/camping-jacuzzi-pyrenees-atlantiques-300x111.jpg 300w, https:\/\/www.berrua.com\/wp-content\/uploads\/2021\/11\/camping-jacuzzi-pyrenees-atlantiques-1024x377.jpg 1024w, https:\/\/www.berrua.com\/wp-content\/uploads\/2021\/11\/camping-jacuzzi-pyrenees-atlantiques-768x283.jpg 768w, https:\/\/www.berrua.com\/wp-content\/uploads\/2021\/11\/camping-jacuzzi-pyrenees-atlantiques-1536x566.jpg 1536w\" sizes=\"(max-width: 1900px) 100vw, 1900px\" \/><\/figure>\n\n\n    <\/div>\n<\/section>\n\n<section id=\"bien-etre\" class=\"ls-section  page-fourth-bis has-text-color has-color-black-color\" >\n        <div class=\"container container--wide\">\n        \n\n<div class=\"wp-block-columns is-layout-flex wp-container-core-columns-is-layout-9d6595d7 wp-block-columns-is-layout-flex\">\n<div class=\"wp-block-column is-layout-flow wp-block-column-is-layout-flow\">\n<h2 class=\"ls__heading ls__heading-undefined wp-block-heading\"><mark style=\"background-color:rgba(0, 0, 0, 0)\" class=\"has-inline-color has-color-3-color\">EEN JACCUZZI, HAMMAM<\/mark> <mark style=\"background-color:rgba(0, 0, 0, 0)\" class=\"has-inline-color has-color-3-color\">en bubbelbad<\/mark><\/h2>\n\n\n\n<p class=\"ls-paragraph ls__paragraph subtitle\"><mark style=\"background-color:rgba(0, 0, 0, 0)\" class=\"has-inline-color has-color-white-color\">Nutzen Sie unseren Wasserbereich<\/mark><\/p>\n<\/div>\n\n\n\n<div class=\"wp-block-column is-layout-flow wp-block-column-is-layout-flow\"><\/div>\n<\/div>\n\n\n\n<div class=\"wp-block-columns is-layout-flex wp-container-core-columns-is-layout-9d6595d7 wp-block-columns-is-layout-flex\">\n<div class=\"wp-block-column is-layout-flow wp-block-column-is-layout-flow\">\n<p class=\"ls-paragraph ls__paragraph\">F\u00fcr noch mehr Entspannung oder um die Schmerzen der Sportlicheren zu lindern, verf\u00fcgt unser \u00fcberdachter Wasserbereich auch \u00fcber einen Massagesalon und ein Hammam. Das Hammam ist die ganze Saison \u00fcber ge\u00f6ffnet, der Zugang ist frei, wenn Sie die Privilegkarte haben (sonst kostet der Eintritt 2\u20ac).<\/p>\n<\/div>\n\n\n\n<div class=\"wp-block-column is-layout-flow wp-block-column-is-layout-flow\">\n<p class=\"ls-paragraph ls__paragraph\">Der Zugang ist auf 30 aufeinanderfolgende Minuten pro Person und auf maximal 5 Personen in der Kabine beschr\u00e4nkt. (Die Er\u00f6ffnung h\u00e4ngt von den von der Regierung auferlegten Hygienevorschriften ab). Der Zugang zum Balneo-Bereich, zu den Rutschen und Wasserfont\u00e4nen ist Kindern unter 10 Jahren ohne Begleitung eines Erwachsenen verboten. Der Zugang zum Hammam ist f\u00fcr Minderj\u00e4hrige verboten.<\/p>\n<\/div>\n<\/div>\n\n\n    <\/div>\n<\/section>\n\n<section id=\"ls-section-block_6188f97e39d57\" class=\"ls-section  page-cta\" >\n        <div class=\"container container--wide\">\n        \n\n<div id=\"ls-heading ls-titre-div-block_61a783424f971\" class=\"ls-titre-div ls-titre-div titre-cta ls__heading-undefined title-deco has-inline-color has-color-1 aligncenter h2-like has-text-color has-color-1-color\" >\n    Die Dienstleistungen, Animationen &#038; das Restaurant des Campingplatzes<\/div>\n\n\n\n<div class=\"wp-block-columns is-layout-flex wp-container-core-columns-is-layout-9d6595d7 wp-block-columns-is-layout-flex\">\n<div class=\"wp-block-column is-layout-flow wp-block-column-is-layout-flow\">\n<div id=\"ls-cta-block_6188f9d839d59\" class=\"ls-cta\">  \n    \n\n<a href=\"http:\/\/www.berrua.com\/camping-4-etoiles-pays-basque\/services-camping-pays-basque\/\" target=\"\" rel=\"noopener\" class=\"ls-cta__link\" data-categ=\"\">\n\t<div class=\"ls-cta__image\"><img decoding=\"async\" src=\"https:\/\/www.berrua.com\/wp-content\/uploads\/2021\/12\/camping-familial-bidart.jpg\" alt=\"camping familial bidart\"><\/div>\n\t<div class=\"ls-cta__title\">\n\t\tDienste\t<\/div>\n\n\t<\/a><\/div><\/div>\n\n\n\n<div class=\"wp-block-column is-layout-flow wp-block-column-is-layout-flow\">\n<div id=\"ls-cta-block_6188f9f639d5a\" class=\"ls-cta\">  \n    \n\n<a href=\"\/camping-4-etoiles-pays-basque\/camping-avec-restaurant-pays-basque\/\" target=\"\" rel=\"noopener\" class=\"ls-cta__link\" data-categ=\"\">\n\t<div class=\"ls-cta__image\"><img decoding=\"async\" src=\"https:\/\/www.berrua.com\/wp-content\/uploads\/2021\/12\/restaurant-pizzeria-bidart-1.jpg\" alt=\"restaurant pizzeria bidart\"><\/div>\n\t<div class=\"ls-cta__title\">\n\t\tDas Restaurant\t<\/div>\n\n\t<\/a><\/div><\/div>\n\n\n\n<div class=\"wp-block-column is-layout-flow wp-block-column-is-layout-flow\">\n<div id=\"ls-cta-block_6188fa0a39d5b\" class=\"ls-cta\">  \n    \n\n<a href=\"http:\/\/www.berrua.com\/camping-4-etoiles-pays-basque\/camping-avec-animations-pays-basque\/\" target=\"\" rel=\"noopener\" class=\"ls-cta__link\" data-categ=\"\">\n\t<div class=\"ls-cta__image\"><img decoding=\"async\" src=\"https:\/\/www.berrua.com\/wp-content\/uploads\/2021\/12\/camping-activites-sportives-bidart.jpg\" alt=\"camping activites sportives bidart\"><\/div>\n\t<div class=\"ls-cta__title\">\n\t\tAnimationen und sportliche Aktivit\u00e4ten\t<\/div>\n\n\t<\/a><\/div><\/div>\n<\/div>\n\n\n    <\/div>\n<\/section>","protected":false},"excerpt":{"rendered":"","protected":false},"author":1,"featured_media":10639,"parent":0,"menu_order":0,"comment_status":"closed","ping_status":"closed","template":"","meta":{"_acf_changed":false,"inline_featured_image":false,"footnotes":""},"sujet":[],"class_list":["post-13721","page","type-page","status-publish","has-post-thumbnail","hentry"],"acf":[],"yoast_head":"<!-- This site is optimized with the Yoast SEO plugin v26.2 - https:\/\/yoast.com\/wordpress\/plugins\/seo\/ -->\n<title>Campingplatz im Baskenland mit beheiztem Innenpool und Wasserpark<\/title>\n<meta name=\"robots\" content=\"index, follow, max-snippet:-1, max-image-preview:large, max-video-preview:-1\" \/>\n<link rel=\"canonical\" href=\"https:\/\/www.berrua.com\/de\/camping-mit-schwimmbad-im-baskenland\/\" \/>\n<meta property=\"og:locale\" content=\"de_DE\" \/>\n<meta property=\"og:type\" content=\"article\" \/>\n<meta property=\"og:title\" content=\"Campingplatz im Baskenland mit beheiztem Innenpool und Wasserpark\" \/>\n<meta property=\"og:url\" content=\"https:\/\/www.berrua.com\/de\/camping-mit-schwimmbad-im-baskenland\/\" \/>\n<meta property=\"og:site_name\" content=\"Domaine Berrua\" \/>\n<meta property=\"article:modified_time\" content=\"2022-08-12T07:23:09+00:00\" \/>\n<meta property=\"og:image\" content=\"https:\/\/www.berrua.com\/wp-content\/uploads\/2021\/11\/camping-jacuzzi-bidart.jpg\" \/>\n\t<meta property=\"og:image:width\" content=\"1900\" \/>\n\t<meta property=\"og:image:height\" content=\"700\" \/>\n\t<meta property=\"og:image:type\" content=\"image\/jpeg\" \/>\n<meta name=\"twitter:card\" content=\"summary_large_image\" \/>\n<meta name=\"twitter:label1\" content=\"Gesch\u00e4tzte Lesezeit\" \/>\n\t<meta name=\"twitter:data1\" content=\"4\u00a0Minuten\" \/>\n<script type=\"application\/ld+json\" class=\"yoast-schema-graph\">{\"@context\":\"https:\/\/schema.org\",\"@graph\":[{\"@type\":\"WebPage\",\"@id\":\"https:\/\/www.berrua.com\/de\/camping-mit-schwimmbad-im-baskenland\/\",\"url\":\"https:\/\/www.berrua.com\/de\/camping-mit-schwimmbad-im-baskenland\/\",\"name\":\"Campingplatz im Baskenland mit beheiztem Innenpool und Wasserpark\",\"isPartOf\":{\"@id\":\"https:\/\/www.berrua.com\/de\/#website\"},\"primaryImageOfPage\":{\"@id\":\"https:\/\/www.berrua.com\/de\/camping-mit-schwimmbad-im-baskenland\/#primaryimage\"},\"image\":{\"@id\":\"https:\/\/www.berrua.com\/de\/camping-mit-schwimmbad-im-baskenland\/#primaryimage\"},\"thumbnailUrl\":\"https:\/\/www.berrua.com\/wp-content\/uploads\/2021\/11\/camping-jacuzzi-bidart.jpg\",\"datePublished\":\"2021-10-20T14:08:06+00:00\",\"dateModified\":\"2022-08-12T07:23:09+00:00\",\"breadcrumb\":{\"@id\":\"https:\/\/www.berrua.com\/de\/camping-mit-schwimmbad-im-baskenland\/#breadcrumb\"},\"inLanguage\":\"de\",\"potentialAction\":[{\"@type\":\"ReadAction\",\"target\":[\"https:\/\/www.berrua.com\/de\/camping-mit-schwimmbad-im-baskenland\/\"]}]},{\"@type\":\"ImageObject\",\"inLanguage\":\"de\",\"@id\":\"https:\/\/www.berrua.com\/de\/camping-mit-schwimmbad-im-baskenland\/#primaryimage\",\"url\":\"https:\/\/www.berrua.com\/wp-content\/uploads\/2021\/11\/camping-jacuzzi-bidart.jpg\",\"contentUrl\":\"https:\/\/www.berrua.com\/wp-content\/uploads\/2021\/11\/camping-jacuzzi-bidart.jpg\",\"width\":1900,\"height\":700,\"caption\":\"camping jacuzzi bidart\"},{\"@type\":\"BreadcrumbList\",\"@id\":\"https:\/\/www.berrua.com\/de\/camping-mit-schwimmbad-im-baskenland\/#breadcrumb\",\"itemListElement\":[{\"@type\":\"ListItem\",\"position\":1,\"name\":\"Camping Bidart au Pays Basque\",\"item\":\"https:\/\/www.berrua.com\/de\/\"},{\"@type\":\"ListItem\",\"position\":2,\"name\":\"CAMPINGPLATZ MIT SCHWIMMBAD IM BASKENLAND\"}]},{\"@type\":\"WebSite\",\"@id\":\"https:\/\/www.berrua.com\/de\/#website\",\"url\":\"https:\/\/www.berrua.com\/de\/\",\"name\":\"Domaine Berrua\",\"description\":\"\",\"publisher\":{\"@id\":\"https:\/\/www.berrua.com\/de\/#organization\"},\"potentialAction\":[{\"@type\":\"SearchAction\",\"target\":{\"@type\":\"EntryPoint\",\"urlTemplate\":\"https:\/\/www.berrua.com\/de\/?s={search_term_string}\"},\"query-input\":{\"@type\":\"PropertyValueSpecification\",\"valueRequired\":true,\"valueName\":\"search_term_string\"}}],\"inLanguage\":\"de\"},{\"@type\":\"Organization\",\"@id\":\"https:\/\/www.berrua.com\/de\/#organization\",\"name\":\"Camping Berrua\",\"url\":\"https:\/\/www.berrua.com\/de\/\",\"logo\":{\"@type\":\"ImageObject\",\"inLanguage\":\"de\",\"@id\":\"https:\/\/www.berrua.com\/de\/#\/schema\/logo\/image\/\",\"url\":\"https:\/\/www.berrua.com\/wp-content\/uploads\/2022\/01\/berrua.jpg\",\"contentUrl\":\"https:\/\/www.berrua.com\/wp-content\/uploads\/2022\/01\/berrua.jpg\",\"width\":321,\"height\":231,\"caption\":\"Camping Berrua\"},\"image\":{\"@id\":\"https:\/\/www.berrua.com\/de\/#\/schema\/logo\/image\/\"}}]}<\/script>\n<!-- \/ Yoast SEO plugin. -->","yoast_head_json":{"title":"Campingplatz im Baskenland mit beheiztem Innenpool und Wasserpark","robots":{"index":"index","follow":"follow","max-snippet":"max-snippet:-1","max-image-preview":"max-image-preview:large","max-video-preview":"max-video-preview:-1"},"canonical":"https:\/\/www.berrua.com\/de\/camping-mit-schwimmbad-im-baskenland\/","og_locale":"de_DE","og_type":"article","og_title":"Campingplatz im Baskenland mit beheiztem Innenpool und Wasserpark","og_url":"https:\/\/www.berrua.com\/de\/camping-mit-schwimmbad-im-baskenland\/","og_site_name":"Domaine Berrua","article_modified_time":"2022-08-12T07:23:09+00:00","og_image":[{"width":1900,"height":700,"url":"https:\/\/www.berrua.com\/wp-content\/uploads\/2021\/11\/camping-jacuzzi-bidart.jpg","type":"image\/jpeg"}],"twitter_card":"summary_large_image","twitter_misc":{"Gesch\u00e4tzte Lesezeit":"4\u00a0Minuten"},"schema":{"@context":"https:\/\/schema.org","@graph":[{"@type":"WebPage","@id":"https:\/\/www.berrua.com\/de\/camping-mit-schwimmbad-im-baskenland\/","url":"https:\/\/www.berrua.com\/de\/camping-mit-schwimmbad-im-baskenland\/","name":"Campingplatz im Baskenland mit beheiztem Innenpool und Wasserpark","isPartOf":{"@id":"https:\/\/www.berrua.com\/de\/#website"},"primaryImageOfPage":{"@id":"https:\/\/www.berrua.com\/de\/camping-mit-schwimmbad-im-baskenland\/#primaryimage"},"image":{"@id":"https:\/\/www.berrua.com\/de\/camping-mit-schwimmbad-im-baskenland\/#primaryimage"},"thumbnailUrl":"https:\/\/www.berrua.com\/wp-content\/uploads\/2021\/11\/camping-jacuzzi-bidart.jpg","datePublished":"2021-10-20T14:08:06+00:00","dateModified":"2022-08-12T07:23:09+00:00","breadcrumb":{"@id":"https:\/\/www.berrua.com\/de\/camping-mit-schwimmbad-im-baskenland\/#breadcrumb"},"inLanguage":"de","potentialAction":[{"@type":"ReadAction","target":["https:\/\/www.berrua.com\/de\/camping-mit-schwimmbad-im-baskenland\/"]}]},{"@type":"ImageObject","inLanguage":"de","@id":"https:\/\/www.berrua.com\/de\/camping-mit-schwimmbad-im-baskenland\/#primaryimage","url":"https:\/\/www.berrua.com\/wp-content\/uploads\/2021\/11\/camping-jacuzzi-bidart.jpg","contentUrl":"https:\/\/www.berrua.com\/wp-content\/uploads\/2021\/11\/camping-jacuzzi-bidart.jpg","width":1900,"height":700,"caption":"camping jacuzzi bidart"},{"@type":"BreadcrumbList","@id":"https:\/\/www.berrua.com\/de\/camping-mit-schwimmbad-im-baskenland\/#breadcrumb","itemListElement":[{"@type":"ListItem","position":1,"name":"Camping Bidart au Pays Basque","item":"https:\/\/www.berrua.com\/de\/"},{"@type":"ListItem","position":2,"name":"CAMPINGPLATZ MIT SCHWIMMBAD IM BASKENLAND"}]},{"@type":"WebSite","@id":"https:\/\/www.berrua.com\/de\/#website","url":"https:\/\/www.berrua.com\/de\/","name":"Domaine Berrua","description":"","publisher":{"@id":"https:\/\/www.berrua.com\/de\/#organization"},"potentialAction":[{"@type":"SearchAction","target":{"@type":"EntryPoint","urlTemplate":"https:\/\/www.berrua.com\/de\/?s={search_term_string}"},"query-input":{"@type":"PropertyValueSpecification","valueRequired":true,"valueName":"search_term_string"}}],"inLanguage":"de"},{"@type":"Organization","@id":"https:\/\/www.berrua.com\/de\/#organization","name":"Camping Berrua","url":"https:\/\/www.berrua.com\/de\/","logo":{"@type":"ImageObject","inLanguage":"de","@id":"https:\/\/www.berrua.com\/de\/#\/schema\/logo\/image\/","url":"https:\/\/www.berrua.com\/wp-content\/uploads\/2022\/01\/berrua.jpg","contentUrl":"https:\/\/www.berrua.com\/wp-content\/uploads\/2022\/01\/berrua.jpg","width":321,"height":231,"caption":"Camping Berrua"},"image":{"@id":"https:\/\/www.berrua.com\/de\/#\/schema\/logo\/image\/"}}]}},"_links":{"self":[{"href":"https:\/\/www.berrua.com\/de\/wp-json\/wp\/v2\/pages\/13721","targetHints":{"allow":["GET"]}}],"collection":[{"href":"https:\/\/www.berrua.com\/de\/wp-json\/wp\/v2\/pages"}],"about":[{"href":"https:\/\/www.berrua.com\/de\/wp-json\/wp\/v2\/types\/page"}],"author":[{"embeddable":true,"href":"https:\/\/www.berrua.com\/de\/wp-json\/wp\/v2\/users\/1"}],"replies":[{"embeddable":true,"href":"https:\/\/www.berrua.com\/de\/wp-json\/wp\/v2\/comments?post=13721"}],"version-history":[{"count":23,"href":"https:\/\/www.berrua.com\/de\/wp-json\/wp\/v2\/pages\/13721\/revisions"}],"predecessor-version":[{"id":882907,"href":"https:\/\/www.berrua.com\/de\/wp-json\/wp\/v2\/pages\/13721\/revisions\/882907"}],"wp:featuredmedia":[{"embeddable":true,"href":"https:\/\/www.berrua.com\/de\/wp-json\/wp\/v2\/media\/10639"}],"wp:attachment":[{"href":"https:\/\/www.berrua.com\/de\/wp-json\/wp\/v2\/media?parent=13721"}],"wp:term":[{"taxonomy":"sujet","embeddable":true,"href":"https:\/\/www.berrua.com\/de\/wp-json\/wp\/v2\/sujet?post=13721"}],"curies":[{"name":"wp","href":"https:\/\/api.w.org\/{rel}","templated":true}]}}