{"id":13665,"date":"2021-10-20T16:05:12","date_gmt":"2021-10-20T14:05:12","guid":{"rendered":"http:\/\/www.berrua.com\/stromversorgung-camping-baskenland\/"},"modified":"2022-01-04T09:46:18","modified_gmt":"2022-01-04T08:46:18","slug":"stromversorgung-camping-baskenland","status":"publish","type":"page","link":"https:\/\/www.berrua.com\/de\/4-sterren-camping-baskenland\/stromversorgung-camping-baskenland\/","title":{"rendered":"Les prestations : Alimentation"},"content":{"rendered":"<section id=\"ls-section-block_6188f58639d55\" class=\"ls-section  page-one has-background has-color-white-background-color\" >\n        <div class=\"container container--wide\">\n        \n\n<h1 class=\"ls__heading has-text-align-center ls__heading-undefined wp-block-heading\"><span class=\"has-inline-color has-color-1-color\">LEBENSMITTELGESCH\u00c4FT UND SUPERMARKT IN BIDART<\/span><\/h1>\n\n\n\n<p class=\"ls-paragraph ls__paragraph\">F\u00fcr noch mehr Service und Komfort f\u00fcr Ihren Campingurlaub im Baskenland begr\u00fc\u00dfen wir Sie von April bis September in unserem Lebensmittelgesch\u00e4ft: Frisches Brot am Morgen, Geb\u00e4ck &#8211; regionale Produkte stehen zu Ihrer Verf\u00fcgung.<\/p>\n\n\n\n<div class=\"wp-block-columns fancybox is-layout-flex wp-container-core-columns-is-layout-9d6595d7 wp-block-columns-is-layout-flex\">\n<div class=\"wp-block-column is-vertically-aligned-center is-layout-flow wp-block-column-is-layout-flow\">\n<figure class=\"wp-block-image size-full\"><a href=\"https:\/\/www.berrua.com\/wp-content\/uploads\/2021\/12\/camping-epicerie-cote-basque.jpg\"><img decoding=\"async\" width=\"1200\" height=\"800\" src=\"https:\/\/www.berrua.com\/wp-content\/uploads\/2021\/12\/camping-epicerie-cote-basque.jpg\" alt=\"camping epicerie cote basque\" class=\"wp-image-11480\" srcset=\"https:\/\/www.berrua.com\/wp-content\/uploads\/2021\/12\/camping-epicerie-cote-basque.jpg 1200w, https:\/\/www.berrua.com\/wp-content\/uploads\/2021\/12\/camping-epicerie-cote-basque-300x200.jpg 300w, https:\/\/www.berrua.com\/wp-content\/uploads\/2021\/12\/camping-epicerie-cote-basque-1024x683.jpg 1024w, https:\/\/www.berrua.com\/wp-content\/uploads\/2021\/12\/camping-epicerie-cote-basque-768x512.jpg 768w\" sizes=\"(max-width: 1200px) 100vw, 1200px\" \/><\/a><\/figure>\n\n\n\n<figure class=\"wp-block-image size-full\"><a href=\"https:\/\/www.berrua.com\/wp-content\/uploads\/2021\/12\/camping-depot-pain-viennoiseries-bidart.jpg\"><img decoding=\"async\" width=\"1200\" height=\"800\" src=\"https:\/\/www.berrua.com\/wp-content\/uploads\/2021\/12\/camping-depot-pain-viennoiseries-bidart.jpg\" alt=\"camping depot pain viennoiseries bidart\" class=\"wp-image-11235\" srcset=\"https:\/\/www.berrua.com\/wp-content\/uploads\/2021\/12\/camping-depot-pain-viennoiseries-bidart.jpg 1200w, https:\/\/www.berrua.com\/wp-content\/uploads\/2021\/12\/camping-depot-pain-viennoiseries-bidart-300x200.jpg 300w, https:\/\/www.berrua.com\/wp-content\/uploads\/2021\/12\/camping-depot-pain-viennoiseries-bidart-1024x683.jpg 1024w, https:\/\/www.berrua.com\/wp-content\/uploads\/2021\/12\/camping-depot-pain-viennoiseries-bidart-768x512.jpg 768w\" sizes=\"(max-width: 1200px) 100vw, 1200px\" \/><\/a><\/figure>\n<\/div>\n\n\n\n<div class=\"wp-block-column is-vertically-aligned-center is-layout-flow wp-block-column-is-layout-flow\">\n<figure class=\"wp-block-image size-full\"><a href=\"https:\/\/www.berrua.com\/wp-content\/uploads\/2021\/12\/camping-superette-bidart.jpg\"><img decoding=\"async\" width=\"756\" height=\"1133\" src=\"https:\/\/www.berrua.com\/wp-content\/uploads\/2021\/12\/camping-superette-bidart.jpg\" alt=\"camping superette bidart\" class=\"wp-image-11228\" srcset=\"https:\/\/www.berrua.com\/wp-content\/uploads\/2021\/12\/camping-superette-bidart.jpg 756w, https:\/\/www.berrua.com\/wp-content\/uploads\/2021\/12\/camping-superette-bidart-200x300.jpg 200w, https:\/\/www.berrua.com\/wp-content\/uploads\/2021\/12\/camping-superette-bidart-683x1024.jpg 683w\" sizes=\"(max-width: 756px) 100vw, 756px\" \/><\/a><\/figure>\n<\/div>\n\n\n\n<div class=\"wp-block-column is-vertically-aligned-center is-layout-flow wp-block-column-is-layout-flow\">\n<figure class=\"wp-block-image size-full\"><a href=\"https:\/\/www.berrua.com\/wp-content\/uploads\/2021\/12\/camping-boulangerie-bidart.jpg\"><img decoding=\"async\" width=\"800\" height=\"1200\" src=\"https:\/\/www.berrua.com\/wp-content\/uploads\/2021\/12\/camping-boulangerie-bidart.jpg\" alt=\"camping boulangerie bidart\" class=\"wp-image-11241\" srcset=\"https:\/\/www.berrua.com\/wp-content\/uploads\/2021\/12\/camping-boulangerie-bidart.jpg 800w, https:\/\/www.berrua.com\/wp-content\/uploads\/2021\/12\/camping-boulangerie-bidart-200x300.jpg 200w, https:\/\/www.berrua.com\/wp-content\/uploads\/2021\/12\/camping-boulangerie-bidart-683x1024.jpg 683w, https:\/\/www.berrua.com\/wp-content\/uploads\/2021\/12\/camping-boulangerie-bidart-768x1152.jpg 768w\" sizes=\"(max-width: 800px) 100vw, 800px\" \/><\/a><\/figure>\n<\/div>\n<\/div>\n\n\n    <\/div>\n<\/section>\n\n<section id=\"ls-section-block_617011d6d7353\" class=\"ls-section  home-fourth has-background has-color-1-background-color has-text-color has-color-white-color\" >\n        <div class=\"container container--wide\">\n        \n\n<div class=\"wp-block-columns is-layout-flex wp-container-core-columns-is-layout-9d6595d7 wp-block-columns-is-layout-flex\">\n<div class=\"wp-block-column is-layout-flow wp-block-column-is-layout-flow\" style=\"flex-basis:33.33%\">\n<p class=\"ls-paragraph ls__paragraph title-deco\"><span class=\"has-inline-color has-color-3-color\">Supermarkt<\/span><\/p>\n\n\n\n<p class=\"ls-paragraph ls__paragraph subtitle-deco\"><span class=\"has-inline-color has-color-white-color\">auf dem Campingplatz<\/span><\/p>\n<\/div>\n\n\n\n<div class=\"wp-block-column is-layout-flow wp-block-column-is-layout-flow\" style=\"flex-basis:66.66%\">\n<h2 class=\"ls-heading wp-block-heading\">CAMPING MIT LEBENSMITTELGESCH\u00c4FT AN DER BASKISCHEN K\u00dcSTE<\/h2>\n\n\n\n<p class=\"ls-paragraph ls__paragraph\">F\u00fcr einen sorgenfreien Urlaub stellen wir Ihnen alle notwendigen Dienstleistungen zur Verf\u00fcgung. Auf unserem Campingplatz Le Berrua in Bidart finden Sie alles, was Sie brauchen, um einen erholsamen Urlaub zu verbringen, ohne sich um die t\u00e4glichen Belastungen k\u00fcmmern zu m\u00fcssen.<\/p>\n\n\n\n<p class=\"ls-paragraph ls__paragraph\">Auf unserem 4-Sterne-Campingplatz gibt es einen Lebensmittelladen, in dem du alle Produkte kaufen kannst, die du f\u00fcr deinen Aufenthalt ben\u00f6tigst. In den Regalen unseres Ladens k\u00f6nnen Sie also frische Produkte, regionale Spezialit\u00e4ten, Reinigungsmittel\u2026 kaufen.<\/p>\n\n\n\n<h2 class=\"ls-heading wp-block-heading\">CAMPINGPLATZ MIT BROTVERKAUF IN BIDART<\/h2>\n\n\n\n<p class=\"ls-paragraph ls__paragraph\">Alles, was Sie in einem Supermarkt finden k\u00f6nnen, ist im Lebensmittelgesch\u00e4ft unseres Campingplatzes im Baskenland ganz in der N\u00e4he Ihrer Ferienunterkunft versammelt. Morgens k\u00f6nnen Sie vor allem das Geb\u00e4ck genie\u00dfen, das f\u00fcr Ihr Familienfr\u00fchst\u00fcck auf der Terrasse Ihrer Ferienunterkunft angeboten wird.<\/p>\n\n\n\n<p class=\"ls-paragraph ls__paragraph\">Wenn Sie unsere Einrichtung f\u00fcr Ihren Urlaub im Baskenland w\u00e4hlen, befinden Sie sich in einer idealen Lage, um die gesamte Region zu erkunden und gleichzeitig w\u00e4hrend Ihres gesamten Aufenthalts von optimalem Komfort zu profitieren.<\/p>\n<\/div>\n<\/div>\n\n\n    <\/div>\n<\/section>\n\n<section id=\"ls-section-block_618134657de5f\" class=\"ls-section  page-two\" >\n        <div class=\"container container--wide\">\n        \n\n<div class=\"wp-block-image\"><figure class=\"aligncenter size-large\"><img decoding=\"async\" width=\"1024\" height=\"683\" src=\"https:\/\/www.berrua.com\/wp-content\/uploads\/2021\/12\/camping-alimentation-generale-cote-basque-1024x683.jpg\" alt=\"camping alimentation generale cote basque\" class=\"wp-image-11252\" srcset=\"https:\/\/www.berrua.com\/wp-content\/uploads\/2021\/12\/camping-alimentation-generale-cote-basque-1024x683.jpg 1024w, https:\/\/www.berrua.com\/wp-content\/uploads\/2021\/12\/camping-alimentation-generale-cote-basque-300x200.jpg 300w, https:\/\/www.berrua.com\/wp-content\/uploads\/2021\/12\/camping-alimentation-generale-cote-basque-768x512.jpg 768w, https:\/\/www.berrua.com\/wp-content\/uploads\/2021\/12\/camping-alimentation-generale-cote-basque.jpg 1200w\" sizes=\"(max-width: 1024px) 100vw, 1024px\" \/><\/figure><\/div>\n\n\n    <\/div>\n<\/section>\n\n<section id=\"ls-section-block_6188f97e39d57\" class=\"ls-section  page-cta\" >\n        <div class=\"container container--wide\">\n        \n\n<div id=\"ls-heading ls-titre-div-block_61a781ae18e75\" class=\"ls-titre-div ls-titre-div titre-cta ls__heading-undefined title-deco has-inline-color has-color-1 h2-like has-text-color has-color-1-color\" >\n    Entdecken Sie unseren Campingplatz im Baskenland<\/div>\n\n\n\n<div class=\"wp-block-columns is-layout-flex wp-container-core-columns-is-layout-9d6595d7 wp-block-columns-is-layout-flex\">\n<div class=\"wp-block-column is-layout-flow wp-block-column-is-layout-flow\">\n<div id=\"ls-cta-block_619f647618652\" class=\"ls-cta\">  \n    \n\n<a href=\"http:\/\/www.berrua.com\/camping-4-etoiles-pays-basque\/camping-avec-restaurant-pays-basque\/\" target=\"\" rel=\"noopener\" class=\"ls-cta__link\" data-categ=\"\">\n\t<div class=\"ls-cta__image\"><img decoding=\"async\" src=\"https:\/\/www.berrua.com\/wp-content\/uploads\/2021\/12\/restaurant-pizzeria-bidart-1.jpg\" alt=\"restaurant pizzeria bidart\"><\/div>\n\t<div class=\"ls-cta__title\">\n\t\tRestaurant \/ Pizzeria\t<\/div>\n\n\t<\/a><\/div><\/div>\n\n\n\n<div class=\"wp-block-column ls-cta is-layout-flow wp-block-column-is-layout-flow\">\n<div id=\"ls-cta-block_61cb121496c51\" class=\"ls-cta\">  \n    \n\n<a href=\"http:\/\/www.berrua.com\/camping-pays-basque-avec-piscine\/\" target=\"\" rel=\"noopener\" class=\"ls-cta__link\" data-categ=\"\">\n\t<div class=\"ls-cta__image\"><img decoding=\"async\" src=\"https:\/\/www.berrua.com\/wp-content\/uploads\/2021\/12\/camping-espace-aquatique-bidart.jpg\" alt=\"camping espace aquatique bidart\"><\/div>\n\t<div class=\"ls-cta__title\">\n\t\tDer Swimmingpool\t<\/div>\n\n\t<\/a><\/div><\/div>\n\n\n\n<div class=\"wp-block-column is-layout-flow wp-block-column-is-layout-flow\">\n<div id=\"ls-cta-block_619f638a18650\" class=\"ls-cta\">  \n    \n\n<a href=\"http:\/\/www.berrua.com\/camping-4-etoiles-pays-basque\/camping-avec-animations-pays-basque\/\" target=\"\" rel=\"noopener\" class=\"ls-cta__link\" data-categ=\"\">\n\t<div class=\"ls-cta__image\"><img decoding=\"async\" src=\"https:\/\/www.berrua.com\/wp-content\/uploads\/2021\/12\/camping-animations-bidart.jpg\" alt=\"camping animations bidart\"><\/div>\n\t<div class=\"ls-cta__title\">\n\t\tDie Animationen\t<\/div>\n\n\t<\/a><\/div><\/div>\n<\/div>\n\n\n    <\/div>\n<\/section>","protected":false},"excerpt":{"rendered":"","protected":false},"author":1,"featured_media":11247,"parent":15364,"menu_order":0,"comment_status":"closed","ping_status":"closed","template":"","meta":{"_acf_changed":false,"inline_featured_image":false,"footnotes":""},"sujet":[],"class_list":["post-13665","page","type-page","status-publish","has-post-thumbnail","hentry"],"acf":[],"yoast_head":"<!-- This site is optimized with the Yoast SEO plugin v26.2 - https:\/\/yoast.com\/wordpress\/plugins\/seo\/ -->\n<title>Lebensmittel und Lebensmittelgesch\u00e4ft mit B\u00e4ckerei und regionalen Produkten<\/title>\n<meta name=\"description\" content=\"Alles \u00fcber die Ern\u00e4hrung auf dem Campingplatz Baskenland!\" \/>\n<meta name=\"robots\" content=\"index, follow, max-snippet:-1, max-image-preview:large, max-video-preview:-1\" \/>\n<link rel=\"canonical\" href=\"https:\/\/www.berrua.com\/de\/4-sterren-camping-baskenland\/stromversorgung-camping-baskenland\/\" \/>\n<meta property=\"og:locale\" content=\"de_DE\" \/>\n<meta property=\"og:type\" content=\"article\" \/>\n<meta property=\"og:title\" content=\"Lebensmittel und Lebensmittelgesch\u00e4ft mit B\u00e4ckerei und regionalen Produkten\" \/>\n<meta property=\"og:description\" content=\"Alles \u00fcber die Ern\u00e4hrung auf dem Campingplatz Baskenland!\" \/>\n<meta property=\"og:url\" content=\"https:\/\/www.berrua.com\/de\/4-sterren-camping-baskenland\/stromversorgung-camping-baskenland\/\" \/>\n<meta property=\"og:site_name\" content=\"Domaine Berrua\" \/>\n<meta property=\"article:modified_time\" content=\"2022-01-04T08:46:18+00:00\" \/>\n<meta property=\"og:image\" content=\"https:\/\/www.berrua.com\/wp-content\/uploads\/2021\/12\/camping-alimentation-generale-pays-basque.jpg\" \/>\n\t<meta property=\"og:image:width\" content=\"1900\" \/>\n\t<meta property=\"og:image:height\" content=\"700\" \/>\n\t<meta property=\"og:image:type\" content=\"image\/jpeg\" \/>\n<meta name=\"twitter:card\" content=\"summary_large_image\" \/>\n<meta name=\"twitter:label1\" content=\"Gesch\u00e4tzte Lesezeit\" \/>\n\t<meta name=\"twitter:data1\" content=\"3\u00a0Minuten\" \/>\n<script type=\"application\/ld+json\" class=\"yoast-schema-graph\">{\"@context\":\"https:\/\/schema.org\",\"@graph\":[{\"@type\":\"WebPage\",\"@id\":\"https:\/\/www.berrua.com\/de\/4-sterren-camping-baskenland\/stromversorgung-camping-baskenland\/\",\"url\":\"https:\/\/www.berrua.com\/de\/4-sterren-camping-baskenland\/stromversorgung-camping-baskenland\/\",\"name\":\"Lebensmittel und Lebensmittelgesch\u00e4ft mit B\u00e4ckerei und regionalen Produkten\",\"isPartOf\":{\"@id\":\"https:\/\/www.berrua.com\/de\/#website\"},\"primaryImageOfPage\":{\"@id\":\"https:\/\/www.berrua.com\/de\/4-sterren-camping-baskenland\/stromversorgung-camping-baskenland\/#primaryimage\"},\"image\":{\"@id\":\"https:\/\/www.berrua.com\/de\/4-sterren-camping-baskenland\/stromversorgung-camping-baskenland\/#primaryimage\"},\"thumbnailUrl\":\"https:\/\/www.berrua.com\/wp-content\/uploads\/2021\/12\/camping-alimentation-generale-pays-basque.jpg\",\"datePublished\":\"2021-10-20T14:05:12+00:00\",\"dateModified\":\"2022-01-04T08:46:18+00:00\",\"description\":\"Alles \u00fcber die Ern\u00e4hrung auf dem Campingplatz Baskenland!\",\"breadcrumb\":{\"@id\":\"https:\/\/www.berrua.com\/de\/4-sterren-camping-baskenland\/stromversorgung-camping-baskenland\/#breadcrumb\"},\"inLanguage\":\"de\",\"potentialAction\":[{\"@type\":\"ReadAction\",\"target\":[\"https:\/\/www.berrua.com\/de\/4-sterren-camping-baskenland\/stromversorgung-camping-baskenland\/\"]}]},{\"@type\":\"ImageObject\",\"inLanguage\":\"de\",\"@id\":\"https:\/\/www.berrua.com\/de\/4-sterren-camping-baskenland\/stromversorgung-camping-baskenland\/#primaryimage\",\"url\":\"https:\/\/www.berrua.com\/wp-content\/uploads\/2021\/12\/camping-alimentation-generale-pays-basque.jpg\",\"contentUrl\":\"https:\/\/www.berrua.com\/wp-content\/uploads\/2021\/12\/camping-alimentation-generale-pays-basque.jpg\",\"width\":1900,\"height\":700,\"caption\":\"camping alimentation generale pays basque\"},{\"@type\":\"BreadcrumbList\",\"@id\":\"https:\/\/www.berrua.com\/de\/4-sterren-camping-baskenland\/stromversorgung-camping-baskenland\/#breadcrumb\",\"itemListElement\":[{\"@type\":\"ListItem\",\"position\":1,\"name\":\"Camping Bidart au Pays Basque\",\"item\":\"https:\/\/www.berrua.com\/de\/\"},{\"@type\":\"ListItem\",\"position\":2,\"name\":\"4-STERREN CAMPINGPLATZ BASKENLAND\",\"item\":\"https:\/\/www.berrua.com\/de\/4-sterren-camping-baskenland\/\"},{\"@type\":\"ListItem\",\"position\":3,\"name\":\"ERN\u00c4HRUNG\"}]},{\"@type\":\"WebSite\",\"@id\":\"https:\/\/www.berrua.com\/de\/#website\",\"url\":\"https:\/\/www.berrua.com\/de\/\",\"name\":\"Domaine Berrua\",\"description\":\"\",\"publisher\":{\"@id\":\"https:\/\/www.berrua.com\/de\/#organization\"},\"potentialAction\":[{\"@type\":\"SearchAction\",\"target\":{\"@type\":\"EntryPoint\",\"urlTemplate\":\"https:\/\/www.berrua.com\/de\/?s={search_term_string}\"},\"query-input\":{\"@type\":\"PropertyValueSpecification\",\"valueRequired\":true,\"valueName\":\"search_term_string\"}}],\"inLanguage\":\"de\"},{\"@type\":\"Organization\",\"@id\":\"https:\/\/www.berrua.com\/de\/#organization\",\"name\":\"Camping Berrua\",\"url\":\"https:\/\/www.berrua.com\/de\/\",\"logo\":{\"@type\":\"ImageObject\",\"inLanguage\":\"de\",\"@id\":\"https:\/\/www.berrua.com\/de\/#\/schema\/logo\/image\/\",\"url\":\"https:\/\/www.berrua.com\/wp-content\/uploads\/2022\/01\/berrua.jpg\",\"contentUrl\":\"https:\/\/www.berrua.com\/wp-content\/uploads\/2022\/01\/berrua.jpg\",\"width\":321,\"height\":231,\"caption\":\"Camping Berrua\"},\"image\":{\"@id\":\"https:\/\/www.berrua.com\/de\/#\/schema\/logo\/image\/\"}}]}<\/script>\n<!-- \/ Yoast SEO plugin. -->","yoast_head_json":{"title":"Lebensmittel und Lebensmittelgesch\u00e4ft mit B\u00e4ckerei und regionalen Produkten","description":"Alles \u00fcber die Ern\u00e4hrung auf dem Campingplatz Baskenland!","robots":{"index":"index","follow":"follow","max-snippet":"max-snippet:-1","max-image-preview":"max-image-preview:large","max-video-preview":"max-video-preview:-1"},"canonical":"https:\/\/www.berrua.com\/de\/4-sterren-camping-baskenland\/stromversorgung-camping-baskenland\/","og_locale":"de_DE","og_type":"article","og_title":"Lebensmittel und Lebensmittelgesch\u00e4ft mit B\u00e4ckerei und regionalen Produkten","og_description":"Alles \u00fcber die Ern\u00e4hrung auf dem Campingplatz Baskenland!","og_url":"https:\/\/www.berrua.com\/de\/4-sterren-camping-baskenland\/stromversorgung-camping-baskenland\/","og_site_name":"Domaine Berrua","article_modified_time":"2022-01-04T08:46:18+00:00","og_image":[{"width":1900,"height":700,"url":"https:\/\/www.berrua.com\/wp-content\/uploads\/2021\/12\/camping-alimentation-generale-pays-basque.jpg","type":"image\/jpeg"}],"twitter_card":"summary_large_image","twitter_misc":{"Gesch\u00e4tzte Lesezeit":"3\u00a0Minuten"},"schema":{"@context":"https:\/\/schema.org","@graph":[{"@type":"WebPage","@id":"https:\/\/www.berrua.com\/de\/4-sterren-camping-baskenland\/stromversorgung-camping-baskenland\/","url":"https:\/\/www.berrua.com\/de\/4-sterren-camping-baskenland\/stromversorgung-camping-baskenland\/","name":"Lebensmittel und Lebensmittelgesch\u00e4ft mit B\u00e4ckerei und regionalen Produkten","isPartOf":{"@id":"https:\/\/www.berrua.com\/de\/#website"},"primaryImageOfPage":{"@id":"https:\/\/www.berrua.com\/de\/4-sterren-camping-baskenland\/stromversorgung-camping-baskenland\/#primaryimage"},"image":{"@id":"https:\/\/www.berrua.com\/de\/4-sterren-camping-baskenland\/stromversorgung-camping-baskenland\/#primaryimage"},"thumbnailUrl":"https:\/\/www.berrua.com\/wp-content\/uploads\/2021\/12\/camping-alimentation-generale-pays-basque.jpg","datePublished":"2021-10-20T14:05:12+00:00","dateModified":"2022-01-04T08:46:18+00:00","description":"Alles \u00fcber die Ern\u00e4hrung auf dem Campingplatz Baskenland!","breadcrumb":{"@id":"https:\/\/www.berrua.com\/de\/4-sterren-camping-baskenland\/stromversorgung-camping-baskenland\/#breadcrumb"},"inLanguage":"de","potentialAction":[{"@type":"ReadAction","target":["https:\/\/www.berrua.com\/de\/4-sterren-camping-baskenland\/stromversorgung-camping-baskenland\/"]}]},{"@type":"ImageObject","inLanguage":"de","@id":"https:\/\/www.berrua.com\/de\/4-sterren-camping-baskenland\/stromversorgung-camping-baskenland\/#primaryimage","url":"https:\/\/www.berrua.com\/wp-content\/uploads\/2021\/12\/camping-alimentation-generale-pays-basque.jpg","contentUrl":"https:\/\/www.berrua.com\/wp-content\/uploads\/2021\/12\/camping-alimentation-generale-pays-basque.jpg","width":1900,"height":700,"caption":"camping alimentation generale pays basque"},{"@type":"BreadcrumbList","@id":"https:\/\/www.berrua.com\/de\/4-sterren-camping-baskenland\/stromversorgung-camping-baskenland\/#breadcrumb","itemListElement":[{"@type":"ListItem","position":1,"name":"Camping Bidart au Pays Basque","item":"https:\/\/www.berrua.com\/de\/"},{"@type":"ListItem","position":2,"name":"4-STERREN CAMPINGPLATZ BASKENLAND","item":"https:\/\/www.berrua.com\/de\/4-sterren-camping-baskenland\/"},{"@type":"ListItem","position":3,"name":"ERN\u00c4HRUNG"}]},{"@type":"WebSite","@id":"https:\/\/www.berrua.com\/de\/#website","url":"https:\/\/www.berrua.com\/de\/","name":"Domaine Berrua","description":"","publisher":{"@id":"https:\/\/www.berrua.com\/de\/#organization"},"potentialAction":[{"@type":"SearchAction","target":{"@type":"EntryPoint","urlTemplate":"https:\/\/www.berrua.com\/de\/?s={search_term_string}"},"query-input":{"@type":"PropertyValueSpecification","valueRequired":true,"valueName":"search_term_string"}}],"inLanguage":"de"},{"@type":"Organization","@id":"https:\/\/www.berrua.com\/de\/#organization","name":"Camping Berrua","url":"https:\/\/www.berrua.com\/de\/","logo":{"@type":"ImageObject","inLanguage":"de","@id":"https:\/\/www.berrua.com\/de\/#\/schema\/logo\/image\/","url":"https:\/\/www.berrua.com\/wp-content\/uploads\/2022\/01\/berrua.jpg","contentUrl":"https:\/\/www.berrua.com\/wp-content\/uploads\/2022\/01\/berrua.jpg","width":321,"height":231,"caption":"Camping Berrua"},"image":{"@id":"https:\/\/www.berrua.com\/de\/#\/schema\/logo\/image\/"}}]}},"_links":{"self":[{"href":"https:\/\/www.berrua.com\/de\/wp-json\/wp\/v2\/pages\/13665","targetHints":{"allow":["GET"]}}],"collection":[{"href":"https:\/\/www.berrua.com\/de\/wp-json\/wp\/v2\/pages"}],"about":[{"href":"https:\/\/www.berrua.com\/de\/wp-json\/wp\/v2\/types\/page"}],"author":[{"embeddable":true,"href":"https:\/\/www.berrua.com\/de\/wp-json\/wp\/v2\/users\/1"}],"replies":[{"embeddable":true,"href":"https:\/\/www.berrua.com\/de\/wp-json\/wp\/v2\/comments?post=13665"}],"version-history":[{"count":4,"href":"https:\/\/www.berrua.com\/de\/wp-json\/wp\/v2\/pages\/13665\/revisions"}],"predecessor-version":[{"id":14326,"href":"https:\/\/www.berrua.com\/de\/wp-json\/wp\/v2\/pages\/13665\/revisions\/14326"}],"up":[{"embeddable":true,"href":"https:\/\/www.berrua.com\/de\/wp-json\/wp\/v2\/pages\/15364"}],"wp:featuredmedia":[{"embeddable":true,"href":"https:\/\/www.berrua.com\/de\/wp-json\/wp\/v2\/media\/11247"}],"wp:attachment":[{"href":"https:\/\/www.berrua.com\/de\/wp-json\/wp\/v2\/media?parent=13665"}],"wp:term":[{"taxonomy":"sujet","embeddable":true,"href":"https:\/\/www.berrua.com\/de\/wp-json\/wp\/v2\/sujet?post=13665"}],"curies":[{"name":"wp","href":"https:\/\/api.w.org\/{rel}","templated":true}]}}