{"id":13549,"date":"2021-10-20T16:07:53","date_gmt":"2021-10-20T14:07:53","guid":{"rendered":"http:\/\/www.berrua.com\/services-camping-pays-basque\/"},"modified":"2023-11-02T14:52:11","modified_gmt":"2023-11-02T13:52:11","slug":"ausstattung-services-des-campingplatzes-im-baskenland","status":"publish","type":"page","link":"https:\/\/www.berrua.com\/de\/4-sterren-camping-baskenland\/ausstattung-services-des-campingplatzes-im-baskenland\/","title":{"rendered":"Les prestations : Services"},"content":{"rendered":"<section id=\"ls-section-block_d1e6f2e70da38d35e6f8d1c7edd90127\" class=\"ls-section  page-one\" >\n        <div class=\"container \">\n        \n\n<h1 class=\"ls__heading wp-block-heading has-text-align-center ls__heading-undefined\"><mark style=\"background-color:rgba(0, 0, 0, 0)\" class=\"has-inline-color has-color-1-color\">AUSSTATTUNG\/SERVICES DES CAMPINGPLATZES IM BASKENLAND<\/mark><\/h1>\n\n\n    <\/div>\n<\/section>\n\n<section id=\"ls-section-block_0c279cad417114eaeb85b6945fef614e\" class=\"ls-section  page-one has-p-t p-t-0 has-background has-color-white-background-color\" >\n        <div class=\"container container--wide\">\n        \n\n<h2 class=\"ls__heading wp-block-heading ls__heading ls__heading-undefined\"><mark style=\"background-color:rgba(0, 0, 0, 0)\" class=\"has-inline-color has-color-1-color\">GRATIS\u00a0 PENDELBUS ZUM<\/mark> STRAND<\/h2>\n\n\n\n<p class=\"ls-paragraph ls__paragraph\">In 50 m Entfernung vom Campingplatz Berrua h\u00e4lt ein Pendelbus, der Sie zum Strand f\u00e4hrt.<br>Um schnell zum Center Beach zu gelangen, wurde ein Shuttle eingerichtet. In wenigen Minuten bringt Sie dieser Shuttle an den Rand des Strandes, wo Sie eine au\u00dfergew\u00f6hnliche Natur und die sch\u00f6nsten Landschaften der Region genie\u00dfen k\u00f6nnen. Dieser Shuttle ist besonders n\u00fctzlich f\u00fcr Familien mit kleinen Kindern oder \u00e4ltere Menschen. In der Tat, nur 10 Minuten zu Fu\u00df entfernt, erm\u00f6glicht es das Shuttle, zu lange f\u00fcr die schw\u00e4chsten Menschen zu laufen. Dank diesem Shuttle k\u00f6nnen alle unsere Urlauber den Strand so schnell wie m\u00f6glich genie\u00dfen.<\/p>\n\n\n\n<div class=\"wp-block-columns fancybox is-layout-flex wp-container-core-columns-is-layout-9d6595d7 wp-block-columns-is-layout-flex\">\n<div class=\"wp-block-column is-vertically-aligned-center is-layout-flow wp-block-column-is-layout-flow\">\n<figure class=\"wp-block-image size-full\"><a href=\"https:\/\/www.berrua.com\/wp-content\/uploads\/2022\/12\/accueil-camping-berrua.jpg\"><img decoding=\"async\" width=\"900\" height=\"600\" src=\"https:\/\/www.berrua.com\/wp-content\/uploads\/2022\/12\/accueil-camping-berrua.jpg\" alt=\"accueil Domaine Berrua\" class=\"wp-image-987387\" srcset=\"https:\/\/www.berrua.com\/wp-content\/uploads\/2022\/12\/accueil-camping-berrua.jpg 900w, https:\/\/www.berrua.com\/wp-content\/uploads\/2022\/12\/accueil-camping-berrua-300x200.jpg 300w, https:\/\/www.berrua.com\/wp-content\/uploads\/2022\/12\/accueil-camping-berrua-768x512.jpg 768w\" sizes=\"(max-width: 900px) 100vw, 900px\" \/><\/a><\/figure>\n\n\n\n<figure class=\"wp-block-image size-full\"><a href=\"https:\/\/www.berrua.com\/wp-content\/uploads\/2021\/12\/camping-navette-plage-bidart.jpg\"><img decoding=\"async\" width=\"1200\" height=\"800\" src=\"https:\/\/www.berrua.com\/wp-content\/uploads\/2021\/12\/camping-navette-plage-bidart.jpg\" alt=\"camping navette plage bidart\" class=\"wp-image-11217\" srcset=\"https:\/\/www.berrua.com\/wp-content\/uploads\/2021\/12\/camping-navette-plage-bidart.jpg 1200w, https:\/\/www.berrua.com\/wp-content\/uploads\/2021\/12\/camping-navette-plage-bidart-300x200.jpg 300w, https:\/\/www.berrua.com\/wp-content\/uploads\/2021\/12\/camping-navette-plage-bidart-1024x683.jpg 1024w, https:\/\/www.berrua.com\/wp-content\/uploads\/2021\/12\/camping-navette-plage-bidart-768x512.jpg 768w\" sizes=\"(max-width: 1200px) 100vw, 1200px\" \/><\/a><\/figure>\n<\/div>\n\n\n\n<div class=\"wp-block-column is-vertically-aligned-center is-layout-flow wp-block-column-is-layout-flow\">\n<figure class=\"wp-block-image size-full\"><a href=\"https:\/\/www.berrua.com\/wp-content\/uploads\/2021\/11\/camping-navette-centre-bidartt.jpg\"><img decoding=\"async\" width=\"800\" height=\"1200\" src=\"https:\/\/www.berrua.com\/wp-content\/uploads\/2021\/11\/camping-navette-centre-bidartt.jpg\" alt=\"camping navette centre bidart\" class=\"wp-image-11193\" srcset=\"https:\/\/www.berrua.com\/wp-content\/uploads\/2021\/11\/camping-navette-centre-bidartt.jpg 800w, https:\/\/www.berrua.com\/wp-content\/uploads\/2021\/11\/camping-navette-centre-bidartt-200x300.jpg 200w, https:\/\/www.berrua.com\/wp-content\/uploads\/2021\/11\/camping-navette-centre-bidartt-683x1024.jpg 683w, https:\/\/www.berrua.com\/wp-content\/uploads\/2021\/11\/camping-navette-centre-bidartt-768x1152.jpg 768w\" sizes=\"(max-width: 800px) 100vw, 800px\" \/><\/a><\/figure>\n<\/div>\n\n\n\n<div class=\"wp-block-column is-vertically-aligned-center is-layout-flow wp-block-column-is-layout-flow\">\n<figure class=\"wp-block-image size-full\"><a href=\"https:\/\/www.berrua.com\/wp-content\/uploads\/2021\/11\/camping-navette-bidart-biarritz.jpg\"><img decoding=\"async\" width=\"800\" height=\"1200\" src=\"https:\/\/www.berrua.com\/wp-content\/uploads\/2021\/11\/camping-navette-bidart-biarritz.jpg\" alt=\"camping navette bidart biarritz\" class=\"wp-image-11199\" srcset=\"https:\/\/www.berrua.com\/wp-content\/uploads\/2021\/11\/camping-navette-bidart-biarritz.jpg 800w, https:\/\/www.berrua.com\/wp-content\/uploads\/2021\/11\/camping-navette-bidart-biarritz-200x300.jpg 200w, https:\/\/www.berrua.com\/wp-content\/uploads\/2021\/11\/camping-navette-bidart-biarritz-683x1024.jpg 683w, https:\/\/www.berrua.com\/wp-content\/uploads\/2021\/11\/camping-navette-bidart-biarritz-768x1152.jpg 768w\" sizes=\"(max-width: 800px) 100vw, 800px\" \/><\/a><\/figure>\n<\/div>\n<\/div>\n\n\n    <\/div>\n<\/section>\n\n<section id=\"ls-section-block_aaad6cfa3579a17b1ffe65356b4aaf50\" class=\"ls-section \" >\n        <div class=\"container container--wide\">\n        \n\n<h2 class=\"ls__heading wp-block-heading has-text-align-center ls__heading-undefined has-p-t p-t-5\"><mark style=\"background-color:rgba(0, 0, 0, 0)\" class=\"has-inline-color has-color-1-color\">WASCHSALON<\/mark><\/h2>\n\n\n\n<p class=\"ls-paragraph ls__paragraph\">W\u00e4hrend Ihres Aufenthalts auf unserem&nbsp;<a href=\"\/de\/\">Campingplatz im Baskenland<\/a>&nbsp;stehen Ihnen 1 Diese W\u00e4schereien sind mit Waschmaschinen und Trocknern ausgestattet und eignen sich perfekt f\u00fcr Ihre Bed\u00fcrfnisse und besonders f\u00fcr Camper, die ihr eigenes Gesch\u00e4ft betreiben k\u00f6nnen. F\u00fcr Familien mit Kindern k\u00f6nnen diese W\u00e4schepunkte auch sehr n\u00fctzlich sein. Um all diese hochwertigen Dienstleistungen in Anspruch zu nehmen, z\u00f6gern Sie nicht und buchen Sie jetzt Ihre Unterkunft in unserem 4-Sterne-Campingplatz im Herzen des Baskenlandes.<\/p>\n\n\n\n<p class=\"ls-paragraph\">Nur M\u00fcnzen werden angenommen:<\/p>\n\n\n\n<ul class=\"ls-list ls-list-undefined ls__list-undefined wp-block-list\">\n<li>Waschmaschine: 6.50 \u20ac<\/li>\n\n\n\n<li>Trockner: 5 \u20ac<\/li>\n<\/ul>\n\n\n    <\/div>\n<\/section>\n\n<section id=\"ls-section-block_841cfd1fd81f03bfe8bec3ae797cbd15\" class=\"ls-section  page-cta\" >\n        <div class=\"container container--wide\">\n        \n\n<div id=\"ls-heading ls-titre-div-block_ba86d69b0b5aaf775c7f17a7ec8b603f\" class=\"ls-titre-div titre-cta ls__heading-undefined title-deco has-inline-color has-color-1-color aligncenter h2-like\" >\n    ENTDECKEN SIE DIE DIENSTLEISTUNGEN DES CAMPINGPLATZES<\/div>\n\n\n\n<div class=\"wp-block-columns Le bar la Txalupa, situ\u00e9 au bord de piscine, dot\u00e9 d\u2019une tr\u00e8s belle terrasse, vous proposera, salades , sandwich, panini, cr\u00eapes et gaufres, tout long journ\u00e9e. Pourquoi ne pas siroter un petit ap\u00e9ritif avec quelques tapas??? Durant journ\u00e9e en haute saison, Txalupa accueille chaleureusement sur sa terrasse qui surplombe lieu rencontre d\u00e9tente. surplombant piscine. is-layout-flex wp-container-core-columns-is-layout-9d6595d7 wp-block-columns-is-layout-flex\">\n<div class=\"wp-block-column ls-cta is-layout-flow wp-block-column-is-layout-flow\">\n<div id=\"ls-cta-block_af7f31100ad20ba9b0eec39f3498bfd4\" class=\"ls-cta\">  \n    \n\n<a href=\"\/camping-4-etoiles-pays-basque\/reception-camping-pays-basque\/\" target=\"\" rel=\"noopener\" class=\"ls-cta__link\" data-categ=\"\">\n\t<div class=\"ls-cta__image\"><img decoding=\"async\" src=\"https:\/\/www.berrua.com\/wp-content\/uploads\/2021\/12\/camping-4-etoiles-pyrenees-atlantiques-1.jpg\" alt=\"camping 4 etoiles pyrenees atlantiques\"><\/div>\n\t<div class=\"ls-cta__title\">\n\t\tDer Empfang\t<\/div>\n\n\t<\/a><\/div><\/div>\n\n\n\n<div class=\"wp-block-column is-layout-flow wp-block-column-is-layout-flow\">\n<div id=\"ls-cta-block_619871825abd0e7c41ab833903f41a05\" class=\"ls-cta\">  \n    \n\n<a href=\"https:\/\/www.berrua.com\/de\/4-sterren-camping-baskenland\/ausstattung-services-des-campingplatzes-im-baskenland\/\" target=\"\" rel=\"noopener\" class=\"ls-cta__link\" data-categ=\"\">\n\t<div class=\"ls-cta__image\"><img decoding=\"async\" src=\"https:\/\/www.berrua.com\/wp-content\/uploads\/2021\/12\/camping-alimentation-generale-bidart.jpg\" alt=\"camping alimentation generale bidart\"><\/div>\n\t<div class=\"ls-cta__title\">\n\t\tErn\u00e4hrung\t<\/div>\n\n\t<\/a><\/div><\/div>\n\n\n\n<div class=\"wp-block-column is-layout-flow wp-block-column-is-layout-flow\">\n<div id=\"ls-cta-block_52fbe4dbacd5a3908744ba35451d7145\" class=\"ls-cta\">  \n    \n\n<a href=\"\/camping-4-etoiles-pays-basque\/camping-avec-restaurant-pays-basque\/\" target=\"\" rel=\"noopener\" class=\"ls-cta__link\" data-categ=\"\">\n\t<div class=\"ls-cta__image\"><img decoding=\"async\" src=\"https:\/\/www.berrua.com\/wp-content\/uploads\/2021\/12\/restaurant-pizzeria-bidart-1.jpg\" alt=\"restaurant pizzeria bidart\"><\/div>\n\t<div class=\"ls-cta__title\">\n\t\tRestaurant\t<\/div>\n\n\t<\/a><\/div><\/div>\n<\/div>\n\n\n    <\/div>\n<\/section>","protected":false},"excerpt":{"rendered":"","protected":false},"author":1,"featured_media":989224,"parent":15364,"menu_order":0,"comment_status":"closed","ping_status":"closed","template":"","meta":{"_acf_changed":false,"inline_featured_image":false,"footnotes":""},"sujet":[],"class_list":["post-13549","page","type-page","status-publish","has-post-thumbnail","hentry"],"acf":[],"yoast_head":"<!-- This site is optimized with the Yoast SEO plugin v26.2 - https:\/\/yoast.com\/wordpress\/plugins\/seo\/ -->\n<title>Berrua Campingplatz Dienstleistungen: Wohnmobil Terminal, W\u00e4scherei, Essen<\/title>\n<meta name=\"description\" content=\"Entdecken Sie alle Dienstleistungen des Campingplatzes Berrua im Baskenland\" \/>\n<meta name=\"robots\" content=\"index, follow, max-snippet:-1, max-image-preview:large, max-video-preview:-1\" \/>\n<link rel=\"canonical\" href=\"https:\/\/www.berrua.com\/de\/4-sterren-camping-baskenland\/ausstattung-services-des-campingplatzes-im-baskenland\/\" \/>\n<meta property=\"og:locale\" content=\"de_DE\" \/>\n<meta property=\"og:type\" content=\"article\" \/>\n<meta property=\"og:title\" content=\"Berrua Campingplatz Dienstleistungen: Wohnmobil Terminal, W\u00e4scherei, Essen\" \/>\n<meta property=\"og:description\" content=\"Entdecken Sie alle Dienstleistungen des Campingplatzes Berrua im Baskenland\" \/>\n<meta property=\"og:url\" content=\"https:\/\/www.berrua.com\/de\/4-sterren-camping-baskenland\/ausstattung-services-des-campingplatzes-im-baskenland\/\" \/>\n<meta property=\"og:site_name\" content=\"Domaine Berrua\" \/>\n<meta property=\"article:modified_time\" content=\"2023-11-02T13:52:11+00:00\" \/>\n<meta property=\"og:image\" content=\"https:\/\/www.berrua.com\/wp-content\/uploads\/2023\/11\/reception-berrua.jpg\" \/>\n\t<meta property=\"og:image:width\" content=\"2048\" \/>\n\t<meta property=\"og:image:height\" content=\"450\" \/>\n\t<meta property=\"og:image:type\" content=\"image\/jpeg\" \/>\n<meta name=\"twitter:card\" content=\"summary_large_image\" \/>\n<meta name=\"twitter:label1\" content=\"Gesch\u00e4tzte Lesezeit\" \/>\n\t<meta name=\"twitter:data1\" content=\"2\u00a0Minuten\" \/>\n<script type=\"application\/ld+json\" class=\"yoast-schema-graph\">{\"@context\":\"https:\/\/schema.org\",\"@graph\":[{\"@type\":\"WebPage\",\"@id\":\"https:\/\/www.berrua.com\/de\/4-sterren-camping-baskenland\/ausstattung-services-des-campingplatzes-im-baskenland\/\",\"url\":\"https:\/\/www.berrua.com\/de\/4-sterren-camping-baskenland\/ausstattung-services-des-campingplatzes-im-baskenland\/\",\"name\":\"Berrua Campingplatz Dienstleistungen: Wohnmobil Terminal, W\u00e4scherei, Essen\",\"isPartOf\":{\"@id\":\"https:\/\/www.berrua.com\/de\/#website\"},\"primaryImageOfPage\":{\"@id\":\"https:\/\/www.berrua.com\/de\/4-sterren-camping-baskenland\/ausstattung-services-des-campingplatzes-im-baskenland\/#primaryimage\"},\"image\":{\"@id\":\"https:\/\/www.berrua.com\/de\/4-sterren-camping-baskenland\/ausstattung-services-des-campingplatzes-im-baskenland\/#primaryimage\"},\"thumbnailUrl\":\"https:\/\/www.berrua.com\/wp-content\/uploads\/2023\/11\/reception-berrua.jpg\",\"datePublished\":\"2021-10-20T14:07:53+00:00\",\"dateModified\":\"2023-11-02T13:52:11+00:00\",\"description\":\"Entdecken Sie alle Dienstleistungen des Campingplatzes Berrua im Baskenland\",\"breadcrumb\":{\"@id\":\"https:\/\/www.berrua.com\/de\/4-sterren-camping-baskenland\/ausstattung-services-des-campingplatzes-im-baskenland\/#breadcrumb\"},\"inLanguage\":\"de\",\"potentialAction\":[{\"@type\":\"ReadAction\",\"target\":[\"https:\/\/www.berrua.com\/de\/4-sterren-camping-baskenland\/ausstattung-services-des-campingplatzes-im-baskenland\/\"]}]},{\"@type\":\"ImageObject\",\"inLanguage\":\"de\",\"@id\":\"https:\/\/www.berrua.com\/de\/4-sterren-camping-baskenland\/ausstattung-services-des-campingplatzes-im-baskenland\/#primaryimage\",\"url\":\"https:\/\/www.berrua.com\/wp-content\/uploads\/2023\/11\/reception-berrua.jpg\",\"contentUrl\":\"https:\/\/www.berrua.com\/wp-content\/uploads\/2023\/11\/reception-berrua.jpg\",\"width\":2048,\"height\":450,\"caption\":\"reception-berrua\"},{\"@type\":\"BreadcrumbList\",\"@id\":\"https:\/\/www.berrua.com\/de\/4-sterren-camping-baskenland\/ausstattung-services-des-campingplatzes-im-baskenland\/#breadcrumb\",\"itemListElement\":[{\"@type\":\"ListItem\",\"position\":1,\"name\":\"Camping Bidart au Pays Basque\",\"item\":\"https:\/\/www.berrua.com\/de\/\"},{\"@type\":\"ListItem\",\"position\":2,\"name\":\"4-STERREN CAMPINGPLATZ BASKENLAND\",\"item\":\"https:\/\/www.berrua.com\/de\/4-sterren-camping-baskenland\/\"},{\"@type\":\"ListItem\",\"position\":3,\"name\":\"AUSSTATTUNG\/SERVICES\"}]},{\"@type\":\"WebSite\",\"@id\":\"https:\/\/www.berrua.com\/de\/#website\",\"url\":\"https:\/\/www.berrua.com\/de\/\",\"name\":\"Domaine Berrua\",\"description\":\"\",\"publisher\":{\"@id\":\"https:\/\/www.berrua.com\/de\/#organization\"},\"potentialAction\":[{\"@type\":\"SearchAction\",\"target\":{\"@type\":\"EntryPoint\",\"urlTemplate\":\"https:\/\/www.berrua.com\/de\/?s={search_term_string}\"},\"query-input\":{\"@type\":\"PropertyValueSpecification\",\"valueRequired\":true,\"valueName\":\"search_term_string\"}}],\"inLanguage\":\"de\"},{\"@type\":\"Organization\",\"@id\":\"https:\/\/www.berrua.com\/de\/#organization\",\"name\":\"Camping Berrua\",\"url\":\"https:\/\/www.berrua.com\/de\/\",\"logo\":{\"@type\":\"ImageObject\",\"inLanguage\":\"de\",\"@id\":\"https:\/\/www.berrua.com\/de\/#\/schema\/logo\/image\/\",\"url\":\"https:\/\/www.berrua.com\/wp-content\/uploads\/2022\/01\/berrua.jpg\",\"contentUrl\":\"https:\/\/www.berrua.com\/wp-content\/uploads\/2022\/01\/berrua.jpg\",\"width\":321,\"height\":231,\"caption\":\"Camping Berrua\"},\"image\":{\"@id\":\"https:\/\/www.berrua.com\/de\/#\/schema\/logo\/image\/\"}}]}<\/script>\n<!-- \/ Yoast SEO plugin. -->","yoast_head_json":{"title":"Berrua Campingplatz Dienstleistungen: Wohnmobil Terminal, W\u00e4scherei, Essen","description":"Entdecken Sie alle Dienstleistungen des Campingplatzes Berrua im Baskenland","robots":{"index":"index","follow":"follow","max-snippet":"max-snippet:-1","max-image-preview":"max-image-preview:large","max-video-preview":"max-video-preview:-1"},"canonical":"https:\/\/www.berrua.com\/de\/4-sterren-camping-baskenland\/ausstattung-services-des-campingplatzes-im-baskenland\/","og_locale":"de_DE","og_type":"article","og_title":"Berrua Campingplatz Dienstleistungen: Wohnmobil Terminal, W\u00e4scherei, Essen","og_description":"Entdecken Sie alle Dienstleistungen des Campingplatzes Berrua im Baskenland","og_url":"https:\/\/www.berrua.com\/de\/4-sterren-camping-baskenland\/ausstattung-services-des-campingplatzes-im-baskenland\/","og_site_name":"Domaine Berrua","article_modified_time":"2023-11-02T13:52:11+00:00","og_image":[{"width":2048,"height":450,"url":"https:\/\/www.berrua.com\/wp-content\/uploads\/2023\/11\/reception-berrua.jpg","type":"image\/jpeg"}],"twitter_card":"summary_large_image","twitter_misc":{"Gesch\u00e4tzte Lesezeit":"2\u00a0Minuten"},"schema":{"@context":"https:\/\/schema.org","@graph":[{"@type":"WebPage","@id":"https:\/\/www.berrua.com\/de\/4-sterren-camping-baskenland\/ausstattung-services-des-campingplatzes-im-baskenland\/","url":"https:\/\/www.berrua.com\/de\/4-sterren-camping-baskenland\/ausstattung-services-des-campingplatzes-im-baskenland\/","name":"Berrua Campingplatz Dienstleistungen: Wohnmobil Terminal, W\u00e4scherei, Essen","isPartOf":{"@id":"https:\/\/www.berrua.com\/de\/#website"},"primaryImageOfPage":{"@id":"https:\/\/www.berrua.com\/de\/4-sterren-camping-baskenland\/ausstattung-services-des-campingplatzes-im-baskenland\/#primaryimage"},"image":{"@id":"https:\/\/www.berrua.com\/de\/4-sterren-camping-baskenland\/ausstattung-services-des-campingplatzes-im-baskenland\/#primaryimage"},"thumbnailUrl":"https:\/\/www.berrua.com\/wp-content\/uploads\/2023\/11\/reception-berrua.jpg","datePublished":"2021-10-20T14:07:53+00:00","dateModified":"2023-11-02T13:52:11+00:00","description":"Entdecken Sie alle Dienstleistungen des Campingplatzes Berrua im Baskenland","breadcrumb":{"@id":"https:\/\/www.berrua.com\/de\/4-sterren-camping-baskenland\/ausstattung-services-des-campingplatzes-im-baskenland\/#breadcrumb"},"inLanguage":"de","potentialAction":[{"@type":"ReadAction","target":["https:\/\/www.berrua.com\/de\/4-sterren-camping-baskenland\/ausstattung-services-des-campingplatzes-im-baskenland\/"]}]},{"@type":"ImageObject","inLanguage":"de","@id":"https:\/\/www.berrua.com\/de\/4-sterren-camping-baskenland\/ausstattung-services-des-campingplatzes-im-baskenland\/#primaryimage","url":"https:\/\/www.berrua.com\/wp-content\/uploads\/2023\/11\/reception-berrua.jpg","contentUrl":"https:\/\/www.berrua.com\/wp-content\/uploads\/2023\/11\/reception-berrua.jpg","width":2048,"height":450,"caption":"reception-berrua"},{"@type":"BreadcrumbList","@id":"https:\/\/www.berrua.com\/de\/4-sterren-camping-baskenland\/ausstattung-services-des-campingplatzes-im-baskenland\/#breadcrumb","itemListElement":[{"@type":"ListItem","position":1,"name":"Camping Bidart au Pays Basque","item":"https:\/\/www.berrua.com\/de\/"},{"@type":"ListItem","position":2,"name":"4-STERREN CAMPINGPLATZ BASKENLAND","item":"https:\/\/www.berrua.com\/de\/4-sterren-camping-baskenland\/"},{"@type":"ListItem","position":3,"name":"AUSSTATTUNG\/SERVICES"}]},{"@type":"WebSite","@id":"https:\/\/www.berrua.com\/de\/#website","url":"https:\/\/www.berrua.com\/de\/","name":"Domaine Berrua","description":"","publisher":{"@id":"https:\/\/www.berrua.com\/de\/#organization"},"potentialAction":[{"@type":"SearchAction","target":{"@type":"EntryPoint","urlTemplate":"https:\/\/www.berrua.com\/de\/?s={search_term_string}"},"query-input":{"@type":"PropertyValueSpecification","valueRequired":true,"valueName":"search_term_string"}}],"inLanguage":"de"},{"@type":"Organization","@id":"https:\/\/www.berrua.com\/de\/#organization","name":"Camping Berrua","url":"https:\/\/www.berrua.com\/de\/","logo":{"@type":"ImageObject","inLanguage":"de","@id":"https:\/\/www.berrua.com\/de\/#\/schema\/logo\/image\/","url":"https:\/\/www.berrua.com\/wp-content\/uploads\/2022\/01\/berrua.jpg","contentUrl":"https:\/\/www.berrua.com\/wp-content\/uploads\/2022\/01\/berrua.jpg","width":321,"height":231,"caption":"Camping Berrua"},"image":{"@id":"https:\/\/www.berrua.com\/de\/#\/schema\/logo\/image\/"}}]}},"_links":{"self":[{"href":"https:\/\/www.berrua.com\/de\/wp-json\/wp\/v2\/pages\/13549","targetHints":{"allow":["GET"]}}],"collection":[{"href":"https:\/\/www.berrua.com\/de\/wp-json\/wp\/v2\/pages"}],"about":[{"href":"https:\/\/www.berrua.com\/de\/wp-json\/wp\/v2\/types\/page"}],"author":[{"embeddable":true,"href":"https:\/\/www.berrua.com\/de\/wp-json\/wp\/v2\/users\/1"}],"replies":[{"embeddable":true,"href":"https:\/\/www.berrua.com\/de\/wp-json\/wp\/v2\/comments?post=13549"}],"version-history":[{"count":16,"href":"https:\/\/www.berrua.com\/de\/wp-json\/wp\/v2\/pages\/13549\/revisions"}],"predecessor-version":[{"id":989238,"href":"https:\/\/www.berrua.com\/de\/wp-json\/wp\/v2\/pages\/13549\/revisions\/989238"}],"up":[{"embeddable":true,"href":"https:\/\/www.berrua.com\/de\/wp-json\/wp\/v2\/pages\/15364"}],"wp:featuredmedia":[{"embeddable":true,"href":"https:\/\/www.berrua.com\/de\/wp-json\/wp\/v2\/media\/989224"}],"wp:attachment":[{"href":"https:\/\/www.berrua.com\/de\/wp-json\/wp\/v2\/media?parent=13549"}],"wp:term":[{"taxonomy":"sujet","embeddable":true,"href":"https:\/\/www.berrua.com\/de\/wp-json\/wp\/v2\/sujet?post=13549"}],"curies":[{"name":"wp","href":"https:\/\/api.w.org\/{rel}","templated":true}]}}